




{"id":9898,"date":"2015-03-12T12:40:48","date_gmt":"2015-03-12T11:40:48","guid":{"rendered":"https:\/\/camptecnologico.com\/inicio\/?page_id=9898"},"modified":"2019-01-23T11:30:38","modified_gmt":"2019-01-23T10:30:38","slug":"impresion-3d-diseno-digital","status":"publish","type":"page","link":"https:\/\/camptecnologico.com\/inicio\/impresion-3d-diseno-digital\/","title":{"rendered":"Dise\u00f1o Digital e Impresi\u00f3n 3D"},"content":{"rendered":"<div class=\"row\" style=\"margin-left:50px\">\r\n\r\n<h2>La tecnolog\u00eda de moda para dise\u00f1ar e imprimir una pieza 3D<\/h2>\r\n&nbsp;\r\n<table border=\"0\" width=\"650\">\r\n<tbody>\r\n<tr>\r\n<th><img loading=\"lazy\" decoding=\"async\" class=\"size-full wp-image-1747\" title=\"Impresion3D\" src=\"https:\/\/camptecnologico.com\/inicio\/wp-content\/uploads\/2015\/03\/impresora.jpg\" alt=\"\" width=\"376\" height=\"327\" \/><\/th>\r\n<th><img loading=\"lazy\" decoding=\"async\" class=\"size-full wp-image-1747\" title=\"Impresion3D\" src=\"https:\/\/camptecnologico.com\/inicio\/wp-content\/uploads\/2015\/03\/impresora21.jpg\" alt=\"\" width=\"250\" height=\"250\" \/><\/th>\r\n<\/tr>\r\n<\/tbody>\r\n<\/table>\r\n<br \/>\r\n\r\n&nbsp;\r\n<p style=\"text-align:justify; font-size: x-large; color:#000000;\"><strong>\u00bfQu\u00e9 es una impresora 3D?<\/strong><\/p>\r\n<p style=\"text-align:justify;\">Una <span style=\"color:#000000;\"><strong>impresora 3D<\/strong><\/span> es una m\u00e1quina capaz de realizar \u201cimpresiones\u201d de dise\u00f1os en 3D, creando piezas o maquetas volum\u00e9tricas a partir de un dise\u00f1o hecho por ordenador, es decir, es capaz de <span style=\"color:#000000;\"><strong>convertir un archivo digital en un objeto f\u00edsico.<\/strong><\/span><\/p>\r\n<br \/>\r\n<p style=\"text-align:justify; font-size: x-large; color:#000000;\"><strong>Dirigido a:<\/strong><\/p>\r\n<p style=\"text-align:justify;\">Taller pensado para dar rienda suelta a la creatividad e imaginaci\u00f3n de la siguiente generaci\u00f3n de creadores: ni\u00f1os\/as de <span style=\"color:#000000;\"><strong>10 a 16 a\u00f1os<\/strong><\/span> a los que les guste jugar, imaginar y dibujar.<\/p>\r\n<br \/>\r\n<p style=\"text-align:justify; font-size: x-large; color:#000000;\"><strong>Objetivos:<\/strong><\/p>\r\n<p style=\"text-align:justify;\">Conocer varios programas de edici\u00f3n de modelaje en 3D para poder combinar formas y vol\u00famenes en el ordenador hasta conseguir dise\u00f1ar figuras para luego imprimirlas con una impresora 3D.<\/p>\r\n\r\n<p style=\"text-align:justify;\">De esta forma se conseguir\u00e1 que las pr\u00f3ximas generaciones dejen de ser s\u00f3lo consumidores y pasen a ser parte activa en el proceso de creacio\u0301n de los objetos que consumimos habitualmente.<\/p>\r\n\r\n<p style=\"text-align:justify;\">Fomentaremos la <span style=\"color:#000000;\"><strong>creatividad<\/strong><\/span>, la <span style=\"color:#000000;\"><strong>libre eleccio\u0301n<\/strong><\/span> y la <span style=\"color:#000000;\"><strong>innovaci\u00f3n<\/strong><\/span> para hacerles ver que pueden construir el mundo que les rodea.<\/p>\r\n<br \/>\r\n<p style=\"text-align:justify; font-size: x-large; color:#000000;\"><strong>\u00bfPara qu\u00e9 va a querer la gente una impresora 3D?<\/strong><\/p>\r\n\r\n<p style=\"text-align:justify;\"><em>\u201cLa impresi\u00f3n en 3D hace tan accesible crear items de a uno, como producirlos de a miles, y por ende sabotea las econom\u00edas de escala. Puede provocar un cambio tan importante en el mundo como lo fue la introducci\u00f3n de las f\u00e1bricas\u2026 As\u00ed como nadie pudo predecir el impacto del motor de vapor en 1750 o de la prensa en 1450 o el transistor en 1950, es imposible predecir el impacto a largo plazo de la impresi\u00f3n en 3D. Pero la tecnolog\u00eda est\u00e1, y cambiar\u00e1 cada campo de acci\u00f3n en el que se utilice.\u201d<\/em><strong>   The Economist.<\/strong><\/p>\r\n<br \/>\r\n<p style=\"text-align:justify; font-size: large; color:#000000;\"><strong>No te pierdas un video sobre uno de nuestros talleres:<\/strong><\/p>\r\n<iframe loading=\"lazy\" width=\"560\" height=\"315\" src=\"\/\/www.youtube.com\/embed\/O-nC3xB1FE4\" frameborder=\"0\" allowfullscreen><\/iframe>\r\n\r\n<\/div>","protected":false},"excerpt":{"rendered":"La tecnolog\u00eda de moda para dise\u00f1ar e imprimir una pieza 3D &nbsp; &nbsp; \u00bfQu\u00e9 es una impresora 3D? Una impresora 3D es una m\u00e1quina capaz de realizar \u201cimpresiones\u201d de dise\u00f1os en 3D, creando piezas o maquetas volum\u00e9tricas a partir de un dise\u00f1o hecho por ordenador, es decir, es capaz de convertir un archivo digital en [&hellip;]","protected":false},"author":27,"featured_media":49704,"parent":0,"menu_order":0,"comment_status":"open","ping_status":"closed","template":"template-right.php","meta":{"footnotes":"","_links_to":"","_links_to_target":""},"class_list":["post-9898","page","type-page","status-publish","has-post-thumbnail","hentry"],"yoast_head":"<!-- This site is optimized with the Yoast SEO plugin v22.6 - https:\/\/yoast.com\/wordpress\/plugins\/seo\/ -->\n<title>Dise\u00f1o Digital e Impresi\u00f3n 3D | Camp Tecnologico<\/title>\n<meta name=\"description\" content=\"La tecnolog\u00eda de moda para dise\u00f1ar e imprimir una pieza 3D &nbsp; &nbsp; \u00bfQu\u00e9 es una impresora 3D? Una impresora 3D es una m\u00e1quina capaz de realizar\" \/>\n<meta name=\"robots\" content=\"noindex, follow, max-snippet:-1, max-image-preview:large, max-video-preview:-1\" \/>\n<meta property=\"og:locale\" content=\"es_ES\" \/>\n<meta property=\"og:type\" content=\"article\" \/>\n<meta property=\"og:title\" content=\"Dise\u00f1o Digital e Impresi\u00f3n 3D | Camp Tecnologico\" \/>\n<meta property=\"og:description\" content=\"La tecnolog\u00eda de moda para dise\u00f1ar e imprimir una pieza 3D &nbsp; &nbsp; \u00bfQu\u00e9 es una impresora 3D? Una impresora 3D es una m\u00e1quina capaz de realizar\" \/>\n<meta property=\"og:url\" content=\"https:\/\/camptecnologico.com\/inicio\/impresion-3d-diseno-digital\/\" \/>\n<meta property=\"og:site_name\" content=\"Camp Tecnologico\" \/>\n<meta property=\"article:publisher\" content=\"https:\/\/www.facebook.com\/camptecnologico\/\" \/>\n<meta property=\"article:modified_time\" content=\"2019-01-23T10:30:38+00:00\" \/>\n<meta property=\"og:image\" content=\"https:\/\/camptecnologico.com\/inicio\/wp-content\/uploads\/industry-4.0camptec-1.jpg\" \/>\n\t<meta property=\"og:image:width\" content=\"400\" \/>\n\t<meta property=\"og:image:height\" content=\"235\" \/>\n\t<meta property=\"og:image:type\" content=\"image\/jpeg\" \/>\n<meta name=\"twitter:card\" content=\"summary_large_image\" \/>\n<meta name=\"twitter:site\" content=\"@CampTecnologico\" \/>\n<meta name=\"twitter:label1\" content=\"Tiempo de lectura\" \/>\n\t<meta name=\"twitter:data1\" content=\"2 minutos\" \/>\n<!-- \/ Yoast SEO plugin. -->","yoast_head_json":{"title":"Dise\u00f1o Digital e Impresi\u00f3n 3D | Camp Tecnologico","description":"La tecnolog\u00eda de moda para dise\u00f1ar e imprimir una pieza 3D &nbsp; &nbsp; \u00bfQu\u00e9 es una impresora 3D? Una impresora 3D es una m\u00e1quina capaz de realizar","robots":{"index":"noindex","follow":"follow","max-snippet":"max-snippet:-1","max-image-preview":"max-image-preview:large","max-video-preview":"max-video-preview:-1"},"og_locale":"es_ES","og_type":"article","og_title":"Dise\u00f1o Digital e Impresi\u00f3n 3D | Camp Tecnologico","og_description":"La tecnolog\u00eda de moda para dise\u00f1ar e imprimir una pieza 3D &nbsp; &nbsp; \u00bfQu\u00e9 es una impresora 3D? Una impresora 3D es una m\u00e1quina capaz de realizar","og_url":"https:\/\/camptecnologico.com\/inicio\/impresion-3d-diseno-digital\/","og_site_name":"Camp Tecnologico","article_publisher":"https:\/\/www.facebook.com\/camptecnologico\/","article_modified_time":"2019-01-23T10:30:38+00:00","og_image":[{"width":400,"height":235,"url":"https:\/\/camptecnologico.com\/inicio\/wp-content\/uploads\/industry-4.0camptec-1.jpg","type":"image\/jpeg"}],"twitter_card":"summary_large_image","twitter_site":"@CampTecnologico","twitter_misc":{"Tiempo de lectura":"2 minutos"},"schema":{"@context":"https:\/\/schema.org","@graph":[{"@type":"WebPage","@id":"https:\/\/camptecnologico.com\/inicio\/impresion-3d-diseno-digital\/","url":"https:\/\/camptecnologico.com\/inicio\/impresion-3d-diseno-digital\/","name":"Dise\u00f1o Digital e Impresi\u00f3n 3D | Camp Tecnologico","isPartOf":{"@id":"https:\/\/camptecnologico.com\/inicio\/#website"},"primaryImageOfPage":{"@id":"https:\/\/camptecnologico.com\/inicio\/impresion-3d-diseno-digital\/#primaryimage"},"image":{"@id":"https:\/\/camptecnologico.com\/inicio\/impresion-3d-diseno-digital\/#primaryimage"},"thumbnailUrl":"https:\/\/camptecnologico.com\/inicio\/wp-content\/uploads\/industry-4.0camptec-1.jpg","datePublished":"2015-03-12T11:40:48+00:00","dateModified":"2019-01-23T10:30:38+00:00","description":"La tecnolog\u00eda de moda para dise\u00f1ar e imprimir una pieza 3D &nbsp; &nbsp; \u00bfQu\u00e9 es una impresora 3D? Una impresora 3D es una m\u00e1quina capaz de realizar","breadcrumb":{"@id":"https:\/\/camptecnologico.com\/inicio\/impresion-3d-diseno-digital\/#breadcrumb"},"inLanguage":"es","potentialAction":[{"@type":"ReadAction","target":["https:\/\/camptecnologico.com\/inicio\/impresion-3d-diseno-digital\/"]}]},{"@type":"ImageObject","inLanguage":"es","@id":"https:\/\/camptecnologico.com\/inicio\/impresion-3d-diseno-digital\/#primaryimage","url":"https:\/\/camptecnologico.com\/inicio\/wp-content\/uploads\/industry-4.0camptec-1.jpg","contentUrl":"https:\/\/camptecnologico.com\/inicio\/wp-content\/uploads\/industry-4.0camptec-1.jpg","width":400,"height":235},{"@type":"BreadcrumbList","@id":"https:\/\/camptecnologico.com\/inicio\/impresion-3d-diseno-digital\/#breadcrumb","itemListElement":[{"@type":"ListItem","position":1,"name":"Home","item":"https:\/\/camptecnologico.com\/"},{"@type":"ListItem","position":2,"name":"Dise\u00f1o Digital e Impresi\u00f3n 3D"}]},{"@type":"WebSite","@id":"https:\/\/camptecnologico.com\/inicio\/#website","url":"https:\/\/camptecnologico.com\/inicio\/","name":"Camp Tecnologico","description":"Campamento tecnol\u00f3gico para ni\u00f1os y j\u00f3venes. Tecnolog\u00eda para ni\u00f1os. Minecraft.","publisher":{"@id":"https:\/\/camptecnologico.com\/inicio\/#organization"},"potentialAction":[{"@type":"SearchAction","target":{"@type":"EntryPoint","urlTemplate":"https:\/\/camptecnologico.com\/inicio\/?s={search_term_string}"},"query-input":"required name=search_term_string"}],"inLanguage":"es"},{"@type":"Organization","@id":"https:\/\/camptecnologico.com\/inicio\/#organization","name":"Camp Tecnol\u00f3gico","url":"https:\/\/camptecnologico.com\/inicio\/","logo":{"@type":"ImageObject","inLanguage":"es","@id":"https:\/\/camptecnologico.com\/inicio\/#\/schema\/logo\/image\/","url":"https:\/\/camptecnologico.com\/inicio\/wp-content\/uploads\/logo1.jpg","contentUrl":"https:\/\/camptecnologico.com\/inicio\/wp-content\/uploads\/logo1.jpg","width":120,"height":120,"caption":"Camp Tecnol\u00f3gico"},"image":{"@id":"https:\/\/camptecnologico.com\/inicio\/#\/schema\/logo\/image\/"},"sameAs":["https:\/\/www.facebook.com\/camptecnologico\/","https:\/\/x.com\/CampTecnologico","https:\/\/www.instagram.com\/camptecnologico\/","https:\/\/www.linkedin.com\/company\/camptecnol-gico","https:\/\/www.youtube.com\/user\/CampTecologico"]}]}},"_links":{"self":[{"href":"https:\/\/camptecnologico.com\/inicio\/wp-json\/wp\/v2\/pages\/9898","targetHints":{"allow":["GET"]}}],"collection":[{"href":"https:\/\/camptecnologico.com\/inicio\/wp-json\/wp\/v2\/pages"}],"about":[{"href":"https:\/\/camptecnologico.com\/inicio\/wp-json\/wp\/v2\/types\/page"}],"author":[{"embeddable":true,"href":"https:\/\/camptecnologico.com\/inicio\/wp-json\/wp\/v2\/users\/27"}],"replies":[{"embeddable":true,"href":"https:\/\/camptecnologico.com\/inicio\/wp-json\/wp\/v2\/comments?post=9898"}],"version-history":[{"count":6,"href":"https:\/\/camptecnologico.com\/inicio\/wp-json\/wp\/v2\/pages\/9898\/revisions"}],"predecessor-version":[{"id":36349,"href":"https:\/\/camptecnologico.com\/inicio\/wp-json\/wp\/v2\/pages\/9898\/revisions\/36349"}],"wp:featuredmedia":[{"embeddable":true,"href":"https:\/\/camptecnologico.com\/inicio\/wp-json\/wp\/v2\/media\/49704"}],"wp:attachment":[{"href":"https:\/\/camptecnologico.com\/inicio\/wp-json\/wp\/v2\/media?parent=9898"}],"curies":[{"name":"wp","href":"https:\/\/api.w.org\/{rel}","templated":true}]}}