




{"id":8745,"date":"2014-12-18T14:22:57","date_gmt":"2014-12-18T14:22:57","guid":{"rendered":"https:\/\/camptecnologico.com\/inicio\/?page_id=8745"},"modified":"2020-02-24T17:26:21","modified_gmt":"2020-02-24T16:26:21","slug":"programacion-videojuegos-scratch","status":"publish","type":"page","link":"https:\/\/camptecnologico.com\/inicio\/programacion-videojuegos-scratch\/","title":{"rendered":"Programaci\u00f3n de Videojuegos con Scratch"},"content":{"rendered":"<img loading=\"lazy\" decoding=\"async\" src=\"https:\/\/camptecnologico.com\/inicio\/wp-content\/uploads\/2015\/10\/programacion-videojuegos-scratch-745x271.jpg\" alt=\"programacion videojuegos scratch\" width=\"745\" height=\"271\" class=\"alignleft size-detalle-taller wp-image-15305\" srcset=\"https:\/\/camptecnologico.com\/inicio\/wp-content\/uploads\/2015\/10\/programacion-videojuegos-scratch.jpg 745w, https:\/\/camptecnologico.com\/inicio\/wp-content\/uploads\/2015\/10\/programacion-videojuegos-scratch-300x109.jpg 300w, https:\/\/camptecnologico.com\/inicio\/wp-content\/uploads\/2015\/10\/programacion-videojuegos-scratch-350x127.jpg 350w, https:\/\/camptecnologico.com\/inicio\/wp-content\/uploads\/2015\/10\/programacion-videojuegos-scratch-318x116.jpg 318w, https:\/\/camptecnologico.com\/inicio\/wp-content\/uploads\/2015\/10\/programacion-videojuegos-scratch-200x73.jpg 200w, https:\/\/camptecnologico.com\/inicio\/wp-content\/uploads\/2015\/10\/programacion-videojuegos-scratch-150x55.jpg 150w, https:\/\/camptecnologico.com\/inicio\/wp-content\/uploads\/2015\/10\/programacion-videojuegos-scratch-113x41.jpg 113w, https:\/\/camptecnologico.com\/inicio\/wp-content\/uploads\/2015\/10\/programacion-videojuegos-scratch-302x110.jpg 302w, https:\/\/camptecnologico.com\/inicio\/wp-content\/uploads\/2015\/10\/programacion-videojuegos-scratch-368x134.jpg 368w, https:\/\/camptecnologico.com\/inicio\/wp-content\/uploads\/2015\/10\/programacion-videojuegos-scratch-420x153.jpg 420w, https:\/\/camptecnologico.com\/inicio\/wp-content\/uploads\/2015\/10\/programacion-videojuegos-scratch-738x268.jpg 738w\" sizes=\"auto, (max-width: 745px) 100vw, 745px\" \/>\r\n\r\n<h3> Si te gustan los videojuegos, las animaciones y tienes imaginaci\u00f3n este es tu taller<\/h3>\r\n<p>No hay requisitos previos para este campus, s\u00f3lo se necesita una imaginaci\u00f3n activa e inter\u00e9s en las nuevas tecnolog\u00edas. Por eso, puedes elegir esta actividad tanto si ya conoces SCRATCH como si eres principiante.<\/p>\r\n<h4>\u00bfQu\u00e9 es SCRATCH?<\/h4>\r\n<p><a href=\"http:\/\/scratch.mit.edu\/\" title=\" Scratch \" target=\"_blank\" tabindex=\"1\" rel=\"noopener noreferrer\"> <b>Scratch<\/b><\/a> es un lenguaje de programaci\u00f3n que facilita la creaci\u00f3n de historias interactivas, animaciones, juegos m\u00fasica y arte. Es un proyecto del Instituto Tecnol\u00f3gico de Maschussets (MIT), destinado principalmente a los ni\u00f1os con el objetivo de iniciarlos y familiarizarlos con los conceptos de programaci\u00f3n de ordenadores mediante el uso de una sencilla interfaz gr\u00e1fica.<\/p>\r\n<p> Es una programaci\u00f3n que se realiza a trav\u00e9s de objetos y bloques de colores, consiguiendo que el m\u00e9todo sea muy visual e intuitivo. Esto permite que, a la vez que se va implementando el c\u00f3digo, se observe el resultado que se va obteniendo. Los bloques representan distintas acciones, que quedan enlazadas como si fuesen las piezas de un puzle.<\/p>\r\n\r\n<br \/>\r\n<h4>Se puede ir m\u00e1s lejos con SCRATCH<\/h4>\r\n<p>Y como siempre vamos un poco m\u00e1s all\u00e1, e incorporamos al taller de <strong>programaci\u00f3n de videojuegos con SCRATCH<\/strong> la posibilidad de controlar un <a href=\"http:\/\/moway-robot.com\/es\/moway\/robot-moway\/\" title=\" Robot MOWAY\" target=\"_blank\" tabindex=\"1\" rel=\"noopener noreferrer\"> <b> Robot MOWAY <\/b> <\/a> y con la plataforma de reconocimiento de movimientos KINECT. <\/p>\r\n\r\n<p> Gracias a este dispositivo los participantes al curso, no solo crearan un videojuego sino que lo adaptaran para poder jugar con su propio cuerpo, sin necesidad de rat\u00f3n, teclado u otro tipo de mando-control.<\/p>\r\n\r\n<p style=\"color:#000000;\"><strong> Moway es un robot m\u00f3vil, aut\u00f3nomo, que no necesita estar conectado al ordenador, lo cual permitir\u00e1 darle mayor vida y movimiento al robot. Este robot m\u00f3vil podr\u00e1 replicar f\u00edsicamente  todo aquello que los ni\u00f1os y ni\u00f1as programen mediante Scratch.<\/strong><\/p>\r\n\r\n<iframe loading=\"lazy\" src=\"\/\/www.youtube.com\/embed\/hj5NSW0JT-g?rel=0;3&amp;autohide=1&amp;showinfo=0\" frameborder=\"0\" width=\"360\" height=\"360\"><\/iframe>&nbsp;&nbsp;\r\n<iframe loading=\"lazy\" src=\"\/\/www.youtube.com\/embed\/lf8rrrvjHHg?rel=0;3&amp;autohide=1&amp;showinfo=0\" frameborder=\"0\" width=\"360\" height=\"360\"><\/iframe>\r\n\r\n<img loading=\"lazy\" decoding=\"async\" src=\"https:\/\/camptecnologico.com\/inicio\/wp-content\/uploads\/2014\/05\/scratchkineckt.gif\" alt=\"scratchkineckt\" width=\"500\" height=\"420\" class=\"aligncenter size-full wp-image-7008\" \/>","protected":false},"excerpt":{"rendered":"Si te gustan los videojuegos, las animaciones y tienes imaginaci\u00f3n este es tu taller No hay requisitos previos para este campus, s\u00f3lo se necesita una imaginaci\u00f3n activa e inter\u00e9s en las nuevas tecnolog\u00edas. Por eso, puedes elegir esta actividad tanto si ya conoces SCRATCH como si eres principiante. \u00bfQu\u00e9 es SCRATCH? Scratch es un lenguaje [&hellip;]","protected":false},"author":27,"featured_media":49704,"parent":0,"menu_order":0,"comment_status":"open","ping_status":"closed","template":"","meta":{"footnotes":"","_links_to":"","_links_to_target":""},"class_list":["post-8745","page","type-page","status-publish","has-post-thumbnail","hentry"],"yoast_head":"<!-- This site is optimized with the Yoast SEO plugin v22.6 - https:\/\/yoast.com\/wordpress\/plugins\/seo\/ -->\n<title>Programaci\u00f3n de videojuegos con SCRATCH<\/title>\n<meta name=\"description\" content=\"Este taller est\u00e1 destinado principalmente a ni\u00f1os de 7 a 13 a\u00f1os con el objetivo de iniciarlos a conceptos de Programaci\u00f3n de Videojuegos mediante SCRATCH.\" \/>\n<meta name=\"robots\" content=\"noindex, follow, max-snippet:-1, max-image-preview:large, max-video-preview:-1\" \/>\n<meta property=\"og:locale\" content=\"es_ES\" \/>\n<meta property=\"og:type\" content=\"article\" \/>\n<meta property=\"og:title\" content=\"Programaci\u00f3n de videojuegos con SCRATCH\" \/>\n<meta property=\"og:description\" content=\"Este taller est\u00e1 destinado principalmente a ni\u00f1os de 7 a 13 a\u00f1os con el objetivo de iniciarlos a conceptos de Programaci\u00f3n de Videojuegos mediante SCRATCH.\" \/>\n<meta property=\"og:url\" content=\"https:\/\/camptecnologico.com\/inicio\/programacion-videojuegos-scratch\/\" \/>\n<meta property=\"og:site_name\" content=\"Camp Tecnologico\" \/>\n<meta property=\"article:publisher\" content=\"https:\/\/www.facebook.com\/camptecnologico\/\" \/>\n<meta property=\"article:modified_time\" content=\"2020-02-24T16:26:21+00:00\" \/>\n<meta property=\"og:image\" content=\"https:\/\/camptecnologico.com\/inicio\/wp-content\/uploads\/industry-4.0camptec-1.jpg\" \/>\n\t<meta property=\"og:image:width\" content=\"400\" \/>\n\t<meta property=\"og:image:height\" content=\"235\" \/>\n\t<meta property=\"og:image:type\" content=\"image\/jpeg\" \/>\n<meta name=\"twitter:card\" content=\"summary_large_image\" \/>\n<meta name=\"twitter:site\" content=\"@CampTecnologico\" \/>\n<meta name=\"twitter:label1\" content=\"Tiempo de lectura\" \/>\n\t<meta name=\"twitter:data1\" content=\"2 minutos\" \/>\n<!-- \/ Yoast SEO plugin. -->","yoast_head_json":{"title":"Programaci\u00f3n de videojuegos con SCRATCH","description":"Este taller est\u00e1 destinado principalmente a ni\u00f1os de 7 a 13 a\u00f1os con el objetivo de iniciarlos a conceptos de Programaci\u00f3n de Videojuegos mediante SCRATCH.","robots":{"index":"noindex","follow":"follow","max-snippet":"max-snippet:-1","max-image-preview":"max-image-preview:large","max-video-preview":"max-video-preview:-1"},"og_locale":"es_ES","og_type":"article","og_title":"Programaci\u00f3n de videojuegos con SCRATCH","og_description":"Este taller est\u00e1 destinado principalmente a ni\u00f1os de 7 a 13 a\u00f1os con el objetivo de iniciarlos a conceptos de Programaci\u00f3n de Videojuegos mediante SCRATCH.","og_url":"https:\/\/camptecnologico.com\/inicio\/programacion-videojuegos-scratch\/","og_site_name":"Camp Tecnologico","article_publisher":"https:\/\/www.facebook.com\/camptecnologico\/","article_modified_time":"2020-02-24T16:26:21+00:00","og_image":[{"width":400,"height":235,"url":"https:\/\/camptecnologico.com\/inicio\/wp-content\/uploads\/industry-4.0camptec-1.jpg","type":"image\/jpeg"}],"twitter_card":"summary_large_image","twitter_site":"@CampTecnologico","twitter_misc":{"Tiempo de lectura":"2 minutos"},"schema":{"@context":"https:\/\/schema.org","@graph":[{"@type":"WebPage","@id":"https:\/\/camptecnologico.com\/inicio\/programacion-videojuegos-scratch\/","url":"https:\/\/camptecnologico.com\/inicio\/programacion-videojuegos-scratch\/","name":"Programaci\u00f3n de videojuegos con SCRATCH","isPartOf":{"@id":"https:\/\/camptecnologico.com\/inicio\/#website"},"primaryImageOfPage":{"@id":"https:\/\/camptecnologico.com\/inicio\/programacion-videojuegos-scratch\/#primaryimage"},"image":{"@id":"https:\/\/camptecnologico.com\/inicio\/programacion-videojuegos-scratch\/#primaryimage"},"thumbnailUrl":"https:\/\/camptecnologico.com\/inicio\/wp-content\/uploads\/industry-4.0camptec-1.jpg","datePublished":"2014-12-18T14:22:57+00:00","dateModified":"2020-02-24T16:26:21+00:00","description":"Este taller est\u00e1 destinado principalmente a ni\u00f1os de 7 a 13 a\u00f1os con el objetivo de iniciarlos a conceptos de Programaci\u00f3n de Videojuegos mediante SCRATCH.","breadcrumb":{"@id":"https:\/\/camptecnologico.com\/inicio\/programacion-videojuegos-scratch\/#breadcrumb"},"inLanguage":"es","potentialAction":[{"@type":"ReadAction","target":["https:\/\/camptecnologico.com\/inicio\/programacion-videojuegos-scratch\/"]}]},{"@type":"ImageObject","inLanguage":"es","@id":"https:\/\/camptecnologico.com\/inicio\/programacion-videojuegos-scratch\/#primaryimage","url":"https:\/\/camptecnologico.com\/inicio\/wp-content\/uploads\/industry-4.0camptec-1.jpg","contentUrl":"https:\/\/camptecnologico.com\/inicio\/wp-content\/uploads\/industry-4.0camptec-1.jpg","width":400,"height":235},{"@type":"BreadcrumbList","@id":"https:\/\/camptecnologico.com\/inicio\/programacion-videojuegos-scratch\/#breadcrumb","itemListElement":[{"@type":"ListItem","position":1,"name":"Home","item":"https:\/\/camptecnologico.com\/"},{"@type":"ListItem","position":2,"name":"Programaci\u00f3n de Videojuegos con Scratch"}]},{"@type":"WebSite","@id":"https:\/\/camptecnologico.com\/inicio\/#website","url":"https:\/\/camptecnologico.com\/inicio\/","name":"Camp Tecnologico","description":"Campamento tecnol\u00f3gico para ni\u00f1os y j\u00f3venes. Tecnolog\u00eda para ni\u00f1os. Minecraft.","publisher":{"@id":"https:\/\/camptecnologico.com\/inicio\/#organization"},"potentialAction":[{"@type":"SearchAction","target":{"@type":"EntryPoint","urlTemplate":"https:\/\/camptecnologico.com\/inicio\/?s={search_term_string}"},"query-input":"required name=search_term_string"}],"inLanguage":"es"},{"@type":"Organization","@id":"https:\/\/camptecnologico.com\/inicio\/#organization","name":"Camp Tecnol\u00f3gico","url":"https:\/\/camptecnologico.com\/inicio\/","logo":{"@type":"ImageObject","inLanguage":"es","@id":"https:\/\/camptecnologico.com\/inicio\/#\/schema\/logo\/image\/","url":"https:\/\/camptecnologico.com\/inicio\/wp-content\/uploads\/logo1.jpg","contentUrl":"https:\/\/camptecnologico.com\/inicio\/wp-content\/uploads\/logo1.jpg","width":120,"height":120,"caption":"Camp Tecnol\u00f3gico"},"image":{"@id":"https:\/\/camptecnologico.com\/inicio\/#\/schema\/logo\/image\/"},"sameAs":["https:\/\/www.facebook.com\/camptecnologico\/","https:\/\/x.com\/CampTecnologico","https:\/\/www.instagram.com\/camptecnologico\/","https:\/\/www.linkedin.com\/company\/camptecnol-gico","https:\/\/www.youtube.com\/user\/CampTecologico"]}]}},"_links":{"self":[{"href":"https:\/\/camptecnologico.com\/inicio\/wp-json\/wp\/v2\/pages\/8745","targetHints":{"allow":["GET"]}}],"collection":[{"href":"https:\/\/camptecnologico.com\/inicio\/wp-json\/wp\/v2\/pages"}],"about":[{"href":"https:\/\/camptecnologico.com\/inicio\/wp-json\/wp\/v2\/types\/page"}],"author":[{"embeddable":true,"href":"https:\/\/camptecnologico.com\/inicio\/wp-json\/wp\/v2\/users\/27"}],"replies":[{"embeddable":true,"href":"https:\/\/camptecnologico.com\/inicio\/wp-json\/wp\/v2\/comments?post=8745"}],"version-history":[{"count":6,"href":"https:\/\/camptecnologico.com\/inicio\/wp-json\/wp\/v2\/pages\/8745\/revisions"}],"predecessor-version":[{"id":45234,"href":"https:\/\/camptecnologico.com\/inicio\/wp-json\/wp\/v2\/pages\/8745\/revisions\/45234"}],"wp:featuredmedia":[{"embeddable":true,"href":"https:\/\/camptecnologico.com\/inicio\/wp-json\/wp\/v2\/media\/49704"}],"wp:attachment":[{"href":"https:\/\/camptecnologico.com\/inicio\/wp-json\/wp\/v2\/media?parent=8745"}],"curies":[{"name":"wp","href":"https:\/\/api.w.org\/{rel}","templated":true}]}}