




{"id":48611,"date":"2020-09-18T11:33:17","date_gmt":"2020-09-18T10:33:17","guid":{"rendered":"https:\/\/camptecnologico.com\/inicio\/?page_id=48611"},"modified":"2021-01-14T10:30:01","modified_gmt":"2021-01-14T09:30:01","slug":"extraescolares-online","status":"publish","type":"page","link":"https:\/\/camptecnologico.com\/inicio\/extraescolares-online\/","title":{"rendered":"Extraescolares ONLINE (curso 2020-21)"},"content":{"rendered":"<script>\r\n    sessionStorage.campus=6100;\r\n<\/script>\r\n\r\n<div class=\"row\">\r\n<div style=\"text-align: center; margin: 0px 0px 40px 0px; \"\r\n        <p><spam style=\"color:#CC0000;font-weight: bold; font-size: 2.0em;\">ATENCI\u00d3N:<\/spam> \r\n        <spam style=\"color:#CC0000;font-size: 2.0em;\"> <strong>ABRIMOS NUEVOS GRUPOS<\/strong> de extraescolares a partir del 18 de enero<br \/><strong><\/strong><\/spam>\r\n    <\/div>\r\n    <div class=\"sixcol column\" style=\"margin: 0px 0px 20px 0px\">\r\n   <img loading=\"lazy\" decoding=\"async\" src=\"https:\/\/camptecnologico.com\/inicio\/wp-content\/uploads\/extraescolares-online.jpg\" alt=\"\" width=\"668\" height=\"576\" class=\"alignnone size-full wp-image-48686\" srcset=\"https:\/\/camptecnologico.com\/inicio\/wp-content\/uploads\/extraescolares-online.jpg 668w, https:\/\/camptecnologico.com\/inicio\/wp-content\/uploads\/extraescolares-online-267x230.jpg 267w\" sizes=\"auto, (max-width: 668px) 100vw, 668px\" \/>       \r\n    <\/div>\r\n    <div class=\"sixcol column last\" style=\"margin: 0px 0px 20px 0px\">\r\n        <h2>Extraescolares Online (curso 2020-21)<\/h2>\r\n        <p style=\"font-size: 1.3em;\"><strong>Camp Tecnol\u00f3gico<\/strong> se ha adaptado a la nueva normalidad, con una oferta de talleres tecnol\u00f3gicos <strong>ONLINE<\/strong>, <em>(con profesor por videoconferencia)<\/em>, que tanto han gustado este verano, y que ahora  ofrecemos en las <strong>EXTRAESCOLARES 20\/21<\/strong>.<\/p>\r\n\r\n        <div style=\"margin: 10px 0px 10px 20px;\">\r\n            <ul style=\"font-size: 1.1em;\">\r\n                <li><strong>Tem\u00e1tica<\/strong>: rob\u00f3tica, <span style=\"color:#0000FF;font-size: 1.3em\">regalo de kit de rob\u00f3tica gratuito con m\u00ednimo tres meses de permanencia<\/span>, y programaci\u00f3n<\/li>\r\n                <li><strong>Modalidad<\/strong>: online<\/li>\r\n                <li><strong>Fechas<\/strong>: de octubre 2020 a junio 2021<\/li>\r\n                <li><strong>Duraci\u00f3n<\/strong>: <span style=\"color:#0000FF;\">rob\u00f3tica<\/span> 1 h\/semana y <span style=\"color:#0000FF;\">programaci\u00f3n<\/span> 1,5 h\/semana<\/li>\r\n                <li><strong>D\u00edas<\/strong>: lunes | martes | mi\u00e9rcoles | jueves | viernes<\/li>\r\n                <li><strong>Horarios<\/strong>: <span style=\"color:#0000FF;\">rob\u00f3tica<\/span> 17:30-18:30 | 18:15-19:15 y <span style=\"color:#0000FF;\">programaci\u00f3n<\/span> 17:30-19:00<\/li>\r\n            <\/ul>\r\n        <\/div>\r\n    <\/div>\r\n    <div class=\"clear\"><\/div>\r\n<!--\r\n    <div style=\"margin-bottom: 50px;\">\r\n        <center>\r\n            <em style=\"font-size: 3.0em; color:#0000FF;\">\u00a1\u00a1\u00a1ATENCI\u00d3N!!! ampliamos plazo de inscripci\u00f3n.<\/em>\r\n        <\/center>\r\n    <\/div>\r\n-->\r\n    <div style=\"text-align: center; margin-bottom: 50px;\">\r\n\r\n        <h2 class=\"tituloSeccion\">EXTRAESCOLARES DE ROB\u00d3TICA<\/h2>\r\n        [wpv-view name=\u00bbext-online-bloque-vertical\u00bb]\r\n       \r\n<div style=\"margin-top: 20px;\"><\/div>\r\n\r\n        <h2 class=\"tituloSeccion\">EXTRAESCOLARES DE PROGRAMACI\u00d3N<\/h2>\r\n        [wpv-view name=\u00bbext-online-prog-bloque-vertical\u00bb]\r\n\r\n <div style=\"text-align: center; margin-bottom: 50px;\">\r\n<br \/>\r\n        <h2 class=\"tituloSeccion\">EXTRAESCOLARES CON ARDUINO<\/h2>\r\n        <div class=\"row\" style=\"padding-right: 2%;padding-left: 2%\">\r\n    <p>\r\n        <img decoding=\"async\" src=\"https:\/\/camptecnologico.com\/inicio\/wp-content\/uploads\/ARDUINO-STUDENT-KIT.jpg\" alt=\"\" width=\"350\" align=\"none\" resize=\"proportional\"\r\n            class=\"alignleft\" style=\"padding-top:0px;\"\/> \r\n    <\/p>\r\n    <div class=\"text-minificha\">\r\n\t<h2>Introducci\u00f3n a Arduino<\/h2>\r\n\t<p><i class=\"fa fa-birthday-cake\"><\/i> 1\u00ba de ESO en adelante<\/p>\r\n        <p><i class=\"fa fa-book\"><\/i> Electr\u00f3nica| Programaci\u00f3n<\/p>\r\n        <p><i class=\"fa fa-android\" aria-hidden=\"true\"><\/i> Arduino Student Kit<\/p>\r\n    <\/div>\r\n\r\n    <p style=\"margin-top:30px\">Este <strong>Student Kit de Arduino<\/strong><strong> busca ense\u00f1ar los conceptos b\u00e1sicos de programaci\u00f3n y electr\u00f3nica, incluyendo la l\u00f3gica digital. No precisa de conocimiento, ni experiencia previa.<\/strong><\/p>\r\n\r\n    <p>Este Kit se adapta a las habilidades individuales, permitiendo aprender desde casa seg\u00fan el nivel individual de cada alumno. Adem\u00e1s, este kit se puede integrar en diferentes \u00e1reas curriculares como la f\u00edsica, qu\u00edmica e incluso en historia.<\/p>\r\n\r\n    <p>Durante el taller realizar\u00e1n distintos proyectos con sus resistencias, servomotores, &#8230;<\/p>\r\n \r\n   \r\n    <div style=\"margin-top:30px\">  \r\n        <h3 class=\"tituloSeccion\">Informaci\u00f3n General<\/h3>\r\n        <p>Los grupos se formar\u00e1n por edades y conocimientos.<\/p>\r\n    <\/div>\r\n\r\n    <div style=\"margin-top: 30px;\"> \r\n       \r\n<div style=\"margin-top: 20px;\"><\/div>\r\n        <center style=\"font-size: 1.6em;\">\r\n            Los grupos se formar\u00e1n por edades y conocimientos. \u00a1S\u00f3lo tienes que elegir el d\u00eda de la semana y la hora!\r\n        <\/center>\r\n<hr \/>\r\n        <div class=\"sixcol column\" style=\"font-size: 220%; font-weight: bold;\">\r\n            GRUPOS DE ROB\u00d3TICA\r\n        <\/div>\r\n\r\n        <div class=\"fivecol column last\" style=\"font-size: 220%; font-weight: bold\">\r\n            GRUPOS DE PROGRAMACI\u00d3N\r\n        <\/div>\r\n\r\n        <p style=\"text-align: center; margin: 20px 0px 20px 0px;\">\r\n            <img decoding=\"async\" src=\"https:\/\/camptecnologico.com\/inicio\/wp-content\/uploads\/Talleres1_v4_nov.jpg\" alt=\"\" width=\"520\" \/>&nbsp;&nbsp;\r\n            <img decoding=\"async\" src=\"https:\/\/camptecnologico.com\/inicio\/wp-content\/uploads\/Talleres2_v3_nov.jpg\" alt=\"\" width=\"520\" \/>\r\n<div class=\"sixcol column\" style=\"color:#CC0000;font-size: 200%; font-weight: bold;\">\r\n           NUEVOS GRUPOS DE ROB\u00d3TICA\r\n        <\/div>\r\n\r\n        <div class=\"fivecol column last\" style=\"color:#CC0000;font-size: 200%; font-weight: bold\">\r\n            NUEVOS GRUPOS DE PROGRAMACI\u00d3N\r\n        <\/div><p style=\"text-align: center; margin: 20px 0px 20px 0px;\">\r\n         \r\n<img decoding=\"async\" src=\"https:\/\/camptecnologico.com\/inicio\/wp-content\/uploads\/Screen-Shot-2020-12-24-at-1.19.46-PM-768x114.png\" alt=\"\" width=\"520\" \/>&nbsp;&nbsp;\r\n<img decoding=\"async\" src=\"https:\/\/camptecnologico.com\/inicio\/wp-content\/uploads\/extraescolares-online-1-768x97.png\" alt=\"\" width=\"520\"  \/>\r\n\r\n<!--\r\n            <center style=\"font-size: 2.0em; margin-bottom:30px\">\r\n                Los grupos que est\u00e1n en <span style=\"background-color: #A4A3A3;\"><strong>GRIS<\/strong><\/span> arrancan en la semana del <strong>5 de octubre<\/strong>,<br \/>\r\n                y los que est\u00e1n en <span style=\"background-color: #FBFF00;\"><strong>AMARILLO<\/strong><\/span> empiezan en la semana del <strong>19 de octubre<\/strong>\r\n            <\/center>\r\n-->\r\n        <\/p>\r\n\r\n        <p>\r\n            <center>\r\n                <a class=\"button large primary\" href=\"https:\/\/camptecnologico.com\/inicio\/inscripcion-clubs\/\" rel=\"noopener noreferrer\" title=\"Incripci\u00f3n Extraescolares online\">\r\n                     <i class=\"fa fa-paper-plane\" aria-hidden=\"true\"><\/i> Inscripci\u00f3n Extraescolares<\/a>\r\n            <\/center>&nbsp;<br \/>\r\n        <\/p>\r\n\r\n        <h3 class=\"tituloSeccion\">Informaci\u00f3n General<\/h3>\r\n        <div style=\"text-align: left; margin-bottom: 30px\">\r\n            <h3><i class=\"fa fa-map-marker\"><\/i> D\u00f3nde<\/h3>\r\n            <p>Los talleres se realizar\u00e1n de manera <span style=\"font-size: 1.5em;\"> <strong>ON-LINE<span>.<\/span><\/strong><\/span><\/p>\r\n        <\/div>\r\n\r\n        <div class=\"fourcol column\" style=\"text-align: left;\">\r\n            <h3><i class=\"fa fa-calendar\"><\/i> Fechas<\/h3>\r\n            <p style=\"text-align: justify;\">A partir del <strong>5 de octubre<\/strong> hasta el <strong>18 de junio<\/strong>.<\/p>\r\n            <p>30 sesiones de :<br \/>\r\n               <span style=\"font-size: 1.2em;\"><strong>1 hora\/semana (Grupos Rob\u00f3tica)<\/strong><\/span> \u00f3 <br \/>\r\n               <span style=\"font-size: 1.2em;\"><strong>1\u00bd horas\/semana (Grupos Programaci\u00f3n)<\/strong><\/span><br \/><br \/>\r\n               distribuidas de Octubre a Junio.<\/p>\r\n\r\n            <h3 style=\"margin-top: 60px\"><i class=\"fa fa-clock-o\" aria-hidden=\"true\"><\/i> Horario<\/h3>\r\n            <p style=\"font-size: 1.5em;color:#0000FF;\">Lunes a Viernes:<\/p>\r\n            <ul>\r\n                <li><strong>GRUPOS DE ROB\u00d3TICA<\/strong> de 17:30h a 18:30h y de 18:15h a 19:15h <\/li>\r\n                <li><strong>GRUPOS DE PROGRAMACI\u00d3N<\/strong> de 17:30h a 19:00h<\/li>\r\n            <\/ul>\r\n        <\/div>\r\n\r\n        <div class=\"fourcol column\" style=\"text-align: left;\">\r\n            <h3><i class=\"fa fa-money\" aria-hidden=\"true\"><\/i> Precios<\/h3>\r\n            <p>Descuento Campa\u00f1a 10\u00ba aniversario<\/p>    \r\n            <ul>\r\n                <li>Extraescolar: <span class=\"tachaprecio\">56\u20ac\/mes<\/span> <span style=\"font-size: 1.5em;\"> <strong>45\u20ac\/mes<\/strong><\/span><\/li>\r\n                <li>Matr\u00edcula de inscripci\u00f3n: <span style=\"font-size: 1.5em;\"> <strong>30\u20ac<\/strong><\/span><\/li>\r\n            <\/ul>\r\n<!--\r\n            <em>(La cuota del mes de octubre de los grupos que empiecen la semana del 19 de octubre ser\u00e1 de <strong>22,5\u20ac<\/strong>)<\/em>\r\n-->\r\n\r\n            <p style=\"font-size: 1.5em;color:#0000FF; margin-top: 20px;\">Pago fraccionado sin recargo.<br \/>Cuota fija durante todo el curso.<\/p>\r\n\r\n            <h3 style=\"margin-top: 20px\"><i class=\"fa fa-university\" aria-hidden=\"true\"><\/i> Forma de pago<\/h3>\r\n            <p>Se har\u00e1 Domiciliaci\u00f3n bancaria (d\u00eda 10 de cada mes).<\/p>\r\n            <ul>\r\n                <li>1\u00ba trimestre curso 2020-21,<br \/>&nbsp;&nbsp;&nbsp;&nbsp;&nbsp;<strong>3 recibos de Octubre a Diciembre<\/strong><\/li>\r\n                <li>2\u00ba y 3\u00ba trimestre curso 2020-21,<br \/>&nbsp;&nbsp;&nbsp;&nbsp;&nbsp;<strong>6 recibos de Enero a Junio<\/strong><\/li>\r\n            <\/ul>\r\n            <p style=\"font-size: 1.1em;color:#0000FF;\">NOTA: En el caso de las extraescolares de rob\u00f3tica, la permanencia m\u00ednima es de 3 meses.<\/p>\r\n        <\/div>\r\n\r\n        <div class=\"fourcol column last\" style=\"text-align: left;\">\r\n            <h3><i class=\"fa fa-money\" aria-hidden=\"true\"><\/i> Descuentos<\/h3>\r\n            <em style=\"font-size: 1.4em; color:#0000FF;\">S\u00f3lo se puede disfrutar de uno de ellos:<\/em>\r\n            <ul>\r\n                <li>Antiguos alumnos: <strong>-5%<\/strong><\/li>\r\n                <li>Plan Gaztedi: <strong>-5%<\/strong><\/li>\r\n                <li>Familia numerosa o monoparental: <strong>-5%<\/strong><\/li>\r\n            <\/ul>\r\n            <p>Adem\u00e1s puede aplicar:<\/p>\r\n            <ul>\r\n                <li>Viene con un hermano y\/o amigo: <strong>-5%<\/strong><\/li>\r\n            <\/ul>\r\n\r\n            <h3 style=\"margin-top: 20px;\"><i class=\"fa fa-truck\" aria-hidden=\"true\"><\/i> Entregas<\/h3>\r\n            <p>En el caso de las <strong>Extraescolares de Rob\u00f3tica<\/strong><\/p>\r\n            <ul>\r\n                <li>Al inicio de las clases se entregar\u00e1 una placa <strong>Micro:bit<\/strong>.<\/li>\r\n                <li>Al inicio del 2\u00ba trimestre (enero) se entregar\u00e1 el <strong>Kit de Rob\u00f3tica<\/strong> correspondiente al nivel.<\/li>\r\n                <li>Al inicio del 3\u00ba trimestre (abril) se entregar\u00e1 partes complementar\u00edas del kit.<\/li>\r\n            <\/ul>\r\n            <p>Los env\u00edos se realizan sin coste adicional para la pen\u00ednsula (otros env\u00edos consultar al <strong>686 510 900<\/strong>)<\/p>\r\n        <\/div> \r\n        <div class=\"clear\"><\/div>\r\n<hr \/>\r\n        <div style=\"text-align:center; padding-top:20px\">                 \r\n             <h3>Calendario<\/h3>\r\n             <img decoding=\"async\" src=\"https:\/\/camptecnologico.com\/inicio\/wp-content\/uploads\/Calendario_extra_20-21.jpg\" alt=\"\" width=\"754\"\/>\r\n             <br \/><br \/>\r\n             <a class=\"button large primary\" href=\"https:\/\/camptecnologico.com\/inicio\/inscripcion-clubs\/\" rel=\"noopener noreferrer\" title=\"Incripci\u00f3n Extraescolares online\">\r\n                     Inscripci\u00f3n Extraescolares<\/a>\r\n        <\/div>\r\n        <div class=\"clear\"><\/div>\r\n    <\/div>\r\n<\/div>\r\n\r\n[wpv-view name=\u00bbext-online-franja-horizontal\u00bb]\r\n[wpv-view name=\u00bbext-online-prog-franja-horizontal\u00bb]\r\n\r\n<div class=\"row\">\r\n<hr \/>\r\n\r\n    <p>\r\n        <spam style=\"color:#CC0000;font-weight: bold; font-size: 2.0em;\">AVISO:<\/spam> \r\n        <spam style=\"font-size: 1.7em;\">La realizaci\u00f3n de las extraescolares esta sujeta a alcanzar un grupo m\u00ednimo de asistentes. \r\n              En caso de no ser factible, desde la organizaci\u00f3n les ofreceremos las alternativas existentes.<\/spam>\r\n    <\/p>\r\n<\/div><\/div><\/div><\/div>","protected":false},"excerpt":{"rendered":"","protected":false},"author":21,"featured_media":22337,"parent":0,"menu_order":0,"comment_status":"closed","ping_status":"closed","template":"","meta":{"footnotes":"","_links_to":"","_links_to_target":""},"class_list":["post-48611","page","type-page","status-publish","has-post-thumbnail","hentry"],"yoast_head":"<!-- This site is optimized with the Yoast SEO plugin v22.6 - https:\/\/yoast.com\/wordpress\/plugins\/seo\/ -->\n<title>Extraescolares ONLINE (curso 2020-21)<\/title>\n<meta name=\"description\" content=\"Talleres Tecnol\u00f3gicos ONLINE para ni\u00f1os, ni\u00f1as y j\u00f3venes de lunes a viernes. Talleres de Rob\u00f3tica, programaci\u00f3n y videojuegos a partir de 7 a\u00f1os\" \/>\n<meta name=\"robots\" content=\"noindex, follow, max-snippet:-1, max-image-preview:large, max-video-preview:-1\" \/>\n<meta property=\"og:locale\" content=\"es_ES\" \/>\n<meta property=\"og:type\" content=\"article\" \/>\n<meta property=\"og:title\" content=\"Extraescolares ONLINE (curso 2020-21)\" \/>\n<meta property=\"og:description\" content=\"Talleres Tecnol\u00f3gicos ONLINE para ni\u00f1os, ni\u00f1as y j\u00f3venes de lunes a viernes. Talleres de Rob\u00f3tica, programaci\u00f3n y videojuegos a partir de 7 a\u00f1os\" \/>\n<meta property=\"og:url\" content=\"https:\/\/camptecnologico.com\/inicio\/extraescolares-online\/\" \/>\n<meta property=\"og:site_name\" content=\"Camp Tecnologico\" \/>\n<meta property=\"article:publisher\" content=\"https:\/\/www.facebook.com\/camptecnologico\/\" \/>\n<meta property=\"article:modified_time\" content=\"2021-01-14T09:30:01+00:00\" \/>\n<meta property=\"og:image\" content=\"https:\/\/camptecnologico.com\/inicio\/wp-content\/uploads\/2016\/08\/extraescolares-robotica-tecnologia.jpg\" \/>\n\t<meta property=\"og:image:width\" content=\"733\" \/>\n\t<meta property=\"og:image:height\" content=\"382\" \/>\n\t<meta property=\"og:image:type\" content=\"image\/jpeg\" \/>\n<meta name=\"twitter:card\" content=\"summary_large_image\" \/>\n<meta name=\"twitter:site\" content=\"@CampTecnologico\" \/>\n<!-- \/ Yoast SEO plugin. -->","yoast_head_json":{"title":"Extraescolares ONLINE (curso 2020-21)","description":"Talleres Tecnol\u00f3gicos ONLINE para ni\u00f1os, ni\u00f1as y j\u00f3venes de lunes a viernes. Talleres de Rob\u00f3tica, programaci\u00f3n y videojuegos a partir de 7 a\u00f1os","robots":{"index":"noindex","follow":"follow","max-snippet":"max-snippet:-1","max-image-preview":"max-image-preview:large","max-video-preview":"max-video-preview:-1"},"og_locale":"es_ES","og_type":"article","og_title":"Extraescolares ONLINE (curso 2020-21)","og_description":"Talleres Tecnol\u00f3gicos ONLINE para ni\u00f1os, ni\u00f1as y j\u00f3venes de lunes a viernes. Talleres de Rob\u00f3tica, programaci\u00f3n y videojuegos a partir de 7 a\u00f1os","og_url":"https:\/\/camptecnologico.com\/inicio\/extraescolares-online\/","og_site_name":"Camp Tecnologico","article_publisher":"https:\/\/www.facebook.com\/camptecnologico\/","article_modified_time":"2021-01-14T09:30:01+00:00","og_image":[{"width":733,"height":382,"url":"https:\/\/camptecnologico.com\/inicio\/wp-content\/uploads\/2016\/08\/extraescolares-robotica-tecnologia.jpg","type":"image\/jpeg"}],"twitter_card":"summary_large_image","twitter_site":"@CampTecnologico","schema":{"@context":"https:\/\/schema.org","@graph":[{"@type":"WebPage","@id":"https:\/\/camptecnologico.com\/inicio\/extraescolares-online\/","url":"https:\/\/camptecnologico.com\/inicio\/extraescolares-online\/","name":"Extraescolares ONLINE (curso 2020-21)","isPartOf":{"@id":"https:\/\/camptecnologico.com\/inicio\/#website"},"primaryImageOfPage":{"@id":"https:\/\/camptecnologico.com\/inicio\/extraescolares-online\/#primaryimage"},"image":{"@id":"https:\/\/camptecnologico.com\/inicio\/extraescolares-online\/#primaryimage"},"thumbnailUrl":"https:\/\/camptecnologico.com\/inicio\/wp-content\/uploads\/2016\/08\/extraescolares-robotica-tecnologia.jpg","datePublished":"2020-09-18T10:33:17+00:00","dateModified":"2021-01-14T09:30:01+00:00","description":"Talleres Tecnol\u00f3gicos ONLINE para ni\u00f1os, ni\u00f1as y j\u00f3venes de lunes a viernes. Talleres de Rob\u00f3tica, programaci\u00f3n y videojuegos a partir de 7 a\u00f1os","breadcrumb":{"@id":"https:\/\/camptecnologico.com\/inicio\/extraescolares-online\/#breadcrumb"},"inLanguage":"es","potentialAction":[{"@type":"ReadAction","target":["https:\/\/camptecnologico.com\/inicio\/extraescolares-online\/"]}]},{"@type":"ImageObject","inLanguage":"es","@id":"https:\/\/camptecnologico.com\/inicio\/extraescolares-online\/#primaryimage","url":"https:\/\/camptecnologico.com\/inicio\/wp-content\/uploads\/2016\/08\/extraescolares-robotica-tecnologia.jpg","contentUrl":"https:\/\/camptecnologico.com\/inicio\/wp-content\/uploads\/2016\/08\/extraescolares-robotica-tecnologia.jpg","width":733,"height":382,"caption":"Extraescolares rob\u00f3tica, tecnolog\u00eda para ni\u00f1os, madrid"},{"@type":"BreadcrumbList","@id":"https:\/\/camptecnologico.com\/inicio\/extraescolares-online\/#breadcrumb","itemListElement":[{"@type":"ListItem","position":1,"name":"Home","item":"https:\/\/camptecnologico.com\/"},{"@type":"ListItem","position":2,"name":"Extraescolares ONLINE (curso 2020-21)"}]},{"@type":"WebSite","@id":"https:\/\/camptecnologico.com\/inicio\/#website","url":"https:\/\/camptecnologico.com\/inicio\/","name":"Camp Tecnologico","description":"Campamento tecnol\u00f3gico para ni\u00f1os y j\u00f3venes. Tecnolog\u00eda para ni\u00f1os. Minecraft.","publisher":{"@id":"https:\/\/camptecnologico.com\/inicio\/#organization"},"potentialAction":[{"@type":"SearchAction","target":{"@type":"EntryPoint","urlTemplate":"https:\/\/camptecnologico.com\/inicio\/?s={search_term_string}"},"query-input":"required name=search_term_string"}],"inLanguage":"es"},{"@type":"Organization","@id":"https:\/\/camptecnologico.com\/inicio\/#organization","name":"Camp Tecnol\u00f3gico","url":"https:\/\/camptecnologico.com\/inicio\/","logo":{"@type":"ImageObject","inLanguage":"es","@id":"https:\/\/camptecnologico.com\/inicio\/#\/schema\/logo\/image\/","url":"https:\/\/camptecnologico.com\/inicio\/wp-content\/uploads\/logo1.jpg","contentUrl":"https:\/\/camptecnologico.com\/inicio\/wp-content\/uploads\/logo1.jpg","width":120,"height":120,"caption":"Camp Tecnol\u00f3gico"},"image":{"@id":"https:\/\/camptecnologico.com\/inicio\/#\/schema\/logo\/image\/"},"sameAs":["https:\/\/www.facebook.com\/camptecnologico\/","https:\/\/x.com\/CampTecnologico","https:\/\/www.instagram.com\/camptecnologico\/","https:\/\/www.linkedin.com\/company\/camptecnol-gico","https:\/\/www.youtube.com\/user\/CampTecologico"]}]}},"_links":{"self":[{"href":"https:\/\/camptecnologico.com\/inicio\/wp-json\/wp\/v2\/pages\/48611","targetHints":{"allow":["GET"]}}],"collection":[{"href":"https:\/\/camptecnologico.com\/inicio\/wp-json\/wp\/v2\/pages"}],"about":[{"href":"https:\/\/camptecnologico.com\/inicio\/wp-json\/wp\/v2\/types\/page"}],"author":[{"embeddable":true,"href":"https:\/\/camptecnologico.com\/inicio\/wp-json\/wp\/v2\/users\/21"}],"replies":[{"embeddable":true,"href":"https:\/\/camptecnologico.com\/inicio\/wp-json\/wp\/v2\/comments?post=48611"}],"version-history":[{"count":34,"href":"https:\/\/camptecnologico.com\/inicio\/wp-json\/wp\/v2\/pages\/48611\/revisions"}],"predecessor-version":[{"id":48613,"href":"https:\/\/camptecnologico.com\/inicio\/wp-json\/wp\/v2\/pages\/48611\/revisions\/48613"}],"wp:featuredmedia":[{"embeddable":true,"href":"https:\/\/camptecnologico.com\/inicio\/wp-json\/wp\/v2\/media\/22337"}],"wp:attachment":[{"href":"https:\/\/camptecnologico.com\/inicio\/wp-json\/wp\/v2\/media?parent=48611"}],"curies":[{"name":"wp","href":"https:\/\/api.w.org\/{rel}","templated":true}]}}