




{"id":48442,"date":"2020-09-09T12:08:22","date_gmt":"2020-09-09T11:08:22","guid":{"rendered":"https:\/\/camptecnologico.com\/inicio\/?page_id=48442"},"modified":"2021-01-14T10:54:56","modified_gmt":"2021-01-14T09:54:56","slug":"online","status":"publish","type":"page","link":"https:\/\/camptecnologico.com\/inicio\/club-fin-de-semana\/online\/","title":{"rendered":"Club Tecnol\u00f3gico Fin de Semana ONLINE (curso 2020-21)"},"content":{"rendered":"<script>\r\n    sessionStorage.campus=6160;\r\n<\/script>\r\n\r\n<div class=\"row\">\r\n<div style=\"text-align: center; margin: 0px 0px 40px 0px; \"\r\n        <p><spam style=\"color:#CC0000;font-weight: bold; font-size: 2.0em;\">ATENCI\u00d3N:<\/spam> \r\n        <spam style=\"color:#CC0000;font-size: 1.8em;\"> <strong>ABRIMOS NUEVOS GRUPOS<\/strong> de Club de Fin de semana a partir del 18 de enero<br \/><strong><\/strong><\/spam>\r\n    <\/div>\r\n    <div class=\"sixcol column\" style=\"margin: 0px 0px 20px 0px\">\r\n        <img decoding=\"async\" src=\"https:\/\/camptecnologico.com\/inicio\/wp-content\/uploads\/club-fin-de-semana-onlinechica.jpg\" alt=\"\" width=\"600\" \/>\r\n    <\/div>\r\n    <div class=\"sixcol column last\" style=\"margin: 0px 0px 20px 0px\">\r\n        <h2>Club Tecnol\u00f3gico Fin de Semana Online (curso 2020-21)<\/h2>\r\n\r\n        <p style=\"font-size: 1.3em;\"><strong>Camp Tecnol\u00f3gico<\/strong> se ha adaptado a la nueva normalidad, con una oferta de talleres tecnol\u00f3gicos <strong>ONLINE<\/strong>, <em>(con profesor por videoconferencia)<\/em>, que tanto han gustado este verano, y que ahora ofrecemos como el <strong>Club Tecnol\u00f3gico Fin de Semana 20\/21<\/strong>.<\/p>\r\n\r\n        <div style=\"margin: 10px 0px 10px 20px;\">\r\n            <ul style=\"font-size: 1.1em;\">\r\n                <li><strong>Tem\u00e1tica<\/strong>: rob\u00f3tica, <span style=\"color:#0000FF;font-size: 1.3em\">regalo de kit de rob\u00f3tica gratuito con m\u00ednimo tres meses de permanencia<\/span>y programaci\u00f3n<\/li>\r\n                <li><strong>Modalidad<\/strong>: online<\/li>\r\n                <li><strong>Fechas<\/strong>: de octubre 2020 a junio 2021<\/li>\r\n                <li><strong>Duraci\u00f3n<\/strong>: 2 horas\/sesi\u00f3n<\/li>\r\n                <li><strong>D\u00edas<\/strong>: s\u00e1bados alternos<\/li>\r\n                <li><strong>Horarios<\/strong>: 10:00h a 12:00h y 16:30h a 18:30h<\/li>\r\n            <\/ul>\r\n        <\/div>\r\n    <\/div>\r\n    <div class=\"clear\"><\/div>\r\n<!--\r\n    <div style=\"margin-bottom: 20px\">\r\n        <em style=\"font-size: 1.3em;\">En breve, publicaremos los talleres <strong>presenciales<\/strong> en las distintas sedes, garantizando todas las medidas de seguridad.<\/em>\r\n    <\/div>\r\n-->\r\n    <div>\r\n        <p style=\"font-size: 120%; margin-top:20px; font-weight: bold;\">Nuestros usuarios opinan &#8230;.<\/p>\r\n        <blockquote style=\"margin-left:40px\">\r\n            <em>Inma: \u00abApunt\u00e9 a los ni\u00f1os a campamentos online este verano tan raro. Hicieron (segun edad) de Minecraft y de Unity. Los dos estaban muy ilusionados en clase. No se lo que hacian, pero al ser desde casa podia oir los grititos de emocion del que hacia Minecraft, y veia la concentraci\u00f3n para Unity. Luego ya me ense\u00f1aron lo aprendido, interesante como poco. Los dos me dijeron que les habia gustado mucho, y lo mejor \u00a1\u00a1han seguido practicando el resto del verano!! A nivel m\u00e1s practico, nos mandaron antes la lista con los programas para descargar y como se iban a comunicar, asi que sin problema a ese nivel. La comunicacion con los organizadores muy facil y fluida, solucionaron todas mis dudas muy rapido. Ya habiamos probado presencial, pero la opcion de online no ha sido una mala opcion.\u00bb<\/em>\r\n        <\/blockquote>\r\n\r\n        <blockquote style=\"margin-left:40px\">\r\n            <em>Mi hijo estuvo apuntado la semana santa del 2018 y hemos retomado este verano 2020. Esta encantado con los monitores y con todo lo que ha aprendido. Este verano han sido tres semanas y repetiremos el verano que viene seguro.<\/em>\r\n        <\/blockquote>\r\n\r\n    <\/div>\r\n<div class=\"FONDO_BLANCO\">\r\n    <div class=\"row\" style=\"padding-right: 2%;padding-left: 2%\">\r\n        <p style=\"margin-top: 20px\">\r\n            <img decoding=\"async\" src=\"https:\/\/camptecnologico.com\/inicio\/wp-content\/uploads\/MINECRAFT-KAMPLAND-JUNIOR.jpg\" alt=\"\" width=\"350\" align=\"none\" resize=\"proportional\"\r\n                     class=\"alignleft\" style=\"padding-top:0px;\" \/>\r\n        <\/p>\r\n        <div class=\"text-minificha\">\r\n\t    <h2>Minecraft KampLand <\/h2>\r\n\t    <p><i class=\"fa fa-birthday-cake\"><\/i> <strong> <\/strong> A partir de 3\u00ba de Primaria<\/p>\r\n            <p><i class=\"fa fa-book\"><\/i> Minecraft Educativo<\/p>\r\n            <p><i class=\"fa fa-android\" aria-hidden=\"true\"><\/i> McEdit | MCreator | MakeCode<\/p>\r\n        <\/div>\r\n\r\n        <p style=\"margin-top:10px\">En este taller los participantes adquieren conocimientos sobre el juego a la vez que se desarrollan diferentes capacidad como el conocimiento del \r\n          lenguaje de programaci\u00f3n <strong>Java<\/strong> o la creatividad.<\/p>\r\n\r\n        <p>En nuestro taller los alumnos podr\u00e1n desarrollar todas sus habilidades espaciales, de dise\u00f1o y programaci\u00f3n. Dise\u00f1ar\u00e1n circuitos de <strong>redstone<\/strong> con las \r\n           posibilidades de crear mecanismos espectaculares para crear trampas, modificar\u00e1n sus <strong>skins<\/strong> con los personajes m\u00e1s fant\u00e1sticos y se les introducir\u00e1n \r\n           en la creaci\u00f3n de un servidor de <strong>Minecraft<\/strong> seguro. Adem\u00e1s, dispondremos de uno exclusivo para que todos los alumnos creen su propia casa con todas \r\n           las habilidades aprendidas en <strong>KampLand<\/strong>. \u00bfTe apuntas a nuestra aventura?<\/p>\r\n\r\n        <p style=\"margin-top:30px\">Requerimientos m\u00ednimos de PC: Intel i3, con 4Gb de RAM y con Windows 10 (no valen Tablet, Surface o Chromebook). \r\n             <a href=\"https:\/\/camptecnologico.com\/inicio\/preguntas-frecuentes\/#minecraft\">Aqu\u00ed puedes ver m\u00e1s detalles<\/a>.<\/p>\r\n        <p><strong>Es necesario tener instalada el \u00abMinecraft Java Edition\u00bb y <em>comprobado<\/em>su correcto funcionamiento. En caso contrario se deber\u00e1 solicitar el servicio de alquiler de ordenador.<\/strong><\/p>\r\n        <div style=\"text-align:center; padding-top:10px\">    \r\n           <a class=\"button primary\" href=\"https:\/\/camptecnologico.com\/inicio\/inscripcion-clubs\/\" rel=\"noopener noreferrer\" title=\"Incripci\u00f3n club online\">\r\n                     <i class= aria-hidden=\"true\"><\/i> Inscripci\u00f3n Club Fin de Semana<\/a>\r\n        <\/div>\r\n<hr \/>\r\n\r\n    [wpv-view name=\u00bbclubs-online\u00bb]\r\n<div class=\"row\" style=\"padding-right: 2%;padding-left: 2%\">\r\n    <p>\r\n        <img decoding=\"async\" src=\"https:\/\/camptecnologico.com\/inicio\/wp-content\/uploads\/ARDUINO-STUDENT-KIT.jpg\" alt=\"\" width=\"350\" align=\"none\" resize=\"proportional\"\r\n            class=\"alignleft\" style=\"padding-top:0px;\"\/> \r\n    <\/p>\r\n    <div class=\"text-minificha\">\r\n\t<h2>Introducci\u00f3n a Arduino<\/h2>\r\n\t<p><i class=\"fa fa-birthday-cake\"><\/i> 1\u00ba de ESO en adelante<\/p>\r\n        <p><i class=\"fa fa-book\"><\/i> Electr\u00f3nica| Programaci\u00f3n<\/p>\r\n        <p><i class=\"fa fa-android\" aria-hidden=\"true\"><\/i> Arduino Student Kit<\/p>\r\n    <\/div>\r\n\r\n    <p style=\"margin-top:30px\">Este <strong>Student Kit de Arduino<\/strong><strong> busca ense\u00f1ar los conceptos b\u00e1sicos de programaci\u00f3n y electr\u00f3nica, incluyendo la l\u00f3gica digital. No precisa de conocimiento, ni experiencia previa.<\/strong><\/p>\r\n\r\n    <p>Este Kit se adapta a las habilidades individuales, permitiendo aprender desde casa seg\u00fan el nivel individual de cada alumno. Adem\u00e1s, este kit se puede integrar en diferentes \u00e1reas curriculares como la f\u00edsica, qu\u00edmica e incluso en historia.<\/p>\r\n\r\n    <p>Durante el taller realizar\u00e1n distintos proyectos con sus resistencias, servomotores, &#8230;<\/p>\r\n \r\n    <div style=\"text-align:center; padding-top:10px\">    \r\n           <a class=\"button primary\" href=\"https:\/\/camptecnologico.com\/inicio\/inscripcion-clubs\/\" rel=\"noopener noreferrer\" title=\"Incripci\u00f3n club online\">\r\n                     <i class= aria-hidden=\"true\"><\/i> Inscripci\u00f3n Club Fin de Semana<\/a>\r\n        <\/div>\r\n    <div style=\"margin-top:30px\">  \r\n        <h3 class=\"tituloSeccion\">Informaci\u00f3n General<\/h3>\r\n        <p>Los grupos se formar\u00e1n por edades y conocimientos.<\/p>\r\n    <\/div>\r\n\r\n    <div style=\"margin-top: 30px;\">\r\n        <h3><i class=\"fa fa-map-marker\"><\/i> D\u00f3nde<\/h3>\r\n        <p>Los talleres se realizar\u00e1n de manera <span style=\"font-size: 1.5em;\"> <strong>ON-LINE<span>.<\/span><\/strong><\/span><\/p>\r\n<!--\r\n        <p>El <strong>Club Fin de Semana<\/strong> en Bilbao se imparte en \r\n           <a href=\"https:\/\/www.google.es\/maps\/place\/Azkuna+Zentroa\/@43.2595039,-2.9373495,18.25z\/data=!4m5!3m4!1s0xd4e4fd6478b8a25:0x8b3be5dc2a4d49d9!8m2!3d43.2598291!\r\n                  4d-2.9368123\" target=\"_blanc\" rel=\"nofollow noopener noreferrer\">Azkuna Zentroa<\/a> \r\n              (Alh\u00f3ndiga - Plaza de Arriqu\u00edbar, 4 48010 Bilbao, Bizkaia) \r\n          <img loading=\"lazy\" decoding=\"async\" src=\"https:\/\/camptecnologico.com\/inicio\/wp-content\/uploads\/2015\/05\/AZKUNAZENTROA-LOGOJ0D4-120x120.jpeg\" alt=\"\" width=\"100\" height=\"100\"  \/>\r\n        <\/p>\r\n-->\r\n    <\/div>\r\n\r\n    <div style=\"margin-top: 30px;\">\r\n        <div class=\"fourcol column\" style=\"text-align: left;\">\r\n            <h3><i class=\"fa fa-calendar\"><\/i> Fechas<\/h3>\r\n            <p style=\"text-align: justify;\">A partir del <strong>10 de octubre<\/strong> hasta el <strong>12 de junio<\/strong>.<\/p>\r\n            <p>14 sesiones de <span style=\"font-size: 1.4em;\"><strong>2 hora\/semana<\/strong><\/span><br \/>\r\n               &nbsp;&nbsp;&nbsp;&nbsp;&nbsp;&nbsp;&nbsp;&nbsp;&nbsp;&nbsp;(distribuidas desde Octubre a Junio)<\/p>\r\n\r\n            <h3 style=\"margin-top: 60px\"><i class=\"fa fa-clock-o\" aria-hidden=\"true\"><\/i> Horario<\/h3>\r\n                \r\n\t    <p style=\"font-size: 1.5em;color:#0000FF;\">S\u00e1bados ma\u00f1ana y tarde:<\/p>\r\n            <ul>\r\n                <li>10:00h a 12:00h<\/li>\r\n                <li>16:30h a 18:30h<\/li>\r\n            <\/ul>\r\n        <\/div>\r\n\r\n        <div class=\"fourcol column\" style=\"text-align: left;\">\r\n            <h3><i class=\"fa fa-money\" aria-hidden=\"true\"><\/i> Precios<\/h3>\r\n            <p>Descuento Campa\u00f1a 10\u00ba aniversario<\/p>    \r\n            <ul>\r\n\t        <li>Club Rob\u00f3tica y Arduino: <span class=\"tachaprecio\">62\u20ac\/mes<\/span> <span style=\"font-size: 1.5em;\"> <strong>50\u20ac\/mes<\/strong><\/span><\/li>\r\n                <li>Clubs de Programaci\u00f3n: <span class=\"tachaprecio\">56\u20ac\/mes<\/span> <span style=\"font-size: 1.5em;\"> <strong>45\u20ac\/mes<\/strong><\/span><\/li>\r\n                <li>Matr\u00edcula de inscripci\u00f3n: <span style=\"font-size: 1.8em;\"> <strong>30\u20ac<\/strong><\/span><\/li>\r\n            <\/ul>\r\n\r\n            <p style=\"font-size: 1.5em;color:#0000FF;\">Pago fraccionado sin recargo.<br \/>Cuota fija durante todo el curso.<\/p>\r\n\r\n            <h3 style=\"margin-top: 20px\"><i class=\"fa fa-university\" aria-hidden=\"true\"><\/i> Forma de pago<\/h3>\r\n            <p>Se har\u00e1 Domiciliaci\u00f3n bancaria (d\u00eda 10 de cada mes).<\/p>\r\n            <ul>\r\n                <li>1\u00ba trimestre curso 2020-21,<br \/>&nbsp;&nbsp;&nbsp;&nbsp;&nbsp;<strong>3 recibos de Octubre a Diciembre<\/strong><\/li>\r\n                <li>2\u00ba y 3\u00ba trimestre curso 2020-21,<br \/>&nbsp;&nbsp;&nbsp;&nbsp;&nbsp;<strong>6 recibos de Enero a Junio<\/strong><\/li>\r\n            <\/ul>\r\n<!--\r\n            <p style=\"font-size: 1.1em;color:#0000FF;\">NOTA: En el caso de las extraescolares de rob\u00f3tica, la permanencia m\u00ednima es de 3 meses.<\/p>\r\n-->\r\n        <\/div>\r\n\r\n        <div class=\"fourcol column last\" style=\"text-align: left;\">\r\n            <h3><i class=\"fa fa-money\" aria-hidden=\"true\"><\/i> Descuentos<\/h3>\r\n            <em style=\"font-size: 1.4em; color:#0000FF;\">S\u00f3lo se puede disfrutar de uno de ellos:<\/em>\r\n            <ul>\r\n                <li>Antiguos alumnos: <strong>-5%<\/strong><\/li>\r\n                <li>Plan Gaztedi: <strong>-5%<\/strong><\/li>\r\n                <li>Familia numerosa o monoparental: <strong>-5%<\/strong><\/li>\r\n            <\/ul>\r\n            <p>Adem\u00e1s puede aplicar:<\/p>\r\n            <ul>\r\n                <li>Viene con un hermano y\/o amigo: <strong>-5%<\/strong><\/li>\r\n            <\/ul>\r\n<!--\r\n            <h3 style=\"margin-top: 0px;\"><i class=\"fa fa-truck\" aria-hidden=\"true\"><\/i> Entregas Club Rob\u00f3tica<\/h3>\r\n            <ul>\r\n                <li>Al inicio de las clases se entregar\u00e1 una placa <strong>Micro:bit<\/strong>.<\/li>\r\n                <li>Al inicio del 2\u00ba trimestre (enero) se entregar\u00e1 el <strong>Kit de Rob\u00f3tica<\/strong> correspondiente al nivel.<\/li>\r\n                <li>Al inicio del 3\u00ba trimestre (abril) se entregar\u00e1 partes complementar\u00edas del kit correspondiente.<\/li>\r\n            <\/ul>\r\n            <h3 style=\"margin-top: 0px;\"><i class=\"fa fa-truck\" aria-hidden=\"true\"><\/i> Entregas Club Arduino<\/h3>\r\n            <ul>\r\n                <li>Al inicio de las clases se entregar\u00e1 el <strong>Arduino Student Kit<\/strong>.<\/li>\r\n                <li>Al inicio del 2\u00ba trimestre (enero) se entregar\u00e1n accesorios\/complementos de Arduino.<\/li>\r\n                <li>Al inicio del 3\u00ba trimestre (abril) se entregar\u00e1n otros accesorios\/complementos de Arduino.<\/li>\r\n            <\/ul>\r\n\r\n            <em style=\"font-size: 1.1em; color:#0000FF;\">Los env\u00edos se realizan sin coste adicional para la pen\u00ednsula (otros env\u00edos consultar al <strong>686 510 900<\/strong>)<\/em>\r\n-->\r\n        <\/div> \r\n        <div class=\"clear\"><\/div>\r\n\r\n        <div style=\"text-align:center; padding-top:20px\">    \r\n           <a class=\"button large primary\" href=\"https:\/\/camptecnologico.com\/inicio\/inscripcion-clubs\/\" rel=\"noopener noreferrer\" title=\"Incripci\u00f3n club online\">\r\n                     <i class=\"fa fa-paper-plane\" aria-hidden=\"true\"><\/i> Inscripci\u00f3n Club Fin de Semana<\/a>\r\n        <\/div>\r\n<hr \/>\r\n\r\n        <div marging-top:20px\">                 \r\n            <div class=\"eightcol column\"  style=\"text-align:center; margin: 0px 0px 0px 0px;\">\r\n                <h3>Calendario<\/h3>\r\n                <img decoding=\"async\" src=\"https:\/\/camptecnologico.com\/inicio\/wp-content\/uploads\/Calendario_club_20-21.jpg\" alt=\"\" width=\"773\"  \/>\r\n            <\/div>\r\n\r\n            <div class=\"fourcol column last\" style=\"margin: 50px 0px 0px 20px;\">\r\n                <h3 style=\"background-color:#FF0000; color:#FFFFFF\">Turno 1<\/h3>\r\n                <p style=\"color:#FF0000;\">1\u00ba Trim: 10 y 24 oct, 7 y 21 nov, 19 dic<br \/>\r\n                                          2\u00ba Trim: 16 y 30 ene, 13 y 27 feb, 13 mar<br \/>\r\n                                          3\u00ba Trim: 24 abr, 8 y 22 may, 5 jun<\/p>\r\n                <div class=\"sixcol column \" style=\"margin: 0px 0px 0px 0px;\">\r\n                    <h4>Clubs de ma\u00f1ana<\/h4>\r\n                    <ul>\r\n<!--\r\n                        <li>Rob\u00f3tica<\/li>\r\n                        <li>Arduino<\/li>\r\n-->\r\n                        <li>Unity<\/li>\r\n                    <\/ul>\r\n                <\/div>\r\n                <div class=\"sixcol column last\" style=\"margin: 0px 0px 0px 0px;\">\r\n                    <h4>Clubs de tarde<\/h4>\r\n                    <ul>\r\n<!--\r\n                        <li>Minecraft<\/li>\r\n                        <li>Python<\/li>\r\n                        <li>Roblox<\/li>\r\n-->\r\n                    <\/ul>\r\n                <\/div>\r\n                <div class=\"clear\"><\/div>\r\n\r\n<div style=\"margin-top:50px;\"><\/div>\r\n\r\n                <h3 style=\"background-color:#0000FF; color:#FFFFFF\">Turno 2<\/h3>\r\n                <p style=\"color:#0000FF;\">1\u00ba Trim: 17 y 31 oct, 14 y 28 nov, 12 dic<br \/>\r\n                                          2\u00ba Trim: 23 ene, 6 y 20 feb,6 y 27 mar<br \/>\r\n                                          3\u00ba Trim: 17 abr, 15 y 29 may, 12 jun<\/p>\r\n\r\n                <div class=\"sixcol column \" style=\"margin: 0px 0px 0px 0px;\">\r\n                    <h4>Clubs de ma\u00f1ana<\/h4>\r\n                    <ul>\r\n<!--\r\n                        <li>Minecraft<\/li>\r\n-->\r\n                        <li>Python<\/li>\r\n                        <li>Roblox<\/li>\r\n                    <\/ul>\r\n                <\/div>\r\n                <div class=\"sixcol column last\" style=\"margin: 0px 0px 0px 0px;\">\r\n                    <h4>Clubs de tarde<\/h4>\r\n                    <ul>\r\n<!--\r\n                        <li>Rob\u00f3tica<\/li>\r\n                        <li>Arduino<\/li>\r\n                        <li>Unity<\/li>\r\n-->\r\n                    <\/ul>\r\n                <\/div>\r\n                <div class=\"clear\"><\/div>\r\n\r\n            <\/div>\r\n            <br \/><br \/>\r\n        <\/div>\r\n        <div class=\"clear\"><\/div>\r\n        <div style=\"text-align:center; padding-top:20px\">    \r\n           <a class=\"button large primary\" href=\"https:\/\/camptecnologico.com\/inicio\/inscripcion-clubs\/\" rel=\"noopener noreferrer\" title=\"Incripci\u00f3n club online\">\r\n                     <i class=\"fa fa-paper-plane\" aria-hidden=\"true\"><\/i> Inscripci\u00f3n Club Fin de Semana<\/a>\r\n        <\/div>\r\n    <\/div>\r\n\r\n<hr \/>\r\n\r\n    <p>\r\n        <spam style=\"color:#CC0000;font-weight: bold; font-size: 2.0em;\">AVISO:<\/spam> \r\n        <spam style=\"font-size: 1.7em;\">La realizaci\u00f3n de los clubs esta sujeta a alcanzar un grupo m\u00ednimo de asistentes. \r\n              En caso de no ser factible, desde la organizaci\u00f3n les ofreceremos las alternativas existentes.<\/spam>\r\n    <\/p>\r\n<\/div><\/div><\/div><\/div>","protected":false},"excerpt":{"rendered":"","protected":false},"author":21,"featured_media":22233,"parent":34222,"menu_order":0,"comment_status":"open","ping_status":"open","template":"","meta":{"footnotes":"","_links_to":"","_links_to_target":""},"class_list":["post-48442","page","type-page","status-publish","has-post-thumbnail","hentry"],"yoast_head":"<!-- This site is optimized with the Yoast SEO plugin v22.6 - https:\/\/yoast.com\/wordpress\/plugins\/seo\/ -->\n<title>Club Tecnol\u00f3gico Fin de Semana ONLINE (curso 2020-21)<\/title>\n<meta name=\"description\" content=\"Club Fin de Semana Tecnol\u00f3gico ONLINE. Tecnolog\u00eda Educativa de 6 a 17 a\u00f1os. Tenemos el horario que te va bien. \u00a1Ap\u00fantale!\" \/>\n<meta name=\"robots\" content=\"noindex, follow, max-snippet:-1, max-image-preview:large, max-video-preview:-1\" \/>\n<meta property=\"og:locale\" content=\"es_ES\" \/>\n<meta property=\"og:type\" content=\"article\" \/>\n<meta property=\"og:title\" content=\"Club Tecnol\u00f3gico Fin de Semana ONLINE (curso 2020-21)\" \/>\n<meta property=\"og:description\" content=\"Club Fin de Semana Tecnol\u00f3gico ONLINE. Tecnolog\u00eda Educativa de 6 a 17 a\u00f1os. Tenemos el horario que te va bien. \u00a1Ap\u00fantale!\" \/>\n<meta property=\"og:url\" content=\"https:\/\/camptecnologico.com\/inicio\/club-fin-de-semana\/online\/\" \/>\n<meta property=\"og:site_name\" content=\"Camp Tecnologico\" \/>\n<meta property=\"article:publisher\" content=\"https:\/\/www.facebook.com\/camptecnologico\/\" \/>\n<meta property=\"article:modified_time\" content=\"2021-01-14T09:54:56+00:00\" \/>\n<meta property=\"og:image\" content=\"https:\/\/camptecnologico.com\/inicio\/wp-content\/uploads\/2016\/09\/tecnologia-bilbao-curso.jpg\" \/>\n\t<meta property=\"og:image:width\" content=\"733\" \/>\n\t<meta property=\"og:image:height\" content=\"382\" \/>\n\t<meta property=\"og:image:type\" content=\"image\/jpeg\" \/>\n<meta name=\"twitter:card\" content=\"summary_large_image\" \/>\n<meta name=\"twitter:site\" content=\"@CampTecnologico\" \/>\n<!-- \/ Yoast SEO plugin. -->","yoast_head_json":{"title":"Club Tecnol\u00f3gico Fin de Semana ONLINE (curso 2020-21)","description":"Club Fin de Semana Tecnol\u00f3gico ONLINE. Tecnolog\u00eda Educativa de 6 a 17 a\u00f1os. Tenemos el horario que te va bien. \u00a1Ap\u00fantale!","robots":{"index":"noindex","follow":"follow","max-snippet":"max-snippet:-1","max-image-preview":"max-image-preview:large","max-video-preview":"max-video-preview:-1"},"og_locale":"es_ES","og_type":"article","og_title":"Club Tecnol\u00f3gico Fin de Semana ONLINE (curso 2020-21)","og_description":"Club Fin de Semana Tecnol\u00f3gico ONLINE. Tecnolog\u00eda Educativa de 6 a 17 a\u00f1os. Tenemos el horario que te va bien. \u00a1Ap\u00fantale!","og_url":"https:\/\/camptecnologico.com\/inicio\/club-fin-de-semana\/online\/","og_site_name":"Camp Tecnologico","article_publisher":"https:\/\/www.facebook.com\/camptecnologico\/","article_modified_time":"2021-01-14T09:54:56+00:00","og_image":[{"width":733,"height":382,"url":"https:\/\/camptecnologico.com\/inicio\/wp-content\/uploads\/2016\/09\/tecnologia-bilbao-curso.jpg","type":"image\/jpeg"}],"twitter_card":"summary_large_image","twitter_site":"@CampTecnologico","schema":{"@context":"https:\/\/schema.org","@graph":[{"@type":"WebPage","@id":"https:\/\/camptecnologico.com\/inicio\/club-fin-de-semana\/online\/","url":"https:\/\/camptecnologico.com\/inicio\/club-fin-de-semana\/online\/","name":"Club Tecnol\u00f3gico Fin de Semana ONLINE (curso 2020-21)","isPartOf":{"@id":"https:\/\/camptecnologico.com\/inicio\/#website"},"primaryImageOfPage":{"@id":"https:\/\/camptecnologico.com\/inicio\/club-fin-de-semana\/online\/#primaryimage"},"image":{"@id":"https:\/\/camptecnologico.com\/inicio\/club-fin-de-semana\/online\/#primaryimage"},"thumbnailUrl":"https:\/\/camptecnologico.com\/inicio\/wp-content\/uploads\/2016\/09\/tecnologia-bilbao-curso.jpg","datePublished":"2020-09-09T11:08:22+00:00","dateModified":"2021-01-14T09:54:56+00:00","description":"Club Fin de Semana Tecnol\u00f3gico ONLINE. Tecnolog\u00eda Educativa de 6 a 17 a\u00f1os. Tenemos el horario que te va bien. \u00a1Ap\u00fantale!","breadcrumb":{"@id":"https:\/\/camptecnologico.com\/inicio\/club-fin-de-semana\/online\/#breadcrumb"},"inLanguage":"es","potentialAction":[{"@type":"ReadAction","target":["https:\/\/camptecnologico.com\/inicio\/club-fin-de-semana\/online\/"]}]},{"@type":"ImageObject","inLanguage":"es","@id":"https:\/\/camptecnologico.com\/inicio\/club-fin-de-semana\/online\/#primaryimage","url":"https:\/\/camptecnologico.com\/inicio\/wp-content\/uploads\/2016\/09\/tecnologia-bilbao-curso.jpg","contentUrl":"https:\/\/camptecnologico.com\/inicio\/wp-content\/uploads\/2016\/09\/tecnologia-bilbao-curso.jpg","width":733,"height":382,"caption":"tecnologia, bilbao, azkuna zentroa, club tecnol\u00f3gico"},{"@type":"BreadcrumbList","@id":"https:\/\/camptecnologico.com\/inicio\/club-fin-de-semana\/online\/#breadcrumb","itemListElement":[{"@type":"ListItem","position":1,"name":"Home","item":"https:\/\/camptecnologico.com\/"},{"@type":"ListItem","position":2,"name":"Club Tecnol\u00f3gico Fin de Semana Curso 2020-21","item":"https:\/\/camptecnologico.com\/inicio\/club-fin-de-semana\/"},{"@type":"ListItem","position":3,"name":"Club Tecnol\u00f3gico Fin de Semana ONLINE (curso 2020-21)"}]},{"@type":"WebSite","@id":"https:\/\/camptecnologico.com\/inicio\/#website","url":"https:\/\/camptecnologico.com\/inicio\/","name":"Camp Tecnologico","description":"Campamento tecnol\u00f3gico para ni\u00f1os y j\u00f3venes. Tecnolog\u00eda para ni\u00f1os. Minecraft.","publisher":{"@id":"https:\/\/camptecnologico.com\/inicio\/#organization"},"potentialAction":[{"@type":"SearchAction","target":{"@type":"EntryPoint","urlTemplate":"https:\/\/camptecnologico.com\/inicio\/?s={search_term_string}"},"query-input":"required name=search_term_string"}],"inLanguage":"es"},{"@type":"Organization","@id":"https:\/\/camptecnologico.com\/inicio\/#organization","name":"Camp Tecnol\u00f3gico","url":"https:\/\/camptecnologico.com\/inicio\/","logo":{"@type":"ImageObject","inLanguage":"es","@id":"https:\/\/camptecnologico.com\/inicio\/#\/schema\/logo\/image\/","url":"https:\/\/camptecnologico.com\/inicio\/wp-content\/uploads\/logo1.jpg","contentUrl":"https:\/\/camptecnologico.com\/inicio\/wp-content\/uploads\/logo1.jpg","width":120,"height":120,"caption":"Camp Tecnol\u00f3gico"},"image":{"@id":"https:\/\/camptecnologico.com\/inicio\/#\/schema\/logo\/image\/"},"sameAs":["https:\/\/www.facebook.com\/camptecnologico\/","https:\/\/x.com\/CampTecnologico","https:\/\/www.instagram.com\/camptecnologico\/","https:\/\/www.linkedin.com\/company\/camptecnol-gico","https:\/\/www.youtube.com\/user\/CampTecologico"]}]}},"_links":{"self":[{"href":"https:\/\/camptecnologico.com\/inicio\/wp-json\/wp\/v2\/pages\/48442","targetHints":{"allow":["GET"]}}],"collection":[{"href":"https:\/\/camptecnologico.com\/inicio\/wp-json\/wp\/v2\/pages"}],"about":[{"href":"https:\/\/camptecnologico.com\/inicio\/wp-json\/wp\/v2\/types\/page"}],"author":[{"embeddable":true,"href":"https:\/\/camptecnologico.com\/inicio\/wp-json\/wp\/v2\/users\/21"}],"replies":[{"embeddable":true,"href":"https:\/\/camptecnologico.com\/inicio\/wp-json\/wp\/v2\/comments?post=48442"}],"version-history":[{"count":41,"href":"https:\/\/camptecnologico.com\/inicio\/wp-json\/wp\/v2\/pages\/48442\/revisions"}],"predecessor-version":[{"id":49646,"href":"https:\/\/camptecnologico.com\/inicio\/wp-json\/wp\/v2\/pages\/48442\/revisions\/49646"}],"up":[{"embeddable":true,"href":"https:\/\/camptecnologico.com\/inicio\/wp-json\/wp\/v2\/pages\/34222"}],"wp:featuredmedia":[{"embeddable":true,"href":"https:\/\/camptecnologico.com\/inicio\/wp-json\/wp\/v2\/media\/22233"}],"wp:attachment":[{"href":"https:\/\/camptecnologico.com\/inicio\/wp-json\/wp\/v2\/media?parent=48442"}],"curies":[{"name":"wp","href":"https:\/\/api.w.org\/{rel}","templated":true}]}}