




{"id":48170,"date":"2020-07-22T14:49:51","date_gmt":"2020-07-22T13:49:51","guid":{"rendered":"https:\/\/camptecnologico.com\/inicio\/?page_id=48170"},"modified":"2021-01-11T11:00:24","modified_gmt":"2021-01-11T10:00:24","slug":"examen-certificacion-arduino","status":"publish","type":"page","link":"https:\/\/camptecnologico.com\/inicio\/examen-certificacion-arduino\/","title":{"rendered":"Curso preparaci\u00f3n Examen Certificaci\u00f3n Arduino"},"content":{"rendered":"<div class=\"row\">\r\n    <div class=\"sevencol column\" style=\"margin: 0px 0px 0px 0px;\">\r\n        <p style=\"font-size: 140%; color: #009900\">\r\n            <strong>Certificado oficial de Arduino en el campo de la programaci\u00f3n y la electr\u00f3nica mediante el examen de Fundamentals de Arduino<\/strong>.\r\n        <\/p>\r\n\r\n        <p>Arduino Fundamentals es un examen en l\u00ednea que proporciona certificaci\u00f3n oficial sobre su conocimiento de la electr\u00f3nica, programaci\u00f3n y computaci\u00f3n f\u00edsica relacionadas con Arduino.<\/p>\r\n\r\n        <p>En este curso que consta de 4 sesiones de 2 horas, se impartir\u00e1 los conocimientos necesarios con un tutor <strong>online <\/strong>sobre electr\u00f3nica, programaci\u00f3n y <strong>Arduino <\/strong>para prepararse para el examen de Certificaci\u00f3n de Arduino.<\/p>\r\n\r\n        <p>Los conceptos del curso se basan en el los proyectos del Arduino Starter Kit y asentar\u00e1n el conocimiento necesario para conseguir la acreditaci\u00f3n.<\/p>\r\n\r\n<br \/>\r\n        <ul style=\"margin: 0px 0px 0px 100px\">\r\n            <li style=\"font-size: 120%;\">Fechas: <strong>13, 15, 20 y 22 de octubre<\/strong> (4 sesiones de 2 hora)<\/li>\r\n            <li style=\"font-size: 120%;\">Horario: <strong>de las 16:30 a las 18:30<\/strong><\/li>\r\n            <li style=\"font-size: 120%;\">Precio: <strong>127,50\u20ac<\/strong><\/li>\r\n            <li style=\"font-size: 120%;\">Precio: <strong>197,50\u20ac<\/strong> <em>(en el caso de necesitar el Arduino Kit Started)<\/em> <\/li>\r\n            <li style=\"font-size: 120%;\">Forma de pago con <strong>tarjeta de cr\u00e9dito<\/strong> o <strong>transferencia bancaria<\/strong><\/li>\r\n        <\/ul>\r\n    <\/div>\r\n    <div class=\"fivecol column last\" style=\"margin: 50px 0px 0px 10px;\">\r\n        <img decoding=\"async\" src=\"https:\/\/camptecnologico.com\/inicio\/wp-content\/uploads\/cert_fundamentals_arduino.jpg\" alt=\"\" width=\"600\" class=\"alignright size-full wp-image-48090\" \/>\r\n    <\/div>\r\n    <div class=\"clearfix\"><\/div>\r\n\r\n    <div style=\"margin: 40px 0px 10px 20px; text-align:center\">\r\n        <a class=\"button large primary\" href=\"https:\/\/camptecnologico.com\/inicio\/inscripcion\/\" id=\"btnCampus5998\" rel=\"nofollow noopener noreferrer\">\r\n            <i class=\"fa fa-paper-plane\" aria-hidden=\"true\"><\/i> Realizar Inscripci\u00f3n<\/a> \r\n    <\/div>\r\n<\/div>\r\n\r\n<script>\r\n    jQuery(\"[id^='btnCampus']\").on(\"click\", function() {\r\n         sessionStorage.campus = jQuery(this).attr(\"id\").replace(\"btnCampus\", \"\");\r\n    });\r\n<\/script>","protected":false},"excerpt":{"rendered":"Certificado oficial de Arduino en el campo de la programaci\u00f3n y la electr\u00f3nica mediante el examen de Fundamentals de Arduino. Arduino Fundamentals es un examen en l\u00ednea que proporciona certificaci\u00f3n oficial sobre su conocimiento de la electr\u00f3nica, programaci\u00f3n y computaci\u00f3n f\u00edsica relacionadas con Arduino. En este curso que consta de 4 sesiones de 2 horas, [&hellip;]","protected":false},"author":21,"featured_media":49704,"parent":0,"menu_order":0,"comment_status":"open","ping_status":"open","template":"","meta":{"footnotes":"","_links_to":"","_links_to_target":""},"class_list":["post-48170","page","type-page","status-publish","has-post-thumbnail","hentry"],"yoast_head":"<!-- This site is optimized with the Yoast SEO plugin v22.6 - https:\/\/yoast.com\/wordpress\/plugins\/seo\/ -->\n<title>Curso preparaci\u00f3n Examen Certificaci\u00f3n Arduino | Camp Tecnologico<\/title>\n<meta name=\"description\" content=\"Camp Tecnol\u00f3gico es un Proyecto Educativo con el objetivo de despertar el inter\u00e9s de los j\u00f3venes por la Ciencia, Tecnolog\u00eda, Ingenier\u00eda y las Matem\u00e1ticas.\" \/>\n<meta name=\"robots\" content=\"noindex, follow, max-snippet:-1, max-image-preview:large, max-video-preview:-1\" \/>\n<meta property=\"og:locale\" content=\"es_ES\" \/>\n<meta property=\"og:type\" content=\"article\" \/>\n<meta property=\"og:title\" content=\"Curso preparaci\u00f3n Examen Certificaci\u00f3n Arduino | Camp Tecnologico\" \/>\n<meta property=\"og:description\" content=\"Camp Tecnol\u00f3gico es un Proyecto Educativo con el objetivo de despertar el inter\u00e9s de los j\u00f3venes por la Ciencia, Tecnolog\u00eda, Ingenier\u00eda y las Matem\u00e1ticas.\" \/>\n<meta property=\"og:url\" content=\"https:\/\/camptecnologico.com\/inicio\/examen-certificacion-arduino\/\" \/>\n<meta property=\"og:site_name\" content=\"Camp Tecnologico\" \/>\n<meta property=\"article:publisher\" content=\"https:\/\/www.facebook.com\/camptecnologico\/\" \/>\n<meta property=\"article:modified_time\" content=\"2021-01-11T10:00:24+00:00\" \/>\n<meta property=\"og:image\" content=\"https:\/\/camptecnologico.com\/inicio\/wp-content\/uploads\/industry-4.0camptec-1.jpg\" \/>\n\t<meta property=\"og:image:width\" content=\"400\" \/>\n\t<meta property=\"og:image:height\" content=\"235\" \/>\n\t<meta property=\"og:image:type\" content=\"image\/jpeg\" \/>\n<meta name=\"twitter:card\" content=\"summary_large_image\" \/>\n<meta name=\"twitter:site\" content=\"@CampTecnologico\" \/>\n<meta name=\"twitter:label1\" content=\"Tiempo de lectura\" \/>\n\t<meta name=\"twitter:data1\" content=\"1 minuto\" \/>\n<!-- \/ Yoast SEO plugin. -->","yoast_head_json":{"title":"Curso preparaci\u00f3n Examen Certificaci\u00f3n Arduino | Camp Tecnologico","description":"Camp Tecnol\u00f3gico es un Proyecto Educativo con el objetivo de despertar el inter\u00e9s de los j\u00f3venes por la Ciencia, Tecnolog\u00eda, Ingenier\u00eda y las Matem\u00e1ticas.","robots":{"index":"noindex","follow":"follow","max-snippet":"max-snippet:-1","max-image-preview":"max-image-preview:large","max-video-preview":"max-video-preview:-1"},"og_locale":"es_ES","og_type":"article","og_title":"Curso preparaci\u00f3n Examen Certificaci\u00f3n Arduino | Camp Tecnologico","og_description":"Camp Tecnol\u00f3gico es un Proyecto Educativo con el objetivo de despertar el inter\u00e9s de los j\u00f3venes por la Ciencia, Tecnolog\u00eda, Ingenier\u00eda y las Matem\u00e1ticas.","og_url":"https:\/\/camptecnologico.com\/inicio\/examen-certificacion-arduino\/","og_site_name":"Camp Tecnologico","article_publisher":"https:\/\/www.facebook.com\/camptecnologico\/","article_modified_time":"2021-01-11T10:00:24+00:00","og_image":[{"width":400,"height":235,"url":"https:\/\/camptecnologico.com\/inicio\/wp-content\/uploads\/industry-4.0camptec-1.jpg","type":"image\/jpeg"}],"twitter_card":"summary_large_image","twitter_site":"@CampTecnologico","twitter_misc":{"Tiempo de lectura":"1 minuto"},"schema":{"@context":"https:\/\/schema.org","@graph":[{"@type":"WebPage","@id":"https:\/\/camptecnologico.com\/inicio\/examen-certificacion-arduino\/","url":"https:\/\/camptecnologico.com\/inicio\/examen-certificacion-arduino\/","name":"Curso preparaci\u00f3n Examen Certificaci\u00f3n Arduino | Camp Tecnologico","isPartOf":{"@id":"https:\/\/camptecnologico.com\/inicio\/#website"},"primaryImageOfPage":{"@id":"https:\/\/camptecnologico.com\/inicio\/examen-certificacion-arduino\/#primaryimage"},"image":{"@id":"https:\/\/camptecnologico.com\/inicio\/examen-certificacion-arduino\/#primaryimage"},"thumbnailUrl":"https:\/\/camptecnologico.com\/inicio\/wp-content\/uploads\/industry-4.0camptec-1.jpg","datePublished":"2020-07-22T13:49:51+00:00","dateModified":"2021-01-11T10:00:24+00:00","description":"Camp Tecnol\u00f3gico es un Proyecto Educativo con el objetivo de despertar el inter\u00e9s de los j\u00f3venes por la Ciencia, Tecnolog\u00eda, Ingenier\u00eda y las Matem\u00e1ticas.","breadcrumb":{"@id":"https:\/\/camptecnologico.com\/inicio\/examen-certificacion-arduino\/#breadcrumb"},"inLanguage":"es","potentialAction":[{"@type":"ReadAction","target":["https:\/\/camptecnologico.com\/inicio\/examen-certificacion-arduino\/"]}]},{"@type":"ImageObject","inLanguage":"es","@id":"https:\/\/camptecnologico.com\/inicio\/examen-certificacion-arduino\/#primaryimage","url":"https:\/\/camptecnologico.com\/inicio\/wp-content\/uploads\/industry-4.0camptec-1.jpg","contentUrl":"https:\/\/camptecnologico.com\/inicio\/wp-content\/uploads\/industry-4.0camptec-1.jpg","width":400,"height":235},{"@type":"BreadcrumbList","@id":"https:\/\/camptecnologico.com\/inicio\/examen-certificacion-arduino\/#breadcrumb","itemListElement":[{"@type":"ListItem","position":1,"name":"Home","item":"https:\/\/camptecnologico.com\/"},{"@type":"ListItem","position":2,"name":"Curso preparaci\u00f3n Examen Certificaci\u00f3n Arduino"}]},{"@type":"WebSite","@id":"https:\/\/camptecnologico.com\/inicio\/#website","url":"https:\/\/camptecnologico.com\/inicio\/","name":"Camp Tecnologico","description":"Campamento tecnol\u00f3gico para ni\u00f1os y j\u00f3venes. Tecnolog\u00eda para ni\u00f1os. Minecraft.","publisher":{"@id":"https:\/\/camptecnologico.com\/inicio\/#organization"},"potentialAction":[{"@type":"SearchAction","target":{"@type":"EntryPoint","urlTemplate":"https:\/\/camptecnologico.com\/inicio\/?s={search_term_string}"},"query-input":"required name=search_term_string"}],"inLanguage":"es"},{"@type":"Organization","@id":"https:\/\/camptecnologico.com\/inicio\/#organization","name":"Camp Tecnol\u00f3gico","url":"https:\/\/camptecnologico.com\/inicio\/","logo":{"@type":"ImageObject","inLanguage":"es","@id":"https:\/\/camptecnologico.com\/inicio\/#\/schema\/logo\/image\/","url":"https:\/\/camptecnologico.com\/inicio\/wp-content\/uploads\/logo1.jpg","contentUrl":"https:\/\/camptecnologico.com\/inicio\/wp-content\/uploads\/logo1.jpg","width":120,"height":120,"caption":"Camp Tecnol\u00f3gico"},"image":{"@id":"https:\/\/camptecnologico.com\/inicio\/#\/schema\/logo\/image\/"},"sameAs":["https:\/\/www.facebook.com\/camptecnologico\/","https:\/\/x.com\/CampTecnologico","https:\/\/www.instagram.com\/camptecnologico\/","https:\/\/www.linkedin.com\/company\/camptecnol-gico","https:\/\/www.youtube.com\/user\/CampTecologico"]}]}},"_links":{"self":[{"href":"https:\/\/camptecnologico.com\/inicio\/wp-json\/wp\/v2\/pages\/48170","targetHints":{"allow":["GET"]}}],"collection":[{"href":"https:\/\/camptecnologico.com\/inicio\/wp-json\/wp\/v2\/pages"}],"about":[{"href":"https:\/\/camptecnologico.com\/inicio\/wp-json\/wp\/v2\/types\/page"}],"author":[{"embeddable":true,"href":"https:\/\/camptecnologico.com\/inicio\/wp-json\/wp\/v2\/users\/21"}],"replies":[{"embeddable":true,"href":"https:\/\/camptecnologico.com\/inicio\/wp-json\/wp\/v2\/comments?post=48170"}],"version-history":[{"count":29,"href":"https:\/\/camptecnologico.com\/inicio\/wp-json\/wp\/v2\/pages\/48170\/revisions"}],"predecessor-version":[{"id":49633,"href":"https:\/\/camptecnologico.com\/inicio\/wp-json\/wp\/v2\/pages\/48170\/revisions\/49633"}],"wp:featuredmedia":[{"embeddable":true,"href":"https:\/\/camptecnologico.com\/inicio\/wp-json\/wp\/v2\/media\/49704"}],"wp:attachment":[{"href":"https:\/\/camptecnologico.com\/inicio\/wp-json\/wp\/v2\/media?parent=48170"}],"curies":[{"name":"wp","href":"https:\/\/api.w.org\/{rel}","templated":true}]}}