




{"id":47494,"date":"2020-01-03T11:18:57","date_gmt":"2020-01-03T10:18:57","guid":{"rendered":"https:\/\/camptecnologico.com\/inicio\/?page_id=47494"},"modified":"2020-07-02T10:10:35","modified_gmt":"2020-07-02T09:10:35","slug":"algorithmics","status":"publish","type":"page","link":"https:\/\/camptecnologico.com\/inicio\/algorithmics\/","title":{"rendered":"Talleres  Algorithmics Online Junio 2020"},"content":{"rendered":"<script>\r\n    sessionStorage.campus=5996;\r\n<\/script>\r\n\r\n<div class=\"row\">\r\n    <p><a href=\"https:\/\/camptecnologico.com\/inicio\/\">Camp Tecnol\u00f3gico<\/a> ha desarrollado una metodolog\u00eda y una plataforma educativa que le ha permitido transformarse en una organizaci\u00f3n digital donde sus profesores pueden estar en cualquier parte del mundo y los alumnos que reciben la formaci\u00f3n en Espa\u00f1ol tambi\u00e9n en cualquier otro sitio.<\/p>\r\n\r\n    <p>La clave est\u00e1 en la interacci\u00f3n de los alumnos con su profesor y tambi\u00e9n entre los propios alumnos como un elemento imprescindible del proceso de aprendizaje. El c\u00faal est\u00e1 basado en proyectos que son compartidos entre los alumnos de forma digital, lo que resuelve la situaci\u00f3n de no encontrase f\u00edsicamente en una misma aula.<\/p>\r\n\r\n<!--\r\n    <div style=\"border: 2px solid; border-color: #FF2200;\">\r\n        <p class=\"KIDS\">Academia marciana con SCRATCH (8-11 a\u00f1os)<\/p>\r\n        <div class=\"threecol column\" style=\"margin: 0px 0px 0px 10px;\">\r\n            <img decoding=\"async\" src=\"https:\/\/camptecnologico.com\/inicio\/wp-content\/uploads\/Scratch.jpg\" alt=\"\" width=\"350\" align=\"none\" resize=\"proportional\"\r\n            class=\"alignleft\" style=\"padding-top:0px;\"\/>\r\n        <\/div>\r\n        <div class=\"fivecol column\" style=\"margin: 10px 10px 0px 10px;\">\r\n            <p>De manera muy visual, los asistentes al campamento de Academia Marciana podr\u00e1n programar juegos, animaciones y otros proyectos digitales, sirvi\u00e9ndoles como introducci\u00f3n y manejo al apasionante mundo de la programaci\u00f3n.<\/p>\r\n\r\n            <p style=\"margin-top: 10px; font-weight: bold;\">ESTA GRAN AVENTURA INCLUYE:<\/p>\r\n            <ul>\r\n                <li>Clases Online en Directo<\/li>\r\n                <li><strong>Grupos reducidos<\/strong>, m\u00e1ximo 8 Alumnos por clase<\/li>\r\n                <li>Acceso a la plataforma online 24x7 toda la semana<\/li>\r\n                <li>Martegrama: Un enlace directo con el profesor para resolver cualquier duda del alumno\/a<\/li>\r\n                <li>Sesiones por semana: 3<\/li>\r\n                <li>Duraci\u00f3n de cada sesi\u00f3n: <strong>90 Minutos\/sesi\u00f3n<\/strong><\/li>\r\n                <li>Horario: de ma\u00f1ana y\/o de tarde<\/li>\r\n            <\/ul>\r\n        <\/div>\r\n        <div class=\"fourcol column last\" style=\"margin: 0px 0px 10px 0px;\">\r\n            <h3><i class=\"fa fa-calendar\" aria-hidden=\"true\"><\/i> Fechas<\/h3>\r\n            <p>Del 8 al 25 de junio<\/p>\r\n\r\n            <h3><i class=\"fa fa-clock-o\" aria-hidden=\"true\"><\/i> Horario<\/h3>\r\n            <p>Lunes, Martes y Jueves de <strong>17:30 a 19:00<\/strong><\/p>\r\n\r\n            <h3><i class=\"fa fa-money\" aria-hidden=\"true\"><\/i> Precio<\/h3>\r\n            <p>Descuento Campa\u00f1a 10\u00ba aniversario<\/p> \r\n            <ul>\r\n\t        <li> <span class=\"tachaprecio\">155\u20ac<\/span> <span style=\"font-size: 1.7em;\"> <strong>125\u20ac<\/strong><\/span><\/li>\r\n            <\/ul>\r\n\r\n            <p>Y adem\u00e1s, <strong>descuento 10% para antiguos alumnos<\/strong> de CampTecnol\u00f3gico<\/p> \r\n\r\n            <a class=\"button large primary\" href=\"https:\/\/camptecnologico.com\/inicio\/inscripcion\/\" target=\"_blank\" rel=\"noopener noreferrer\" title=\"Incripci\u00f3n Talleres online\"><i class=\"fa fa-paper-plane\" aria-hidden=\"true\"><\/i> Reservar plaza<\/a>\r\n        <\/div>\r\n        <div class=\"clearfix\"><\/div>\r\n    <\/div>\r\n\r\n<br \/>\r\n-->\r\n\r\n    <div style=\"border: 2px solid; border-color: #000066;\">\r\n        <p class=\"JUNIOR\">PYTHON (a partir de 12 a\u00f1os)<\/p>\r\n        <div class=\"threecol column\" style=\"margin: 0px 0px 0px 10px;\">\r\n            <img decoding=\"async\" src=\"https:\/\/camptecnologico.com\/inicio\/wp-content\/uploads\/Python.jpg\" alt=\"\" width=\"350\" align=\"none\" resize=\"proportional\"\r\n            class=\"alignleft\" style=\"padding-top:0px;\"\/>\r\n        <\/div>\r\n        <div class=\"fivecol column\" style=\"margin: 10px 10px 0px 10px;\">\r\n            <p>En este campamento los alumnos\/as aprender\u00e1n a crear sus propios proyectos digitales manejando uno de los programas de codificaci\u00f3n m\u00e1s profesionales.<\/p>\r\n\r\n            <p style=\"margin-top: 10px; font-weight: bold;\">QU\u00c9 INCLUYE ESTE CAMPAMENTO ONLINE:<\/p>\r\n            <ul>\r\n                <li>Clases Online en Directo<\/li>\r\n                <li><strong>Grupos reducidos<\/strong>, m\u00e1ximo 8 Alumnos por clase<\/li>\r\n                <li>Acceso a la plataforma online 24&#215;7 toda la semana<\/li>\r\n                <li>Martegrama: Un enlace directo con el profesor para resolver cualquier duda del alumno\/a<\/li>\r\n                <li>Sesiones por semana: 4<\/li>\r\n                <li>Duraci\u00f3n de cada sesi\u00f3n: <strong>90 Minutos\/sesi\u00f3n<\/strong><\/li>\r\n                <li>Horario: de ma\u00f1ana<\/li>\r\n            <\/ul>\r\n        <\/div>\r\n        <div class=\"fourcol column last\" style=\"margin: 0px 0px 10px 0px;\">\r\n            <h3><i class=\"fa fa-calendar\" aria-hidden=\"true\"><\/i> Fechas<\/h3>\r\n            <p>Del 15 al 18 y 22 al 25 de junio<\/p>\r\n\r\n            <h3><i class=\"fa fa-clock-o\" aria-hidden=\"true\"><\/i> Horario<\/h3>\r\n            <p>De Lunes a Jueves de <strong>10:00 a 11:30<\/strong><\/p>\r\n\r\n            <h3><i class=\"fa fa-money\" aria-hidden=\"true\"><\/i> Precio<\/h3>\r\n            <p>Descuento Campa\u00f1a 10\u00ba aniversario<\/p> \r\n            <ul>\r\n\t        <li> <span class=\"tachaprecio\">125\u20ac<\/span> <span style=\"font-size: 1.7em;\"> <strong>110\u20ac<\/strong><\/span><\/li>\r\n            <\/ul>\r\n\r\n            <p>Y adem\u00e1s, <strong>descuento 10\u20ac para antiguos alumnos<\/strong> de CampTecnol\u00f3gico<\/p> \r\n\r\n            <a class=\"button large primary\" href=\"https:\/\/camptecnologico.com\/inicio\/inscripcion\/\" target=\"_blank\" rel=\"noopener noreferrer\" title=\"Incripci\u00f3n Talleres online\"><i class=\"fa fa-paper-plane\" aria-hidden=\"true\"><\/i> Reservar plaza<\/a>\r\n        <\/div>\r\n        <div class=\"clearfix\"><\/div>\r\n    <\/div>\r\n<\/div>","protected":false},"excerpt":{"rendered":"Camp Tecnol\u00f3gico ha desarrollado una metodolog\u00eda y una plataforma educativa que le ha permitido transformarse en una organizaci\u00f3n digital donde sus profesores pueden estar en cualquier parte del mundo y los alumnos que reciben la formaci\u00f3n en Espa\u00f1ol tambi\u00e9n en cualquier otro sitio. La clave est\u00e1 en la interacci\u00f3n de los alumnos con su profesor [&hellip;]","protected":false},"author":21,"featured_media":49704,"parent":0,"menu_order":0,"comment_status":"open","ping_status":"open","template":"","meta":{"footnotes":"","_links_to":"","_links_to_target":""},"class_list":["post-47494","page","type-page","status-publish","has-post-thumbnail","hentry"],"yoast_head":"<!-- This site is optimized with the Yoast SEO plugin v22.6 - https:\/\/yoast.com\/wordpress\/plugins\/seo\/ -->\n<title>Talleres Algorithmics Online Junio 2020 | Camp Tecnologico<\/title>\n<meta name=\"description\" content=\"Camp Tecnol\u00f3gico es un Proyecto Educativo con el objetivo de despertar el inter\u00e9s de los j\u00f3venes por la Ciencia, Tecnolog\u00eda, Ingenier\u00eda y las Matem\u00e1ticas.\" \/>\n<meta name=\"robots\" content=\"noindex, follow, max-snippet:-1, max-image-preview:large, max-video-preview:-1\" \/>\n<meta property=\"og:locale\" content=\"es_ES\" \/>\n<meta property=\"og:type\" content=\"article\" \/>\n<meta property=\"og:title\" content=\"Talleres Algorithmics Online Junio 2020 | Camp Tecnologico\" \/>\n<meta property=\"og:description\" content=\"Camp Tecnol\u00f3gico es un Proyecto Educativo con el objetivo de despertar el inter\u00e9s de los j\u00f3venes por la Ciencia, Tecnolog\u00eda, Ingenier\u00eda y las Matem\u00e1ticas.\" \/>\n<meta property=\"og:url\" content=\"https:\/\/camptecnologico.com\/inicio\/algorithmics\/\" \/>\n<meta property=\"og:site_name\" content=\"Camp Tecnologico\" \/>\n<meta property=\"article:publisher\" content=\"https:\/\/www.facebook.com\/camptecnologico\/\" \/>\n<meta property=\"article:modified_time\" content=\"2020-07-02T09:10:35+00:00\" \/>\n<meta property=\"og:image\" content=\"https:\/\/camptecnologico.com\/inicio\/wp-content\/uploads\/industry-4.0camptec-1.jpg\" \/>\n\t<meta property=\"og:image:width\" content=\"400\" \/>\n\t<meta property=\"og:image:height\" content=\"235\" \/>\n\t<meta property=\"og:image:type\" content=\"image\/jpeg\" \/>\n<meta name=\"twitter:card\" content=\"summary_large_image\" \/>\n<meta name=\"twitter:site\" content=\"@CampTecnologico\" \/>\n<meta name=\"twitter:label1\" content=\"Tiempo de lectura\" \/>\n\t<meta name=\"twitter:data1\" content=\"1 minuto\" \/>\n<!-- \/ Yoast SEO plugin. -->","yoast_head_json":{"title":"Talleres Algorithmics Online Junio 2020 | Camp Tecnologico","description":"Camp Tecnol\u00f3gico es un Proyecto Educativo con el objetivo de despertar el inter\u00e9s de los j\u00f3venes por la Ciencia, Tecnolog\u00eda, Ingenier\u00eda y las Matem\u00e1ticas.","robots":{"index":"noindex","follow":"follow","max-snippet":"max-snippet:-1","max-image-preview":"max-image-preview:large","max-video-preview":"max-video-preview:-1"},"og_locale":"es_ES","og_type":"article","og_title":"Talleres Algorithmics Online Junio 2020 | Camp Tecnologico","og_description":"Camp Tecnol\u00f3gico es un Proyecto Educativo con el objetivo de despertar el inter\u00e9s de los j\u00f3venes por la Ciencia, Tecnolog\u00eda, Ingenier\u00eda y las Matem\u00e1ticas.","og_url":"https:\/\/camptecnologico.com\/inicio\/algorithmics\/","og_site_name":"Camp Tecnologico","article_publisher":"https:\/\/www.facebook.com\/camptecnologico\/","article_modified_time":"2020-07-02T09:10:35+00:00","og_image":[{"width":400,"height":235,"url":"https:\/\/camptecnologico.com\/inicio\/wp-content\/uploads\/industry-4.0camptec-1.jpg","type":"image\/jpeg"}],"twitter_card":"summary_large_image","twitter_site":"@CampTecnologico","twitter_misc":{"Tiempo de lectura":"1 minuto"},"schema":{"@context":"https:\/\/schema.org","@graph":[{"@type":"WebPage","@id":"https:\/\/camptecnologico.com\/inicio\/algorithmics\/","url":"https:\/\/camptecnologico.com\/inicio\/algorithmics\/","name":"Talleres Algorithmics Online Junio 2020 | Camp Tecnologico","isPartOf":{"@id":"https:\/\/camptecnologico.com\/inicio\/#website"},"primaryImageOfPage":{"@id":"https:\/\/camptecnologico.com\/inicio\/algorithmics\/#primaryimage"},"image":{"@id":"https:\/\/camptecnologico.com\/inicio\/algorithmics\/#primaryimage"},"thumbnailUrl":"https:\/\/camptecnologico.com\/inicio\/wp-content\/uploads\/industry-4.0camptec-1.jpg","datePublished":"2020-01-03T10:18:57+00:00","dateModified":"2020-07-02T09:10:35+00:00","description":"Camp Tecnol\u00f3gico es un Proyecto Educativo con el objetivo de despertar el inter\u00e9s de los j\u00f3venes por la Ciencia, Tecnolog\u00eda, Ingenier\u00eda y las Matem\u00e1ticas.","breadcrumb":{"@id":"https:\/\/camptecnologico.com\/inicio\/algorithmics\/#breadcrumb"},"inLanguage":"es","potentialAction":[{"@type":"ReadAction","target":["https:\/\/camptecnologico.com\/inicio\/algorithmics\/"]}]},{"@type":"ImageObject","inLanguage":"es","@id":"https:\/\/camptecnologico.com\/inicio\/algorithmics\/#primaryimage","url":"https:\/\/camptecnologico.com\/inicio\/wp-content\/uploads\/industry-4.0camptec-1.jpg","contentUrl":"https:\/\/camptecnologico.com\/inicio\/wp-content\/uploads\/industry-4.0camptec-1.jpg","width":400,"height":235},{"@type":"BreadcrumbList","@id":"https:\/\/camptecnologico.com\/inicio\/algorithmics\/#breadcrumb","itemListElement":[{"@type":"ListItem","position":1,"name":"Home","item":"https:\/\/camptecnologico.com\/"},{"@type":"ListItem","position":2,"name":"Talleres Algorithmics Online Junio 2020"}]},{"@type":"WebSite","@id":"https:\/\/camptecnologico.com\/inicio\/#website","url":"https:\/\/camptecnologico.com\/inicio\/","name":"Camp Tecnologico","description":"Campamento tecnol\u00f3gico para ni\u00f1os y j\u00f3venes. Tecnolog\u00eda para ni\u00f1os. Minecraft.","publisher":{"@id":"https:\/\/camptecnologico.com\/inicio\/#organization"},"potentialAction":[{"@type":"SearchAction","target":{"@type":"EntryPoint","urlTemplate":"https:\/\/camptecnologico.com\/inicio\/?s={search_term_string}"},"query-input":"required name=search_term_string"}],"inLanguage":"es"},{"@type":"Organization","@id":"https:\/\/camptecnologico.com\/inicio\/#organization","name":"Camp Tecnol\u00f3gico","url":"https:\/\/camptecnologico.com\/inicio\/","logo":{"@type":"ImageObject","inLanguage":"es","@id":"https:\/\/camptecnologico.com\/inicio\/#\/schema\/logo\/image\/","url":"https:\/\/camptecnologico.com\/inicio\/wp-content\/uploads\/logo1.jpg","contentUrl":"https:\/\/camptecnologico.com\/inicio\/wp-content\/uploads\/logo1.jpg","width":120,"height":120,"caption":"Camp Tecnol\u00f3gico"},"image":{"@id":"https:\/\/camptecnologico.com\/inicio\/#\/schema\/logo\/image\/"},"sameAs":["https:\/\/www.facebook.com\/camptecnologico\/","https:\/\/x.com\/CampTecnologico","https:\/\/www.instagram.com\/camptecnologico\/","https:\/\/www.linkedin.com\/company\/camptecnol-gico","https:\/\/www.youtube.com\/user\/CampTecologico"]}]}},"_links":{"self":[{"href":"https:\/\/camptecnologico.com\/inicio\/wp-json\/wp\/v2\/pages\/47494","targetHints":{"allow":["GET"]}}],"collection":[{"href":"https:\/\/camptecnologico.com\/inicio\/wp-json\/wp\/v2\/pages"}],"about":[{"href":"https:\/\/camptecnologico.com\/inicio\/wp-json\/wp\/v2\/types\/page"}],"author":[{"embeddable":true,"href":"https:\/\/camptecnologico.com\/inicio\/wp-json\/wp\/v2\/users\/21"}],"replies":[{"embeddable":true,"href":"https:\/\/camptecnologico.com\/inicio\/wp-json\/wp\/v2\/comments?post=47494"}],"version-history":[{"count":39,"href":"https:\/\/camptecnologico.com\/inicio\/wp-json\/wp\/v2\/pages\/47494\/revisions"}],"predecessor-version":[{"id":47762,"href":"https:\/\/camptecnologico.com\/inicio\/wp-json\/wp\/v2\/pages\/47494\/revisions\/47762"}],"wp:featuredmedia":[{"embeddable":true,"href":"https:\/\/camptecnologico.com\/inicio\/wp-json\/wp\/v2\/media\/49704"}],"wp:attachment":[{"href":"https:\/\/camptecnologico.com\/inicio\/wp-json\/wp\/v2\/media?parent=47494"}],"curies":[{"name":"wp","href":"https:\/\/api.w.org\/{rel}","templated":true}]}}