




{"id":46879,"date":"2020-05-23T13:24:47","date_gmt":"2020-05-23T12:24:47","guid":{"rendered":"https:\/\/camptecnologico.com\/inicio\/?page_id=46879"},"modified":"2020-07-13T08:40:50","modified_gmt":"2020-07-13T07:40:50","slug":"bilbao","status":"publish","type":"page","link":"https:\/\/camptecnologico.com\/inicio\/campamentos-de-verano\/bilbao\/","title":{"rendered":"&#x2600;&#xfe0f;Campamentos de Rob\u00f3tica en Bilbao verano 2020 NUEVO"},"content":{"rendered":"","protected":false},"excerpt":{"rendered":"","protected":false},"author":21,"featured_media":36927,"parent":6591,"menu_order":0,"comment_status":"open","ping_status":"open","template":"","meta":{"footnotes":"","_links_to":"","_links_to_target":""},"class_list":["post-46879","page","type-page","status-publish","has-post-thumbnail","hentry"],"yoast_head":"<!-- This site is optimized with the Yoast SEO plugin v22.6 - https:\/\/yoast.com\/wordpress\/plugins\/seo\/ -->\n<title>&#x2600;&#xfe0f;Campamentos de Rob\u00f3tica en Bilbao verano 2020 NUEVO<\/title>\n<meta name=\"description\" content=\"Camp Tecnol\u00f3gico es un Proyecto Educativo con el objetivo de despertar el inter\u00e9s de los j\u00f3venes por la Ciencia, Tecnolog\u00eda, Ingenier\u00eda y las Matem\u00e1ticas.\" \/>\n<meta name=\"robots\" content=\"noindex, nofollow\" \/>\n<meta property=\"og:locale\" content=\"es_ES\" \/>\n<meta property=\"og:type\" content=\"article\" \/>\n<meta property=\"og:title\" content=\"&#x2600;&#xfe0f;Campamentos de Rob\u00f3tica en Bilbao verano 2020 NUEVO\" \/>\n<meta property=\"og:description\" content=\"Camp Tecnol\u00f3gico es un Proyecto Educativo con el objetivo de despertar el inter\u00e9s de los j\u00f3venes por la Ciencia, Tecnolog\u00eda, Ingenier\u00eda y las Matem\u00e1ticas.\" \/>\n<meta property=\"og:url\" content=\"https:\/\/camptecnologico.com\/inicio\/campamentos-de-verano\/bilbao\/\" \/>\n<meta property=\"og:site_name\" content=\"Camp Tecnologico\" \/>\n<meta property=\"article:publisher\" content=\"https:\/\/www.facebook.com\/camptecnologico\/\" \/>\n<meta property=\"article:modified_time\" content=\"2020-07-13T07:40:50+00:00\" \/>\n<meta property=\"og:image\" content=\"https:\/\/camptecnologico.com\/inicio\/wp-content\/uploads\/Plan-Gaztedi-Kutxabank.jpg\" \/>\n\t<meta property=\"og:image:width\" content=\"400\" \/>\n\t<meta property=\"og:image:height\" content=\"235\" \/>\n\t<meta property=\"og:image:type\" content=\"image\/jpeg\" \/>\n<meta name=\"twitter:card\" content=\"summary_large_image\" \/>\n<meta name=\"twitter:site\" content=\"@CampTecnologico\" \/>\n<!-- \/ Yoast SEO plugin. -->","yoast_head_json":{"title":"&#x2600;&#xfe0f;Campamentos de Rob\u00f3tica en Bilbao verano 2020 NUEVO","description":"Camp Tecnol\u00f3gico es un Proyecto Educativo con el objetivo de despertar el inter\u00e9s de los j\u00f3venes por la Ciencia, Tecnolog\u00eda, Ingenier\u00eda y las Matem\u00e1ticas.","robots":{"index":"noindex","follow":"nofollow"},"og_locale":"es_ES","og_type":"article","og_title":"&#x2600;&#xfe0f;Campamentos de Rob\u00f3tica en Bilbao verano 2020 NUEVO","og_description":"Camp Tecnol\u00f3gico es un Proyecto Educativo con el objetivo de despertar el inter\u00e9s de los j\u00f3venes por la Ciencia, Tecnolog\u00eda, Ingenier\u00eda y las Matem\u00e1ticas.","og_url":"https:\/\/camptecnologico.com\/inicio\/campamentos-de-verano\/bilbao\/","og_site_name":"Camp Tecnologico","article_publisher":"https:\/\/www.facebook.com\/camptecnologico\/","article_modified_time":"2020-07-13T07:40:50+00:00","og_image":[{"width":400,"height":235,"url":"https:\/\/camptecnologico.com\/inicio\/wp-content\/uploads\/Plan-Gaztedi-Kutxabank.jpg","type":"image\/jpeg"}],"twitter_card":"summary_large_image","twitter_site":"@CampTecnologico","schema":{"@context":"https:\/\/schema.org","@graph":[{"@type":"WebPage","@id":"https:\/\/camptecnologico.com\/inicio\/campamentos-de-verano\/bilbao\/","url":"https:\/\/camptecnologico.com\/inicio\/campamentos-de-verano\/bilbao\/","name":"&#x2600;&#xfe0f;Campamentos de Rob\u00f3tica en Bilbao verano 2020 NUEVO","isPartOf":{"@id":"https:\/\/camptecnologico.com\/inicio\/#website"},"primaryImageOfPage":{"@id":"https:\/\/camptecnologico.com\/inicio\/campamentos-de-verano\/bilbao\/#primaryimage"},"image":{"@id":"https:\/\/camptecnologico.com\/inicio\/campamentos-de-verano\/bilbao\/#primaryimage"},"thumbnailUrl":"https:\/\/camptecnologico.com\/inicio\/wp-content\/uploads\/Plan-Gaztedi-Kutxabank.jpg","datePublished":"2020-05-23T12:24:47+00:00","dateModified":"2020-07-13T07:40:50+00:00","description":"Camp Tecnol\u00f3gico es un Proyecto Educativo con el objetivo de despertar el inter\u00e9s de los j\u00f3venes por la Ciencia, Tecnolog\u00eda, Ingenier\u00eda y las Matem\u00e1ticas.","breadcrumb":{"@id":"https:\/\/camptecnologico.com\/inicio\/campamentos-de-verano\/bilbao\/#breadcrumb"},"inLanguage":"es","potentialAction":[{"@type":"ReadAction","target":["https:\/\/camptecnologico.com\/inicio\/campamentos-de-verano\/bilbao\/"]}]},{"@type":"ImageObject","inLanguage":"es","@id":"https:\/\/camptecnologico.com\/inicio\/campamentos-de-verano\/bilbao\/#primaryimage","url":"https:\/\/camptecnologico.com\/inicio\/wp-content\/uploads\/Plan-Gaztedi-Kutxabank.jpg","contentUrl":"https:\/\/camptecnologico.com\/inicio\/wp-content\/uploads\/Plan-Gaztedi-Kutxabank.jpg","width":400,"height":235},{"@type":"BreadcrumbList","@id":"https:\/\/camptecnologico.com\/inicio\/campamentos-de-verano\/bilbao\/#breadcrumb","itemListElement":[{"@type":"ListItem","position":1,"name":"Home","item":"https:\/\/camptecnologico.com\/"},{"@type":"ListItem","position":2,"name":"no vale &#8211; Campamentos de verano","item":"https:\/\/camptecnologico.com\/inicio\/campamentos-con-alojamiento\/"},{"@type":"ListItem","position":3,"name":"&#x2600;&#xfe0f;Campamentos de Rob\u00f3tica en Bilbao verano 2020 NUEVO"}]},{"@type":"WebSite","@id":"https:\/\/camptecnologico.com\/inicio\/#website","url":"https:\/\/camptecnologico.com\/inicio\/","name":"Camp Tecnologico","description":"Campamento tecnol\u00f3gico para ni\u00f1os y j\u00f3venes. Tecnolog\u00eda para ni\u00f1os. Minecraft.","publisher":{"@id":"https:\/\/camptecnologico.com\/inicio\/#organization"},"potentialAction":[{"@type":"SearchAction","target":{"@type":"EntryPoint","urlTemplate":"https:\/\/camptecnologico.com\/inicio\/?s={search_term_string}"},"query-input":"required name=search_term_string"}],"inLanguage":"es"},{"@type":"Organization","@id":"https:\/\/camptecnologico.com\/inicio\/#organization","name":"Camp Tecnol\u00f3gico","url":"https:\/\/camptecnologico.com\/inicio\/","logo":{"@type":"ImageObject","inLanguage":"es","@id":"https:\/\/camptecnologico.com\/inicio\/#\/schema\/logo\/image\/","url":"https:\/\/camptecnologico.com\/inicio\/wp-content\/uploads\/logo1.jpg","contentUrl":"https:\/\/camptecnologico.com\/inicio\/wp-content\/uploads\/logo1.jpg","width":120,"height":120,"caption":"Camp Tecnol\u00f3gico"},"image":{"@id":"https:\/\/camptecnologico.com\/inicio\/#\/schema\/logo\/image\/"},"sameAs":["https:\/\/www.facebook.com\/camptecnologico\/","https:\/\/x.com\/CampTecnologico","https:\/\/www.instagram.com\/camptecnologico\/","https:\/\/www.linkedin.com\/company\/camptecnol-gico","https:\/\/www.youtube.com\/user\/CampTecologico"]}]}},"_links":{"self":[{"href":"https:\/\/camptecnologico.com\/inicio\/wp-json\/wp\/v2\/pages\/46879","targetHints":{"allow":["GET"]}}],"collection":[{"href":"https:\/\/camptecnologico.com\/inicio\/wp-json\/wp\/v2\/pages"}],"about":[{"href":"https:\/\/camptecnologico.com\/inicio\/wp-json\/wp\/v2\/types\/page"}],"author":[{"embeddable":true,"href":"https:\/\/camptecnologico.com\/inicio\/wp-json\/wp\/v2\/users\/21"}],"replies":[{"embeddable":true,"href":"https:\/\/camptecnologico.com\/inicio\/wp-json\/wp\/v2\/comments?post=46879"}],"version-history":[{"count":51,"href":"https:\/\/camptecnologico.com\/inicio\/wp-json\/wp\/v2\/pages\/46879\/revisions"}],"predecessor-version":[{"id":48110,"href":"https:\/\/camptecnologico.com\/inicio\/wp-json\/wp\/v2\/pages\/46879\/revisions\/48110"}],"up":[{"embeddable":true,"href":"https:\/\/camptecnologico.com\/inicio\/wp-json\/wp\/v2\/pages\/6591"}],"wp:featuredmedia":[{"embeddable":true,"href":"https:\/\/camptecnologico.com\/inicio\/wp-json\/wp\/v2\/media\/36927"}],"wp:attachment":[{"href":"https:\/\/camptecnologico.com\/inicio\/wp-json\/wp\/v2\/media?parent=46879"}],"curies":[{"name":"wp","href":"https:\/\/api.w.org\/{rel}","templated":true}]}}