




{"id":46582,"date":"2020-05-11T17:23:27","date_gmt":"2020-05-11T16:23:27","guid":{"rendered":"https:\/\/camptecnologico.com\/inicio\/?page_id=46582"},"modified":"2020-09-10T08:44:39","modified_gmt":"2020-09-10T07:44:39","slug":"talleres-online","status":"publish","type":"page","link":"https:\/\/camptecnologico.com\/inicio\/talleres-online\/","title":{"rendered":"Talleres ONLINE"},"content":{"rendered":"<script>\r\n    sessionStorage.campus=5997;\r\n<\/script>\r\n\r\n<style type=\"text\/css\">\r\n    #descripcion {\r\n        margin-top: 50px;\r\n    }\r\n    #descripcion .fourcol.column {\r\n        float: left;\r\n        display: block;\r\n    }\r\n    .column {  \r\n        margin-right: 0.6%;\r\n        margin-bottom: 0.6%;\r\n    }\r\n    .column {display: inline-flex;float: none;}\r\n<\/style>\r\n\r\n<div class=\"row\">\r\n    <p style=\"color: #000000; font-weight: bold; font-size: 170%; text-align:center; margin-top:20px\">\r\n        Talleres ON-LINE, para desarrollar la creatividad de vuestros hijos\/as de 7 a\u00f1os en adelante.\r\n<br \/>\r\n        y que se realizan con <strong>\u00absolo\u00bb<\/strong> el ordenador propio de casa.\r\n    <\/p>\r\n\r\n    <p style=\"color: #000000; font-size: 150%;text-align:center;margin-top:10px\">\r\n        Es un buen momento para que tus hijos completen sus habilidades digitales, ap\u00fantales a uno o varios de nuestros cursos de iniciaci\u00f3n o especializaci\u00f3n\r\n        que tenemos este mes de septiembre.\r\n    <\/p>\r\n\r\n    <center>\r\n        <a href=\"https:\/\/camptecnologico.com\/inicio\/inscripcion\/\" target=\"_blank\" rel=\"noopener noreferrer\" title=\"Incripci\u00f3n Talleres online\">\r\n            <img decoding=\"async\" src=\"https:\/\/camptecnologico.com\/inicio\/wp-content\/uploads\/Calen_Online__Sep4.jpg\" alt=\"\" width=\"521\"class=\"alignnone size-full wp-image-48147\" \/>\r\n        <\/a>\r\n    <\/center> \r\n\r\n    <div style=\"margin-top: 30px\">\r\n        <div class=\"threecol column\" align=\"right\">\r\n            <strong>Nuestros talleres se segmentan en:<\/strong>\r\n        <\/div>\r\n        <div class=\"threecol column\">\r\n            <ul>\r\n                <li> <span class=\"segmento_junior\">&nbsp;Junior: 1\u00ba-3\u00ba Primaria&nbsp;<\/span><\/li>\r\n            <\/ul>  \r\n        <\/div>\r\n        <div class=\"threecol column last\">\r\n            <ul>\r\n                <li> <span class=\"segmento_genius\">&nbsp;Genius: 4\u00ba Primaria en adelante&nbsp;<\/span><\/li>\r\n            <\/ul>\r\n        <\/div>\r\n        <div class=\"threecol column last\">\r\n            <ul>\r\n                <li> <span class=\"segmento_explorer\">&nbsp;Explorer: 1\u00ba ESO en adelante&nbsp;<\/span><\/li>\r\n            <\/ul>\r\n        <\/div>\r\n    <\/div>\r\n\r\n    <div style=\"text-align: center; margin: 30px 0px 30px;\">\r\n        [wpv-view name=\u00bbext-az-bloque-vertical\u00bb]\r\n    <\/div>\r\n    <div class=\"clear\"><\/div>\r\n\r\n    <center>\r\n         <a class=\"button large primary\" href=\"https:\/\/camptecnologico.com\/inicio\/inscripcion\/\" target=\"_blank\" rel=\"noopener noreferrer\" title=\"Incripci\u00f3n Talleres online\">\r\n            <i class=\"fa fa-paper-plane\" aria-hidden=\"true\"><\/i> Realizar Inscripci\u00f3n<\/a>\r\n    <\/center>\r\n    \r\n    <p>&nbsp;<\/p>\r\n        \r\n    <h3 class=\"tituloSeccion\">Informaci\u00f3n General<\/h3>\r\n    <div id=\"descripcion\">\r\n        <div style=\"text-align: left;\">\r\n            <h3><i class=\"fa fa-map-marker\"><\/i> D\u00f3nde<\/h3>\r\n            <p>Los talleres se realizar\u00e1n de manera on-line.<\/p>\r\n            <p><br \/><\/p>  \r\n        <\/div>\r\n        <div class=\"clear\"><\/div>\r\n\r\n        <div class=\"fourcol column\" style=\"text-align: left;\">\r\n            <h3><i class=\"fa fa-calendar\"><\/i> Fechas<\/h3>\r\n            <p style=\"text-align: justify;\">4 sesiones, <strong>12, 19 y 26 de septiembre<br \/>y el 3 de octubre<\/strong><\/p>\r\n            <ul>\r\n<!--\t        <li>Lunes a Jueves: sesiones de <strong>1 hora\/semana<\/strong><\/li>-->\r\n                <li>S\u00e1bados ma\u00f1ana: sesiones de <strong>1 \u00be hora\/semana<\/strong><\/li>\r\n            <\/ul>\r\n        <\/div>\r\n\r\n        <div class=\"fourcol column\" style=\"text-align: left\">\r\n            <h3><i class=\"fa fa-clock-o\" aria-hidden=\"true\"><\/i> Horario<\/h3>\r\n            <ul>\r\n<!--\t        <li>Lunes a Jueves: de <strong>17:00-18:00<\/strong><\/li>-->\r\n                <li>S\u00e1bados: de <strong>10:00-11:45<\/strong> y de <strong>12:00-13:45<\/strong> <\/li>\r\n            <\/ul>\r\n\r\n            <h3><i class=\"fa fa-university\" aria-hidden=\"true\"><\/i> Forma de pago<\/h3>\r\n            <ul>\r\n\t        <li>Tarjeta de cr\u00e9dito<\/li>\r\n                <li>Transferencia bancaria<\/li>\r\n            <\/ul>\r\n        <\/div>                \r\n\r\n        <div class=\"fourcol column last\" style=\"text-align: left;\">\r\n            <h3><i class=\"fa fa-money\" aria-hidden=\"true\"><\/i> Precios<\/h3>\r\n            <p>Descuento Campa\u00f1a 10\u00ba aniversario<\/p> \r\n               \r\n            <ul>\r\n<!--\t        <li>De Lunes a Jueves: <span class=\"tachaprecio\">30\u20ac<\/span> <span style=\"font-size: 1.7em;\"> <strong>24\u20ac<\/strong><\/span><\/li>-->\r\n                <li>De S\u00e1bados ma\u00f1ana: <span class=\"tachaprecio\">52\u20ac<\/span> <span style=\"font-size: 1.7em;\"> <strong>42\u20ac<\/strong><\/span><\/li>\r\n                <li>Taller Arduino: <span class=\"tachaprecio\">99\u20ac<\/span> <span style=\"font-size: 1.7em;\"> <strong>89\u20ac<\/strong><\/span><\/li>\r\n                <p>El kit de Arduino se manda al domicilio del asistente sin coste adicional.<\/p>\r\n            <\/ul>\r\n        <\/div> \r\n        <div class=\"clear\"><\/div>\r\n\r\n        <center>\r\n        <a href=\"https:\/\/camptecnologico.com\/inicio\/inscripcion\/\" target=\"_blank\" rel=\"noopener noreferrer\" title=\"Incripci\u00f3n Talleres online\">\r\n            <img decoding=\"async\" src=\"https:\/\/camptecnologico.com\/inicio\/wp-content\/uploads\/Calen_Online__Sep4.jpg\" alt=\"\" width=\"521\" class=\"alignnone size-full wp-image-48147\" \/>\r\n        <\/a>\r\n        <\/center> \r\n \r\n    <\/div>\r\n<\/div>\r\n\r\n[wpv-view name=\u00bbext-az-franja-horizontal\u00bb]\r\n","protected":false},"excerpt":{"rendered":"Talleres ON-LINE, para desarrollar la creatividad de vuestros hijos\/as de 7 a\u00f1os en adelante. y que se realizan con \u00absolo\u00bb el ordenador propio de casa. Es un buen momento para que tus hijos completen sus habilidades digitales, ap\u00fantales a uno o varios de nuestros cursos de iniciaci\u00f3n o especializaci\u00f3n que tenemos este mes de septiembre. [&hellip;]","protected":false},"author":21,"featured_media":22337,"parent":0,"menu_order":0,"comment_status":"closed","ping_status":"closed","template":"","meta":{"footnotes":"","_links_to":"","_links_to_target":""},"class_list":["post-46582","page","type-page","status-publish","has-post-thumbnail","hentry"],"yoast_head":"<!-- This site is optimized with the Yoast SEO plugin v22.6 - https:\/\/yoast.com\/wordpress\/plugins\/seo\/ -->\n<title>Talleres ONLINE<\/title>\n<meta name=\"description\" content=\"Talleres Tecnol\u00f3gicos online para ni\u00f1os, ni\u00f1as y j\u00f3venes de lunes a s\u00e1bado. Talleres de Rob\u00f3tica, programaci\u00f3n y videojuegos a partir de 5 a\u00f1os\" \/>\n<meta name=\"robots\" content=\"noindex, follow, max-snippet:-1, max-image-preview:large, max-video-preview:-1\" \/>\n<meta property=\"og:locale\" content=\"es_ES\" \/>\n<meta property=\"og:type\" content=\"article\" \/>\n<meta property=\"og:title\" content=\"Talleres ONLINE\" \/>\n<meta property=\"og:description\" content=\"Talleres Tecnol\u00f3gicos online para ni\u00f1os, ni\u00f1as y j\u00f3venes de lunes a s\u00e1bado. Talleres de Rob\u00f3tica, programaci\u00f3n y videojuegos a partir de 5 a\u00f1os\" \/>\n<meta property=\"og:url\" content=\"https:\/\/camptecnologico.com\/inicio\/talleres-online\/\" \/>\n<meta property=\"og:site_name\" content=\"Camp Tecnologico\" \/>\n<meta property=\"article:publisher\" content=\"https:\/\/www.facebook.com\/camptecnologico\/\" \/>\n<meta property=\"article:modified_time\" content=\"2020-09-10T07:44:39+00:00\" \/>\n<meta property=\"og:image\" content=\"https:\/\/camptecnologico.com\/inicio\/wp-content\/uploads\/2016\/08\/extraescolares-robotica-tecnologia.jpg\" \/>\n\t<meta property=\"og:image:width\" content=\"733\" \/>\n\t<meta property=\"og:image:height\" content=\"382\" \/>\n\t<meta property=\"og:image:type\" content=\"image\/jpeg\" \/>\n<meta name=\"twitter:card\" content=\"summary_large_image\" \/>\n<meta name=\"twitter:site\" content=\"@CampTecnologico\" \/>\n<meta name=\"twitter:label1\" content=\"Tiempo de lectura\" \/>\n\t<meta name=\"twitter:data1\" content=\"1 minuto\" \/>\n<!-- \/ Yoast SEO plugin. -->","yoast_head_json":{"title":"Talleres ONLINE","description":"Talleres Tecnol\u00f3gicos online para ni\u00f1os, ni\u00f1as y j\u00f3venes de lunes a s\u00e1bado. Talleres de Rob\u00f3tica, programaci\u00f3n y videojuegos a partir de 5 a\u00f1os","robots":{"index":"noindex","follow":"follow","max-snippet":"max-snippet:-1","max-image-preview":"max-image-preview:large","max-video-preview":"max-video-preview:-1"},"og_locale":"es_ES","og_type":"article","og_title":"Talleres ONLINE","og_description":"Talleres Tecnol\u00f3gicos online para ni\u00f1os, ni\u00f1as y j\u00f3venes de lunes a s\u00e1bado. Talleres de Rob\u00f3tica, programaci\u00f3n y videojuegos a partir de 5 a\u00f1os","og_url":"https:\/\/camptecnologico.com\/inicio\/talleres-online\/","og_site_name":"Camp Tecnologico","article_publisher":"https:\/\/www.facebook.com\/camptecnologico\/","article_modified_time":"2020-09-10T07:44:39+00:00","og_image":[{"width":733,"height":382,"url":"https:\/\/camptecnologico.com\/inicio\/wp-content\/uploads\/2016\/08\/extraescolares-robotica-tecnologia.jpg","type":"image\/jpeg"}],"twitter_card":"summary_large_image","twitter_site":"@CampTecnologico","twitter_misc":{"Tiempo de lectura":"1 minuto"},"schema":{"@context":"https:\/\/schema.org","@graph":[{"@type":"WebPage","@id":"https:\/\/camptecnologico.com\/inicio\/talleres-online\/","url":"https:\/\/camptecnologico.com\/inicio\/talleres-online\/","name":"Talleres ONLINE","isPartOf":{"@id":"https:\/\/camptecnologico.com\/inicio\/#website"},"primaryImageOfPage":{"@id":"https:\/\/camptecnologico.com\/inicio\/talleres-online\/#primaryimage"},"image":{"@id":"https:\/\/camptecnologico.com\/inicio\/talleres-online\/#primaryimage"},"thumbnailUrl":"https:\/\/camptecnologico.com\/inicio\/wp-content\/uploads\/2016\/08\/extraescolares-robotica-tecnologia.jpg","datePublished":"2020-05-11T16:23:27+00:00","dateModified":"2020-09-10T07:44:39+00:00","description":"Talleres Tecnol\u00f3gicos online para ni\u00f1os, ni\u00f1as y j\u00f3venes de lunes a s\u00e1bado. Talleres de Rob\u00f3tica, programaci\u00f3n y videojuegos a partir de 5 a\u00f1os","breadcrumb":{"@id":"https:\/\/camptecnologico.com\/inicio\/talleres-online\/#breadcrumb"},"inLanguage":"es","potentialAction":[{"@type":"ReadAction","target":["https:\/\/camptecnologico.com\/inicio\/talleres-online\/"]}]},{"@type":"ImageObject","inLanguage":"es","@id":"https:\/\/camptecnologico.com\/inicio\/talleres-online\/#primaryimage","url":"https:\/\/camptecnologico.com\/inicio\/wp-content\/uploads\/2016\/08\/extraescolares-robotica-tecnologia.jpg","contentUrl":"https:\/\/camptecnologico.com\/inicio\/wp-content\/uploads\/2016\/08\/extraescolares-robotica-tecnologia.jpg","width":733,"height":382,"caption":"Extraescolares rob\u00f3tica, tecnolog\u00eda para ni\u00f1os, madrid"},{"@type":"BreadcrumbList","@id":"https:\/\/camptecnologico.com\/inicio\/talleres-online\/#breadcrumb","itemListElement":[{"@type":"ListItem","position":1,"name":"Home","item":"https:\/\/camptecnologico.com\/"},{"@type":"ListItem","position":2,"name":"Talleres ONLINE"}]},{"@type":"WebSite","@id":"https:\/\/camptecnologico.com\/inicio\/#website","url":"https:\/\/camptecnologico.com\/inicio\/","name":"Camp Tecnologico","description":"Campamento tecnol\u00f3gico para ni\u00f1os y j\u00f3venes. Tecnolog\u00eda para ni\u00f1os. Minecraft.","publisher":{"@id":"https:\/\/camptecnologico.com\/inicio\/#organization"},"potentialAction":[{"@type":"SearchAction","target":{"@type":"EntryPoint","urlTemplate":"https:\/\/camptecnologico.com\/inicio\/?s={search_term_string}"},"query-input":"required name=search_term_string"}],"inLanguage":"es"},{"@type":"Organization","@id":"https:\/\/camptecnologico.com\/inicio\/#organization","name":"Camp Tecnol\u00f3gico","url":"https:\/\/camptecnologico.com\/inicio\/","logo":{"@type":"ImageObject","inLanguage":"es","@id":"https:\/\/camptecnologico.com\/inicio\/#\/schema\/logo\/image\/","url":"https:\/\/camptecnologico.com\/inicio\/wp-content\/uploads\/logo1.jpg","contentUrl":"https:\/\/camptecnologico.com\/inicio\/wp-content\/uploads\/logo1.jpg","width":120,"height":120,"caption":"Camp Tecnol\u00f3gico"},"image":{"@id":"https:\/\/camptecnologico.com\/inicio\/#\/schema\/logo\/image\/"},"sameAs":["https:\/\/www.facebook.com\/camptecnologico\/","https:\/\/x.com\/CampTecnologico","https:\/\/www.instagram.com\/camptecnologico\/","https:\/\/www.linkedin.com\/company\/camptecnol-gico","https:\/\/www.youtube.com\/user\/CampTecologico"]}]}},"_links":{"self":[{"href":"https:\/\/camptecnologico.com\/inicio\/wp-json\/wp\/v2\/pages\/46582","targetHints":{"allow":["GET"]}}],"collection":[{"href":"https:\/\/camptecnologico.com\/inicio\/wp-json\/wp\/v2\/pages"}],"about":[{"href":"https:\/\/camptecnologico.com\/inicio\/wp-json\/wp\/v2\/types\/page"}],"author":[{"embeddable":true,"href":"https:\/\/camptecnologico.com\/inicio\/wp-json\/wp\/v2\/users\/21"}],"replies":[{"embeddable":true,"href":"https:\/\/camptecnologico.com\/inicio\/wp-json\/wp\/v2\/comments?post=46582"}],"version-history":[{"count":48,"href":"https:\/\/camptecnologico.com\/inicio\/wp-json\/wp\/v2\/pages\/46582\/revisions"}],"predecessor-version":[{"id":48447,"href":"https:\/\/camptecnologico.com\/inicio\/wp-json\/wp\/v2\/pages\/46582\/revisions\/48447"}],"wp:featuredmedia":[{"embeddable":true,"href":"https:\/\/camptecnologico.com\/inicio\/wp-json\/wp\/v2\/media\/22337"}],"wp:attachment":[{"href":"https:\/\/camptecnologico.com\/inicio\/wp-json\/wp\/v2\/media?parent=46582"}],"curies":[{"name":"wp","href":"https:\/\/api.w.org\/{rel}","templated":true}]}}