




{"id":44923,"date":"2014-03-27T12:41:17","date_gmt":"2014-03-27T12:41:17","guid":{"rendered":"https:\/\/camptecnologico.com\/inicio\/?page_id=6378"},"modified":"2014-03-27T12:41:17","modified_gmt":"2014-03-27T12:41:17","slug":"chicas-tecnologia","status":"publish","type":"page","link":"https:\/\/camptecnologico.com\/inicio\/talleres\/chicas-tecnologia\/","title":{"rendered":"Girls &amp; Tech &#8211; Chicas en la tecnolog\u00eda"},"content":{"rendered":"<div class=\"row\" style=\"margin-left: 50px;\">\n<p style=\"text-align: justify;\">\nLa brecha de g\u00e9nero en las profesiones tecnol\u00f3gicas es evidente y sabemos que empieza en la educaci\u00f3n. Menos del 20% del alumnado en licenciaturas STEM (ciencia, tecnolog\u00eda, ingenier\u00edas y matem\u00e1ticas) son mujeres, una diferencia que tiene su ra\u00edz en <strong>estereotipos<\/strong> y <strong>roles<\/strong> a\u00fan muy <strong>enquistados<\/strong>.<\/p>\n<p style=\"text-align: justify;\">Te recomendamos este fant\u00e1stico art\u00edculo titulado \u00ab<a href=\"http:\/\/digital.csic.es\/bitstream\/10261\/9488\/1\/Ciencia%2c%20Tecnolog%C3%ADa%20y%20G%C3%A9nero%20-%20Marta%20I.%20Gonz%C3%A1lez%20Garc%C3%ADa%20y%20Eul...pdf\" target=\"_blank\" rel=\"noopener noreferrer\">Ciencia, Tecnolog\u00eda y G\u00e9nero<\/a>\u00ab.<\/p>\n<p style=\"text-align: justify;\">\nMuchas mujeres se est\u00e1n quedando fuera de un futuro con grandes oportunidades de innovar y de poder liderar el cambio tecnol\u00f3gico (solo en EE.UU. habr\u00e1 1.4 millones de puestos de trabajo relacionados con la programaci\u00f3n en 2020, <strong>una oportunidad laboral que no puede dejar fuera a la mitad de la poblaci\u00f3n<\/strong>).<\/p>\n<img decoding=\"async\" class=\"size-full wp-image-6386\" alt=\"chicas tecnologia\" src=\"https:\/\/camptecnologico.com\/inicio\/wp-content\/uploads\/2014\/03\/campamentos_ninas.jpg\" width=\"100%\" height=\"auto\" srcset=\"https:\/\/camptecnologico.com\/inicio\/wp-content\/uploads\/2014\/03\/campamentos_ninas.jpg 1255w, https:\/\/camptecnologico.com\/inicio\/wp-content\/uploads\/2014\/03\/campamentos_ninas-300x176.jpg 300w, https:\/\/camptecnologico.com\/inicio\/wp-content\/uploads\/2014\/03\/campamentos_ninas-1024x601.jpg 1024w, https:\/\/camptecnologico.com\/inicio\/wp-content\/uploads\/2014\/03\/campamentos_ninas-350x206.jpg 350w, https:\/\/camptecnologico.com\/inicio\/wp-content\/uploads\/2014\/03\/campamentos_ninas-318x187.jpg 318w, https:\/\/camptecnologico.com\/inicio\/wp-content\/uploads\/2014\/03\/campamentos_ninas-200x117.jpg 200w, https:\/\/camptecnologico.com\/inicio\/wp-content\/uploads\/2014\/03\/campamentos_ninas-150x88.jpg 150w, https:\/\/camptecnologico.com\/inicio\/wp-content\/uploads\/2014\/03\/campamentos_ninas-745x438.jpg 745w, https:\/\/camptecnologico.com\/inicio\/wp-content\/uploads\/2014\/03\/campamentos_ninas-113x66.jpg 113w, https:\/\/camptecnologico.com\/inicio\/wp-content\/uploads\/2014\/03\/campamentos_ninas-302x177.jpg 302w, https:\/\/camptecnologico.com\/inicio\/wp-content\/uploads\/2014\/03\/campamentos_ninas-368x216.jpg 368w, https:\/\/camptecnologico.com\/inicio\/wp-content\/uploads\/2014\/03\/campamentos_ninas-420x247.jpg 420w, https:\/\/camptecnologico.com\/inicio\/wp-content\/uploads\/2014\/03\/campamentos_ninas-738x433.jpg 738w\" sizes=\"(max-width: 1255px) 100vw, 1255px\" \/>&nbsp;\n<p style=\"text-align: justify;\">Hasta los 3 o 4 a\u00f1os las diferencias en los juegos vienen \u00fanicamente dadas por el car\u00e1cter del ni\u00f1o. A partir de los 5 a\u00f1os comienzan a haber diferencias asociadas al g\u00e9nero. Conscientes de esta realidad, desde Camp Tecnol\u00f3gico ofrecemos a ni\u00f1as y j\u00f3venes entornos m\u00e1s atractivos para sus gustos.<\/p>\n<p style=\"text-align: justify;\">\u00bfQui\u00e9res saber lo que hacen las chicas?<\/p>\n<ul>\n<li>En el canal de YouTube tenemos una <a href=\"https:\/\/camptecnologico.com\/inicio\/wp-content\/uploads\/2016\/03\/semansantacamp.png\" target=\"_blank\" rel=\"noopener noreferrer\">lista de distribuci\u00f3n de Girls &#038; Tech<\/a> para que veas v\u00eddeos de ejemplo del taller.<\/li>\n<\/ul>\n<h2>Talleres especialmente dise\u00f1ados para ellas y ellos<\/h2>\n<iframe loading=\"lazy\" width=\"365\" height=\"205\" src=\"https:\/\/www.youtube.com\/embed\/L4fqKFBTVTA?list=PLVCqqACdGLN58FjvfiNT6VxZv2WNBQq_1\" frameborder=\"0\" allowfullscreen><\/iframe>\n<iframe loading=\"lazy\" width=\"365\" height=\"205\" src=\"https:\/\/www.youtube.com\/embed\/p3K_p-QSaz4?list=PLVCqqACdGLN58FjvfiNT6VxZv2WNBQq_1\" frameborder=\"0\" allowfullscreen><\/iframe>\n<p style=\"text-align: justify;\">Adaptamos el curso seg\u00fan la edad, ofreciendo en ambos un acercamiento a las nuevas tecnolog\u00edas poniendo el acento en <strong>explorar sus capacidades creativas<\/strong> y de trabajo en equipo.<\/p>\n<p style=\"text-align: justify;\">\nUn ejemplo de las \u00e1reas con las que se ha trabajado en pasadas ediciones es la \u00faltima moda de los <strong>objetos Wareables<\/strong>, esto es, incorporar elementos tecnol\u00f3gicos a la ropa y\/o accesorios del d\u00eda a d\u00eda. Pudiendo customizar un bolso con luces y sonidos o  crear una pulsera inteligente.<\/p>\n<p style=\"text-align: justify;\">\nOtro de los m\u00f3dulos se relacionan con las <strong>expresiones art\u00edsticas<\/strong>, donde tendr\u00e1n que usar toda la imaginaci\u00f3n para construir un piano con frutas o latas de Coca-Cola, un mando de videojuegos con plastilina o escribir un documento sobre teclas de agua.<\/p>\n&nbsp;\n<img decoding=\"async\" src=\"https:\/\/camptecnologico.com\/inicio\/wp-content\/uploads\/2014\/03\/fraseschicas1.jpg\" alt=\"Chicas Tecnologia\" width=\"100%\" height=\"auto\" class=\"size-full wp-image-6422\" srcset=\"https:\/\/camptecnologico.com\/inicio\/wp-content\/uploads\/2014\/03\/fraseschicas1.jpg 800w, https:\/\/camptecnologico.com\/inicio\/wp-content\/uploads\/2014\/03\/fraseschicas1-300x251.jpg 300w, https:\/\/camptecnologico.com\/inicio\/wp-content\/uploads\/2014\/03\/fraseschicas1-322x270.jpg 322w, https:\/\/camptecnologico.com\/inicio\/wp-content\/uploads\/2014\/03\/fraseschicas1-318x266.jpg 318w, https:\/\/camptecnologico.com\/inicio\/wp-content\/uploads\/2014\/03\/fraseschicas1-143x120.jpg 143w, https:\/\/camptecnologico.com\/inicio\/wp-content\/uploads\/2014\/03\/fraseschicas1-135x113.jpg 135w, https:\/\/camptecnologico.com\/inicio\/wp-content\/uploads\/2014\/03\/fraseschicas1-745x624.jpg 745w, https:\/\/camptecnologico.com\/inicio\/wp-content\/uploads\/2014\/03\/fraseschicas1-113x95.jpg 113w, https:\/\/camptecnologico.com\/inicio\/wp-content\/uploads\/2014\/03\/fraseschicas1-275x230.jpg 275w, https:\/\/camptecnologico.com\/inicio\/wp-content\/uploads\/2014\/03\/fraseschicas1-368x308.jpg 368w, https:\/\/camptecnologico.com\/inicio\/wp-content\/uploads\/2014\/03\/fraseschicas1-420x352.jpg 420w, https:\/\/camptecnologico.com\/inicio\/wp-content\/uploads\/2014\/03\/fraseschicas1-738x618.jpg 738w\" sizes=\"(max-width: 800px) 100vw, 800px\" \/>\n<\/div>","protected":false},"excerpt":{"rendered":"La brecha de g\u00e9nero en las profesiones tecnol\u00f3gicas es evidente y sabemos que empieza en la educaci\u00f3n. Menos del 20% del alumnado en licenciaturas STEM (ciencia, tecnolog\u00eda, ingenier\u00edas y matem\u00e1ticas) son mujeres, una diferencia que tiene su ra\u00edz en estereotipos y roles a\u00fan muy enquistados. Te recomendamos este fant\u00e1stico art\u00edculo titulado \u00abCiencia, Tecnolog\u00eda y G\u00e9nero\u00ab. [&hellip;]","protected":false},"author":59,"featured_media":49704,"parent":9518,"menu_order":0,"comment_status":"open","ping_status":"open","template":"template-right.php","meta":{"footnotes":"","_links_to":"","_links_to_target":""},"class_list":["post-44923","page","type-page","status-publish","has-post-thumbnail","hentry"],"yoast_head":"<!-- This site is optimized with the Yoast SEO plugin v22.6 - https:\/\/yoast.com\/wordpress\/plugins\/seo\/ -->\n<title>Girls &amp; Tech - Chicas en la tecnolog\u00eda<\/title>\n<meta name=\"description\" content=\"La brecha de g\u00e9nero en las profesiones tecnol\u00f3gicas es evidente y sabemos que empieza en la educaci\u00f3n. A ellas tambi\u00e9n les gusta la tecnolog\u00eda \u00a1Ap\u00fantalas!\" \/>\n<meta name=\"robots\" content=\"noindex, follow, max-snippet:-1, max-image-preview:large, max-video-preview:-1\" \/>\n<meta property=\"og:locale\" content=\"es_ES\" \/>\n<meta property=\"og:type\" content=\"article\" \/>\n<meta property=\"og:title\" content=\"Girls &amp; Tech - Chicas en la tecnolog\u00eda\" \/>\n<meta property=\"og:description\" content=\"La brecha de g\u00e9nero en las profesiones tecnol\u00f3gicas es evidente y sabemos que empieza en la educaci\u00f3n. A ellas tambi\u00e9n les gusta la tecnolog\u00eda \u00a1Ap\u00fantalas!\" \/>\n<meta property=\"og:url\" content=\"https:\/\/camptecnologico.com\/inicio\/talleres\/chicas-tecnologia\/\" \/>\n<meta property=\"og:site_name\" content=\"Camp Tecnologico\" \/>\n<meta property=\"article:publisher\" content=\"https:\/\/www.facebook.com\/camptecnologico\/\" \/>\n<meta property=\"og:image\" content=\"https:\/\/camptecnologico.com\/inicio\/wp-content\/uploads\/industry-4.0camptec-1.jpg\" \/>\n\t<meta property=\"og:image:width\" content=\"400\" \/>\n\t<meta property=\"og:image:height\" content=\"235\" \/>\n\t<meta property=\"og:image:type\" content=\"image\/jpeg\" \/>\n<meta name=\"twitter:card\" content=\"summary_large_image\" \/>\n<meta name=\"twitter:site\" content=\"@CampTecnologico\" \/>\n<meta name=\"twitter:label1\" content=\"Tiempo de lectura\" \/>\n\t<meta name=\"twitter:data1\" content=\"2 minutos\" \/>\n<!-- \/ Yoast SEO plugin. -->","yoast_head_json":{"title":"Girls & Tech - Chicas en la tecnolog\u00eda","description":"La brecha de g\u00e9nero en las profesiones tecnol\u00f3gicas es evidente y sabemos que empieza en la educaci\u00f3n. A ellas tambi\u00e9n les gusta la tecnolog\u00eda \u00a1Ap\u00fantalas!","robots":{"index":"noindex","follow":"follow","max-snippet":"max-snippet:-1","max-image-preview":"max-image-preview:large","max-video-preview":"max-video-preview:-1"},"og_locale":"es_ES","og_type":"article","og_title":"Girls & Tech - Chicas en la tecnolog\u00eda","og_description":"La brecha de g\u00e9nero en las profesiones tecnol\u00f3gicas es evidente y sabemos que empieza en la educaci\u00f3n. A ellas tambi\u00e9n les gusta la tecnolog\u00eda \u00a1Ap\u00fantalas!","og_url":"https:\/\/camptecnologico.com\/inicio\/talleres\/chicas-tecnologia\/","og_site_name":"Camp Tecnologico","article_publisher":"https:\/\/www.facebook.com\/camptecnologico\/","og_image":[{"width":400,"height":235,"url":"https:\/\/camptecnologico.com\/inicio\/wp-content\/uploads\/industry-4.0camptec-1.jpg","type":"image\/jpeg"}],"twitter_card":"summary_large_image","twitter_site":"@CampTecnologico","twitter_misc":{"Tiempo de lectura":"2 minutos"},"schema":{"@context":"https:\/\/schema.org","@graph":[{"@type":"WebPage","@id":"https:\/\/camptecnologico.com\/inicio\/talleres\/chicas-tecnologia\/","url":"https:\/\/camptecnologico.com\/inicio\/talleres\/chicas-tecnologia\/","name":"Girls & Tech - Chicas en la tecnolog\u00eda","isPartOf":{"@id":"https:\/\/camptecnologico.com\/inicio\/#website"},"primaryImageOfPage":{"@id":"https:\/\/camptecnologico.com\/inicio\/talleres\/chicas-tecnologia\/#primaryimage"},"image":{"@id":"https:\/\/camptecnologico.com\/inicio\/talleres\/chicas-tecnologia\/#primaryimage"},"thumbnailUrl":"https:\/\/camptecnologico.com\/inicio\/wp-content\/uploads\/industry-4.0camptec-1.jpg","datePublished":"2014-03-27T12:41:17+00:00","dateModified":"2014-03-27T12:41:17+00:00","description":"La brecha de g\u00e9nero en las profesiones tecnol\u00f3gicas es evidente y sabemos que empieza en la educaci\u00f3n. A ellas tambi\u00e9n les gusta la tecnolog\u00eda \u00a1Ap\u00fantalas!","breadcrumb":{"@id":"https:\/\/camptecnologico.com\/inicio\/talleres\/chicas-tecnologia\/#breadcrumb"},"inLanguage":"es","potentialAction":[{"@type":"ReadAction","target":["https:\/\/camptecnologico.com\/inicio\/talleres\/chicas-tecnologia\/"]}]},{"@type":"ImageObject","inLanguage":"es","@id":"https:\/\/camptecnologico.com\/inicio\/talleres\/chicas-tecnologia\/#primaryimage","url":"https:\/\/camptecnologico.com\/inicio\/wp-content\/uploads\/industry-4.0camptec-1.jpg","contentUrl":"https:\/\/camptecnologico.com\/inicio\/wp-content\/uploads\/industry-4.0camptec-1.jpg","width":400,"height":235},{"@type":"BreadcrumbList","@id":"https:\/\/camptecnologico.com\/inicio\/talleres\/chicas-tecnologia\/#breadcrumb","itemListElement":[{"@type":"ListItem","position":1,"name":"Home","item":"https:\/\/camptecnologico.com\/"},{"@type":"ListItem","position":2,"name":"Talleres","item":"https:\/\/camptecnologico.com\/inicio\/talleres\/"},{"@type":"ListItem","position":3,"name":"Girls &amp; Tech &#8211; Chicas en la tecnolog\u00eda"}]},{"@type":"WebSite","@id":"https:\/\/camptecnologico.com\/inicio\/#website","url":"https:\/\/camptecnologico.com\/inicio\/","name":"Camp Tecnologico","description":"Campamento tecnol\u00f3gico para ni\u00f1os y j\u00f3venes. Tecnolog\u00eda para ni\u00f1os. Minecraft.","publisher":{"@id":"https:\/\/camptecnologico.com\/inicio\/#organization"},"potentialAction":[{"@type":"SearchAction","target":{"@type":"EntryPoint","urlTemplate":"https:\/\/camptecnologico.com\/inicio\/?s={search_term_string}"},"query-input":"required name=search_term_string"}],"inLanguage":"es"},{"@type":"Organization","@id":"https:\/\/camptecnologico.com\/inicio\/#organization","name":"Camp Tecnol\u00f3gico","url":"https:\/\/camptecnologico.com\/inicio\/","logo":{"@type":"ImageObject","inLanguage":"es","@id":"https:\/\/camptecnologico.com\/inicio\/#\/schema\/logo\/image\/","url":"https:\/\/camptecnologico.com\/inicio\/wp-content\/uploads\/logo1.jpg","contentUrl":"https:\/\/camptecnologico.com\/inicio\/wp-content\/uploads\/logo1.jpg","width":120,"height":120,"caption":"Camp Tecnol\u00f3gico"},"image":{"@id":"https:\/\/camptecnologico.com\/inicio\/#\/schema\/logo\/image\/"},"sameAs":["https:\/\/www.facebook.com\/camptecnologico\/","https:\/\/x.com\/CampTecnologico","https:\/\/www.instagram.com\/camptecnologico\/","https:\/\/www.linkedin.com\/company\/camptecnol-gico","https:\/\/www.youtube.com\/user\/CampTecologico"]}]}},"_links":{"self":[{"href":"https:\/\/camptecnologico.com\/inicio\/wp-json\/wp\/v2\/pages\/44923","targetHints":{"allow":["GET"]}}],"collection":[{"href":"https:\/\/camptecnologico.com\/inicio\/wp-json\/wp\/v2\/pages"}],"about":[{"href":"https:\/\/camptecnologico.com\/inicio\/wp-json\/wp\/v2\/types\/page"}],"author":[{"embeddable":true,"href":"https:\/\/camptecnologico.com\/inicio\/wp-json\/wp\/v2\/users\/59"}],"replies":[{"embeddable":true,"href":"https:\/\/camptecnologico.com\/inicio\/wp-json\/wp\/v2\/comments?post=44923"}],"version-history":[{"count":1,"href":"https:\/\/camptecnologico.com\/inicio\/wp-json\/wp\/v2\/pages\/44923\/revisions"}],"predecessor-version":[{"id":45369,"href":"https:\/\/camptecnologico.com\/inicio\/wp-json\/wp\/v2\/pages\/44923\/revisions\/45369"}],"up":[{"embeddable":true,"href":"https:\/\/camptecnologico.com\/inicio\/wp-json\/wp\/v2\/pages\/9518"}],"wp:featuredmedia":[{"embeddable":true,"href":"https:\/\/camptecnologico.com\/inicio\/wp-json\/wp\/v2\/media\/49704"}],"wp:attachment":[{"href":"https:\/\/camptecnologico.com\/inicio\/wp-json\/wp\/v2\/media?parent=44923"}],"curies":[{"name":"wp","href":"https:\/\/api.w.org\/{rel}","templated":true}]}}