




{"id":44618,"date":"2020-02-11T15:54:57","date_gmt":"2020-02-11T14:54:57","guid":{"rendered":"https:\/\/camptecnologico.com\/inicio\/?page_id=44618"},"modified":"2020-05-13T17:25:38","modified_gmt":"2020-05-13T16:25:38","slug":"vitoria-gasteiz","status":"publish","type":"page","link":"https:\/\/camptecnologico.com\/inicio\/campamentos-de-verano\/vitoria-gasteiz\/","title":{"rendered":"&#x2600;&#xfe0f;Campamentos de Rob\u00f3tica en Vitoria-Gasteiz verano 2020"},"content":{"rendered":"<script>\r\n    sessionStorage.campus=5880;\r\n<\/script>\r\n<!----------------------------- NO TOCAR, SE DESMONTA LA PARTE DE INFORMACION GENERAL --------------------->\r\n<style type=\"text\/css\">\r\n#descripcion {\r\n    margin-top: 50px;\r\n}\r\n#descripcion .fourcol.column {\r\n    float: left;\r\n    display: block;co\r\n}\r\n.column {\r\n    margin-right: 2.6%;\r\n    display: inline-grid;float: none;\r\n}\r\n<\/style>\r\n<!--------------------------------------------------------------------------------------------------------\r\n\r\n<div class=\"row\">\r\n    <div style=\"text-align: center; margin: 0px 0px 20px 0px; \"\r\n        <p><spam style=\"color:#CC0000;font-weight: bold; font-size: 2.0em;\">ATENCI\u00d3N:<\/spam> \r\n        <spam style=\"font-size: 2.0em;\">Realiza la inscripci\u00f3n <strong>ahora<\/strong> con todas las promociones vigentes y <br \/><strong>\u00a1\u00a1\u00a1 no pagues hasta el 15 de mayo !!!<\/strong>.<\/spam>\r\n    <\/div>\r\n\r\n    <div class=\"fourcol column\" align=\"right\">\r\n        <strong>Nuestros talleres se segmentan en:<\/strong>\r\n    <\/div>\r\n    <div class=\"threecol column\">\r\n        <ul>\r\n            <li> <span class=\"segmento_junior\">&nbsp;Junior: 1\u00ba-3\u00ba Primaria&nbsp;<\/span><\/li>\r\n            <li> <span class=\"segmento_genius\">&nbsp;Genius: 4\u00ba-6\u00ba Primaria y 1\u00ba-3\u00ba ESO&nbsp;<\/span><\/li>\r\n            <li> <span class=\"segmento_explorer\">&nbsp;Explorer: 1\u00ba ESO en adelante&nbsp;<\/span><\/li>\r\n        <\/ul>\r\n    <\/div>\r\n    <p style=\"margin-top:20px; text-align:center\";>\r\n        <span style=\"font-size: 1.2em; font-weight: bold;\">GRUPOS REDUCIDOS<\/span>, 10 alumnos por monitor. Una metodolog\u00eda probada desde 2011 que nos diferencia de otras opciones del mercado.\r\n    <\/p>\r\n<\/div>\r\n\r\n<hr \/>\r\n\r\n<div class=\"row\">\r\n    <center>\r\n        [wpv-view name=\"talleres-vitoria-verano-microficha\"]\r\n\r\n         <a href=\"https:\/\/camptecnologico.com\/inicio\/inscripcion\/\" class=\"button large primary\" rel=\"nofollow\">\r\n               <i class=\"fa fa-paper-plane\"><\/i>&nbsp;Calendario e <i class=\"fa fa-paper-plane\" aria-hidden=\"true\"><\/i>&nbsp;Inscripci\u00f3n<\/a>\r\n    <\/center>\r\n<\/div>\r\n\r\n<hr \/>\r\n\r\n<div class=\"row\">\r\n    <h2>Informaci\u00f3n General<\/h2>\r\n    <div>\r\n        <h3><i class=\"fa fa-map-marker\" aria-hidden=\"true\"><\/i> D\u00f3nde<\/h3>\r\n        <p><spam style=\"font-weight: bold; font-size: 1.2em;\">Colegio Oficial de Ingenieros Industriales de \u00c1lava<\/spam>\r\n           (Bizkai Kalea, 2, 01006 Vitoria-Gasteiz)&nbsp;\r\n            <a href=\"https:\/\/www.google.com\/maps\/place\/Colegio+De+Ingenieros+Industriales+De+%C3%81lava\/@42.8392085,-2.6744591,15z\/data=!4m5!3m4!1s0x0:0x69f2c8c5670803b6!8m2!3d42.8392085!4d-2.6744591\" target=\"_blanc\" rel=\"nofollow noopener noreferrer\"> mapa<\/a>\r\n        <\/p>\r\n    <\/div>\r\n    <div class=\"fourcol column\" style=\"margin-top:20px;\">\r\n        <h3><i class=\"fa fa-calendar\"><\/i> Fechas<\/h3>\r\n        <ul>\r\n \t    <li>29 de junio al 3 de julio<\/li>\r\n \t    <li>6 al 10 de julio<\/li>\r\n            <li>13 al 17 de julio<\/li>\r\n \t    <li>20 al 24 de julio<\/li>\r\n            <li>27 al 31 de julio<\/li>\r\n            <li>24 al 28 de agosto<\/li>\r\n            <li>31 de agosto al 4 de septiembre<\/li>\r\n        <\/ul>\r\n        <h3><i class=\"fa fa-clock-o\" aria-hidden=\"true\"><\/i> Horario<\/h3>\r\n        <ul>\r\n            <li>De 9.00 a 13.00 horas (4 horas \/d\u00eda).<\/li>\r\n        <\/ul>\r\n        <em>Nota: El \u00faltimo d\u00eda, <strong>1 hora de puertas abiertas<\/strong> (12.00 a 13.00), con las familias que podr\u00e1n ver el trabajo realizado.<\/em>\r\n    <\/div>\r\n    <div class=\"eightcol column last\">\r\n        <h3 align=\"center\">Calendario de talleres en Vitoria<\/h3>\r\n        <div style=\"text-align:center; padding-bottom:20px\">\r\n            <img decoding=\"async\" src=\"https:\/\/camptecnologico.com\/inicio\/wp-content\/uploads\/Calendario_Vitoria_Verano_2020.jpg\" class=\"alignnone size-full wp-image-32836\" \/>\r\n        <\/div>\r\n        <div style=\"text-align:center; padding-bottom:20px\">\r\n            <a href=\"https:\/\/camptecnologico.com\/inicio\/inscripcion\/\" class=\"button large primary\" rel=\"nofollow\">\r\n               <i class=\"fa fa-paper-plane\"><\/i>&nbsp;Calendario e <i class=\"fa fa-paper-plane\" aria-hidden=\"true\"><\/i>&nbsp;Inscripci\u00f3n<\/a>\r\n        <\/div>\r\n    <\/div>\r\n    <div class=\"clear\"><\/div>\r\n<\/div>\r\n\r\n<hr \/>\r\n\r\n<div class=\"row\">\r\n    <h2>Precios y Descuentos<\/h2>\r\n    <div class=\"fourcol column\">\r\n        <h3 style=\"padding-top:10px;\"><i class=\"fa fa-plus-circle\" aria-hidden=\"true\"><\/i> Servicios Adicionales<\/h3>\r\n        <ul>\r\n            <li>Horario ampliado de 08.30 a 13.30: <span style=\"font-size: 1.5em;\"><strong>5\u20ac\/d\u00eda<\/strong><\/span><\/li>\r\n        <\/ul>\r\n        <em>Nota: No hay posibilidad de d\u00edas sueltos.<\/em>\r\n    <\/div>\r\n    <div class=\"fourcol column\">\r\n        <h3><i class=\"fa fa-money\" aria-hidden=\"true\"><\/i> Precios<\/h3>\r\n        <p>Descuento Campa\u00f1a 10\u00ba aniversario.<\/p>\r\n        <h4>Talleres de 5 d\u00edas:<\/h4>\r\n        <ul>\r\n            <li style=\"margin-bottom:0px;\">Junior y Genius: <span class=\"tachaprecio\">169\u20ac<\/span> <span class=\"precio\">143\u20ac<\/span><\/li>\r\n            <li style=\"margin-bottom:0px;\">Explorer:        <span class=\"tachaprecio\">182\u20ac<\/span> <span class=\"precio\">154\u20ac<\/span><\/li>\r\n        <\/ul>\r\n\r\n        <h4>Talleres <span style=\"color: #FF33F9; font-weight: bold;\">PREMIUM<\/span>, que se llevan lo construido:<\/h4>\r\n        <ul>\r\n            <li style=\"margin-bottom:0px;\">Dron master     <span class=\"tachaprecio\">202\u20ac<\/span> <span class=\"precio\">174\u20ac<\/span><\/li>\r\n            <li style=\"margin-bottom:0px;\">Game Boy maker: <span class=\"tachaprecio\">217\u20ac<\/span> <span class=\"precio\">178\u20ac<\/span><\/li>\r\n        <\/ul>\r\n    <\/div>\r\n    <div class=\"fourcol column last\">\r\n        <h3><i class=\"fa fa-money\" aria-hidden=\"true\"><\/i> Descuentos adicionales<\/h3>\r\n        <p>S\u00f3lo se puede disfrutar de uno de ellos:<\/p>\r\n        <ul>\r\n            <li style=\"margin-bottom:0px;\">Antig\u00fco Alumno de CampTecnol\u00f3gico:   <span class=\"precio\">-10%<\/span><\/li>\r\n            <li style=\"margin-bottom:0px;\">Plan Gaztedi Kutxabank:              <span class=\"precio\">-10%<\/span><\/li>\r\n        <\/ul>\r\n        <h3>y adem\u00e1s ...<\/h3>\r\n        <ul>\r\n            <li style=\"margin-bottom:0px;\">La segunda semana contratada:   <span class=\"precio\">-10%<\/span><\/li>\r\n            <li style=\"margin-bottom:0px;\">Viene con un hermano y\/o amigo: <span class=\"precio\">-5%<\/span><\/li>\r\n        <\/ul>\r\n        <div class=\"clear\"><\/div>\r\n    <\/div>\r\n<\/div>\r\n\r\n<hr \/>\r\n\r\n<div style=\"background-color: #ffffff\">\r\n    <div class=\"row\">\r\n        <p>\r\n            <spam style=\"color:#CC0000;font-weight: bold; font-size: 2.0em;\">AVISO:<\/spam>\r\n            <spam style=\"font-size: 1.7em;\">La realizaci\u00f3n de los talleres esta sujeta a alcanzar un grupo m\u00ednimo de asistentes al turno elegido.\r\n                                        En caso de no ser factible, desde la organizaci\u00f3n les ofreceremos las alternativas existentes.<\/spam>\r\n        <\/p>\r\n    <\/div>\r\n<\/div>\r\n\r\n-->","protected":false},"excerpt":{"rendered":"","protected":false},"author":59,"featured_media":36927,"parent":6591,"menu_order":0,"comment_status":"open","ping_status":"open","template":"","meta":{"footnotes":"","_links_to":"","_links_to_target":""},"class_list":["post-44618","page","type-page","status-publish","has-post-thumbnail","hentry"],"yoast_head":"<!-- This site is optimized with the Yoast SEO plugin v22.6 - https:\/\/yoast.com\/wordpress\/plugins\/seo\/ -->\n<title>&#x2600;&#xfe0f;Campamentos de Rob\u00f3tica en Vitoria-Gasteiz verano 2020<\/title>\n<meta name=\"description\" content=\"Camp Tecnol\u00f3gico es un Proyecto Educativo con el objetivo de despertar el inter\u00e9s de los j\u00f3venes por la Ciencia, Tecnolog\u00eda, Ingenier\u00eda y las Matem\u00e1ticas.\" \/>\n<meta name=\"robots\" content=\"noindex, follow, max-snippet:-1, max-image-preview:large, max-video-preview:-1\" \/>\n<meta property=\"og:locale\" content=\"es_ES\" \/>\n<meta property=\"og:type\" content=\"article\" \/>\n<meta property=\"og:title\" content=\"&#x2600;&#xfe0f;Campamentos de Rob\u00f3tica en Vitoria-Gasteiz verano 2020\" \/>\n<meta property=\"og:description\" content=\"Camp Tecnol\u00f3gico es un Proyecto Educativo con el objetivo de despertar el inter\u00e9s de los j\u00f3venes por la Ciencia, Tecnolog\u00eda, Ingenier\u00eda y las Matem\u00e1ticas.\" \/>\n<meta property=\"og:url\" content=\"https:\/\/camptecnologico.com\/inicio\/campamentos-de-verano\/vitoria-gasteiz\/\" \/>\n<meta property=\"og:site_name\" content=\"Camp Tecnologico\" \/>\n<meta property=\"article:publisher\" content=\"https:\/\/www.facebook.com\/camptecnologico\/\" \/>\n<meta property=\"article:modified_time\" content=\"2020-05-13T16:25:38+00:00\" \/>\n<meta property=\"og:image\" content=\"https:\/\/camptecnologico.com\/inicio\/wp-content\/uploads\/Plan-Gaztedi-Kutxabank.jpg\" \/>\n\t<meta property=\"og:image:width\" content=\"400\" \/>\n\t<meta property=\"og:image:height\" content=\"235\" \/>\n\t<meta property=\"og:image:type\" content=\"image\/jpeg\" \/>\n<meta name=\"twitter:card\" content=\"summary_large_image\" \/>\n<meta name=\"twitter:site\" content=\"@CampTecnologico\" \/>\n<!-- \/ Yoast SEO plugin. -->","yoast_head_json":{"title":"&#x2600;&#xfe0f;Campamentos de Rob\u00f3tica en Vitoria-Gasteiz verano 2020","description":"Camp Tecnol\u00f3gico es un Proyecto Educativo con el objetivo de despertar el inter\u00e9s de los j\u00f3venes por la Ciencia, Tecnolog\u00eda, Ingenier\u00eda y las Matem\u00e1ticas.","robots":{"index":"noindex","follow":"follow","max-snippet":"max-snippet:-1","max-image-preview":"max-image-preview:large","max-video-preview":"max-video-preview:-1"},"og_locale":"es_ES","og_type":"article","og_title":"&#x2600;&#xfe0f;Campamentos de Rob\u00f3tica en Vitoria-Gasteiz verano 2020","og_description":"Camp Tecnol\u00f3gico es un Proyecto Educativo con el objetivo de despertar el inter\u00e9s de los j\u00f3venes por la Ciencia, Tecnolog\u00eda, Ingenier\u00eda y las Matem\u00e1ticas.","og_url":"https:\/\/camptecnologico.com\/inicio\/campamentos-de-verano\/vitoria-gasteiz\/","og_site_name":"Camp Tecnologico","article_publisher":"https:\/\/www.facebook.com\/camptecnologico\/","article_modified_time":"2020-05-13T16:25:38+00:00","og_image":[{"width":400,"height":235,"url":"https:\/\/camptecnologico.com\/inicio\/wp-content\/uploads\/Plan-Gaztedi-Kutxabank.jpg","type":"image\/jpeg"}],"twitter_card":"summary_large_image","twitter_site":"@CampTecnologico","schema":{"@context":"https:\/\/schema.org","@graph":[{"@type":"WebPage","@id":"https:\/\/camptecnologico.com\/inicio\/campamentos-de-verano\/vitoria-gasteiz\/","url":"https:\/\/camptecnologico.com\/inicio\/campamentos-de-verano\/vitoria-gasteiz\/","name":"&#x2600;&#xfe0f;Campamentos de Rob\u00f3tica en Vitoria-Gasteiz verano 2020","isPartOf":{"@id":"https:\/\/camptecnologico.com\/inicio\/#website"},"primaryImageOfPage":{"@id":"https:\/\/camptecnologico.com\/inicio\/campamentos-de-verano\/vitoria-gasteiz\/#primaryimage"},"image":{"@id":"https:\/\/camptecnologico.com\/inicio\/campamentos-de-verano\/vitoria-gasteiz\/#primaryimage"},"thumbnailUrl":"https:\/\/camptecnologico.com\/inicio\/wp-content\/uploads\/Plan-Gaztedi-Kutxabank.jpg","datePublished":"2020-02-11T14:54:57+00:00","dateModified":"2020-05-13T16:25:38+00:00","description":"Camp Tecnol\u00f3gico es un Proyecto Educativo con el objetivo de despertar el inter\u00e9s de los j\u00f3venes por la Ciencia, Tecnolog\u00eda, Ingenier\u00eda y las Matem\u00e1ticas.","breadcrumb":{"@id":"https:\/\/camptecnologico.com\/inicio\/campamentos-de-verano\/vitoria-gasteiz\/#breadcrumb"},"inLanguage":"es","potentialAction":[{"@type":"ReadAction","target":["https:\/\/camptecnologico.com\/inicio\/campamentos-de-verano\/vitoria-gasteiz\/"]}]},{"@type":"ImageObject","inLanguage":"es","@id":"https:\/\/camptecnologico.com\/inicio\/campamentos-de-verano\/vitoria-gasteiz\/#primaryimage","url":"https:\/\/camptecnologico.com\/inicio\/wp-content\/uploads\/Plan-Gaztedi-Kutxabank.jpg","contentUrl":"https:\/\/camptecnologico.com\/inicio\/wp-content\/uploads\/Plan-Gaztedi-Kutxabank.jpg","width":400,"height":235},{"@type":"BreadcrumbList","@id":"https:\/\/camptecnologico.com\/inicio\/campamentos-de-verano\/vitoria-gasteiz\/#breadcrumb","itemListElement":[{"@type":"ListItem","position":1,"name":"Home","item":"https:\/\/camptecnologico.com\/"},{"@type":"ListItem","position":2,"name":"no vale &#8211; Campamentos de verano","item":"https:\/\/camptecnologico.com\/inicio\/campamentos-con-alojamiento\/"},{"@type":"ListItem","position":3,"name":"&#x2600;&#xfe0f;Campamentos de Rob\u00f3tica en Vitoria-Gasteiz verano 2020"}]},{"@type":"WebSite","@id":"https:\/\/camptecnologico.com\/inicio\/#website","url":"https:\/\/camptecnologico.com\/inicio\/","name":"Camp Tecnologico","description":"Campamento tecnol\u00f3gico para ni\u00f1os y j\u00f3venes. Tecnolog\u00eda para ni\u00f1os. Minecraft.","publisher":{"@id":"https:\/\/camptecnologico.com\/inicio\/#organization"},"potentialAction":[{"@type":"SearchAction","target":{"@type":"EntryPoint","urlTemplate":"https:\/\/camptecnologico.com\/inicio\/?s={search_term_string}"},"query-input":"required name=search_term_string"}],"inLanguage":"es"},{"@type":"Organization","@id":"https:\/\/camptecnologico.com\/inicio\/#organization","name":"Camp Tecnol\u00f3gico","url":"https:\/\/camptecnologico.com\/inicio\/","logo":{"@type":"ImageObject","inLanguage":"es","@id":"https:\/\/camptecnologico.com\/inicio\/#\/schema\/logo\/image\/","url":"https:\/\/camptecnologico.com\/inicio\/wp-content\/uploads\/logo1.jpg","contentUrl":"https:\/\/camptecnologico.com\/inicio\/wp-content\/uploads\/logo1.jpg","width":120,"height":120,"caption":"Camp Tecnol\u00f3gico"},"image":{"@id":"https:\/\/camptecnologico.com\/inicio\/#\/schema\/logo\/image\/"},"sameAs":["https:\/\/www.facebook.com\/camptecnologico\/","https:\/\/x.com\/CampTecnologico","https:\/\/www.instagram.com\/camptecnologico\/","https:\/\/www.linkedin.com\/company\/camptecnol-gico","https:\/\/www.youtube.com\/user\/CampTecologico"]}]}},"_links":{"self":[{"href":"https:\/\/camptecnologico.com\/inicio\/wp-json\/wp\/v2\/pages\/44618","targetHints":{"allow":["GET"]}}],"collection":[{"href":"https:\/\/camptecnologico.com\/inicio\/wp-json\/wp\/v2\/pages"}],"about":[{"href":"https:\/\/camptecnologico.com\/inicio\/wp-json\/wp\/v2\/types\/page"}],"author":[{"embeddable":true,"href":"https:\/\/camptecnologico.com\/inicio\/wp-json\/wp\/v2\/users\/59"}],"replies":[{"embeddable":true,"href":"https:\/\/camptecnologico.com\/inicio\/wp-json\/wp\/v2\/comments?post=44618"}],"version-history":[{"count":25,"href":"https:\/\/camptecnologico.com\/inicio\/wp-json\/wp\/v2\/pages\/44618\/revisions"}],"predecessor-version":[{"id":45138,"href":"https:\/\/camptecnologico.com\/inicio\/wp-json\/wp\/v2\/pages\/44618\/revisions\/45138"}],"up":[{"embeddable":true,"href":"https:\/\/camptecnologico.com\/inicio\/wp-json\/wp\/v2\/pages\/6591"}],"wp:featuredmedia":[{"embeddable":true,"href":"https:\/\/camptecnologico.com\/inicio\/wp-json\/wp\/v2\/media\/36927"}],"wp:attachment":[{"href":"https:\/\/camptecnologico.com\/inicio\/wp-json\/wp\/v2\/media?parent=44618"}],"curies":[{"name":"wp","href":"https:\/\/api.w.org\/{rel}","templated":true}]}}