




{"id":43760,"date":"2019-12-30T14:36:44","date_gmt":"2019-12-30T13:36:44","guid":{"rendered":"https:\/\/camptecnologico.com\/inicio\/?page_id=43760"},"modified":"2020-01-10T16:43:04","modified_gmt":"2020-01-10T15:43:04","slug":"camps-accommodation","status":"publish","type":"page","link":"https:\/\/camptecnologico.com\/inicio\/camps-accommodation\/","title":{"rendered":"Robotics Camps Accommodation"},"content":{"rendered":"<blockquote><div class=\"row\">\r\n    <center><h3>Technological Camps in the middle of nature, in the incomparable region of the Valle de Aran or Surf in Sopelana (Nearby Bilbao). Technology and Sport united together. Camps with full room and board<\/h3><\/center>\r\n\r\n<p>After the experience of the last editions since 2016 (rated as excellent by the attending families) for this summer 2020 we have organized camps which have never been seen before with our team of technology monitors. Your children will have fun in nature while they learn the latest technologies in the most enjoyable manner. Drone Creation Workshops, racing the drones among the trees, construction, and launch of water pressurized rockets, solid combustion rocket-propelled car races, 3D printing, robots, videogame design with Unity and virtual reality\u2026.And much more! All of this surrounded by nature, doing adventure sports and enjoying biodiversity<\/p>\r\n\r\n    <div id=\"ciudades\">\r\n        <div style=\"text-align: center;\" class=\"sixcol column\">\r\n\t        <!--<a href=\"https:\/\/camptecnologico.com\/inicio\/campamentos-de-verano\/bilbao-alojamiento\/\">-->\r\n                    <img loading=\"lazy\" decoding=\"async\" src=\"https:\/\/camptecnologico.com\/inicio\/wp-content\/uploads\/campamento-alojamiento-bilbao.jpg\" \r\n                         alt=\"campamentos, tecnologia, bilbao, talleres, tecnologia, robotica, robotica educativa, programacion, codigo, ni\u00f1os, adolescentes, talleres, videojuegos\" \r\n                         width=\"300\" height=\"300\" class=\"alignnone size-full wp-image-17438\" \/>\r\n                \r\n\t\t<h4>Bilbao \/ Sopelana &#038; Club Pukas Surf<\/h4>\r\n\t\t<h5><i class=\"fa fa-bed\"><\/i> Surf Camp, robotics  and  videogames<\/h5>\r\n                <p style=\"text-align: center;\"><i class=\"fa fa-calendar-o\"><\/i> June and july<\/p>\r\n\r\n                <!--<p style=\"text-align: center;\"><spam style=\"color: #F95C2C; font-size: 150%; text-align: center\">PLAZAS AGOTADAS<\/spam>-->\r\n\t\t<!--<a href=\"https:\/\/camptecnologico.com\/inicio\/campamentos-de-verano\/bilbao-alojamiento\/\" class=\"button small primary\">Ver Informaci\u00f3n-->\r\n\t<\/a><\/p><\/a><\/div>\r\n\r\n        <div style=\"text-align: center;\" class=\"sixcol column last\">\r\n\t\t<!--<a href=\" https:\/\/camptecnologico.com\/inicio\/campamentos-de-verano\/les-alojamiento\/\">-->\r\n                   <img loading=\"lazy\" decoding=\"async\" src=\"https:\/\/camptecnologico.com\/inicio\/wp-content\/uploads\/campamento-alojamiento-les2.jpg\" \r\n                        alt=\"campamento, lleida, les,  naturaleza, tecnologia, robotica educativa, camping, cursos, talleres, ninos, adolescentes\" \r\n                        width=\"300\" height=\"300\" class=\"alignnone size-full wp-image-43421\" srcset=\"https:\/\/camptecnologico.com\/inicio\/wp-content\/uploads\/campamento-alojamiento-les2.jpg 300w, https:\/\/camptecnologico.com\/inicio\/wp-content\/uploads\/campamento-alojamiento-les2-270x270.jpg 270w, https:\/\/camptecnologico.com\/inicio\/wp-content\/uploads\/campamento-alojamiento-les2-120x120.jpg 120w, https:\/\/camptecnologico.com\/inicio\/wp-content\/uploads\/campamento-alojamiento-les2-113x113.jpg 113w, https:\/\/camptecnologico.com\/inicio\/wp-content\/uploads\/campamento-alojamiento-les2-230x230.jpg 230w, https:\/\/camptecnologico.com\/inicio\/wp-content\/uploads\/campamento-alojamiento-les2-150x150.jpg 150w\" sizes=\"auto, (max-width: 300px) 100vw, 300px\" \/>\r\n                    \r\n\t\t<h4>Pirineos &#8211; Valle de Ar\u00e1n &#8211; L\u00c9S<\/h4>\r\n                <h5><i class=\"fa fa-bed\"><\/i> Naturaran \/ Deportur, aventura y tecnolog\u00eda<\/h5>\r\n                <p style=\"text-align: center;\"><i class=\"fa fa-calendar-o\"><\/i> June and July<\/p>\r\n                \r\n\t\t<!--<\/a><a href=\"https:\/\/camptecnologico.com\/inicio\/campamentos-de-verano\/les-alojamiento\/\" class=\"button small primary\">Ver Informaci\u00f3n-->\r\n\t<\/a><\/div>\r\n    <\/div>\r\n\r\n    <center>\r\n        <a class=\"button large primary\" href=\"http:\/\/englishtechcamp.com\/EN\/index.html\" title=\"Campamento verano 2020\" target=\"_blank\" rel=\"noopener noreferrer\"><i class=\"fa fa-file-pdf-o\" aria-hidden=\"true\"><\/i> Download Information<\/a>\r\n    <\/center>\r\n\r\n<hr \/>\r\n    <center><h2>Preregistration Now<\/h2><\/center>\r\n\r\n    \r\n<\/div>\r\n<\/blockquote>","protected":false},"excerpt":{"rendered":"Technological Camps in the middle of nature, in the incomparable region of the Valle de Aran or Surf in Sopelana (Nearby Bilbao). Technology and Sport united together. Camps with full room and board After the experience of the last editions since 2016 (rated as excellent by the attending families) for this summer 2020 we have [&hellip;]","protected":false},"author":55,"featured_media":49704,"parent":0,"menu_order":0,"comment_status":"closed","ping_status":"closed","template":"","meta":{"footnotes":"","_links_to":"","_links_to_target":""},"class_list":["post-43760","page","type-page","status-publish","has-post-thumbnail","hentry"],"yoast_head":"<!-- This site is optimized with the Yoast SEO plugin v22.6 - https:\/\/yoast.com\/wordpress\/plugins\/seo\/ -->\n<title>Robotics Camps Accommodation<\/title>\n<meta name=\"description\" content=\"El verano 2020 existen varios campamentos Tecnol\u00f3gicos con alojamiento. Entornos naturales incomparables y deporte para desarrollar proyectos innovadores.\" \/>\n<meta name=\"robots\" content=\"noindex, follow, max-snippet:-1, max-image-preview:large, max-video-preview:-1\" \/>\n<meta property=\"og:locale\" content=\"es_ES\" \/>\n<meta property=\"og:type\" content=\"article\" \/>\n<meta property=\"og:title\" content=\"Robotics Camps Accommodation\" \/>\n<meta property=\"og:description\" content=\"El verano 2020 existen varios campamentos Tecnol\u00f3gicos con alojamiento. Entornos naturales incomparables y deporte para desarrollar proyectos innovadores.\" \/>\n<meta property=\"og:url\" content=\"https:\/\/camptecnologico.com\/inicio\/camps-accommodation\/\" \/>\n<meta property=\"og:site_name\" content=\"Camp Tecnologico\" \/>\n<meta property=\"article:publisher\" content=\"https:\/\/www.facebook.com\/camptecnologico\/\" \/>\n<meta property=\"article:modified_time\" content=\"2020-01-10T15:43:04+00:00\" \/>\n<meta property=\"og:image\" content=\"https:\/\/camptecnologico.com\/inicio\/wp-content\/uploads\/industry-4.0camptec-1.jpg\" \/>\n\t<meta property=\"og:image:width\" content=\"400\" \/>\n\t<meta property=\"og:image:height\" content=\"235\" \/>\n\t<meta property=\"og:image:type\" content=\"image\/jpeg\" \/>\n<meta name=\"twitter:card\" content=\"summary_large_image\" \/>\n<meta name=\"twitter:site\" content=\"@CampTecnologico\" \/>\n<meta name=\"twitter:label1\" content=\"Tiempo de lectura\" \/>\n\t<meta name=\"twitter:data1\" content=\"1 minuto\" \/>\n<!-- \/ Yoast SEO plugin. -->","yoast_head_json":{"title":"Robotics Camps Accommodation","description":"El verano 2020 existen varios campamentos Tecnol\u00f3gicos con alojamiento. Entornos naturales incomparables y deporte para desarrollar proyectos innovadores.","robots":{"index":"noindex","follow":"follow","max-snippet":"max-snippet:-1","max-image-preview":"max-image-preview:large","max-video-preview":"max-video-preview:-1"},"og_locale":"es_ES","og_type":"article","og_title":"Robotics Camps Accommodation","og_description":"El verano 2020 existen varios campamentos Tecnol\u00f3gicos con alojamiento. Entornos naturales incomparables y deporte para desarrollar proyectos innovadores.","og_url":"https:\/\/camptecnologico.com\/inicio\/camps-accommodation\/","og_site_name":"Camp Tecnologico","article_publisher":"https:\/\/www.facebook.com\/camptecnologico\/","article_modified_time":"2020-01-10T15:43:04+00:00","og_image":[{"width":400,"height":235,"url":"https:\/\/camptecnologico.com\/inicio\/wp-content\/uploads\/industry-4.0camptec-1.jpg","type":"image\/jpeg"}],"twitter_card":"summary_large_image","twitter_site":"@CampTecnologico","twitter_misc":{"Tiempo de lectura":"1 minuto"},"schema":{"@context":"https:\/\/schema.org","@graph":[{"@type":"WebPage","@id":"https:\/\/camptecnologico.com\/inicio\/camps-accommodation\/","url":"https:\/\/camptecnologico.com\/inicio\/camps-accommodation\/","name":"Robotics Camps Accommodation","isPartOf":{"@id":"https:\/\/camptecnologico.com\/inicio\/#website"},"primaryImageOfPage":{"@id":"https:\/\/camptecnologico.com\/inicio\/camps-accommodation\/#primaryimage"},"image":{"@id":"https:\/\/camptecnologico.com\/inicio\/camps-accommodation\/#primaryimage"},"thumbnailUrl":"https:\/\/camptecnologico.com\/inicio\/wp-content\/uploads\/industry-4.0camptec-1.jpg","datePublished":"2019-12-30T13:36:44+00:00","dateModified":"2020-01-10T15:43:04+00:00","description":"El verano 2020 existen varios campamentos Tecnol\u00f3gicos con alojamiento. Entornos naturales incomparables y deporte para desarrollar proyectos innovadores.","breadcrumb":{"@id":"https:\/\/camptecnologico.com\/inicio\/camps-accommodation\/#breadcrumb"},"inLanguage":"es","potentialAction":[{"@type":"ReadAction","target":["https:\/\/camptecnologico.com\/inicio\/camps-accommodation\/"]}]},{"@type":"ImageObject","inLanguage":"es","@id":"https:\/\/camptecnologico.com\/inicio\/camps-accommodation\/#primaryimage","url":"https:\/\/camptecnologico.com\/inicio\/wp-content\/uploads\/industry-4.0camptec-1.jpg","contentUrl":"https:\/\/camptecnologico.com\/inicio\/wp-content\/uploads\/industry-4.0camptec-1.jpg","width":400,"height":235},{"@type":"BreadcrumbList","@id":"https:\/\/camptecnologico.com\/inicio\/camps-accommodation\/#breadcrumb","itemListElement":[{"@type":"ListItem","position":1,"name":"Home","item":"https:\/\/camptecnologico.com\/"},{"@type":"ListItem","position":2,"name":"Robotics Camps Accommodation"}]},{"@type":"WebSite","@id":"https:\/\/camptecnologico.com\/inicio\/#website","url":"https:\/\/camptecnologico.com\/inicio\/","name":"Camp Tecnologico","description":"Campamento tecnol\u00f3gico para ni\u00f1os y j\u00f3venes. Tecnolog\u00eda para ni\u00f1os. Minecraft.","publisher":{"@id":"https:\/\/camptecnologico.com\/inicio\/#organization"},"potentialAction":[{"@type":"SearchAction","target":{"@type":"EntryPoint","urlTemplate":"https:\/\/camptecnologico.com\/inicio\/?s={search_term_string}"},"query-input":"required name=search_term_string"}],"inLanguage":"es"},{"@type":"Organization","@id":"https:\/\/camptecnologico.com\/inicio\/#organization","name":"Camp Tecnol\u00f3gico","url":"https:\/\/camptecnologico.com\/inicio\/","logo":{"@type":"ImageObject","inLanguage":"es","@id":"https:\/\/camptecnologico.com\/inicio\/#\/schema\/logo\/image\/","url":"https:\/\/camptecnologico.com\/inicio\/wp-content\/uploads\/logo1.jpg","contentUrl":"https:\/\/camptecnologico.com\/inicio\/wp-content\/uploads\/logo1.jpg","width":120,"height":120,"caption":"Camp Tecnol\u00f3gico"},"image":{"@id":"https:\/\/camptecnologico.com\/inicio\/#\/schema\/logo\/image\/"},"sameAs":["https:\/\/www.facebook.com\/camptecnologico\/","https:\/\/x.com\/CampTecnologico","https:\/\/www.instagram.com\/camptecnologico\/","https:\/\/www.linkedin.com\/company\/camptecnol-gico","https:\/\/www.youtube.com\/user\/CampTecologico"]}]}},"_links":{"self":[{"href":"https:\/\/camptecnologico.com\/inicio\/wp-json\/wp\/v2\/pages\/43760","targetHints":{"allow":["GET"]}}],"collection":[{"href":"https:\/\/camptecnologico.com\/inicio\/wp-json\/wp\/v2\/pages"}],"about":[{"href":"https:\/\/camptecnologico.com\/inicio\/wp-json\/wp\/v2\/types\/page"}],"author":[{"embeddable":true,"href":"https:\/\/camptecnologico.com\/inicio\/wp-json\/wp\/v2\/users\/55"}],"replies":[{"embeddable":true,"href":"https:\/\/camptecnologico.com\/inicio\/wp-json\/wp\/v2\/comments?post=43760"}],"version-history":[{"count":11,"href":"https:\/\/camptecnologico.com\/inicio\/wp-json\/wp\/v2\/pages\/43760\/revisions"}],"predecessor-version":[{"id":43899,"href":"https:\/\/camptecnologico.com\/inicio\/wp-json\/wp\/v2\/pages\/43760\/revisions\/43899"}],"wp:featuredmedia":[{"embeddable":true,"href":"https:\/\/camptecnologico.com\/inicio\/wp-json\/wp\/v2\/media\/49704"}],"wp:attachment":[{"href":"https:\/\/camptecnologico.com\/inicio\/wp-json\/wp\/v2\/media?parent=43760"}],"curies":[{"name":"wp","href":"https:\/\/api.w.org\/{rel}","templated":true}]}}