




{"id":41024,"date":"2019-06-18T13:25:18","date_gmt":"2019-06-18T12:25:18","guid":{"rendered":"https:\/\/camptecnologico.com\/inicio\/?page_id=41024"},"modified":"2021-01-07T12:32:57","modified_gmt":"2021-01-07T11:32:57","slug":"madrid-atocha-delicias","status":"publish","type":"page","link":"https:\/\/camptecnologico.com\/inicio\/club-fin-de-semana\/madrid-atocha-delicias\/","title":{"rendered":"Club Tecnol\u00f3gico Fin de Semana en Madrid &#8211; Atocha\/Delicias (curso 2020-21)"},"content":{"rendered":"<script>\r\n    sessionStorage.campus=6180;\r\n<\/script>\r\n\r\n<div class=\"row\">\r\n    <div class=\"sixcol column\" style=\"margin: 0px 0px 20px 0px\">\r\n       <img loading=\"lazy\" decoding=\"async\" src=\"https:\/\/camptecnologico.com\/inicio\/wp-content\/uploads\/MADRID-ATOCHA.jpg\" alt=\"\" width=\"668\" height=\"576\" class=\"alignnone size-full wp-image-48774\" srcset=\"https:\/\/camptecnologico.com\/inicio\/wp-content\/uploads\/MADRID-ATOCHA.jpg 668w, https:\/\/camptecnologico.com\/inicio\/wp-content\/uploads\/MADRID-ATOCHA-267x230.jpg 267w\" sizes=\"auto, (max-width: 668px) 100vw, 668px\" \/>\r\n    <\/div>\r\n    <div style=\"margin-bottom: 50px;\">\r\n        <center>\r\n            <em style=\"font-size: 2.0em; color:#0000FF;\"> Clases suspendidas debido a la situaci\u00f3n actual por el COVID-19<\/em>\r\n          \r\n        <\/center>\r\n    <\/div>\r\n    <div class=\"sixcol column last\" style=\"margin: 0px 0px 20px 0px\">\r\n        <h2>Club Tecnol\u00f3gico Fin de Semana<br \/>Madrid-Atocha\/Delicias (curso 2021)<\/h2>\r\n\r\n        <div style=\"margin: 10px 0px 10px 20px;\">\r\n            <ul style=\"font-size: 1.1em;\">\r\n                <li><strong>Tem\u00e1tica<\/strong>: rob\u00f3tica y programaci\u00f3n<\/li>\r\n                <li><strong>Modalidad<\/strong>: presencial<\/li>\r\n                <li><strong>Fechas<\/strong>: de octubre 2020 a junio 2021<\/li>\r\n                <li><strong>Duraci\u00f3n<\/strong>: 3,5 horas\/sesi\u00f3n<\/li>\r\n                <li><strong>D\u00edas<\/strong>: s\u00e1bados alternos<\/li>\r\n                <li><strong>Horarios<\/strong>: 10:00h a 13:30h y 16:30 a 20:00<\/li>\r\n            <\/ul>\r\n        <\/div>\r\n    <\/div>\r\n    <div class=\"clear\"><\/div>\r\n<!--\r\n    <div style=\"margin-bottom: 50px;\">\r\n        <center>\r\n            <em style=\"font-size: 3.0em; color:#0000FF;\">\u00a1\u00a1\u00a1 ATENCI\u00d3N !!! ampliamos plazo de inscripci\u00f3n.<\/em>\r\n        <\/center>\r\n    <\/div>\r\n-->\r\n    [wpv-view name=\u00bbclubs-madrid-atocha\u00bb]\r\n\r\n    <div style=\"margin-top:30px\">  \r\n        <h3 class=\"tituloSeccion\">Informaci\u00f3n General<\/h3>\r\n        <p>Los grupos se formar\u00e1n por edades y conocimientos.<\/p>\r\n    <\/div>\r\n\r\n    <div style=\"margin-top: 30px;\">\r\n        <h3><i class=\"fa fa-map-marker\"><\/i> D\u00f3nde<\/h3>\r\n        <p>El <strong>Club Fin de Semana<\/strong> de Madrid Atocha\/Delicias se imparte en: Calle de Juan de Mariana, 15, 28045 Madrid &nbsp;\r\n        <a href=\"https:\/\/www.google.es\/maps\/place\/Talent+Garden+Madrid\/@40.3983292,-3.6885223,17z\/data=!3m1!4b1!4m5!3m4!1s0xd422706bff431ad:0xe1297343074f52c0!8m2!3d40.3983292!4d-3.6863336?hl=es&#038;authuser=0\" target=\"_blanc\" rel=\"nofollow noopener noreferrer\"><i class=\"fa fa-map-marker fa-2x\" aria-hidden=\"true\" \r\n                    style=\"color:#00ffff\"><\/i><\/a>\r\n        <\/p>\r\n    <\/div>\r\n\r\n    <div style=\"margin-top: 30px;\">\r\n        <div class=\"fourcol column\" style=\"text-align: left;\">\r\n            <h3><i class=\"fa fa-calendar\"><\/i> Fechas<\/h3>\r\n            <p style=\"text-align: justify;\">A partir del <strong>24 de octubre<\/strong> hasta el <strong>12 de junio<\/strong>.<\/p>\r\n            <p>13 sesiones de <span style=\"font-size: 1.4em;\"><strong>3,5 hora\/semana<\/strong><\/span><br \/>\r\n               &nbsp;&nbsp;&nbsp;&nbsp;&nbsp;&nbsp;&nbsp;&nbsp;&nbsp;&nbsp;(distribuidas desde Octubre a Junio)<\/p>\r\n\r\n            <h3 style=\"margin-top: 60px\"><i class=\"fa fa-clock-o\" aria-hidden=\"true\"><\/i> Horario<\/h3>\r\n                \r\n\t    <p style=\"font-size: 1.5em;color:#0000FF;\">S\u00e1bados ma\u00f1ana y tarde:<\/p>\r\n            <ul>\r\n                <li>10:00h a 13:30h<\/li>\r\n                <li>16:30h a 20:00h<\/li>\r\n            <\/ul>\r\n        <\/div>\r\n\r\n        <div class=\"fourcol column\" style=\"text-align: left;\">\r\n            <h3><i class=\"fa fa-money\" aria-hidden=\"true\"><\/i> Precios<\/h3>\r\n            <p>Descuento Campa\u00f1a 10\u00ba aniversario<\/p>    \r\n            <ul>\r\n\t        <li>Clubs: <span class=\"tachaprecio\">87\u20ac\/mes<\/span> <span style=\"font-size: 1.5em;\"> <strong>70\u20ac\/mes<\/strong><\/span><\/li>\r\n                <li>Matr\u00edcula de inscripci\u00f3n: <span style=\"font-size: 1.8em;\"> <strong>30\u20ac<\/strong><\/span><\/li>\r\n            <\/ul>\r\n            <em>(La cuota del mes de octubre ser\u00e1 de <strong>35\u20ac<\/strong>)<\/em>\r\n\r\n            <p style=\"font-size: 1.5em;color:#0000FF;\">Pago fraccionado sin recargo.<br \/>Cuota fija durante todo el curso.<\/p>\r\n\r\n            <h3 style=\"margin-top: 20px\"><i class=\"fa fa-university\" aria-hidden=\"true\"><\/i> Forma de pago<\/h3>\r\n            <p>Se har\u00e1 Domiciliaci\u00f3n bancaria (d\u00eda 10 de cada mes).<\/p>\r\n            <ul>\r\n                <li>1\u00ba trimestre curso 2020-21,<br \/>&nbsp;&nbsp;&nbsp;&nbsp;&nbsp;<strong>3 recibos de Octubre a Diciembre<\/strong><\/li>\r\n                <li>2\u00ba y 3\u00ba trimestre curso 2020-21,<br \/>&nbsp;&nbsp;&nbsp;&nbsp;&nbsp;<strong>6 recibos de Enero a Junio<\/strong><\/li>\r\n            <\/ul>\r\n        <\/div>\r\n\r\n        <div class=\"fourcol column last\" style=\"text-align: left;\">\r\n            <h3><i class=\"fa fa-money\" aria-hidden=\"true\"><\/i> Descuentos<\/h3>\r\n            <em style=\"font-size: 1.4em; color:#0000FF;\">S\u00f3lo se puede disfrutar de uno de ellos:<\/em>\r\n            <ul>\r\n                <li>Antiguos alumnos: <strong>-5%<\/strong><\/li>\r\n                <li>Familia numerosa o monoparental: <strong>-5%<\/strong><\/li>\r\n            <\/ul>\r\n            <p>Adem\u00e1s puede aplicar:<\/p>\r\n            <ul>\r\n                <li>Viene con un hermano y\/o amigo: <strong>-5%<\/strong><\/li>\r\n            <\/ul>\r\n        <\/div> \r\n        <div class=\"clear\"><\/div>\r\n\r\n        <div style=\"text-align:center; padding-top:20px\">    \r\n           <a class=\"button large primary\" href=\"https:\/\/camptecnologico.com\/inicio\/inscripcion-clubs\/\" rel=\"noopener noreferrer\" title=\"Incripci\u00f3n club online\">\r\n                     <i class=\"fa fa-paper-plane\" aria-hidden=\"true\"><\/i> Inscripci\u00f3n Club Fin de Semana<\/a>\r\n        <\/div>\r\n<hr \/>\r\n\r\n        <div marging-top:20px\">                 \r\n            <div class=\"eightcol column\"  style=\"text-align:center; margin: 0px 0px 0px 0px;\">\r\n                <h3>Calendario<\/h3>\r\n                <img decoding=\"async\" src=\"https:\/\/camptecnologico.com\/inicio\/wp-content\/uploads\/Calendario_club_20-21_MAD.jpg\" alt=\"\" width=\"755\" \/>\r\n            <\/div>\r\n\r\n            <div class=\"fourcol column last\" style=\"margin: 50px 0px 0px 20px;\">\r\n                <h3 style=\"background-color:#FF0000; color:#FFFFFF\">Turno 1<\/h3>\r\n                <p style=\"color:#FF0000;\">1\u00ba Trim: 10 y 24 oct, 7 y 21 nov, 19 dic<br \/>\r\n                                          2\u00ba Trim: 16 y 30 ene, 13 y 27 feb, 13 mar<br \/>\r\n                                          3\u00ba Trim: 24 abr, 8 y 22 may, 5 jun<\/p>\r\n                <div class=\"sixcol column \" style=\"margin: 0px 0px 0px 0px;\">\r\n                    <h4>Clubs de ma\u00f1ana<\/h4>\r\n                    <ul>\r\n                        <li>Minecraft<\/li>\r\n                        <li>Python<\/li>\r\n                        <li>Roblox<\/li>\r\n                    <\/ul>\r\n                <\/div>\r\n                <div class=\"sixcol column last\" style=\"margin: 0px 0px 0px 0px;\">\r\n                    <h4>Clubs de tarde<\/h4>\r\n                    <ul>\r\n                        <li>Rob\u00f3tica<\/li>\r\n                        <li>Arduino<\/li>\r\n                        <li>Unity<\/li>\r\n                    <\/ul>\r\n                <\/div>\r\n                <div class=\"clear\"><\/div>\r\n\r\n<div style=\"margin-top:50px;\"><\/div>\r\n\r\n                <h3 style=\"background-color:#0000FF; color:#FFFFFF\">Turno 2<\/h3>\r\n                <p style=\"color:#0000FF;\">1\u00ba Trim: 17 y 31 oct, 14 y 28 nov, 12 dic<br \/>\r\n                                          2\u00ba Trim: 23 ene, 6 y 20 feb,6 y 27 mar<br \/>\r\n                                          3\u00ba Trim: 17 abr, 15 y 29 may, 12 jun<\/p>\r\n\r\n                <div class=\"sixcol column \" style=\"margin: 0px 0px 0px 0px;\">\r\n                    <h4>Clubs de ma\u00f1ana<\/h4>\r\n                    <ul>\r\n                        <li>Rob\u00f3tica<\/li>\r\n                        <li>Arduino<\/li>\r\n                        <li>Unity<\/li>\r\n                    <\/ul>\r\n                <\/div>\r\n                <div class=\"sixcol column last\" style=\"margin: 0px 0px 0px 0px;\">\r\n                    <h4>Clubs de tarde<\/h4>\r\n                    <ul>\r\n                        <li>Minecraft<\/li>\r\n                        <li>Python<\/li>\r\n                        <li>Roblox<\/li>\r\n                    <\/ul>\r\n                <\/div>\r\n                <div class=\"clear\"><\/div>\r\n\r\n            <\/div>\r\n            <br \/><br \/>\r\n        <\/div>\r\n        <div class=\"clear\"><\/div>\r\n        <div style=\"text-align:center; padding-top:20px\">    \r\n           <a class=\"button large primary\" href=\"https:\/\/camptecnologico.com\/inicio\/inscripcion-clubs\/\" rel=\"noopener noreferrer\" title=\"Incripci\u00f3n club online\">\r\n                     <i class=\"fa fa-paper-plane\" aria-hidden=\"true\"><\/i> Inscripci\u00f3n Club Fin de Semana<\/a>\r\n        <\/div>\r\n    <\/div>\r\n\r\n<hr \/>\r\n\r\n    <p>\r\n        <spam style=\"color:#CC0000;font-weight: bold; font-size: 2.0em;\">AVISO:<\/spam> \r\n        <spam style=\"font-size: 1.7em;\">La realizaci\u00f3n de los clubs esta sujeta a alcanzar un grupo m\u00ednimo de asistentes. \r\n              En caso de no ser factible, desde la organizaci\u00f3n les ofreceremos las alternativas existentes.<\/spam>\r\n    <\/p>\r\n<\/div>","protected":false},"excerpt":{"rendered":"Clases suspendidas debido a la situaci\u00f3n actual por el COVID-19 Club Tecnol\u00f3gico Fin de SemanaMadrid-Atocha\/Delicias (curso 2021) Tem\u00e1tica: rob\u00f3tica y programaci\u00f3n Modalidad: presencial Fechas: de octubre 2020 a junio 2021 Duraci\u00f3n: 3,5 horas\/sesi\u00f3n D\u00edas: s\u00e1bados alternos Horarios: 10:00h a 13:30h y 16:30 a 20:00 [wpv-view name=\u00bbclubs-madrid-atocha\u00bb] Informaci\u00f3n General Los grupos se formar\u00e1n por edades y [&hellip;]","protected":false},"author":21,"featured_media":22239,"parent":34222,"menu_order":0,"comment_status":"open","ping_status":"open","template":"","meta":{"footnotes":"","_links_to":"","_links_to_target":""},"class_list":["post-41024","page","type-page","status-publish","has-post-thumbnail","hentry"],"yoast_head":"<!-- This site is optimized with the Yoast SEO plugin v22.6 - https:\/\/yoast.com\/wordpress\/plugins\/seo\/ -->\n<title>Club Tecnol\u00f3gico Fin de Semana en Madrid - Atocha\/Delicias (curso 2020-21)<\/title>\n<meta name=\"description\" content=\"Los fines de semana del curso escolar , ven al Club Tecnol\u00f3gico de Fin de Semana en Madrid en el barrio Atocha\/Delicias. Ocio de fin de semana diferente\" \/>\n<meta name=\"robots\" content=\"noindex, follow, max-snippet:-1, max-image-preview:large, max-video-preview:-1\" \/>\n<meta property=\"og:locale\" content=\"es_ES\" \/>\n<meta property=\"og:type\" content=\"article\" \/>\n<meta property=\"og:title\" content=\"Club Tecnol\u00f3gico Fin de Semana en Madrid - Atocha\/Delicias (curso 2020-21)\" \/>\n<meta property=\"og:description\" content=\"Los fines de semana del curso escolar , ven al Club Tecnol\u00f3gico de Fin de Semana en Madrid en el barrio Atocha\/Delicias. Ocio de fin de semana diferente\" \/>\n<meta property=\"og:url\" content=\"https:\/\/camptecnologico.com\/inicio\/club-fin-de-semana\/madrid-atocha-delicias\/\" \/>\n<meta property=\"og:site_name\" content=\"Camp Tecnologico\" \/>\n<meta property=\"article:publisher\" content=\"https:\/\/www.facebook.com\/camptecnologico\/\" \/>\n<meta property=\"article:modified_time\" content=\"2021-01-07T11:32:57+00:00\" \/>\n<meta property=\"og:image\" content=\"https:\/\/camptecnologico.com\/inicio\/wp-content\/uploads\/2016\/09\/tecnologia-ninos-madrid.jpg\" \/>\n\t<meta property=\"og:image:width\" content=\"733\" \/>\n\t<meta property=\"og:image:height\" content=\"382\" \/>\n\t<meta property=\"og:image:type\" content=\"image\/jpeg\" \/>\n<meta name=\"twitter:card\" content=\"summary_large_image\" \/>\n<meta name=\"twitter:site\" content=\"@CampTecnologico\" \/>\n<meta name=\"twitter:label1\" content=\"Tiempo de lectura\" \/>\n\t<meta name=\"twitter:data1\" content=\"1 minuto\" \/>\n<!-- \/ Yoast SEO plugin. -->","yoast_head_json":{"title":"Club Tecnol\u00f3gico Fin de Semana en Madrid - Atocha\/Delicias (curso 2020-21)","description":"Los fines de semana del curso escolar , ven al Club Tecnol\u00f3gico de Fin de Semana en Madrid en el barrio Atocha\/Delicias. Ocio de fin de semana diferente","robots":{"index":"noindex","follow":"follow","max-snippet":"max-snippet:-1","max-image-preview":"max-image-preview:large","max-video-preview":"max-video-preview:-1"},"og_locale":"es_ES","og_type":"article","og_title":"Club Tecnol\u00f3gico Fin de Semana en Madrid - Atocha\/Delicias (curso 2020-21)","og_description":"Los fines de semana del curso escolar , ven al Club Tecnol\u00f3gico de Fin de Semana en Madrid en el barrio Atocha\/Delicias. Ocio de fin de semana diferente","og_url":"https:\/\/camptecnologico.com\/inicio\/club-fin-de-semana\/madrid-atocha-delicias\/","og_site_name":"Camp Tecnologico","article_publisher":"https:\/\/www.facebook.com\/camptecnologico\/","article_modified_time":"2021-01-07T11:32:57+00:00","og_image":[{"width":733,"height":382,"url":"https:\/\/camptecnologico.com\/inicio\/wp-content\/uploads\/2016\/09\/tecnologia-ninos-madrid.jpg","type":"image\/jpeg"}],"twitter_card":"summary_large_image","twitter_site":"@CampTecnologico","twitter_misc":{"Tiempo de lectura":"1 minuto"},"schema":{"@context":"https:\/\/schema.org","@graph":[{"@type":"WebPage","@id":"https:\/\/camptecnologico.com\/inicio\/club-fin-de-semana\/madrid-atocha-delicias\/","url":"https:\/\/camptecnologico.com\/inicio\/club-fin-de-semana\/madrid-atocha-delicias\/","name":"Club Tecnol\u00f3gico Fin de Semana en Madrid - Atocha\/Delicias (curso 2020-21)","isPartOf":{"@id":"https:\/\/camptecnologico.com\/inicio\/#website"},"primaryImageOfPage":{"@id":"https:\/\/camptecnologico.com\/inicio\/club-fin-de-semana\/madrid-atocha-delicias\/#primaryimage"},"image":{"@id":"https:\/\/camptecnologico.com\/inicio\/club-fin-de-semana\/madrid-atocha-delicias\/#primaryimage"},"thumbnailUrl":"https:\/\/camptecnologico.com\/inicio\/wp-content\/uploads\/2016\/09\/tecnologia-ninos-madrid.jpg","datePublished":"2019-06-18T12:25:18+00:00","dateModified":"2021-01-07T11:32:57+00:00","description":"Los fines de semana del curso escolar , ven al Club Tecnol\u00f3gico de Fin de Semana en Madrid en el barrio Atocha\/Delicias. Ocio de fin de semana diferente","breadcrumb":{"@id":"https:\/\/camptecnologico.com\/inicio\/club-fin-de-semana\/madrid-atocha-delicias\/#breadcrumb"},"inLanguage":"es","potentialAction":[{"@type":"ReadAction","target":["https:\/\/camptecnologico.com\/inicio\/club-fin-de-semana\/madrid-atocha-delicias\/"]}]},{"@type":"ImageObject","inLanguage":"es","@id":"https:\/\/camptecnologico.com\/inicio\/club-fin-de-semana\/madrid-atocha-delicias\/#primaryimage","url":"https:\/\/camptecnologico.com\/inicio\/wp-content\/uploads\/2016\/09\/tecnologia-ninos-madrid.jpg","contentUrl":"https:\/\/camptecnologico.com\/inicio\/wp-content\/uploads\/2016\/09\/tecnologia-ninos-madrid.jpg","width":733,"height":382,"caption":"Tecnolog\u00eda, Madrid, Club Tecnol\u00f3gico"},{"@type":"BreadcrumbList","@id":"https:\/\/camptecnologico.com\/inicio\/club-fin-de-semana\/madrid-atocha-delicias\/#breadcrumb","itemListElement":[{"@type":"ListItem","position":1,"name":"Home","item":"https:\/\/camptecnologico.com\/"},{"@type":"ListItem","position":2,"name":"Club Tecnol\u00f3gico Fin de Semana Curso 2020-21","item":"https:\/\/camptecnologico.com\/inicio\/club-fin-de-semana\/"},{"@type":"ListItem","position":3,"name":"Club Tecnol\u00f3gico Fin de Semana en Madrid &#8211; Atocha\/Delicias (curso 2020-21)"}]},{"@type":"WebSite","@id":"https:\/\/camptecnologico.com\/inicio\/#website","url":"https:\/\/camptecnologico.com\/inicio\/","name":"Camp Tecnologico","description":"Campamento tecnol\u00f3gico para ni\u00f1os y j\u00f3venes. Tecnolog\u00eda para ni\u00f1os. Minecraft.","publisher":{"@id":"https:\/\/camptecnologico.com\/inicio\/#organization"},"potentialAction":[{"@type":"SearchAction","target":{"@type":"EntryPoint","urlTemplate":"https:\/\/camptecnologico.com\/inicio\/?s={search_term_string}"},"query-input":"required name=search_term_string"}],"inLanguage":"es"},{"@type":"Organization","@id":"https:\/\/camptecnologico.com\/inicio\/#organization","name":"Camp Tecnol\u00f3gico","url":"https:\/\/camptecnologico.com\/inicio\/","logo":{"@type":"ImageObject","inLanguage":"es","@id":"https:\/\/camptecnologico.com\/inicio\/#\/schema\/logo\/image\/","url":"https:\/\/camptecnologico.com\/inicio\/wp-content\/uploads\/logo1.jpg","contentUrl":"https:\/\/camptecnologico.com\/inicio\/wp-content\/uploads\/logo1.jpg","width":120,"height":120,"caption":"Camp Tecnol\u00f3gico"},"image":{"@id":"https:\/\/camptecnologico.com\/inicio\/#\/schema\/logo\/image\/"},"sameAs":["https:\/\/www.facebook.com\/camptecnologico\/","https:\/\/x.com\/CampTecnologico","https:\/\/www.instagram.com\/camptecnologico\/","https:\/\/www.linkedin.com\/company\/camptecnol-gico","https:\/\/www.youtube.com\/user\/CampTecologico"]}]}},"_links":{"self":[{"href":"https:\/\/camptecnologico.com\/inicio\/wp-json\/wp\/v2\/pages\/41024","targetHints":{"allow":["GET"]}}],"collection":[{"href":"https:\/\/camptecnologico.com\/inicio\/wp-json\/wp\/v2\/pages"}],"about":[{"href":"https:\/\/camptecnologico.com\/inicio\/wp-json\/wp\/v2\/types\/page"}],"author":[{"embeddable":true,"href":"https:\/\/camptecnologico.com\/inicio\/wp-json\/wp\/v2\/users\/21"}],"replies":[{"embeddable":true,"href":"https:\/\/camptecnologico.com\/inicio\/wp-json\/wp\/v2\/comments?post=41024"}],"version-history":[{"count":31,"href":"https:\/\/camptecnologico.com\/inicio\/wp-json\/wp\/v2\/pages\/41024\/revisions"}],"predecessor-version":[{"id":49621,"href":"https:\/\/camptecnologico.com\/inicio\/wp-json\/wp\/v2\/pages\/41024\/revisions\/49621"}],"up":[{"embeddable":true,"href":"https:\/\/camptecnologico.com\/inicio\/wp-json\/wp\/v2\/pages\/34222"}],"wp:featuredmedia":[{"embeddable":true,"href":"https:\/\/camptecnologico.com\/inicio\/wp-json\/wp\/v2\/media\/22239"}],"wp:attachment":[{"href":"https:\/\/camptecnologico.com\/inicio\/wp-json\/wp\/v2\/media?parent=41024"}],"curies":[{"name":"wp","href":"https:\/\/api.w.org\/{rel}","templated":true}]}}