




{"id":40364,"date":"2019-05-29T17:29:22","date_gmt":"2019-05-29T16:29:22","guid":{"rendered":"https:\/\/camptecnologico.com\/inicio\/?page_id=40364"},"modified":"2019-08-11T10:02:22","modified_gmt":"2019-08-11T09:02:22","slug":"valencia","status":"publish","type":"page","link":"https:\/\/camptecnologico.com\/inicio\/campamentos-de-verano\/valencia\/","title":{"rendered":"Campamentos de Verano 2019 en Valencia (Xabec, junto al estadio del Levante U.D.)"},"content":{"rendered":"<script>\r\n    sessionStorage.campus=5190;\r\n<\/script>\r\n\r\n<!----------------------------- NO TOCAR, SE DESMONTA LA PARTE DE INFORMACION GENERAL --------------------->\r\n<style type=\"text\/css\">\r\n#descripcion {\r\n    margin-top: 50px;\r\n}\r\n#descripcion .fourcol.column {\r\n    float: left;\r\n    display: block;\r\n}\r\n.column {  \r\n    margin-right: 2.6%;\r\n    display: inline-grid;float: none;\r\n}\r\n.minifichas {\r\n    background-image: url('wp-content\/uploads\/Fondo-web.jpg');\r\n    background-size: cover;\r\n    background-repeat: no-repeat;\r\n    padding-top:10px;\r\n    padding-bottom:10px;\r\n}\r\n<\/style>\r\n<!--------------------------------------------------------------------------------------------------------->\r\n\r\n<div class=\"row\" style=\"padding-bottom:10px;\">\r\n    <p style=\"color: #FF2200; font-weight: bold; font-size: 200%;text-align:center;margin-top:20px\">\r\n        <a href=\"#infor_general\">Informaci\u00f3n de Fechas, Horarios, Precios y Descuentos<\/a>\r\n    <\/p>\r\n\r\n    <div class=\"threecol column\" align=\"right\">\r\n        <strong>Nuestros talleres se segmentan en:<\/strong>\r\n    <\/div>\r\n    <div class=\"threecol column\">\r\n        <ul>\r\n            <li> <span class=\"segmento_kid\">&nbsp;Kid: 4\u00ba-5\u00ba Infantil&nbsp;<\/span><\/li>\r\n            <li> <span class=\"segmento_junior\">&nbsp;Junior: 1\u00ba-3\u00ba Primaria&nbsp;<\/span><\/li>\r\n        <\/ul>   \r\n    <\/div>\r\n    <div class=\"threecol column last\">\r\n        <ul>            \r\n            <li> <span class=\"segmento_genius\">&nbsp;Genius: 4\u00ba-6\u00ba Primaria y 1\u00ba-2\u00ba ESO&nbsp;<\/span><\/li>\r\n        <\/ul>  \r\n    <\/div>\r\n\r\n    <center>\r\n         <br \/><a href=\"https:\/\/camptecnologico.com\/inicio\/inscripcion\/\" class=\"button large primary\" rel=\"nofollow\">\r\n                 <i class=\"fa fa-paper-plane\"><\/i>&nbsp;&nbsp;Realizar Inscripci\u00f3n<\/a>\r\n    <\/center>\r\n<\/div>\r\n\r\n<hr \/>\r\n\r\n<div class=\"row\">\r\n    <div>\r\n        <p style=\"font-size: 1.4em;color: #000099;\">Preinscripci\u00f3n abierta para nuestros <strong>Clubs de Tecnolog\u00eda<\/strong> de fines de semana (Rob\u00f3tica, Scratch, Unity, Drones, Impresi\u00f3n 3D, Arduino, Raspberry pi) para edades de 7 a 17 a\u00f1os.<\/p>\r\n    <\/div>\r\n    <div style=\"text-align:center; padding-bottom:20px;padding-top:20px\">\r\n        <a href=\"https:\/\/camptecnologico.com\/inicio\/club-fin-de-semana\/valencia-xabec\/\" class=\"button large primary\" rel=\"nofollow\">\r\n                     <i class=\"fa fa-paper-plane\"><\/i>&nbsp;&nbsp;Preinscripci\u00f3n Club tecnolog\u00eda fin de semana en Valencia-Xabec<\/a>\r\n    <\/div>\r\n<\/div>\r\n\r\n<!-- microfichas -->\r\n<div class=\"minifichas\">\r\n    <div class=\"row\">\r\n        <center>\r\n            [wpv-view name=\u00bbtalleres-valencia-verano-microficha\u00bb]\r\n        <\/center>\r\n    <\/div>\r\n<\/div>\r\n\r\n<!-- informaci\u00f3n general -->\r\n<div style=\"font-size: 1.2em;\">\r\n    <div class=\"row\">\r\n        <p id=\"infor_general\" style=\"margin-top:0px; padding-top:0px; font-size:10%\">&nbsp;<\/p>\r\n        <h2>Informaci\u00f3n General<\/h2>\r\n        <div>\r\n            <h3>D\u00f3nde<\/h3>\r\n            <p style=\"margin-bottom: 30px;\">\r\n                Los Campamentos se realizan en <spam style=\"font-weight: bold; font-size: 1.2em;\">Xabec-Centro de Formaci\u00f3n Profesional<\/spam> <br \/>\r\n                (Carrer D&#8217;Esteban Dolz Del Castellar, 3, 46019 Valencia &#8211; Junto al estadio del <strong>Levante Uni\u00f3n Deportiva<\/strong>)&nbsp;\r\n                <a href=\"https:\/\/www.google.es\/maps\/place\/Centro+de+Formaci%C3%B3n+Profesional+Xabec\/@39.4949219,-0.3675122,15z\/data=!4m5!3m4!1s0x0:0xfc01987b487a9748!8m2!3d39.4949219!4d-0.3675122\" target=\"_blanc\" rel=\"nofollow noopener noreferrer\">\r\n                <i class=\"fa fa-map-marker fa-2x\" aria-hidden=\"true\" style=\"color:#00ffff\"><\/i><\/a>\r\n            <\/p>\r\n        <\/div>\r\n\r\n        <div>\r\n             <p><span style=\"font-size: 1.2em;\">GRUPOS REDUCIDOS<\/span>, 10 alumnos por monitor. Una metodolog\u00eda probada desde 2011 que nos diferencia de otras opciones del mercado.<\/p>\r\n<br \/>&nbsp;\r\n        <\/div>\r\n\r\n        <div class=\"fourcol column\">\r\n            <h3>Fechas<\/h3>\r\n            <ul>\r\n          \t<!--<li>25 al 28 de Junio (4 d\u00edas)-->\r\n \t        <li>1 al 5 de Julio<\/li>\r\n \t        <li>8 al 12 de Julio<\/li>\r\n                <li>15 al 19 de Julio<\/li>\r\n \t        <li>22 al 26 de Julio<\/li>\r\n                <li>29 al 31 de Julio (3 d\u00edas)<\/li>\r\n \t        <li>2 al 6 de Septiembre<\/li>\r\n            <\/ul>\r\n        <\/div>\r\n        <div class=\"fourcol column\">\r\n            <h3>Horario<\/h3>\r\n            <ul>\r\n                <li>De 9.00 a 14.00 horas (5 horas \/d\u00eda).<\/li>\r\n            <\/ul>\r\n            <em>Nota: El \u00faltimo d\u00eda del campamento habr\u00e1 <strong>1 hora de puertas abiertas<\/strong> (13.00 a 14.00), donde las familias podr\u00e1n ver el trabajo realizado durante la semana.<\/em>\r\n            <br \/>\r\n        <\/div>\r\n\r\n        <div class=\"fourcol column last\">\r\n            <div style=\"text-align:center; padding-bottom:20px;\">\r\n                <p><br \/><br \/><br \/><br \/><\/p>\r\n                <a href=\"https:\/\/camptecnologico.com\/inicio\/inscripcion\/\" class=\"button large primary\" rel=\"nofollow\">\r\n                     <i class=\"fa fa-paper-plane\"><\/i>&nbsp;&nbsp;Realizar Inscripci\u00f3n<\/a>\r\n            <\/div>\r\n        <\/div>\r\n        <div class=\"clear\"><\/div>\r\n    <\/div>\r\n\r\n<hr \/>\r\n\r\n    <div class=\"row\">\r\n        <p>&nbsp;<\/p>\r\n        <h2>Precios y Descuentos<\/h2>\r\n\r\n        <div class=\"fourcol column\">\r\n            <h3 style=\"padding-top:10px;\">Servicios Adicionales<\/h3>\r\n            <ul>\r\n                <li>Horario ampliado de 08.30 a 14.30: <strong>5\u20ac\/d\u00eda<\/strong><\/li>\r\n            <\/ul>\r\n            <em>Nota: No hay posibilidad de d\u00edas sueltos.<\/em>\r\n        <\/div>\r\n\r\n        <div class=\"fourcol column\">\r\n            <h3>Precio<\/h3>\r\n            <h4>Talleres de 5 d\u00edas:<\/h4>\r\n            <ul>\r\n                <li style=\"margin-bottom:0px;\">Kids y Junior: <span style=\"font-size: 1.5em;\"> <strong>139\u20ac<\/strong><\/span><\/li>\r\n                <li style=\"margin-bottom:0px;\">Genius: <span style=\"font-size: 1.5em;\"> <strong>149\u20ac<\/strong><\/span><\/li>\r\n            <\/ul>  \r\n            <h4>Talleres de 3 d\u00edas:<\/h4>\r\n            <ul>\r\n                <li style=\"margin-bottom:0px;\">Kids y Junior: <span style=\"font-size: 1.5em;\"> <strong>84\u20ac<\/strong><\/span><\/li>\r\n                <li style=\"margin-bottom:0px;\">Genius: <span style=\"font-size: 1.5em;\"> <strong>90\u20ac<\/strong><\/span><\/li>\r\n            <\/ul>    \r\n            <p style=\"color:#ff0000;\">En la semana del 2 al 6 de septiembre, en caso de no poder asistir el viernes 6, el precio es proporcional.<br \/><br \/>\r\n                    una vez hecha la inscripci\u00f3n, comunicarlo a <strong>info@camptecnologico.com<\/strong><\/p>        \r\n        <\/div>\r\n\r\n        <div class=\"fourcol column last\">\r\n            <h3>Descuentos no acumulables<\/h3>\r\n            <p>S\u00f3lo se puede disfrutar de uno de ellos:<\/p>\r\n            <ul>\r\n               <li>Antig\u00fco Alumno de CampTecnol\u00f3gico: <span style=\"font-size: 1.2em;\"><strong>-10%<\/strong><\/span><\/li>\r\n               <li>Familia numerosa o monoparental: <span style=\"font-size: 1.2em;\"><strong>-5%<\/strong><\/span><\/li>\r\n            <\/ul>\r\n            <h3>Descuentos acumulables<\/h3>\r\n            <p>Adem\u00e1s puedes a\u00f1adir todos los que puedas:<\/p>\r\n            <ul>\r\n                <li>La segunda semana contratada: <span style=\"font-size: 1.2em;\"><strong>-10%<\/strong><\/span><\/li>\r\n                <li>Viene con un hermano y\/o amigo: <span style=\"font-size: 1.2em;\"><strong>-5%<\/strong><\/span><\/li>\r\n            <\/ul>\r\n            <p>Talleres de 4 d\u00edas, el descuento es proporcional.<\/p>\r\n        <\/div><p>&nbsp;<\/p>\r\n        <div class=\"clear\"><\/div>\r\n    <\/div>\r\n<\/div>\r\n<div class=\"clear\"><\/div>\r\n\r\n<hr \/>\r\n\r\n<div class=\"row\">\r\n    <div>\r\n        <p style=\"font-size: 1.4em;color: #000099;\">Preinscripci\u00f3n abierta para nuestros <strong>Clubs de Tecnolog\u00eda<\/strong> de fines de semana (Rob\u00f3tica, Scratch, Unity, Drones, Impresi\u00f3n 3D, Arduino, Raspberry pi) para edades de 7 a 17 a\u00f1os.<\/p>\r\n    <\/div>\r\n    <div style=\"text-align:center; padding-bottom:20px;padding-top:20px\">\r\n        <a href=\"https:\/\/camptecnologico.com\/inicio\/club-fin-de-semana\/valencia-xabec\/\" class=\"button large primary\" rel=\"nofollow\">\r\n                     <i class=\"fa fa-paper-plane\"><\/i>&nbsp;&nbsp;Preinscripci\u00f3n Club tecnolog\u00eda fin de semana en Valencia-Xabec<\/a>\r\n    <\/div>\r\n<\/div>\r\n\r\n<!-- fichas -->\r\n<div>\r\n    [wpv-view name=\u00bbtalleres-valencia-verano-ficha\u00bb]\r\n<\/div>\r\n\r\n<div class=\"row\">\r\n    <hr \/>\r\n    <p>\r\n        <spam style=\"color:#ff0000;font-weight: bold; font-size: 2.0em;\">AVISO:<\/spam> \r\n        <spam style=\"font-size: 1.7em;\">La realizaci\u00f3n de los talleres esta sujeta a alcanzar un grupo m\u00ednimo de asistentes al turno elegido. \r\n           En caso de no ser factible, desde la organizaci\u00f3n les ofreceremos las alternativas existentes.<\/spam>\r\n    <\/p>\r\n<\/div>\r\n\r\n\r\n\r\n","protected":false},"excerpt":{"rendered":"Informaci\u00f3n de Fechas, Horarios, Precios y Descuentos Nuestros talleres se segmentan en: &nbsp;Kid: 4\u00ba-5\u00ba Infantil&nbsp; &nbsp;Junior: 1\u00ba-3\u00ba Primaria&nbsp; &nbsp;Genius: 4\u00ba-6\u00ba Primaria y 1\u00ba-2\u00ba ESO&nbsp; &nbsp;&nbsp;Realizar Inscripci\u00f3n Preinscripci\u00f3n abierta para nuestros Clubs de Tecnolog\u00eda de fines de semana (Rob\u00f3tica, Scratch, Unity, Drones, Impresi\u00f3n 3D, Arduino, Raspberry pi) para edades de 7 a 17 a\u00f1os. &nbsp;&nbsp;Preinscripci\u00f3n Club [&hellip;]","protected":false},"author":21,"featured_media":49704,"parent":6591,"menu_order":0,"comment_status":"open","ping_status":"open","template":"","meta":{"footnotes":"","_links_to":"","_links_to_target":""},"class_list":["post-40364","page","type-page","status-publish","has-post-thumbnail","hentry"],"yoast_head":"<!-- This site is optimized with the Yoast SEO plugin v22.6 - https:\/\/yoast.com\/wordpress\/plugins\/seo\/ -->\n<title>Campamentos de Verano 2019 en Valencia (Xabec, junto al estadio del Levante U.D.)<\/title>\n<meta name=\"description\" content=\"Campamentos de verano Valencia con gran variedad de Talleres Tecnol\u00f3gicos para ni\u00f1as\/os de 6 a 13: Rob\u00f3tica, Minecraft, Programaci\u00f3n \u00a1Ap\u00fantale!\" \/>\n<meta name=\"robots\" content=\"noindex, follow, max-snippet:-1, max-image-preview:large, max-video-preview:-1\" \/>\n<meta property=\"og:locale\" content=\"es_ES\" \/>\n<meta property=\"og:type\" content=\"article\" \/>\n<meta property=\"og:title\" content=\"Campamentos de Verano 2019 en Valencia (Xabec, junto al estadio del Levante U.D.)\" \/>\n<meta property=\"og:description\" content=\"Campamentos de verano Valencia con gran variedad de Talleres Tecnol\u00f3gicos para ni\u00f1as\/os de 6 a 13: Rob\u00f3tica, Minecraft, Programaci\u00f3n \u00a1Ap\u00fantale!\" \/>\n<meta property=\"og:url\" content=\"https:\/\/camptecnologico.com\/inicio\/campamentos-de-verano\/valencia\/\" \/>\n<meta property=\"og:site_name\" content=\"Camp Tecnologico\" \/>\n<meta property=\"article:publisher\" content=\"https:\/\/www.facebook.com\/camptecnologico\/\" \/>\n<meta property=\"article:modified_time\" content=\"2019-08-11T09:02:22+00:00\" \/>\n<meta property=\"og:image\" content=\"https:\/\/camptecnologico.com\/inicio\/wp-content\/uploads\/industry-4.0camptec-1.jpg\" \/>\n\t<meta property=\"og:image:width\" content=\"400\" \/>\n\t<meta property=\"og:image:height\" content=\"235\" \/>\n\t<meta property=\"og:image:type\" content=\"image\/jpeg\" \/>\n<meta name=\"twitter:card\" content=\"summary_large_image\" \/>\n<meta name=\"twitter:site\" content=\"@CampTecnologico\" \/>\n<meta name=\"twitter:label1\" content=\"Tiempo de lectura\" \/>\n\t<meta name=\"twitter:data1\" content=\"2 minutos\" \/>\n<!-- \/ Yoast SEO plugin. -->","yoast_head_json":{"title":"Campamentos de Verano 2019 en Valencia (Xabec, junto al estadio del Levante U.D.)","description":"Campamentos de verano Valencia con gran variedad de Talleres Tecnol\u00f3gicos para ni\u00f1as\/os de 6 a 13: Rob\u00f3tica, Minecraft, Programaci\u00f3n \u00a1Ap\u00fantale!","robots":{"index":"noindex","follow":"follow","max-snippet":"max-snippet:-1","max-image-preview":"max-image-preview:large","max-video-preview":"max-video-preview:-1"},"og_locale":"es_ES","og_type":"article","og_title":"Campamentos de Verano 2019 en Valencia (Xabec, junto al estadio del Levante U.D.)","og_description":"Campamentos de verano Valencia con gran variedad de Talleres Tecnol\u00f3gicos para ni\u00f1as\/os de 6 a 13: Rob\u00f3tica, Minecraft, Programaci\u00f3n \u00a1Ap\u00fantale!","og_url":"https:\/\/camptecnologico.com\/inicio\/campamentos-de-verano\/valencia\/","og_site_name":"Camp Tecnologico","article_publisher":"https:\/\/www.facebook.com\/camptecnologico\/","article_modified_time":"2019-08-11T09:02:22+00:00","og_image":[{"width":400,"height":235,"url":"https:\/\/camptecnologico.com\/inicio\/wp-content\/uploads\/industry-4.0camptec-1.jpg","type":"image\/jpeg"}],"twitter_card":"summary_large_image","twitter_site":"@CampTecnologico","twitter_misc":{"Tiempo de lectura":"2 minutos"},"schema":{"@context":"https:\/\/schema.org","@graph":[{"@type":"WebPage","@id":"https:\/\/camptecnologico.com\/inicio\/campamentos-de-verano\/valencia\/","url":"https:\/\/camptecnologico.com\/inicio\/campamentos-de-verano\/valencia\/","name":"Campamentos de Verano 2019 en Valencia (Xabec, junto al estadio del Levante U.D.)","isPartOf":{"@id":"https:\/\/camptecnologico.com\/inicio\/#website"},"primaryImageOfPage":{"@id":"https:\/\/camptecnologico.com\/inicio\/campamentos-de-verano\/valencia\/#primaryimage"},"image":{"@id":"https:\/\/camptecnologico.com\/inicio\/campamentos-de-verano\/valencia\/#primaryimage"},"thumbnailUrl":"https:\/\/camptecnologico.com\/inicio\/wp-content\/uploads\/industry-4.0camptec-1.jpg","datePublished":"2019-05-29T16:29:22+00:00","dateModified":"2019-08-11T09:02:22+00:00","description":"Campamentos de verano Valencia con gran variedad de Talleres Tecnol\u00f3gicos para ni\u00f1as\/os de 6 a 13: Rob\u00f3tica, Minecraft, Programaci\u00f3n \u00a1Ap\u00fantale!","breadcrumb":{"@id":"https:\/\/camptecnologico.com\/inicio\/campamentos-de-verano\/valencia\/#breadcrumb"},"inLanguage":"es","potentialAction":[{"@type":"ReadAction","target":["https:\/\/camptecnologico.com\/inicio\/campamentos-de-verano\/valencia\/"]}]},{"@type":"ImageObject","inLanguage":"es","@id":"https:\/\/camptecnologico.com\/inicio\/campamentos-de-verano\/valencia\/#primaryimage","url":"https:\/\/camptecnologico.com\/inicio\/wp-content\/uploads\/industry-4.0camptec-1.jpg","contentUrl":"https:\/\/camptecnologico.com\/inicio\/wp-content\/uploads\/industry-4.0camptec-1.jpg","width":400,"height":235},{"@type":"BreadcrumbList","@id":"https:\/\/camptecnologico.com\/inicio\/campamentos-de-verano\/valencia\/#breadcrumb","itemListElement":[{"@type":"ListItem","position":1,"name":"Home","item":"https:\/\/camptecnologico.com\/"},{"@type":"ListItem","position":2,"name":"no vale &#8211; Campamentos de verano","item":"https:\/\/camptecnologico.com\/inicio\/campamentos-con-alojamiento\/"},{"@type":"ListItem","position":3,"name":"Campamentos de Verano 2019 en Valencia (Xabec, junto al estadio del Levante U.D.)"}]},{"@type":"WebSite","@id":"https:\/\/camptecnologico.com\/inicio\/#website","url":"https:\/\/camptecnologico.com\/inicio\/","name":"Camp Tecnologico","description":"Campamento tecnol\u00f3gico para ni\u00f1os y j\u00f3venes. Tecnolog\u00eda para ni\u00f1os. Minecraft.","publisher":{"@id":"https:\/\/camptecnologico.com\/inicio\/#organization"},"potentialAction":[{"@type":"SearchAction","target":{"@type":"EntryPoint","urlTemplate":"https:\/\/camptecnologico.com\/inicio\/?s={search_term_string}"},"query-input":"required name=search_term_string"}],"inLanguage":"es"},{"@type":"Organization","@id":"https:\/\/camptecnologico.com\/inicio\/#organization","name":"Camp Tecnol\u00f3gico","url":"https:\/\/camptecnologico.com\/inicio\/","logo":{"@type":"ImageObject","inLanguage":"es","@id":"https:\/\/camptecnologico.com\/inicio\/#\/schema\/logo\/image\/","url":"https:\/\/camptecnologico.com\/inicio\/wp-content\/uploads\/logo1.jpg","contentUrl":"https:\/\/camptecnologico.com\/inicio\/wp-content\/uploads\/logo1.jpg","width":120,"height":120,"caption":"Camp Tecnol\u00f3gico"},"image":{"@id":"https:\/\/camptecnologico.com\/inicio\/#\/schema\/logo\/image\/"},"sameAs":["https:\/\/www.facebook.com\/camptecnologico\/","https:\/\/x.com\/CampTecnologico","https:\/\/www.instagram.com\/camptecnologico\/","https:\/\/www.linkedin.com\/company\/camptecnol-gico","https:\/\/www.youtube.com\/user\/CampTecologico"]}]}},"_links":{"self":[{"href":"https:\/\/camptecnologico.com\/inicio\/wp-json\/wp\/v2\/pages\/40364","targetHints":{"allow":["GET"]}}],"collection":[{"href":"https:\/\/camptecnologico.com\/inicio\/wp-json\/wp\/v2\/pages"}],"about":[{"href":"https:\/\/camptecnologico.com\/inicio\/wp-json\/wp\/v2\/types\/page"}],"author":[{"embeddable":true,"href":"https:\/\/camptecnologico.com\/inicio\/wp-json\/wp\/v2\/users\/21"}],"replies":[{"embeddable":true,"href":"https:\/\/camptecnologico.com\/inicio\/wp-json\/wp\/v2\/comments?post=40364"}],"version-history":[{"count":20,"href":"https:\/\/camptecnologico.com\/inicio\/wp-json\/wp\/v2\/pages\/40364\/revisions"}],"predecessor-version":[{"id":41755,"href":"https:\/\/camptecnologico.com\/inicio\/wp-json\/wp\/v2\/pages\/40364\/revisions\/41755"}],"up":[{"embeddable":true,"href":"https:\/\/camptecnologico.com\/inicio\/wp-json\/wp\/v2\/pages\/6591"}],"wp:featuredmedia":[{"embeddable":true,"href":"https:\/\/camptecnologico.com\/inicio\/wp-json\/wp\/v2\/media\/49704"}],"wp:attachment":[{"href":"https:\/\/camptecnologico.com\/inicio\/wp-json\/wp\/v2\/media?parent=40364"}],"curies":[{"name":"wp","href":"https:\/\/api.w.org\/{rel}","templated":true}]}}