




{"id":38418,"date":"2019-04-11T17:23:47","date_gmt":"2019-04-11T16:23:47","guid":{"rendered":"https:\/\/camptecnologico.com\/inicio\/?page_id=38418"},"modified":"2019-07-17T10:11:34","modified_gmt":"2019-07-17T09:11:34","slug":"madrid-bbva-tech-camp","status":"publish","type":"page","link":"https:\/\/camptecnologico.com\/inicio\/campamentos-de-verano\/madrid-bbva-tech-camp\/","title":{"rendered":"Campamentos de Verano 2019 en Madrid &#8211; BBVA Tech Camp"},"content":{"rendered":"<script>\r\n    sessionStorage.campus=5142;\r\n<\/script>\r\n\r\n<!-- NO TOCAR, SE DESMONTA LA PARTE DE INFORMACION GENERAL -->\r\n<style type=\"text\/css\">\r\n#descripcion {\r\n    margin-top: 50px;\r\n}\r\n#descripcion .fourcol.column {\r\n    float: left;\r\n    display: block;\r\n}\r\n.column {  \r\n    margin-right: 2.6%;\r\n    display: inline-grid;float: none;\r\n}\r\n.minifichas {\r\n    background-image: url('wp-content\/uploads\/Fondo-web.jpg');\r\n    background-size: cover;\r\n    background-repeat: no-repeat;\r\n    padding-top:10px;\r\n    padding-bottom:10px;\r\n}\r\n<\/style>\r\n<!----------------------------------------------------------->\r\n\r\n<div class=\"row\" style=\"padding-bottom:10px;\">\r\n    <h3>\t \t \r\n    <center>\r\n        Este Campamento Teconol\u00f3gico es \u00abEXCLUSIVO\u00bb para empleados del <strong>Grupo BBVA<\/strong>, en el area <strong>A&#038;GD<\/strong>.\r\n    <\/center>\r\n    <\/h3>\r\n\r\n    <p style=\"color: #FF2200; font-weight: bold; font-size: 200%;text-align:center;margin-top:20px\">\r\n        <a href=\"#infor_general\">Informaci\u00f3n de Fechas, Horarios, Precios y Descuentos<\/a>\r\n    <\/p>\r\n\r\n    <p style=\"color: #FF0000; font-weight: bold; font-size: 350%;text-align:center;\">\r\n        \u00a1\u00a1\u00a1\u00daltimas plazas.!!!\r\n    <\/p>\r\n\r\n    <div class=\"threecol column\" align=\"right\">\r\n        <strong>Nuestros talleres se segmentan en:<\/strong>\r\n    <\/div>\r\n    <div class=\"threecol column\">\r\n        <ul>\r\n            <li> <span class=\"segmento_kid\">&nbsp;Kid: 4\u00ba-5\u00ba Infantil &nbsp;<\/span><\/li>\r\n            <li> <span class=\"segmento_junior\">&nbsp;Junior: 1\u00ba-3\u00ba Primaria&nbsp;<\/span><\/li>\r\n        <\/ul>   \r\n    <\/div>\r\n    <div class=\"threecol column last\">\r\n        <ul>            \r\n            <li> <span class=\"segmento_genius\">&nbsp;Genius: 4\u00ba-6\u00ba Primaria y 1\u00ba-2\u00ba ESO&nbsp;<\/span><\/li>\r\n        <\/ul>  \r\n    <\/div>\r\n\r\n    <center>\r\n         <br \/><a href=\"https:\/\/camptecnologico.com\/inicio\/inscripcion\/\" class=\"button large primary\" rel=\"nofollow\">\r\n                 <i class=\"fa fa-paper-plane\"><\/i>&nbsp;&nbsp;Realizar Inscripci\u00f3n<\/a>\r\n    <\/center>\r\n<\/div>\r\n\r\n<!-- microfichas -->\r\n<div class=\"minifichas\">\r\n    <div class=\"row\">\r\n        [wpv-view name=\u00bbtalleres-bbva-verano-microficha\u00bb]\r\n    <\/div>\r\n<\/div>\r\n\r\n<!-- informaci\u00f3n general -->\r\n<div style=\"font-size: 1.2em;\">\r\n    <div class=\"row\">\r\n        <p id=\"infor_general\" style=\"margin-top:0px; padding-top:0px; font-size:10%\">&nbsp;<\/p>\r\n        <h2>Informaci\u00f3n General<\/h2>\r\n        <div>\r\n            <h3>D\u00f3nde<\/h3>\r\n            <p style=\"margin-bottom: 30px;\">\r\n                <\/p><p>Los Campamentos se realizan en <spam style=\"font-weight: bold; font-size: 1.2em;\">BBVA Tech City<\/spam> \r\n                                        (La Vaguada &#8211; Avda. Monforte de Lemos, s\/n &#8211; 28029  Madrid)&nbsp;\r\n                <a href=\"https:\/\/www.google.es\/maps\/place\/Av.+de+Monforte+de+Lemos,+28029+Madrid\/@40.4794172,-3.7059495,17z\/data=!3m1!4b1!4m5!3m4!1s0xd42299e47a7cd59:0xed5c73e7116392ef!8m2!3d40.4794172!4d-3.7037608?hl=es&#038;authuser=0\" target=\"_blanc\" rel=\"nofollow noopener noreferrer\">\r\n                <i class=\"fa fa-map-marker fa-3x\" aria-hidden=\"true\" style=\"color:#00ffff\"><\/i><\/a><\/p>\r\n            \r\n        <\/div>\r\n\r\n        <div>\r\n             <p><span style=\"font-size: 1.2em;\">GRUPOS REDUCIDOS<\/span>, 10 alumnos por monitor. Una metodolog\u00eda probada desde 2011 que nos diferencia de otras opciones del mercado.<\/p>\r\n<br \/>&nbsp;\r\n        <\/div>\r\n\r\n        <div class=\"twocol column\">\r\n            <h3>Fechas<\/h3>\r\n            <ul>\r\n          \t<li>24 al 28 de Junio<\/li>\r\n \t        <li><strike>1 al 5 de Julio<\/strike><\/li>\r\n \t        <li>8 al 12 de Julio<\/li>\r\n                <li>15 al 19 de Julio<\/li>\r\n \t        <li>22 al 26 de Julio<\/li>\r\n            <\/ul>\r\n        <\/div>\r\n        <div class=\"fivecol column\">\r\n            <h3>Horario<\/h3>\r\n            <ul>\r\n                <li>De 08.00 a 09.00 horas <strong>(horario de entrada flexible)<\/strong><\/li>\r\n                <li>De 09.00 a 13.00 horas <strong>(taller de tecnolog\u00eda)<\/strong><\/li>\r\n                <li>De 13.00 a 14.00 horas <strong>(comida, incluida en el precio)<\/strong><\/li>\r\n                <li>De 14.00 a 15.00 horas <strong>(taller de tecnolog\u00eda, continua.)<\/strong><\/li>\r\n                <li>De 15.00 a 16.00 horas <strong>(horario de salida flexible)<\/strong><\/li>\r\n            <\/ul>\r\n            <em>Nota: El \u00faltimo d\u00eda del campamento habr\u00e1 <strong>1 hora de puertas abiertas<\/strong> (14.00 a 15.00), donde las familias podr\u00e1n ver el trabajo realizado \r\n                durante la semana.<\/em><br \/>\r\n\r\n            <center>\r\n                <a href=\"https:\/\/camptecnologico.com\/inicio\/inscripcion\/\" class=\"button large primary\" rel=\"nofollow\">\r\n                     <i class=\"fa fa-paper-plane\"><\/i>&nbsp;&nbsp;Realizar Inscripci\u00f3n<\/a> <br \/>\r\n            <\/center><br \/>\r\n            <em>Nota: En el caso de querer hacer la inscripci\u00f3n de varios hermanos, deben rellenarse 2 formularios, o bien en la inscripci\u00f3n de uno de ellos, \r\n                en el campo de observaciones se pueden poner los datos de los otros hermanos:\r\n                <strong>SEMANA, TALLER, NOMBRE DEL ASISTENTE Y FECHA DE NACIMIENTO<\/strong>. Y en 24 horas recibir\u00e1n un correo electr\u00f3nico de confirmaci\u00f3n.<br \/>\r\n            <\/em>\r\n        <\/div>\r\n        <div class=\"fivecol column last\" style=\"margin-bottom:20px;\">\r\n            <h3>Precio<\/h3>\r\n            <p>Descuento inscripciones pagadas antes del <span style=\"font-size: 1.2em;color:#CC0000;\">15 de junio<\/span>.<\/p>\r\n            <p>Plazas limitadas, <span style=\"font-size: 1.2em;color:#CC0000;\">25 por semana<\/span>.<\/p>\r\n            <h4>Talleres de 5 d\u00edas:<\/h4>\r\n            <ul>\r\n                <li style=\"margin-bottom:0px;\">Kids y Junior: <strike>155\u20ac<\/strike> <span style=\"font-size: 1.5em;\"> <strong>77.5\u20ac<\/strong><\/span><\/li>\r\n                <li style=\"margin-bottom:0px;\">Genius: <strike>170\u20ac<\/strike> <span style=\"font-size: 1.5em;\"> <strong>85\u20ac<\/strong><\/span><\/li>\r\n            <\/ul>  \r\n            <h4>Talleres <span style=\"color: #FF33F9; font-weight: bold;\">PREMIUM<\/span>, que se llevan lo construido:<\/h4>\r\n            <ul>\r\n                <li style=\"margin-bottom:0px;\">Inventor Lab: Robot Jansen <strike>185\u20ac<\/strike> <span style=\"font-size: 1.5em;\"> <strong>92.5\u20ac<\/strong><\/span><\/li>\r\n            <\/ul> \r\n            <p><strong>NOTA: los precios de estos campamentos est\u00e1n subvencionados en un 50% por <img loading=\"lazy\" decoding=\"async\" src=\"https:\/\/camptecnologico.com\/inicio\/wp-content\/uploads\/bbva-1.png\" \r\n                                                                                                      alt=\"\" width=\"93\" height=\"30\"  \/><\/strong><\/p>\r\n\r\n        <\/div>\r\n        <div class=\"clear\"><\/div>\r\n    <\/div>\r\n<\/div>\r\n\r\n<!-- fichas -->\r\n<div>\r\n    [wpv-view name=\u00bbtalleres-bbva-verano-ficha\u00bb]\r\n<\/div>\r\n\r\n<div class=\"row\">\r\n    <hr \/>\r\n    <p>\r\n        <spam style=\"color:#ff0000;font-weight: bold; font-size: 2.0em;\">AVISO:<\/spam> \r\n        <spam style=\"font-size: 1.7em;\">La realizaci\u00f3n de los talleres esta sujeta a alcanzar un grupo m\u00ednimo de asistentes al turno elegido. \r\n           En caso de no ser factible, desde la organizaci\u00f3n les ofreceremos las alternativas existentes.<\/spam>\r\n    <\/p>\r\n<\/div>\r\n\r\n","protected":false},"excerpt":{"rendered":"Este Campamento Teconol\u00f3gico es \u00abEXCLUSIVO\u00bb para empleados del Grupo BBVA, en el area A&#038;GD. Informaci\u00f3n de Fechas, Horarios, Precios y Descuentos \u00a1\u00a1\u00a1\u00daltimas plazas.!!! Nuestros talleres se segmentan en: &nbsp;Kid: 4\u00ba-5\u00ba Infantil &nbsp; &nbsp;Junior: 1\u00ba-3\u00ba Primaria&nbsp; &nbsp;Genius: 4\u00ba-6\u00ba Primaria y 1\u00ba-2\u00ba ESO&nbsp; &nbsp;&nbsp;Realizar Inscripci\u00f3n [wpv-view name=\u00bbtalleres-bbva-verano-microficha\u00bb] &nbsp; Informaci\u00f3n General D\u00f3nde Los Campamentos se realizan en BBVA [&hellip;]","protected":false},"author":21,"featured_media":49704,"parent":6591,"menu_order":0,"comment_status":"open","ping_status":"open","template":"","meta":{"footnotes":"","_links_to":"","_links_to_target":""},"class_list":["post-38418","page","type-page","status-publish","has-post-thumbnail","hentry"],"yoast_head":"<!-- This site is optimized with the Yoast SEO plugin v22.6 - https:\/\/yoast.com\/wordpress\/plugins\/seo\/ -->\n<title>Campamentos de Verano 2019 en Madrid - BBVA Tech Camp<\/title>\n<meta name=\"description\" content=\"Campamentos de verano en Madrid BBVAcon gran variedad de talleres tecnol\u00f3gicos para ni\u00f1os de todas las edades: rob\u00f3tica, minecraft, programaci\u00f3n...\" \/>\n<meta name=\"robots\" content=\"noindex, follow, max-snippet:-1, max-image-preview:large, max-video-preview:-1\" \/>\n<meta property=\"og:locale\" content=\"es_ES\" \/>\n<meta property=\"og:type\" content=\"article\" \/>\n<meta property=\"og:title\" content=\"Campamentos de Verano 2019 en Madrid - BBVA Tech Camp\" \/>\n<meta property=\"og:description\" content=\"Campamentos de verano en Madrid BBVAcon gran variedad de talleres tecnol\u00f3gicos para ni\u00f1os de todas las edades: rob\u00f3tica, minecraft, programaci\u00f3n...\" \/>\n<meta property=\"og:url\" content=\"https:\/\/camptecnologico.com\/inicio\/campamentos-de-verano\/madrid-bbva-tech-camp\/\" \/>\n<meta property=\"og:site_name\" content=\"Camp Tecnologico\" \/>\n<meta property=\"article:publisher\" content=\"https:\/\/www.facebook.com\/camptecnologico\/\" \/>\n<meta property=\"article:modified_time\" content=\"2019-07-17T09:11:34+00:00\" \/>\n<meta property=\"og:image\" content=\"https:\/\/camptecnologico.com\/inicio\/wp-content\/uploads\/industry-4.0camptec-1.jpg\" \/>\n\t<meta property=\"og:image:width\" content=\"400\" \/>\n\t<meta property=\"og:image:height\" content=\"235\" \/>\n\t<meta property=\"og:image:type\" content=\"image\/jpeg\" \/>\n<meta name=\"twitter:card\" content=\"summary_large_image\" \/>\n<meta name=\"twitter:site\" content=\"@CampTecnologico\" \/>\n<meta name=\"twitter:label1\" content=\"Tiempo de lectura\" \/>\n\t<meta name=\"twitter:data1\" content=\"2 minutos\" \/>\n<!-- \/ Yoast SEO plugin. -->","yoast_head_json":{"title":"Campamentos de Verano 2019 en Madrid - BBVA Tech Camp","description":"Campamentos de verano en Madrid BBVAcon gran variedad de talleres tecnol\u00f3gicos para ni\u00f1os de todas las edades: rob\u00f3tica, minecraft, programaci\u00f3n...","robots":{"index":"noindex","follow":"follow","max-snippet":"max-snippet:-1","max-image-preview":"max-image-preview:large","max-video-preview":"max-video-preview:-1"},"og_locale":"es_ES","og_type":"article","og_title":"Campamentos de Verano 2019 en Madrid - BBVA Tech Camp","og_description":"Campamentos de verano en Madrid BBVAcon gran variedad de talleres tecnol\u00f3gicos para ni\u00f1os de todas las edades: rob\u00f3tica, minecraft, programaci\u00f3n...","og_url":"https:\/\/camptecnologico.com\/inicio\/campamentos-de-verano\/madrid-bbva-tech-camp\/","og_site_name":"Camp Tecnologico","article_publisher":"https:\/\/www.facebook.com\/camptecnologico\/","article_modified_time":"2019-07-17T09:11:34+00:00","og_image":[{"width":400,"height":235,"url":"https:\/\/camptecnologico.com\/inicio\/wp-content\/uploads\/industry-4.0camptec-1.jpg","type":"image\/jpeg"}],"twitter_card":"summary_large_image","twitter_site":"@CampTecnologico","twitter_misc":{"Tiempo de lectura":"2 minutos"},"schema":{"@context":"https:\/\/schema.org","@graph":[{"@type":"WebPage","@id":"https:\/\/camptecnologico.com\/inicio\/campamentos-de-verano\/madrid-bbva-tech-camp\/","url":"https:\/\/camptecnologico.com\/inicio\/campamentos-de-verano\/madrid-bbva-tech-camp\/","name":"Campamentos de Verano 2019 en Madrid - BBVA Tech Camp","isPartOf":{"@id":"https:\/\/camptecnologico.com\/inicio\/#website"},"primaryImageOfPage":{"@id":"https:\/\/camptecnologico.com\/inicio\/campamentos-de-verano\/madrid-bbva-tech-camp\/#primaryimage"},"image":{"@id":"https:\/\/camptecnologico.com\/inicio\/campamentos-de-verano\/madrid-bbva-tech-camp\/#primaryimage"},"thumbnailUrl":"https:\/\/camptecnologico.com\/inicio\/wp-content\/uploads\/industry-4.0camptec-1.jpg","datePublished":"2019-04-11T16:23:47+00:00","dateModified":"2019-07-17T09:11:34+00:00","description":"Campamentos de verano en Madrid BBVAcon gran variedad de talleres tecnol\u00f3gicos para ni\u00f1os de todas las edades: rob\u00f3tica, minecraft, programaci\u00f3n...","breadcrumb":{"@id":"https:\/\/camptecnologico.com\/inicio\/campamentos-de-verano\/madrid-bbva-tech-camp\/#breadcrumb"},"inLanguage":"es","potentialAction":[{"@type":"ReadAction","target":["https:\/\/camptecnologico.com\/inicio\/campamentos-de-verano\/madrid-bbva-tech-camp\/"]}]},{"@type":"ImageObject","inLanguage":"es","@id":"https:\/\/camptecnologico.com\/inicio\/campamentos-de-verano\/madrid-bbva-tech-camp\/#primaryimage","url":"https:\/\/camptecnologico.com\/inicio\/wp-content\/uploads\/industry-4.0camptec-1.jpg","contentUrl":"https:\/\/camptecnologico.com\/inicio\/wp-content\/uploads\/industry-4.0camptec-1.jpg","width":400,"height":235},{"@type":"BreadcrumbList","@id":"https:\/\/camptecnologico.com\/inicio\/campamentos-de-verano\/madrid-bbva-tech-camp\/#breadcrumb","itemListElement":[{"@type":"ListItem","position":1,"name":"Home","item":"https:\/\/camptecnologico.com\/"},{"@type":"ListItem","position":2,"name":"no vale &#8211; Campamentos de verano","item":"https:\/\/camptecnologico.com\/inicio\/campamentos-con-alojamiento\/"},{"@type":"ListItem","position":3,"name":"Campamentos de Verano 2019 en Madrid &#8211; BBVA Tech Camp"}]},{"@type":"WebSite","@id":"https:\/\/camptecnologico.com\/inicio\/#website","url":"https:\/\/camptecnologico.com\/inicio\/","name":"Camp Tecnologico","description":"Campamento tecnol\u00f3gico para ni\u00f1os y j\u00f3venes. Tecnolog\u00eda para ni\u00f1os. Minecraft.","publisher":{"@id":"https:\/\/camptecnologico.com\/inicio\/#organization"},"potentialAction":[{"@type":"SearchAction","target":{"@type":"EntryPoint","urlTemplate":"https:\/\/camptecnologico.com\/inicio\/?s={search_term_string}"},"query-input":"required name=search_term_string"}],"inLanguage":"es"},{"@type":"Organization","@id":"https:\/\/camptecnologico.com\/inicio\/#organization","name":"Camp Tecnol\u00f3gico","url":"https:\/\/camptecnologico.com\/inicio\/","logo":{"@type":"ImageObject","inLanguage":"es","@id":"https:\/\/camptecnologico.com\/inicio\/#\/schema\/logo\/image\/","url":"https:\/\/camptecnologico.com\/inicio\/wp-content\/uploads\/logo1.jpg","contentUrl":"https:\/\/camptecnologico.com\/inicio\/wp-content\/uploads\/logo1.jpg","width":120,"height":120,"caption":"Camp Tecnol\u00f3gico"},"image":{"@id":"https:\/\/camptecnologico.com\/inicio\/#\/schema\/logo\/image\/"},"sameAs":["https:\/\/www.facebook.com\/camptecnologico\/","https:\/\/x.com\/CampTecnologico","https:\/\/www.instagram.com\/camptecnologico\/","https:\/\/www.linkedin.com\/company\/camptecnol-gico","https:\/\/www.youtube.com\/user\/CampTecologico"]}]}},"_links":{"self":[{"href":"https:\/\/camptecnologico.com\/inicio\/wp-json\/wp\/v2\/pages\/38418","targetHints":{"allow":["GET"]}}],"collection":[{"href":"https:\/\/camptecnologico.com\/inicio\/wp-json\/wp\/v2\/pages"}],"about":[{"href":"https:\/\/camptecnologico.com\/inicio\/wp-json\/wp\/v2\/types\/page"}],"author":[{"embeddable":true,"href":"https:\/\/camptecnologico.com\/inicio\/wp-json\/wp\/v2\/users\/21"}],"replies":[{"embeddable":true,"href":"https:\/\/camptecnologico.com\/inicio\/wp-json\/wp\/v2\/comments?post=38418"}],"version-history":[{"count":35,"href":"https:\/\/camptecnologico.com\/inicio\/wp-json\/wp\/v2\/pages\/38418\/revisions"}],"predecessor-version":[{"id":41515,"href":"https:\/\/camptecnologico.com\/inicio\/wp-json\/wp\/v2\/pages\/38418\/revisions\/41515"}],"up":[{"embeddable":true,"href":"https:\/\/camptecnologico.com\/inicio\/wp-json\/wp\/v2\/pages\/6591"}],"wp:featuredmedia":[{"embeddable":true,"href":"https:\/\/camptecnologico.com\/inicio\/wp-json\/wp\/v2\/media\/49704"}],"wp:attachment":[{"href":"https:\/\/camptecnologico.com\/inicio\/wp-json\/wp\/v2\/media?parent=38418"}],"curies":[{"name":"wp","href":"https:\/\/api.w.org\/{rel}","templated":true}]}}