




{"id":38255,"date":"2019-04-04T14:13:06","date_gmt":"2019-04-04T13:13:06","guid":{"rendered":"https:\/\/camptecnologico.com\/inicio\/?page_id=38255"},"modified":"2019-07-01T11:27:33","modified_gmt":"2019-07-01T10:27:33","slug":"campamentos-verano-santander","status":"publish","type":"page","link":"https:\/\/camptecnologico.com\/inicio\/campamentos-verano-santander\/","title":{"rendered":"Campamentos de Verano 2019 en Santander &#8211; Univ. Europea del Atl\u00e1ntico"},"content":{"rendered":"<script>\r\n    sessionStorage.campus=5105;\r\n<\/script>\r\n\r\n<!----------------------------- NO TOCAR, SE DESMONTA LA PARTE DE INFORMACION GENERAL --------------------->\r\n<style type=\"text\/css\">\r\n#descripcion {\r\n    margin-top: 50px;\r\n}\r\n#descripcion .fourcol.column {\r\n    float: left;\r\n    display: block;\r\n}\r\n.column {  \r\n    margin-right: 2.6%;\r\n    display: inline-grid;float: none;\r\n}\r\n.minifichas {\r\n    background-image: url('wp-content\/uploads\/Fondo-web.jpg');\r\n    background-size: cover;\r\n    background-repeat: no-repeat;\r\n    padding-top:10px;\r\n    padding-bottom:10px;\r\n}\r\n<\/style>\r\n<!--------------------------------------------------------------------------------------------------------->\r\n\r\n<div class=\"row\" style=\"padding-bottom:10px;\">\r\n    <p style=\"color: #FF0000; font-weight: bold; font-size: 350%;text-align:center;\">\r\n        \u00a1\u00a1\u00a1\u00daltimas plazas.!!!\r\n    <\/p>\r\n    <div class=\"threecol column\" align=\"right\">\r\n        <strong>Nuestros talleres se segmentan en:<\/strong>\r\n    <\/div>\r\n    <div class=\"threecol column\">\r\n        <ul>\r\n            <li> <span class=\"segmento_junior\">&nbsp;Junior: 1\u00ba-3\u00ba Primaria&nbsp;<\/span><\/li>\r\n            <li> <span class=\"segmento_genius\">&nbsp;Genius: 4\u00ba-6\u00ba Primaria y 1\u00ba-2\u00ba ESO&nbsp;<\/span><\/li>\r\n        <\/ul>   \r\n    <\/div>\r\n    <div class=\"threecol column\">\r\n        <ul>            \r\n            <li> <span class=\"segmento_explorer\">&nbsp;Explorer: 1\u00ba ESO en adelante&nbsp;<\/span><\/li>\r\n        <\/ul>  \r\n    <\/div>\r\n    <div class=\"threecol column last\">\r\n        <p style=\"color: #FF2200; font-weight: bold; font-size: 150%;text-align:right;\">\r\n            <a href=\"#infor_general\">Informaci\u00f3n General<\/a>\r\n        <\/p>\r\n    <\/div>\r\n    <center>\r\n         <br \/><a href=\"https:\/\/camptecnologico.com\/inicio\/inscripcion\/\" class=\"button large primary\" rel=\"nofollow\">\r\n                 <i class=\"fa fa-paper-plane\"><\/i>&nbsp;&nbsp;Realizar Inscripci\u00f3n<\/a>\r\n    <\/center>\r\n<\/div>\r\n\r\n<!-- microfichas -->\r\n<div class=\"minifichas\">\r\n    <div class=\"row\">\r\n        [wpv-view name=\u00bbtalleres-santander-verano-microficha\u00bb]\r\n    <\/div>\r\n<\/div>\r\n\r\n<!-- informaci\u00f3n general -->\r\n<div style=\"font-size: 1.2em;\">\r\n    <div class=\"row\">\r\n        <p id=\"infor_general\" style=\"margin-top:0px; padding-top:0px; font-size:50%\">&nbsp;<\/p>\r\n        <h2>Informaci\u00f3n General<\/h2>\r\n        <div>\r\n            <h3>D\u00f3nde<\/h3>\r\n            <p style=\"margin-bottom: 30px;\">\r\n                <\/p><p>Los Campamentos se realizan en la <spam style=\"font-weight: bold; font-size: 1.2em;\">Universidad Europea del Atl\u00e1ntico<\/spam>, Parque Cient\u00edfico y Tecnol\u00f3gico \r\n                        de Cantabria-PCTCAN<br \/>(Calle Isabel Torres, 21, 39011 Santander, Cantabria)&nbsp;\r\n            <a href=\"https:\/\/www.google.es\/maps\/place\/UNEATLANTICO+-+Universidad+Europea+del+Atl%C3%A1ntico\/@43.4506581,-3.8777962,16z\/data=!4m5!3m4!1s0xd49485a0100ed05:0xf1529d22c236641f!8m2!3d43.4513202!4d-3.8756397?hl=es&#038;authuser=0\"\r\n               target=\"_blanc\" rel=\"nofollow noopener noreferrer\"><i class=\"fa fa-map-marker fa-3x\" aria-hidden=\"true\" style=\"color:#00ffff\"><\/i><\/a><\/p>\r\n            \r\n        <\/div>\r\n        <div>\r\n             <p><span style=\"font-size: 1.2em;\">GRUPOS REDUCIDOS<\/span>, 10 alumnos por monitor. Una metodolog\u00eda probada desde 2011 que nos diferencia de otras opciones del mercado.<\/p>\r\n<br \/>&nbsp;\r\n        <\/div>\r\n\r\n        <div class=\"fourcol column\">\r\n            <h3>Fechas<\/h3>\r\n            <ul>\r\n          \t<li>24 al 28 de Junio<\/li>\r\n \t        <li>1 al 5 de Julio<\/li>\r\n \t        <li>8 al 12 de Julio<\/li>\r\n            <\/ul>\r\n            <h3>Horario<\/h3>\r\n            <ul>\r\n                <li>De 9.00 a 14.00 horas (5 horas \/d\u00eda).<\/li>\r\n            <\/ul>            \r\n            <em>Nota: El \u00faltimo d\u00eda del campamento habr\u00e1 <strong>1 hora de puertas abiertas<\/strong> (13.00 a 14.00), donde las familias podr\u00e1n ver el trabajo realizado \r\n                durante la semana.<\/em>\r\n        <\/div>\r\n\r\n        <div class=\"eightcol column last\">\r\n            <h3 align=\"center\">Calendario de talleres en Santander<\/h3>\r\n            <div style=\"text-align:center; padding-bottom:20px\">                       \r\n                <img decoding=\"async\" src=\"https:\/\/camptecnologico.com\/inicio\/wp-content\/uploads\/CalendarioSantanderVerano2019.jpg\" class=\"alignnone size-full wp-image-32836\" \/>\r\n            <\/div>\r\n\r\n            <div style=\"text-align:center; padding-bottom:20px\">\r\n                <a href=\"https:\/\/camptecnologico.com\/inicio\/inscripcion\/\" class=\"button large primary\" rel=\"nofollow\">\r\n                     <i class=\"fa fa-paper-plane\"><\/i>&nbsp;&nbsp;Realizar Inscripci\u00f3n<\/a>\r\n            <\/div>\r\n        <\/div>\r\n        <div class=\"clear\"><\/div>\r\n    <\/div>\r\n\r\n <hr \/>\r\n\r\n    <div class=\"row\">\r\n        <p>&nbsp;<\/p>\r\n        <h2>Precios<\/h2>\r\n\r\n        <div class=\"fourcol column\">\r\n            <h3 style=\"padding-top:10px;\">Servicios Adicionales<\/h3>\r\n            <ul>\r\n                <li>Horario ampliado de 08.30 a 14.30: <span style=\"font-size: 1.2em;\"><strong>5\u20ac\/d\u00eda<\/strong><\/span><\/li>\r\n            <\/ul>\r\n            <em>Nota: No hay posibilidad de d\u00edas sueltos.<\/em>\r\n        <\/div>\r\n\r\n        <div class=\"fourcol column\">\r\n            <h3>Precio<\/h3>\r\n            <!--<p><strong>Descuento en inscripciones pagadas <br \/>antes del <\/strong><span style=\"font-size: 1.5em;color:#CC0000;\">12 de Mayo<\/span>.-->\r\n            <h4>Talleres de 5 d\u00edas:<\/h4>\r\n            <ul>\r\n                <li style=\"margin-bottom:0px;\">Junior: <span style=\"font-size: 1.5em;\"> <strong>139\u20ac<\/strong><\/span><\/li>\r\n                <li style=\"margin-bottom:0px;\">Genius y Explorer: <span style=\"font-size: 1.5em;\"> <strong>149\u20ac<\/strong><\/span><\/li>\r\n            <\/ul> \r\n        <\/div>\r\n\r\n        <div class=\"fourcol column last\">\r\n            <p><br \/><\/p>\r\n            <h4>Talleres <span style=\"color: #FF33F9; font-weight: bold;\">PREMIUM<\/span>, que se llevan lo construido:<\/h4>\r\n            <ul>\r\n                <li style=\"margin-bottom:0px;\">Inventor Lab: Robot Jansen <span style=\"font-size: 1.5em;\"> <strong>169\u20ac<\/strong><\/span><\/li>\r\n                <li style=\"margin-bottom:0px;\">Game Boy maker <span style=\"font-size: 1.5em;\"> <strong>184\u20ac<\/strong><\/span><\/li>\r\n            <\/ul>\r\n        <\/div><p>&nbsp;<\/p>\r\n        <div class=\"clear\"><\/div>\r\n    <\/div>\r\n<\/div>\r\n\r\n<!-- fichas -->\r\n<div>\r\n    [wpv-view name=\u00bbtalleres-santander-verano-ficha\u00bb]\r\n<\/div>\r\n\r\n<div class=\"row\">\r\n    <hr \/>\r\n    <p>\r\n        <spam style=\"color:#ff0000;font-weight: bold; font-size: 2.0em;\">AVISO:<\/spam> \r\n        <spam style=\"font-size: 1.7em;\">La realizaci\u00f3n de los talleres esta sujeta a alcanzar un grupo m\u00ednimo de asistentes al turno elegido. \r\n           En caso de no ser factible, desde la organizaci\u00f3n les ofreceremos las alternativas existentes.<\/spam>\r\n    <\/p>\r\n<\/div>\r\n","protected":false},"excerpt":{"rendered":"\u00a1\u00a1\u00a1\u00daltimas plazas.!!! Nuestros talleres se segmentan en: &nbsp;Junior: 1\u00ba-3\u00ba Primaria&nbsp; &nbsp;Genius: 4\u00ba-6\u00ba Primaria y 1\u00ba-2\u00ba ESO&nbsp; &nbsp;Explorer: 1\u00ba ESO en adelante&nbsp; Informaci\u00f3n General &nbsp;&nbsp;Realizar Inscripci\u00f3n [wpv-view name=\u00bbtalleres-santander-verano-microficha\u00bb] &nbsp; Informaci\u00f3n General D\u00f3nde Los Campamentos se realizan en la Universidad Europea del Atl\u00e1ntico, Parque Cient\u00edfico y Tecnol\u00f3gico de Cantabria-PCTCAN(Calle Isabel Torres, 21, 39011 Santander, Cantabria)&nbsp; GRUPOS REDUCIDOS, [&hellip;]","protected":false},"author":21,"featured_media":49704,"parent":0,"menu_order":0,"comment_status":"closed","ping_status":"closed","template":"","meta":{"footnotes":"","_links_to":"","_links_to_target":""},"class_list":["post-38255","page","type-page","status-publish","has-post-thumbnail","hentry"],"yoast_head":"<!-- This site is optimized with the Yoast SEO plugin v22.6 - https:\/\/yoast.com\/wordpress\/plugins\/seo\/ -->\n<title>Campamentos de Verano 2019 en Santander - Univ. Europea del Atl\u00e1ntico<\/title>\n<meta name=\"description\" content=\"\u00a1\u00a1\u00a1\u00daltimas plazas.!!! Nuestros talleres se segmentan en: &nbsp;Junior: 1\u00ba-3\u00ba Primaria&nbsp; &nbsp;Genius: 4\u00ba-6\u00ba Primaria y 1\u00ba-2\u00ba ESO&nbsp; &nbsp;Explorer:\" \/>\n<meta name=\"robots\" content=\"noindex, follow, max-snippet:-1, max-image-preview:large, max-video-preview:-1\" \/>\n<meta property=\"og:locale\" content=\"es_ES\" \/>\n<meta property=\"og:type\" content=\"article\" \/>\n<meta property=\"og:title\" content=\"Campamentos de Verano 2019 en Santander - Univ. Europea del Atl\u00e1ntico\" \/>\n<meta property=\"og:description\" content=\"\u00a1\u00a1\u00a1\u00daltimas plazas.!!! Nuestros talleres se segmentan en: &nbsp;Junior: 1\u00ba-3\u00ba Primaria&nbsp; &nbsp;Genius: 4\u00ba-6\u00ba Primaria y 1\u00ba-2\u00ba ESO&nbsp; &nbsp;Explorer:\" \/>\n<meta property=\"og:url\" content=\"https:\/\/camptecnologico.com\/inicio\/campamentos-verano-santander\/\" \/>\n<meta property=\"og:site_name\" content=\"Camp Tecnologico\" \/>\n<meta property=\"article:publisher\" content=\"https:\/\/www.facebook.com\/camptecnologico\/\" \/>\n<meta property=\"article:modified_time\" content=\"2019-07-01T10:27:33+00:00\" \/>\n<meta property=\"og:image\" content=\"https:\/\/camptecnologico.com\/inicio\/wp-content\/uploads\/industry-4.0camptec-1.jpg\" \/>\n\t<meta property=\"og:image:width\" content=\"400\" \/>\n\t<meta property=\"og:image:height\" content=\"235\" \/>\n\t<meta property=\"og:image:type\" content=\"image\/jpeg\" \/>\n<meta name=\"twitter:card\" content=\"summary_large_image\" \/>\n<meta name=\"twitter:site\" content=\"@CampTecnologico\" \/>\n<meta name=\"twitter:label1\" content=\"Tiempo de lectura\" \/>\n\t<meta name=\"twitter:data1\" content=\"1 minuto\" \/>\n<!-- \/ Yoast SEO plugin. -->","yoast_head_json":{"title":"Campamentos de Verano 2019 en Santander - Univ. Europea del Atl\u00e1ntico","description":"\u00a1\u00a1\u00a1\u00daltimas plazas.!!! Nuestros talleres se segmentan en: &nbsp;Junior: 1\u00ba-3\u00ba Primaria&nbsp; &nbsp;Genius: 4\u00ba-6\u00ba Primaria y 1\u00ba-2\u00ba ESO&nbsp; &nbsp;Explorer:","robots":{"index":"noindex","follow":"follow","max-snippet":"max-snippet:-1","max-image-preview":"max-image-preview:large","max-video-preview":"max-video-preview:-1"},"og_locale":"es_ES","og_type":"article","og_title":"Campamentos de Verano 2019 en Santander - Univ. Europea del Atl\u00e1ntico","og_description":"\u00a1\u00a1\u00a1\u00daltimas plazas.!!! Nuestros talleres se segmentan en: &nbsp;Junior: 1\u00ba-3\u00ba Primaria&nbsp; &nbsp;Genius: 4\u00ba-6\u00ba Primaria y 1\u00ba-2\u00ba ESO&nbsp; &nbsp;Explorer:","og_url":"https:\/\/camptecnologico.com\/inicio\/campamentos-verano-santander\/","og_site_name":"Camp Tecnologico","article_publisher":"https:\/\/www.facebook.com\/camptecnologico\/","article_modified_time":"2019-07-01T10:27:33+00:00","og_image":[{"width":400,"height":235,"url":"https:\/\/camptecnologico.com\/inicio\/wp-content\/uploads\/industry-4.0camptec-1.jpg","type":"image\/jpeg"}],"twitter_card":"summary_large_image","twitter_site":"@CampTecnologico","twitter_misc":{"Tiempo de lectura":"1 minuto"},"schema":{"@context":"https:\/\/schema.org","@graph":[{"@type":"WebPage","@id":"https:\/\/camptecnologico.com\/inicio\/campamentos-verano-santander\/","url":"https:\/\/camptecnologico.com\/inicio\/campamentos-verano-santander\/","name":"Campamentos de Verano 2019 en Santander - Univ. Europea del Atl\u00e1ntico","isPartOf":{"@id":"https:\/\/camptecnologico.com\/inicio\/#website"},"primaryImageOfPage":{"@id":"https:\/\/camptecnologico.com\/inicio\/campamentos-verano-santander\/#primaryimage"},"image":{"@id":"https:\/\/camptecnologico.com\/inicio\/campamentos-verano-santander\/#primaryimage"},"thumbnailUrl":"https:\/\/camptecnologico.com\/inicio\/wp-content\/uploads\/industry-4.0camptec-1.jpg","datePublished":"2019-04-04T13:13:06+00:00","dateModified":"2019-07-01T10:27:33+00:00","description":"\u00a1\u00a1\u00a1\u00daltimas plazas.!!! Nuestros talleres se segmentan en: &nbsp;Junior: 1\u00ba-3\u00ba Primaria&nbsp; &nbsp;Genius: 4\u00ba-6\u00ba Primaria y 1\u00ba-2\u00ba ESO&nbsp; &nbsp;Explorer:","breadcrumb":{"@id":"https:\/\/camptecnologico.com\/inicio\/campamentos-verano-santander\/#breadcrumb"},"inLanguage":"es","potentialAction":[{"@type":"ReadAction","target":["https:\/\/camptecnologico.com\/inicio\/campamentos-verano-santander\/"]}]},{"@type":"ImageObject","inLanguage":"es","@id":"https:\/\/camptecnologico.com\/inicio\/campamentos-verano-santander\/#primaryimage","url":"https:\/\/camptecnologico.com\/inicio\/wp-content\/uploads\/industry-4.0camptec-1.jpg","contentUrl":"https:\/\/camptecnologico.com\/inicio\/wp-content\/uploads\/industry-4.0camptec-1.jpg","width":400,"height":235},{"@type":"BreadcrumbList","@id":"https:\/\/camptecnologico.com\/inicio\/campamentos-verano-santander\/#breadcrumb","itemListElement":[{"@type":"ListItem","position":1,"name":"Home","item":"https:\/\/camptecnologico.com\/"},{"@type":"ListItem","position":2,"name":"Campamentos de Verano 2019 en Santander &#8211; Univ. Europea del Atl\u00e1ntico"}]},{"@type":"WebSite","@id":"https:\/\/camptecnologico.com\/inicio\/#website","url":"https:\/\/camptecnologico.com\/inicio\/","name":"Camp Tecnologico","description":"Campamento tecnol\u00f3gico para ni\u00f1os y j\u00f3venes. Tecnolog\u00eda para ni\u00f1os. Minecraft.","publisher":{"@id":"https:\/\/camptecnologico.com\/inicio\/#organization"},"potentialAction":[{"@type":"SearchAction","target":{"@type":"EntryPoint","urlTemplate":"https:\/\/camptecnologico.com\/inicio\/?s={search_term_string}"},"query-input":"required name=search_term_string"}],"inLanguage":"es"},{"@type":"Organization","@id":"https:\/\/camptecnologico.com\/inicio\/#organization","name":"Camp Tecnol\u00f3gico","url":"https:\/\/camptecnologico.com\/inicio\/","logo":{"@type":"ImageObject","inLanguage":"es","@id":"https:\/\/camptecnologico.com\/inicio\/#\/schema\/logo\/image\/","url":"https:\/\/camptecnologico.com\/inicio\/wp-content\/uploads\/logo1.jpg","contentUrl":"https:\/\/camptecnologico.com\/inicio\/wp-content\/uploads\/logo1.jpg","width":120,"height":120,"caption":"Camp Tecnol\u00f3gico"},"image":{"@id":"https:\/\/camptecnologico.com\/inicio\/#\/schema\/logo\/image\/"},"sameAs":["https:\/\/www.facebook.com\/camptecnologico\/","https:\/\/x.com\/CampTecnologico","https:\/\/www.instagram.com\/camptecnologico\/","https:\/\/www.linkedin.com\/company\/camptecnol-gico","https:\/\/www.youtube.com\/user\/CampTecologico"]}]}},"_links":{"self":[{"href":"https:\/\/camptecnologico.com\/inicio\/wp-json\/wp\/v2\/pages\/38255","targetHints":{"allow":["GET"]}}],"collection":[{"href":"https:\/\/camptecnologico.com\/inicio\/wp-json\/wp\/v2\/pages"}],"about":[{"href":"https:\/\/camptecnologico.com\/inicio\/wp-json\/wp\/v2\/types\/page"}],"author":[{"embeddable":true,"href":"https:\/\/camptecnologico.com\/inicio\/wp-json\/wp\/v2\/users\/21"}],"replies":[{"embeddable":true,"href":"https:\/\/camptecnologico.com\/inicio\/wp-json\/wp\/v2\/comments?post=38255"}],"version-history":[{"count":25,"href":"https:\/\/camptecnologico.com\/inicio\/wp-json\/wp\/v2\/pages\/38255\/revisions"}],"predecessor-version":[{"id":41319,"href":"https:\/\/camptecnologico.com\/inicio\/wp-json\/wp\/v2\/pages\/38255\/revisions\/41319"}],"wp:featuredmedia":[{"embeddable":true,"href":"https:\/\/camptecnologico.com\/inicio\/wp-json\/wp\/v2\/media\/49704"}],"wp:attachment":[{"href":"https:\/\/camptecnologico.com\/inicio\/wp-json\/wp\/v2\/media?parent=38255"}],"curies":[{"name":"wp","href":"https:\/\/api.w.org\/{rel}","templated":true}]}}