




{"id":36113,"date":"2019-01-15T16:03:03","date_gmt":"2019-01-15T15:03:03","guid":{"rendered":"https:\/\/camptecnologico.com\/inicio\/?page_id=36113"},"modified":"2020-03-23T19:22:33","modified_gmt":"2020-03-23T18:22:33","slug":"campamentos-semana-santa-barcelona-ensanche","status":"publish","type":"page","link":"https:\/\/camptecnologico.com\/inicio\/campamentos-semana-santa-barcelona-ensanche\/","title":{"rendered":"Campamentos de Semana Santa 2020 en Barcelona-Eixample"},"content":{"rendered":"<script>\r\n    sessionStorage.campus=5780;\r\n<\/script>\r\n<!--------------------------------------------------------------------------------------------------------->\r\n<div class=\"row\">\r\n    <div class=\"threecol column\" align=\"right\" style=\"margin-bottom: 0px; margin-left: 0px; margin-right: 8px; padding-left: 0px;  padding-right: 0px;\">\r\n        <strong>Nuestros talleres se segmentan en:<\/strong>\r\n    <\/div>\r\n    <div class=\"threecol column\" style=\"margin-bottom: 0px; margin-left: 0px; margin-right: 8px; padding-left: 0px;  padding-right: 0px;\">\r\n        <ul>            \r\n            <li> <span class=\"segmento_genius\">&nbsp;Genius: 4\u00ba-6\u00ba Primaria y 1\u00ba-3\u00ba ESO&nbsp;<\/span><\/li>\r\n        <\/ul>  \r\n    <\/div>\r\n    <div class=\"threecol column last\" style=\"margin-bottom: 0px; margin-left: 0px; margin-right: 8px; padding-left: 0px;  padding-right: 0px;\">\r\n        <ul>            \r\n            <li> <span class=\"segmento_explorer\">&nbsp;Explorer: 1\u00ba ESO en adelante&nbsp;<\/span><\/li>\r\n        <\/ul>  \r\n    <\/div>\r\n    <div class=\"clear\"><\/div>\r\n    <div>&nbsp;<\/div> \r\n<\/div>\r\n\r\n<!-- microfichas-->\r\n<div class=\"row\">\r\n    <center>\r\n        [wpv-view name=\u00bbtalleres-bcn-ensanche-semana-santa-microficha\u00bb]\r\n<!--\r\n         <a href=\"https:\/\/camptecnologico.com\/inicio\/inscripcion\/\" class=\"button large primary\" rel=\"nofollow\">\r\n               <i class=\"fa fa-paper-plane\"><\/i>&nbsp;&nbsp;Calendario e <i class=\"fa fa-paper-plane\" aria-hidden=\"true\"><\/i> Inscripci\u00f3n<\/a>\r\n-->\r\n    <\/center>\r\n<\/div>\r\n\r\n<div class=\"row\">\r\n    <!-- informaci\u00f3n general -->\r\n    <p id=\"infor_general\" style=\"margin-top:0px; padding-top:0px; font-size:100%\">&nbsp;<\/p>\r\n    <h3 class=\"tituloSeccion\">Informaci\u00f3n General<\/h3>\r\n\r\n    <div>\r\n        <h3><i class=\"fa fa-map-marker\" aria-hidden=\"true\"><\/i> D\u00f3nde<\/h3>\r\n        <p><spam style=\"font-weight: bold; font-size: 1.2em;\">Barcelona Learning Innovation Center<\/spam> (Carrer d&#8217;Enric Granados, 7, 08007 Barcelona)&nbsp;\r\n           <a href=\"https:\/\/www.google.es\/maps\/place\/Barcelona+Learning+Innovation+Center\/@41.3880642,2.1601022,15.75z\/data=!4m8!1m2!2m1!1sBarcelona+Learning+Innovation+Center++!3m4!1s0x12a4a28cf6c7d2fd:0xcc61ec09a5afcec0!8m2!3d41.387609!4d2.1624826?hl=es&amp;authuser=0\" target=\"_blanc\" rel=\"nofollow noopener noreferrer\"> mapa<\/a><\/p>\r\n        <p><br \/><\/p>\r\n    <\/div>\r\n\r\n    <div class=\"fourcol column\">\r\n        <h3><i class=\"fa fa-calendar\"><\/i> Fechas<\/h3>\r\n        <ul>\r\n \t    <li>Del 6 al 9 de Abril (4 d\u00edas).<\/li>\r\n        <\/ul>\r\n        <h3><i class=\"fa fa-clock-o\" aria-hidden=\"true\"><\/i> Horario<\/h3>\r\n        <ul>\r\n            <li>De 9.00 a 13.00 horas (4 horas \/d\u00eda).<\/li>\r\n        <\/ul>\r\n        <h3 style=\"padding-top:10px;\"><i class=\"fa fa-plus-circle\" aria-hidden=\"true\"><\/i> Servicios Adicionales<\/h3>\r\n        <ul>\r\n            <li>Horario ampliado de 08:30 a 13:30: <strong>5\u20ac al d\u00eda<\/strong><\/li>\r\n        <\/ul>\r\n        <em>Nota: No hay posibilidad de d\u00edas sueltos.<\/em>\r\n    <\/div>\r\n\r\n    <div class=\"fourcol column\">\r\n        <h3><i class=\"fa fa-money\" aria-hidden=\"true\"><\/i> Precio<\/h3>\r\n        <p>Descuento Campa\u00f1a 10\u00ba aniversario <br \/>hasta el <strong>22 de marzo<\/strong>.<\/p>\r\n        <h4>Talleres de 4 d\u00edas<\/h4>\r\n        <ul>\r\n            <li>Genius y Explorer : <span class=\"tachaprecio\">138\u20ac<\/span> <span class=\"precio\">124\u20ac<\/span><\/li>\r\n        <\/ul>  \r\n    <\/div>\r\n\r\n    <div class=\"fourcol column last\">\r\n        <h3><i class=\"fa fa-money\" aria-hidden=\"true\"><\/i> Descuentos adicionales<\/h3>\r\n        <ul>\r\n            <li>Antig\u00fco Alumno de CampTecnol\u00f3gico: <span class=\"precio\">-10%<\/span><\/li>\r\n        <\/ul>\r\n        <h3>y adem\u00e1s &#8230;<\/h3>\r\n        <p>A\u00f1ade todos los que puedas:<\/p>\r\n        <ul>\r\n            <li>Viene con un hermano y\/o amigo: <span class=\"precio\">-5%<\/span><\/li>\r\n            <li>Si traes tu ordenador en el taller de Unity: <span class=\"precio\">-8\u20ac<\/span><\/li>\r\n        <\/ul>\r\n    <\/div>\r\n    <div class=\"clear\"><\/div>\r\n\r\n    <center>\r\n<!--\r\n          <a href=\"https:\/\/camptecnologico.com\/inicio\/inscripcion\/\" class=\"button large primary\" rel=\"nofollow\">\r\n               <i class=\"fa fa-paper-plane\"><\/i>&nbsp;&nbsp;Calendario e <i class=\"fa fa-paper-plane\" aria-hidden=\"true\"><\/i> Inscripci\u00f3n<\/a>\r\n-->\r\n    <\/center>\r\n<\/div>\r\n\r\n<div class=\"row\">\r\n    <hr \/>\r\n    <p>\r\n        <spam style=\"color:#CC0000;font-weight: bold; font-size: 2.0em;\">AVISO:<\/spam> \r\n        <spam style=\"font-size: 1.7em;\">La realizaci\u00f3n de los talleres esta sujeta a alcanzar un grupo m\u00ednimo de asistentes al turno elegido. \r\n                                        En caso de no ser factible, desde la organizaci\u00f3n les ofreceremos las alternativas existentes.<\/spam>\r\n    <\/p>\r\n<\/div>","protected":false},"excerpt":{"rendered":"Nuestros talleres se segmentan en: &nbsp;Genius: 4\u00ba-6\u00ba Primaria y 1\u00ba-3\u00ba ESO&nbsp; &nbsp;Explorer: 1\u00ba ESO en adelante&nbsp; &nbsp; [wpv-view name=\u00bbtalleres-bcn-ensanche-semana-santa-microficha\u00bb] &nbsp; Informaci\u00f3n General D\u00f3nde Barcelona Learning Innovation Center (Carrer d&#8217;Enric Granados, 7, 08007 Barcelona)&nbsp; mapa Fechas Del 6 al 9 de Abril (4 d\u00edas). Horario De 9.00 a 13.00 horas (4 horas \/d\u00eda). Servicios Adicionales Horario [&hellip;]","protected":false},"author":21,"featured_media":25453,"parent":0,"menu_order":0,"comment_status":"closed","ping_status":"closed","template":"","meta":{"footnotes":"","_links_to":"","_links_to_target":""},"class_list":["post-36113","page","type-page","status-publish","has-post-thumbnail","hentry"],"yoast_head":"<!-- This site is optimized with the Yoast SEO plugin v22.6 - https:\/\/yoast.com\/wordpress\/plugins\/seo\/ -->\n<title>Campamentos de Semana Santa 2020 en Barcelona-Eixample | Camp Tecnol\u00f3gico<\/title>\n<meta name=\"description\" content=\"Campamento Semana Santa Tecnolog\u00eda en Barcelona Sants. Rob\u00f3tica y otras disciplinas. Grupos por edades. De 6 a 11 a\u00f1os. \u00a1Ap\u00fantale!\" \/>\n<meta name=\"robots\" content=\"noindex, follow, max-snippet:-1, max-image-preview:large, max-video-preview:-1\" \/>\n<meta property=\"og:locale\" content=\"es_ES\" \/>\n<meta property=\"og:type\" content=\"article\" \/>\n<meta property=\"og:title\" content=\"Campamentos de Semana Santa 2020 en Barcelona-Eixample | Camp Tecnol\u00f3gico\" \/>\n<meta property=\"og:description\" content=\"Campamento Semana Santa Tecnolog\u00eda en Barcelona Sants. Rob\u00f3tica y otras disciplinas. Grupos por edades. De 6 a 11 a\u00f1os. \u00a1Ap\u00fantale!\" \/>\n<meta property=\"og:url\" content=\"https:\/\/camptecnologico.com\/inicio\/campamentos-semana-santa-barcelona-ensanche\/\" \/>\n<meta property=\"og:site_name\" content=\"Camp Tecnologico\" \/>\n<meta property=\"article:publisher\" content=\"https:\/\/www.facebook.com\/camptecnologico\/\" \/>\n<meta property=\"article:modified_time\" content=\"2020-03-23T18:22:33+00:00\" \/>\n<meta property=\"og:image\" content=\"https:\/\/camptecnologico.com\/inicio\/wp-content\/uploads\/campamento-semana-santa-ingles.jpg\" \/>\n\t<meta property=\"og:image:width\" content=\"350\" \/>\n\t<meta property=\"og:image:height\" content=\"270\" \/>\n\t<meta property=\"og:image:type\" content=\"image\/jpeg\" \/>\n<meta name=\"twitter:card\" content=\"summary_large_image\" \/>\n<meta name=\"twitter:site\" content=\"@CampTecnologico\" \/>\n<meta name=\"twitter:label1\" content=\"Tiempo de lectura\" \/>\n\t<meta name=\"twitter:data1\" content=\"1 minuto\" \/>\n<!-- \/ Yoast SEO plugin. -->","yoast_head_json":{"title":"Campamentos de Semana Santa 2020 en Barcelona-Eixample | Camp Tecnol\u00f3gico","description":"Campamento Semana Santa Tecnolog\u00eda en Barcelona Sants. Rob\u00f3tica y otras disciplinas. Grupos por edades. De 6 a 11 a\u00f1os. \u00a1Ap\u00fantale!","robots":{"index":"noindex","follow":"follow","max-snippet":"max-snippet:-1","max-image-preview":"max-image-preview:large","max-video-preview":"max-video-preview:-1"},"og_locale":"es_ES","og_type":"article","og_title":"Campamentos de Semana Santa 2020 en Barcelona-Eixample | Camp Tecnol\u00f3gico","og_description":"Campamento Semana Santa Tecnolog\u00eda en Barcelona Sants. Rob\u00f3tica y otras disciplinas. Grupos por edades. De 6 a 11 a\u00f1os. \u00a1Ap\u00fantale!","og_url":"https:\/\/camptecnologico.com\/inicio\/campamentos-semana-santa-barcelona-ensanche\/","og_site_name":"Camp Tecnologico","article_publisher":"https:\/\/www.facebook.com\/camptecnologico\/","article_modified_time":"2020-03-23T18:22:33+00:00","og_image":[{"width":350,"height":270,"url":"https:\/\/camptecnologico.com\/inicio\/wp-content\/uploads\/campamento-semana-santa-ingles.jpg","type":"image\/jpeg"}],"twitter_card":"summary_large_image","twitter_site":"@CampTecnologico","twitter_misc":{"Tiempo de lectura":"1 minuto"},"schema":{"@context":"https:\/\/schema.org","@graph":[{"@type":"WebPage","@id":"https:\/\/camptecnologico.com\/inicio\/campamentos-semana-santa-barcelona-ensanche\/","url":"https:\/\/camptecnologico.com\/inicio\/campamentos-semana-santa-barcelona-ensanche\/","name":"Campamentos de Semana Santa 2020 en Barcelona-Eixample | Camp Tecnol\u00f3gico","isPartOf":{"@id":"https:\/\/camptecnologico.com\/inicio\/#website"},"primaryImageOfPage":{"@id":"https:\/\/camptecnologico.com\/inicio\/campamentos-semana-santa-barcelona-ensanche\/#primaryimage"},"image":{"@id":"https:\/\/camptecnologico.com\/inicio\/campamentos-semana-santa-barcelona-ensanche\/#primaryimage"},"thumbnailUrl":"https:\/\/camptecnologico.com\/inicio\/wp-content\/uploads\/campamento-semana-santa-ingles.jpg","datePublished":"2019-01-15T15:03:03+00:00","dateModified":"2020-03-23T18:22:33+00:00","description":"Campamento Semana Santa Tecnolog\u00eda en Barcelona Sants. Rob\u00f3tica y otras disciplinas. Grupos por edades. De 6 a 11 a\u00f1os. \u00a1Ap\u00fantale!","breadcrumb":{"@id":"https:\/\/camptecnologico.com\/inicio\/campamentos-semana-santa-barcelona-ensanche\/#breadcrumb"},"inLanguage":"es","potentialAction":[{"@type":"ReadAction","target":["https:\/\/camptecnologico.com\/inicio\/campamentos-semana-santa-barcelona-ensanche\/"]}]},{"@type":"ImageObject","inLanguage":"es","@id":"https:\/\/camptecnologico.com\/inicio\/campamentos-semana-santa-barcelona-ensanche\/#primaryimage","url":"https:\/\/camptecnologico.com\/inicio\/wp-content\/uploads\/campamento-semana-santa-ingles.jpg","contentUrl":"https:\/\/camptecnologico.com\/inicio\/wp-content\/uploads\/campamento-semana-santa-ingles.jpg","width":350,"height":270},{"@type":"BreadcrumbList","@id":"https:\/\/camptecnologico.com\/inicio\/campamentos-semana-santa-barcelona-ensanche\/#breadcrumb","itemListElement":[{"@type":"ListItem","position":1,"name":"Home","item":"https:\/\/camptecnologico.com\/"},{"@type":"ListItem","position":2,"name":"Campamentos de Semana Santa 2020 en Barcelona-Eixample"}]},{"@type":"WebSite","@id":"https:\/\/camptecnologico.com\/inicio\/#website","url":"https:\/\/camptecnologico.com\/inicio\/","name":"Camp Tecnologico","description":"Campamento tecnol\u00f3gico para ni\u00f1os y j\u00f3venes. Tecnolog\u00eda para ni\u00f1os. Minecraft.","publisher":{"@id":"https:\/\/camptecnologico.com\/inicio\/#organization"},"potentialAction":[{"@type":"SearchAction","target":{"@type":"EntryPoint","urlTemplate":"https:\/\/camptecnologico.com\/inicio\/?s={search_term_string}"},"query-input":"required name=search_term_string"}],"inLanguage":"es"},{"@type":"Organization","@id":"https:\/\/camptecnologico.com\/inicio\/#organization","name":"Camp Tecnol\u00f3gico","url":"https:\/\/camptecnologico.com\/inicio\/","logo":{"@type":"ImageObject","inLanguage":"es","@id":"https:\/\/camptecnologico.com\/inicio\/#\/schema\/logo\/image\/","url":"https:\/\/camptecnologico.com\/inicio\/wp-content\/uploads\/logo1.jpg","contentUrl":"https:\/\/camptecnologico.com\/inicio\/wp-content\/uploads\/logo1.jpg","width":120,"height":120,"caption":"Camp Tecnol\u00f3gico"},"image":{"@id":"https:\/\/camptecnologico.com\/inicio\/#\/schema\/logo\/image\/"},"sameAs":["https:\/\/www.facebook.com\/camptecnologico\/","https:\/\/x.com\/CampTecnologico","https:\/\/www.instagram.com\/camptecnologico\/","https:\/\/www.linkedin.com\/company\/camptecnol-gico","https:\/\/www.youtube.com\/user\/CampTecologico"]}]}},"_links":{"self":[{"href":"https:\/\/camptecnologico.com\/inicio\/wp-json\/wp\/v2\/pages\/36113","targetHints":{"allow":["GET"]}}],"collection":[{"href":"https:\/\/camptecnologico.com\/inicio\/wp-json\/wp\/v2\/pages"}],"about":[{"href":"https:\/\/camptecnologico.com\/inicio\/wp-json\/wp\/v2\/types\/page"}],"author":[{"embeddable":true,"href":"https:\/\/camptecnologico.com\/inicio\/wp-json\/wp\/v2\/users\/21"}],"replies":[{"embeddable":true,"href":"https:\/\/camptecnologico.com\/inicio\/wp-json\/wp\/v2\/comments?post=36113"}],"version-history":[{"count":38,"href":"https:\/\/camptecnologico.com\/inicio\/wp-json\/wp\/v2\/pages\/36113\/revisions"}],"predecessor-version":[{"id":46325,"href":"https:\/\/camptecnologico.com\/inicio\/wp-json\/wp\/v2\/pages\/36113\/revisions\/46325"}],"wp:featuredmedia":[{"embeddable":true,"href":"https:\/\/camptecnologico.com\/inicio\/wp-json\/wp\/v2\/media\/25453"}],"wp:attachment":[{"href":"https:\/\/camptecnologico.com\/inicio\/wp-json\/wp\/v2\/media?parent=36113"}],"curies":[{"name":"wp","href":"https:\/\/api.w.org\/{rel}","templated":true}]}}