




{"id":35071,"date":"2018-10-05T15:09:46","date_gmt":"2018-10-05T14:09:46","guid":{"rendered":"https:\/\/camptecnologico.com\/inicio\/?page_id=35071"},"modified":"2021-02-15T14:49:57","modified_gmt":"2021-02-15T13:49:57","slug":"campamentos-navidad","status":"publish","type":"page","link":"https:\/\/camptecnologico.com\/inicio\/campamentos-navidad\/","title":{"rendered":"Campamentos de Navidad 2020"},"content":{"rendered":"<div class=\"row\">\r\n\r\n\r\n    <div class=\"eightcol column\" style=\"margin: 0px 0px 0px 0px;\">\r\n        <h2 style=\"margin:0px 0px 20px; font-size: 300%; color: #009900\"; font-weight: bold;>\u00a1\u00a1\u00a1 Ap\u00fantate a nuestro <em style=\"color: #000000\">\u00abmen\u00fa tecnol\u00f3gico\u00bb<\/em> !!!<\/h2>\r\n        <ul>\r\n<!--\r\n            <li style=\"font-size: 140%;\">Modalidad h\u00edbrida, en <strong>ONLINE o presencial<\/strong><\/li>\r\n-->\r\n            <li style=\"font-size: 140%;\">Modalidad <strong>ONLINE<\/strong><\/li><br \/>\r\n            <p  style=\"font-size: 100%;\">Nuestro <em style=\"color: #000000\">\u00abmen\u00fa tecnol\u00f3gico\u00bb<\/em> consta de:<\/p>\r\n            <li style=\"font-size: 140%;\">Primer plato de <strong>9:10-11:10<\/strong><\/li>\r\n            <li style=\"font-size: 140%;\">Segundo plato de <strong>11:35-13:35<\/strong><\/li>\r\n            <em><strong>Nota: elige solo un plato, 1\u00ba \u00f3 2\u00ba, o el men\u00fa completo.<\/strong><\/em><br \/><br \/>\r\n<!--\r\n            <li style=\"font-size: 140%;\">Tambi\u00e9n horario ampliado de <strong>8:30 a 14:30<\/strong> en presencial<\/li>\r\n-->\r\n            <li style=\"font-size: 140%;\">Forma de pago con <strong>tarjeta de cr\u00e9dito<\/strong> o <strong>transferencia bancaria<\/strong><\/li>\r\n        <\/ul>\r\n    <\/div>\r\n    <div class=\"fourcol column last\" style=\"margin: 0px 0px 0px 0px;\">\r\n        <img decoding=\"async\" src=\"https:\/\/camptecnologico.com\/inicio\/wp-content\/uploads\/navidad1.jpg\" alt=\"\" width=\"500\" class=\"alignnone size-full wp-image-48752\" \/>\r\n    <\/div>\r\n    <div class=\"clearfix\"><\/div>\r\n\r\n<hr \/>\r\n\r\n    <div class=\"fourcol column\" style=\"margin: 0px 20px 0px 0px;\">\r\n        <img decoding=\"async\" src=\"https:\/\/camptecnologico.com\/inicio\/wp-content\/uploads\/navidad3.jpg\" alt=\"\" width=\"500\" class=\"alignleft size-full wp-image-48681\" \/>\r\n    <\/div>\r\n    <div class=\"eightcol column last\" style=\"margin: 0px 0px 0px 0px;\">\r\n        <p style=\"font-size: 120%; margin-top:20px; font-weight: bold;\">Nuestros usuarios opinan &#8230;.<\/p>\r\n        <blockquote style=\"margin-left:40px\">\r\n            <em>Quer\u00eda felicitaros por el curso Online que ha impartido Borja a mi hijo Javier.\r\n                Gran conocimiento, profesionalidad y paciencia.\r\n                Estamos encantados de haber contratado otros 3 m\u00e1s!\r\n                Enhorabuena<\/em>\r\n        <\/blockquote>\r\n\r\n        <blockquote style=\"margin-left:40px\">\r\n            <em>Buenas tardes ! Hoy terminamos el campamento Minecraft &#x1f929; quer\u00edamos agradeceros vuestra profesionalidad y transmitiros nuestra buena experiencia con vosotros &#8230; \r\n                con solo  7 a\u00f1os y sin gran experiencia directa con el juego ha disfrutado y aprendido much\u00edsimo &#x1f44c;&#x1f3fb;&#x1f44f;&#x1f3fb; enhorabuena por vuestro trabajo !<\/em>\r\n        <\/blockquote>\r\n    <\/div>\r\n    <div class=\"clearfix\"><\/div>\r\n\r\n<hr \/>\r\n\r\n<p id=\"talleres\">&nbsp;<\/p>\r\n<!--\r\n    <center style=\"margin: 10px 0px 10px 0px; font-size: 150%; font-weight: bold; color: #00cc00\">\r\n            Estamos preparando las sedes presenciales, tendre\u00eds noticias en breve.\r\n    <\/center>\r\n-->\r\n    <center style=\"margin-top:00px; font-size: 200%; font-weight: bold; color: #0000cc\"><em>Elige solo un plato, 1\u00ba \u00f3 2\u00ba, o el men\u00fa completo.<\/em><\/center>\r\n\r\n    <center style=\"margin: 10px 0px 10px 0px;\">\r\n            Para m\u00e1s informaci\u00f3n llamar al <strong>686 510 900<\/strong>\r\n    <\/center>\r\n\r\n    <div style=\"border: 2px solid; border-color: #000066;\">\r\n        <p class=\"JUNIOR\">Men\u00fa JUNIOR (2\u00ba a 3\u00ba Primaria)<\/p>\r\n        <div class=\"twocol column\" style=\"margin: 0px 0px 0px 10px;\">\r\n            <img decoding=\"async\" src=\"https:\/\/camptecnologico.com\/inicio\/wp-content\/uploads\/Franja-JUNIOR.jpg\" alt=\"\" width=\"400\"  class=\"alignnone size-full wp-image-47155\" \/>\r\n        <\/div>\r\n        <div class=\"fivecol column\" style=\"margin: 0px 0px 0px 10px;\">\r\n            <h3>1\u00ba plato<\/h3>\r\n            <ul>\r\n                <li><a href=\"https:\/\/camptecnologico.com\/inicio\/catalogo-talleres-navidad\/#minecraft-junior\">Minecraft KampLand Junior *<\/a> &#8211; <strong>60\u20ac<\/strong> (4 d\u00edas) \/ <strong>30\u20ac<\/strong> (2 d\u00edas)<\/li>\r\n            <\/ul>\r\n             <em style=\"40px; color: #cc0000\"><br \/>* Requerimientos m\u00ednimos de PC: Intel i3, con 4Gb de RAM y con Windows 10 (no valen Tablet, Surface o Chromebook)<\/em>\r\n\r\n            <h3 style=\"margin: 30px 0px 20px 0px ;\">Sedes:<\/h3>\r\n\r\n            <a class=\"button medium primary\" href=\"https:\/\/camptecnologico.com\/inicio\/inscripcion\/\" id=\"btnCampus6400\" rel=\"nofollow noopener noreferrer\">SEDE ONLINE un plato<\/a> &nbsp;\r\n  <!--     \r\n     <a class=\"button medium primary\" href=\"https:\/\/camptecnologico.com\/inicio\/inscripcion\/\"  id=\"btnCampus6401\" rel=\"nofollow noopener noreferrer\">SEDE ONLINE dos platos<\/a>\r\n  -->\r\n        <\/div>\r\n        <div class=\"fivecol column last\" style=\"margin: 0px 0px 0px 10px;\">\r\n            <h3>2\u00ba plato<\/h3>\r\n            <ul>\r\n                <li><a href=\"https:\/\/camptecnologico.com\/inicio\/catalogo-talleres-navidad\/#scratch\">Scratch<\/a> &#8211; <strong>30\u20ac<\/strong> (2 d\u00edas)<\/li>\r\n                <li><a href=\"https:\/\/camptecnologico.com\/inicio\/catalogo-talleres-navidad\/#multirobot\">Multirobot<\/a> &#8211; <strong>120\u20ac<\/strong> (4 d\u00edas)<\/li>\r\n            <\/ul>\r\n            <em>NOTA: en el taller de <strong>Multirobot<\/strong>, el asistente se queda con el kit de rob\u00f3tica para seguir trabajando.<\/em>\r\n            <p style=\"margin: 20px 0px 10px 0px\">\r\n                <img decoding=\"async\" src=\"https:\/\/camptecnologico.com\/inicio\/wp-content\/uploads\/Navidad_Junior.jpg\" alt=\"\" width=\"401\"  \/>\r\n            <\/p>\r\n        <\/div>\r\n        <div class=\"clearfix\"><\/div>\r\n    <\/div>\r\n<br \/>\r\n    <div style=\"border: 2px solid; border-color: #009966;\">\r\n        <p class=\"GENIUS\">Men\u00fa GENIUS (4\u00ba Primaria en adelante)<\/p>\r\n        <div class=\"twocol column\" style=\"margin: 0px 0px 0px 10px;\">\r\n            <img decoding=\"async\" src=\"https:\/\/camptecnologico.com\/inicio\/wp-content\/uploads\/Franja-GENIUS.jpg\" alt=\"\" width=\"400\"  class=\"alignnone size-full wp-image-47155\" \/>\r\n        <\/div>\r\n        <div class=\"fivecol column\" style=\"margin: 0px 0px 0px 10px;\">\r\n            <h3>1\u00ba plato<\/h3>\r\n            <ul>\r\n                <li><a href=\"https:\/\/camptecnologico.com\/inicio\/catalogo-talleres-navidad\/#minecraft-genius\">Minecraft KampLand Genius *<\/a> &#8211; <strong>60\u20ac<\/strong> (4 d\u00edas) \/ <strong>30\u20ac<\/strong> (2 d\u00edas)<\/li>\r\n            <\/ul>\r\n            <em style=\"40px; color: #cc0000\"><br \/>* Requerimientos m\u00ednimos de PC: Intel i3, con 4Gb de RAM y con Windows 10 (no valen Tablet, Surface o Chromebook)<\/em>\r\n\r\n            <h3 style=\"margin: 30px 0px 20px 0px ;\">Sedes:<\/h3>\r\n\r\n            <a class=\"button medium primary\" href=\"https:\/\/camptecnologico.com\/inicio\/inscripcion\/\" target=\"_blank\" id=\"btnCampus6402\" rel=\"nofollow noopener noreferrer\">SEDE ONLINE un plato<\/a> &nbsp;\r\n  <!--           \r\n  <a class=\"button medium primary\" href=\"https:\/\/camptecnologico.com\/inicio\/inscripcion\/\" target=\"_blank\" id=\"btnCampus6403\" rel=\"nofollow noopener noreferrer\">SEDE ONLINE dos platos<\/a>\r\n -->\r\n        <\/div>\r\n        <div class=\"fivecol column\" style=\"margin: 0px 0px 0px 10px;\">\r\n            <h3>2\u00ba plato<\/h3>\r\n            <ul>\r\n                <li><a href=\"https:\/\/camptecnologico.com\/inicio\/catalogo-talleres-navidad\/#roblox\">Roblox, aprende a programar<\/a> &#8211; <strong>30\u20ac<\/strong> (2 d\u00edas)<\/li>\r\n                <li><a href=\"https:\/\/camptecnologico.com\/inicio\/catalogo-talleres-navidad\/#arcade\">Consola Arcade<\/a> &#8211; <strong>105\u20ac<\/strong> (4 d\u00edas)<\/li>\r\n                <li><a href=\"https:\/\/camptecnologico.com\/inicio\/catalogo-talleres navidad\/#multirobot\">Multirobot<\/a> &#8211; <strong>120\u20ac<\/strong> (4 d\u00edas)<\/li>\r\n            <\/ul>\r\n            <em>NOTA: en los talleres de <strong>Consola Arcade y Multirobot<\/strong>, el asistente se queda con el kit de rob\u00f3tica para seguir trabajando.<\/em>\r\n            <p style=\"margin: 20px 0px 10px 0px\">\r\n                <img decoding=\"async\" src=\"https:\/\/camptecnologico.com\/inicio\/wp-content\/uploads\/Navidad_Genius.jpg\" alt=\"\" width=\"400\"  \/>\r\n            <\/p>\r\n        <\/div>\r\n        <div class=\"clearfix\"><\/div>\r\n    <\/div>\r\n\t\r\n<br \/>\r\n\r\n    <div style=\"border: 2px solid; border-color: #882288;\">\r\n        <p class=\"EXPLORER\">Men\u00fa EXPLORER (1\u00ba ESO en adelante)<\/p>\r\n        <div class=\"twocol column\" style=\"margin: 0px 0px 0px 10px;\">\r\n            <img decoding=\"async\" src=\"https:\/\/camptecnologico.com\/inicio\/wp-content\/uploads\/Franja-EXPLORER.jpg\" alt=\"\" width=\"400\"  class=\"alignnone size-full wp-image-47155\" \/>\r\n        <\/div>\r\n        <div class=\"fivecol column\" style=\"margin: 0px 0px 0px 10px;\">\r\n            <h3>1\u00ba plato<\/h3>\r\n            <ul>\r\n                <li><a href=\"https:\/\/camptecnologico.com\/inicio\/catalogo-talleres-navidad\/#python1\">Python Iniciaci\u00f3n<\/a> &#8211; <strong>30\u20ac<\/strong> (2 d\u00edas)<\/li>\r\n                <li><a href=\"https:\/\/camptecnologico.com\/inicio\/catalogo-talleres-navidad\/#unity1\">Unity Iniciaci\u00f3n<\/a> &#8211; <strong>60\u20ac<\/strong> (4 d\u00edas)<\/li>\r\n            <\/ul>\r\n\r\n            <h3 style=\"margin: 67px 0px 20px 0px ;\">Sedes:<\/h3>\r\n\r\n            <a class=\"button medium primary\" href=\"https:\/\/camptecnologico.com\/inicio\/inscripcion\/\" target=\"_blank\" id=\"btnCampus6404\" rel=\"nofollow noopener noreferrer\">SEDE ONLINE un plato<\/a> &nbsp;\r\n        \r\n<!--\r\n    <a class=\"button medium primary\" href=\"https:\/\/camptecnologico.com\/inicio\/inscripcion\/\" target=\"_blank\" id=\"btnCampus6405\" rel=\"nofollow noopener noreferrer\">SEDE ONLINE dos platos<\/a>\r\n -->\r\n        <\/div>\r\n        <div class=\"fivecol column\" style=\"margin: 0px 0px 0px 10px;\">\r\n            <h3>2\u00ba plato<\/h3>\r\n            <ul>\r\n                <li><a href=\"https:\/\/camptecnologico.com\/inicio\/catalogo-talleres-navidad\/#microbit\">Micro:bit con Python<\/a> &#8211; <strong>50\u20ac<\/strong> (2 d\u00edas)<\/li>\r\n                <li><a href=\"https:\/\/camptecnologico.com\/inicio\/catalogo-talleres-navidad\/#gameboy\">Game Boy Maker<\/a> &#8211; <strong>120<\/strong> (4 d\u00edas)<\/li>\r\n                <li><a href=\"https:\/\/camptecnologico.com\/inicio\/catalogo-talleres-navidad\/#arduino\">Pack Student Oficial Arduino <\/a> &#8211; <strong>85\u20ac<\/strong> (2 d\u00edas)<\/li>\t\r\n            <\/ul>\r\n            <em>NOTA: en los talleres de <strong>Game Boy Maker y Arduino<\/strong>, el asistente se queda con el kit de rob\u00f3tica para seguir trabajando.<\/em>\r\n            <p style=\"margin: 20px 0 10px 0px\">\r\n                <img decoding=\"async\" src=\"https:\/\/camptecnologico.com\/inicio\/wp-content\/uploads\/Navidad_Explorer.jpg\" alt=\"\" width=\"399\"  \/>\r\n            <\/p>\r\n        <\/div>\r\n        <div class=\"clearfix\"><\/div>\r\n    <\/div>\r\n<hr \/>\r\n<p id=\"descuentos\">&nbsp;<\/p>\r\n\r\n    <div style=\"border: 2px solid; border-color: #000000;\">\r\n        <p id=\"semanas\" class=\"PRECIOS\">DESCUENTOS<\/p>\r\n        <div style=\"margin: 10px 0px 0px 10px;\">\r\n            <ul>\r\n                <li>Antig\u00fco alumno: <strong>5%<\/strong><\/li>\r\n                <li>Familia numerosa: <strong>5%<\/strong><\/li>\r\n                <li>Plan Gaztedi: <strong>5%<\/strong><\/li>\r\n            <\/ul>\r\n            <em>* No acumulables<\/em>\r\n        <\/div>\r\n\r\n        <p id=\"sedes\" class=\"PRECIOS\">SEMANAS<\/p>\r\n        <div class=\"threecol column\" style=\"margin: 0px 0px 0px 10px;\">\r\n            <ul>\r\n                <li>23 y 24 de diciembre (2 d\u00edas)<\/li>\r\n                <li>28 al 31 de diciembre (4 d\u00edas)<\/li>\r\n                <li>4 y 5 de enero (2 d\u00edas)<\/li>\r\n            <\/ul>\r\n        <\/div>\r\n        <div class=\"clearfix\"><\/div>\r\n   <\/div>\r\n\r\n<hr \/>\r\n    <div class=\"row\">\r\n        <center>\r\n    \t    <a href=\"#talleres\" class=\"button medium primary\">TALLERES<\/a>&nbsp;&nbsp;&nbsp;\r\n    \t    <a href=\"#descuentos\" class=\"button medium primary\">DESCUENTOS<\/a>&nbsp;&nbsp;&nbsp;\r\n            <a href=\"#semanas\" class=\"button medium primary\">SEMANAS<\/a>&nbsp;&nbsp;&nbsp;\r\n        <\/center>\r\n    <\/div>\r\n\r\n    <p style=\"margin-top: 20px\"><strong>Camp Tecnol\u00f3gico<\/strong> ofrecer\u00e1 estas navidades talleres de programaci\u00f3n, electr\u00f3nica y rob\u00f3tica en sus campamentos vacacionales, para ni\u00f1os\/as y adolescentes de 7 a 17 a\u00f1os, con una nueva oferta de talleres adaptados a cada franja de edad, en modo <strong>ONLINE<\/strong>, para seguir las actividades desde casa.<\/p>\r\n\r\n    <p>Esta nueva configuraci\u00f3n de los campamentos dirigidos a asistentes de <strong>7 a 17 a\u00f1os<\/strong>, consiste en una oferta similar al men\u00fa que elegimos en un restaurante,  con un men\u00fa con primer plato a elegir entre varias opciones (los talleres que se realizan en la primera parte de la ma\u00f1ana de <strong>9:10 a 11:10<\/strong> ser\u00e1n todos de aprendizaje de c\u00f3digo) y un segundo plato con las sesiones que se realizan en la segunda parte de la ma\u00f1ana de <strong>11:35 a 13:35<\/strong>, que podr\u00e1n ser a elegir entre tem\u00e1ticas de c\u00f3digo, o de electr\u00f3nica y rob\u00f3tica. En este caso algunos talleres incluyen el <em>kit de trabajo que cada alumno recibir\u00e1 en propiedad<\/em>, para que pueda seguir realizando sus practicas en casa.<\/p>\r\n\r\n<\/div>\r\n\r\n<script>\r\n    jQuery(\"[id^='btnCampus']\").on(\"click\", function() {\r\n         sessionStorage.campus = jQuery(this).attr(\"id\").replace(\"btnCampus\", \"\");\r\n    });\r\n<\/script>\r\n","protected":false},"excerpt":{"rendered":"\u00a1\u00a1\u00a1 Ap\u00fantate a nuestro \u00abmen\u00fa tecnol\u00f3gico\u00bb !!! Modalidad ONLINE Nuestro \u00abmen\u00fa tecnol\u00f3gico\u00bb consta de: Primer plato de 9:10-11:10 Segundo plato de 11:35-13:35 Nota: elige solo un plato, 1\u00ba \u00f3 2\u00ba, o el men\u00fa completo. Forma de pago con tarjeta de cr\u00e9dito o transferencia bancaria Nuestros usuarios opinan &#8230;. Quer\u00eda felicitaros por el curso Online que [&hellip;]","protected":false},"author":21,"featured_media":49704,"parent":0,"menu_order":0,"comment_status":"closed","ping_status":"closed","template":"","meta":{"footnotes":"","_links_to":"","_links_to_target":""},"class_list":["post-35071","page","type-page","status-publish","has-post-thumbnail","hentry"],"yoast_head":"<!-- This site is optimized with the Yoast SEO plugin v22.6 - https:\/\/yoast.com\/wordpress\/plugins\/seo\/ -->\n<title>Campamentos de Navidad 2020 - Camp Tecnologico<\/title>\n<meta name=\"description\" content=\"Campamentos de Tecnolog\u00eda Navidad 2020. Novedades en todas las Tecnolog\u00edas, contenidos y materiales renovados. Diversi\u00f3n productiva.\" \/>\n<meta name=\"robots\" content=\"noindex, follow, max-snippet:-1, max-image-preview:large, max-video-preview:-1\" \/>\n<meta property=\"og:locale\" content=\"es_ES\" \/>\n<meta property=\"og:type\" content=\"article\" \/>\n<meta property=\"og:title\" content=\"Campamentos de Navidad 2020 - Camp Tecnologico\" \/>\n<meta property=\"og:description\" content=\"Campamentos de Tecnolog\u00eda Navidad 2020. Novedades en todas las Tecnolog\u00edas, contenidos y materiales renovados. Diversi\u00f3n productiva.\" \/>\n<meta property=\"og:url\" content=\"https:\/\/camptecnologico.com\/inicio\/campamentos-navidad\/\" \/>\n<meta property=\"og:site_name\" content=\"Camp Tecnologico\" \/>\n<meta property=\"article:publisher\" content=\"https:\/\/www.facebook.com\/camptecnologico\/\" \/>\n<meta property=\"article:modified_time\" content=\"2021-02-15T13:49:57+00:00\" \/>\n<meta property=\"og:image\" content=\"https:\/\/camptecnologico.com\/inicio\/wp-content\/uploads\/navidad1.jpg\" \/>\n<meta name=\"twitter:card\" content=\"summary_large_image\" \/>\n<meta name=\"twitter:site\" content=\"@CampTecnologico\" \/>\n<meta name=\"twitter:label1\" content=\"Tiempo de lectura\" \/>\n\t<meta name=\"twitter:data1\" content=\"3 minutos\" \/>\n<!-- \/ Yoast SEO plugin. -->","yoast_head_json":{"title":"Campamentos de Navidad 2020 - Camp Tecnologico","description":"Campamentos de Tecnolog\u00eda Navidad 2020. Novedades en todas las Tecnolog\u00edas, contenidos y materiales renovados. Diversi\u00f3n productiva.","robots":{"index":"noindex","follow":"follow","max-snippet":"max-snippet:-1","max-image-preview":"max-image-preview:large","max-video-preview":"max-video-preview:-1"},"og_locale":"es_ES","og_type":"article","og_title":"Campamentos de Navidad 2020 - Camp Tecnologico","og_description":"Campamentos de Tecnolog\u00eda Navidad 2020. Novedades en todas las Tecnolog\u00edas, contenidos y materiales renovados. Diversi\u00f3n productiva.","og_url":"https:\/\/camptecnologico.com\/inicio\/campamentos-navidad\/","og_site_name":"Camp Tecnologico","article_publisher":"https:\/\/www.facebook.com\/camptecnologico\/","article_modified_time":"2021-02-15T13:49:57+00:00","og_image":[{"url":"https:\/\/camptecnologico.com\/inicio\/wp-content\/uploads\/navidad1.jpg"}],"twitter_card":"summary_large_image","twitter_site":"@CampTecnologico","twitter_misc":{"Tiempo de lectura":"3 minutos"},"schema":{"@context":"https:\/\/schema.org","@graph":[{"@type":"WebPage","@id":"https:\/\/camptecnologico.com\/inicio\/campamentos-navidad\/","url":"https:\/\/camptecnologico.com\/inicio\/campamentos-navidad\/","name":"Campamentos de Navidad 2020 - Camp Tecnologico","isPartOf":{"@id":"https:\/\/camptecnologico.com\/inicio\/#website"},"primaryImageOfPage":{"@id":"https:\/\/camptecnologico.com\/inicio\/campamentos-navidad\/#primaryimage"},"image":{"@id":"https:\/\/camptecnologico.com\/inicio\/campamentos-navidad\/#primaryimage"},"thumbnailUrl":"https:\/\/camptecnologico.com\/inicio\/wp-content\/uploads\/industry-4.0camptec-1.jpg","datePublished":"2018-10-05T14:09:46+00:00","dateModified":"2021-02-15T13:49:57+00:00","description":"Campamentos de Tecnolog\u00eda Navidad 2020. Novedades en todas las Tecnolog\u00edas, contenidos y materiales renovados. Diversi\u00f3n productiva.","breadcrumb":{"@id":"https:\/\/camptecnologico.com\/inicio\/campamentos-navidad\/#breadcrumb"},"inLanguage":"es","potentialAction":[{"@type":"ReadAction","target":["https:\/\/camptecnologico.com\/inicio\/campamentos-navidad\/"]}]},{"@type":"ImageObject","inLanguage":"es","@id":"https:\/\/camptecnologico.com\/inicio\/campamentos-navidad\/#primaryimage","url":"https:\/\/camptecnologico.com\/inicio\/wp-content\/uploads\/industry-4.0camptec-1.jpg","contentUrl":"https:\/\/camptecnologico.com\/inicio\/wp-content\/uploads\/industry-4.0camptec-1.jpg","width":400,"height":235},{"@type":"BreadcrumbList","@id":"https:\/\/camptecnologico.com\/inicio\/campamentos-navidad\/#breadcrumb","itemListElement":[{"@type":"ListItem","position":1,"name":"Home","item":"https:\/\/camptecnologico.com\/"},{"@type":"ListItem","position":2,"name":"Campamentos de Navidad 2020"}]},{"@type":"WebSite","@id":"https:\/\/camptecnologico.com\/inicio\/#website","url":"https:\/\/camptecnologico.com\/inicio\/","name":"Camp Tecnologico","description":"Campamento tecnol\u00f3gico para ni\u00f1os y j\u00f3venes. Tecnolog\u00eda para ni\u00f1os. Minecraft.","publisher":{"@id":"https:\/\/camptecnologico.com\/inicio\/#organization"},"potentialAction":[{"@type":"SearchAction","target":{"@type":"EntryPoint","urlTemplate":"https:\/\/camptecnologico.com\/inicio\/?s={search_term_string}"},"query-input":"required name=search_term_string"}],"inLanguage":"es"},{"@type":"Organization","@id":"https:\/\/camptecnologico.com\/inicio\/#organization","name":"Camp Tecnol\u00f3gico","url":"https:\/\/camptecnologico.com\/inicio\/","logo":{"@type":"ImageObject","inLanguage":"es","@id":"https:\/\/camptecnologico.com\/inicio\/#\/schema\/logo\/image\/","url":"https:\/\/camptecnologico.com\/inicio\/wp-content\/uploads\/logo1.jpg","contentUrl":"https:\/\/camptecnologico.com\/inicio\/wp-content\/uploads\/logo1.jpg","width":120,"height":120,"caption":"Camp Tecnol\u00f3gico"},"image":{"@id":"https:\/\/camptecnologico.com\/inicio\/#\/schema\/logo\/image\/"},"sameAs":["https:\/\/www.facebook.com\/camptecnologico\/","https:\/\/x.com\/CampTecnologico","https:\/\/www.instagram.com\/camptecnologico\/","https:\/\/www.linkedin.com\/company\/camptecnol-gico","https:\/\/www.youtube.com\/user\/CampTecologico"]}]}},"_links":{"self":[{"href":"https:\/\/camptecnologico.com\/inicio\/wp-json\/wp\/v2\/pages\/35071","targetHints":{"allow":["GET"]}}],"collection":[{"href":"https:\/\/camptecnologico.com\/inicio\/wp-json\/wp\/v2\/pages"}],"about":[{"href":"https:\/\/camptecnologico.com\/inicio\/wp-json\/wp\/v2\/types\/page"}],"author":[{"embeddable":true,"href":"https:\/\/camptecnologico.com\/inicio\/wp-json\/wp\/v2\/users\/21"}],"replies":[{"embeddable":true,"href":"https:\/\/camptecnologico.com\/inicio\/wp-json\/wp\/v2\/comments?post=35071"}],"version-history":[{"count":111,"href":"https:\/\/camptecnologico.com\/inicio\/wp-json\/wp\/v2\/pages\/35071\/revisions"}],"predecessor-version":[{"id":49654,"href":"https:\/\/camptecnologico.com\/inicio\/wp-json\/wp\/v2\/pages\/35071\/revisions\/49654"}],"wp:featuredmedia":[{"embeddable":true,"href":"https:\/\/camptecnologico.com\/inicio\/wp-json\/wp\/v2\/media\/49704"}],"wp:attachment":[{"href":"https:\/\/camptecnologico.com\/inicio\/wp-json\/wp\/v2\/media?parent=35071"}],"curies":[{"name":"wp","href":"https:\/\/api.w.org\/{rel}","templated":true}]}}