




{"id":34167,"date":"2018-07-11T13:29:55","date_gmt":"2018-07-11T12:29:55","guid":{"rendered":"https:\/\/camptecnologico.com\/inicio\/?page_id=34167"},"modified":"2018-07-11T15:50:45","modified_gmt":"2018-07-11T14:50:45","slug":"blog","status":"publish","type":"page","link":"https:\/\/camptecnologico.com\/inicio\/blog\/","title":{"rendered":"Blog"},"content":{"rendered":"<style type=\"text\/css\">\r\n#descripcion {\r\n    margin-top: 50px;\r\n    \r\n}\r\n#descripcion .fourcol.column {\r\n    float: left;\r\n    display: block;\r\n}\r\n.column {  \r\n    margin-right: 2.6%;\r\n}\r\n<\/style>\r\n\r\n\r\n<style>\r\n.column {display: inline-flex;float: none;}\r\n<\/style>\r\n\r\n\r\n<div class=\"row\">\r\n\r\n<div style=\"text-align: center;margin-bottom: 50px;\">\r\n\r\n[wp_show_posts id=\u00bb34176&#8243;]\r\n\r\n<\/div>\r\n\r\n<div class=\"row\">\r\n\r\n<\/div><\/div>","protected":false},"excerpt":{"rendered":"[wp_show_posts id=\u00bb34176&#8243;]","protected":false},"author":57,"featured_media":49704,"parent":0,"menu_order":0,"comment_status":"closed","ping_status":"closed","template":"","meta":{"footnotes":"","_links_to":"","_links_to_target":""},"class_list":["post-34167","page","type-page","status-publish","has-post-thumbnail","hentry"],"yoast_head":"<!-- This site is optimized with the Yoast SEO plugin v22.6 - https:\/\/yoast.com\/wordpress\/plugins\/seo\/ -->\n<title>Blog | Camp Tecnol\u00f3gico<\/title>\n<meta name=\"description\" content=\"Talleres Tecnol\u00f3gicos para ni\u00f1os, ni\u00f1as y j\u00f3venes de lunes a viernes en Azkuna Zentroa. Talleres de Rob\u00f3tica, programaci\u00f3n y videojuegos a partir de 5 a\u00f1os\" \/>\n<meta name=\"robots\" content=\"noindex, follow, max-snippet:-1, max-image-preview:large, max-video-preview:-1\" \/>\n<meta property=\"og:locale\" content=\"es_ES\" \/>\n<meta property=\"og:type\" content=\"article\" \/>\n<meta property=\"og:title\" content=\"Blog | Camp Tecnol\u00f3gico\" \/>\n<meta property=\"og:description\" content=\"Talleres Tecnol\u00f3gicos para ni\u00f1os, ni\u00f1as y j\u00f3venes de lunes a viernes en Azkuna Zentroa. Talleres de Rob\u00f3tica, programaci\u00f3n y videojuegos a partir de 5 a\u00f1os\" \/>\n<meta property=\"og:url\" content=\"https:\/\/camptecnologico.com\/inicio\/blog\/\" \/>\n<meta property=\"og:site_name\" content=\"Camp Tecnologico\" \/>\n<meta property=\"article:publisher\" content=\"https:\/\/www.facebook.com\/camptecnologico\/\" \/>\n<meta property=\"article:modified_time\" content=\"2018-07-11T14:50:45+00:00\" \/>\n<meta name=\"twitter:card\" content=\"summary_large_image\" \/>\n<meta name=\"twitter:site\" content=\"@CampTecnologico\" \/>\n<!-- \/ Yoast SEO plugin. -->","yoast_head_json":{"title":"Blog | Camp Tecnol\u00f3gico","description":"Talleres Tecnol\u00f3gicos para ni\u00f1os, ni\u00f1as y j\u00f3venes de lunes a viernes en Azkuna Zentroa. Talleres de Rob\u00f3tica, programaci\u00f3n y videojuegos a partir de 5 a\u00f1os","robots":{"index":"noindex","follow":"follow","max-snippet":"max-snippet:-1","max-image-preview":"max-image-preview:large","max-video-preview":"max-video-preview:-1"},"og_locale":"es_ES","og_type":"article","og_title":"Blog | Camp Tecnol\u00f3gico","og_description":"Talleres Tecnol\u00f3gicos para ni\u00f1os, ni\u00f1as y j\u00f3venes de lunes a viernes en Azkuna Zentroa. Talleres de Rob\u00f3tica, programaci\u00f3n y videojuegos a partir de 5 a\u00f1os","og_url":"https:\/\/camptecnologico.com\/inicio\/blog\/","og_site_name":"Camp Tecnologico","article_publisher":"https:\/\/www.facebook.com\/camptecnologico\/","article_modified_time":"2018-07-11T14:50:45+00:00","twitter_card":"summary_large_image","twitter_site":"@CampTecnologico","schema":{"@context":"https:\/\/schema.org","@graph":[{"@type":"WebPage","@id":"https:\/\/camptecnologico.com\/inicio\/blog\/","url":"https:\/\/camptecnologico.com\/inicio\/blog\/","name":"Blog | Camp Tecnol\u00f3gico","isPartOf":{"@id":"https:\/\/camptecnologico.com\/inicio\/#website"},"primaryImageOfPage":{"@id":"https:\/\/camptecnologico.com\/inicio\/blog\/#primaryimage"},"image":{"@id":"https:\/\/camptecnologico.com\/inicio\/blog\/#primaryimage"},"thumbnailUrl":"https:\/\/camptecnologico.com\/inicio\/wp-content\/uploads\/industry-4.0camptec-1.jpg","datePublished":"2018-07-11T12:29:55+00:00","dateModified":"2018-07-11T14:50:45+00:00","description":"Talleres Tecnol\u00f3gicos para ni\u00f1os, ni\u00f1as y j\u00f3venes de lunes a viernes en Azkuna Zentroa. Talleres de Rob\u00f3tica, programaci\u00f3n y videojuegos a partir de 5 a\u00f1os","breadcrumb":{"@id":"https:\/\/camptecnologico.com\/inicio\/blog\/#breadcrumb"},"inLanguage":"es","potentialAction":[{"@type":"ReadAction","target":["https:\/\/camptecnologico.com\/inicio\/blog\/"]}]},{"@type":"ImageObject","inLanguage":"es","@id":"https:\/\/camptecnologico.com\/inicio\/blog\/#primaryimage","url":"https:\/\/camptecnologico.com\/inicio\/wp-content\/uploads\/industry-4.0camptec-1.jpg","contentUrl":"https:\/\/camptecnologico.com\/inicio\/wp-content\/uploads\/industry-4.0camptec-1.jpg","width":400,"height":235},{"@type":"BreadcrumbList","@id":"https:\/\/camptecnologico.com\/inicio\/blog\/#breadcrumb","itemListElement":[{"@type":"ListItem","position":1,"name":"Home","item":"https:\/\/camptecnologico.com\/"},{"@type":"ListItem","position":2,"name":"Blog"}]},{"@type":"WebSite","@id":"https:\/\/camptecnologico.com\/inicio\/#website","url":"https:\/\/camptecnologico.com\/inicio\/","name":"Camp Tecnologico","description":"Campamento tecnol\u00f3gico para ni\u00f1os y j\u00f3venes. Tecnolog\u00eda para ni\u00f1os. Minecraft.","publisher":{"@id":"https:\/\/camptecnologico.com\/inicio\/#organization"},"potentialAction":[{"@type":"SearchAction","target":{"@type":"EntryPoint","urlTemplate":"https:\/\/camptecnologico.com\/inicio\/?s={search_term_string}"},"query-input":"required name=search_term_string"}],"inLanguage":"es"},{"@type":"Organization","@id":"https:\/\/camptecnologico.com\/inicio\/#organization","name":"Camp Tecnol\u00f3gico","url":"https:\/\/camptecnologico.com\/inicio\/","logo":{"@type":"ImageObject","inLanguage":"es","@id":"https:\/\/camptecnologico.com\/inicio\/#\/schema\/logo\/image\/","url":"https:\/\/camptecnologico.com\/inicio\/wp-content\/uploads\/logo1.jpg","contentUrl":"https:\/\/camptecnologico.com\/inicio\/wp-content\/uploads\/logo1.jpg","width":120,"height":120,"caption":"Camp Tecnol\u00f3gico"},"image":{"@id":"https:\/\/camptecnologico.com\/inicio\/#\/schema\/logo\/image\/"},"sameAs":["https:\/\/www.facebook.com\/camptecnologico\/","https:\/\/x.com\/CampTecnologico","https:\/\/www.instagram.com\/camptecnologico\/","https:\/\/www.linkedin.com\/company\/camptecnol-gico","https:\/\/www.youtube.com\/user\/CampTecologico"]}]}},"_links":{"self":[{"href":"https:\/\/camptecnologico.com\/inicio\/wp-json\/wp\/v2\/pages\/34167","targetHints":{"allow":["GET"]}}],"collection":[{"href":"https:\/\/camptecnologico.com\/inicio\/wp-json\/wp\/v2\/pages"}],"about":[{"href":"https:\/\/camptecnologico.com\/inicio\/wp-json\/wp\/v2\/types\/page"}],"author":[{"embeddable":true,"href":"https:\/\/camptecnologico.com\/inicio\/wp-json\/wp\/v2\/users\/57"}],"replies":[{"embeddable":true,"href":"https:\/\/camptecnologico.com\/inicio\/wp-json\/wp\/v2\/comments?post=34167"}],"version-history":[{"count":8,"href":"https:\/\/camptecnologico.com\/inicio\/wp-json\/wp\/v2\/pages\/34167\/revisions"}],"predecessor-version":[{"id":34461,"href":"https:\/\/camptecnologico.com\/inicio\/wp-json\/wp\/v2\/pages\/34167\/revisions\/34461"}],"wp:featuredmedia":[{"embeddable":true,"href":"https:\/\/camptecnologico.com\/inicio\/wp-json\/wp\/v2\/media\/49704"}],"wp:attachment":[{"href":"https:\/\/camptecnologico.com\/inicio\/wp-json\/wp\/v2\/media?parent=34167"}],"curies":[{"name":"wp","href":"https:\/\/api.w.org\/{rel}","templated":true}]}}