




{"id":33618,"date":"2018-06-06T13:38:31","date_gmt":"2018-06-06T12:38:31","guid":{"rendered":"https:\/\/camptecnologico.com\/inicio\/?page_id=33618"},"modified":"2021-01-07T12:21:51","modified_gmt":"2021-01-07T11:21:51","slug":"extraescolares-barcelona","status":"publish","type":"page","link":"https:\/\/camptecnologico.com\/inicio\/extraescolares-barcelona\/","title":{"rendered":"Extraescolares en Barcelona &#8211; L\u2019Eixample (curso 2020-21)"},"content":{"rendered":"<script>\r\n    sessionStorage.campus=6120;\r\n<\/script>\r\n\r\n<div class=\"row\">\r\n    <div class=\"sixcol column\" style=\"margin: 0px 0px 20px 0px\">\r\n     <img loading=\"lazy\" decoding=\"async\" src=\"https:\/\/camptecnologico.com\/inicio\/wp-content\/uploads\/Extraescolaresbarcelona.png\" alt=\"\" width=\"668\" height=\"576\" class=\"alignnone size-full wp-image-48706\" srcset=\"https:\/\/camptecnologico.com\/inicio\/wp-content\/uploads\/Extraescolaresbarcelona.png 668w, https:\/\/camptecnologico.com\/inicio\/wp-content\/uploads\/Extraescolaresbarcelona-267x230.png 267w\" sizes=\"auto, (max-width: 668px) 100vw, 668px\" \/>  \r\n    <\/div>\r\n<div style=\"margin-bottom: 50px;\">\r\n        <center>\r\n            <em style=\"font-size: 2.0em; color:#0000FF;\"> Clases suspendidas debido a la situaci\u00f3n actual por el COVID-19<\/em>\r\n          \r\n        <\/center>\r\n    <\/div>\r\n    <div class=\"sixcol column last\" style=\"margin: 0px 0px 20px 0px\">\r\n        <h2>Extraescolares Presenciales en Barcelona (curso 2020-21)<\/h2>\r\n\r\n        <p style=\"font-size: 1.3em; \">Trabajamos para despertar vocaciones y el inter\u00e9s por la ciencia y nuevas tecnolog\u00edas.<\/p>\r\n\r\n        <div style=\"margin: 10px 0px 10px 20px;\">\r\n            <ul style=\"font-size: 1.1em;\">\r\n                <li><strong>Tem\u00e1tica<\/strong>: electr\u00f3nica y programaci\u00f3n<\/li>\r\n                <li><strong>Modalidad<\/strong>: presencial<\/li>\r\n                <li><strong>Fechas<\/strong>: de octubre 2020 a junio 2021<\/li>\r\n                <li><strong>Duraci\u00f3n<\/strong>: 1\u00bd h\/semana<\/li>\r\n                <li><strong>D\u00edas<\/strong>: lunes | martes | mi\u00e9rcoles | jueves<\/li>\r\n                <li><strong>Horarios<\/strong>: 18:00-19:30<\/li>\r\n            <\/ul>\r\n        <\/div>\r\n    <\/div>\r\n    <div class=\"clear\"><\/div>\r\n<!--\r\n    <div style=\"margin-bottom: 50px;\">\r\n        <center>\r\n            <em style=\"font-size: 3.0em; color:#0000FF;\">\u00a1\u00a1\u00a1ATENCI\u00d3N!!! Cambio fecha de inicio.<\/em>\r\n            <p style=\"font-size: 1.5em; text-align: center;\">Las <strong>EXTRAESCOLARES DE ROB\u00d3TICA\/PROGRAMACI\u00d3N<\/strong> empiezan en la semana del <strong>19 de octubre<\/strong>.<\/p>\r\n        <\/center>\r\n    <\/div>\r\n-->\r\n    [wpv-view name=\u00bbext-bcn-bloque-vertical\u00bb]\r\n\r\n    <p>\r\n        <center style=\"margin-top:20px\">\r\n            Los grupos se formar\u00e1n por edades y conocimientos. \u00a1S\u00f3lo tienes que elegir el d\u00eda de la semana y la hora!\r\n            <br \/><br \/>\r\n<!--\r\n             <a class=\"button large primary\" href=\"https:\/\/camptecnologico.com\/inicio\/inscripcion-clubs\/\" target=\"_blank\" rel=\"noopener noreferrer\" title=\"Incripci\u00f3n Extraescolares Barcelona\">\r\n                    <i class=\"fa fa-paper-plane\" aria-hidden=\"true\"><\/i> Inscripci\u00f3n Extraescolares<\/a>&nbsp;<br \/>\r\n-->\r\n        <\/center>\r\n    <\/p>\r\n\r\n    <h3 class=\"tituloSeccion\">Informaci\u00f3n General<\/h3>\r\n    <div id=\"descripcion\">\r\n       <div style=\"text-align: left;\">\r\n           <h3><i class=\"fa fa-map-marker\"><\/i> D\u00f3nde<\/h3>\r\n           <p>Las extraescolares se realizan en <spam style=\"font-weight: bold; font-size: 1.4em;\">Learnlife Barcelona<\/spam> (Carrer d&#8217;Enric Granados, 7, 08007 Barcelona)&nbsp;\r\n           <a href=\"https:\/\/www.google.es\/maps\/place\/Barcelona+Learning+Innovation+Center\/@41.3880642,2.1601022,15.75z\/data=!4m8!1m2!2m1!1sBarcelona+Learning+Innovation+Center++!3m4!1s0x12a4a28cf6c7d2fd:0xcc61ec09a5afcec0!8m2!3d41.387609!4d2.1624826?hl=es&#038;authuser=0\" target=\"_blanc\" rel=\"nofollow noopener noreferrer\"><i class=\"fa fa-map-marker fa-2x\" aria-hidden=\"true\" \r\n                    style=\"color:#00ffff\"><\/i><\/a><\/p>\r\n            <p><br \/><\/p>  \r\n        <\/div>\r\n\r\n        <div class=\"fourcol column\" style=\"text-align: left;\">\r\n            <h3><i class=\"fa fa-calendar\"><\/i> Fechas<\/h3>\r\n            <p style=\"text-align: justify;\">A partir del <strong>19 de octubre<\/strong> hasta el <strong>17 de junio<\/strong>.<\/p>\r\n            <p>28 sesiones de :<br \/>\r\n               <span style=\"font-size: 1.2em;\"><strong>1\u00bd hora\/semana<\/strong><\/span> distribuidas de Octubre a Junio.<\/p>\r\n\r\n            <h3 style=\"margin-top: 20px\"><i class=\"fa fa-clock-o\" aria-hidden=\"true\"><\/i> Horario<\/h3>\r\n            <p style=\"font-size: 1.5em;color:#0000FF;\">Lunes a Jueves, de 18:00h a 19:30h<\/p>\r\n            <ul>\r\n                <li>Lunes y Mi\u00e9rcoles: Minecraft y Unity<\/li>\r\n                <li>Martes y Jueves: Rob\u00f3tica y Arduino<\/li>\r\n            <\/ul>\r\n        <\/div>\r\n\r\n        <div class=\"fourcol column\" style=\"text-align: left;\">\r\n            <h3><i class=\"fa fa-money\" aria-hidden=\"true\"><\/i> Precio<\/h3>\r\n            <p>Descuento Campa\u00f1a 10\u00ba aniversario<\/p>\r\n            <ul>\r\n                <li>Extraescolar: <span class=\"tachaprecio\">87\u20ac\/mes<\/span> <span style=\"font-size: 1.5em;\"> <strong>70\u20ac\/mes<\/strong><\/span><\/li>\r\n                <li>Matr\u00edcula de inscripci\u00f3n: <span style=\"font-size: 1.5em;\"> <strong>30\u20ac<\/strong><\/span><\/li>\r\n            <\/ul>\r\n            <em>(La cuota del mes de octubre ser\u00e1 de <strong>35\u20ac<\/strong>)<\/em>\r\n\r\n            <p style=\"font-size: 1.5em;color:#0000FF;\">Pago fraccionado sin recargo.<br \/>Cuota fija durante todo el curso.<\/p>\r\n\r\n            <h3 style=\"margin-top: 20px\"><i class=\"fa fa-university\" aria-hidden=\"true\"><\/i> Forma de pago<\/h3>\r\n            <p>Se har\u00e1 Domiciliaci\u00f3n bancaria (d\u00eda 10 de cada mes).<\/p>\r\n            <ul>\r\n                <li>1\u00ba trimestre curso 2020-21,<br \/>&nbsp;&nbsp;&nbsp;&nbsp;&nbsp;<strong>3 recibos de Octubre a Diciembre<\/strong><\/li>\r\n                <li>2\u00ba y 3\u00ba trimestre curso 2020-21,<br \/>&nbsp;&nbsp;&nbsp;&nbsp;&nbsp;<strong>6 recibos de Enero a Junio<\/strong><\/li>\r\n            <\/ul>\r\n        <\/div>\r\n        <div class=\"fourcol column last\" style=\"text-align: left;\">\r\n            <h3><i class=\"fa fa-money\" aria-hidden=\"true\"><\/i> Descuentos<\/h3>\r\n            <em style=\"font-size: 1.4em; color:#0000FF;\">S\u00f3lo se puede disfrutar de uno de ellos:<\/em>\r\n            <ul>\r\n                <li>Antiguos alumnos: <strong>-5%<\/strong><\/li>\r\n                <li>Familia numerosa o monoparental: <strong>-5%<\/strong><\/li>\r\n            <\/ul>\r\n            <p>Adem\u00e1s puede aplicar:<\/p>\r\n            <ul>\r\n                <li>Viene con un hermano y\/o amigo: <strong>-5%<\/strong><\/li>\r\n            <\/ul>\r\n        <\/div> \r\n        <div class=\"clear\"><\/div>\r\n\r\n        <div style=\"text-align:center; padding-top:20px\">                 \r\n             <h3>Calendario<\/h3>\r\n             <img decoding=\"async\" src=\"https:\/\/camptecnologico.com\/inicio\/wp-content\/uploads\/Calendario_extra_20-21_bcn.jpg\" alt=\"\" width=\"753\" \/>\r\n             <br \/><br \/>\r\n<!--\r\n             <a class=\"button large primary\" href=\"https:\/\/camptecnologico.com\/inicio\/inscripcion-clubs\/\" target=\"_blank\" rel=\"noopener noreferrer\" title=\"Incripci\u00f3n Extraescolares Barcelona\">\r\n                    <i class=\"fa fa-paper-plane\" aria-hidden=\"true\"><\/i> Inscripci\u00f3n Extraescolares<\/a>\r\n-->\r\n        <\/div>\r\n        <div class=\"clear\"><\/div>\r\n    <\/div>\r\n<\/div>\r\n\r\n[wpv-view name=\u00bbext-bcn-franja-horizontal\u00bb]\r\n\r\n<div class=\"row\">\r\n<hr \/>\r\n\r\n    <p>\r\n        <spam style=\"color:#CC0000;font-weight: bold; font-size: 2.0em;\">AVISO:<\/spam> \r\n        <spam style=\"font-size: 1.7em;\">La realizaci\u00f3n de las extraescolares esta sujeta a alcanzar un grupo m\u00ednimo de asistentes. \r\n              En caso de no ser factible, desde la organizaci\u00f3n les ofreceremos las alternativas existentes.<\/spam>\r\n    <\/p>\r\n<\/div>","protected":false},"excerpt":{"rendered":"Clases suspendidas debido a la situaci\u00f3n actual por el COVID-19 Extraescolares Presenciales en Barcelona (curso 2020-21) Trabajamos para despertar vocaciones y el inter\u00e9s por la ciencia y nuevas tecnolog\u00edas. Tem\u00e1tica: electr\u00f3nica y programaci\u00f3n Modalidad: presencial Fechas: de octubre 2020 a junio 2021 Duraci\u00f3n: 1\u00bd h\/semana D\u00edas: lunes | martes | mi\u00e9rcoles | jueves Horarios: 18:00-19:30 [&hellip;]","protected":false},"author":21,"featured_media":22337,"parent":0,"menu_order":0,"comment_status":"closed","ping_status":"closed","template":"","meta":{"footnotes":"","_links_to":"","_links_to_target":""},"class_list":["post-33618","page","type-page","status-publish","has-post-thumbnail","hentry"],"yoast_head":"<!-- This site is optimized with the Yoast SEO plugin v22.6 - https:\/\/yoast.com\/wordpress\/plugins\/seo\/ -->\n<title>Extraescolares en Barcelona - L\u2019Eixample (curso 2020-21)<\/title>\n<meta name=\"description\" content=\"Talleres Tecnol\u00f3gicos para ni\u00f1os, ni\u00f1as y j\u00f3venes de lunes a jueves en Barcelona. Talleres de Rob\u00f3tica, programaci\u00f3n y videojuegos a partir de 7 a\u00f1os\" \/>\n<meta name=\"robots\" content=\"noindex, follow, max-snippet:-1, max-image-preview:large, max-video-preview:-1\" \/>\n<meta property=\"og:locale\" content=\"es_ES\" \/>\n<meta property=\"og:type\" content=\"article\" \/>\n<meta property=\"og:title\" content=\"Extraescolares en Barcelona - L\u2019Eixample (curso 2020-21)\" \/>\n<meta property=\"og:description\" content=\"Talleres Tecnol\u00f3gicos para ni\u00f1os, ni\u00f1as y j\u00f3venes de lunes a jueves en Barcelona. Talleres de Rob\u00f3tica, programaci\u00f3n y videojuegos a partir de 7 a\u00f1os\" \/>\n<meta property=\"og:url\" content=\"https:\/\/camptecnologico.com\/inicio\/extraescolares-barcelona\/\" \/>\n<meta property=\"og:site_name\" content=\"Camp Tecnologico\" \/>\n<meta property=\"article:publisher\" content=\"https:\/\/www.facebook.com\/camptecnologico\/\" \/>\n<meta property=\"article:modified_time\" content=\"2021-01-07T11:21:51+00:00\" \/>\n<meta property=\"og:image\" content=\"https:\/\/camptecnologico.com\/inicio\/wp-content\/uploads\/2016\/08\/extraescolares-robotica-tecnologia.jpg\" \/>\n\t<meta property=\"og:image:width\" content=\"733\" \/>\n\t<meta property=\"og:image:height\" content=\"382\" \/>\n\t<meta property=\"og:image:type\" content=\"image\/jpeg\" \/>\n<meta name=\"twitter:card\" content=\"summary_large_image\" \/>\n<meta name=\"twitter:site\" content=\"@CampTecnologico\" \/>\n<meta name=\"twitter:label1\" content=\"Tiempo de lectura\" \/>\n\t<meta name=\"twitter:data1\" content=\"1 minuto\" \/>\n<!-- \/ Yoast SEO plugin. -->","yoast_head_json":{"title":"Extraescolares en Barcelona - L\u2019Eixample (curso 2020-21)","description":"Talleres Tecnol\u00f3gicos para ni\u00f1os, ni\u00f1as y j\u00f3venes de lunes a jueves en Barcelona. Talleres de Rob\u00f3tica, programaci\u00f3n y videojuegos a partir de 7 a\u00f1os","robots":{"index":"noindex","follow":"follow","max-snippet":"max-snippet:-1","max-image-preview":"max-image-preview:large","max-video-preview":"max-video-preview:-1"},"og_locale":"es_ES","og_type":"article","og_title":"Extraescolares en Barcelona - L\u2019Eixample (curso 2020-21)","og_description":"Talleres Tecnol\u00f3gicos para ni\u00f1os, ni\u00f1as y j\u00f3venes de lunes a jueves en Barcelona. Talleres de Rob\u00f3tica, programaci\u00f3n y videojuegos a partir de 7 a\u00f1os","og_url":"https:\/\/camptecnologico.com\/inicio\/extraescolares-barcelona\/","og_site_name":"Camp Tecnologico","article_publisher":"https:\/\/www.facebook.com\/camptecnologico\/","article_modified_time":"2021-01-07T11:21:51+00:00","og_image":[{"width":733,"height":382,"url":"https:\/\/camptecnologico.com\/inicio\/wp-content\/uploads\/2016\/08\/extraescolares-robotica-tecnologia.jpg","type":"image\/jpeg"}],"twitter_card":"summary_large_image","twitter_site":"@CampTecnologico","twitter_misc":{"Tiempo de lectura":"1 minuto"},"schema":{"@context":"https:\/\/schema.org","@graph":[{"@type":"WebPage","@id":"https:\/\/camptecnologico.com\/inicio\/extraescolares-barcelona\/","url":"https:\/\/camptecnologico.com\/inicio\/extraescolares-barcelona\/","name":"Extraescolares en Barcelona - L\u2019Eixample (curso 2020-21)","isPartOf":{"@id":"https:\/\/camptecnologico.com\/inicio\/#website"},"primaryImageOfPage":{"@id":"https:\/\/camptecnologico.com\/inicio\/extraescolares-barcelona\/#primaryimage"},"image":{"@id":"https:\/\/camptecnologico.com\/inicio\/extraescolares-barcelona\/#primaryimage"},"thumbnailUrl":"https:\/\/camptecnologico.com\/inicio\/wp-content\/uploads\/2016\/08\/extraescolares-robotica-tecnologia.jpg","datePublished":"2018-06-06T12:38:31+00:00","dateModified":"2021-01-07T11:21:51+00:00","description":"Talleres Tecnol\u00f3gicos para ni\u00f1os, ni\u00f1as y j\u00f3venes de lunes a jueves en Barcelona. Talleres de Rob\u00f3tica, programaci\u00f3n y videojuegos a partir de 7 a\u00f1os","breadcrumb":{"@id":"https:\/\/camptecnologico.com\/inicio\/extraescolares-barcelona\/#breadcrumb"},"inLanguage":"es","potentialAction":[{"@type":"ReadAction","target":["https:\/\/camptecnologico.com\/inicio\/extraescolares-barcelona\/"]}]},{"@type":"ImageObject","inLanguage":"es","@id":"https:\/\/camptecnologico.com\/inicio\/extraescolares-barcelona\/#primaryimage","url":"https:\/\/camptecnologico.com\/inicio\/wp-content\/uploads\/2016\/08\/extraescolares-robotica-tecnologia.jpg","contentUrl":"https:\/\/camptecnologico.com\/inicio\/wp-content\/uploads\/2016\/08\/extraescolares-robotica-tecnologia.jpg","width":733,"height":382,"caption":"Extraescolares rob\u00f3tica, tecnolog\u00eda para ni\u00f1os, madrid"},{"@type":"BreadcrumbList","@id":"https:\/\/camptecnologico.com\/inicio\/extraescolares-barcelona\/#breadcrumb","itemListElement":[{"@type":"ListItem","position":1,"name":"Home","item":"https:\/\/camptecnologico.com\/"},{"@type":"ListItem","position":2,"name":"Extraescolares en Barcelona &#8211; L\u2019Eixample (curso 2020-21)"}]},{"@type":"WebSite","@id":"https:\/\/camptecnologico.com\/inicio\/#website","url":"https:\/\/camptecnologico.com\/inicio\/","name":"Camp Tecnologico","description":"Campamento tecnol\u00f3gico para ni\u00f1os y j\u00f3venes. Tecnolog\u00eda para ni\u00f1os. Minecraft.","publisher":{"@id":"https:\/\/camptecnologico.com\/inicio\/#organization"},"potentialAction":[{"@type":"SearchAction","target":{"@type":"EntryPoint","urlTemplate":"https:\/\/camptecnologico.com\/inicio\/?s={search_term_string}"},"query-input":"required name=search_term_string"}],"inLanguage":"es"},{"@type":"Organization","@id":"https:\/\/camptecnologico.com\/inicio\/#organization","name":"Camp Tecnol\u00f3gico","url":"https:\/\/camptecnologico.com\/inicio\/","logo":{"@type":"ImageObject","inLanguage":"es","@id":"https:\/\/camptecnologico.com\/inicio\/#\/schema\/logo\/image\/","url":"https:\/\/camptecnologico.com\/inicio\/wp-content\/uploads\/logo1.jpg","contentUrl":"https:\/\/camptecnologico.com\/inicio\/wp-content\/uploads\/logo1.jpg","width":120,"height":120,"caption":"Camp Tecnol\u00f3gico"},"image":{"@id":"https:\/\/camptecnologico.com\/inicio\/#\/schema\/logo\/image\/"},"sameAs":["https:\/\/www.facebook.com\/camptecnologico\/","https:\/\/x.com\/CampTecnologico","https:\/\/www.instagram.com\/camptecnologico\/","https:\/\/www.linkedin.com\/company\/camptecnol-gico","https:\/\/www.youtube.com\/user\/CampTecologico"]}]}},"_links":{"self":[{"href":"https:\/\/camptecnologico.com\/inicio\/wp-json\/wp\/v2\/pages\/33618","targetHints":{"allow":["GET"]}}],"collection":[{"href":"https:\/\/camptecnologico.com\/inicio\/wp-json\/wp\/v2\/pages"}],"about":[{"href":"https:\/\/camptecnologico.com\/inicio\/wp-json\/wp\/v2\/types\/page"}],"author":[{"embeddable":true,"href":"https:\/\/camptecnologico.com\/inicio\/wp-json\/wp\/v2\/users\/21"}],"replies":[{"embeddable":true,"href":"https:\/\/camptecnologico.com\/inicio\/wp-json\/wp\/v2\/comments?post=33618"}],"version-history":[{"count":64,"href":"https:\/\/camptecnologico.com\/inicio\/wp-json\/wp\/v2\/pages\/33618\/revisions"}],"predecessor-version":[{"id":49617,"href":"https:\/\/camptecnologico.com\/inicio\/wp-json\/wp\/v2\/pages\/33618\/revisions\/49617"}],"wp:featuredmedia":[{"embeddable":true,"href":"https:\/\/camptecnologico.com\/inicio\/wp-json\/wp\/v2\/media\/22337"}],"wp:attachment":[{"href":"https:\/\/camptecnologico.com\/inicio\/wp-json\/wp\/v2\/media?parent=33618"}],"curies":[{"name":"wp","href":"https:\/\/api.w.org\/{rel}","templated":true}]}}