




{"id":31485,"date":"2018-03-08T10:57:35","date_gmt":"2018-03-08T09:57:35","guid":{"rendered":"https:\/\/camptecnologico.com\/inicio\/?page_id=31485"},"modified":"2018-03-08T14:18:53","modified_gmt":"2018-03-08T13:18:53","slug":"supplier-dobot","status":"publish","type":"page","link":"https:\/\/camptecnologico.com\/inicio\/supplier-dobot\/","title":{"rendered":"Supplier: Dobot"},"content":{"rendered":"<div>\r\n<a href=\"https:\/\/www.dobot.cc\/\">\r\n<img loading=\"lazy\" decoding=\"async\" src=\"https:\/\/camptecnologico.com\/inicio\/wp-content\/uploads\/dobot-logo-70.jpg\" alt=\"\" width=\"70\" height=\"70\" class=\"alignleft size-full wp-image-30900\" \/> <a\/>\r\n<p> Dobot Magician, the most similar to an industrial robot that introduces you to the world Industry 4.0. It has 5 accessories that make it a laser cutter, a robotic arm, a 3D printer, &#8230; all in one element.<\/p>\r\n<\/div>\r\n<br \/><br \/>\r\n<div>\r\n<div class=\"embedded-video\"><iframe loading=\"lazy\" width=\"1140\" height=\"641\" src=\"https:\/\/www.youtube.com\/embed\/ggT4hz5tM_0?feature=oembed&#038;enablejsapi=1&#038;origin=https:\/\/camptecnologico.com\/inicio\" frameborder=\"0\" allow=\"autoplay; encrypted-media\" allowfullscreen><\/iframe><\/div>\r\n<\/div>\r\n\r\n\r\n\t\t\t\t\t\r\n<div id=\"info\">\r\n\r\n    <div class=\"fourcol column\">\r\n        <h4>Purchase<\/h4>\r\n        <p>\r\nAvailable in stock<\/p>\r\n   <p><center>\r\n         <\/center><\/p>DOBOT Magician \uff08Advanced Educational Plan)<\/p> \r\n<p><a href=\"https:\/\/camptecnologico.com\/inicio\/wp-content\/uploads\/Dobot-catalogo.pdf\"><img decoding=\"async\" width=\"100\" src=\"https:\/\/camptecnologico.com\/inicio\/wp-content\/uploads\/2015\/03\/PDF-Small.jpg\" \/><\/a>\r\n<p>  \r\n    <\/div>\r\n\r\n    <div class=\"fourcol column\">\r\n        <h4>Description<\/h4>\r\n        <p>\r\nDobot is an all-in-one robotic arm for education. It comes with different kits (heads) that can be changed according to the needs: clamp, sujetabolis, 3D printing, vacuum pump, laser engraver, other heads printed in 3D &#8230; It also comes with other kits such as track rail, conveyor belt; and the image treatment for object recognition.\r\n\r\nTo control the Dobot you can use the PC, mobile, gestures, voice, programming &#8230; It comes with a software which can integrate new features to those already included: it is programmed by Blocky or Phyton.\r\n<\/p>\r\n\r\n    <\/div>\r\n\r\n    <div class=\"fourcol column last\">\r\n        <h4>Data sheet<\/h4>\r\n        <p>\r\n<ul>\r\n<li>Package Content: Dobot Magician <\/li>\r\n<li>Vacuum pump Kit <\/li>\r\n<li>Gripper <\/li> \r\n<li>Writing and Drawing Kit <\/li>\r\n<li>3D Printing Kit<\/li> \r\n<li>Bluetooth Module<\/li>\r\n<li>Wifi Module <\/li>\r\n<li>Laser Engraving Kit <\/li>\r\n<li>Joystick Control Kit <\/li>\r\n\r\n        <\/ul>\r\n<\/p>\r\n    <\/div>\r\n\r\n    <div class=\"clear\">\r\n<\/div>\r\n<\/div>","protected":false},"excerpt":{"rendered":"Dobot Magician, the most similar to an industrial robot that introduces you to the world Industry 4.0. It has 5 accessories that make it a laser cutter, a robotic arm, a 3D printer, &#8230; all in one element. Purchase Available in stock DOBOT Magician \uff08Advanced Educational Plan) Description Dobot is an all-in-one robotic arm for [&hellip;]","protected":false},"author":55,"featured_media":49704,"parent":0,"menu_order":0,"comment_status":"closed","ping_status":"closed","template":"template-right.php","meta":{"footnotes":"","_links_to":"","_links_to_target":""},"class_list":["post-31485","page","type-page","status-publish","has-post-thumbnail","hentry"],"yoast_head":"<!-- This site is optimized with the Yoast SEO plugin v22.6 - https:\/\/yoast.com\/wordpress\/plugins\/seo\/ -->\n<title>Supplier: Dobot | Camp Tecnologico<\/title>\n<meta name=\"description\" content=\"Dobot Magician, the most similar to an industrial robot that introduces you to the world Industry 4.0. It has 5 accessories that make it a laser cutter, a\" \/>\n<meta name=\"robots\" content=\"noindex, nofollow, max-snippet:-1, max-image-preview:large, max-video-preview:-1\" \/>\n<meta property=\"og:locale\" content=\"es_ES\" \/>\n<meta property=\"og:type\" content=\"article\" \/>\n<meta property=\"og:title\" content=\"Supplier: Dobot | Camp Tecnologico\" \/>\n<meta property=\"og:description\" content=\"Dobot Magician, the most similar to an industrial robot that introduces you to the world Industry 4.0. It has 5 accessories that make it a laser cutter, a\" \/>\n<meta property=\"og:url\" content=\"https:\/\/camptecnologico.com\/inicio\/supplier-dobot\/\" \/>\n<meta property=\"og:site_name\" content=\"Camp Tecnologico\" \/>\n<meta property=\"article:publisher\" content=\"https:\/\/www.facebook.com\/camptecnologico\/\" \/>\n<meta property=\"article:modified_time\" content=\"2018-03-08T13:18:53+00:00\" \/>\n<meta property=\"og:image\" content=\"https:\/\/camptecnologico.com\/inicio\/wp-content\/uploads\/industry-4.0camptec-1.jpg\" \/>\n\t<meta property=\"og:image:width\" content=\"400\" \/>\n\t<meta property=\"og:image:height\" content=\"235\" \/>\n\t<meta property=\"og:image:type\" content=\"image\/jpeg\" \/>\n<meta name=\"twitter:card\" content=\"summary_large_image\" \/>\n<meta name=\"twitter:site\" content=\"@CampTecnologico\" \/>\n<meta name=\"twitter:label1\" content=\"Tiempo de lectura\" \/>\n\t<meta name=\"twitter:data1\" content=\"1 minuto\" \/>\n<!-- \/ Yoast SEO plugin. -->","yoast_head_json":{"title":"Supplier: Dobot | Camp Tecnologico","description":"Dobot Magician, the most similar to an industrial robot that introduces you to the world Industry 4.0. It has 5 accessories that make it a laser cutter, a","robots":{"index":"noindex","follow":"nofollow","max-snippet":"max-snippet:-1","max-image-preview":"max-image-preview:large","max-video-preview":"max-video-preview:-1"},"og_locale":"es_ES","og_type":"article","og_title":"Supplier: Dobot | Camp Tecnologico","og_description":"Dobot Magician, the most similar to an industrial robot that introduces you to the world Industry 4.0. It has 5 accessories that make it a laser cutter, a","og_url":"https:\/\/camptecnologico.com\/inicio\/supplier-dobot\/","og_site_name":"Camp Tecnologico","article_publisher":"https:\/\/www.facebook.com\/camptecnologico\/","article_modified_time":"2018-03-08T13:18:53+00:00","og_image":[{"width":400,"height":235,"url":"https:\/\/camptecnologico.com\/inicio\/wp-content\/uploads\/industry-4.0camptec-1.jpg","type":"image\/jpeg"}],"twitter_card":"summary_large_image","twitter_site":"@CampTecnologico","twitter_misc":{"Tiempo de lectura":"1 minuto"},"schema":{"@context":"https:\/\/schema.org","@graph":[{"@type":"WebPage","@id":"https:\/\/camptecnologico.com\/inicio\/supplier-dobot\/","url":"https:\/\/camptecnologico.com\/inicio\/supplier-dobot\/","name":"Supplier: Dobot | Camp Tecnologico","isPartOf":{"@id":"https:\/\/camptecnologico.com\/inicio\/#website"},"primaryImageOfPage":{"@id":"https:\/\/camptecnologico.com\/inicio\/supplier-dobot\/#primaryimage"},"image":{"@id":"https:\/\/camptecnologico.com\/inicio\/supplier-dobot\/#primaryimage"},"thumbnailUrl":"https:\/\/camptecnologico.com\/inicio\/wp-content\/uploads\/industry-4.0camptec-1.jpg","datePublished":"2018-03-08T09:57:35+00:00","dateModified":"2018-03-08T13:18:53+00:00","description":"Dobot Magician, the most similar to an industrial robot that introduces you to the world Industry 4.0. It has 5 accessories that make it a laser cutter, a","breadcrumb":{"@id":"https:\/\/camptecnologico.com\/inicio\/supplier-dobot\/#breadcrumb"},"inLanguage":"es","potentialAction":[{"@type":"ReadAction","target":["https:\/\/camptecnologico.com\/inicio\/supplier-dobot\/"]}]},{"@type":"ImageObject","inLanguage":"es","@id":"https:\/\/camptecnologico.com\/inicio\/supplier-dobot\/#primaryimage","url":"https:\/\/camptecnologico.com\/inicio\/wp-content\/uploads\/industry-4.0camptec-1.jpg","contentUrl":"https:\/\/camptecnologico.com\/inicio\/wp-content\/uploads\/industry-4.0camptec-1.jpg","width":400,"height":235},{"@type":"BreadcrumbList","@id":"https:\/\/camptecnologico.com\/inicio\/supplier-dobot\/#breadcrumb","itemListElement":[{"@type":"ListItem","position":1,"name":"Home","item":"https:\/\/camptecnologico.com\/"},{"@type":"ListItem","position":2,"name":"Supplier: Dobot"}]},{"@type":"WebSite","@id":"https:\/\/camptecnologico.com\/inicio\/#website","url":"https:\/\/camptecnologico.com\/inicio\/","name":"Camp Tecnologico","description":"Campamento tecnol\u00f3gico para ni\u00f1os y j\u00f3venes. Tecnolog\u00eda para ni\u00f1os. Minecraft.","publisher":{"@id":"https:\/\/camptecnologico.com\/inicio\/#organization"},"potentialAction":[{"@type":"SearchAction","target":{"@type":"EntryPoint","urlTemplate":"https:\/\/camptecnologico.com\/inicio\/?s={search_term_string}"},"query-input":"required name=search_term_string"}],"inLanguage":"es"},{"@type":"Organization","@id":"https:\/\/camptecnologico.com\/inicio\/#organization","name":"Camp Tecnol\u00f3gico","url":"https:\/\/camptecnologico.com\/inicio\/","logo":{"@type":"ImageObject","inLanguage":"es","@id":"https:\/\/camptecnologico.com\/inicio\/#\/schema\/logo\/image\/","url":"https:\/\/camptecnologico.com\/inicio\/wp-content\/uploads\/logo1.jpg","contentUrl":"https:\/\/camptecnologico.com\/inicio\/wp-content\/uploads\/logo1.jpg","width":120,"height":120,"caption":"Camp Tecnol\u00f3gico"},"image":{"@id":"https:\/\/camptecnologico.com\/inicio\/#\/schema\/logo\/image\/"},"sameAs":["https:\/\/www.facebook.com\/camptecnologico\/","https:\/\/x.com\/CampTecnologico","https:\/\/www.instagram.com\/camptecnologico\/","https:\/\/www.linkedin.com\/company\/camptecnol-gico","https:\/\/www.youtube.com\/user\/CampTecologico"]}]}},"_links":{"self":[{"href":"https:\/\/camptecnologico.com\/inicio\/wp-json\/wp\/v2\/pages\/31485","targetHints":{"allow":["GET"]}}],"collection":[{"href":"https:\/\/camptecnologico.com\/inicio\/wp-json\/wp\/v2\/pages"}],"about":[{"href":"https:\/\/camptecnologico.com\/inicio\/wp-json\/wp\/v2\/types\/page"}],"author":[{"embeddable":true,"href":"https:\/\/camptecnologico.com\/inicio\/wp-json\/wp\/v2\/users\/55"}],"replies":[{"embeddable":true,"href":"https:\/\/camptecnologico.com\/inicio\/wp-json\/wp\/v2\/comments?post=31485"}],"version-history":[{"count":6,"href":"https:\/\/camptecnologico.com\/inicio\/wp-json\/wp\/v2\/pages\/31485\/revisions"}],"predecessor-version":[{"id":31580,"href":"https:\/\/camptecnologico.com\/inicio\/wp-json\/wp\/v2\/pages\/31485\/revisions\/31580"}],"wp:featuredmedia":[{"embeddable":true,"href":"https:\/\/camptecnologico.com\/inicio\/wp-json\/wp\/v2\/media\/49704"}],"wp:attachment":[{"href":"https:\/\/camptecnologico.com\/inicio\/wp-json\/wp\/v2\/media?parent=31485"}],"curies":[{"name":"wp","href":"https:\/\/api.w.org\/{rel}","templated":true}]}}