




{"id":31470,"date":"2018-03-08T13:28:27","date_gmt":"2018-03-08T12:28:27","guid":{"rendered":"https:\/\/camptecnologico.com\/inicio\/?page_id=31470"},"modified":"2018-03-08T13:28:49","modified_gmt":"2018-03-08T12:28:49","slug":"supplier-robotical","status":"publish","type":"page","link":"https:\/\/camptecnologico.com\/inicio\/supplier-robotical\/","title":{"rendered":"Supplier: Robotical"},"content":{"rendered":"<div>\r\n<a href=\"https:\/\/robotical.io\/shop\/\">\r\n<img loading=\"lazy\" decoding=\"async\" src=\"https:\/\/camptecnologico.com\/inicio\/wp-content\/uploads\/robotical-logo-70.png\" alt=\"\" width=\"70\" height=\"70\" class=\"alignleft size-full wp-image-30900\" \/> <a\/>\r\n<p>Marty is a fully programmable mini robot. It connects with Wi-Fi and is compatible with Raspberry Pi. Designed for you to learn programming, electronics and mechanical engineering.\r\n <\/p>\r\n<\/div>\r\n\r\n<br \/><br \/>\r\n<div>\r\n<div class=\"embedded-video\"><iframe loading=\"lazy\" width=\"1140\" height=\"641\" src=\"https:\/\/www.youtube.com\/embed\/-w2JIjG_cXg?feature=oembed&#038;enablejsapi=1&#038;origin=https:\/\/camptecnologico.com\/inicio\" frameborder=\"0\" allow=\"autoplay; encrypted-media\" allowfullscreen><\/iframe><\/div>\r\n<\/div>\r\n\r\n\r\n\t\t\t\t\t\r\n<div id=\"info\">\r\n\r\n    <div class=\"fourcol column\">\r\n        <h4>Purchase<\/h4>\r\n        <p>Available in stock<\/p>\r\n        <h4>Product<\/h4>\r\n   <p><center>\r\n         <\/center><\/p>Marty<\/p>   \r\n    <\/div>\r\n\r\n    <div class=\"fourcol column\">\r\n        <h4>Description<\/h4>\r\n        <p> Marty is a fully programmable mini robot. It connects with Wi-Fi and is compatible with Raspberry Pi. Designed for you to learn programming, electronics and mechanical engineering. It is designed to be customizable with 3D printed parts and is also fully upgradeable.\r\nThis robot can be used like any other toy, but also offers the possibility of teaching engineering and programming skills. \r\n\r\n<\/p>\r\n    <\/div>\r\n\r\n    <div class=\"fourcol column last\">\r\n        <h4>Data sheet<\/h4>\r\n        <p>\r\n<ul>\r\n<li>Package Content: Marty<\/li>\r\n<li>Wifi<\/li>\r\n<li>Compatible Rasberry Pi<\/li> \r\n<li>Customizable<\/li>\r\n\r\n\r\n        <\/ul>\r\n<\/p>\r\n    <\/div>\r\n\r\n    <div class=\"clear\">\r\n<\/div>\r\n<\/div>","protected":false},"excerpt":{"rendered":"Marty is a fully programmable mini robot. It connects with Wi-Fi and is compatible with Raspberry Pi. Designed for you to learn programming, electronics and mechanical engineering. Purchase Available in stock Product Marty Description Marty is a fully programmable mini robot. It connects with Wi-Fi and is compatible with Raspberry Pi. Designed for you to [&hellip;]","protected":false},"author":55,"featured_media":49704,"parent":0,"menu_order":0,"comment_status":"closed","ping_status":"closed","template":"template-right.php","meta":{"footnotes":"","_links_to":"","_links_to_target":""},"class_list":["post-31470","page","type-page","status-publish","has-post-thumbnail","hentry"],"yoast_head":"<!-- This site is optimized with the Yoast SEO plugin v22.6 - https:\/\/yoast.com\/wordpress\/plugins\/seo\/ -->\n<title>Supplier: Robotical | Camp Tecnologico<\/title>\n<meta name=\"description\" content=\"Marty is a fully programmable mini robot. It connects with Wi-Fi and is compatible with Raspberry Pi. Designed for you to learn programming, electronics\" \/>\n<meta name=\"robots\" content=\"noindex, nofollow, max-snippet:-1, max-image-preview:large, max-video-preview:-1\" \/>\n<meta property=\"og:locale\" content=\"es_ES\" \/>\n<meta property=\"og:type\" content=\"article\" \/>\n<meta property=\"og:title\" content=\"Supplier: Robotical | Camp Tecnologico\" \/>\n<meta property=\"og:description\" content=\"Marty is a fully programmable mini robot. It connects with Wi-Fi and is compatible with Raspberry Pi. Designed for you to learn programming, electronics\" \/>\n<meta property=\"og:url\" content=\"https:\/\/camptecnologico.com\/inicio\/supplier-robotical\/\" \/>\n<meta property=\"og:site_name\" content=\"Camp Tecnologico\" \/>\n<meta property=\"article:publisher\" content=\"https:\/\/www.facebook.com\/camptecnologico\/\" \/>\n<meta property=\"article:modified_time\" content=\"2018-03-08T12:28:49+00:00\" \/>\n<meta property=\"og:image\" content=\"https:\/\/camptecnologico.com\/inicio\/wp-content\/uploads\/industry-4.0camptec-1.jpg\" \/>\n\t<meta property=\"og:image:width\" content=\"400\" \/>\n\t<meta property=\"og:image:height\" content=\"235\" \/>\n\t<meta property=\"og:image:type\" content=\"image\/jpeg\" \/>\n<meta name=\"twitter:card\" content=\"summary_large_image\" \/>\n<meta name=\"twitter:site\" content=\"@CampTecnologico\" \/>\n<meta name=\"twitter:label1\" content=\"Tiempo de lectura\" \/>\n\t<meta name=\"twitter:data1\" content=\"1 minuto\" \/>\n<!-- \/ Yoast SEO plugin. -->","yoast_head_json":{"title":"Supplier: Robotical | Camp Tecnologico","description":"Marty is a fully programmable mini robot. It connects with Wi-Fi and is compatible with Raspberry Pi. Designed for you to learn programming, electronics","robots":{"index":"noindex","follow":"nofollow","max-snippet":"max-snippet:-1","max-image-preview":"max-image-preview:large","max-video-preview":"max-video-preview:-1"},"og_locale":"es_ES","og_type":"article","og_title":"Supplier: Robotical | Camp Tecnologico","og_description":"Marty is a fully programmable mini robot. It connects with Wi-Fi and is compatible with Raspberry Pi. Designed for you to learn programming, electronics","og_url":"https:\/\/camptecnologico.com\/inicio\/supplier-robotical\/","og_site_name":"Camp Tecnologico","article_publisher":"https:\/\/www.facebook.com\/camptecnologico\/","article_modified_time":"2018-03-08T12:28:49+00:00","og_image":[{"width":400,"height":235,"url":"https:\/\/camptecnologico.com\/inicio\/wp-content\/uploads\/industry-4.0camptec-1.jpg","type":"image\/jpeg"}],"twitter_card":"summary_large_image","twitter_site":"@CampTecnologico","twitter_misc":{"Tiempo de lectura":"1 minuto"},"schema":{"@context":"https:\/\/schema.org","@graph":[{"@type":"WebPage","@id":"https:\/\/camptecnologico.com\/inicio\/supplier-robotical\/","url":"https:\/\/camptecnologico.com\/inicio\/supplier-robotical\/","name":"Supplier: Robotical | Camp Tecnologico","isPartOf":{"@id":"https:\/\/camptecnologico.com\/inicio\/#website"},"primaryImageOfPage":{"@id":"https:\/\/camptecnologico.com\/inicio\/supplier-robotical\/#primaryimage"},"image":{"@id":"https:\/\/camptecnologico.com\/inicio\/supplier-robotical\/#primaryimage"},"thumbnailUrl":"https:\/\/camptecnologico.com\/inicio\/wp-content\/uploads\/industry-4.0camptec-1.jpg","datePublished":"2018-03-08T12:28:27+00:00","dateModified":"2018-03-08T12:28:49+00:00","description":"Marty is a fully programmable mini robot. It connects with Wi-Fi and is compatible with Raspberry Pi. Designed for you to learn programming, electronics","breadcrumb":{"@id":"https:\/\/camptecnologico.com\/inicio\/supplier-robotical\/#breadcrumb"},"inLanguage":"es","potentialAction":[{"@type":"ReadAction","target":["https:\/\/camptecnologico.com\/inicio\/supplier-robotical\/"]}]},{"@type":"ImageObject","inLanguage":"es","@id":"https:\/\/camptecnologico.com\/inicio\/supplier-robotical\/#primaryimage","url":"https:\/\/camptecnologico.com\/inicio\/wp-content\/uploads\/industry-4.0camptec-1.jpg","contentUrl":"https:\/\/camptecnologico.com\/inicio\/wp-content\/uploads\/industry-4.0camptec-1.jpg","width":400,"height":235},{"@type":"BreadcrumbList","@id":"https:\/\/camptecnologico.com\/inicio\/supplier-robotical\/#breadcrumb","itemListElement":[{"@type":"ListItem","position":1,"name":"Home","item":"https:\/\/camptecnologico.com\/"},{"@type":"ListItem","position":2,"name":"Supplier: Robotical"}]},{"@type":"WebSite","@id":"https:\/\/camptecnologico.com\/inicio\/#website","url":"https:\/\/camptecnologico.com\/inicio\/","name":"Camp Tecnologico","description":"Campamento tecnol\u00f3gico para ni\u00f1os y j\u00f3venes. Tecnolog\u00eda para ni\u00f1os. Minecraft.","publisher":{"@id":"https:\/\/camptecnologico.com\/inicio\/#organization"},"potentialAction":[{"@type":"SearchAction","target":{"@type":"EntryPoint","urlTemplate":"https:\/\/camptecnologico.com\/inicio\/?s={search_term_string}"},"query-input":"required name=search_term_string"}],"inLanguage":"es"},{"@type":"Organization","@id":"https:\/\/camptecnologico.com\/inicio\/#organization","name":"Camp Tecnol\u00f3gico","url":"https:\/\/camptecnologico.com\/inicio\/","logo":{"@type":"ImageObject","inLanguage":"es","@id":"https:\/\/camptecnologico.com\/inicio\/#\/schema\/logo\/image\/","url":"https:\/\/camptecnologico.com\/inicio\/wp-content\/uploads\/logo1.jpg","contentUrl":"https:\/\/camptecnologico.com\/inicio\/wp-content\/uploads\/logo1.jpg","width":120,"height":120,"caption":"Camp Tecnol\u00f3gico"},"image":{"@id":"https:\/\/camptecnologico.com\/inicio\/#\/schema\/logo\/image\/"},"sameAs":["https:\/\/www.facebook.com\/camptecnologico\/","https:\/\/x.com\/CampTecnologico","https:\/\/www.instagram.com\/camptecnologico\/","https:\/\/www.linkedin.com\/company\/camptecnol-gico","https:\/\/www.youtube.com\/user\/CampTecologico"]}]}},"_links":{"self":[{"href":"https:\/\/camptecnologico.com\/inicio\/wp-json\/wp\/v2\/pages\/31470","targetHints":{"allow":["GET"]}}],"collection":[{"href":"https:\/\/camptecnologico.com\/inicio\/wp-json\/wp\/v2\/pages"}],"about":[{"href":"https:\/\/camptecnologico.com\/inicio\/wp-json\/wp\/v2\/types\/page"}],"author":[{"embeddable":true,"href":"https:\/\/camptecnologico.com\/inicio\/wp-json\/wp\/v2\/users\/55"}],"replies":[{"embeddable":true,"href":"https:\/\/camptecnologico.com\/inicio\/wp-json\/wp\/v2\/comments?post=31470"}],"version-history":[{"count":2,"href":"https:\/\/camptecnologico.com\/inicio\/wp-json\/wp\/v2\/pages\/31470\/revisions"}],"predecessor-version":[{"id":31554,"href":"https:\/\/camptecnologico.com\/inicio\/wp-json\/wp\/v2\/pages\/31470\/revisions\/31554"}],"wp:featuredmedia":[{"embeddable":true,"href":"https:\/\/camptecnologico.com\/inicio\/wp-json\/wp\/v2\/media\/49704"}],"wp:attachment":[{"href":"https:\/\/camptecnologico.com\/inicio\/wp-json\/wp\/v2\/media?parent=31470"}],"curies":[{"name":"wp","href":"https:\/\/api.w.org\/{rel}","templated":true}]}}