




{"id":31447,"date":"2018-03-08T13:02:26","date_gmt":"2018-03-08T12:02:26","guid":{"rendered":"https:\/\/camptecnologico.com\/inicio\/?page_id=31447"},"modified":"2020-07-06T07:57:03","modified_gmt":"2020-07-06T06:57:03","slug":"supplier-toky","status":"publish","type":"page","link":"https:\/\/camptecnologico.com\/inicio\/supplier-toky\/","title":{"rendered":"Supplier: Toky"},"content":{"rendered":"<div>\r\n \r\n<img loading=\"lazy\" decoding=\"async\" src=\"https:\/\/camptecnologico.com\/inicio\/wp-content\/uploads\/toky-logo-70.png\" alt=\"\" width=\"70\" height=\"70\" class=\"alignleft size-full wp-image-30900\" \/> \r\n<p>Easily learn electronics, programming and problem solving with our Hardware and Software ecosystem. Games, Wearables, Inventions, Robots, Agriculture and many more projects.\r\n <\/p>\r\n<\/div>\r\n\r\n<br \/><br \/>\r\n<div>\r\n<div class=\"embedded-video\"><iframe loading=\"lazy\" width=\"1140\" height=\"641\" src=\"https:\/\/www.youtube.com\/embed\/c6WGl-W24oM?feature=oembed&#038;enablejsapi=1&#038;origin=https:\/\/camptecnologico.com\/inicio\" frameborder=\"0\" allow=\"autoplay; encrypted-media\" allowfullscreen><\/iframe><\/div>\r\n<\/div>\r\n\r\n\r\n\t\t\t\t\t\r\n<div id=\"info\">\r\n\r\n    <div class=\"fourcol column\">\r\n        <h4>Purchase<\/h4>\r\n        <p>Available in stock<\/p>\r\n        <h4>Product<\/h4>\r\n   <p><center>\r\n         <\/center><\/p>TokyMaker   \r\n    <\/div>\r\n\r\n    <div class=\"fourcol column\">\r\n        <h4>Description<\/h4>\r\n        <p>Easily learn electronics, programming and problem solving with our Hardware and Software ecosystem. Games, Wearables, Inventions, Robots, Agriculture and many more projects.\r\nCreate your own code using our graphical programming interface with just one finger, and send it to the TOKYMAKER without installing any program and without cables. Understands the principles of electronics, connecting our wide variety of sensors and actuators in the most intuitive way. TOKYMAKER is also compatible with Arduino analog sensors. Finish your project in the blink of an eye and share it with the whole community so they can enjoy the prototype you have invented!\r\n\r\n<\/p>\r\n    <\/div>\r\n\r\n    <div class=\"fourcol column last\">\r\n        <h4>Data sheet<\/h4>\r\n        <p>\r\n<ul>\r\n<li>Package Content: TokyMaker<\/li>\r\n<li>You can create:<\/li>\r\n<li>Games<\/li>\r\n<li>Inventions<\/li> \r\n<li>Robots<\/li>\r\n\r\n\r\n        <\/ul>\r\n<\/p>\r\n    <\/div>\r\n\r\n    <div class=\"clear\">\r\n<\/div>\r\n<\/div>","protected":false},"excerpt":{"rendered":"Easily learn electronics, programming and problem solving with our Hardware and Software ecosystem. Games, Wearables, Inventions, Robots, Agriculture and many more projects. Purchase Available in stock Product TokyMaker Description Easily learn electronics, programming and problem solving with our Hardware and Software ecosystem. Games, Wearables, Inventions, Robots, Agriculture and many more projects. Create your own code [&hellip;]","protected":false},"author":55,"featured_media":49704,"parent":0,"menu_order":0,"comment_status":"closed","ping_status":"closed","template":"template-right.php","meta":{"footnotes":"","_links_to":"","_links_to_target":""},"class_list":["post-31447","page","type-page","status-publish","has-post-thumbnail","hentry"],"yoast_head":"<!-- This site is optimized with the Yoast SEO plugin v22.6 - https:\/\/yoast.com\/wordpress\/plugins\/seo\/ -->\n<title>Supplier: Toky | Camp Tecnologico<\/title>\n<meta name=\"description\" content=\"Easily learn electronics, programming and problem solving with our Hardware and Software ecosystem. Games, Wearables, Inventions, Robots, Agriculture and\" \/>\n<meta name=\"robots\" content=\"noindex, nofollow, max-snippet:-1, max-image-preview:large, max-video-preview:-1\" \/>\n<meta property=\"og:locale\" content=\"es_ES\" \/>\n<meta property=\"og:type\" content=\"article\" \/>\n<meta property=\"og:title\" content=\"Supplier: Toky | Camp Tecnologico\" \/>\n<meta property=\"og:description\" content=\"Easily learn electronics, programming and problem solving with our Hardware and Software ecosystem. Games, Wearables, Inventions, Robots, Agriculture and\" \/>\n<meta property=\"og:url\" content=\"https:\/\/camptecnologico.com\/inicio\/supplier-toky\/\" \/>\n<meta property=\"og:site_name\" content=\"Camp Tecnologico\" \/>\n<meta property=\"article:publisher\" content=\"https:\/\/www.facebook.com\/camptecnologico\/\" \/>\n<meta property=\"article:modified_time\" content=\"2020-07-06T06:57:03+00:00\" \/>\n<meta property=\"og:image\" content=\"https:\/\/camptecnologico.com\/inicio\/wp-content\/uploads\/industry-4.0camptec-1.jpg\" \/>\n\t<meta property=\"og:image:width\" content=\"400\" \/>\n\t<meta property=\"og:image:height\" content=\"235\" \/>\n\t<meta property=\"og:image:type\" content=\"image\/jpeg\" \/>\n<meta name=\"twitter:card\" content=\"summary_large_image\" \/>\n<meta name=\"twitter:site\" content=\"@CampTecnologico\" \/>\n<meta name=\"twitter:label1\" content=\"Tiempo de lectura\" \/>\n\t<meta name=\"twitter:data1\" content=\"1 minuto\" \/>\n<!-- \/ Yoast SEO plugin. -->","yoast_head_json":{"title":"Supplier: Toky | Camp Tecnologico","description":"Easily learn electronics, programming and problem solving with our Hardware and Software ecosystem. Games, Wearables, Inventions, Robots, Agriculture and","robots":{"index":"noindex","follow":"nofollow","max-snippet":"max-snippet:-1","max-image-preview":"max-image-preview:large","max-video-preview":"max-video-preview:-1"},"og_locale":"es_ES","og_type":"article","og_title":"Supplier: Toky | Camp Tecnologico","og_description":"Easily learn electronics, programming and problem solving with our Hardware and Software ecosystem. Games, Wearables, Inventions, Robots, Agriculture and","og_url":"https:\/\/camptecnologico.com\/inicio\/supplier-toky\/","og_site_name":"Camp Tecnologico","article_publisher":"https:\/\/www.facebook.com\/camptecnologico\/","article_modified_time":"2020-07-06T06:57:03+00:00","og_image":[{"width":400,"height":235,"url":"https:\/\/camptecnologico.com\/inicio\/wp-content\/uploads\/industry-4.0camptec-1.jpg","type":"image\/jpeg"}],"twitter_card":"summary_large_image","twitter_site":"@CampTecnologico","twitter_misc":{"Tiempo de lectura":"1 minuto"},"schema":{"@context":"https:\/\/schema.org","@graph":[{"@type":"WebPage","@id":"https:\/\/camptecnologico.com\/inicio\/supplier-toky\/","url":"https:\/\/camptecnologico.com\/inicio\/supplier-toky\/","name":"Supplier: Toky | Camp Tecnologico","isPartOf":{"@id":"https:\/\/camptecnologico.com\/inicio\/#website"},"primaryImageOfPage":{"@id":"https:\/\/camptecnologico.com\/inicio\/supplier-toky\/#primaryimage"},"image":{"@id":"https:\/\/camptecnologico.com\/inicio\/supplier-toky\/#primaryimage"},"thumbnailUrl":"https:\/\/camptecnologico.com\/inicio\/wp-content\/uploads\/industry-4.0camptec-1.jpg","datePublished":"2018-03-08T12:02:26+00:00","dateModified":"2020-07-06T06:57:03+00:00","description":"Easily learn electronics, programming and problem solving with our Hardware and Software ecosystem. Games, Wearables, Inventions, Robots, Agriculture and","breadcrumb":{"@id":"https:\/\/camptecnologico.com\/inicio\/supplier-toky\/#breadcrumb"},"inLanguage":"es","potentialAction":[{"@type":"ReadAction","target":["https:\/\/camptecnologico.com\/inicio\/supplier-toky\/"]}]},{"@type":"ImageObject","inLanguage":"es","@id":"https:\/\/camptecnologico.com\/inicio\/supplier-toky\/#primaryimage","url":"https:\/\/camptecnologico.com\/inicio\/wp-content\/uploads\/industry-4.0camptec-1.jpg","contentUrl":"https:\/\/camptecnologico.com\/inicio\/wp-content\/uploads\/industry-4.0camptec-1.jpg","width":400,"height":235},{"@type":"BreadcrumbList","@id":"https:\/\/camptecnologico.com\/inicio\/supplier-toky\/#breadcrumb","itemListElement":[{"@type":"ListItem","position":1,"name":"Home","item":"https:\/\/camptecnologico.com\/"},{"@type":"ListItem","position":2,"name":"Supplier: Toky"}]},{"@type":"WebSite","@id":"https:\/\/camptecnologico.com\/inicio\/#website","url":"https:\/\/camptecnologico.com\/inicio\/","name":"Camp Tecnologico","description":"Campamento tecnol\u00f3gico para ni\u00f1os y j\u00f3venes. Tecnolog\u00eda para ni\u00f1os. Minecraft.","publisher":{"@id":"https:\/\/camptecnologico.com\/inicio\/#organization"},"potentialAction":[{"@type":"SearchAction","target":{"@type":"EntryPoint","urlTemplate":"https:\/\/camptecnologico.com\/inicio\/?s={search_term_string}"},"query-input":"required name=search_term_string"}],"inLanguage":"es"},{"@type":"Organization","@id":"https:\/\/camptecnologico.com\/inicio\/#organization","name":"Camp Tecnol\u00f3gico","url":"https:\/\/camptecnologico.com\/inicio\/","logo":{"@type":"ImageObject","inLanguage":"es","@id":"https:\/\/camptecnologico.com\/inicio\/#\/schema\/logo\/image\/","url":"https:\/\/camptecnologico.com\/inicio\/wp-content\/uploads\/logo1.jpg","contentUrl":"https:\/\/camptecnologico.com\/inicio\/wp-content\/uploads\/logo1.jpg","width":120,"height":120,"caption":"Camp Tecnol\u00f3gico"},"image":{"@id":"https:\/\/camptecnologico.com\/inicio\/#\/schema\/logo\/image\/"},"sameAs":["https:\/\/www.facebook.com\/camptecnologico\/","https:\/\/x.com\/CampTecnologico","https:\/\/www.instagram.com\/camptecnologico\/","https:\/\/www.linkedin.com\/company\/camptecnol-gico","https:\/\/www.youtube.com\/user\/CampTecologico"]}]}},"_links":{"self":[{"href":"https:\/\/camptecnologico.com\/inicio\/wp-json\/wp\/v2\/pages\/31447","targetHints":{"allow":["GET"]}}],"collection":[{"href":"https:\/\/camptecnologico.com\/inicio\/wp-json\/wp\/v2\/pages"}],"about":[{"href":"https:\/\/camptecnologico.com\/inicio\/wp-json\/wp\/v2\/types\/page"}],"author":[{"embeddable":true,"href":"https:\/\/camptecnologico.com\/inicio\/wp-json\/wp\/v2\/users\/55"}],"replies":[{"embeddable":true,"href":"https:\/\/camptecnologico.com\/inicio\/wp-json\/wp\/v2\/comments?post=31447"}],"version-history":[{"count":3,"href":"https:\/\/camptecnologico.com\/inicio\/wp-json\/wp\/v2\/pages\/31447\/revisions"}],"predecessor-version":[{"id":47959,"href":"https:\/\/camptecnologico.com\/inicio\/wp-json\/wp\/v2\/pages\/31447\/revisions\/47959"}],"wp:featuredmedia":[{"embeddable":true,"href":"https:\/\/camptecnologico.com\/inicio\/wp-json\/wp\/v2\/media\/49704"}],"wp:attachment":[{"href":"https:\/\/camptecnologico.com\/inicio\/wp-json\/wp\/v2\/media?parent=31447"}],"curies":[{"name":"wp","href":"https:\/\/api.w.org\/{rel}","templated":true}]}}