




{"id":31425,"date":"2018-03-08T14:33:30","date_gmt":"2018-03-08T13:33:30","guid":{"rendered":"https:\/\/camptecnologico.com\/inicio\/?page_id=31425"},"modified":"2018-03-08T14:33:51","modified_gmt":"2018-03-08T13:33:51","slug":"supplier-curiosity","status":"publish","type":"page","link":"https:\/\/camptecnologico.com\/inicio\/supplier-curiosity\/","title":{"rendered":"Supplier: Curiosity"},"content":{"rendered":"<div>\r\n<img loading=\"lazy\" decoding=\"async\" src=\"https:\/\/camptecnologico.com\/inicio\/wp-content\/uploads\/curiosity-logo-70.png\" alt=\"\" width=\"70\" height=\"70\" class=\"alignleft size-full wp-image-30900\" \/>\r\n<p> Have you ever wanted to build your own vehicle for Mars? Now you can! A replica vehicle has been designed on a scale of the real NASA model that is exploring Mars.<\/p>\r\n<\/div>\r\n\r\n<br \/><br \/>\r\n<div>\r\n<p>\r\n<img loading=\"lazy\" decoding=\"async\" src=\"https:\/\/camptecnologico.com\/inicio\/wp-content\/uploads\/rover_nasa-300x198.jpeg\" alt=\"\" width=\"300\" height=\"198\" class=\"alignnone size-medium wp-image-31186\" \/>\r\n<\/p>\r\n<\/div>\r\n\r\n\r\n\t\t\t\t\t\r\n<div id=\"info\">\r\n\r\n    <div class=\"fourcol column\">\r\n        <h4>Purchase<\/h4>\r\n        <p>Available in stock<\/p>\r\n        <h4>Product<\/h4>\r\n   <p><center>\r\n         <\/center><\/p>Mars Curiosity Rover<\/p>   \r\n    <\/div>\r\n\r\n    <div class=\"fourcol column\">\r\n        <h4>Description<\/h4>\r\n        <p>\r\nHave you ever wanted to build your own vehicle for Mars? Now you can! A replica vehicle has been designed on a scale of the real NASA model that is exploring Mars, has 6 wheels, of which 4 are drive wheels with the swinging suspension system, like real Mars exploration vehicles .\r\nYou will see how the vehicle is assembled piece by piece, emphasizing its different components such as motors, camera, screen &#8230; All controlled by a Rasberry Pi plate and a sensor system based on the treatment of images thanks to its video camera.\r\n<\/p>\r\n    <\/div>\r\n\r\n    <div class=\"fourcol column last\">\r\n        <h4>Data sheet<\/h4>\r\n        <p>\r\n<ul>\r\n<li>Package Content: Mars Curiosity Rover <\/li>\r\n<li>6 wheels<\/li>\r\n<li>Tilting Suspesion System<\/li> \r\n<li>Camera<\/li>\r\n<li>Screen<\/li> \r\n<li>Controlled by Rasberry Pi<\/li>\r\n<li>Sensor system<\/li>\r\n\r\n\r\n        <\/ul>\r\n<\/p>\r\n    <\/div>\r\n\r\n    <div class=\"clear\">\r\n<\/div>\r\n<\/div>","protected":false},"excerpt":{"rendered":"Have you ever wanted to build your own vehicle for Mars? Now you can! A replica vehicle has been designed on a scale of the real NASA model that is exploring Mars. Purchase Available in stock Product Mars Curiosity Rover Description Have you ever wanted to build your own vehicle for Mars? Now you can! [&hellip;]","protected":false},"author":55,"featured_media":49704,"parent":0,"menu_order":0,"comment_status":"closed","ping_status":"closed","template":"template-right.php","meta":{"footnotes":"","_links_to":"","_links_to_target":""},"class_list":["post-31425","page","type-page","status-publish","has-post-thumbnail","hentry"],"yoast_head":"<!-- This site is optimized with the Yoast SEO plugin v22.6 - https:\/\/yoast.com\/wordpress\/plugins\/seo\/ -->\n<title>Supplier: Curiosity | Camp Tecnologico<\/title>\n<meta name=\"description\" content=\"Have you ever wanted to build your own vehicle for Mars? Now you can! A replica vehicle has been designed on a scale of the real NASA model that is\" \/>\n<meta name=\"robots\" content=\"noindex, nofollow, max-snippet:-1, max-image-preview:large, max-video-preview:-1\" \/>\n<meta property=\"og:locale\" content=\"es_ES\" \/>\n<meta property=\"og:type\" content=\"article\" \/>\n<meta property=\"og:title\" content=\"Supplier: Curiosity | Camp Tecnologico\" \/>\n<meta property=\"og:description\" content=\"Have you ever wanted to build your own vehicle for Mars? Now you can! A replica vehicle has been designed on a scale of the real NASA model that is\" \/>\n<meta property=\"og:url\" content=\"https:\/\/camptecnologico.com\/inicio\/supplier-curiosity\/\" \/>\n<meta property=\"og:site_name\" content=\"Camp Tecnologico\" \/>\n<meta property=\"article:publisher\" content=\"https:\/\/www.facebook.com\/camptecnologico\/\" \/>\n<meta property=\"article:modified_time\" content=\"2018-03-08T13:33:51+00:00\" \/>\n<meta property=\"og:image\" content=\"https:\/\/camptecnologico.com\/inicio\/wp-content\/uploads\/industry-4.0camptec-1.jpg\" \/>\n\t<meta property=\"og:image:width\" content=\"400\" \/>\n\t<meta property=\"og:image:height\" content=\"235\" \/>\n\t<meta property=\"og:image:type\" content=\"image\/jpeg\" \/>\n<meta name=\"twitter:card\" content=\"summary_large_image\" \/>\n<meta name=\"twitter:site\" content=\"@CampTecnologico\" \/>\n<meta name=\"twitter:label1\" content=\"Tiempo de lectura\" \/>\n\t<meta name=\"twitter:data1\" content=\"1 minuto\" \/>\n<!-- \/ Yoast SEO plugin. -->","yoast_head_json":{"title":"Supplier: Curiosity | Camp Tecnologico","description":"Have you ever wanted to build your own vehicle for Mars? Now you can! A replica vehicle has been designed on a scale of the real NASA model that is","robots":{"index":"noindex","follow":"nofollow","max-snippet":"max-snippet:-1","max-image-preview":"max-image-preview:large","max-video-preview":"max-video-preview:-1"},"og_locale":"es_ES","og_type":"article","og_title":"Supplier: Curiosity | Camp Tecnologico","og_description":"Have you ever wanted to build your own vehicle for Mars? Now you can! A replica vehicle has been designed on a scale of the real NASA model that is","og_url":"https:\/\/camptecnologico.com\/inicio\/supplier-curiosity\/","og_site_name":"Camp Tecnologico","article_publisher":"https:\/\/www.facebook.com\/camptecnologico\/","article_modified_time":"2018-03-08T13:33:51+00:00","og_image":[{"width":400,"height":235,"url":"https:\/\/camptecnologico.com\/inicio\/wp-content\/uploads\/industry-4.0camptec-1.jpg","type":"image\/jpeg"}],"twitter_card":"summary_large_image","twitter_site":"@CampTecnologico","twitter_misc":{"Tiempo de lectura":"1 minuto"},"schema":{"@context":"https:\/\/schema.org","@graph":[{"@type":"WebPage","@id":"https:\/\/camptecnologico.com\/inicio\/supplier-curiosity\/","url":"https:\/\/camptecnologico.com\/inicio\/supplier-curiosity\/","name":"Supplier: Curiosity | Camp Tecnologico","isPartOf":{"@id":"https:\/\/camptecnologico.com\/inicio\/#website"},"primaryImageOfPage":{"@id":"https:\/\/camptecnologico.com\/inicio\/supplier-curiosity\/#primaryimage"},"image":{"@id":"https:\/\/camptecnologico.com\/inicio\/supplier-curiosity\/#primaryimage"},"thumbnailUrl":"https:\/\/camptecnologico.com\/inicio\/wp-content\/uploads\/industry-4.0camptec-1.jpg","datePublished":"2018-03-08T13:33:30+00:00","dateModified":"2018-03-08T13:33:51+00:00","description":"Have you ever wanted to build your own vehicle for Mars? Now you can! A replica vehicle has been designed on a scale of the real NASA model that is","breadcrumb":{"@id":"https:\/\/camptecnologico.com\/inicio\/supplier-curiosity\/#breadcrumb"},"inLanguage":"es","potentialAction":[{"@type":"ReadAction","target":["https:\/\/camptecnologico.com\/inicio\/supplier-curiosity\/"]}]},{"@type":"ImageObject","inLanguage":"es","@id":"https:\/\/camptecnologico.com\/inicio\/supplier-curiosity\/#primaryimage","url":"https:\/\/camptecnologico.com\/inicio\/wp-content\/uploads\/industry-4.0camptec-1.jpg","contentUrl":"https:\/\/camptecnologico.com\/inicio\/wp-content\/uploads\/industry-4.0camptec-1.jpg","width":400,"height":235},{"@type":"BreadcrumbList","@id":"https:\/\/camptecnologico.com\/inicio\/supplier-curiosity\/#breadcrumb","itemListElement":[{"@type":"ListItem","position":1,"name":"Home","item":"https:\/\/camptecnologico.com\/"},{"@type":"ListItem","position":2,"name":"Supplier: Curiosity"}]},{"@type":"WebSite","@id":"https:\/\/camptecnologico.com\/inicio\/#website","url":"https:\/\/camptecnologico.com\/inicio\/","name":"Camp Tecnologico","description":"Campamento tecnol\u00f3gico para ni\u00f1os y j\u00f3venes. Tecnolog\u00eda para ni\u00f1os. Minecraft.","publisher":{"@id":"https:\/\/camptecnologico.com\/inicio\/#organization"},"potentialAction":[{"@type":"SearchAction","target":{"@type":"EntryPoint","urlTemplate":"https:\/\/camptecnologico.com\/inicio\/?s={search_term_string}"},"query-input":"required name=search_term_string"}],"inLanguage":"es"},{"@type":"Organization","@id":"https:\/\/camptecnologico.com\/inicio\/#organization","name":"Camp Tecnol\u00f3gico","url":"https:\/\/camptecnologico.com\/inicio\/","logo":{"@type":"ImageObject","inLanguage":"es","@id":"https:\/\/camptecnologico.com\/inicio\/#\/schema\/logo\/image\/","url":"https:\/\/camptecnologico.com\/inicio\/wp-content\/uploads\/logo1.jpg","contentUrl":"https:\/\/camptecnologico.com\/inicio\/wp-content\/uploads\/logo1.jpg","width":120,"height":120,"caption":"Camp Tecnol\u00f3gico"},"image":{"@id":"https:\/\/camptecnologico.com\/inicio\/#\/schema\/logo\/image\/"},"sameAs":["https:\/\/www.facebook.com\/camptecnologico\/","https:\/\/x.com\/CampTecnologico","https:\/\/www.instagram.com\/camptecnologico\/","https:\/\/www.linkedin.com\/company\/camptecnol-gico","https:\/\/www.youtube.com\/user\/CampTecologico"]}]}},"_links":{"self":[{"href":"https:\/\/camptecnologico.com\/inicio\/wp-json\/wp\/v2\/pages\/31425","targetHints":{"allow":["GET"]}}],"collection":[{"href":"https:\/\/camptecnologico.com\/inicio\/wp-json\/wp\/v2\/pages"}],"about":[{"href":"https:\/\/camptecnologico.com\/inicio\/wp-json\/wp\/v2\/types\/page"}],"author":[{"embeddable":true,"href":"https:\/\/camptecnologico.com\/inicio\/wp-json\/wp\/v2\/users\/55"}],"replies":[{"embeddable":true,"href":"https:\/\/camptecnologico.com\/inicio\/wp-json\/wp\/v2\/comments?post=31425"}],"version-history":[{"count":1,"href":"https:\/\/camptecnologico.com\/inicio\/wp-json\/wp\/v2\/pages\/31425\/revisions"}],"predecessor-version":[{"id":31428,"href":"https:\/\/camptecnologico.com\/inicio\/wp-json\/wp\/v2\/pages\/31425\/revisions\/31428"}],"wp:featuredmedia":[{"embeddable":true,"href":"https:\/\/camptecnologico.com\/inicio\/wp-json\/wp\/v2\/media\/49704"}],"wp:attachment":[{"href":"https:\/\/camptecnologico.com\/inicio\/wp-json\/wp\/v2\/media?parent=31425"}],"curies":[{"name":"wp","href":"https:\/\/api.w.org\/{rel}","templated":true}]}}