




{"id":31409,"date":"2018-03-08T12:34:02","date_gmt":"2018-03-08T11:34:02","guid":{"rendered":"https:\/\/camptecnologico.com\/inicio\/?page_id=31409"},"modified":"2018-03-08T12:34:02","modified_gmt":"2018-03-08T11:34:02","slug":"supplier-fable","status":"publish","type":"page","link":"https:\/\/camptecnologico.com\/inicio\/supplier-fable\/","title":{"rendered":"Supplier: Fable"},"content":{"rendered":"<div>\r\n<a href=\"https:\/\/shaperobotics.com\/en\/\"> \r\n<img loading=\"lazy\" decoding=\"async\" class=\"alignleft size-full wp-image-30900\" src=\"https:\/\/camptecnologico.com\/inicio\/wp-content\/uploads\/Shaperobotics-logo-70.png\" alt=\"\" width=\"70\" height=\"70\" \/> <a\/> \r\n<p>\r\nFable is a system of modules composed of 3 types that allow the construction of a robot arm: the arm modules can be programmed in Blockly, block programming similar to Scratch.<\/p>\r\n<br \/><br \/>\r\n<\/div>\r\n\r\n<div>\r\n<div class=\"embedded-video\"><iframe loading=\"lazy\" width=\"1140\" height=\"641\" src=\"https:\/\/www.youtube.com\/embed\/E-q3aTmlqmY?feature=oembed&#038;enablejsapi=1&#038;origin=https:\/\/camptecnologico.com\/inicio\" frameborder=\"0\" allow=\"autoplay; encrypted-media\" allowfullscreen><\/iframe><\/div>\r\n<\/div>\r\n\r\n<div id=\"info\">\r\n\r\n    <div class=\"fourcol column\">\r\n        <h4>Purchase<\/h4>\r\n        <p>Available in stock<\/p>\r\n        <h4>Product<\/h4>\r\n   <p><center>\r\n         <\/center><\/p>Fable<\/p>   \r\n    <\/div>\r\n<\/div>\r\n\r\n<div class=\"fourcol column\">\r\n<h4>Description<\/h4>\r\n<p>\r\nFable is a system of modules composed of 3 types that allow the construction of a robot arm: the arm modules can be programmed in Blockly, block programming similar to Scratch; the building modules, do not contain electronics but facilitates the assembly as an intermediate element that forms the body of the robot; and extension modules, allow this system to be combined with others such as a Smartphone, Lego pieces or 3D printed pieces.\r\nThese pieces are connected to each other with strong magnets, allowing to create different structures, developing children&#8217;s imagination and learning programming in a fun way.<\/p>\r\n<\/div>\r\n\r\n<div class=\"fourcol column last\">\r\n<h4>Data sheet<\/h4>\r\n<ul>\r\n \t<li>Package Content: Fable <\/li>\r\n \t<li>Robust design<\/li>\r\n \t<li>Quality components<\/li>\r\n        <li>Without cables<\/li>\r\n        <li>Strong magnetic joints<\/li>\r\n        <li>Quick to ride<\/li>\r\n<\/ul>\r\n<\/div>\r\n\r\n<div class=\"clear\">\r\n<\/div>","protected":false},"excerpt":{"rendered":"Fable is a system of modules composed of 3 types that allow the construction of a robot arm: the arm modules can be programmed in Blockly, block programming similar to Scratch. Purchase Available in stock Product Fable Description Fable is a system of modules composed of 3 types that allow the construction of a robot [&hellip;]","protected":false},"author":55,"featured_media":49704,"parent":0,"menu_order":0,"comment_status":"closed","ping_status":"closed","template":"template-right.php","meta":{"footnotes":"","_links_to":"","_links_to_target":""},"class_list":["post-31409","page","type-page","status-publish","has-post-thumbnail","hentry"],"yoast_head":"<!-- This site is optimized with the Yoast SEO plugin v22.6 - https:\/\/yoast.com\/wordpress\/plugins\/seo\/ -->\n<title>Supplier: Fable | Camp Tecnologico<\/title>\n<meta name=\"description\" content=\"Fable is a system of modules composed of 3 types that allow the construction of a robot arm: the arm modules can be programmed in Blockly, block\" \/>\n<meta name=\"robots\" content=\"noindex, follow, max-snippet:-1, max-image-preview:large, max-video-preview:-1\" \/>\n<meta property=\"og:locale\" content=\"es_ES\" \/>\n<meta property=\"og:type\" content=\"article\" \/>\n<meta property=\"og:title\" content=\"Supplier: Fable | Camp Tecnologico\" \/>\n<meta property=\"og:description\" content=\"Fable is a system of modules composed of 3 types that allow the construction of a robot arm: the arm modules can be programmed in Blockly, block\" \/>\n<meta property=\"og:url\" content=\"https:\/\/camptecnologico.com\/inicio\/supplier-fable\/\" \/>\n<meta property=\"og:site_name\" content=\"Camp Tecnologico\" \/>\n<meta property=\"article:publisher\" content=\"https:\/\/www.facebook.com\/camptecnologico\/\" \/>\n<meta property=\"og:image\" content=\"https:\/\/camptecnologico.com\/inicio\/wp-content\/uploads\/industry-4.0camptec-1.jpg\" \/>\n\t<meta property=\"og:image:width\" content=\"400\" \/>\n\t<meta property=\"og:image:height\" content=\"235\" \/>\n\t<meta property=\"og:image:type\" content=\"image\/jpeg\" \/>\n<meta name=\"twitter:card\" content=\"summary_large_image\" \/>\n<meta name=\"twitter:site\" content=\"@CampTecnologico\" \/>\n<meta name=\"twitter:label1\" content=\"Tiempo de lectura\" \/>\n\t<meta name=\"twitter:data1\" content=\"1 minuto\" \/>\n<!-- \/ Yoast SEO plugin. -->","yoast_head_json":{"title":"Supplier: Fable | Camp Tecnologico","description":"Fable is a system of modules composed of 3 types that allow the construction of a robot arm: the arm modules can be programmed in Blockly, block","robots":{"index":"noindex","follow":"follow","max-snippet":"max-snippet:-1","max-image-preview":"max-image-preview:large","max-video-preview":"max-video-preview:-1"},"og_locale":"es_ES","og_type":"article","og_title":"Supplier: Fable | Camp Tecnologico","og_description":"Fable is a system of modules composed of 3 types that allow the construction of a robot arm: the arm modules can be programmed in Blockly, block","og_url":"https:\/\/camptecnologico.com\/inicio\/supplier-fable\/","og_site_name":"Camp Tecnologico","article_publisher":"https:\/\/www.facebook.com\/camptecnologico\/","og_image":[{"width":400,"height":235,"url":"https:\/\/camptecnologico.com\/inicio\/wp-content\/uploads\/industry-4.0camptec-1.jpg","type":"image\/jpeg"}],"twitter_card":"summary_large_image","twitter_site":"@CampTecnologico","twitter_misc":{"Tiempo de lectura":"1 minuto"},"schema":{"@context":"https:\/\/schema.org","@graph":[{"@type":"WebPage","@id":"https:\/\/camptecnologico.com\/inicio\/supplier-fable\/","url":"https:\/\/camptecnologico.com\/inicio\/supplier-fable\/","name":"Supplier: Fable | Camp Tecnologico","isPartOf":{"@id":"https:\/\/camptecnologico.com\/inicio\/#website"},"primaryImageOfPage":{"@id":"https:\/\/camptecnologico.com\/inicio\/supplier-fable\/#primaryimage"},"image":{"@id":"https:\/\/camptecnologico.com\/inicio\/supplier-fable\/#primaryimage"},"thumbnailUrl":"https:\/\/camptecnologico.com\/inicio\/wp-content\/uploads\/industry-4.0camptec-1.jpg","datePublished":"2018-03-08T11:34:02+00:00","dateModified":"2018-03-08T11:34:02+00:00","description":"Fable is a system of modules composed of 3 types that allow the construction of a robot arm: the arm modules can be programmed in Blockly, block","breadcrumb":{"@id":"https:\/\/camptecnologico.com\/inicio\/supplier-fable\/#breadcrumb"},"inLanguage":"es","potentialAction":[{"@type":"ReadAction","target":["https:\/\/camptecnologico.com\/inicio\/supplier-fable\/"]}]},{"@type":"ImageObject","inLanguage":"es","@id":"https:\/\/camptecnologico.com\/inicio\/supplier-fable\/#primaryimage","url":"https:\/\/camptecnologico.com\/inicio\/wp-content\/uploads\/industry-4.0camptec-1.jpg","contentUrl":"https:\/\/camptecnologico.com\/inicio\/wp-content\/uploads\/industry-4.0camptec-1.jpg","width":400,"height":235},{"@type":"BreadcrumbList","@id":"https:\/\/camptecnologico.com\/inicio\/supplier-fable\/#breadcrumb","itemListElement":[{"@type":"ListItem","position":1,"name":"Home","item":"https:\/\/camptecnologico.com\/"},{"@type":"ListItem","position":2,"name":"Supplier: Fable"}]},{"@type":"WebSite","@id":"https:\/\/camptecnologico.com\/inicio\/#website","url":"https:\/\/camptecnologico.com\/inicio\/","name":"Camp Tecnologico","description":"Campamento tecnol\u00f3gico para ni\u00f1os y j\u00f3venes. Tecnolog\u00eda para ni\u00f1os. Minecraft.","publisher":{"@id":"https:\/\/camptecnologico.com\/inicio\/#organization"},"potentialAction":[{"@type":"SearchAction","target":{"@type":"EntryPoint","urlTemplate":"https:\/\/camptecnologico.com\/inicio\/?s={search_term_string}"},"query-input":"required name=search_term_string"}],"inLanguage":"es"},{"@type":"Organization","@id":"https:\/\/camptecnologico.com\/inicio\/#organization","name":"Camp Tecnol\u00f3gico","url":"https:\/\/camptecnologico.com\/inicio\/","logo":{"@type":"ImageObject","inLanguage":"es","@id":"https:\/\/camptecnologico.com\/inicio\/#\/schema\/logo\/image\/","url":"https:\/\/camptecnologico.com\/inicio\/wp-content\/uploads\/logo1.jpg","contentUrl":"https:\/\/camptecnologico.com\/inicio\/wp-content\/uploads\/logo1.jpg","width":120,"height":120,"caption":"Camp Tecnol\u00f3gico"},"image":{"@id":"https:\/\/camptecnologico.com\/inicio\/#\/schema\/logo\/image\/"},"sameAs":["https:\/\/www.facebook.com\/camptecnologico\/","https:\/\/x.com\/CampTecnologico","https:\/\/www.instagram.com\/camptecnologico\/","https:\/\/www.linkedin.com\/company\/camptecnol-gico","https:\/\/www.youtube.com\/user\/CampTecologico"]}]}},"_links":{"self":[{"href":"https:\/\/camptecnologico.com\/inicio\/wp-json\/wp\/v2\/pages\/31409","targetHints":{"allow":["GET"]}}],"collection":[{"href":"https:\/\/camptecnologico.com\/inicio\/wp-json\/wp\/v2\/pages"}],"about":[{"href":"https:\/\/camptecnologico.com\/inicio\/wp-json\/wp\/v2\/types\/page"}],"author":[{"embeddable":true,"href":"https:\/\/camptecnologico.com\/inicio\/wp-json\/wp\/v2\/users\/55"}],"replies":[{"embeddable":true,"href":"https:\/\/camptecnologico.com\/inicio\/wp-json\/wp\/v2\/comments?post=31409"}],"version-history":[{"count":3,"href":"https:\/\/camptecnologico.com\/inicio\/wp-json\/wp\/v2\/pages\/31409\/revisions"}],"predecessor-version":[{"id":31536,"href":"https:\/\/camptecnologico.com\/inicio\/wp-json\/wp\/v2\/pages\/31409\/revisions\/31536"}],"wp:featuredmedia":[{"embeddable":true,"href":"https:\/\/camptecnologico.com\/inicio\/wp-json\/wp\/v2\/media\/49704"}],"wp:attachment":[{"href":"https:\/\/camptecnologico.com\/inicio\/wp-json\/wp\/v2\/media?parent=31409"}],"curies":[{"name":"wp","href":"https:\/\/api.w.org\/{rel}","templated":true}]}}