




{"id":31396,"date":"2018-03-07T10:56:09","date_gmt":"2018-03-07T09:56:09","guid":{"rendered":"https:\/\/camptecnologico.com\/inicio\/?page_id=31396"},"modified":"2018-03-08T14:50:25","modified_gmt":"2018-03-08T13:50:25","slug":"technology-partners","status":"publish","type":"page","link":"https:\/\/camptecnologico.com\/inicio\/technology-partners\/","title":{"rendered":"Technology Partners"},"content":{"rendered":"<div>\r\n<a href=\"https:\/\/camptecnologico.com\/inicio\/supplier-dobot\/\"><img loading=\"lazy\" decoding=\"async\" class=\"alignleft size-full wp-image-30789\" src=\"https:\/\/camptecnologico.com\/inicio\/wp-content\/uploads\/Dobot-100px.jpg\" alt=\"\" width=\"100\" height=\"92\" \/><\/a>\r\n<a href=\"https:\/\/camptecnologico.com\/inicio\/supplier-dobot\/\"><h4>Dobot Magician, an educational multifunctional desktop robotic arm<\/h4><\/a>\r\nDobot is a tool-equipped robotic arm able to transport parts, identify them through artificial vision and AI, 3D printing as well as laser engraving functions.\r\n<\/div>\r\n<br \/><br \/>\r\n<div>\r\n\r\n<a href=\"https:\/\/camptecnologico.com\/inicio\/supplier-fable\/\"><img loading=\"lazy\" decoding=\"async\" class=\"alignleft size-full wp-image-30789\" src=\"https:\/\/camptecnologico.com\/inicio\/wp-content\/uploads\/Fabble-100px.jpg\" alt=\"\" width=\"100\" height=\"92\" \/><\/a>\r\n<a href=\"https:\/\/camptecnologico.com\/inicio\/supplier-fable\/\"><h4>Fable, a modular robot<\/h4><\/a>\r\nThrough modular coding you will be able to control its robotic arm movements and represent emotions on its face.\r\n\r\n<\/div>\r\n<br \/><br \/>\r\n<div>\r\n<a href=\"https:\/\/camptecnologico.com\/inicio\/supplier-glitech\/\"><img loading=\"lazy\" decoding=\"async\" class=\"alignleft size-full wp-image-30789\" src=\"https:\/\/camptecnologico.com\/inicio\/wp-content\/uploads\/gomer-100px.jpg\" alt=\"\" width=\"100\" height=\"92\" \/><\/a>\r\n<a href=\"https:\/\/camptecnologico.com\/inicio\/supplier-glitech\/\"><h4>Robot Gomer, a funny robot<\/h4><\/a>\r\nGomer is a fun interactive robot whom you will be able to play, grab objects autonomously, plus you can have a live view through the accMobile app and learn coding.\r\n\r\n<\/div>\r\n<br \/><br \/>\r\n<div>\r\n\r\n<a href=\"https:\/\/camptecnologico.com\/inicio\/supplier-curiosity\/\"><img loading=\"lazy\" decoding=\"async\" class=\"alignleft size-full wp-image-30789\" src=\"https:\/\/camptecnologico.com\/inicio\/wp-content\/uploads\/Curiosity-100px.jpg\" alt=\"\" width=\"100\" height=\"92\" \/><\/a>\r\n<a href=\"https:\/\/camptecnologico.com\/inicio\/supplier-curiosity\/\"><h4>Mars Curiosity Rover, challenge on Mars<\/h4><\/a>\r\nA car-sized rover designed to explore on Mars as a part of Nasa\u2019s mission, you can become an aerospace engineer.\r\n\r\n<\/div>\r\n<br \/><br \/>\r\n<div>\r\n\r\n<a href=\"https:\/\/camptecnologico.com\/inicio\/supplier-anki\/\"><img loading=\"lazy\" decoding=\"async\" class=\"alignleft size-full wp-image-30789\" src=\"https:\/\/camptecnologico.com\/inicio\/wp-content\/uploads\/Cozmo-100px.jpg\" alt=\"\" width=\"100\" height=\"92\" \/><\/a>\r\n<a href=\"https:\/\/camptecnologico.com\/inicio\/supplier-anki\/\"><h4>Cozmo, AI robot<\/h4><\/a>\r\nA fun-loving robot who expresses and recognizes emotions, play games with and have fun. Also, you can level up your programming skills.\r\n\r\n<\/div>\r\n<br \/><br \/>\r\n<div>\r\n\r\n<a href=\"https:\/\/camptecnologico.com\/inicio\/supplier-toky\/\"><img loading=\"lazy\" decoding=\"async\" class=\"alignleft size-full wp-image-30789\" src=\"https:\/\/camptecnologico.com\/inicio\/wp-content\/uploads\/Toky-100px.jpg\" alt=\"\" width=\"100\" height=\"92\" \/><\/a>\r\n<a href=\"https:\/\/camptecnologico.com\/inicio\/supplier-toky\/\"><h4>Tokymaker, make your own invention in 5 minutes<\/h4><\/a>\r\nLearn easily the fundamentals of electronics with a huge variety of sensors, graphic programming and creativity problem solver.\r\n\r\n<\/div>\r\n<br \/><br \/>\r\n<div>\r\n\r\n<a href=\"https:\/\/camptecnologico.com\/inicio\/supplier-microbit\/\"><img loading=\"lazy\" decoding=\"async\" class=\"alignleft size-full wp-image-30789\" src=\"https:\/\/camptecnologico.com\/inicio\/wp-content\/uploads\/Microbit-100px.jpg\" alt=\"\" width=\"100\" height=\"92\" \/><\/a>\r\n<a href=\"https:\/\/camptecnologico.com\/inicio\/supplier-microbit\/\"><h4>Micro:bit, a tiny electronic board<\/h4><\/a>\r\nMicro:bit is designed to make it easier to learn coding, creating simple animations or more complex projects.\r\n\r\n<\/div>\r\n<br \/><br \/>\r\n<div>\r\n\r\n<a href=\"https:\/\/camptecnologico.com\/inicio\/supplier-logitow\/\"><img loading=\"lazy\" decoding=\"async\" class=\"alignleft size-full wp-image-30789\" src=\"https:\/\/camptecnologico.com\/inicio\/wp-content\/uploads\/Logitow-100px.jpg\" alt=\"\" width=\"100\" height=\"92\" \/><\/a>\r\n<a href=\"https:\/\/camptecnologico.com\/inicio\/supplier-logitow\/\"><h4>Logitow, interactive building blocks<\/h4><\/a>\r\nSmart blocks become on-screen animations in your tablet and allow kids to play with its incredible 3D world in real time.\r\n\r\n<\/div>\r\n<br \/><br \/>\r\n<div>\r\n\r\n<a href=\"https:\/\/camptecnologico.com\/inicio\/supplier-robotical\/\"><img loading=\"lazy\" decoding=\"async\" class=\"alignleft size-full wp-image-30789\" src=\"https:\/\/camptecnologico.com\/inicio\/wp-content\/uploads\/Marty-100px.jpg\" alt=\"\" width=\"100\" height=\"92\" \/><\/a>\r\n<a href=\"https:\/\/camptecnologico.com\/inicio\/supplier-robotical\/\"><h4>Marty, printable mini-robot<\/h4><\/a>\r\nMarty is a customizable robot using 3D-printed parts. It lets you learn programming, electronics and mechanical engineering in a fun way.\r\n\r\n<\/div>\r\n<br \/><br \/>\r\n<div>\r\n\r\n<a href=\"https:\/\/camptecnologico.com\/inicio\/supplier-playmove\/\"><img loading=\"lazy\" decoding=\"async\" class=\"alignleft size-full wp-image-30789\" src=\"https:\/\/camptecnologico.com\/inicio\/wp-content\/uploads\/Playtable-100px.jpg\" alt=\"\" width=\"100\" height=\"92\" \/><\/a>\r\n<a href=\"https:\/\/camptecnologico.com\/inicio\/supplier-playmove\/\"><h4>Playtable, digital table<\/h4><\/a>\r\nPlayTable is a large digital interface learning platform with games and software with an educational purpose.\r\n\r\n<\/div>\r\n<br \/><br \/>\r\n<div>\r\n\r\n<a href=\"https:\/\/camptecnologico.com\/inicio\/supplier-robo\/\"><img loading=\"lazy\" decoding=\"async\" class=\"alignleft size-full wp-image-30789\" src=\"https:\/\/camptecnologico.com\/inicio\/wp-content\/uploads\/Robo-100px.jpg\" alt=\"\" width=\"100\" height=\"92\" \/><\/a>\r\n<a href=\"https:\/\/camptecnologico.com\/inicio\/supplier-robo\/\"><h4>Robo wunderkind, a programmable modular robot<\/h4><\/a>\r\nRobo Wunderkid is a kit of blocks designed to teach children the basics of robotics and coding through creative designs while they are learning programming.\r\n\r\n<\/div>\r\n<br \/><br \/>\r\n<div>\r\n\r\n<a href=\"https:\/\/camptecnologico.com\/inicio\/supplier-strawbees\/\"><img loading=\"lazy\" decoding=\"async\" class=\"alignleft size-full wp-image-30789\" src=\"https:\/\/camptecnologico.com\/inicio\/wp-content\/uploads\/Strawees-100px.jpg\" alt=\"\" width=\"100\" height=\"92\" \/><\/a>\r\n<a href=\"https:\/\/camptecnologico.com\/inicio\/supplier-strawbees\/\"><h4>Strawbees, building game<\/h4><\/a>\r\nStrawbees is a kit based on simple units called Strawbees that let you connect straws to each other and build mechanical objects specially indicated to Elementary School education.\r\n\r\n<\/div>\r\n","protected":false},"excerpt":{"rendered":"Dobot Magician, an educational multifunctional desktop robotic arm Dobot is a tool-equipped robotic arm able to transport parts, identify them through artificial vision and AI, 3D printing as well as laser engraving functions. Fable, a modular robot Through modular coding you will be able to control its robotic arm movements and represent emotions on its [&hellip;]","protected":false},"author":55,"featured_media":49704,"parent":0,"menu_order":0,"comment_status":"closed","ping_status":"closed","template":"template-right.php","meta":{"footnotes":"","_links_to":"","_links_to_target":""},"class_list":["post-31396","page","type-page","status-publish","has-post-thumbnail","hentry"],"yoast_head":"<!-- This site is optimized with the Yoast SEO plugin v22.6 - https:\/\/yoast.com\/wordpress\/plugins\/seo\/ -->\n<title>Technology Partners | Camp Tecnologico<\/title>\n<meta name=\"description\" content=\"Dobot Magician, an educational multifunctional desktop robotic arm Dobot is a tool-equipped robotic arm able to transport parts, identify them through\" \/>\n<meta name=\"robots\" content=\"noindex, nofollow, max-snippet:-1, max-image-preview:large, max-video-preview:-1\" \/>\n<meta property=\"og:locale\" content=\"es_ES\" \/>\n<meta property=\"og:type\" content=\"article\" \/>\n<meta property=\"og:title\" content=\"Technology Partners | Camp Tecnologico\" \/>\n<meta property=\"og:description\" content=\"Dobot Magician, an educational multifunctional desktop robotic arm Dobot is a tool-equipped robotic arm able to transport parts, identify them through\" \/>\n<meta property=\"og:url\" content=\"https:\/\/camptecnologico.com\/inicio\/technology-partners\/\" \/>\n<meta property=\"og:site_name\" content=\"Camp Tecnologico\" \/>\n<meta property=\"article:publisher\" content=\"https:\/\/www.facebook.com\/camptecnologico\/\" \/>\n<meta property=\"article:modified_time\" content=\"2018-03-08T13:50:25+00:00\" \/>\n<meta property=\"og:image\" content=\"https:\/\/camptecnologico.com\/inicio\/wp-content\/uploads\/industry-4.0camptec-1.jpg\" \/>\n\t<meta property=\"og:image:width\" content=\"400\" \/>\n\t<meta property=\"og:image:height\" content=\"235\" \/>\n\t<meta property=\"og:image:type\" content=\"image\/jpeg\" \/>\n<meta name=\"twitter:card\" content=\"summary_large_image\" \/>\n<meta name=\"twitter:site\" content=\"@CampTecnologico\" \/>\n<meta name=\"twitter:label1\" content=\"Tiempo de lectura\" \/>\n\t<meta name=\"twitter:data1\" content=\"2 minutos\" \/>\n<!-- \/ Yoast SEO plugin. -->","yoast_head_json":{"title":"Technology Partners | Camp Tecnologico","description":"Dobot Magician, an educational multifunctional desktop robotic arm Dobot is a tool-equipped robotic arm able to transport parts, identify them through","robots":{"index":"noindex","follow":"nofollow","max-snippet":"max-snippet:-1","max-image-preview":"max-image-preview:large","max-video-preview":"max-video-preview:-1"},"og_locale":"es_ES","og_type":"article","og_title":"Technology Partners | Camp Tecnologico","og_description":"Dobot Magician, an educational multifunctional desktop robotic arm Dobot is a tool-equipped robotic arm able to transport parts, identify them through","og_url":"https:\/\/camptecnologico.com\/inicio\/technology-partners\/","og_site_name":"Camp Tecnologico","article_publisher":"https:\/\/www.facebook.com\/camptecnologico\/","article_modified_time":"2018-03-08T13:50:25+00:00","og_image":[{"width":400,"height":235,"url":"https:\/\/camptecnologico.com\/inicio\/wp-content\/uploads\/industry-4.0camptec-1.jpg","type":"image\/jpeg"}],"twitter_card":"summary_large_image","twitter_site":"@CampTecnologico","twitter_misc":{"Tiempo de lectura":"2 minutos"},"schema":{"@context":"https:\/\/schema.org","@graph":[{"@type":"WebPage","@id":"https:\/\/camptecnologico.com\/inicio\/technology-partners\/","url":"https:\/\/camptecnologico.com\/inicio\/technology-partners\/","name":"Technology Partners | Camp Tecnologico","isPartOf":{"@id":"https:\/\/camptecnologico.com\/inicio\/#website"},"primaryImageOfPage":{"@id":"https:\/\/camptecnologico.com\/inicio\/technology-partners\/#primaryimage"},"image":{"@id":"https:\/\/camptecnologico.com\/inicio\/technology-partners\/#primaryimage"},"thumbnailUrl":"https:\/\/camptecnologico.com\/inicio\/wp-content\/uploads\/industry-4.0camptec-1.jpg","datePublished":"2018-03-07T09:56:09+00:00","dateModified":"2018-03-08T13:50:25+00:00","description":"Dobot Magician, an educational multifunctional desktop robotic arm Dobot is a tool-equipped robotic arm able to transport parts, identify them through","breadcrumb":{"@id":"https:\/\/camptecnologico.com\/inicio\/technology-partners\/#breadcrumb"},"inLanguage":"es","potentialAction":[{"@type":"ReadAction","target":["https:\/\/camptecnologico.com\/inicio\/technology-partners\/"]}]},{"@type":"ImageObject","inLanguage":"es","@id":"https:\/\/camptecnologico.com\/inicio\/technology-partners\/#primaryimage","url":"https:\/\/camptecnologico.com\/inicio\/wp-content\/uploads\/industry-4.0camptec-1.jpg","contentUrl":"https:\/\/camptecnologico.com\/inicio\/wp-content\/uploads\/industry-4.0camptec-1.jpg","width":400,"height":235},{"@type":"BreadcrumbList","@id":"https:\/\/camptecnologico.com\/inicio\/technology-partners\/#breadcrumb","itemListElement":[{"@type":"ListItem","position":1,"name":"Home","item":"https:\/\/camptecnologico.com\/"},{"@type":"ListItem","position":2,"name":"Technology Partners"}]},{"@type":"WebSite","@id":"https:\/\/camptecnologico.com\/inicio\/#website","url":"https:\/\/camptecnologico.com\/inicio\/","name":"Camp Tecnologico","description":"Campamento tecnol\u00f3gico para ni\u00f1os y j\u00f3venes. Tecnolog\u00eda para ni\u00f1os. Minecraft.","publisher":{"@id":"https:\/\/camptecnologico.com\/inicio\/#organization"},"potentialAction":[{"@type":"SearchAction","target":{"@type":"EntryPoint","urlTemplate":"https:\/\/camptecnologico.com\/inicio\/?s={search_term_string}"},"query-input":"required name=search_term_string"}],"inLanguage":"es"},{"@type":"Organization","@id":"https:\/\/camptecnologico.com\/inicio\/#organization","name":"Camp Tecnol\u00f3gico","url":"https:\/\/camptecnologico.com\/inicio\/","logo":{"@type":"ImageObject","inLanguage":"es","@id":"https:\/\/camptecnologico.com\/inicio\/#\/schema\/logo\/image\/","url":"https:\/\/camptecnologico.com\/inicio\/wp-content\/uploads\/logo1.jpg","contentUrl":"https:\/\/camptecnologico.com\/inicio\/wp-content\/uploads\/logo1.jpg","width":120,"height":120,"caption":"Camp Tecnol\u00f3gico"},"image":{"@id":"https:\/\/camptecnologico.com\/inicio\/#\/schema\/logo\/image\/"},"sameAs":["https:\/\/www.facebook.com\/camptecnologico\/","https:\/\/x.com\/CampTecnologico","https:\/\/www.instagram.com\/camptecnologico\/","https:\/\/www.linkedin.com\/company\/camptecnol-gico","https:\/\/www.youtube.com\/user\/CampTecologico"]}]}},"_links":{"self":[{"href":"https:\/\/camptecnologico.com\/inicio\/wp-json\/wp\/v2\/pages\/31396","targetHints":{"allow":["GET"]}}],"collection":[{"href":"https:\/\/camptecnologico.com\/inicio\/wp-json\/wp\/v2\/pages"}],"about":[{"href":"https:\/\/camptecnologico.com\/inicio\/wp-json\/wp\/v2\/types\/page"}],"author":[{"embeddable":true,"href":"https:\/\/camptecnologico.com\/inicio\/wp-json\/wp\/v2\/users\/55"}],"replies":[{"embeddable":true,"href":"https:\/\/camptecnologico.com\/inicio\/wp-json\/wp\/v2\/comments?post=31396"}],"version-history":[{"count":27,"href":"https:\/\/camptecnologico.com\/inicio\/wp-json\/wp\/v2\/pages\/31396\/revisions"}],"predecessor-version":[{"id":31589,"href":"https:\/\/camptecnologico.com\/inicio\/wp-json\/wp\/v2\/pages\/31396\/revisions\/31589"}],"wp:featuredmedia":[{"embeddable":true,"href":"https:\/\/camptecnologico.com\/inicio\/wp-json\/wp\/v2\/media\/49704"}],"wp:attachment":[{"href":"https:\/\/camptecnologico.com\/inicio\/wp-json\/wp\/v2\/media?parent=31396"}],"curies":[{"name":"wp","href":"https:\/\/api.w.org\/{rel}","templated":true}]}}