




{"id":31246,"date":"2018-03-02T10:29:12","date_gmt":"2018-03-02T09:29:12","guid":{"rendered":"https:\/\/camptecnologico.com\/inicio\/?page_id=31246"},"modified":"2020-10-26T12:34:37","modified_gmt":"2020-10-26T11:34:37","slug":"proveedor-cozmo","status":"publish","type":"page","link":"https:\/\/camptecnologico.com\/inicio\/proveedor-cozmo\/","title":{"rendered":"Proveedor: Anki"},"content":{"rendered":"<div class=\"row\" style=\"margin-left: 50px;\">\r\n\r\n<div>\r\n<a href=\"https:\/\/www.anki.com\/en-us\/cozmo\"> \r\n    <img loading=\"lazy\" decoding=\"async\" src=\"https:\/\/camptecnologico.com\/inicio\/wp-content\/uploads\/anki-logo-70.png\" alt=\"\" width=\"70\" height=\"70\" class=\"alignleft size-full wp-image-30900\" \/> \r\n<\/a>\r\n    <p>Cozmo es un peque\u00f1o robot con reconocimiento facial, el cual \u201cexpresa sentimientos\u201d a trav\u00e9s de su rostro, es una peque\u00f1a pantalla OLED con ojos animados que cambian seg\u00fan la situaci\u00f3n, mostrando emociones de enfado o alegr\u00eda. <\/p>\r\n<\/div>\r\n\r\n<br \/><br \/>\r\n<div>\r\n<div class=\"embedded-video\"><iframe loading=\"lazy\" width=\"1140\" height=\"641\" src=\"https:\/\/www.youtube.com\/embed\/ldi1NCpe2Aw?feature=oembed&#038;enablejsapi=1&#038;origin=https:\/\/camptecnologico.com\/inicio\" frameborder=\"0\" allow=\"autoplay; encrypted-media\" allowfullscreen><\/iframe><\/div>\r\n<\/div>\r\n\r\n\r\n\t\t\t\t\t\r\n<div id=\"info\">\r\n\r\n    <div class=\"fourcol column\">\r\n        <h4>Compra<\/h4>\r\n        <p>Disponible en stock<\/p>\r\n        <h4>Producto<\/h4>\r\n   <p><center>\r\n         <\/center><\/p>Cozmo   \r\n    <\/div>\r\n\r\n    <div class=\"fourcol column\">\r\n        <h4>Descripci\u00f3n<\/h4>\r\n        <p>Cozmo es un peque\u00f1o robot con reconocimiento facial, el cual \u201cexpresa sentimientos\u201d a trav\u00e9s de su rostro, es una peque\u00f1a pantalla OLED con ojos animados que cambian seg\u00fan la situaci\u00f3n, mostrando emociones de enfado o alegr\u00eda. \r\nEl robot es capaz de moverse, gracias a un sistema capaz de reconocer rostros y voces, por lo que cuando conoce a alguien nuevo se muestra desconfiado, pero si hay confianza cambia su actitud.\r\nCozmo funciona a trav\u00e9s de una aplicaci\u00f3n m\u00f3vil, y puedes aprender programaci\u00f3n a trav\u00e9s de 3 niveles: b\u00e1sico e intermedio, por  c\u00f3digo de bloques tipo Scratch; y avanzado, por Python.\r\n\r\n<\/p>\r\n    <\/div>\r\n\r\n    <div class=\"fourcol column last\">\r\n        <h4>Ficha t\u00e9cnica<\/h4>\r\n        <p>\r\n<ul>\r\n<li>Package Content: Cozmo robot<\/li>\r\n<li>Reconocimiento facial<\/li>\r\n<li>Reconocimiento de voz<\/li> \r\n<li>Pantalla OLED<\/li>\r\n\r\n\r\n        <\/ul>\r\n<\/p>\r\n    <\/div>\r\n\r\n    <div class=\"clear\">\r\n<\/div>\r\n<\/div>\r\n<\/div>","protected":false},"excerpt":{"rendered":"Cozmo es un peque\u00f1o robot con reconocimiento facial, el cual \u201cexpresa sentimientos\u201d a trav\u00e9s de su rostro, es una peque\u00f1a pantalla OLED con ojos animados que cambian seg\u00fan la situaci\u00f3n, mostrando emociones de enfado o alegr\u00eda. Compra Disponible en stock Producto Cozmo Descripci\u00f3n Cozmo es un peque\u00f1o robot con reconocimiento facial, el cual \u201cexpresa sentimientos\u201d [&hellip;]","protected":false},"author":55,"featured_media":49704,"parent":0,"menu_order":0,"comment_status":"closed","ping_status":"closed","template":"template-right.php","meta":{"footnotes":"","_links_to":"","_links_to_target":""},"class_list":["post-31246","page","type-page","status-publish","has-post-thumbnail","hentry"],"yoast_head":"<!-- This site is optimized with the Yoast SEO plugin v22.6 - https:\/\/yoast.com\/wordpress\/plugins\/seo\/ -->\n<title>Proveedor: Anki | Camp Tecnologico<\/title>\n<meta name=\"description\" content=\"Cozmo es un peque\u00f1o robot con reconocimiento facial, el cual \u201cexpresa sentimientos\u201d a trav\u00e9s de su rostro, es una peque\u00f1a pantalla OLED con ojos animados\" \/>\n<meta name=\"robots\" content=\"noindex, nofollow, max-snippet:-1, max-image-preview:large, max-video-preview:-1\" \/>\n<meta property=\"og:locale\" content=\"es_ES\" \/>\n<meta property=\"og:type\" content=\"article\" \/>\n<meta property=\"og:title\" content=\"Proveedor: Anki | Camp Tecnologico\" \/>\n<meta property=\"og:description\" content=\"Cozmo es un peque\u00f1o robot con reconocimiento facial, el cual \u201cexpresa sentimientos\u201d a trav\u00e9s de su rostro, es una peque\u00f1a pantalla OLED con ojos animados\" \/>\n<meta property=\"og:url\" content=\"https:\/\/camptecnologico.com\/inicio\/proveedor-cozmo\/\" \/>\n<meta property=\"og:site_name\" content=\"Camp Tecnologico\" \/>\n<meta property=\"article:publisher\" content=\"https:\/\/www.facebook.com\/camptecnologico\/\" \/>\n<meta property=\"article:modified_time\" content=\"2020-10-26T11:34:37+00:00\" \/>\n<meta property=\"og:image\" content=\"https:\/\/camptecnologico.com\/inicio\/wp-content\/uploads\/industry-4.0camptec-1.jpg\" \/>\n\t<meta property=\"og:image:width\" content=\"400\" \/>\n\t<meta property=\"og:image:height\" content=\"235\" \/>\n\t<meta property=\"og:image:type\" content=\"image\/jpeg\" \/>\n<meta name=\"twitter:card\" content=\"summary_large_image\" \/>\n<meta name=\"twitter:site\" content=\"@CampTecnologico\" \/>\n<meta name=\"twitter:label1\" content=\"Tiempo de lectura\" \/>\n\t<meta name=\"twitter:data1\" content=\"1 minuto\" \/>\n<!-- \/ Yoast SEO plugin. -->","yoast_head_json":{"title":"Proveedor: Anki | Camp Tecnologico","description":"Cozmo es un peque\u00f1o robot con reconocimiento facial, el cual \u201cexpresa sentimientos\u201d a trav\u00e9s de su rostro, es una peque\u00f1a pantalla OLED con ojos animados","robots":{"index":"noindex","follow":"nofollow","max-snippet":"max-snippet:-1","max-image-preview":"max-image-preview:large","max-video-preview":"max-video-preview:-1"},"og_locale":"es_ES","og_type":"article","og_title":"Proveedor: Anki | Camp Tecnologico","og_description":"Cozmo es un peque\u00f1o robot con reconocimiento facial, el cual \u201cexpresa sentimientos\u201d a trav\u00e9s de su rostro, es una peque\u00f1a pantalla OLED con ojos animados","og_url":"https:\/\/camptecnologico.com\/inicio\/proveedor-cozmo\/","og_site_name":"Camp Tecnologico","article_publisher":"https:\/\/www.facebook.com\/camptecnologico\/","article_modified_time":"2020-10-26T11:34:37+00:00","og_image":[{"width":400,"height":235,"url":"https:\/\/camptecnologico.com\/inicio\/wp-content\/uploads\/industry-4.0camptec-1.jpg","type":"image\/jpeg"}],"twitter_card":"summary_large_image","twitter_site":"@CampTecnologico","twitter_misc":{"Tiempo de lectura":"1 minuto"},"schema":{"@context":"https:\/\/schema.org","@graph":[{"@type":"WebPage","@id":"https:\/\/camptecnologico.com\/inicio\/proveedor-cozmo\/","url":"https:\/\/camptecnologico.com\/inicio\/proveedor-cozmo\/","name":"Proveedor: Anki | Camp Tecnologico","isPartOf":{"@id":"https:\/\/camptecnologico.com\/inicio\/#website"},"primaryImageOfPage":{"@id":"https:\/\/camptecnologico.com\/inicio\/proveedor-cozmo\/#primaryimage"},"image":{"@id":"https:\/\/camptecnologico.com\/inicio\/proveedor-cozmo\/#primaryimage"},"thumbnailUrl":"https:\/\/camptecnologico.com\/inicio\/wp-content\/uploads\/industry-4.0camptec-1.jpg","datePublished":"2018-03-02T09:29:12+00:00","dateModified":"2020-10-26T11:34:37+00:00","description":"Cozmo es un peque\u00f1o robot con reconocimiento facial, el cual \u201cexpresa sentimientos\u201d a trav\u00e9s de su rostro, es una peque\u00f1a pantalla OLED con ojos animados","breadcrumb":{"@id":"https:\/\/camptecnologico.com\/inicio\/proveedor-cozmo\/#breadcrumb"},"inLanguage":"es","potentialAction":[{"@type":"ReadAction","target":["https:\/\/camptecnologico.com\/inicio\/proveedor-cozmo\/"]}]},{"@type":"ImageObject","inLanguage":"es","@id":"https:\/\/camptecnologico.com\/inicio\/proveedor-cozmo\/#primaryimage","url":"https:\/\/camptecnologico.com\/inicio\/wp-content\/uploads\/industry-4.0camptec-1.jpg","contentUrl":"https:\/\/camptecnologico.com\/inicio\/wp-content\/uploads\/industry-4.0camptec-1.jpg","width":400,"height":235},{"@type":"BreadcrumbList","@id":"https:\/\/camptecnologico.com\/inicio\/proveedor-cozmo\/#breadcrumb","itemListElement":[{"@type":"ListItem","position":1,"name":"Home","item":"https:\/\/camptecnologico.com\/"},{"@type":"ListItem","position":2,"name":"Proveedor: Anki"}]},{"@type":"WebSite","@id":"https:\/\/camptecnologico.com\/inicio\/#website","url":"https:\/\/camptecnologico.com\/inicio\/","name":"Camp Tecnologico","description":"Campamento tecnol\u00f3gico para ni\u00f1os y j\u00f3venes. Tecnolog\u00eda para ni\u00f1os. Minecraft.","publisher":{"@id":"https:\/\/camptecnologico.com\/inicio\/#organization"},"potentialAction":[{"@type":"SearchAction","target":{"@type":"EntryPoint","urlTemplate":"https:\/\/camptecnologico.com\/inicio\/?s={search_term_string}"},"query-input":"required name=search_term_string"}],"inLanguage":"es"},{"@type":"Organization","@id":"https:\/\/camptecnologico.com\/inicio\/#organization","name":"Camp Tecnol\u00f3gico","url":"https:\/\/camptecnologico.com\/inicio\/","logo":{"@type":"ImageObject","inLanguage":"es","@id":"https:\/\/camptecnologico.com\/inicio\/#\/schema\/logo\/image\/","url":"https:\/\/camptecnologico.com\/inicio\/wp-content\/uploads\/logo1.jpg","contentUrl":"https:\/\/camptecnologico.com\/inicio\/wp-content\/uploads\/logo1.jpg","width":120,"height":120,"caption":"Camp Tecnol\u00f3gico"},"image":{"@id":"https:\/\/camptecnologico.com\/inicio\/#\/schema\/logo\/image\/"},"sameAs":["https:\/\/www.facebook.com\/camptecnologico\/","https:\/\/x.com\/CampTecnologico","https:\/\/www.instagram.com\/camptecnologico\/","https:\/\/www.linkedin.com\/company\/camptecnol-gico","https:\/\/www.youtube.com\/user\/CampTecologico"]}]}},"_links":{"self":[{"href":"https:\/\/camptecnologico.com\/inicio\/wp-json\/wp\/v2\/pages\/31246","targetHints":{"allow":["GET"]}}],"collection":[{"href":"https:\/\/camptecnologico.com\/inicio\/wp-json\/wp\/v2\/pages"}],"about":[{"href":"https:\/\/camptecnologico.com\/inicio\/wp-json\/wp\/v2\/types\/page"}],"author":[{"embeddable":true,"href":"https:\/\/camptecnologico.com\/inicio\/wp-json\/wp\/v2\/users\/55"}],"replies":[{"embeddable":true,"href":"https:\/\/camptecnologico.com\/inicio\/wp-json\/wp\/v2\/comments?post=31246"}],"version-history":[{"count":10,"href":"https:\/\/camptecnologico.com\/inicio\/wp-json\/wp\/v2\/pages\/31246\/revisions"}],"predecessor-version":[{"id":49083,"href":"https:\/\/camptecnologico.com\/inicio\/wp-json\/wp\/v2\/pages\/31246\/revisions\/49083"}],"wp:featuredmedia":[{"embeddable":true,"href":"https:\/\/camptecnologico.com\/inicio\/wp-json\/wp\/v2\/media\/49704"}],"wp:attachment":[{"href":"https:\/\/camptecnologico.com\/inicio\/wp-json\/wp\/v2\/media?parent=31246"}],"curies":[{"name":"wp","href":"https:\/\/api.w.org\/{rel}","templated":true}]}}