




{"id":31204,"date":"2018-03-01T12:54:28","date_gmt":"2018-03-01T11:54:28","guid":{"rendered":"https:\/\/camptecnologico.com\/inicio\/?page_id=31204"},"modified":"2018-09-04T08:47:24","modified_gmt":"2018-09-04T07:47:24","slug":"proveedor-robo","status":"publish","type":"page","link":"https:\/\/camptecnologico.com\/inicio\/proveedor-robo\/","title":{"rendered":"Proveedor: Robo"},"content":{"rendered":"<div class=\"row\" style=\"margin-left: 50px;\">\r\n\r\n<a href=\"https:\/\/tienda.camptecnologico.com\/\" rel=\"noopener\" target=\"_blank\"><\/a>[wpv-autop]<div>\r\n<a href=\"http:\/\/robowunderkind.com\/\">\r\n    <img loading=\"lazy\" decoding=\"async\" src=\"https:\/\/camptecnologico.com\/inicio\/wp-content\/uploads\/robo-logo-70.png\" alt=\"\" width=\"70\" height=\"70\" class=\"alignleft size-full wp-image-30900\" \/> \r\n<\/a>\r\n<p>Con los m\u00f3dulos de Robo Wunderkind, los ni\u00f1os pueden construir f\u00e1cilmente varias creaciones rob\u00f3ticas. Kit de rob\u00f3tica que transforma la forma en que los ni\u00f1os aprenden sobre tecnolog\u00eda y apoya el aprendizaje y desarrollo para estudiantes. <\/p>\r\n<\/div>\r\n\r\n<br \/><br \/>\r\n<div>\r\n<div class=\"embedded-video\"><iframe loading=\"lazy\" width=\"1140\" height=\"641\" src=\"https:\/\/www.youtube.com\/embed\/PmqWjOcNw8k?start=106&#038;feature=oembed&#038;enablejsapi=1&#038;origin=https:\/\/camptecnologico.com\/inicio\" frameborder=\"0\" allow=\"autoplay; encrypted-media\" allowfullscreen><\/iframe><\/div>\r\n<\/div>\r\n\r\n\r\n\t\t\t\t\t\r\n<div id=\"info\">\r\n\r\n    <div class=\"fourcol column\">\r\n        <h4><a href=\"https:\/\/tienda.camptecnologico.com\/\" rel=\"noopener\" target=\"_blank\">Compra<\/a><\/h4>\r\n        <p>Disponible en stock<\/p>\r\n        <h4>Producto<\/h4>\r\n   <p><center>\r\n         <\/center><\/p>Robo Wunderkind   \r\n    <\/div>\r\n\r\n    <div class=\"fourcol column\">\r\n        <h4>Descripci\u00f3n<\/h4>\r\n        <p>Con los m\u00f3dulos de Robo Wunderkind, los ni\u00f1os pueden construir f\u00e1cilmente varias creaciones rob\u00f3ticas. Kit de rob\u00f3tica que transforma la forma en que los ni\u00f1os aprenden sobre tecnolog\u00eda y apoya el aprendizaje y desarrollo para estudiantes. \r\nDise\u00f1ado para ni\u00f1os de 6 a\u00f1os proporciona un manera f\u00e1cil y atractiva de aprender conceptos b\u00e1sicos de programaci\u00f3n y rob\u00f3tica. Gracias a la aplicaci\u00f3n Robo Code aprender\u00e1n a programar su robot y posteriormente a controlarlo. \r\nAdem\u00e1s, los ni\u00f1os podr\u00e1n unir los bloques e incluso utilizar sus piezas LEGO. Con este robot los ni\u00f1os podr\u00e1n aumentar su conocimiento sobre programaci\u00f3n y creatividad. \r\n\r\n<\/p>\r\n    <\/div>\r\n\r\n    <div class=\"fourcol column last\">\r\n        <h4>Ficha t\u00e9cnica<\/h4>\r\n        <p>\r\n<ul>\r\n<li>Package Content: Robo Wunderkind<\/li>\r\n<li>Main block<\/li>\r\n<li>2x DC motors<\/li> \r\n<li>Servo motor<\/li>\r\n<li>Conector block<\/li>\r\n<li>Distance sensor<\/li>\r\n<li>RGB light<\/li>\r\n<li>Button<\/li>\r\n<li>2x Big wheels<\/li>\r\n<li>Small wheel<\/li>\r\n<li>7x connectors<\/li>\r\n<li>4x LEGO adapters<\/li>\r\n<li>Wired connector<\/li>\r\n<li>Disconection tool<\/li>\r\n<li>Quick start guide<\/li>\r\n<li>Stickers<\/li>\r\n\r\n        <\/ul>\r\n<\/p>\r\n    <\/div>\r\n\r\n    <div class=\"clear\">\r\n<\/div>\r\n<\/div>\r\n\r\n<\/div>","protected":false},"excerpt":{"rendered":"[wpv-autop] Con los m\u00f3dulos de Robo Wunderkind, los ni\u00f1os pueden construir f\u00e1cilmente varias creaciones rob\u00f3ticas. Kit de rob\u00f3tica que transforma la forma en que los ni\u00f1os aprenden sobre tecnolog\u00eda y apoya el aprendizaje y desarrollo para estudiantes. Compra Disponible en stock Producto Robo Wunderkind Descripci\u00f3n Con los m\u00f3dulos de Robo Wunderkind, los ni\u00f1os pueden construir [&hellip;]","protected":false},"author":55,"featured_media":49704,"parent":0,"menu_order":0,"comment_status":"closed","ping_status":"closed","template":"template-right.php","meta":{"footnotes":"","_links_to":"","_links_to_target":""},"class_list":["post-31204","page","type-page","status-publish","has-post-thumbnail","hentry"],"yoast_head":"<!-- This site is optimized with the Yoast SEO plugin v22.6 - https:\/\/yoast.com\/wordpress\/plugins\/seo\/ -->\n<title>Proveedor: Robo | Camp Tecnologico<\/title>\n<meta name=\"description\" content=\"Con los m\u00f3dulos de Robo Wunderkind, los ni\u00f1os pueden construir f\u00e1cilmente varias creaciones rob\u00f3ticas. Kit de rob\u00f3tica que transforma la forma en que los\" \/>\n<meta name=\"robots\" content=\"noindex, nofollow, max-snippet:-1, max-image-preview:large, max-video-preview:-1\" \/>\n<meta property=\"og:locale\" content=\"es_ES\" \/>\n<meta property=\"og:type\" content=\"article\" \/>\n<meta property=\"og:title\" content=\"Proveedor: Robo | Camp Tecnologico\" \/>\n<meta property=\"og:description\" content=\"Con los m\u00f3dulos de Robo Wunderkind, los ni\u00f1os pueden construir f\u00e1cilmente varias creaciones rob\u00f3ticas. Kit de rob\u00f3tica que transforma la forma en que los\" \/>\n<meta property=\"og:url\" content=\"https:\/\/camptecnologico.com\/inicio\/proveedor-robo\/\" \/>\n<meta property=\"og:site_name\" content=\"Camp Tecnologico\" \/>\n<meta property=\"article:publisher\" content=\"https:\/\/www.facebook.com\/camptecnologico\/\" \/>\n<meta property=\"article:modified_time\" content=\"2018-09-04T07:47:24+00:00\" \/>\n<meta property=\"og:image\" content=\"https:\/\/camptecnologico.com\/inicio\/wp-content\/uploads\/industry-4.0camptec-1.jpg\" \/>\n\t<meta property=\"og:image:width\" content=\"400\" \/>\n\t<meta property=\"og:image:height\" content=\"235\" \/>\n\t<meta property=\"og:image:type\" content=\"image\/jpeg\" \/>\n<meta name=\"twitter:card\" content=\"summary_large_image\" \/>\n<meta name=\"twitter:site\" content=\"@CampTecnologico\" \/>\n<meta name=\"twitter:label1\" content=\"Tiempo de lectura\" \/>\n\t<meta name=\"twitter:data1\" content=\"1 minuto\" \/>\n<!-- \/ Yoast SEO plugin. -->","yoast_head_json":{"title":"Proveedor: Robo | Camp Tecnologico","description":"Con los m\u00f3dulos de Robo Wunderkind, los ni\u00f1os pueden construir f\u00e1cilmente varias creaciones rob\u00f3ticas. Kit de rob\u00f3tica que transforma la forma en que los","robots":{"index":"noindex","follow":"nofollow","max-snippet":"max-snippet:-1","max-image-preview":"max-image-preview:large","max-video-preview":"max-video-preview:-1"},"og_locale":"es_ES","og_type":"article","og_title":"Proveedor: Robo | Camp Tecnologico","og_description":"Con los m\u00f3dulos de Robo Wunderkind, los ni\u00f1os pueden construir f\u00e1cilmente varias creaciones rob\u00f3ticas. Kit de rob\u00f3tica que transforma la forma en que los","og_url":"https:\/\/camptecnologico.com\/inicio\/proveedor-robo\/","og_site_name":"Camp Tecnologico","article_publisher":"https:\/\/www.facebook.com\/camptecnologico\/","article_modified_time":"2018-09-04T07:47:24+00:00","og_image":[{"width":400,"height":235,"url":"https:\/\/camptecnologico.com\/inicio\/wp-content\/uploads\/industry-4.0camptec-1.jpg","type":"image\/jpeg"}],"twitter_card":"summary_large_image","twitter_site":"@CampTecnologico","twitter_misc":{"Tiempo de lectura":"1 minuto"},"schema":{"@context":"https:\/\/schema.org","@graph":[{"@type":"WebPage","@id":"https:\/\/camptecnologico.com\/inicio\/proveedor-robo\/","url":"https:\/\/camptecnologico.com\/inicio\/proveedor-robo\/","name":"Proveedor: Robo | Camp Tecnologico","isPartOf":{"@id":"https:\/\/camptecnologico.com\/inicio\/#website"},"primaryImageOfPage":{"@id":"https:\/\/camptecnologico.com\/inicio\/proveedor-robo\/#primaryimage"},"image":{"@id":"https:\/\/camptecnologico.com\/inicio\/proveedor-robo\/#primaryimage"},"thumbnailUrl":"https:\/\/camptecnologico.com\/inicio\/wp-content\/uploads\/industry-4.0camptec-1.jpg","datePublished":"2018-03-01T11:54:28+00:00","dateModified":"2018-09-04T07:47:24+00:00","description":"Con los m\u00f3dulos de Robo Wunderkind, los ni\u00f1os pueden construir f\u00e1cilmente varias creaciones rob\u00f3ticas. Kit de rob\u00f3tica que transforma la forma en que los","breadcrumb":{"@id":"https:\/\/camptecnologico.com\/inicio\/proveedor-robo\/#breadcrumb"},"inLanguage":"es","potentialAction":[{"@type":"ReadAction","target":["https:\/\/camptecnologico.com\/inicio\/proveedor-robo\/"]}]},{"@type":"ImageObject","inLanguage":"es","@id":"https:\/\/camptecnologico.com\/inicio\/proveedor-robo\/#primaryimage","url":"https:\/\/camptecnologico.com\/inicio\/wp-content\/uploads\/industry-4.0camptec-1.jpg","contentUrl":"https:\/\/camptecnologico.com\/inicio\/wp-content\/uploads\/industry-4.0camptec-1.jpg","width":400,"height":235},{"@type":"BreadcrumbList","@id":"https:\/\/camptecnologico.com\/inicio\/proveedor-robo\/#breadcrumb","itemListElement":[{"@type":"ListItem","position":1,"name":"Home","item":"https:\/\/camptecnologico.com\/"},{"@type":"ListItem","position":2,"name":"Proveedor: Robo"}]},{"@type":"WebSite","@id":"https:\/\/camptecnologico.com\/inicio\/#website","url":"https:\/\/camptecnologico.com\/inicio\/","name":"Camp Tecnologico","description":"Campamento tecnol\u00f3gico para ni\u00f1os y j\u00f3venes. Tecnolog\u00eda para ni\u00f1os. Minecraft.","publisher":{"@id":"https:\/\/camptecnologico.com\/inicio\/#organization"},"potentialAction":[{"@type":"SearchAction","target":{"@type":"EntryPoint","urlTemplate":"https:\/\/camptecnologico.com\/inicio\/?s={search_term_string}"},"query-input":"required name=search_term_string"}],"inLanguage":"es"},{"@type":"Organization","@id":"https:\/\/camptecnologico.com\/inicio\/#organization","name":"Camp Tecnol\u00f3gico","url":"https:\/\/camptecnologico.com\/inicio\/","logo":{"@type":"ImageObject","inLanguage":"es","@id":"https:\/\/camptecnologico.com\/inicio\/#\/schema\/logo\/image\/","url":"https:\/\/camptecnologico.com\/inicio\/wp-content\/uploads\/logo1.jpg","contentUrl":"https:\/\/camptecnologico.com\/inicio\/wp-content\/uploads\/logo1.jpg","width":120,"height":120,"caption":"Camp Tecnol\u00f3gico"},"image":{"@id":"https:\/\/camptecnologico.com\/inicio\/#\/schema\/logo\/image\/"},"sameAs":["https:\/\/www.facebook.com\/camptecnologico\/","https:\/\/x.com\/CampTecnologico","https:\/\/www.instagram.com\/camptecnologico\/","https:\/\/www.linkedin.com\/company\/camptecnol-gico","https:\/\/www.youtube.com\/user\/CampTecologico"]}]}},"_links":{"self":[{"href":"https:\/\/camptecnologico.com\/inicio\/wp-json\/wp\/v2\/pages\/31204","targetHints":{"allow":["GET"]}}],"collection":[{"href":"https:\/\/camptecnologico.com\/inicio\/wp-json\/wp\/v2\/pages"}],"about":[{"href":"https:\/\/camptecnologico.com\/inicio\/wp-json\/wp\/v2\/types\/page"}],"author":[{"embeddable":true,"href":"https:\/\/camptecnologico.com\/inicio\/wp-json\/wp\/v2\/users\/55"}],"replies":[{"embeddable":true,"href":"https:\/\/camptecnologico.com\/inicio\/wp-json\/wp\/v2\/comments?post=31204"}],"version-history":[{"count":14,"href":"https:\/\/camptecnologico.com\/inicio\/wp-json\/wp\/v2\/pages\/31204\/revisions"}],"predecessor-version":[{"id":34685,"href":"https:\/\/camptecnologico.com\/inicio\/wp-json\/wp\/v2\/pages\/31204\/revisions\/34685"}],"wp:featuredmedia":[{"embeddable":true,"href":"https:\/\/camptecnologico.com\/inicio\/wp-json\/wp\/v2\/media\/49704"}],"wp:attachment":[{"href":"https:\/\/camptecnologico.com\/inicio\/wp-json\/wp\/v2\/media?parent=31204"}],"curies":[{"name":"wp","href":"https:\/\/api.w.org\/{rel}","templated":true}]}}