




{"id":31197,"date":"2018-03-01T12:51:03","date_gmt":"2018-03-01T11:51:03","guid":{"rendered":"https:\/\/camptecnologico.com\/inicio\/?page_id=31197"},"modified":"2018-09-04T08:47:37","modified_gmt":"2018-09-04T07:47:37","slug":"proveedor-strawbees","status":"publish","type":"page","link":"https:\/\/camptecnologico.com\/inicio\/proveedor-strawbees\/","title":{"rendered":"Proveedor:  Strawbees"},"content":{"rendered":"<div class=\"row\" style=\"margin-left: 50px;\">\r\n\r\n<div>\r\n<a href=\"https:\/\/strawbees.com\/\">\r\n    <img loading=\"lazy\" decoding=\"async\" src=\"https:\/\/camptecnologico.com\/inicio\/wp-content\/uploads\/strawbees-logo-70.png\" alt=\"\" width=\"70\" height=\"70\" class=\"alignleft size-full wp-image-30900\" \/> \r\n<\/a>\r\n<p>Strawbees es un juego de construcci\u00f3n para j\u00f3venes, formado por una pieza muy simple de pl\u00e1stico, una \u201cconexi\u00f3n universal\u201d que permite conectar pl\u00e1stico y cart\u00f3n para crear construcciones de lo m\u00e1s variopintas.<\/p>\r\n<\/div>\r\n\r\n<br \/><br \/>\r\n<div>\r\n<div class=\"embedded-video\"><iframe loading=\"lazy\" width=\"1140\" height=\"641\" src=\"https:\/\/www.youtube.com\/embed\/dtxysqBfxbg?feature=oembed&#038;enablejsapi=1&#038;origin=https:\/\/camptecnologico.com\/inicio\" frameborder=\"0\" allow=\"autoplay; encrypted-media\" allowfullscreen><\/iframe><\/div>\r\n<\/div>\r\n\r\n\r\n\t\t\t\t\t\r\n<div id=\"info\">\r\n\r\n    <div class=\"fourcol column\">\r\n        <h4><a href=\"https:\/\/tienda.camptecnologico.com\/\" rel=\"noopener\" target=\"_blank\">Compra<\/a><\/h4>\r\n        <p>Disponible en stock<\/p>\r\n        <h4>Producto<\/h4>\r\n   <p><center>\r\n         <\/center><\/p>Strawbees   \r\n    <\/div>\r\n\r\n    <div class=\"fourcol column\">\r\n        <h4>Descripci\u00f3n<\/h4>\r\n        <p>Stawbees es un juego de construcci\u00f3n para j\u00f3venes, formado por una pieza muy simple de pl\u00e1stico, una \u201cconexi\u00f3n universal\u201d que permite conectar pl\u00e1stico y cart\u00f3n para crear construcciones de lo m\u00e1s variopintas. El l\u00edmite lo pone la imaginaci\u00f3n de cada jugador.\r\nTambi\u00e9n permite a los ni\u00f1os explorar ciencias como las matem\u00e1ticas, las ingenier\u00edas y la arquitectura de una forma muy divertida y amena. Incluso puede ser combinado con elementos de electr\u00f3nica y programaci\u00f3n.\r\n\r\n<\/p>\r\n    <\/div>\r\n\r\n    <div class=\"fourcol column last\">\r\n        <h4>Ficha t\u00e9cnica<\/h4>\r\n        <p>\r\n<ul>\r\n<li>Package Content: Strawbees<\/li>\r\n<li>Straw<\/li>\r\n<li>Strawbe<\/li> \r\n\r\n        <\/ul>\r\n<\/p>\r\n    <\/div>\r\n\r\n    <div class=\"clear\">\r\n<\/div>\r\n<\/div>\r\n\r\n<\/div>","protected":false},"excerpt":{"rendered":"Strawbees es un juego de construcci\u00f3n para j\u00f3venes, formado por una pieza muy simple de pl\u00e1stico, una \u201cconexi\u00f3n universal\u201d que permite conectar pl\u00e1stico y cart\u00f3n para crear construcciones de lo m\u00e1s variopintas. Compra Disponible en stock Producto Strawbees Descripci\u00f3n Stawbees es un juego de construcci\u00f3n para j\u00f3venes, formado por una pieza muy simple de pl\u00e1stico, [&hellip;]","protected":false},"author":55,"featured_media":49704,"parent":0,"menu_order":0,"comment_status":"closed","ping_status":"closed","template":"template-right.php","meta":{"footnotes":"","_links_to":"","_links_to_target":""},"class_list":["post-31197","page","type-page","status-publish","has-post-thumbnail","hentry"],"yoast_head":"<!-- This site is optimized with the Yoast SEO plugin v22.6 - https:\/\/yoast.com\/wordpress\/plugins\/seo\/ -->\n<title>Proveedor: Strawbees | Camp Tecnologico<\/title>\n<meta name=\"description\" content=\"Strawbees es un juego de construcci\u00f3n para j\u00f3venes, formado por una pieza muy simple de pl\u00e1stico, una \u201cconexi\u00f3n universal\u201d que permite conectar pl\u00e1stico y\" \/>\n<meta name=\"robots\" content=\"noindex, nofollow, max-snippet:-1, max-image-preview:large, max-video-preview:-1\" \/>\n<meta property=\"og:locale\" content=\"es_ES\" \/>\n<meta property=\"og:type\" content=\"article\" \/>\n<meta property=\"og:title\" content=\"Proveedor: Strawbees | Camp Tecnologico\" \/>\n<meta property=\"og:description\" content=\"Strawbees es un juego de construcci\u00f3n para j\u00f3venes, formado por una pieza muy simple de pl\u00e1stico, una \u201cconexi\u00f3n universal\u201d que permite conectar pl\u00e1stico y\" \/>\n<meta property=\"og:url\" content=\"https:\/\/camptecnologico.com\/inicio\/proveedor-strawbees\/\" \/>\n<meta property=\"og:site_name\" content=\"Camp Tecnologico\" \/>\n<meta property=\"article:publisher\" content=\"https:\/\/www.facebook.com\/camptecnologico\/\" \/>\n<meta property=\"article:modified_time\" content=\"2018-09-04T07:47:37+00:00\" \/>\n<meta property=\"og:image\" content=\"https:\/\/camptecnologico.com\/inicio\/wp-content\/uploads\/industry-4.0camptec-1.jpg\" \/>\n\t<meta property=\"og:image:width\" content=\"400\" \/>\n\t<meta property=\"og:image:height\" content=\"235\" \/>\n\t<meta property=\"og:image:type\" content=\"image\/jpeg\" \/>\n<meta name=\"twitter:card\" content=\"summary_large_image\" \/>\n<meta name=\"twitter:site\" content=\"@CampTecnologico\" \/>\n<meta name=\"twitter:label1\" content=\"Tiempo de lectura\" \/>\n\t<meta name=\"twitter:data1\" content=\"1 minuto\" \/>\n<!-- \/ Yoast SEO plugin. -->","yoast_head_json":{"title":"Proveedor: Strawbees | Camp Tecnologico","description":"Strawbees es un juego de construcci\u00f3n para j\u00f3venes, formado por una pieza muy simple de pl\u00e1stico, una \u201cconexi\u00f3n universal\u201d que permite conectar pl\u00e1stico y","robots":{"index":"noindex","follow":"nofollow","max-snippet":"max-snippet:-1","max-image-preview":"max-image-preview:large","max-video-preview":"max-video-preview:-1"},"og_locale":"es_ES","og_type":"article","og_title":"Proveedor: Strawbees | Camp Tecnologico","og_description":"Strawbees es un juego de construcci\u00f3n para j\u00f3venes, formado por una pieza muy simple de pl\u00e1stico, una \u201cconexi\u00f3n universal\u201d que permite conectar pl\u00e1stico y","og_url":"https:\/\/camptecnologico.com\/inicio\/proveedor-strawbees\/","og_site_name":"Camp Tecnologico","article_publisher":"https:\/\/www.facebook.com\/camptecnologico\/","article_modified_time":"2018-09-04T07:47:37+00:00","og_image":[{"width":400,"height":235,"url":"https:\/\/camptecnologico.com\/inicio\/wp-content\/uploads\/industry-4.0camptec-1.jpg","type":"image\/jpeg"}],"twitter_card":"summary_large_image","twitter_site":"@CampTecnologico","twitter_misc":{"Tiempo de lectura":"1 minuto"},"schema":{"@context":"https:\/\/schema.org","@graph":[{"@type":"WebPage","@id":"https:\/\/camptecnologico.com\/inicio\/proveedor-strawbees\/","url":"https:\/\/camptecnologico.com\/inicio\/proveedor-strawbees\/","name":"Proveedor: Strawbees | Camp Tecnologico","isPartOf":{"@id":"https:\/\/camptecnologico.com\/inicio\/#website"},"primaryImageOfPage":{"@id":"https:\/\/camptecnologico.com\/inicio\/proveedor-strawbees\/#primaryimage"},"image":{"@id":"https:\/\/camptecnologico.com\/inicio\/proveedor-strawbees\/#primaryimage"},"thumbnailUrl":"https:\/\/camptecnologico.com\/inicio\/wp-content\/uploads\/industry-4.0camptec-1.jpg","datePublished":"2018-03-01T11:51:03+00:00","dateModified":"2018-09-04T07:47:37+00:00","description":"Strawbees es un juego de construcci\u00f3n para j\u00f3venes, formado por una pieza muy simple de pl\u00e1stico, una \u201cconexi\u00f3n universal\u201d que permite conectar pl\u00e1stico y","breadcrumb":{"@id":"https:\/\/camptecnologico.com\/inicio\/proveedor-strawbees\/#breadcrumb"},"inLanguage":"es","potentialAction":[{"@type":"ReadAction","target":["https:\/\/camptecnologico.com\/inicio\/proveedor-strawbees\/"]}]},{"@type":"ImageObject","inLanguage":"es","@id":"https:\/\/camptecnologico.com\/inicio\/proveedor-strawbees\/#primaryimage","url":"https:\/\/camptecnologico.com\/inicio\/wp-content\/uploads\/industry-4.0camptec-1.jpg","contentUrl":"https:\/\/camptecnologico.com\/inicio\/wp-content\/uploads\/industry-4.0camptec-1.jpg","width":400,"height":235},{"@type":"BreadcrumbList","@id":"https:\/\/camptecnologico.com\/inicio\/proveedor-strawbees\/#breadcrumb","itemListElement":[{"@type":"ListItem","position":1,"name":"Home","item":"https:\/\/camptecnologico.com\/"},{"@type":"ListItem","position":2,"name":"Proveedor: Strawbees"}]},{"@type":"WebSite","@id":"https:\/\/camptecnologico.com\/inicio\/#website","url":"https:\/\/camptecnologico.com\/inicio\/","name":"Camp Tecnologico","description":"Campamento tecnol\u00f3gico para ni\u00f1os y j\u00f3venes. Tecnolog\u00eda para ni\u00f1os. Minecraft.","publisher":{"@id":"https:\/\/camptecnologico.com\/inicio\/#organization"},"potentialAction":[{"@type":"SearchAction","target":{"@type":"EntryPoint","urlTemplate":"https:\/\/camptecnologico.com\/inicio\/?s={search_term_string}"},"query-input":"required name=search_term_string"}],"inLanguage":"es"},{"@type":"Organization","@id":"https:\/\/camptecnologico.com\/inicio\/#organization","name":"Camp Tecnol\u00f3gico","url":"https:\/\/camptecnologico.com\/inicio\/","logo":{"@type":"ImageObject","inLanguage":"es","@id":"https:\/\/camptecnologico.com\/inicio\/#\/schema\/logo\/image\/","url":"https:\/\/camptecnologico.com\/inicio\/wp-content\/uploads\/logo1.jpg","contentUrl":"https:\/\/camptecnologico.com\/inicio\/wp-content\/uploads\/logo1.jpg","width":120,"height":120,"caption":"Camp Tecnol\u00f3gico"},"image":{"@id":"https:\/\/camptecnologico.com\/inicio\/#\/schema\/logo\/image\/"},"sameAs":["https:\/\/www.facebook.com\/camptecnologico\/","https:\/\/x.com\/CampTecnologico","https:\/\/www.instagram.com\/camptecnologico\/","https:\/\/www.linkedin.com\/company\/camptecnol-gico","https:\/\/www.youtube.com\/user\/CampTecologico"]}]}},"_links":{"self":[{"href":"https:\/\/camptecnologico.com\/inicio\/wp-json\/wp\/v2\/pages\/31197","targetHints":{"allow":["GET"]}}],"collection":[{"href":"https:\/\/camptecnologico.com\/inicio\/wp-json\/wp\/v2\/pages"}],"about":[{"href":"https:\/\/camptecnologico.com\/inicio\/wp-json\/wp\/v2\/types\/page"}],"author":[{"embeddable":true,"href":"https:\/\/camptecnologico.com\/inicio\/wp-json\/wp\/v2\/users\/55"}],"replies":[{"embeddable":true,"href":"https:\/\/camptecnologico.com\/inicio\/wp-json\/wp\/v2\/comments?post=31197"}],"version-history":[{"count":11,"href":"https:\/\/camptecnologico.com\/inicio\/wp-json\/wp\/v2\/pages\/31197\/revisions"}],"predecessor-version":[{"id":34686,"href":"https:\/\/camptecnologico.com\/inicio\/wp-json\/wp\/v2\/pages\/31197\/revisions\/34686"}],"wp:featuredmedia":[{"embeddable":true,"href":"https:\/\/camptecnologico.com\/inicio\/wp-json\/wp\/v2\/media\/49704"}],"wp:attachment":[{"href":"https:\/\/camptecnologico.com\/inicio\/wp-json\/wp\/v2\/media?parent=31197"}],"curies":[{"name":"wp","href":"https:\/\/api.w.org\/{rel}","templated":true}]}}