




{"id":31187,"date":"2018-03-01T12:29:54","date_gmt":"2018-03-01T11:29:54","guid":{"rendered":"https:\/\/camptecnologico.com\/inicio\/?page_id=31187"},"modified":"2019-04-23T19:02:57","modified_gmt":"2019-04-23T18:02:57","slug":"proveedor-logitow","status":"publish","type":"page","link":"https:\/\/camptecnologico.com\/inicio\/proveedor-logitow\/","title":{"rendered":"Proveedor: Logitow"},"content":{"rendered":"<div class=\"row\" style=\"margin-left: 50px;\">\r\n\r\n<div>\r\n\r\n    <img loading=\"lazy\" decoding=\"async\" src=\"https:\/\/camptecnologico.com\/inicio\/wp-content\/uploads\/logitow-logo-70.png\" alt=\"\" width=\"70\" height=\"70\" class=\"alignleft size-full wp-image-30900\" \/> \r\n\r\n<p>Logitow son unos bloques de construcci\u00f3n interactivos para ni\u00f1os que permiten crear animaciones 3D <\/p>\r\n<\/div>\r\n\r\n<br \/><br \/>\r\n<div>\r\n<div class=\"embedded-video\"><iframe loading=\"lazy\" width=\"1140\" height=\"641\" src=\"https:\/\/www.youtube.com\/embed\/MBrsbMiiAVQ?feature=oembed&#038;enablejsapi=1&#038;origin=https:\/\/camptecnologico.com\/inicio\" frameborder=\"0\" allow=\"accelerometer; autoplay; encrypted-media; gyroscope; picture-in-picture\" allowfullscreen><\/iframe><\/div>\r\n<\/div>\r\n\r\n\r\n\t\t\t\t\t\r\n<div id=\"info\">\r\n\r\n    <div class=\"fourcol column\">\r\n        <h4><a href=\"https:\/\/tienda.camptecnologico.com\/\" rel=\"noopener noreferrer\" target=\"_blank\">Compra<\/a><\/h4>\r\n        <p>Disponible en stock<\/p>\r\n        <h4>Producto<\/h4>\r\n   <p><center>\r\n         <\/center><\/p>Logitow   \r\n    <\/div>\r\n\r\n    <div class=\"fourcol column\">\r\n        <h4>Descripci\u00f3n<\/h4>\r\n        <p>Logitow son unos bloques de construcci\u00f3n interactivos para ni\u00f1os que permiten crear animaciones 3D en tiempo real en la tablet, permitiendo jugar al instante con el incre\u00edble mundo 3D.\r\n\r\nEstos bloques permitir\u00e1n crear la imaginaci\u00f3n de los ni\u00f1os\/as e inculcarles el trabajo en equipo y la diversi\u00f3n.\r\n\r\n<\/p>\r\n    <\/div>\r\n\r\n    <div class=\"fourcol column last\">\r\n        <h4>Ficha t\u00e9cnica<\/h4>\r\n        <p>\r\n<ul>\r\n<li>Package Content: Logitow<\/li>\r\n<li>Integracion educacion STEM<\/li>\r\n<li>Science<\/li> \r\n<li>Tecnology<\/li>\r\n<li>Engineering<\/li> \r\n<li>Math<\/li>\r\n\r\n        <\/ul>\r\n<\/p>\r\n    <\/div>\r\n\r\n    <div class=\"clear\">\r\n<\/div>\r\n<\/div>\r\n\r\n<\/div>","protected":false},"excerpt":{"rendered":"Logitow son unos bloques de construcci\u00f3n interactivos para ni\u00f1os que permiten crear animaciones 3D Compra Disponible en stock Producto Logitow Descripci\u00f3n Logitow son unos bloques de construcci\u00f3n interactivos para ni\u00f1os que permiten crear animaciones 3D en tiempo real en la tablet, permitiendo jugar al instante con el incre\u00edble mundo 3D. Estos bloques permitir\u00e1n crear la [&hellip;]","protected":false},"author":55,"featured_media":49704,"parent":0,"menu_order":0,"comment_status":"closed","ping_status":"closed","template":"template-right.php","meta":{"footnotes":"","_links_to":"","_links_to_target":""},"class_list":["post-31187","page","type-page","status-publish","has-post-thumbnail","hentry"],"yoast_head":"<!-- This site is optimized with the Yoast SEO plugin v22.6 - https:\/\/yoast.com\/wordpress\/plugins\/seo\/ -->\n<title>Proveedor: Logitow | Camp Tecnologico<\/title>\n<meta name=\"description\" content=\"Logitow son unos bloques de construcci\u00f3n interactivos para ni\u00f1os que permiten crear animaciones 3D https:\/\/www.youtube.com\/watch?v=MBrsbMiiAVQ Compra\" \/>\n<meta name=\"robots\" content=\"noindex, nofollow, max-snippet:-1, max-image-preview:large, max-video-preview:-1\" \/>\n<meta property=\"og:locale\" content=\"es_ES\" \/>\n<meta property=\"og:type\" content=\"article\" \/>\n<meta property=\"og:title\" content=\"Proveedor: Logitow | Camp Tecnologico\" \/>\n<meta property=\"og:description\" content=\"Logitow son unos bloques de construcci\u00f3n interactivos para ni\u00f1os que permiten crear animaciones 3D https:\/\/www.youtube.com\/watch?v=MBrsbMiiAVQ Compra\" \/>\n<meta property=\"og:url\" content=\"https:\/\/camptecnologico.com\/inicio\/proveedor-logitow\/\" \/>\n<meta property=\"og:site_name\" content=\"Camp Tecnologico\" \/>\n<meta property=\"article:publisher\" content=\"https:\/\/www.facebook.com\/camptecnologico\/\" \/>\n<meta property=\"article:modified_time\" content=\"2019-04-23T18:02:57+00:00\" \/>\n<meta property=\"og:image\" content=\"https:\/\/camptecnologico.com\/inicio\/wp-content\/uploads\/industry-4.0camptec-1.jpg\" \/>\n\t<meta property=\"og:image:width\" content=\"400\" \/>\n\t<meta property=\"og:image:height\" content=\"235\" \/>\n\t<meta property=\"og:image:type\" content=\"image\/jpeg\" \/>\n<meta name=\"twitter:card\" content=\"summary_large_image\" \/>\n<meta name=\"twitter:site\" content=\"@CampTecnologico\" \/>\n<!-- \/ Yoast SEO plugin. -->","yoast_head_json":{"title":"Proveedor: Logitow | Camp Tecnologico","description":"Logitow son unos bloques de construcci\u00f3n interactivos para ni\u00f1os que permiten crear animaciones 3D https:\/\/www.youtube.com\/watch?v=MBrsbMiiAVQ Compra","robots":{"index":"noindex","follow":"nofollow","max-snippet":"max-snippet:-1","max-image-preview":"max-image-preview:large","max-video-preview":"max-video-preview:-1"},"og_locale":"es_ES","og_type":"article","og_title":"Proveedor: Logitow | Camp Tecnologico","og_description":"Logitow son unos bloques de construcci\u00f3n interactivos para ni\u00f1os que permiten crear animaciones 3D https:\/\/www.youtube.com\/watch?v=MBrsbMiiAVQ Compra","og_url":"https:\/\/camptecnologico.com\/inicio\/proveedor-logitow\/","og_site_name":"Camp Tecnologico","article_publisher":"https:\/\/www.facebook.com\/camptecnologico\/","article_modified_time":"2019-04-23T18:02:57+00:00","og_image":[{"width":400,"height":235,"url":"https:\/\/camptecnologico.com\/inicio\/wp-content\/uploads\/industry-4.0camptec-1.jpg","type":"image\/jpeg"}],"twitter_card":"summary_large_image","twitter_site":"@CampTecnologico","schema":{"@context":"https:\/\/schema.org","@graph":[{"@type":"WebPage","@id":"https:\/\/camptecnologico.com\/inicio\/proveedor-logitow\/","url":"https:\/\/camptecnologico.com\/inicio\/proveedor-logitow\/","name":"Proveedor: Logitow | Camp Tecnologico","isPartOf":{"@id":"https:\/\/camptecnologico.com\/inicio\/#website"},"primaryImageOfPage":{"@id":"https:\/\/camptecnologico.com\/inicio\/proveedor-logitow\/#primaryimage"},"image":{"@id":"https:\/\/camptecnologico.com\/inicio\/proveedor-logitow\/#primaryimage"},"thumbnailUrl":"https:\/\/camptecnologico.com\/inicio\/wp-content\/uploads\/industry-4.0camptec-1.jpg","datePublished":"2018-03-01T11:29:54+00:00","dateModified":"2019-04-23T18:02:57+00:00","description":"Logitow son unos bloques de construcci\u00f3n interactivos para ni\u00f1os que permiten crear animaciones 3D https:\/\/www.youtube.com\/watch?v=MBrsbMiiAVQ Compra","breadcrumb":{"@id":"https:\/\/camptecnologico.com\/inicio\/proveedor-logitow\/#breadcrumb"},"inLanguage":"es","potentialAction":[{"@type":"ReadAction","target":["https:\/\/camptecnologico.com\/inicio\/proveedor-logitow\/"]}]},{"@type":"ImageObject","inLanguage":"es","@id":"https:\/\/camptecnologico.com\/inicio\/proveedor-logitow\/#primaryimage","url":"https:\/\/camptecnologico.com\/inicio\/wp-content\/uploads\/industry-4.0camptec-1.jpg","contentUrl":"https:\/\/camptecnologico.com\/inicio\/wp-content\/uploads\/industry-4.0camptec-1.jpg","width":400,"height":235},{"@type":"BreadcrumbList","@id":"https:\/\/camptecnologico.com\/inicio\/proveedor-logitow\/#breadcrumb","itemListElement":[{"@type":"ListItem","position":1,"name":"Home","item":"https:\/\/camptecnologico.com\/"},{"@type":"ListItem","position":2,"name":"Proveedor: Logitow"}]},{"@type":"WebSite","@id":"https:\/\/camptecnologico.com\/inicio\/#website","url":"https:\/\/camptecnologico.com\/inicio\/","name":"Camp Tecnologico","description":"Campamento tecnol\u00f3gico para ni\u00f1os y j\u00f3venes. Tecnolog\u00eda para ni\u00f1os. Minecraft.","publisher":{"@id":"https:\/\/camptecnologico.com\/inicio\/#organization"},"potentialAction":[{"@type":"SearchAction","target":{"@type":"EntryPoint","urlTemplate":"https:\/\/camptecnologico.com\/inicio\/?s={search_term_string}"},"query-input":"required name=search_term_string"}],"inLanguage":"es"},{"@type":"Organization","@id":"https:\/\/camptecnologico.com\/inicio\/#organization","name":"Camp Tecnol\u00f3gico","url":"https:\/\/camptecnologico.com\/inicio\/","logo":{"@type":"ImageObject","inLanguage":"es","@id":"https:\/\/camptecnologico.com\/inicio\/#\/schema\/logo\/image\/","url":"https:\/\/camptecnologico.com\/inicio\/wp-content\/uploads\/logo1.jpg","contentUrl":"https:\/\/camptecnologico.com\/inicio\/wp-content\/uploads\/logo1.jpg","width":120,"height":120,"caption":"Camp Tecnol\u00f3gico"},"image":{"@id":"https:\/\/camptecnologico.com\/inicio\/#\/schema\/logo\/image\/"},"sameAs":["https:\/\/www.facebook.com\/camptecnologico\/","https:\/\/x.com\/CampTecnologico","https:\/\/www.instagram.com\/camptecnologico\/","https:\/\/www.linkedin.com\/company\/camptecnol-gico","https:\/\/www.youtube.com\/user\/CampTecologico"]}]}},"_links":{"self":[{"href":"https:\/\/camptecnologico.com\/inicio\/wp-json\/wp\/v2\/pages\/31187","targetHints":{"allow":["GET"]}}],"collection":[{"href":"https:\/\/camptecnologico.com\/inicio\/wp-json\/wp\/v2\/pages"}],"about":[{"href":"https:\/\/camptecnologico.com\/inicio\/wp-json\/wp\/v2\/types\/page"}],"author":[{"embeddable":true,"href":"https:\/\/camptecnologico.com\/inicio\/wp-json\/wp\/v2\/users\/55"}],"replies":[{"embeddable":true,"href":"https:\/\/camptecnologico.com\/inicio\/wp-json\/wp\/v2\/comments?post=31187"}],"version-history":[{"count":12,"href":"https:\/\/camptecnologico.com\/inicio\/wp-json\/wp\/v2\/pages\/31187\/revisions"}],"predecessor-version":[{"id":38682,"href":"https:\/\/camptecnologico.com\/inicio\/wp-json\/wp\/v2\/pages\/31187\/revisions\/38682"}],"wp:featuredmedia":[{"embeddable":true,"href":"https:\/\/camptecnologico.com\/inicio\/wp-json\/wp\/v2\/media\/49704"}],"wp:attachment":[{"href":"https:\/\/camptecnologico.com\/inicio\/wp-json\/wp\/v2\/media?parent=31187"}],"curies":[{"name":"wp","href":"https:\/\/api.w.org\/{rel}","templated":true}]}}