




{"id":31175,"date":"2018-03-01T12:07:53","date_gmt":"2018-03-01T11:07:53","guid":{"rendered":"https:\/\/camptecnologico.com\/inicio\/?page_id=31175"},"modified":"2018-06-19T17:55:35","modified_gmt":"2018-06-19T16:55:35","slug":"proveedor-curiosity","status":"publish","type":"page","link":"https:\/\/camptecnologico.com\/inicio\/proveedor-curiosity\/","title":{"rendered":"Proveedor: Curiosity"},"content":{"rendered":"<div class=\"row\" style=\"margin-left: 50px;\">\r\n\r\n<div>\r\n<img loading=\"lazy\" decoding=\"async\" src=\"https:\/\/camptecnologico.com\/inicio\/wp-content\/uploads\/curiosity-logo-70.png\" alt=\"\" width=\"70\" height=\"70\" class=\"alignleft size-full wp-image-30900\" \/>\r\n<p>\u00bfAlguna vez has querido construir tu propio veh\u00edculo para Marte? \u00a1Ahora s\u00ed puedes\u00a1 Se ha dise\u00f1ado un veh\u00edculo replica a escala del modelo real de la Nasa que est\u00e1 explorando Marte.<\/p>\r\n<\/div>\r\n\r\n<br \/><br \/>\r\n<div>\r\n<p>\r\n<img loading=\"lazy\" decoding=\"async\" src=\"https:\/\/camptecnologico.com\/inicio\/wp-content\/uploads\/rover_nasa-300x198.jpeg\" alt=\"\" width=\"300\" height=\"198\" class=\"alignnone size-medium wp-image-31186\" \/>\r\n<\/p>\r\n<\/div>\r\n\r\n\r\n\t\t\t\t\t\r\n<div id=\"info\">\r\n\r\n    <div class=\"fourcol column\">\r\n        <h4><a href=\"https:\/\/tienda.camptecnologico.com\/\" rel=\"noopener\" target=\"_blank\">Compra<\/a><\/h4>\r\n        <p>Disponible en stock<\/p>\r\n        <h4>Producto<\/h4>\r\n   <p><center>\r\n         <\/center><\/p>Mars Curiosity Rover<\/p>   \r\n    <\/div>\r\n\r\n    <div class=\"fourcol column\">\r\n        <h4>Descripci\u00f3n<\/h4>\r\n        <p>\u00bfAlguna vez has querido construir tu propio veh\u00edculo para Marte? \u00a1Ahora s\u00ed puedes\u00a1 Se ha dise\u00f1ado un veh\u00edculo replica a escala del modelo real de la Nasa que est\u00e1 explorando Marte, tiene 6 ruedas, de las cuales 4 son ruedas motrices con el  sistema de suspensi\u00f3n basculante , como los veh\u00edculos de exploraci\u00f3n en Marte reales.\t\r\nVer\u00e1s c\u00f3mo se ensambla el veh\u00edculo pieza a pieza, haciendo hincapi\u00e9 en sus diferentes componentes como motores, c\u00e1mara, pantalla\u2026 Todo ello controlado por una placa Rasberry Pi y un sistema de sensores basado en el tratamiento de im\u00e1genes gracias a su c\u00e1mara de video.\r\n\r\n<\/p>\r\n    <\/div>\r\n\r\n    <div class=\"fourcol column last\">\r\n        <h4>Ficha t\u00e9cnica<\/h4>\r\n        <p>\r\n<ul>\r\n<li>Package Content: Mars Curiosity Rover <\/li>\r\n<li>6 ruedas<\/li>\r\n<li>Sistema de suspesion basculante<\/li> \r\n<li>Camara<\/li>\r\n<li>Pantalla<\/li> \r\n<li>Controlado por Rasberry Pi<\/li>\r\n<li>Sistema de sensores<\/li>\r\n\r\n\r\n        <\/ul>\r\n<\/p>\r\n    <\/div>\r\n\r\n    <div class=\"clear\">\r\n<\/div>\r\n<\/div>\r\n\r\n<\/div>","protected":false},"excerpt":{"rendered":"\u00bfAlguna vez has querido construir tu propio veh\u00edculo para Marte? \u00a1Ahora s\u00ed puedes\u00a1 Se ha dise\u00f1ado un veh\u00edculo replica a escala del modelo real de la Nasa que est\u00e1 explorando Marte. Compra Disponible en stock Producto Mars Curiosity Rover Descripci\u00f3n \u00bfAlguna vez has querido construir tu propio veh\u00edculo para Marte? \u00a1Ahora s\u00ed puedes\u00a1 Se ha [&hellip;]","protected":false},"author":55,"featured_media":49704,"parent":0,"menu_order":0,"comment_status":"closed","ping_status":"closed","template":"template-right.php","meta":{"footnotes":"","_links_to":"","_links_to_target":""},"class_list":["post-31175","page","type-page","status-publish","has-post-thumbnail","hentry"],"yoast_head":"<!-- This site is optimized with the Yoast SEO plugin v22.6 - https:\/\/yoast.com\/wordpress\/plugins\/seo\/ -->\n<title>Proveedor: Curiosity | Camp Tecnologico<\/title>\n<meta name=\"description\" content=\"\u00bfAlguna vez has querido construir tu propio veh\u00edculo para Marte? \u00a1Ahora s\u00ed puedes\u00a1 Se ha dise\u00f1ado un veh\u00edculo replica a escala del modelo real de la Nasa\" \/>\n<meta name=\"robots\" content=\"noindex, nofollow, max-snippet:-1, max-image-preview:large, max-video-preview:-1\" \/>\n<meta property=\"og:locale\" content=\"es_ES\" \/>\n<meta property=\"og:type\" content=\"article\" \/>\n<meta property=\"og:title\" content=\"Proveedor: Curiosity | Camp Tecnologico\" \/>\n<meta property=\"og:description\" content=\"\u00bfAlguna vez has querido construir tu propio veh\u00edculo para Marte? \u00a1Ahora s\u00ed puedes\u00a1 Se ha dise\u00f1ado un veh\u00edculo replica a escala del modelo real de la Nasa\" \/>\n<meta property=\"og:url\" content=\"https:\/\/camptecnologico.com\/inicio\/proveedor-curiosity\/\" \/>\n<meta property=\"og:site_name\" content=\"Camp Tecnologico\" \/>\n<meta property=\"article:publisher\" content=\"https:\/\/www.facebook.com\/camptecnologico\/\" \/>\n<meta property=\"article:modified_time\" content=\"2018-06-19T16:55:35+00:00\" \/>\n<meta property=\"og:image\" content=\"https:\/\/camptecnologico.com\/inicio\/wp-content\/uploads\/industry-4.0camptec-1.jpg\" \/>\n\t<meta property=\"og:image:width\" content=\"400\" \/>\n\t<meta property=\"og:image:height\" content=\"235\" \/>\n\t<meta property=\"og:image:type\" content=\"image\/jpeg\" \/>\n<meta name=\"twitter:card\" content=\"summary_large_image\" \/>\n<meta name=\"twitter:site\" content=\"@CampTecnologico\" \/>\n<meta name=\"twitter:label1\" content=\"Tiempo de lectura\" \/>\n\t<meta name=\"twitter:data1\" content=\"1 minuto\" \/>\n<!-- \/ Yoast SEO plugin. -->","yoast_head_json":{"title":"Proveedor: Curiosity | Camp Tecnologico","description":"\u00bfAlguna vez has querido construir tu propio veh\u00edculo para Marte? \u00a1Ahora s\u00ed puedes\u00a1 Se ha dise\u00f1ado un veh\u00edculo replica a escala del modelo real de la Nasa","robots":{"index":"noindex","follow":"nofollow","max-snippet":"max-snippet:-1","max-image-preview":"max-image-preview:large","max-video-preview":"max-video-preview:-1"},"og_locale":"es_ES","og_type":"article","og_title":"Proveedor: Curiosity | Camp Tecnologico","og_description":"\u00bfAlguna vez has querido construir tu propio veh\u00edculo para Marte? \u00a1Ahora s\u00ed puedes\u00a1 Se ha dise\u00f1ado un veh\u00edculo replica a escala del modelo real de la Nasa","og_url":"https:\/\/camptecnologico.com\/inicio\/proveedor-curiosity\/","og_site_name":"Camp Tecnologico","article_publisher":"https:\/\/www.facebook.com\/camptecnologico\/","article_modified_time":"2018-06-19T16:55:35+00:00","og_image":[{"width":400,"height":235,"url":"https:\/\/camptecnologico.com\/inicio\/wp-content\/uploads\/industry-4.0camptec-1.jpg","type":"image\/jpeg"}],"twitter_card":"summary_large_image","twitter_site":"@CampTecnologico","twitter_misc":{"Tiempo de lectura":"1 minuto"},"schema":{"@context":"https:\/\/schema.org","@graph":[{"@type":"WebPage","@id":"https:\/\/camptecnologico.com\/inicio\/proveedor-curiosity\/","url":"https:\/\/camptecnologico.com\/inicio\/proveedor-curiosity\/","name":"Proveedor: Curiosity | Camp Tecnologico","isPartOf":{"@id":"https:\/\/camptecnologico.com\/inicio\/#website"},"primaryImageOfPage":{"@id":"https:\/\/camptecnologico.com\/inicio\/proveedor-curiosity\/#primaryimage"},"image":{"@id":"https:\/\/camptecnologico.com\/inicio\/proveedor-curiosity\/#primaryimage"},"thumbnailUrl":"https:\/\/camptecnologico.com\/inicio\/wp-content\/uploads\/industry-4.0camptec-1.jpg","datePublished":"2018-03-01T11:07:53+00:00","dateModified":"2018-06-19T16:55:35+00:00","description":"\u00bfAlguna vez has querido construir tu propio veh\u00edculo para Marte? \u00a1Ahora s\u00ed puedes\u00a1 Se ha dise\u00f1ado un veh\u00edculo replica a escala del modelo real de la Nasa","breadcrumb":{"@id":"https:\/\/camptecnologico.com\/inicio\/proveedor-curiosity\/#breadcrumb"},"inLanguage":"es","potentialAction":[{"@type":"ReadAction","target":["https:\/\/camptecnologico.com\/inicio\/proveedor-curiosity\/"]}]},{"@type":"ImageObject","inLanguage":"es","@id":"https:\/\/camptecnologico.com\/inicio\/proveedor-curiosity\/#primaryimage","url":"https:\/\/camptecnologico.com\/inicio\/wp-content\/uploads\/industry-4.0camptec-1.jpg","contentUrl":"https:\/\/camptecnologico.com\/inicio\/wp-content\/uploads\/industry-4.0camptec-1.jpg","width":400,"height":235},{"@type":"BreadcrumbList","@id":"https:\/\/camptecnologico.com\/inicio\/proveedor-curiosity\/#breadcrumb","itemListElement":[{"@type":"ListItem","position":1,"name":"Home","item":"https:\/\/camptecnologico.com\/"},{"@type":"ListItem","position":2,"name":"Proveedor: Curiosity"}]},{"@type":"WebSite","@id":"https:\/\/camptecnologico.com\/inicio\/#website","url":"https:\/\/camptecnologico.com\/inicio\/","name":"Camp Tecnologico","description":"Campamento tecnol\u00f3gico para ni\u00f1os y j\u00f3venes. Tecnolog\u00eda para ni\u00f1os. Minecraft.","publisher":{"@id":"https:\/\/camptecnologico.com\/inicio\/#organization"},"potentialAction":[{"@type":"SearchAction","target":{"@type":"EntryPoint","urlTemplate":"https:\/\/camptecnologico.com\/inicio\/?s={search_term_string}"},"query-input":"required name=search_term_string"}],"inLanguage":"es"},{"@type":"Organization","@id":"https:\/\/camptecnologico.com\/inicio\/#organization","name":"Camp Tecnol\u00f3gico","url":"https:\/\/camptecnologico.com\/inicio\/","logo":{"@type":"ImageObject","inLanguage":"es","@id":"https:\/\/camptecnologico.com\/inicio\/#\/schema\/logo\/image\/","url":"https:\/\/camptecnologico.com\/inicio\/wp-content\/uploads\/logo1.jpg","contentUrl":"https:\/\/camptecnologico.com\/inicio\/wp-content\/uploads\/logo1.jpg","width":120,"height":120,"caption":"Camp Tecnol\u00f3gico"},"image":{"@id":"https:\/\/camptecnologico.com\/inicio\/#\/schema\/logo\/image\/"},"sameAs":["https:\/\/www.facebook.com\/camptecnologico\/","https:\/\/x.com\/CampTecnologico","https:\/\/www.instagram.com\/camptecnologico\/","https:\/\/www.linkedin.com\/company\/camptecnol-gico","https:\/\/www.youtube.com\/user\/CampTecologico"]}]}},"_links":{"self":[{"href":"https:\/\/camptecnologico.com\/inicio\/wp-json\/wp\/v2\/pages\/31175","targetHints":{"allow":["GET"]}}],"collection":[{"href":"https:\/\/camptecnologico.com\/inicio\/wp-json\/wp\/v2\/pages"}],"about":[{"href":"https:\/\/camptecnologico.com\/inicio\/wp-json\/wp\/v2\/types\/page"}],"author":[{"embeddable":true,"href":"https:\/\/camptecnologico.com\/inicio\/wp-json\/wp\/v2\/users\/55"}],"replies":[{"embeddable":true,"href":"https:\/\/camptecnologico.com\/inicio\/wp-json\/wp\/v2\/comments?post=31175"}],"version-history":[{"count":9,"href":"https:\/\/camptecnologico.com\/inicio\/wp-json\/wp\/v2\/pages\/31175\/revisions"}],"predecessor-version":[{"id":36378,"href":"https:\/\/camptecnologico.com\/inicio\/wp-json\/wp\/v2\/pages\/31175\/revisions\/36378"}],"wp:featuredmedia":[{"embeddable":true,"href":"https:\/\/camptecnologico.com\/inicio\/wp-json\/wp\/v2\/media\/49704"}],"wp:attachment":[{"href":"https:\/\/camptecnologico.com\/inicio\/wp-json\/wp\/v2\/media?parent=31175"}],"curies":[{"name":"wp","href":"https:\/\/api.w.org\/{rel}","templated":true}]}}