




{"id":31168,"date":"2018-03-02T12:55:42","date_gmt":"2018-03-02T11:55:42","guid":{"rendered":"https:\/\/camptecnologico.com\/inicio\/?page_id=31168"},"modified":"2018-09-04T08:42:01","modified_gmt":"2018-09-04T07:42:01","slug":"proveedor-gomer","status":"publish","type":"page","link":"https:\/\/camptecnologico.com\/inicio\/proveedor-gomer\/","title":{"rendered":"Proveedor: Glitech"},"content":{"rendered":"<div class=\"row\" style=\"margin-left: 50px;\">\r\n    <div>\r\n        <a href=\"http:\/\/www.glitech.com\">\r\n            <img loading=\"lazy\" decoding=\"async\" class=\"alignleft size-full wp-image-30900\" src=\"https:\/\/camptecnologico.com\/inicio\/wp-content\/uploads\/gomer-imagen.png\" alt=\"\" width=\"70\" height=\"70\"\/>\r\n        <\/a>\r\n        <p>Gomer el robot que interact\u00faa y entretiene a la familia. Tiene una pinza flexible y puede coger cualquier cosa, desde alimentos a art\u00edculos del hogar.<\/p> \r\n    <\/div>\r\n\r\n    <div class=\"clearfix\"><\/div>\r\n\r\n    <div>\r\n        <div class=\"embedded-video\"><iframe loading=\"lazy\" width=\"1140\" height=\"641\" src=\"https:\/\/www.youtube.com\/embed\/PqPn3Tg_q7Q?feature=oembed&#038;enablejsapi=1&#038;origin=https:\/\/camptecnologico.com\/inicio\" frameborder=\"0\" allow=\"autoplay; encrypted-media\" allowfullscreen><\/iframe><\/div>\r\n    <\/div>\r\n\t\t\t\t\t\r\n    <div id=\"info\">\r\n        <div class=\"fourcol column\">\r\n            <h4><a href=\"https:\/\/tienda.camptecnologico.com\/\" rel=\"noopener\" target=\"_blank\">Compra<\/a><\/h4>\r\n            <p>Disponible en stock<\/p>\r\n            <h4>Producto<\/h4>\r\n            <p>Gomer <\/p>   \r\n        <\/div>\r\n\r\n        <div class=\"fourcol column\">\r\n            <h4>Descripci\u00f3n<\/h4>\r\n            <p>Gomer el robot que interact\u00faa y entretiene a la familia. Tiene una pinza flexible y puede coger cualquier cosa, desde alimentos a art\u00edculos del hogar. \r\n\t\t\t   Gomer es el compa\u00f1ero perfecto para los ni\u00f1os, ya que viene con una c\u00e1mara incorporada y Wi-Fi, permitiendo reconocer las caras y las emociones, \r\n\t\t\t   aprender programaci\u00f3n gr\u00e1fica, jugar a juegos\u2026 <br \/>\r\n\t\t\t   Se puede usar a Gomer como c\u00e1mara de seguridad, gracias a la app para el m\u00f3vil y su c\u00e1mara, permitiendo saber c\u00f3mo est\u00e1 la casa o tu mascota. \r\n\t\t\t   Se puede programar  con un c\u00f3digo de bloques, ense\u00f1ando a los peque\u00f1os de casa la educaci\u00f3n STEM.\r\n\t\t\t<\/p>\r\n        <\/div>\r\n\r\n        <div class=\"fourcol column last\">\r\n            <h4>Ficha t\u00e9cnica<\/h4>\r\n            <p>\r\n              <ul>\r\n                <li>Package Content: Gomer robot<\/li>\r\n                <li>Mano suave<\/li>\r\n                <li>Reconocimiento de etiquetas<\/li> \r\n                <li>Reconocimiento de mascotas<\/li>\r\n                <li>Interacci\u00f3n inteligente<\/li> \r\n              <\/ul>\r\n            <\/p>\r\n        <\/div>\r\n\r\n        <div class=\"clear\"><\/div>\r\n    <\/div>\r\n<\/div>","protected":false},"excerpt":{"rendered":"Gomer el robot que interact\u00faa y entretiene a la familia. Tiene una pinza flexible y puede coger cualquier cosa, desde alimentos a art\u00edculos del hogar. Compra Disponible en stock Producto Gomer Descripci\u00f3n Gomer el robot que interact\u00faa y entretiene a la familia. Tiene una pinza flexible y puede coger cualquier cosa, desde alimentos a art\u00edculos [&hellip;]","protected":false},"author":55,"featured_media":49704,"parent":0,"menu_order":0,"comment_status":"closed","ping_status":"closed","template":"template-right.php","meta":{"footnotes":"","_links_to":"","_links_to_target":""},"class_list":["post-31168","page","type-page","status-publish","has-post-thumbnail","hentry"],"yoast_head":"<!-- This site is optimized with the Yoast SEO plugin v22.6 - https:\/\/yoast.com\/wordpress\/plugins\/seo\/ -->\n<title>Proveedor: Glitech | Camp Tecnologico<\/title>\n<meta name=\"description\" content=\"Gomer el robot que interact\u00faa y entretiene a la familia. Tiene una pinza flexible y puede coger cualquier cosa, desde alimentos a art\u00edculos del hogar.\" \/>\n<meta name=\"robots\" content=\"noindex, nofollow, max-snippet:-1, max-image-preview:large, max-video-preview:-1\" \/>\n<meta property=\"og:locale\" content=\"es_ES\" \/>\n<meta property=\"og:type\" content=\"article\" \/>\n<meta property=\"og:title\" content=\"Proveedor: Glitech | Camp Tecnologico\" \/>\n<meta property=\"og:description\" content=\"Gomer el robot que interact\u00faa y entretiene a la familia. Tiene una pinza flexible y puede coger cualquier cosa, desde alimentos a art\u00edculos del hogar.\" \/>\n<meta property=\"og:url\" content=\"https:\/\/camptecnologico.com\/inicio\/proveedor-gomer\/\" \/>\n<meta property=\"og:site_name\" content=\"Camp Tecnologico\" \/>\n<meta property=\"article:publisher\" content=\"https:\/\/www.facebook.com\/camptecnologico\/\" \/>\n<meta property=\"article:modified_time\" content=\"2018-09-04T07:42:01+00:00\" \/>\n<meta property=\"og:image\" content=\"https:\/\/camptecnologico.com\/inicio\/wp-content\/uploads\/industry-4.0camptec-1.jpg\" \/>\n\t<meta property=\"og:image:width\" content=\"400\" \/>\n\t<meta property=\"og:image:height\" content=\"235\" \/>\n\t<meta property=\"og:image:type\" content=\"image\/jpeg\" \/>\n<meta name=\"twitter:card\" content=\"summary_large_image\" \/>\n<meta name=\"twitter:site\" content=\"@CampTecnologico\" \/>\n<meta name=\"twitter:label1\" content=\"Tiempo de lectura\" \/>\n\t<meta name=\"twitter:data1\" content=\"1 minuto\" \/>\n<!-- \/ Yoast SEO plugin. -->","yoast_head_json":{"title":"Proveedor: Glitech | Camp Tecnologico","description":"Gomer el robot que interact\u00faa y entretiene a la familia. Tiene una pinza flexible y puede coger cualquier cosa, desde alimentos a art\u00edculos del hogar.","robots":{"index":"noindex","follow":"nofollow","max-snippet":"max-snippet:-1","max-image-preview":"max-image-preview:large","max-video-preview":"max-video-preview:-1"},"og_locale":"es_ES","og_type":"article","og_title":"Proveedor: Glitech | Camp Tecnologico","og_description":"Gomer el robot que interact\u00faa y entretiene a la familia. Tiene una pinza flexible y puede coger cualquier cosa, desde alimentos a art\u00edculos del hogar.","og_url":"https:\/\/camptecnologico.com\/inicio\/proveedor-gomer\/","og_site_name":"Camp Tecnologico","article_publisher":"https:\/\/www.facebook.com\/camptecnologico\/","article_modified_time":"2018-09-04T07:42:01+00:00","og_image":[{"width":400,"height":235,"url":"https:\/\/camptecnologico.com\/inicio\/wp-content\/uploads\/industry-4.0camptec-1.jpg","type":"image\/jpeg"}],"twitter_card":"summary_large_image","twitter_site":"@CampTecnologico","twitter_misc":{"Tiempo de lectura":"1 minuto"},"schema":{"@context":"https:\/\/schema.org","@graph":[{"@type":"WebPage","@id":"https:\/\/camptecnologico.com\/inicio\/proveedor-gomer\/","url":"https:\/\/camptecnologico.com\/inicio\/proveedor-gomer\/","name":"Proveedor: Glitech | Camp Tecnologico","isPartOf":{"@id":"https:\/\/camptecnologico.com\/inicio\/#website"},"primaryImageOfPage":{"@id":"https:\/\/camptecnologico.com\/inicio\/proveedor-gomer\/#primaryimage"},"image":{"@id":"https:\/\/camptecnologico.com\/inicio\/proveedor-gomer\/#primaryimage"},"thumbnailUrl":"https:\/\/camptecnologico.com\/inicio\/wp-content\/uploads\/industry-4.0camptec-1.jpg","datePublished":"2018-03-02T11:55:42+00:00","dateModified":"2018-09-04T07:42:01+00:00","description":"Gomer el robot que interact\u00faa y entretiene a la familia. Tiene una pinza flexible y puede coger cualquier cosa, desde alimentos a art\u00edculos del hogar.","breadcrumb":{"@id":"https:\/\/camptecnologico.com\/inicio\/proveedor-gomer\/#breadcrumb"},"inLanguage":"es","potentialAction":[{"@type":"ReadAction","target":["https:\/\/camptecnologico.com\/inicio\/proveedor-gomer\/"]}]},{"@type":"ImageObject","inLanguage":"es","@id":"https:\/\/camptecnologico.com\/inicio\/proveedor-gomer\/#primaryimage","url":"https:\/\/camptecnologico.com\/inicio\/wp-content\/uploads\/industry-4.0camptec-1.jpg","contentUrl":"https:\/\/camptecnologico.com\/inicio\/wp-content\/uploads\/industry-4.0camptec-1.jpg","width":400,"height":235},{"@type":"BreadcrumbList","@id":"https:\/\/camptecnologico.com\/inicio\/proveedor-gomer\/#breadcrumb","itemListElement":[{"@type":"ListItem","position":1,"name":"Home","item":"https:\/\/camptecnologico.com\/"},{"@type":"ListItem","position":2,"name":"Proveedor: Glitech"}]},{"@type":"WebSite","@id":"https:\/\/camptecnologico.com\/inicio\/#website","url":"https:\/\/camptecnologico.com\/inicio\/","name":"Camp Tecnologico","description":"Campamento tecnol\u00f3gico para ni\u00f1os y j\u00f3venes. Tecnolog\u00eda para ni\u00f1os. Minecraft.","publisher":{"@id":"https:\/\/camptecnologico.com\/inicio\/#organization"},"potentialAction":[{"@type":"SearchAction","target":{"@type":"EntryPoint","urlTemplate":"https:\/\/camptecnologico.com\/inicio\/?s={search_term_string}"},"query-input":"required name=search_term_string"}],"inLanguage":"es"},{"@type":"Organization","@id":"https:\/\/camptecnologico.com\/inicio\/#organization","name":"Camp Tecnol\u00f3gico","url":"https:\/\/camptecnologico.com\/inicio\/","logo":{"@type":"ImageObject","inLanguage":"es","@id":"https:\/\/camptecnologico.com\/inicio\/#\/schema\/logo\/image\/","url":"https:\/\/camptecnologico.com\/inicio\/wp-content\/uploads\/logo1.jpg","contentUrl":"https:\/\/camptecnologico.com\/inicio\/wp-content\/uploads\/logo1.jpg","width":120,"height":120,"caption":"Camp Tecnol\u00f3gico"},"image":{"@id":"https:\/\/camptecnologico.com\/inicio\/#\/schema\/logo\/image\/"},"sameAs":["https:\/\/www.facebook.com\/camptecnologico\/","https:\/\/x.com\/CampTecnologico","https:\/\/www.instagram.com\/camptecnologico\/","https:\/\/www.linkedin.com\/company\/camptecnol-gico","https:\/\/www.youtube.com\/user\/CampTecologico"]}]}},"_links":{"self":[{"href":"https:\/\/camptecnologico.com\/inicio\/wp-json\/wp\/v2\/pages\/31168","targetHints":{"allow":["GET"]}}],"collection":[{"href":"https:\/\/camptecnologico.com\/inicio\/wp-json\/wp\/v2\/pages"}],"about":[{"href":"https:\/\/camptecnologico.com\/inicio\/wp-json\/wp\/v2\/types\/page"}],"author":[{"embeddable":true,"href":"https:\/\/camptecnologico.com\/inicio\/wp-json\/wp\/v2\/users\/55"}],"replies":[{"embeddable":true,"href":"https:\/\/camptecnologico.com\/inicio\/wp-json\/wp\/v2\/comments?post=31168"}],"version-history":[{"count":23,"href":"https:\/\/camptecnologico.com\/inicio\/wp-json\/wp\/v2\/pages\/31168\/revisions"}],"predecessor-version":[{"id":34677,"href":"https:\/\/camptecnologico.com\/inicio\/wp-json\/wp\/v2\/pages\/31168\/revisions\/34677"}],"wp:featuredmedia":[{"embeddable":true,"href":"https:\/\/camptecnologico.com\/inicio\/wp-json\/wp\/v2\/media\/49704"}],"wp:attachment":[{"href":"https:\/\/camptecnologico.com\/inicio\/wp-json\/wp\/v2\/media?parent=31168"}],"curies":[{"name":"wp","href":"https:\/\/api.w.org\/{rel}","templated":true}]}}