




{"id":31037,"date":"2018-03-01T12:21:20","date_gmt":"2018-03-01T11:21:20","guid":{"rendered":"https:\/\/camptecnologico.com\/inicio\/?page_id=31037"},"modified":"2020-10-26T12:34:36","modified_gmt":"2020-10-26T11:34:36","slug":"proveedor-fable","status":"publish","type":"page","link":"https:\/\/camptecnologico.com\/inicio\/proveedor-fable\/","title":{"rendered":"Proveedor: Fable"},"content":{"rendered":"<div class=\"row\" style=\"margin-left: 50px;\">\r\n    <div>\r\n        <a href=\"https:\/\/shaperobotics.com\/en\/\"> \r\n            <img loading=\"lazy\" decoding=\"async\" class=\"alignleft size-full wp-image-30900\" src=\"https:\/\/camptecnologico.com\/inicio\/wp-content\/uploads\/Shaperobotics-logo-70.png\" alt=\"\" width=\"70\" height=\"70\" \/> \r\n        <\/a>\r\n        <p>Fable es un sistema de m\u00f3dulos compuestos por 3 tipos que permiten construir el brazo de un robot: los m\u00f3dulos arm, se podr\u00e1n programar en Blockly, programaci\u00f3n por bloques similar a Scratch<\/p>\r\n    <\/div>\r\n\r\n    <div><div class=\"embedded-video\"><iframe loading=\"lazy\" width=\"1140\" height=\"641\" src=\"https:\/\/www.youtube.com\/embed\/E-q3aTmlqmY?feature=oembed&#038;enablejsapi=1&#038;origin=https:\/\/camptecnologico.com\/inicio\" frameborder=\"0\" allow=\"autoplay; encrypted-media\" allowfullscreen><\/iframe><\/div><\/div>\r\n\r\n    <div id=\"info\">\r\n        <div class=\"fourcol column\">\r\n            <h4>Compra<\/h4>\r\n            <p>Disponible en stock<\/p>\r\n            <h4>Producto<\/h4>\r\n            <p>Fable<\/p>   \r\n        <\/div>\r\n    \r\n        <div class=\"fourcol column\">\r\n            <h4>Descripci\u00f3n<\/h4>\r\n            <p>Fable es un sistema de m\u00f3dulos compuestos por 3 tipos que permiten construir el brazo de un robot: los m\u00f3dulos arm, se podr\u00e1n programar en Blockly, \r\n\t\t       programaci\u00f3n por bloques similar a Scratch; los m\u00f3dulos de construcci\u00f3n, no contienen electr\u00f3nica pero facilita el montaje como elemento intermedio que forma \r\n\t\t       el cuerpo del robot; y los m\u00f3dulos de extensi\u00f3n, permiten combinar este sistema con otros como un Smartphone, piezas de Lego o piezas impresas en 3D.\r\n\t\t       Estas piezas se conectan entre si con fuertes imanes, permitiendo crear distintas estructuras, desarrollando la imaginaci\u00f3n de los ni\u00f1os\/as y aprendiendo programaci\u00f3n de una manera divertida.                \r\n            <\/p>\r\n        <\/div>\r\n\r\n        <div class=\"fourcol column last\">\r\n            <h4>Ficha t\u00e9cnica<\/h4>\r\n            <ul>\r\n \t            <li>Package Content: Fable <\/li>\r\n \t            <li>Dise\u00f1o robusto<\/li>\r\n \t            <li>Componentes de calidad<\/li>\r\n                <li>Sin cables<\/li>\r\n                <li>Articulaciones magn\u00e9ticas fuertes<\/li>\r\n                <li>Rapido para montar<\/li>\r\n            <\/ul>\r\n        <\/div>\r\n\r\n        <div class=\"clear\"><\/div>\r\n    <\/div>\r\n<\/div>","protected":false},"excerpt":{"rendered":"Fable es un sistema de m\u00f3dulos compuestos por 3 tipos que permiten construir el brazo de un robot: los m\u00f3dulos arm, se podr\u00e1n programar en Blockly, programaci\u00f3n por bloques similar a Scratch Compra Disponible en stock Producto Fable Descripci\u00f3n Fable es un sistema de m\u00f3dulos compuestos por 3 tipos que permiten construir el brazo de [&hellip;]","protected":false},"author":55,"featured_media":49704,"parent":0,"menu_order":0,"comment_status":"closed","ping_status":"closed","template":"template-right.php","meta":{"footnotes":"","_links_to":"","_links_to_target":""},"class_list":["post-31037","page","type-page","status-publish","has-post-thumbnail","hentry"],"yoast_head":"<!-- This site is optimized with the Yoast SEO plugin v22.6 - https:\/\/yoast.com\/wordpress\/plugins\/seo\/ -->\n<title>Proveedor: Fable | Camp Tecnologico<\/title>\n<meta name=\"description\" content=\"Fable es un sistema de m\u00f3dulos compuestos por 3 tipos que permiten construir el brazo de un robot: los m\u00f3dulos arm, se podr\u00e1n programar en Blockly,\" \/>\n<meta name=\"robots\" content=\"noindex, follow, max-snippet:-1, max-image-preview:large, max-video-preview:-1\" \/>\n<meta property=\"og:locale\" content=\"es_ES\" \/>\n<meta property=\"og:type\" content=\"article\" \/>\n<meta property=\"og:title\" content=\"Proveedor: Fable | Camp Tecnologico\" \/>\n<meta property=\"og:description\" content=\"Fable es un sistema de m\u00f3dulos compuestos por 3 tipos que permiten construir el brazo de un robot: los m\u00f3dulos arm, se podr\u00e1n programar en Blockly,\" \/>\n<meta property=\"og:url\" content=\"https:\/\/camptecnologico.com\/inicio\/proveedor-fable\/\" \/>\n<meta property=\"og:site_name\" content=\"Camp Tecnologico\" \/>\n<meta property=\"article:publisher\" content=\"https:\/\/www.facebook.com\/camptecnologico\/\" \/>\n<meta property=\"article:modified_time\" content=\"2020-10-26T11:34:36+00:00\" \/>\n<meta property=\"og:image\" content=\"https:\/\/camptecnologico.com\/inicio\/wp-content\/uploads\/industry-4.0camptec-1.jpg\" \/>\n\t<meta property=\"og:image:width\" content=\"400\" \/>\n\t<meta property=\"og:image:height\" content=\"235\" \/>\n\t<meta property=\"og:image:type\" content=\"image\/jpeg\" \/>\n<meta name=\"twitter:card\" content=\"summary_large_image\" \/>\n<meta name=\"twitter:site\" content=\"@CampTecnologico\" \/>\n<meta name=\"twitter:label1\" content=\"Tiempo de lectura\" \/>\n\t<meta name=\"twitter:data1\" content=\"1 minuto\" \/>\n<!-- \/ Yoast SEO plugin. -->","yoast_head_json":{"title":"Proveedor: Fable | Camp Tecnologico","description":"Fable es un sistema de m\u00f3dulos compuestos por 3 tipos que permiten construir el brazo de un robot: los m\u00f3dulos arm, se podr\u00e1n programar en Blockly,","robots":{"index":"noindex","follow":"follow","max-snippet":"max-snippet:-1","max-image-preview":"max-image-preview:large","max-video-preview":"max-video-preview:-1"},"og_locale":"es_ES","og_type":"article","og_title":"Proveedor: Fable | Camp Tecnologico","og_description":"Fable es un sistema de m\u00f3dulos compuestos por 3 tipos que permiten construir el brazo de un robot: los m\u00f3dulos arm, se podr\u00e1n programar en Blockly,","og_url":"https:\/\/camptecnologico.com\/inicio\/proveedor-fable\/","og_site_name":"Camp Tecnologico","article_publisher":"https:\/\/www.facebook.com\/camptecnologico\/","article_modified_time":"2020-10-26T11:34:36+00:00","og_image":[{"width":400,"height":235,"url":"https:\/\/camptecnologico.com\/inicio\/wp-content\/uploads\/industry-4.0camptec-1.jpg","type":"image\/jpeg"}],"twitter_card":"summary_large_image","twitter_site":"@CampTecnologico","twitter_misc":{"Tiempo de lectura":"1 minuto"},"schema":{"@context":"https:\/\/schema.org","@graph":[{"@type":"WebPage","@id":"https:\/\/camptecnologico.com\/inicio\/proveedor-fable\/","url":"https:\/\/camptecnologico.com\/inicio\/proveedor-fable\/","name":"Proveedor: Fable | Camp Tecnologico","isPartOf":{"@id":"https:\/\/camptecnologico.com\/inicio\/#website"},"primaryImageOfPage":{"@id":"https:\/\/camptecnologico.com\/inicio\/proveedor-fable\/#primaryimage"},"image":{"@id":"https:\/\/camptecnologico.com\/inicio\/proveedor-fable\/#primaryimage"},"thumbnailUrl":"https:\/\/camptecnologico.com\/inicio\/wp-content\/uploads\/industry-4.0camptec-1.jpg","datePublished":"2018-03-01T11:21:20+00:00","dateModified":"2020-10-26T11:34:36+00:00","description":"Fable es un sistema de m\u00f3dulos compuestos por 3 tipos que permiten construir el brazo de un robot: los m\u00f3dulos arm, se podr\u00e1n programar en Blockly,","breadcrumb":{"@id":"https:\/\/camptecnologico.com\/inicio\/proveedor-fable\/#breadcrumb"},"inLanguage":"es","potentialAction":[{"@type":"ReadAction","target":["https:\/\/camptecnologico.com\/inicio\/proveedor-fable\/"]}]},{"@type":"ImageObject","inLanguage":"es","@id":"https:\/\/camptecnologico.com\/inicio\/proveedor-fable\/#primaryimage","url":"https:\/\/camptecnologico.com\/inicio\/wp-content\/uploads\/industry-4.0camptec-1.jpg","contentUrl":"https:\/\/camptecnologico.com\/inicio\/wp-content\/uploads\/industry-4.0camptec-1.jpg","width":400,"height":235},{"@type":"BreadcrumbList","@id":"https:\/\/camptecnologico.com\/inicio\/proveedor-fable\/#breadcrumb","itemListElement":[{"@type":"ListItem","position":1,"name":"Home","item":"https:\/\/camptecnologico.com\/"},{"@type":"ListItem","position":2,"name":"Proveedor: Fable"}]},{"@type":"WebSite","@id":"https:\/\/camptecnologico.com\/inicio\/#website","url":"https:\/\/camptecnologico.com\/inicio\/","name":"Camp Tecnologico","description":"Campamento tecnol\u00f3gico para ni\u00f1os y j\u00f3venes. Tecnolog\u00eda para ni\u00f1os. Minecraft.","publisher":{"@id":"https:\/\/camptecnologico.com\/inicio\/#organization"},"potentialAction":[{"@type":"SearchAction","target":{"@type":"EntryPoint","urlTemplate":"https:\/\/camptecnologico.com\/inicio\/?s={search_term_string}"},"query-input":"required name=search_term_string"}],"inLanguage":"es"},{"@type":"Organization","@id":"https:\/\/camptecnologico.com\/inicio\/#organization","name":"Camp Tecnol\u00f3gico","url":"https:\/\/camptecnologico.com\/inicio\/","logo":{"@type":"ImageObject","inLanguage":"es","@id":"https:\/\/camptecnologico.com\/inicio\/#\/schema\/logo\/image\/","url":"https:\/\/camptecnologico.com\/inicio\/wp-content\/uploads\/logo1.jpg","contentUrl":"https:\/\/camptecnologico.com\/inicio\/wp-content\/uploads\/logo1.jpg","width":120,"height":120,"caption":"Camp Tecnol\u00f3gico"},"image":{"@id":"https:\/\/camptecnologico.com\/inicio\/#\/schema\/logo\/image\/"},"sameAs":["https:\/\/www.facebook.com\/camptecnologico\/","https:\/\/x.com\/CampTecnologico","https:\/\/www.instagram.com\/camptecnologico\/","https:\/\/www.linkedin.com\/company\/camptecnol-gico","https:\/\/www.youtube.com\/user\/CampTecologico"]}]}},"_links":{"self":[{"href":"https:\/\/camptecnologico.com\/inicio\/wp-json\/wp\/v2\/pages\/31037","targetHints":{"allow":["GET"]}}],"collection":[{"href":"https:\/\/camptecnologico.com\/inicio\/wp-json\/wp\/v2\/pages"}],"about":[{"href":"https:\/\/camptecnologico.com\/inicio\/wp-json\/wp\/v2\/types\/page"}],"author":[{"embeddable":true,"href":"https:\/\/camptecnologico.com\/inicio\/wp-json\/wp\/v2\/users\/55"}],"replies":[{"embeddable":true,"href":"https:\/\/camptecnologico.com\/inicio\/wp-json\/wp\/v2\/comments?post=31037"}],"version-history":[{"count":21,"href":"https:\/\/camptecnologico.com\/inicio\/wp-json\/wp\/v2\/pages\/31037\/revisions"}],"predecessor-version":[{"id":49081,"href":"https:\/\/camptecnologico.com\/inicio\/wp-json\/wp\/v2\/pages\/31037\/revisions\/49081"}],"wp:featuredmedia":[{"embeddable":true,"href":"https:\/\/camptecnologico.com\/inicio\/wp-json\/wp\/v2\/media\/49704"}],"wp:attachment":[{"href":"https:\/\/camptecnologico.com\/inicio\/wp-json\/wp\/v2\/media?parent=31037"}],"curies":[{"name":"wp","href":"https:\/\/api.w.org\/{rel}","templated":true}]}}