




{"id":30778,"date":"2018-02-21T17:02:58","date_gmt":"2018-02-21T16:02:58","guid":{"rendered":"https:\/\/camptecnologico.com\/inicio\/?page_id=30778"},"modified":"2018-06-19T17:25:45","modified_gmt":"2018-06-19T16:25:45","slug":"partners-tecnologicos","status":"publish","type":"page","link":"https:\/\/camptecnologico.com\/inicio\/partners-tecnologicos\/","title":{"rendered":"Partners tecnol\u00f3gicos"},"content":{"rendered":"<div class=\"row\" style=\"margin-left: 50px;\">\r\n\r\n<div>\r\n<p>\r\n<a href=\"https:\/\/camptecnologico.com\/inicio\/dobot-2\/\/\"><img loading=\"lazy\" decoding=\"async\" src=\"https:\/\/camptecnologico.com\/inicio\/wp-content\/uploads\/Dobot-100px.jpg\" alt=\"\" width=\"100\" height=\"92\" class=\"alignleft size-full wp-image-30789\" \/><\/a>\r\n<a href=\"https:\/\/camptecnologico.com\/inicio\/dobot-2\/\"><h4>Dobot Magician, un brazo robotico educativo<\/h4><\/a>\r\nDobot es un  brazo rob\u00f3tico, gracias a sus accesorios  puede trasladar piezas, moverse por su rail, reconocer piezas con su  c\u00e1mara y AI, imprimir en 3D o grabar con l\u00e1ser.\r\n<\/p>\r\n<\/div>\r\n\r\n<div class=\"clearfix\"><\/div>\r\n\r\n<div>\r\n<p>\r\n<a href=\"https:\/\/camptecnologico.com\/inicio\/proveedor-fable\/\"><img loading=\"lazy\" decoding=\"async\" src=\"https:\/\/camptecnologico.com\/inicio\/wp-content\/uploads\/Fabble-100px.jpg\" alt=\"\" width=\"100\" height=\"92\" class=\"alignleft size-full wp-image-30789\" \/><\/a>\r\n<a href=\"https:\/\/camptecnologico.com\/inicio\/proveedor-fable\/\"><h4>Fable, robot modular<\/h4><\/a>\r\nMediante la programaci\u00f3n por bloques podr\u00e1s controlar el movimiento de los servomotores del brazo robot y representar emociones en la cara del robot.\r\n<\/p>\r\n<\/div>\r\n\r\n<div class=\"clearfix\"><\/div>\r\n\r\n<div>\r\n<p>\r\n<a href=\"https:\/\/camptecnologico.com\/inicio\/proveedor-gomer\/\"><img loading=\"lazy\" decoding=\"async\" src=\"https:\/\/camptecnologico.com\/inicio\/wp-content\/uploads\/gomer-100px.jpg\" alt=\"\" width=\"100\" height=\"92\" class=\"alignleft size-full wp-image-30789\" \/><\/a>\r\n<a href=\"https:\/\/camptecnologico.com\/inicio\/proveedor-gomer\/\"><h4>Robot Gomer, un simpatico robot<\/h4><\/a>\r\nGomer es un divertido robot que te permite interactuar con \u00e9l, jugar, coger piezas, vigilar a trav\u00e9s de app del m\u00f3vil y su c\u00e1mara, y aprender programaci\u00f3n.\r\n<\/p>\r\n<\/div>\r\n\r\n<div class=\"clearfix\"><\/div>\r\n\r\n<div>\r\n<p>\r\n<a href=\"https:\/\/camptecnologico.com\/inicio\/proveedor-curiosity\/\"><img loading=\"lazy\" decoding=\"async\" src=\"https:\/\/camptecnologico.com\/inicio\/wp-content\/uploads\/Curiosity-100px.jpg\" alt=\"\" width=\"100\" height=\"92\" class=\"alignleft size-full wp-image-30789\" \/><\/a>\r\n<a href=\"https:\/\/camptecnologico.com\/inicio\/proveedor-curiosity\/\"><h4>Mars Curiosity Rover, desafio en Marte<\/h4><\/a>\r\nProyecto creado por la Nasa basado en los usados en las exploraciones a Marte, con \u00e9l te convertiras en un ingeniero aeroespacial.\r\n<\/p>\r\n<\/div>\r\n\r\n<div class=\"clearfix\"><\/div>\r\n<div>\r\n<p>\r\n<a href=\"https:\/\/camptecnologico.com\/inicio\/proveedor-cozmo\/\"><img loading=\"lazy\" decoding=\"async\" src=\"https:\/\/camptecnologico.com\/inicio\/wp-content\/uploads\/Cozmo-100px.jpg\" alt=\"\" width=\"100\" height=\"92\" class=\"alignleft size-full wp-image-30789\" \/><\/a>\r\n<a href=\"https:\/\/camptecnologico.com\/inicio\/proveedor-cozmo\/\"><h4>Cozmo, la inteligencia artificial llega a los robots<\/h4><\/a>\r\nCozmo es un divertido robot que expresa y reconoce emociones en su pantalla, con el cual podr\u00e1s jugar y divertirte. Adem\u00e1s, podr\u00e1s aprender a programar en distintos niveles.\r\n<\/p>\r\n<\/div>\r\n\r\n<div class=\"clearfix\"><\/div>\r\n\r\n<div>\r\n<p>\r\n<a href=\"https:\/\/camptecnologico.com\/inicio\/proveedor-tokymaker\/\"><img loading=\"lazy\" decoding=\"async\" src=\"https:\/\/camptecnologico.com\/inicio\/wp-content\/uploads\/Toky-100px.jpg\" alt=\"\" width=\"100\" height=\"92\" class=\"alignleft size-full wp-image-30789\" \/><\/a>\r\n<a href=\"https:\/\/camptecnologico.com\/inicio\/proveedor-tokymaker\/\"><h4>Tokymaker, crea cualquier invento en 5 minutos<\/h4><\/a>\r\nAprende Con Tokymaker f\u00e1cilmente electr\u00f3nica con una gran variedad de sensores y actuadores , programaci\u00f3n  gr\u00e1fica y resoluci\u00f3n de problemas creativos.\r\n<\/p>\r\n<\/div>\r\n\r\n<div class=\"clearfix\"><\/div>\r\n\r\n<div>\r\n<p>\r\n<a href=\"https:\/\/camptecnologico.com\/inicio\/proveedor-microbit\/\"><img loading=\"lazy\" decoding=\"async\" src=\"https:\/\/camptecnologico.com\/inicio\/wp-content\/uploads\/Microbit-100px.jpg\" alt=\"\" width=\"100\" height=\"92\" class=\"alignleft size-full wp-image-30789\" \/><\/a>\r\n<a href=\"https:\/\/camptecnologico.com\/inicio\/proveedor-microbit\/\"><h4>Micro:bit, peque\u00f1a placa electr\u00f3nica<\/h4><\/a>\r\nLa Micro:bit est\u00e1 dise\u00f1ada para facilitar el aprendizaje a la programaci\u00f3n, creando desde sencillas animaciones hasta proyectos m\u00e1s completos. \r\n<\/p>\r\n<\/div>\r\n\r\n<div class=\"clearfix\"><\/div>\r\n<div>\r\n<p>\r\n<a href=\"https:\/\/camptecnologico.com\/inicio\/proveedor-logitow\/\"><img loading=\"lazy\" decoding=\"async\" src=\"https:\/\/camptecnologico.com\/inicio\/wp-content\/uploads\/Logitow-100px.jpg\" alt=\"\" width=\"100\" height=\"92\" class=\"alignleft size-full wp-image-30789\" \/><\/a>\r\n<a href=\"https:\/\/camptecnologico.com\/inicio\/proveedor-logitow\/\"><h4>Logitow, bloques de construcci\u00f3n interactivos<\/h4><\/a>\r\nLogitow permite crear animaciones 3D en tiempo real en la tablet gracias a sus bloques, permitiendo jugar al instante con su incre\u00edble mundo 3D.<\/p>\r\n<\/div>\r\n\r\n<div class=\"clearfix\"><\/div>\r\n\r\n<div>\r\n<p>\r\n<a href=\"https:\/\/camptecnologico.com\/inicio\/proveedor-robotical\/\"><img loading=\"lazy\" decoding=\"async\" src=\"https:\/\/camptecnologico.com\/inicio\/wp-content\/uploads\/Marty-100px.jpg\" alt=\"\" width=\"100\" height=\"92\" class=\"alignleft size-full wp-image-30789\" \/><\/a>\r\n<a href=\"https:\/\/camptecnologico.com\/inicio\/proveedor-robotical\/\"><h4>Marty,el mini robot imprimible <\/h4><\/a>\r\nMarty es un robot dise\u00f1ado para ser personalizable con piezas impresas 3D permitiendo aprender programaci\u00f3n, electr\u00f3nica y dise\u00f1o.\r\n<\/p>\r\n<\/div>\r\n\r\n<div class=\"clearfix\"><\/div>\r\n<div>\r\n<p>\r\n<a href=\"https:\/\/camptecnologico.com\/inicio\/proveedor-playmove\/\"><img loading=\"lazy\" decoding=\"async\" src=\"https:\/\/camptecnologico.com\/inicio\/wp-content\/uploads\/Playtable-100px.jpg\" alt=\"\" width=\"100\" height=\"92\" class=\"alignleft size-full wp-image-30789\" \/><\/a>\r\n<a href=\"https:\/\/camptecnologico.com\/inicio\/proveedor-playmove\/\"><h4>Playtable, mesa digital<\/h4><\/a>\r\nPlaytable es una mesa con una plataforma de aprendizaje digital compuesta con juegos y aplicaciones en las que trabajar\u00e1n temas educativos.\r\n<\/p>\r\n<\/div>\r\n\r\n<div class=\"clearfix\"><\/div>\r\n\r\n<div>\r\n<p>\r\n<a href=\"https:\/\/camptecnologico.com\/inicio\/proveedor-robo\/\"><img loading=\"lazy\" decoding=\"async\" src=\"https:\/\/camptecnologico.com\/inicio\/wp-content\/uploads\/Robo-100px.jpg\" alt=\"\" width=\"100\" height=\"92\" class=\"alignleft size-full wp-image-30789\" \/><\/a>\r\n<a href=\"https:\/\/camptecnologico.com\/inicio\/proveedor-robo\/\"><h4>Robo wunderkind, robot programable modular<\/h4><\/a>\r\nRobo wunderkind es un kit compuesto por bloques que permite dise\u00f1ar divertidos dise\u00f1os, gracias al cual se podr\u00e1 programar a trav\u00e9s de programaci\u00f3n.\r\n<\/p>\r\n<\/div>\r\n\r\n<div class=\"clearfix\"><\/div>\r\n\r\n<div>\r\n<p>\r\n<a href=\"https:\/\/camptecnologico.com\/inicio\/proveedor-strawbees\/\"><img loading=\"lazy\" decoding=\"async\" src=\"https:\/\/camptecnologico.com\/inicio\/wp-content\/uploads\/Strawees-100px.jpg\" alt=\"\" width=\"100\" height=\"92\" class=\"alignleft size-full wp-image-30789\" \/><\/a>\r\n<a href=\"https:\/\/camptecnologico.com\/inicio\/proveedor-strawbees\/\"><h4>Strawbees, juego de construcci\u00f3n<\/h4><\/a>\r\nStrawbees es un kit de basado en una serie de dos tipos de piezas especialmente indicadas para montar estructuras ligeras y crear proyectos de construcci\u00f3n en educaci\u00f3n primaria.\r\n<\/p>\r\n<\/div>\r\n\r\n\r\n\r\n<\/div>","protected":false},"excerpt":{"rendered":"Dobot Magician, un brazo robotico educativo Dobot es un brazo rob\u00f3tico, gracias a sus accesorios puede trasladar piezas, moverse por su rail, reconocer piezas con su c\u00e1mara y AI, imprimir en 3D o grabar con l\u00e1ser. Fable, robot modular Mediante la programaci\u00f3n por bloques podr\u00e1s controlar el movimiento de los servomotores del brazo robot y [&hellip;]","protected":false},"author":55,"featured_media":49704,"parent":0,"menu_order":0,"comment_status":"closed","ping_status":"closed","template":"template-right.php","meta":{"footnotes":"","_links_to":"","_links_to_target":""},"class_list":["post-30778","page","type-page","status-publish","has-post-thumbnail","hentry"],"yoast_head":"<!-- This site is optimized with the Yoast SEO plugin v22.6 - https:\/\/yoast.com\/wordpress\/plugins\/seo\/ -->\n<title>Partners tecnol\u00f3gicos | Camp Tecnologico<\/title>\n<meta name=\"description\" content=\"Dobot Magician, un brazo robotico educativo Dobot es un brazo rob\u00f3tico, gracias a sus accesorios puede trasladar piezas, moverse por su rail, reconocer\" \/>\n<meta name=\"robots\" content=\"noindex, nofollow, max-snippet:-1, max-image-preview:large, max-video-preview:-1\" \/>\n<meta property=\"og:locale\" content=\"es_ES\" \/>\n<meta property=\"og:type\" content=\"article\" \/>\n<meta property=\"og:title\" content=\"Partners tecnol\u00f3gicos | Camp Tecnologico\" \/>\n<meta property=\"og:description\" content=\"Dobot Magician, un brazo robotico educativo Dobot es un brazo rob\u00f3tico, gracias a sus accesorios puede trasladar piezas, moverse por su rail, reconocer\" \/>\n<meta property=\"og:url\" content=\"https:\/\/camptecnologico.com\/inicio\/partners-tecnologicos\/\" \/>\n<meta property=\"og:site_name\" content=\"Camp Tecnologico\" \/>\n<meta property=\"article:publisher\" content=\"https:\/\/www.facebook.com\/camptecnologico\/\" \/>\n<meta property=\"article:modified_time\" content=\"2018-06-19T16:25:45+00:00\" \/>\n<meta property=\"og:image\" content=\"https:\/\/camptecnologico.com\/inicio\/wp-content\/uploads\/industry-4.0camptec-1.jpg\" \/>\n\t<meta property=\"og:image:width\" content=\"400\" \/>\n\t<meta property=\"og:image:height\" content=\"235\" \/>\n\t<meta property=\"og:image:type\" content=\"image\/jpeg\" \/>\n<meta name=\"twitter:card\" content=\"summary_large_image\" \/>\n<meta name=\"twitter:site\" content=\"@CampTecnologico\" \/>\n<meta name=\"twitter:label1\" content=\"Tiempo de lectura\" \/>\n\t<meta name=\"twitter:data1\" content=\"2 minutos\" \/>\n<!-- \/ Yoast SEO plugin. -->","yoast_head_json":{"title":"Partners tecnol\u00f3gicos | Camp Tecnologico","description":"Dobot Magician, un brazo robotico educativo Dobot es un brazo rob\u00f3tico, gracias a sus accesorios puede trasladar piezas, moverse por su rail, reconocer","robots":{"index":"noindex","follow":"nofollow","max-snippet":"max-snippet:-1","max-image-preview":"max-image-preview:large","max-video-preview":"max-video-preview:-1"},"og_locale":"es_ES","og_type":"article","og_title":"Partners tecnol\u00f3gicos | Camp Tecnologico","og_description":"Dobot Magician, un brazo robotico educativo Dobot es un brazo rob\u00f3tico, gracias a sus accesorios puede trasladar piezas, moverse por su rail, reconocer","og_url":"https:\/\/camptecnologico.com\/inicio\/partners-tecnologicos\/","og_site_name":"Camp Tecnologico","article_publisher":"https:\/\/www.facebook.com\/camptecnologico\/","article_modified_time":"2018-06-19T16:25:45+00:00","og_image":[{"width":400,"height":235,"url":"https:\/\/camptecnologico.com\/inicio\/wp-content\/uploads\/industry-4.0camptec-1.jpg","type":"image\/jpeg"}],"twitter_card":"summary_large_image","twitter_site":"@CampTecnologico","twitter_misc":{"Tiempo de lectura":"2 minutos"},"schema":{"@context":"https:\/\/schema.org","@graph":[{"@type":"WebPage","@id":"https:\/\/camptecnologico.com\/inicio\/partners-tecnologicos\/","url":"https:\/\/camptecnologico.com\/inicio\/partners-tecnologicos\/","name":"Partners tecnol\u00f3gicos | Camp Tecnologico","isPartOf":{"@id":"https:\/\/camptecnologico.com\/inicio\/#website"},"primaryImageOfPage":{"@id":"https:\/\/camptecnologico.com\/inicio\/partners-tecnologicos\/#primaryimage"},"image":{"@id":"https:\/\/camptecnologico.com\/inicio\/partners-tecnologicos\/#primaryimage"},"thumbnailUrl":"https:\/\/camptecnologico.com\/inicio\/wp-content\/uploads\/industry-4.0camptec-1.jpg","datePublished":"2018-02-21T16:02:58+00:00","dateModified":"2018-06-19T16:25:45+00:00","description":"Dobot Magician, un brazo robotico educativo Dobot es un brazo rob\u00f3tico, gracias a sus accesorios puede trasladar piezas, moverse por su rail, reconocer","breadcrumb":{"@id":"https:\/\/camptecnologico.com\/inicio\/partners-tecnologicos\/#breadcrumb"},"inLanguage":"es","potentialAction":[{"@type":"ReadAction","target":["https:\/\/camptecnologico.com\/inicio\/partners-tecnologicos\/"]}]},{"@type":"ImageObject","inLanguage":"es","@id":"https:\/\/camptecnologico.com\/inicio\/partners-tecnologicos\/#primaryimage","url":"https:\/\/camptecnologico.com\/inicio\/wp-content\/uploads\/industry-4.0camptec-1.jpg","contentUrl":"https:\/\/camptecnologico.com\/inicio\/wp-content\/uploads\/industry-4.0camptec-1.jpg","width":400,"height":235},{"@type":"BreadcrumbList","@id":"https:\/\/camptecnologico.com\/inicio\/partners-tecnologicos\/#breadcrumb","itemListElement":[{"@type":"ListItem","position":1,"name":"Home","item":"https:\/\/camptecnologico.com\/"},{"@type":"ListItem","position":2,"name":"Partners tecnol\u00f3gicos"}]},{"@type":"WebSite","@id":"https:\/\/camptecnologico.com\/inicio\/#website","url":"https:\/\/camptecnologico.com\/inicio\/","name":"Camp Tecnologico","description":"Campamento tecnol\u00f3gico para ni\u00f1os y j\u00f3venes. Tecnolog\u00eda para ni\u00f1os. Minecraft.","publisher":{"@id":"https:\/\/camptecnologico.com\/inicio\/#organization"},"potentialAction":[{"@type":"SearchAction","target":{"@type":"EntryPoint","urlTemplate":"https:\/\/camptecnologico.com\/inicio\/?s={search_term_string}"},"query-input":"required name=search_term_string"}],"inLanguage":"es"},{"@type":"Organization","@id":"https:\/\/camptecnologico.com\/inicio\/#organization","name":"Camp Tecnol\u00f3gico","url":"https:\/\/camptecnologico.com\/inicio\/","logo":{"@type":"ImageObject","inLanguage":"es","@id":"https:\/\/camptecnologico.com\/inicio\/#\/schema\/logo\/image\/","url":"https:\/\/camptecnologico.com\/inicio\/wp-content\/uploads\/logo1.jpg","contentUrl":"https:\/\/camptecnologico.com\/inicio\/wp-content\/uploads\/logo1.jpg","width":120,"height":120,"caption":"Camp Tecnol\u00f3gico"},"image":{"@id":"https:\/\/camptecnologico.com\/inicio\/#\/schema\/logo\/image\/"},"sameAs":["https:\/\/www.facebook.com\/camptecnologico\/","https:\/\/x.com\/CampTecnologico","https:\/\/www.instagram.com\/camptecnologico\/","https:\/\/www.linkedin.com\/company\/camptecnol-gico","https:\/\/www.youtube.com\/user\/CampTecologico"]}]}},"_links":{"self":[{"href":"https:\/\/camptecnologico.com\/inicio\/wp-json\/wp\/v2\/pages\/30778","targetHints":{"allow":["GET"]}}],"collection":[{"href":"https:\/\/camptecnologico.com\/inicio\/wp-json\/wp\/v2\/pages"}],"about":[{"href":"https:\/\/camptecnologico.com\/inicio\/wp-json\/wp\/v2\/types\/page"}],"author":[{"embeddable":true,"href":"https:\/\/camptecnologico.com\/inicio\/wp-json\/wp\/v2\/users\/55"}],"replies":[{"embeddable":true,"href":"https:\/\/camptecnologico.com\/inicio\/wp-json\/wp\/v2\/comments?post=30778"}],"version-history":[{"count":53,"href":"https:\/\/camptecnologico.com\/inicio\/wp-json\/wp\/v2\/pages\/30778\/revisions"}],"predecessor-version":[{"id":33869,"href":"https:\/\/camptecnologico.com\/inicio\/wp-json\/wp\/v2\/pages\/30778\/revisions\/33869"}],"wp:featuredmedia":[{"embeddable":true,"href":"https:\/\/camptecnologico.com\/inicio\/wp-json\/wp\/v2\/media\/49704"}],"wp:attachment":[{"href":"https:\/\/camptecnologico.com\/inicio\/wp-json\/wp\/v2\/media?parent=30778"}],"curies":[{"name":"wp","href":"https:\/\/api.w.org\/{rel}","templated":true}]}}