




{"id":30594,"date":"2018-02-13T09:51:21","date_gmt":"2018-02-13T08:51:21","guid":{"rendered":"https:\/\/camptecnologico.com\/inicio\/?page_id=30594"},"modified":"2020-03-23T19:15:09","modified_gmt":"2020-03-23T18:15:09","slug":"campamento-semana-santa-bilbao-mananas","status":"publish","type":"page","link":"https:\/\/camptecnologico.com\/inicio\/campamento-semana-santa-bilbao-mananas\/","title":{"rendered":"Campamentos de Semana Santa 2020 en Bilbao AZ"},"content":{"rendered":"<script>\r\n    sessionStorage.campus=5700;\r\n<\/script>\r\n\r\n<!----------------------------- NO TOCAR, SE DESMONTA LA PARTE DE INFORMACION GENERAL --------------------->\r\n<style type=\"text\/css\">\r\n#descripcion {\r\n    margin-top: 50px;\r\n}\r\n#descripcion .fourcol.column {p\r\n    float: left;\r\n    display: block;\r\n}\r\n.column {  \r\n    margin-right: 2.6%;\r\n    display: inline-grid;float: none;}\r\n<\/style>\r\n<!--------------------------------------------------------------------------------------------------------->\r\n\r\n<div class=\"row\">\r\n    <div class=\"threecol column\" align=\"right\">\r\n        <strong>Nuestros talleres se segmentan en:<\/strong>\r\n    <\/div>\r\n    <div class=\"threecol column\" style=\"margin-left: 0px; margin-right: 0px; padding-left: 0px;  padding-right: 0px;\">\r\n        <ul>\r\n           <li> <span class=\"segmento_kid\">&nbsp;Kid: 4\u00ba y 5\u00ba Infantil&nbsp;<\/span><\/li>\r\n           <li> <span class=\"segmento_junior\">&nbsp;Junior: 1\u00ba a 3\u00ba Primaria&nbsp;<\/span><\/li>\r\n        <\/ul>   \r\n    <\/div>\r\n    <div class=\"threecol column last\" style=\"margin-left: 0px; margin-right: 0px; padding-left: 0px;  padding-right: 0px;\">\r\n        <ul>\r\n            <li> <span class=\"segmento_genius\">&nbsp;Genius: 4\u00ba-6\u00ba Primaria y 1\u00ba-3\u00ba ESO&nbsp;<\/span><\/li>\r\n            <li> <span class=\"segmento_explorer\">&nbsp;Explorer: 1\u00ba ESO en adelante&nbsp;<\/span><\/li>\r\n        <\/ul>  \r\n    <\/div>\r\n    <div class=\"clear\"><\/div>\r\n    <div>&nbsp;<\/div>    \r\n<\/div>\r\n\r\n<!-- microfichas -->\r\n<div class=\"row\">\r\n    <center>\r\n        [wpv-view name=\u00bbtalleres-az-semana-santa-microficha\u00bb pp=\u00bb0&#8243;]\r\n<!--\r\n         <a href=\"https:\/\/camptecnologico.com\/inicio\/inscripcion\/\" class=\"button large primary\" rel=\"nofollow\">\r\n               <i class=\"fa fa-calendar\" aria-hidden=\"true\"><\/i> Calendario e <i class=\"fa fa-location-arrow\" aria-hidden=\"true\"><\/i> Inscripci\u00f3n<\/a>\r\n-->\r\n    <\/center>\r\n<\/div>\r\n\r\n<!-- informaci\u00f3n general -->\r\n<div class=\"row\">\r\n    <p id=\"infor_general\" style=\"margin-top:0px; padding-top:0px; font-size:100%\">&nbsp;<\/p>\r\n    <h3 class=\"tituloSeccion\">Informaci\u00f3n General<\/h3>\r\n\t\t\t\t\t\r\n    <div id=\"info\">\r\n        <div>\r\n            <h3><i class=\"fa fa-map-marker\" aria-hidden=\"true\"><\/i> D\u00f3nde<\/h3>\r\n            <p><spam style=\"font-weight: bold; font-size: 1.2em;\">Azkuna Zentroa (Alh\u00f3ndiga Bilbao)<\/spam> (Arriqu\u00edbar Plaza, 4 48010 Bilbo, Bizkaia)&nbsp;\r\n            <a href=\"https:\/\/www.google.es\/maps\/place\/Azkuna+Zentroa\/@43.259833,-2.939001,17z\/data=!3m1!4b1!4m5!3m4!1s0xd4e4fd6478b8a25:0x8b3be5dc2a4d49d9!8m2!3d43.2598291!4d-2.9368123?hl=es\" target=\"_blanc\" rel=\"nofollow noopener noreferrer\"> mapa<\/a><\/p>\r\n            <p><br \/><\/p>    \r\n        <\/div>\r\n\r\n        <div class=\"fourcol column\">\r\n            <h3><i class=\"fa fa-calendar\"><\/i> Fechas<\/h3>\r\n            <ul>\r\n               <li>Del 6 al 8 de Abril (3 d\u00edas).<\/li>\r\n               <li>Del 14 al 17 de Abril (4 d\u00edas).<\/li>\r\n            <\/ul>\r\n            <h3><i class=\"fa fa-clock-o\" aria-hidden=\"true\"><\/i> Horario<\/h3>\r\n            <ul>\r\n                <li>De 9.00 a 14.00 horas (5 horas \/d\u00eda).<\/li>\r\n            <\/ul>            \r\n            <em>Nota: El \u00faltimo d\u00eda, <strong>1 hora de puertas abiertas<\/strong> (13.00 a 14.00) con las familias que podr\u00e1n ver el trabajo realizado.<\/em>\r\n        \r\n            <h3 style=\"padding-top:10px;\"><i class=\"fa fa-plus-circle\" aria-hidden=\"true\"><\/i> Servicios Adicionales<\/h3>\r\n            <ul>\r\n                <li>Horario ampliado de 08:30 a 14:30: <strong>5\u20ac al d\u00eda<\/strong><\/li>\r\n            <\/ul>\r\n            <em>Nota: No hay posibilidad de d\u00edas sueltos.<\/em>\r\n        <\/div>\r\n\r\n        <div class=\"fourcol column\">\r\n            <h3><i class=\"fa fa-money\" aria-hidden=\"true\"><\/i> Precios<\/h3>\r\n            <p>Descuento Campa\u00f1a 10\u00ba aniversario <br \/>hasta el <strong>22 de marzo<\/strong>.<\/p>\r\n            <h4>Talleres de 3 d\u00edas<\/h4>\r\n            <ul>\r\n                <li>Kids y Junior :     <span class=\"tachaprecio\">121\u20ac<\/span> <span class=\"precio\">109\u20ac<\/span><\/li>\r\n                <li>Genius y Explorer : <span class=\"tachaprecio\">132\u20ac<\/span> <span class=\"precio\">119\u20ac<\/span><\/li>\r\n            <\/ul>\r\n            <h4>Talleres de 4 d\u00edas<\/h4>\r\n            <ul>\r\n                <li>Kids y Junior :     <span class=\"tachaprecio\">148\u20ac<\/span> <span class=\"precio\">133\u20ac<\/span><\/li>\r\n                <li>Genius y Explorer : <span class=\"tachaprecio\">158\u20ac<\/span> <span class=\"precio\">142\u20ac<\/span><\/li>\r\n            <\/ul>  \r\n        <\/div>\r\n\r\n        <div class=\"fourcol column last\">\r\n            <h3><i class=\"fa fa-money\" aria-hidden=\"true\"><\/i> Descuentos adicionales<\/h3>\r\n            <p>S\u00f3lo se puede disfrutar de uno de ellos:<\/p>\r\n            <ul>\r\n               <li>Antig\u00fco Alumno de CampTecnol\u00f3gico: <span class=\"precio\">-10%<\/span><\/li>\r\n               <li>Plan Gaztedi Kutxabank: <span class=\"precio\">-10%<\/span><\/li>\r\n               <li>Tarjeta AZ: <span class=\"precio\">-5%<\/span><\/li>\r\n               <!--<li>Familia numerosa o monoparental: <span class=\"precio\">-5%<\/span>-->\r\n            <\/li><\/ul>\r\n            <h3>y adem\u00e1s &#8230;<\/h3>\r\n            <p>A\u00f1ade todos los que puedas:<\/p>\r\n            <ul>\r\n               <li>La segunda semana: <span class=\"precio\">-10%<\/span><\/li>\r\n               <li>Viene con un hermano y\/o amigo: <span class=\"precio\">-5%<\/span><\/li>\r\n               <li>Si traes tu ordenador en Minecraft y Unity:<br \/><span class=\"precio\">-6\u20ac<\/span> (Taller de 3 d\u00edas) | <span class=\"precio\">-8\u20ac<\/span> (Taller de 4 d\u00edas)<\/li>\r\n            <\/ul>\r\n            <em>Nota: Requerimientos m\u00ednimos de PC: Intel i5, con Windows 10 (no tablet o Surface o Appel)<\/em>\r\n        <\/div>\r\n        <div class=\"clear\"><\/div>            \r\n        <center>\r\n<!--\r\n              <a href=\"https:\/\/camptecnologico.com\/inicio\/inscripcion\/\" class=\"button large primary\" rel=\"nofollow\">\r\n                     <i class=\"fa fa-paper-plane\"><\/i>&nbsp;&nbsp;Calendario e <i class=\"fa fa-paper-plane\" aria-hidden=\"true\"><\/i> Inscripci\u00f3n<\/a>\r\n-->\r\n        <\/center>\r\n    <\/div>\r\n<\/div>\r\n\r\n<!-- fichas\r\n[wpv-view name=\"talleres-az-semana-santa-ficha\"]\r\n -->\r\n\r\n<div class=\"row\">\r\n    <hr \/>\r\n    <p>\r\n        <spam style=\"color:#CC0000;font-weight: bold; font-size: 2.0em;\">AVISO:<\/spam> \r\n        <spam style=\"font-size: 1.7em;\">La realizaci\u00f3n de los talleres esta sujeta a alcanzar un grupo m\u00ednimo de asistentes al turno elegido. \r\n                                        En caso de no ser factible, desde la organizaci\u00f3n les ofreceremos las alternativas existentes.<\/spam>\r\n    <\/p>\r\n<\/div>\r\n\r\n<!-- Facebook Pixel Code -->\r\n<script>\r\n  !function(f,b,e,v,n,t,s)\r\n  {if(f.fbq)return;n=f.fbq=function(){n.callMethod?\r\n  n.callMethod.apply(n,arguments):n.queue.push(arguments)};\r\n  if(!f._fbq)f._fbq=n;n.push=n;n.loaded=!0;n.version='2.0';\r\n  n.queue=[];t=b.createElement(e);t.async=!0;\r\n  t.src=v;s=b.getElementsByTagName(e)[0];\r\n  s.parentNode.insertBefore(t,s)}(window, document,'script',\r\n  'https:\/\/connect.facebook.net\/en_US\/fbevents.js');\r\n  fbq('init', '1151463368198676');\r\n  fbq('track', 'PageView');\r\nfbq('track', 'Lead');\r\n \r\n<\/script>\r\n\r\n<noscript><img loading=\"lazy\" decoding=\"async\" height=\"1\" width=\"1\" style=\"display:none\"\r\n  src=\"https:\/\/www.facebook.com\/tr?id=1151463368198676&#038;ev=PageView&#038;noscript=1\"\/>\r\n<\/noscript>\r\n<!-- End Facebook Pixel Code -->\r\n    \r\n\r\n","protected":false},"excerpt":{"rendered":"Nuestros talleres se segmentan en: &nbsp;Kid: 4\u00ba y 5\u00ba Infantil&nbsp; &nbsp;Junior: 1\u00ba a 3\u00ba Primaria&nbsp; &nbsp;Genius: 4\u00ba-6\u00ba Primaria y 1\u00ba-3\u00ba ESO&nbsp; &nbsp;Explorer: 1\u00ba ESO en adelante&nbsp; &nbsp; [wpv-view name=\u00bbtalleres-az-semana-santa-microficha\u00bb pp=\u00bb0&#8243;] &nbsp; Informaci\u00f3n General D\u00f3nde Azkuna Zentroa (Alh\u00f3ndiga Bilbao) (Arriqu\u00edbar Plaza, 4 48010 Bilbo, Bizkaia)&nbsp; mapa Fechas Del 6 al 8 de Abril (3 d\u00edas). Del [&hellip;]","protected":false},"author":21,"featured_media":16454,"parent":0,"menu_order":0,"comment_status":"closed","ping_status":"closed","template":"","meta":{"footnotes":"","_links_to":"","_links_to_target":""},"class_list":["post-30594","page","type-page","status-publish","has-post-thumbnail","hentry"],"yoast_head":"<!-- This site is optimized with the Yoast SEO plugin v22.6 - https:\/\/yoast.com\/wordpress\/plugins\/seo\/ -->\n<title>Campamentos de Semana Santa 2020 en Bilbao AZ | Camp Tecnol\u00f3gico<\/title>\n<meta name=\"description\" content=\"Campamentos durante Semana Santa en Bilbao con talleres tecnol\u00f3gicos de Programaci\u00f3n, Rob\u00f3tica, Minecratf y otras disciplinas. De 5 a 17 a\u00f1os. \u00a1Ap\u00fantale!\" \/>\n<meta name=\"robots\" content=\"noindex, follow, max-snippet:-1, max-image-preview:large, max-video-preview:-1\" \/>\n<meta property=\"og:locale\" content=\"es_ES\" \/>\n<meta property=\"og:type\" content=\"article\" \/>\n<meta property=\"og:title\" content=\"Campamentos de Semana Santa 2020 en Bilbao AZ | Camp Tecnol\u00f3gico\" \/>\n<meta property=\"og:description\" content=\"Campamentos durante Semana Santa en Bilbao con talleres tecnol\u00f3gicos de Programaci\u00f3n, Rob\u00f3tica, Minecratf y otras disciplinas. De 5 a 17 a\u00f1os. \u00a1Ap\u00fantale!\" \/>\n<meta property=\"og:url\" content=\"https:\/\/camptecnologico.com\/inicio\/campamento-semana-santa-bilbao-mananas\/\" \/>\n<meta property=\"og:site_name\" content=\"Camp Tecnologico\" \/>\n<meta property=\"article:publisher\" content=\"https:\/\/www.facebook.com\/camptecnologico\/\" \/>\n<meta property=\"article:modified_time\" content=\"2020-03-23T18:15:09+00:00\" \/>\n<meta property=\"og:image\" content=\"https:\/\/camptecnologico.com\/inicio\/wp-content\/uploads\/2015\/12\/camp-tecnologico-mondrago-robotica.jpg\" \/>\n\t<meta property=\"og:image:width\" content=\"302\" \/>\n\t<meta property=\"og:image:height\" content=\"226\" \/>\n\t<meta property=\"og:image:type\" content=\"image\/jpeg\" \/>\n<meta name=\"twitter:card\" content=\"summary_large_image\" \/>\n<meta name=\"twitter:site\" content=\"@CampTecnologico\" \/>\n<meta name=\"twitter:label1\" content=\"Tiempo de lectura\" \/>\n\t<meta name=\"twitter:data1\" content=\"1 minuto\" \/>\n<!-- \/ Yoast SEO plugin. -->","yoast_head_json":{"title":"Campamentos de Semana Santa 2020 en Bilbao AZ | Camp Tecnol\u00f3gico","description":"Campamentos durante Semana Santa en Bilbao con talleres tecnol\u00f3gicos de Programaci\u00f3n, Rob\u00f3tica, Minecratf y otras disciplinas. De 5 a 17 a\u00f1os. \u00a1Ap\u00fantale!","robots":{"index":"noindex","follow":"follow","max-snippet":"max-snippet:-1","max-image-preview":"max-image-preview:large","max-video-preview":"max-video-preview:-1"},"og_locale":"es_ES","og_type":"article","og_title":"Campamentos de Semana Santa 2020 en Bilbao AZ | Camp Tecnol\u00f3gico","og_description":"Campamentos durante Semana Santa en Bilbao con talleres tecnol\u00f3gicos de Programaci\u00f3n, Rob\u00f3tica, Minecratf y otras disciplinas. De 5 a 17 a\u00f1os. \u00a1Ap\u00fantale!","og_url":"https:\/\/camptecnologico.com\/inicio\/campamento-semana-santa-bilbao-mananas\/","og_site_name":"Camp Tecnologico","article_publisher":"https:\/\/www.facebook.com\/camptecnologico\/","article_modified_time":"2020-03-23T18:15:09+00:00","og_image":[{"width":302,"height":226,"url":"https:\/\/camptecnologico.com\/inicio\/wp-content\/uploads\/2015\/12\/camp-tecnologico-mondrago-robotica.jpg","type":"image\/jpeg"}],"twitter_card":"summary_large_image","twitter_site":"@CampTecnologico","twitter_misc":{"Tiempo de lectura":"1 minuto"},"schema":{"@context":"https:\/\/schema.org","@graph":[{"@type":"WebPage","@id":"https:\/\/camptecnologico.com\/inicio\/campamento-semana-santa-bilbao-mananas\/","url":"https:\/\/camptecnologico.com\/inicio\/campamento-semana-santa-bilbao-mananas\/","name":"Campamentos de Semana Santa 2020 en Bilbao AZ | Camp Tecnol\u00f3gico","isPartOf":{"@id":"https:\/\/camptecnologico.com\/inicio\/#website"},"primaryImageOfPage":{"@id":"https:\/\/camptecnologico.com\/inicio\/campamento-semana-santa-bilbao-mananas\/#primaryimage"},"image":{"@id":"https:\/\/camptecnologico.com\/inicio\/campamento-semana-santa-bilbao-mananas\/#primaryimage"},"thumbnailUrl":"https:\/\/camptecnologico.com\/inicio\/wp-content\/uploads\/2015\/12\/camp-tecnologico-mondrago-robotica.jpg","datePublished":"2018-02-13T08:51:21+00:00","dateModified":"2020-03-23T18:15:09+00:00","description":"Campamentos durante Semana Santa en Bilbao con talleres tecnol\u00f3gicos de Programaci\u00f3n, Rob\u00f3tica, Minecratf y otras disciplinas. De 5 a 17 a\u00f1os. \u00a1Ap\u00fantale!","breadcrumb":{"@id":"https:\/\/camptecnologico.com\/inicio\/campamento-semana-santa-bilbao-mananas\/#breadcrumb"},"inLanguage":"es","potentialAction":[{"@type":"ReadAction","target":["https:\/\/camptecnologico.com\/inicio\/campamento-semana-santa-bilbao-mananas\/"]}]},{"@type":"ImageObject","inLanguage":"es","@id":"https:\/\/camptecnologico.com\/inicio\/campamento-semana-santa-bilbao-mananas\/#primaryimage","url":"https:\/\/camptecnologico.com\/inicio\/wp-content\/uploads\/2015\/12\/camp-tecnologico-mondrago-robotica.jpg","contentUrl":"https:\/\/camptecnologico.com\/inicio\/wp-content\/uploads\/2015\/12\/camp-tecnologico-mondrago-robotica.jpg","width":302,"height":226,"caption":"talleres, tecnologia, robotica, videojuegos, cursos, ninos, ninas, campamentos, camp tecnologico, mondragon, arrasate"},{"@type":"BreadcrumbList","@id":"https:\/\/camptecnologico.com\/inicio\/campamento-semana-santa-bilbao-mananas\/#breadcrumb","itemListElement":[{"@type":"ListItem","position":1,"name":"Home","item":"https:\/\/camptecnologico.com\/"},{"@type":"ListItem","position":2,"name":"Campamentos de Semana Santa 2020 en Bilbao AZ"}]},{"@type":"WebSite","@id":"https:\/\/camptecnologico.com\/inicio\/#website","url":"https:\/\/camptecnologico.com\/inicio\/","name":"Camp Tecnologico","description":"Campamento tecnol\u00f3gico para ni\u00f1os y j\u00f3venes. Tecnolog\u00eda para ni\u00f1os. Minecraft.","publisher":{"@id":"https:\/\/camptecnologico.com\/inicio\/#organization"},"potentialAction":[{"@type":"SearchAction","target":{"@type":"EntryPoint","urlTemplate":"https:\/\/camptecnologico.com\/inicio\/?s={search_term_string}"},"query-input":"required name=search_term_string"}],"inLanguage":"es"},{"@type":"Organization","@id":"https:\/\/camptecnologico.com\/inicio\/#organization","name":"Camp Tecnol\u00f3gico","url":"https:\/\/camptecnologico.com\/inicio\/","logo":{"@type":"ImageObject","inLanguage":"es","@id":"https:\/\/camptecnologico.com\/inicio\/#\/schema\/logo\/image\/","url":"https:\/\/camptecnologico.com\/inicio\/wp-content\/uploads\/logo1.jpg","contentUrl":"https:\/\/camptecnologico.com\/inicio\/wp-content\/uploads\/logo1.jpg","width":120,"height":120,"caption":"Camp Tecnol\u00f3gico"},"image":{"@id":"https:\/\/camptecnologico.com\/inicio\/#\/schema\/logo\/image\/"},"sameAs":["https:\/\/www.facebook.com\/camptecnologico\/","https:\/\/x.com\/CampTecnologico","https:\/\/www.instagram.com\/camptecnologico\/","https:\/\/www.linkedin.com\/company\/camptecnol-gico","https:\/\/www.youtube.com\/user\/CampTecologico"]}]}},"_links":{"self":[{"href":"https:\/\/camptecnologico.com\/inicio\/wp-json\/wp\/v2\/pages\/30594","targetHints":{"allow":["GET"]}}],"collection":[{"href":"https:\/\/camptecnologico.com\/inicio\/wp-json\/wp\/v2\/pages"}],"about":[{"href":"https:\/\/camptecnologico.com\/inicio\/wp-json\/wp\/v2\/types\/page"}],"author":[{"embeddable":true,"href":"https:\/\/camptecnologico.com\/inicio\/wp-json\/wp\/v2\/users\/21"}],"replies":[{"embeddable":true,"href":"https:\/\/camptecnologico.com\/inicio\/wp-json\/wp\/v2\/comments?post=30594"}],"version-history":[{"count":65,"href":"https:\/\/camptecnologico.com\/inicio\/wp-json\/wp\/v2\/pages\/30594\/revisions"}],"predecessor-version":[{"id":46319,"href":"https:\/\/camptecnologico.com\/inicio\/wp-json\/wp\/v2\/pages\/30594\/revisions\/46319"}],"wp:featuredmedia":[{"embeddable":true,"href":"https:\/\/camptecnologico.com\/inicio\/wp-json\/wp\/v2\/media\/16454"}],"wp:attachment":[{"href":"https:\/\/camptecnologico.com\/inicio\/wp-json\/wp\/v2\/media?parent=30594"}],"curies":[{"name":"wp","href":"https:\/\/api.w.org\/{rel}","templated":true}]}}