




{"id":3002,"date":"2013-02-14T10:55:21","date_gmt":"2013-02-14T10:55:21","guid":{"rendered":"https:\/\/camptecnologico.com\/inicio\/?page_id=3002"},"modified":"2020-02-24T17:18:36","modified_gmt":"2020-02-24T16:18:36","slug":"minecraft","status":"publish","type":"page","link":"https:\/\/camptecnologico.com\/inicio\/talleres\/minecraft\/","title":{"rendered":"Minecraft"},"content":{"rendered":"<div class=\"row\" style=\"margin-left: 50px;\">\r\n\r\n<table border=\"0\" width=\"650\">\r\n<tbody>\r\n<tr>\r\n<th><img loading=\"lazy\" decoding=\"async\" class=\"size-full wp-image-1747\" title=\"Minecraft\" src=\"https:\/\/camptecnologico.com\/inicio\/wp-content\/uploads\/2013\/02\/images-13.jpg\" alt=\"\" width=\"425\" height=\"200\" \/><\/th>\r\n<th><img loading=\"lazy\" decoding=\"async\" class=\"size-full wp-image-1747\" title=\"Minecraft\" src=\"https:\/\/camptecnologico.com\/inicio\/wp-content\/uploads\/2013\/02\/images1.jpg\" alt=\"\" width=\"225\" height=\"200\" \/><\/th>\r\n<\/tr>\r\n<\/tbody>\r\n<\/table>\r\n\r\n<h2>Minecraft, un mundo entero por descubrir<\/h2>\r\n<p>En este taller los participantes adquieren conocimientos sobre el juego a la vez que se desarrollan diferentes capacidad como el conocimiento del lenguaje de programaci\u00f3n Java o la creatividad.<\/p>\r\n\r\n<p>Minecraft es un videojuego que se desarrolla en un mundo virtual. El juego comienza generando un extenso mundo mediante un algoritmo. Este mundo est\u00e1 formado por bloques c\u00fabicos que representan distintos materiales. Cada mundo se divide en diferentes regiones geogr\u00e1ficas, cada una de ellas con su correspondiente clima y caracter\u00edsticas. Es un juego que est\u00e1 en contin\u00fao desarrollo y que avanza diariamente gracias al desarrollo de mods.<\/p>\r\n\r\n<p>Impartimos 3 talleres entorno al juego, adaptados a las edades y con <strong>diferentes niveles de dificultad<\/strong>.<\/p>\r\n\r\n<h3>1. Dise\u00f1a y crea en Minecraft con McEdit y crea MODs con McCreator<\/h3>\r\n<p>Gracias a este curso los participantes podr\u00e1n iniciarse en el mundo de <strong>Minecraft<\/strong>, aprender\u00e1n a desarrollar mapas para este juego, y podr\u00e1n compartir estos planos con todos sus amigos, ya que mediante <span style=\"color:#000000\";><strong> McEdit<\/strong><\/span>, los mapas creados son h\u00e1biles para todas las versiones de Minecraft.<\/p>\r\n\r\n<p>Esta herramienta se basa en el grafismo, permitiendo desarrollar gigantescos mapas de manera r\u00e1pida y sencilla, permitiendo crear mundos de gran calidad.<\/p>\r\n\r\n<p>Acompa\u00f1ado de esto, aprenden a c\u00f3mo realizar packs de texturas que podr\u00e1n a\u00f1adir al juego y\/o compartir con sus amigos. Junto con esto, ser\u00e1n capaces de convertir cualquier imagen del mundo real en una peque\u00f1a parte de su mundo.<\/p>\r\n\r\n<h4>\u00bfQuieres crear tu propio servidor de Minecraft?<\/h4>\r\n\r\n<p>Adem\u00e1s les ense\u00f1aremos a <span style=\"color:#000000\";><strong>crear sus propios servidores<\/strong><\/span> para que puedan jugar en partidas privadas con sus amigos, y as\u00ed disfrutar m\u00e1s del juego.\r\n<br \/>\r\n\u00a1Tambi\u00e9n podr\u00e1n incorporar el mapa anteriormente creado con McEdit a su servidor!<\/p>\r\n\r\n\r\n<h3>2. Desarrollo para Minecraft \u2013 Con Python<\/h3>\r\n<p>Te introducir\u00e1s en el mundo de la programaci\u00f3n y podr\u00e1s dar rienda suelta a tu imaginaci\u00f3n creando aquello que quieras, como lanzar rayos o caminar sobre el agua.<\/p>\r\n\r\n<h3>3. Desarrollo de Minecraft \u2013 Con Java<\/h3>\r\n<h4>Desarrollo de PLUGINs<\/h4>\r\n<p>En este curso nos empezamos a adentrar en el mundo de la programaci\u00f3n. El lenguaje que se aprende es <strong>Java<\/strong>, un lenguaje de los m\u00e1s importantes en el mundo de la inform\u00e1tica y que cada vez esta ganando m\u00e1s fuerza.<\/p>\r\n\r\n<p>Durante la semana aprender\u00e1s a desarrollar tus propios <strong>Plugins<\/strong> para <strong>Minecraft<\/strong>. El \u00fanico l\u00edmite aqu\u00ed es tu imaginaci\u00f3n. Algunos ejercicios que se realizar\u00e1n consisten en crear el martillo de Thor, caminar sobre el agua o convertirte en un s\u00faper-h\u00e9roe.<\/p>\r\n\r\n<p>Una vez has aprendido a realizar <strong>Plugins<\/strong>, es el momento de dar el salto al dise\u00f1o de tus propios <strong>Mods<\/strong>.<\/p>\r\n\r\n<p>Ser\u00e1s guiado por el maravilloso mundo del desarrollo de <strong>Mods<\/strong>, aprendiendo a crear tu propia exc\u00e1libur e incluso a crear tu propio drag\u00f3n.<\/p>\r\n\r\n<p>Tambi\u00e9n aprender\u00e1s a crear <strong>tus propias texturas<\/strong> para estos <strong>Mods<\/strong>, de manera que puedas crear nuevos objetos personalizados que compartir con tus amigos.<\/p>\r\n\r\n<h4>Desarrollo de MODs<\/h4>\r\n\r\n<p>Necesario haber realizado primero el taller de Creaci\u00f3n de Plugins. En este curso ser\u00e1s guiado por el maravilloso mundo del desarrollo de Mods, aprendiendo a crear castillos o domesticar dragones.<\/p>\r\n\r\n<p>&nbsp;<\/p>\r\n\r\n<h3>Preguntas m\u00e1s frecuentes sobre los campamentos de Minecraft<\/h3>\r\n\r\n<div class=\"toggles-wrap accordion\">\r\n\r\n<div class=\"toggle-container faq-toggle\">\r\n    <div class=\"toggle-title\">\r\n        <h4 class=\"nomargin\">\u00bfQu\u00e9 ordenador hace falta para talleres de Minecraft?<\/h4>\r\n    <\/div>\r\n    <div class=\"toggle-content\" style=\"display: none;\">\r\n        <p>El port\u00e1til que lleve el ni\u00f1o tiene que tener el juego Minecraft instalado, cualquier portatil con una antig\u00fcedad de menos de 5 a\u00f1os puede funcionar con Minecraft.<\/p>\r\n    <\/div>\r\n<\/div>\r\n\r\n<div class=\"toggle-container faq-toggle\">\r\n    <div class=\"toggle-title\">\r\n        <h4 class=\"nomargin\">\u00bfSirven las tablets para los talleres de Minecraft?<\/h4>\r\n    <\/div>\r\n    <div class=\"toggle-content\" style=\"display: none;\">\r\n        <p>No, La versi\u00f3n de Minecraft de tablets denominada Pocket Edition, es distinta de la de los PCs. La edici\u00f3n m\u00f3vil no permite dar programaci\u00f3n ni creaciones avanzadas. En los talleres se usar\u00e1 la versi\u00f3n PC.<\/p>\r\n    <\/div>\r\n<\/div>\r\n\r\n<div class=\"toggle-container faq-toggle\">\r\n    <div class=\"toggle-title\">\r\n        <h4 class=\"nomargin\">\u00bfQu\u00e9 ordenador puedo comprar para que mi hijo\/a pueda instalar Minecraft, jugar y aprender a programar con \u00e9l?<\/h4>\r\n    <\/div>\r\n    <div class=\"toggle-content\" style=\"display: none;\">\r\n        <p>Se necesita un ordenador como <a href=\"http:\/\/www.amazon.es\/ASUS-X551CA-SX014H-Ordenador-port%C3%A1til-Graphics\/dp\/B00IALWID8\/ref=sr_1_13?\r\n           ie=UTF8&amp;qid=1426598606&amp;sr=8-13&amp;keywords=ordenadores+portatiles\" target=\"_blank\" rel=\"noopener noreferrer\"><strong>este ASUS<\/strong><\/a> por ejemplo. \r\n           Y est\u00e1 disponible en sitios como la web de Amazon.<br \/>\r\n        <strong>Los detalles del equipo son:<\/strong><br \/>\r\n        ASUS X551CA-SX014H &#8211; <br \/>\r\n        Ordenador port\u00e1til de 15.6&#8243; <br \/>\r\n        (Intel Core i3 3217U, 4 GB de RAM, 500 GB de disco duro, Intel HD Graphics 4000, Windows 8.1) <br \/>\r\n        Negro &#8211; Teclado QWERTY Espa\u00f1ol<br \/>\r\n        <span style=\"color:#000000;\"><strong>Precio:<\/strong><\/span> 390,21\u20ac\r\n        Esta descripci\u00f3n t\u00e9cnica es v\u00e1lida de cualquier marca.<\/p>\r\n    <\/div>\r\n<\/div>\r\n<div class=\"toggle-container faq-toggle\">\r\n    <div class=\"toggle-title\">\r\n        <h4 class=\"nomargin\">Mi hijo\/a no dispone de port\u00e1til, \u00bfQu\u00e9 puedo hacer?<\/h4>\r\n    <\/div>\r\n    <div class=\"toggle-content\" style=\"display: none;\">\r\n        <p>En caso de no disponer de ordenador portatil propio, Camp Tecnol\u00f3gico le alquilar\u00e1 uno al precio de 10\u20ac\/semana.<br \/>\r\nEn el momento de hacer la inscripci\u00f3n al campamento aparecer\u00e1 esta opci\u00f3n.<\/p>\r\n    <\/div>\r\n<\/div>\r\n<div class=\"toggle-container faq-toggle\">\r\n    <div class=\"toggle-title\">\r\n        <h4 class=\"nomargin\">\u00bfD\u00f3nde puedo comprar el juego de Minecraft?<\/h4>\r\n    <\/div>\r\n    <div class=\"toggle-content\" style=\"display: none;\">\r\n        <p>La p\u00e1gina oficial donde podr\u00e1 adquirir la licencia de Minecraft es:<br \/>\r\n           <strong>https:\/\/minecraft.net\/<\/strong><\/p>\r\n    <\/div>\r\n<\/div>\r\n<\/div>\r\n\r\n<\/div>","protected":false},"excerpt":{"rendered":"Minecraft, un mundo entero por descubrir En este taller los participantes adquieren conocimientos sobre el juego a la vez que se desarrollan diferentes capacidad como el conocimiento del lenguaje de programaci\u00f3n Java o la creatividad. Minecraft es un videojuego que se desarrolla en un mundo virtual. El juego comienza generando un extenso mundo mediante un [&hellip;]","protected":false},"author":27,"featured_media":49704,"parent":9518,"menu_order":0,"comment_status":"open","ping_status":"closed","template":"template-right.php","meta":{"footnotes":"","_links_to":"","_links_to_target":""},"class_list":["post-3002","page","type-page","status-publish","has-post-thumbnail","hentry"],"yoast_head":"<!-- This site is optimized with the Yoast SEO plugin v22.6 - https:\/\/yoast.com\/wordpress\/plugins\/seo\/ -->\n<title>Minecraft | Camp Tecnologico<\/title>\n<meta name=\"description\" content=\"Minecraft, un mundo entero por descubrir En este taller los participantes adquieren conocimientos sobre el juego a la vez que se desarrollan diferentes\" \/>\n<meta name=\"robots\" content=\"noindex, follow, max-snippet:-1, max-image-preview:large, max-video-preview:-1\" \/>\n<meta property=\"og:locale\" content=\"es_ES\" \/>\n<meta property=\"og:type\" content=\"article\" \/>\n<meta property=\"og:title\" content=\"Minecraft | Camp Tecnologico\" \/>\n<meta property=\"og:description\" content=\"Minecraft, un mundo entero por descubrir En este taller los participantes adquieren conocimientos sobre el juego a la vez que se desarrollan diferentes\" \/>\n<meta property=\"og:url\" content=\"https:\/\/camptecnologico.com\/inicio\/talleres\/minecraft\/\" \/>\n<meta property=\"og:site_name\" content=\"Camp Tecnologico\" \/>\n<meta property=\"article:publisher\" content=\"https:\/\/www.facebook.com\/camptecnologico\/\" \/>\n<meta property=\"article:modified_time\" content=\"2020-02-24T16:18:36+00:00\" \/>\n<meta property=\"og:image\" content=\"https:\/\/camptecnologico.com\/inicio\/wp-content\/uploads\/industry-4.0camptec-1.jpg\" \/>\n\t<meta property=\"og:image:width\" content=\"400\" \/>\n\t<meta property=\"og:image:height\" content=\"235\" \/>\n\t<meta property=\"og:image:type\" content=\"image\/jpeg\" \/>\n<meta name=\"twitter:card\" content=\"summary_large_image\" \/>\n<meta name=\"twitter:site\" content=\"@CampTecnologico\" \/>\n<meta name=\"twitter:label1\" content=\"Tiempo de lectura\" \/>\n\t<meta name=\"twitter:data1\" content=\"4 minutos\" \/>\n<!-- \/ Yoast SEO plugin. -->","yoast_head_json":{"title":"Minecraft | Camp Tecnologico","description":"Minecraft, un mundo entero por descubrir En este taller los participantes adquieren conocimientos sobre el juego a la vez que se desarrollan diferentes","robots":{"index":"noindex","follow":"follow","max-snippet":"max-snippet:-1","max-image-preview":"max-image-preview:large","max-video-preview":"max-video-preview:-1"},"og_locale":"es_ES","og_type":"article","og_title":"Minecraft | Camp Tecnologico","og_description":"Minecraft, un mundo entero por descubrir En este taller los participantes adquieren conocimientos sobre el juego a la vez que se desarrollan diferentes","og_url":"https:\/\/camptecnologico.com\/inicio\/talleres\/minecraft\/","og_site_name":"Camp Tecnologico","article_publisher":"https:\/\/www.facebook.com\/camptecnologico\/","article_modified_time":"2020-02-24T16:18:36+00:00","og_image":[{"width":400,"height":235,"url":"https:\/\/camptecnologico.com\/inicio\/wp-content\/uploads\/industry-4.0camptec-1.jpg","type":"image\/jpeg"}],"twitter_card":"summary_large_image","twitter_site":"@CampTecnologico","twitter_misc":{"Tiempo de lectura":"4 minutos"},"schema":{"@context":"https:\/\/schema.org","@graph":[{"@type":"WebPage","@id":"https:\/\/camptecnologico.com\/inicio\/talleres\/minecraft\/","url":"https:\/\/camptecnologico.com\/inicio\/talleres\/minecraft\/","name":"Minecraft | Camp Tecnologico","isPartOf":{"@id":"https:\/\/camptecnologico.com\/inicio\/#website"},"primaryImageOfPage":{"@id":"https:\/\/camptecnologico.com\/inicio\/talleres\/minecraft\/#primaryimage"},"image":{"@id":"https:\/\/camptecnologico.com\/inicio\/talleres\/minecraft\/#primaryimage"},"thumbnailUrl":"https:\/\/camptecnologico.com\/inicio\/wp-content\/uploads\/industry-4.0camptec-1.jpg","datePublished":"2013-02-14T10:55:21+00:00","dateModified":"2020-02-24T16:18:36+00:00","description":"Minecraft, un mundo entero por descubrir En este taller los participantes adquieren conocimientos sobre el juego a la vez que se desarrollan diferentes","breadcrumb":{"@id":"https:\/\/camptecnologico.com\/inicio\/talleres\/minecraft\/#breadcrumb"},"inLanguage":"es","potentialAction":[{"@type":"ReadAction","target":["https:\/\/camptecnologico.com\/inicio\/talleres\/minecraft\/"]}]},{"@type":"ImageObject","inLanguage":"es","@id":"https:\/\/camptecnologico.com\/inicio\/talleres\/minecraft\/#primaryimage","url":"https:\/\/camptecnologico.com\/inicio\/wp-content\/uploads\/industry-4.0camptec-1.jpg","contentUrl":"https:\/\/camptecnologico.com\/inicio\/wp-content\/uploads\/industry-4.0camptec-1.jpg","width":400,"height":235},{"@type":"BreadcrumbList","@id":"https:\/\/camptecnologico.com\/inicio\/talleres\/minecraft\/#breadcrumb","itemListElement":[{"@type":"ListItem","position":1,"name":"Home","item":"https:\/\/camptecnologico.com\/"},{"@type":"ListItem","position":2,"name":"Talleres","item":"https:\/\/camptecnologico.com\/inicio\/talleres\/"},{"@type":"ListItem","position":3,"name":"Minecraft"}]},{"@type":"WebSite","@id":"https:\/\/camptecnologico.com\/inicio\/#website","url":"https:\/\/camptecnologico.com\/inicio\/","name":"Camp Tecnologico","description":"Campamento tecnol\u00f3gico para ni\u00f1os y j\u00f3venes. Tecnolog\u00eda para ni\u00f1os. Minecraft.","publisher":{"@id":"https:\/\/camptecnologico.com\/inicio\/#organization"},"potentialAction":[{"@type":"SearchAction","target":{"@type":"EntryPoint","urlTemplate":"https:\/\/camptecnologico.com\/inicio\/?s={search_term_string}"},"query-input":"required name=search_term_string"}],"inLanguage":"es"},{"@type":"Organization","@id":"https:\/\/camptecnologico.com\/inicio\/#organization","name":"Camp Tecnol\u00f3gico","url":"https:\/\/camptecnologico.com\/inicio\/","logo":{"@type":"ImageObject","inLanguage":"es","@id":"https:\/\/camptecnologico.com\/inicio\/#\/schema\/logo\/image\/","url":"https:\/\/camptecnologico.com\/inicio\/wp-content\/uploads\/logo1.jpg","contentUrl":"https:\/\/camptecnologico.com\/inicio\/wp-content\/uploads\/logo1.jpg","width":120,"height":120,"caption":"Camp Tecnol\u00f3gico"},"image":{"@id":"https:\/\/camptecnologico.com\/inicio\/#\/schema\/logo\/image\/"},"sameAs":["https:\/\/www.facebook.com\/camptecnologico\/","https:\/\/x.com\/CampTecnologico","https:\/\/www.instagram.com\/camptecnologico\/","https:\/\/www.linkedin.com\/company\/camptecnol-gico","https:\/\/www.youtube.com\/user\/CampTecologico"]}]}},"_links":{"self":[{"href":"https:\/\/camptecnologico.com\/inicio\/wp-json\/wp\/v2\/pages\/3002","targetHints":{"allow":["GET"]}}],"collection":[{"href":"https:\/\/camptecnologico.com\/inicio\/wp-json\/wp\/v2\/pages"}],"about":[{"href":"https:\/\/camptecnologico.com\/inicio\/wp-json\/wp\/v2\/types\/page"}],"author":[{"embeddable":true,"href":"https:\/\/camptecnologico.com\/inicio\/wp-json\/wp\/v2\/users\/27"}],"replies":[{"embeddable":true,"href":"https:\/\/camptecnologico.com\/inicio\/wp-json\/wp\/v2\/comments?post=3002"}],"version-history":[{"count":8,"href":"https:\/\/camptecnologico.com\/inicio\/wp-json\/wp\/v2\/pages\/3002\/revisions"}],"predecessor-version":[{"id":45222,"href":"https:\/\/camptecnologico.com\/inicio\/wp-json\/wp\/v2\/pages\/3002\/revisions\/45222"}],"up":[{"embeddable":true,"href":"https:\/\/camptecnologico.com\/inicio\/wp-json\/wp\/v2\/pages\/9518"}],"wp:featuredmedia":[{"embeddable":true,"href":"https:\/\/camptecnologico.com\/inicio\/wp-json\/wp\/v2\/media\/49704"}],"wp:attachment":[{"href":"https:\/\/camptecnologico.com\/inicio\/wp-json\/wp\/v2\/media?parent=3002"}],"curies":[{"name":"wp","href":"https:\/\/api.w.org\/{rel}","templated":true}]}}