




{"id":29,"date":"2012-02-20T08:15:26","date_gmt":"2012-02-20T07:15:26","guid":{"rendered":"https:\/\/camptecnologico.com\/inicio\/wordpress\/?page_id=29"},"modified":"2019-01-23T11:07:57","modified_gmt":"2019-01-23T10:07:57","slug":"robotica-2","status":"publish","type":"page","link":"https:\/\/camptecnologico.com\/inicio\/talleres\/robotica-2\/","title":{"rendered":"Rob\u00f3tica"},"content":{"rendered":"<div class=\"row\" style=\"margin-left:50px\">\r\n\r\n    <h2>La aventura de dise\u00f1ar, construir y programar un Robot<\/h2>\r\n\r\n    <table width=\"650\" border=\"0\">\r\n        <tbody>\r\n            <tr>\r\n                <th><img loading=\"lazy\" decoding=\"async\" class=\"size-full wp-image-1747\" title=\"Midstorm\" alt=\"\" \r\n                     src=\"https:\/\/camptecnologico.com\/inicio\/wp-content\/uploads\/2013\/02\/pic6A7505DFD979943B4001466DC3F5B9CF.jpg\" width=\"425\" height=\"200\" \/><\/th>\r\n                <th><img loading=\"lazy\" decoding=\"async\" class=\"size-full wp-image-1747\" title=\"Midstorm\" alt=\"\" \r\n                     src=\"https:\/\/camptecnologico.com\/inicio\/wp-content\/uploads\/2013\/02\/minstorm.png\" width=\"225\" height=\"200\" \/><\/th>\r\n            <\/tr>\r\n        <\/tbody>\r\n    <\/table>\r\n\r\n    <p>En este taller apostamos por la exitosa plataforma de rob\u00f3tica educativa Lego Mindstorm NXT. Los participantes construyen sus primeros robots vali\u00e9ndose de piezas de LEGO, motores, una placa que hace las funciones de \u201ccerebro\u201d y sensores de luz, sonido, ultrasonido y tacto.<\/p>\r\n\r\n    <p>A continuaci\u00f3n, programan sus robots con un software sencillo, que les permite transmitir a los robots las pautas que \u00e9stos deben seguir como si se tratara de un puzzle.<\/p>\r\n\r\n    <p>Cada d\u00eda, los chicos persiguen una serie de retos que los monitores les plantean. Disponemos de talleres de diferentes niveles de dificultad, seg\u00fan edad y conocimientos previos.<\/p>\r\n\r\n\r\n\r\n    <h2>Mira este video para ver lo que se puede hacer con Mindstorms\u2026<\/h2>\r\n\r\n    <div class=\"embedded-video\"><iframe loading=\"lazy\" width=\"1140\" height=\"641\" src=\"https:\/\/www.youtube.com\/embed\/CUAitjAuNFI?feature=oembed\" frameborder=\"0\" allow=\"accelerometer; autoplay; encrypted-media; gyroscope; picture-in-picture\" allowfullscreen><\/iframe><\/div>\r\n\r\n\r\n\r\n<\/div>","protected":false},"excerpt":{"rendered":"La aventura de dise\u00f1ar, construir y programar un Robot En este taller apostamos por la exitosa plataforma de rob\u00f3tica educativa Lego Mindstorm NXT. Los participantes construyen sus primeros robots vali\u00e9ndose de piezas de LEGO, motores, una placa que hace las funciones de \u201ccerebro\u201d y sensores de luz, sonido, ultrasonido y tacto. A continuaci\u00f3n, programan sus [&hellip;]","protected":false},"author":27,"featured_media":1199,"parent":9518,"menu_order":2,"comment_status":"closed","ping_status":"closed","template":"template-right.php","meta":{"footnotes":"","_links_to":"","_links_to_target":""},"class_list":["post-29","page","type-page","status-publish","has-post-thumbnail","hentry"],"yoast_head":"<!-- This site is optimized with the Yoast SEO plugin v22.6 - https:\/\/yoast.com\/wordpress\/plugins\/seo\/ -->\n<title>Rob\u00f3tica | Camp Tecnologico<\/title>\n<meta name=\"description\" content=\"La aventura de dise\u00f1ar, construir y programar un Robot En este taller apostamos por la exitosa plataforma de rob\u00f3tica educativa Lego Mindstorm NXT. Los\" \/>\n<meta name=\"robots\" content=\"noindex, follow, max-snippet:-1, max-image-preview:large, max-video-preview:-1\" \/>\n<meta property=\"og:locale\" content=\"es_ES\" \/>\n<meta property=\"og:type\" content=\"article\" \/>\n<meta property=\"og:title\" content=\"Rob\u00f3tica | Camp Tecnologico\" \/>\n<meta property=\"og:description\" content=\"La aventura de dise\u00f1ar, construir y programar un Robot En este taller apostamos por la exitosa plataforma de rob\u00f3tica educativa Lego Mindstorm NXT. Los\" \/>\n<meta property=\"og:url\" content=\"https:\/\/camptecnologico.com\/inicio\/talleres\/robotica-2\/\" \/>\n<meta property=\"og:site_name\" content=\"Camp Tecnologico\" \/>\n<meta property=\"article:publisher\" content=\"https:\/\/www.facebook.com\/camptecnologico\/\" \/>\n<meta property=\"article:modified_time\" content=\"2019-01-23T10:07:57+00:00\" \/>\n<meta name=\"twitter:card\" content=\"summary_large_image\" \/>\n<meta name=\"twitter:site\" content=\"@CampTecnologico\" \/>\n<meta name=\"twitter:label1\" content=\"Tiempo de lectura\" \/>\n\t<meta name=\"twitter:data1\" content=\"1 minuto\" \/>\n<!-- \/ Yoast SEO plugin. -->","yoast_head_json":{"title":"Rob\u00f3tica | Camp Tecnologico","description":"La aventura de dise\u00f1ar, construir y programar un Robot En este taller apostamos por la exitosa plataforma de rob\u00f3tica educativa Lego Mindstorm NXT. Los","robots":{"index":"noindex","follow":"follow","max-snippet":"max-snippet:-1","max-image-preview":"max-image-preview:large","max-video-preview":"max-video-preview:-1"},"og_locale":"es_ES","og_type":"article","og_title":"Rob\u00f3tica | Camp Tecnologico","og_description":"La aventura de dise\u00f1ar, construir y programar un Robot En este taller apostamos por la exitosa plataforma de rob\u00f3tica educativa Lego Mindstorm NXT. Los","og_url":"https:\/\/camptecnologico.com\/inicio\/talleres\/robotica-2\/","og_site_name":"Camp Tecnologico","article_publisher":"https:\/\/www.facebook.com\/camptecnologico\/","article_modified_time":"2019-01-23T10:07:57+00:00","twitter_card":"summary_large_image","twitter_site":"@CampTecnologico","twitter_misc":{"Tiempo de lectura":"1 minuto"},"schema":{"@context":"https:\/\/schema.org","@graph":[{"@type":"WebPage","@id":"https:\/\/camptecnologico.com\/inicio\/talleres\/robotica-2\/","url":"https:\/\/camptecnologico.com\/inicio\/talleres\/robotica-2\/","name":"Rob\u00f3tica | Camp Tecnologico","isPartOf":{"@id":"https:\/\/camptecnologico.com\/inicio\/#website"},"primaryImageOfPage":{"@id":"https:\/\/camptecnologico.com\/inicio\/talleres\/robotica-2\/#primaryimage"},"image":{"@id":"https:\/\/camptecnologico.com\/inicio\/talleres\/robotica-2\/#primaryimage"},"thumbnailUrl":"","datePublished":"2012-02-20T07:15:26+00:00","dateModified":"2019-01-23T10:07:57+00:00","description":"La aventura de dise\u00f1ar, construir y programar un Robot En este taller apostamos por la exitosa plataforma de rob\u00f3tica educativa Lego Mindstorm NXT. Los","breadcrumb":{"@id":"https:\/\/camptecnologico.com\/inicio\/talleres\/robotica-2\/#breadcrumb"},"inLanguage":"es","potentialAction":[{"@type":"ReadAction","target":["https:\/\/camptecnologico.com\/inicio\/talleres\/robotica-2\/"]}]},{"@type":"ImageObject","inLanguage":"es","@id":"https:\/\/camptecnologico.com\/inicio\/talleres\/robotica-2\/#primaryimage","url":"","contentUrl":""},{"@type":"BreadcrumbList","@id":"https:\/\/camptecnologico.com\/inicio\/talleres\/robotica-2\/#breadcrumb","itemListElement":[{"@type":"ListItem","position":1,"name":"Home","item":"https:\/\/camptecnologico.com\/"},{"@type":"ListItem","position":2,"name":"Talleres","item":"https:\/\/camptecnologico.com\/inicio\/talleres\/"},{"@type":"ListItem","position":3,"name":"Rob\u00f3tica"}]},{"@type":"WebSite","@id":"https:\/\/camptecnologico.com\/inicio\/#website","url":"https:\/\/camptecnologico.com\/inicio\/","name":"Camp Tecnologico","description":"Campamento tecnol\u00f3gico para ni\u00f1os y j\u00f3venes. Tecnolog\u00eda para ni\u00f1os. Minecraft.","publisher":{"@id":"https:\/\/camptecnologico.com\/inicio\/#organization"},"potentialAction":[{"@type":"SearchAction","target":{"@type":"EntryPoint","urlTemplate":"https:\/\/camptecnologico.com\/inicio\/?s={search_term_string}"},"query-input":"required name=search_term_string"}],"inLanguage":"es"},{"@type":"Organization","@id":"https:\/\/camptecnologico.com\/inicio\/#organization","name":"Camp Tecnol\u00f3gico","url":"https:\/\/camptecnologico.com\/inicio\/","logo":{"@type":"ImageObject","inLanguage":"es","@id":"https:\/\/camptecnologico.com\/inicio\/#\/schema\/logo\/image\/","url":"https:\/\/camptecnologico.com\/inicio\/wp-content\/uploads\/logo1.jpg","contentUrl":"https:\/\/camptecnologico.com\/inicio\/wp-content\/uploads\/logo1.jpg","width":120,"height":120,"caption":"Camp Tecnol\u00f3gico"},"image":{"@id":"https:\/\/camptecnologico.com\/inicio\/#\/schema\/logo\/image\/"},"sameAs":["https:\/\/www.facebook.com\/camptecnologico\/","https:\/\/x.com\/CampTecnologico","https:\/\/www.instagram.com\/camptecnologico\/","https:\/\/www.linkedin.com\/company\/camptecnol-gico","https:\/\/www.youtube.com\/user\/CampTecologico"]}]}},"_links":{"self":[{"href":"https:\/\/camptecnologico.com\/inicio\/wp-json\/wp\/v2\/pages\/29","targetHints":{"allow":["GET"]}}],"collection":[{"href":"https:\/\/camptecnologico.com\/inicio\/wp-json\/wp\/v2\/pages"}],"about":[{"href":"https:\/\/camptecnologico.com\/inicio\/wp-json\/wp\/v2\/types\/page"}],"author":[{"embeddable":true,"href":"https:\/\/camptecnologico.com\/inicio\/wp-json\/wp\/v2\/users\/27"}],"replies":[{"embeddable":true,"href":"https:\/\/camptecnologico.com\/inicio\/wp-json\/wp\/v2\/comments?post=29"}],"version-history":[{"count":8,"href":"https:\/\/camptecnologico.com\/inicio\/wp-json\/wp\/v2\/pages\/29\/revisions"}],"predecessor-version":[{"id":36335,"href":"https:\/\/camptecnologico.com\/inicio\/wp-json\/wp\/v2\/pages\/29\/revisions\/36335"}],"up":[{"embeddable":true,"href":"https:\/\/camptecnologico.com\/inicio\/wp-json\/wp\/v2\/pages\/9518"}],"wp:featuredmedia":[{"embeddable":true,"href":"https:\/\/camptecnologico.com\/inicio\/wp-json\/"}],"wp:attachment":[{"href":"https:\/\/camptecnologico.com\/inicio\/wp-json\/wp\/v2\/media?parent=29"}],"curies":[{"name":"wp","href":"https:\/\/api.w.org\/{rel}","templated":true}]}}