




{"id":2887,"date":"2013-02-13T08:46:54","date_gmt":"2013-02-13T07:46:54","guid":{"rendered":"https:\/\/camptecnologico.com\/inicio\/?page_id=2887"},"modified":"2019-01-23T11:30:46","modified_gmt":"2019-01-23T10:30:46","slug":"electronica-programacion-con-arduino-12-a-16-anos","status":"publish","type":"page","link":"https:\/\/camptecnologico.com\/inicio\/talleres\/electronica-programacion-con-arduino-12-a-16-anos\/","title":{"rendered":"Introducci\u00f3n a la Electr\u00f3nica y Programaci\u00f3n- con Arduino"},"content":{"rendered":"<div class=\"row\" style=\"margin-left:50px\">\r\n\r\n<h2>Da un paso mas all\u00e1, y convi\u00e9rtete en un experto en Rob\u00f3tica <\/h2>\r\n&nbsp;\r\n<table width=\"650\" border=\"0\">\r\n<tbody>\r\n<tr>\r\n<th><img loading=\"lazy\" decoding=\"async\" class=\"size-full wp-image-1747\" title=\"Arduino\" src=\"https:\/\/camptecnologico.com\/inicio\/wp-content\/uploads\/2013\/02\/robot.jpg\" alt=\"\" width=\"425\" height=\"200\" \/><\/th>\r\n<th><img loading=\"lazy\" decoding=\"async\" class=\"size-full wp-image-1747\" title=\"Arduino\" src=\"https:\/\/camptecnologico.com\/inicio\/wp-content\/uploads\/2013\/02\/kit-experimientos.jpg\" alt=\"\" width=\"225\" height=\"200\" \/><\/th>\r\n<\/tr>\r\n<\/tbody>\r\n<\/table>\r\n&nbsp;\r\n<p style=\"text-align:justify;\"> A partir de la plataforma Open Source Arduino, en este taller de Iniciaci\u00f3n realizamos un recorrido por diversos conocimientos de electr\u00f3nica, programaci\u00f3n, ingenier\u00eda, mec\u00e1nica y electr\u00f3nica para que nuestros alumnos programen y construyan sus  propios experimentos en electr\u00f3nica, arte digital con LEDs, ropa inteligente y robots.<\/p>\r\n\r\n<p style=\"text-align:justify;\"> El <span style=color:#000000;><strong>taller Arduino iniciaci\u00f3n <\/strong><\/span> de una semana de duraci\u00f3n, permite conocer las caracter\u00edsticas de esta placa tan popular y sus posibilidades, los chic@s comienzan con programas sencillos, como encender LEDs, realizar ejercicios con los pulsadores, recoger datos de los sensores o reconocer errores, y terminan construyendo circuitos, soldando conectores e, incluso, creando un algoritmo que logre que su  robot siga \u00f3ptimamente una l\u00ednea, o integrar inteligencia en una prenda textil.<\/p>\r\n\r\n<p>Las piezas de los robots que utilizaremos <span style=color:#000000;><strong>ser\u00e1n impresas en una impresora 3D.<\/strong><\/span><\/p>\r\n<br \/>\r\n<br \/>\r\n<p style=\"text-align:justify; font-size:x-large; color:#000000;\"><strong>\u00bfQu\u00e9 es Arduino?<\/strong><\/p>\r\n\r\n<p style=\"text-align:justify;\"> Arduino es una plataforma de electr\u00f3nica abierta para la creaci\u00f3n de prototipos basada en software y hardware flexibles y f\u00e1ciles de usar. Se cre\u00f3 para artistas, dise\u00f1adores, aficionados y cualquiera interesado en crear entornos u objetos interactivos.<\/p>\r\n\r\n<p style=\"text-align:justify;\"> Arduino puede tomar informaci\u00f3n del entorno a trav\u00e9s de sus pines de entrada de toda una gama de sensores y puede afectar aquello que le rodea controlando luces, motores y otros actuadores. El microcontrolador en la placa Arduino se programa mediante el lenguaje de programaci\u00f3n Arduino (basado en Wiring) y el entorno de desarrollo Arduino (basado en Processing).<\/p>\r\n&nbsp;\r\n<table width=\"650\" border=\"0\">\r\n<tbody>\r\n<tr>\r\n<th><img loading=\"lazy\" decoding=\"async\" src=\"https:\/\/camptecnologico.com\/inicio\/wp-content\/uploads\/2013\/02\/protobot-02.jpg\" alt=\"\" title=\"protobot-02\" width=\"300\" height=\"225\" class=\"alignright size-medium wp-image-4008\" srcset=\"https:\/\/camptecnologico.com\/inicio\/wp-content\/uploads\/2013\/02\/protobot-02.jpg 900w, https:\/\/camptecnologico.com\/inicio\/wp-content\/uploads\/2013\/02\/protobot-02-300x225.jpg 300w, https:\/\/camptecnologico.com\/inicio\/wp-content\/uploads\/2013\/02\/protobot-02-350x263.jpg 350w, https:\/\/camptecnologico.com\/inicio\/wp-content\/uploads\/2013\/02\/protobot-02-318x239.jpg 318w, https:\/\/camptecnologico.com\/inicio\/wp-content\/uploads\/2013\/02\/protobot-02-160x120.jpg 160w, https:\/\/camptecnologico.com\/inicio\/wp-content\/uploads\/2013\/02\/protobot-02-150x113.jpg 150w, https:\/\/camptecnologico.com\/inicio\/wp-content\/uploads\/2013\/02\/protobot-02-745x559.jpg 745w, https:\/\/camptecnologico.com\/inicio\/wp-content\/uploads\/2013\/02\/protobot-02-113x85.jpg 113w, https:\/\/camptecnologico.com\/inicio\/wp-content\/uploads\/2013\/02\/protobot-02-302x227.jpg 302w, https:\/\/camptecnologico.com\/inicio\/wp-content\/uploads\/2013\/02\/protobot-02-368x276.jpg 368w, https:\/\/camptecnologico.com\/inicio\/wp-content\/uploads\/2013\/02\/protobot-02-420x315.jpg 420w, https:\/\/camptecnologico.com\/inicio\/wp-content\/uploads\/2013\/02\/protobot-02-738x554.jpg 738w\" sizes=\"auto, (max-width: 300px) 100vw, 300px\" \/><\/th>\r\n<th><img loading=\"lazy\" decoding=\"async\" src=\"https:\/\/camptecnologico.com\/inicio\/wp-content\/uploads\/2013\/02\/tres-printbots.jpg\" alt=\"\" title=\"tres-printbots\" width=\"300\" height=\"225\" class=\"alignright size-medium wp-image-4007\" srcset=\"https:\/\/camptecnologico.com\/inicio\/wp-content\/uploads\/2013\/02\/tres-printbots.jpg 900w, https:\/\/camptecnologico.com\/inicio\/wp-content\/uploads\/2013\/02\/tres-printbots-300x225.jpg 300w, https:\/\/camptecnologico.com\/inicio\/wp-content\/uploads\/2013\/02\/tres-printbots-350x263.jpg 350w, https:\/\/camptecnologico.com\/inicio\/wp-content\/uploads\/2013\/02\/tres-printbots-318x239.jpg 318w, https:\/\/camptecnologico.com\/inicio\/wp-content\/uploads\/2013\/02\/tres-printbots-160x120.jpg 160w, https:\/\/camptecnologico.com\/inicio\/wp-content\/uploads\/2013\/02\/tres-printbots-150x113.jpg 150w, https:\/\/camptecnologico.com\/inicio\/wp-content\/uploads\/2013\/02\/tres-printbots-745x559.jpg 745w, https:\/\/camptecnologico.com\/inicio\/wp-content\/uploads\/2013\/02\/tres-printbots-113x85.jpg 113w, https:\/\/camptecnologico.com\/inicio\/wp-content\/uploads\/2013\/02\/tres-printbots-302x227.jpg 302w, https:\/\/camptecnologico.com\/inicio\/wp-content\/uploads\/2013\/02\/tres-printbots-368x276.jpg 368w, https:\/\/camptecnologico.com\/inicio\/wp-content\/uploads\/2013\/02\/tres-printbots-420x315.jpg 420w, https:\/\/camptecnologico.com\/inicio\/wp-content\/uploads\/2013\/02\/tres-printbots-738x554.jpg 738w\" sizes=\"auto, (max-width: 300px) 100vw, 300px\" \/><\/th>\r\n<\/tr>\r\n<\/tbody>\r\n<\/table>\r\n<\/div>","protected":false},"excerpt":{"rendered":"Da un paso mas all\u00e1, y convi\u00e9rtete en un experto en Rob\u00f3tica &nbsp; &nbsp; A partir de la plataforma Open Source Arduino, en este taller de Iniciaci\u00f3n realizamos un recorrido por diversos conocimientos de electr\u00f3nica, programaci\u00f3n, ingenier\u00eda, mec\u00e1nica y electr\u00f3nica para que nuestros alumnos programen y construyan sus propios experimentos en electr\u00f3nica, arte digital con [&hellip;]","protected":false},"author":27,"featured_media":49704,"parent":9518,"menu_order":0,"comment_status":"open","ping_status":"closed","template":"template-right.php","meta":{"footnotes":"","_links_to":"","_links_to_target":""},"class_list":["post-2887","page","type-page","status-publish","has-post-thumbnail","hentry"],"yoast_head":"<!-- This site is optimized with the Yoast SEO plugin v22.6 - https:\/\/yoast.com\/wordpress\/plugins\/seo\/ -->\n<title>Introducci\u00f3n a la Electr\u00f3nica y Programaci\u00f3n- con Arduino | Camp Tecnologico<\/title>\n<meta name=\"description\" content=\"Da un paso mas all\u00e1, y convi\u00e9rtete en un experto en Rob\u00f3tica &nbsp; &nbsp; A partir de la plataforma Open Source Arduino, en este taller de Iniciaci\u00f3n\" \/>\n<meta name=\"robots\" content=\"noindex, follow, max-snippet:-1, max-image-preview:large, max-video-preview:-1\" \/>\n<meta property=\"og:locale\" content=\"es_ES\" \/>\n<meta property=\"og:type\" content=\"article\" \/>\n<meta property=\"og:title\" content=\"Introducci\u00f3n a la Electr\u00f3nica y Programaci\u00f3n- con Arduino | Camp Tecnologico\" \/>\n<meta property=\"og:description\" content=\"Da un paso mas all\u00e1, y convi\u00e9rtete en un experto en Rob\u00f3tica &nbsp; &nbsp; A partir de la plataforma Open Source Arduino, en este taller de Iniciaci\u00f3n\" \/>\n<meta property=\"og:url\" content=\"https:\/\/camptecnologico.com\/inicio\/talleres\/electronica-programacion-con-arduino-12-a-16-anos\/\" \/>\n<meta property=\"og:site_name\" content=\"Camp Tecnologico\" \/>\n<meta property=\"article:publisher\" content=\"https:\/\/www.facebook.com\/camptecnologico\/\" \/>\n<meta property=\"article:modified_time\" content=\"2019-01-23T10:30:46+00:00\" \/>\n<meta property=\"og:image\" content=\"https:\/\/camptecnologico.com\/inicio\/wp-content\/uploads\/industry-4.0camptec-1.jpg\" \/>\n\t<meta property=\"og:image:width\" content=\"400\" \/>\n\t<meta property=\"og:image:height\" content=\"235\" \/>\n\t<meta property=\"og:image:type\" content=\"image\/jpeg\" \/>\n<meta name=\"twitter:card\" content=\"summary_large_image\" \/>\n<meta name=\"twitter:site\" content=\"@CampTecnologico\" \/>\n<meta name=\"twitter:label1\" content=\"Tiempo de lectura\" \/>\n\t<meta name=\"twitter:data1\" content=\"1 minuto\" \/>\n<!-- \/ Yoast SEO plugin. -->","yoast_head_json":{"title":"Introducci\u00f3n a la Electr\u00f3nica y Programaci\u00f3n- con Arduino | Camp Tecnologico","description":"Da un paso mas all\u00e1, y convi\u00e9rtete en un experto en Rob\u00f3tica &nbsp; &nbsp; A partir de la plataforma Open Source Arduino, en este taller de Iniciaci\u00f3n","robots":{"index":"noindex","follow":"follow","max-snippet":"max-snippet:-1","max-image-preview":"max-image-preview:large","max-video-preview":"max-video-preview:-1"},"og_locale":"es_ES","og_type":"article","og_title":"Introducci\u00f3n a la Electr\u00f3nica y Programaci\u00f3n- con Arduino | Camp Tecnologico","og_description":"Da un paso mas all\u00e1, y convi\u00e9rtete en un experto en Rob\u00f3tica &nbsp; &nbsp; A partir de la plataforma Open Source Arduino, en este taller de Iniciaci\u00f3n","og_url":"https:\/\/camptecnologico.com\/inicio\/talleres\/electronica-programacion-con-arduino-12-a-16-anos\/","og_site_name":"Camp Tecnologico","article_publisher":"https:\/\/www.facebook.com\/camptecnologico\/","article_modified_time":"2019-01-23T10:30:46+00:00","og_image":[{"width":400,"height":235,"url":"https:\/\/camptecnologico.com\/inicio\/wp-content\/uploads\/industry-4.0camptec-1.jpg","type":"image\/jpeg"}],"twitter_card":"summary_large_image","twitter_site":"@CampTecnologico","twitter_misc":{"Tiempo de lectura":"1 minuto"},"schema":{"@context":"https:\/\/schema.org","@graph":[{"@type":"WebPage","@id":"https:\/\/camptecnologico.com\/inicio\/talleres\/electronica-programacion-con-arduino-12-a-16-anos\/","url":"https:\/\/camptecnologico.com\/inicio\/talleres\/electronica-programacion-con-arduino-12-a-16-anos\/","name":"Introducci\u00f3n a la Electr\u00f3nica y Programaci\u00f3n- con Arduino | Camp Tecnologico","isPartOf":{"@id":"https:\/\/camptecnologico.com\/inicio\/#website"},"primaryImageOfPage":{"@id":"https:\/\/camptecnologico.com\/inicio\/talleres\/electronica-programacion-con-arduino-12-a-16-anos\/#primaryimage"},"image":{"@id":"https:\/\/camptecnologico.com\/inicio\/talleres\/electronica-programacion-con-arduino-12-a-16-anos\/#primaryimage"},"thumbnailUrl":"https:\/\/camptecnologico.com\/inicio\/wp-content\/uploads\/industry-4.0camptec-1.jpg","datePublished":"2013-02-13T07:46:54+00:00","dateModified":"2019-01-23T10:30:46+00:00","description":"Da un paso mas all\u00e1, y convi\u00e9rtete en un experto en Rob\u00f3tica &nbsp; &nbsp; A partir de la plataforma Open Source Arduino, en este taller de Iniciaci\u00f3n","breadcrumb":{"@id":"https:\/\/camptecnologico.com\/inicio\/talleres\/electronica-programacion-con-arduino-12-a-16-anos\/#breadcrumb"},"inLanguage":"es","potentialAction":[{"@type":"ReadAction","target":["https:\/\/camptecnologico.com\/inicio\/talleres\/electronica-programacion-con-arduino-12-a-16-anos\/"]}]},{"@type":"ImageObject","inLanguage":"es","@id":"https:\/\/camptecnologico.com\/inicio\/talleres\/electronica-programacion-con-arduino-12-a-16-anos\/#primaryimage","url":"https:\/\/camptecnologico.com\/inicio\/wp-content\/uploads\/industry-4.0camptec-1.jpg","contentUrl":"https:\/\/camptecnologico.com\/inicio\/wp-content\/uploads\/industry-4.0camptec-1.jpg","width":400,"height":235},{"@type":"BreadcrumbList","@id":"https:\/\/camptecnologico.com\/inicio\/talleres\/electronica-programacion-con-arduino-12-a-16-anos\/#breadcrumb","itemListElement":[{"@type":"ListItem","position":1,"name":"Home","item":"https:\/\/camptecnologico.com\/"},{"@type":"ListItem","position":2,"name":"Talleres","item":"https:\/\/camptecnologico.com\/inicio\/talleres\/"},{"@type":"ListItem","position":3,"name":"Introducci\u00f3n a la Electr\u00f3nica y Programaci\u00f3n- con Arduino"}]},{"@type":"WebSite","@id":"https:\/\/camptecnologico.com\/inicio\/#website","url":"https:\/\/camptecnologico.com\/inicio\/","name":"Camp Tecnologico","description":"Campamento tecnol\u00f3gico para ni\u00f1os y j\u00f3venes. Tecnolog\u00eda para ni\u00f1os. Minecraft.","publisher":{"@id":"https:\/\/camptecnologico.com\/inicio\/#organization"},"potentialAction":[{"@type":"SearchAction","target":{"@type":"EntryPoint","urlTemplate":"https:\/\/camptecnologico.com\/inicio\/?s={search_term_string}"},"query-input":"required name=search_term_string"}],"inLanguage":"es"},{"@type":"Organization","@id":"https:\/\/camptecnologico.com\/inicio\/#organization","name":"Camp Tecnol\u00f3gico","url":"https:\/\/camptecnologico.com\/inicio\/","logo":{"@type":"ImageObject","inLanguage":"es","@id":"https:\/\/camptecnologico.com\/inicio\/#\/schema\/logo\/image\/","url":"https:\/\/camptecnologico.com\/inicio\/wp-content\/uploads\/logo1.jpg","contentUrl":"https:\/\/camptecnologico.com\/inicio\/wp-content\/uploads\/logo1.jpg","width":120,"height":120,"caption":"Camp Tecnol\u00f3gico"},"image":{"@id":"https:\/\/camptecnologico.com\/inicio\/#\/schema\/logo\/image\/"},"sameAs":["https:\/\/www.facebook.com\/camptecnologico\/","https:\/\/x.com\/CampTecnologico","https:\/\/www.instagram.com\/camptecnologico\/","https:\/\/www.linkedin.com\/company\/camptecnol-gico","https:\/\/www.youtube.com\/user\/CampTecologico"]}]}},"_links":{"self":[{"href":"https:\/\/camptecnologico.com\/inicio\/wp-json\/wp\/v2\/pages\/2887","targetHints":{"allow":["GET"]}}],"collection":[{"href":"https:\/\/camptecnologico.com\/inicio\/wp-json\/wp\/v2\/pages"}],"about":[{"href":"https:\/\/camptecnologico.com\/inicio\/wp-json\/wp\/v2\/types\/page"}],"author":[{"embeddable":true,"href":"https:\/\/camptecnologico.com\/inicio\/wp-json\/wp\/v2\/users\/27"}],"replies":[{"embeddable":true,"href":"https:\/\/camptecnologico.com\/inicio\/wp-json\/wp\/v2\/comments?post=2887"}],"version-history":[{"count":6,"href":"https:\/\/camptecnologico.com\/inicio\/wp-json\/wp\/v2\/pages\/2887\/revisions"}],"predecessor-version":[{"id":36350,"href":"https:\/\/camptecnologico.com\/inicio\/wp-json\/wp\/v2\/pages\/2887\/revisions\/36350"}],"up":[{"embeddable":true,"href":"https:\/\/camptecnologico.com\/inicio\/wp-json\/wp\/v2\/pages\/9518"}],"wp:featuredmedia":[{"embeddable":true,"href":"https:\/\/camptecnologico.com\/inicio\/wp-json\/wp\/v2\/media\/49704"}],"wp:attachment":[{"href":"https:\/\/camptecnologico.com\/inicio\/wp-json\/wp\/v2\/media?parent=2887"}],"curies":[{"name":"wp","href":"https:\/\/api.w.org\/{rel}","templated":true}]}}