




{"id":24684,"date":"2017-02-26T13:05:47","date_gmt":"2017-02-26T12:05:47","guid":{"rendered":"https:\/\/camptecnologico.com\/inicio\/?page_id=24684"},"modified":"2025-07-15T13:01:07","modified_gmt":"2025-07-15T12:01:07","slug":"inscripcion-eventos","status":"publish","type":"page","link":"https:\/\/camptecnologico.com\/inicio\/inscripcion-eventos\/","title":{"rendered":"Inscripcion eventos"},"content":{"rendered":"<p>\r\n    <center>\r\n<!--\r\n        <strong>\u00a1Atenci\u00f3n! Formulario optimizado para Windows y Android, recomendable utilizar Google Chrome.<br \/>\r\n             Si los selectores de \"d\u00eda, horario y taller\" no funcionan correctamente, en algunos casos se soluciona con: <a href=\"https:\/\/support.microsoft.com\/es-es\/help\/3135465\/how-to-enable-javascript-in-windows\" rel=\"noopener noreferrer\" target=\"_blank\">Habilitar JavaScript<\/a><br \/>\r\n-->\r\n             Cualquier incidencia, ll\u00e1manos al <\/strong><strong>686 510 900<\/strong>, o sino hacemos la inscripci\u00f3n por t\u00ed. <br \/>\r\n             M\u00e1ndanos los datos necesarios (d\u00eda, horario, taller, datos del asistente y datos del padre\/madre\/tutor)\r\n             al email: <strong>info@camptecnologico.com<\/strong><br \/>\r\n             <strong>INSCRIPCIONES DE ULTIMA HORA: llamar a <a href=\"tel:686510900\" style=\"color:red\">686 510 900<\/a> y enviar datos del asistente a <a href=\"mailto:info@camptecnologico.com\" style=\"color:red\">info@camptecnologico.com<\/a><\/strong>\r\n\r\n             <!--Ll\u00e1manos: <a style=\"text-decoration:none;\" href=\"tel:+34686510900\">686 510 900-->\r\n\r\n<br \/><hr \/><br \/>        <strong>Primero elige el d\u00eda y la franja horaria a la que quieres ir, y se mostrar\u00e1n los talleres que tengan plazas disponibles.<\/strong><br \/>&nbsp;\r\n\r\n    <\/a><\/center>\r\n<\/p>\r\n\r\n<form class=\"container\">\r\n\r\n<div class=\"row\">\r\n    <div class=\"col-md-3 col-sm-3\">\r\n        <!--<span class=\"control-label\">D\u00eda:-->\r\n        <label for=\"dias\">D\u00eda: <span class=\"requerido\">*<\/span><\/label>\r\n    <\/span><\/div>\r\n    <div class=\"col-md-2 col-sm-2\" id=\"divDia\">\r\n        <select id=\"dias\" data-error=\"Indica un d&iacute;a\" class=\"col-md-2 col-sm-2 form-control\" required onchange=\"getHoras()\">\r\n            <option><\/option>\r\n        <\/select>\r\n    <\/div>\r\n<\/div>\r\n\r\n<div class=\"row\"><\/div>\r\n\r\n<div class=\"row\">\r\n    <div class=\"col-md-3 col-sm-3\">\r\n        <!--<span class=\"control-label\">Horario:-->\r\n        <label for=\"horario\">Horario: <span class=\"requerido\">*<\/span><\/label>\r\n    <\/span><\/div>\r\n    <div class=\"col-md-2 col-sm-2\">\r\n        <select id=\"horario\" required data-error=\"Indica un horario\" class=\"col-md-2 col-sm-2 form-control combobox hora\" onchange=\"getTalleres()\">\r\n            <option><\/option>\r\n        <\/select>\r\n    <\/div>\r\n<\/div>\r\n\r\n\r\n<div id=\"myModal\" class=\"modal hide fade\" tabindex=\"-1\" role=\"dialog\" aria-labelledby=\"myModalLabel\" aria-hidden=\"true\">\r\n    <div class=\"modal-header\">\r\n        <h3 id=\"myModalLabel\">Camp Tecnologico<\/h3>\r\n    <\/div>\r\n    <div class=\"modal-body\">\r\n        <p>Procesando su solicitud<\/p>\r\n    <\/div>\r\n<\/div>\r\n\r\n\r\n\r\n<div class=\"row\"><\/div>\r\n\r\n<div class=\"row\">\r\n    <div class=\"col-md-3 col-sm-3\">\r\n        <!--<span class=\"control-label\">Taller:-->\r\n        <label for=\"taller\">Inscripci\u00f3n: <span class=\"requerido\">*<\/span><\/label>\r\n    <\/span><\/div>\r\n    <div class=\"col-md-7 col-sm-7\">\r\n        <select id=\"taller\" data-error=\"Indica un taller\" required class=\"col-md-7 col-sm-7 form-control combobox taller\" onchange=\"onOffBotonIncribir()\">\r\n            <option><\/option>\r\n        <\/select>\r\n    <\/div>\r\n<\/div>\r\n\r\n<div class=\"row\"><\/div>\r\n\r\n<div id=\"datosContacto\">\r\n    <div class=\"form-group row\">\r\n        <div class=\"col-md-3 col-sm-3\">\r\n            <!--<span class=\"control-label col-md-3 col-sm-3\">Nombre padre\/madre\/tutor:-->\r\n            <label for=\"nombreFamiliar\">Nombre padre\/madre\/tutor: <span class=\"requerido\">*<\/span><\/label>\r\n        <\/span><\/div>\r\n        <div class=\"col-md-6 col-sm-6\">\r\n            <input class=\"form-control col-md-6 col-sm-6\" required data-error=\"Campo obligatorio\" id=\"nombreFamiliar\"\/>\r\n        <\/div>\r\n    <\/div>\r\n    <div class=\"row\"><\/div>\r\n    <div class=\"form-group row\">\r\n        <div class=\"col-md-3 col-sm-3\">\r\n            <!--<span class=\"col-md-3 col-sm-3 control-label\">Email:-->\r\n            <label for=\"mail\">Email: <span class=\"requerido\">*<\/span><\/label>\r\n        <\/span><\/div>\r\n        <div class=\"col-md-6 col-sm-6\">\r\n            <input pattern=\"[^@]+@[^@]+\\.[a-zA-Z]{2,6}\" class=\"form-control col-md-6 col-sm-6\" required data-error=\"Campo obligatorio\" id=\"mail\"\/>\r\n        <\/div>\r\n    <\/div>\r\n    <div class=\"row\"><\/div>\r\n    <div class=\"form-group row\">\r\n        <div class=\"col-md-3 col-sm-3\">\r\n            <!--<span class=\"col-md-3 col-sm-3 control-label\">Tel\u00e9fono:-->\r\n            <label for=\"telefono\">Tel\u00e9fono: <span class=\"requerido\">*<\/span><\/label>\r\n        <\/span><\/div>\r\n        <div class=\"col-md-3 col-sm-3\">\r\n            <input pattern=\"[0-9]{9,9}$\" class=\"form-control col-md-3 col-sm-3\" required data-error=\"Campo obligatorio\" id=\"telefono\"\/>\r\n        <\/div>\r\n    <\/div>\r\n<\/div>\r\n\r\n<div class=\"row\"><\/div>\r\n\r\n<div id=\"datosAsistente\">\r\n    <div class=\"form-group row\">\r\n        <div class=\"col-md-3 col-sm-3\">\r\n            <!--<span class=\"col-md-3 col-sm-3 control-label\">Nombreasistente:-->\r\n            <label for=\"nombreAsistente\">Nombre  y apellidos del asistente: <span class=\"requerido\">*<\/span><\/label>\r\n        <\/span><\/div>\r\n        <div class=\"col-md-6 col-sm-6\">\r\n            <input class=\"form-control col-md-6 col-sm-6\" required id=\"nombreAsistente\" data-error=\"Campo obligatorio\"\/>\r\n        <\/div>\r\n    <\/div>\r\n    <div class=\"row\"><\/div>\r\n    <div class=\"form-group row\">\r\n        <div class=\"col-md-3 col-sm-3\">\r\n            <!--<span class=\"col-md-3 col-sm-3 control-label\">Fecha de nacimiento: -->\r\n            <label for=\"fecha\">Fecha nacimiento del asistente: <span class=\"requerido\">*<\/span><\/label>\r\n        <\/span><\/div>\r\n        <div class=\"col-md-3 col-sm-3\">\r\n            <input required type=\"date\" class=\"form-control col-md-3 col-sm-3\" data-error=\"Campo obligatorio\" id=\"fecha\"\/>\r\n        <\/div>\r\n    <\/div>\r\n<\/div>\r\n\r\n<div class=\"row\"><\/div>\r\n\r\n<div id=\"datosPrivacidad\">\r\n    <!--<h4>Pol\u00edtica de privacidad\r\n<p>Todos los datos ser\u00e1n tratados con absoluta confidencialidad, no siendo accesibles por terceros para finalidades distintas para las que han sido solicitados. Cualquier consulta o comentario personal dirigidos al ejercicio de los derechos de acceso, cancelaci\u00f3n u oposici\u00f3n que reconoce la Ley 15\/99 LOPD puedes remitirlos a: <a href=\"mailto:info@camptecnologico.com\">info@camptecnologico.com<\/a><\/p>-->\r\n\r\n<div class=\"row\">\r\n<div class=\"col-md-6 col-sm-6\">\r\n<label for=\"acepPol\" class=\"custom-control custom-checkbox\">\r\n  <input type=\"checkbox\" class=\"custom-control-input\" name=\"acepPol\" id=\"acepPol\" required onclick='onOffBotonIncribir(this);'\/>\r\n  <span class=\"custom-control-indicator\"><\/span>\r\n  <span class=\"custom-control-description\">Si, Acepto <a href=\"https:\/\/camptecnologico.com\/inicio\/condiciones-generales\/\" target=\"_blank\" rel=\"noopener noreferrer\">Condiciones Generales<\/a> y Pol\u00edtica de Privacidad <span class=\"requerido\">*<\/span>&nbsp;<\/span>\r\n<\/label>\r\n<\/div>\r\n<\/div>\r\n<div class=\"row\">\r\n<div class=\"col-md-9 col-sm-9\">\r\n<label for=\"acepPropa\" class=\"custom-control custom-checkbox\">\r\n  <input type=\"checkbox\" class=\"custom-control-input\" name=\"acepPropa\" id=\"acepPropa\"\/>\r\n  <span class=\"custom-control-description\">Quiero seguir recibiendo informaci\u00f3n de eventos y actividades organizadas por CampTecnol\u00f3gico<\/span>\r\n<\/label>\r\n<\/div>\r\n<\/div>\r\n\r\n<\/h4><\/div>\r\n\r\n<div class=\"row\"><\/div>\r\n\r\n<button class=\"col-md-offset-3 col-md-5 col-sm-offset-3 col-sm-5 btn button large\" id=\"btninscribir\" disabled onclick=\"inscribir()\">Inscribir<\/button><\/form>","protected":false},"excerpt":{"rendered":"Cualquier incidencia, ll\u00e1manos al 686 510 900, o sino hacemos la inscripci\u00f3n por t\u00ed. M\u00e1ndanos los datos necesarios (d\u00eda, horario, taller, datos del asistente y datos del padre\/madre\/tutor) al email: info@camptecnologico.com INSCRIPCIONES DE ULTIMA HORA: llamar a 686 510 900 y enviar datos del asistente a info@camptecnologico.com Primero elige el d\u00eda y la franja horaria [&hellip;]","protected":false},"author":21,"featured_media":49704,"parent":0,"menu_order":0,"comment_status":"closed","ping_status":"closed","template":"","meta":{"footnotes":"","_links_to":"","_links_to_target":""},"class_list":["post-24684","page","type-page","status-publish","has-post-thumbnail","hentry"],"yoast_head":"<!-- This site is optimized with the Yoast SEO plugin v22.6 - https:\/\/yoast.com\/wordpress\/plugins\/seo\/ -->\n<title>Inscripcion eventos | Camp Tecnologico<\/title>\n<meta name=\"description\" content=\"Cualquier incidencia, ll\u00e1manos al 686 510 900, o sino hacemos la inscripci\u00f3n por t\u00ed. M\u00e1ndanos los datos necesarios (d\u00eda, horario, taller, datos del\" \/>\n<meta name=\"robots\" content=\"noindex, nofollow\" \/>\n<meta property=\"og:locale\" content=\"es_ES\" \/>\n<meta property=\"og:type\" content=\"article\" \/>\n<meta property=\"og:title\" content=\"Inscripcion eventos | Camp Tecnologico\" \/>\n<meta property=\"og:description\" content=\"Cualquier incidencia, ll\u00e1manos al 686 510 900, o sino hacemos la inscripci\u00f3n por t\u00ed. M\u00e1ndanos los datos necesarios (d\u00eda, horario, taller, datos del\" \/>\n<meta property=\"og:url\" content=\"https:\/\/camptecnologico.com\/inicio\/inscripcion-eventos\/\" \/>\n<meta property=\"og:site_name\" content=\"Camp Tecnologico\" \/>\n<meta property=\"article:publisher\" content=\"https:\/\/www.facebook.com\/camptecnologico\/\" \/>\n<meta property=\"article:modified_time\" content=\"2025-07-15T12:01:07+00:00\" \/>\n<meta name=\"twitter:card\" content=\"summary_large_image\" \/>\n<meta name=\"twitter:site\" content=\"@CampTecnologico\" \/>\n<meta name=\"twitter:label1\" content=\"Tiempo de lectura\" \/>\n\t<meta name=\"twitter:data1\" content=\"1 minuto\" \/>\n<!-- \/ Yoast SEO plugin. -->","yoast_head_json":{"title":"Inscripcion eventos | Camp Tecnologico","description":"Cualquier incidencia, ll\u00e1manos al 686 510 900, o sino hacemos la inscripci\u00f3n por t\u00ed. M\u00e1ndanos los datos necesarios (d\u00eda, horario, taller, datos del","robots":{"index":"noindex","follow":"nofollow"},"og_locale":"es_ES","og_type":"article","og_title":"Inscripcion eventos | Camp Tecnologico","og_description":"Cualquier incidencia, ll\u00e1manos al 686 510 900, o sino hacemos la inscripci\u00f3n por t\u00ed. M\u00e1ndanos los datos necesarios (d\u00eda, horario, taller, datos del","og_url":"https:\/\/camptecnologico.com\/inicio\/inscripcion-eventos\/","og_site_name":"Camp Tecnologico","article_publisher":"https:\/\/www.facebook.com\/camptecnologico\/","article_modified_time":"2025-07-15T12:01:07+00:00","twitter_card":"summary_large_image","twitter_site":"@CampTecnologico","twitter_misc":{"Tiempo de lectura":"1 minuto"},"schema":{"@context":"https:\/\/schema.org","@graph":[{"@type":"WebPage","@id":"https:\/\/camptecnologico.com\/inicio\/inscripcion-eventos\/","url":"https:\/\/camptecnologico.com\/inicio\/inscripcion-eventos\/","name":"Inscripcion eventos | Camp Tecnologico","isPartOf":{"@id":"https:\/\/camptecnologico.com\/inicio\/#website"},"primaryImageOfPage":{"@id":"https:\/\/camptecnologico.com\/inicio\/inscripcion-eventos\/#primaryimage"},"image":{"@id":"https:\/\/camptecnologico.com\/inicio\/inscripcion-eventos\/#primaryimage"},"thumbnailUrl":"https:\/\/camptecnologico.com\/inicio\/wp-content\/uploads\/industry-4.0camptec-1.jpg","datePublished":"2017-02-26T12:05:47+00:00","dateModified":"2025-07-15T12:01:07+00:00","description":"Cualquier incidencia, ll\u00e1manos al 686 510 900, o sino hacemos la inscripci\u00f3n por t\u00ed. M\u00e1ndanos los datos necesarios (d\u00eda, horario, taller, datos del","breadcrumb":{"@id":"https:\/\/camptecnologico.com\/inicio\/inscripcion-eventos\/#breadcrumb"},"inLanguage":"es","potentialAction":[{"@type":"ReadAction","target":["https:\/\/camptecnologico.com\/inicio\/inscripcion-eventos\/"]}]},{"@type":"ImageObject","inLanguage":"es","@id":"https:\/\/camptecnologico.com\/inicio\/inscripcion-eventos\/#primaryimage","url":"https:\/\/camptecnologico.com\/inicio\/wp-content\/uploads\/industry-4.0camptec-1.jpg","contentUrl":"https:\/\/camptecnologico.com\/inicio\/wp-content\/uploads\/industry-4.0camptec-1.jpg","width":400,"height":235},{"@type":"BreadcrumbList","@id":"https:\/\/camptecnologico.com\/inicio\/inscripcion-eventos\/#breadcrumb","itemListElement":[{"@type":"ListItem","position":1,"name":"Home","item":"https:\/\/camptecnologico.com\/"},{"@type":"ListItem","position":2,"name":"Inscripcion eventos"}]},{"@type":"WebSite","@id":"https:\/\/camptecnologico.com\/inicio\/#website","url":"https:\/\/camptecnologico.com\/inicio\/","name":"Camp Tecnologico","description":"Campamento tecnol\u00f3gico para ni\u00f1os y j\u00f3venes. Tecnolog\u00eda para ni\u00f1os. Minecraft.","publisher":{"@id":"https:\/\/camptecnologico.com\/inicio\/#organization"},"potentialAction":[{"@type":"SearchAction","target":{"@type":"EntryPoint","urlTemplate":"https:\/\/camptecnologico.com\/inicio\/?s={search_term_string}"},"query-input":"required name=search_term_string"}],"inLanguage":"es"},{"@type":"Organization","@id":"https:\/\/camptecnologico.com\/inicio\/#organization","name":"Camp Tecnol\u00f3gico","url":"https:\/\/camptecnologico.com\/inicio\/","logo":{"@type":"ImageObject","inLanguage":"es","@id":"https:\/\/camptecnologico.com\/inicio\/#\/schema\/logo\/image\/","url":"https:\/\/camptecnologico.com\/inicio\/wp-content\/uploads\/logo1.jpg","contentUrl":"https:\/\/camptecnologico.com\/inicio\/wp-content\/uploads\/logo1.jpg","width":120,"height":120,"caption":"Camp Tecnol\u00f3gico"},"image":{"@id":"https:\/\/camptecnologico.com\/inicio\/#\/schema\/logo\/image\/"},"sameAs":["https:\/\/www.facebook.com\/camptecnologico\/","https:\/\/x.com\/CampTecnologico","https:\/\/www.instagram.com\/camptecnologico\/","https:\/\/www.linkedin.com\/company\/camptecnol-gico","https:\/\/www.youtube.com\/user\/CampTecologico"]}]}},"_links":{"self":[{"href":"https:\/\/camptecnologico.com\/inicio\/wp-json\/wp\/v2\/pages\/24684","targetHints":{"allow":["GET"]}}],"collection":[{"href":"https:\/\/camptecnologico.com\/inicio\/wp-json\/wp\/v2\/pages"}],"about":[{"href":"https:\/\/camptecnologico.com\/inicio\/wp-json\/wp\/v2\/types\/page"}],"author":[{"embeddable":true,"href":"https:\/\/camptecnologico.com\/inicio\/wp-json\/wp\/v2\/users\/21"}],"replies":[{"embeddable":true,"href":"https:\/\/camptecnologico.com\/inicio\/wp-json\/wp\/v2\/comments?post=24684"}],"version-history":[{"count":50,"href":"https:\/\/camptecnologico.com\/inicio\/wp-json\/wp\/v2\/pages\/24684\/revisions"}],"predecessor-version":[{"id":49887,"href":"https:\/\/camptecnologico.com\/inicio\/wp-json\/wp\/v2\/pages\/24684\/revisions\/49887"}],"wp:featuredmedia":[{"embeddable":true,"href":"https:\/\/camptecnologico.com\/inicio\/wp-json\/wp\/v2\/media\/49704"}],"wp:attachment":[{"href":"https:\/\/camptecnologico.com\/inicio\/wp-json\/wp\/v2\/media?parent=24684"}],"curies":[{"name":"wp","href":"https:\/\/api.w.org\/{rel}","templated":true}]}}