




{"id":23149,"date":"2016-11-28T14:08:27","date_gmt":"2016-11-28T13:08:27","guid":{"rendered":"https:\/\/camptecnologico.com\/inicio\/?page_id=23149"},"modified":"2017-02-27T14:14:43","modified_gmt":"2017-02-27T13:14:43","slug":"programacion-robotica-ninos-jovenes","status":"publish","type":"page","link":"https:\/\/camptecnologico.com\/inicio\/programacion-robotica-ninos-jovenes\/","title":{"rendered":"Talleres Tecnol\u00f3gicos de 1 d\u00eda"},"content":{"rendered":"<script>\r\n    sessionStorage.campus=2710;\r\n<\/script>\r\n<img loading=\"lazy\" decoding=\"async\" src=\"https:\/\/camptecnologico.com\/inicio\/wp-content\/uploads\/tecnologia-para-ninos-camp-tecnologico-4.jpg\" alt=\"\" width=\"733\" height=\"382\" class=\"alignleft size-full wp-image-24778\" srcset=\"https:\/\/camptecnologico.com\/inicio\/wp-content\/uploads\/tecnologia-para-ninos-camp-tecnologico-4.jpg 733w, https:\/\/camptecnologico.com\/inicio\/wp-content\/uploads\/tecnologia-para-ninos-camp-tecnologico-4-150x78.jpg 150w, https:\/\/camptecnologico.com\/inicio\/wp-content\/uploads\/tecnologia-para-ninos-camp-tecnologico-4-224x117.jpg 224w, https:\/\/camptecnologico.com\/inicio\/wp-content\/uploads\/tecnologia-para-ninos-camp-tecnologico-4-350x182.jpg 350w, https:\/\/camptecnologico.com\/inicio\/wp-content\/uploads\/tecnologia-para-ninos-camp-tecnologico-4-318x166.jpg 318w, https:\/\/camptecnologico.com\/inicio\/wp-content\/uploads\/tecnologia-para-ninos-camp-tecnologico-4-200x104.jpg 200w, https:\/\/camptecnologico.com\/inicio\/wp-content\/uploads\/tecnologia-para-ninos-camp-tecnologico-4-113x59.jpg 113w, https:\/\/camptecnologico.com\/inicio\/wp-content\/uploads\/tecnologia-para-ninos-camp-tecnologico-4-302x157.jpg 302w, https:\/\/camptecnologico.com\/inicio\/wp-content\/uploads\/tecnologia-para-ninos-camp-tecnologico-4-368x192.jpg 368w, https:\/\/camptecnologico.com\/inicio\/wp-content\/uploads\/tecnologia-para-ninos-camp-tecnologico-4-420x219.jpg 420w\" sizes=\"auto, (max-width: 733px) 100vw, 733px\" \/>\r\n<br\/>\r\n<br\/>\r\n<br\/>\r\n<br\/>\r\n<p> Los fines de semana en Bilbao ya podr\u00e1n disfrutar de talleres sueltos, <strong>talleres de un d\u00eda<\/strong> de lo m\u00e1s divertidos. <strong>Talleres de tecnolog\u00eda<\/strong> para ni\u00f1os, ni\u00f1as y j\u00f3venes que se impartir\u00e1n todas las semanas, se trata de talleres de <strong>2 horas<\/strong> de duraci\u00f3n los viernes de 18:00 a 20:00h y s\u00e1bados de 12:15 a 14:15h<!-- y domingos de 11:00 a 13:00--> en <a href=\"https:\/\/camptecnologico.com\/inicio\/azkuna-zentroa\/\" target=\"_blank\">Azkuna Zentroa (Alh\u00f3ndiga)<\/a>. Actividades de 1 d\u00eda para ni\u00f1as\/os y j\u00f3venes con tem\u00e1ticas tecnol\u00f3gicas tan variadas e interesantes como estas. <\/p> \r\n<br\/>\r\n<br\/>\r\n\r\n\r\n<h3>Talleres de 1 d\u00eda <\/h3>\r\n<ul>\r\n    <li> <strong>Minecraft:<\/strong> Batalla de construcci\u00f3n<\/li>\r\n    <li> <strong>Espada laser<\/strong>, que la fuerza te acompa\u00f1e<\/li>\r\n<!--    <li> <strong>Stikbot<\/strong> Animaci\u00f3n y cromas <\/li>-->\r\n<!--    <li> <strong>Kids&Tech<\/strong><\/li>-->\r\n    <li> <strong>Minecraft:<\/strong> Mapa de Aventuras <\/li>\r\n    <li> <strong>Nano Robots<\/strong><\/li>\r\n<!--    <li> <strong>Scratch<\/strong> Programa tu Videojuego<\/li>-->\r\n<\/ul>\r\n<br\/>\r\n<br\/>\r\n\r\n<!------------------------------------->\r\n<h3> Minecraft: Batalla de construcci\u00f3n (9-13 a\u00f1os)<\/h3>\r\n<h4>Compite con tus amigos y amigas para ver qui\u00e9n es el mejor constructor en Minecraft<\/h4>\r\n<p>En este taller, los ni\u00f1os y ni\u00f1as tendr\u00e1n que utilizar todas sus habilidades art\u00edsticas y constructoras, para competir contra el resto de participantes y alzarse con la victoria. Participar\u00e1n en una competici\u00f3n de construcci\u00f3n donde aprender\u00e1n a moverse y a trabajar con el programa Minecraft, y donde desarrollar\u00e1n sus habilidades creativas.<\/p>\r\n\r\n<img loading=\"lazy\" decoding=\"async\" src=\"https:\/\/camptecnologico.com\/inicio\/wp-content\/uploads\/tecnologia-para-ninos-Minecraft-Batalla.jpg\" \r\n     alt=\"tecnologia `para ni\u00f1os con MInecraft, talleres de 1 d\u00eda\" width=\"334\" height=\"230\" class=\"alignleft size-full wp-image-23749\" srcset=\"https:\/\/camptecnologico.com\/inicio\/wp-content\/uploads\/tecnologia-para-ninos-Minecraft-Batalla.jpg 334w, https:\/\/camptecnologico.com\/inicio\/wp-content\/uploads\/tecnologia-para-ninos-Minecraft-Batalla-150x103.jpg 150w, https:\/\/camptecnologico.com\/inicio\/wp-content\/uploads\/tecnologia-para-ninos-Minecraft-Batalla-224x154.jpg 224w, https:\/\/camptecnologico.com\/inicio\/wp-content\/uploads\/tecnologia-para-ninos-Minecraft-Batalla-318x219.jpg 318w, https:\/\/camptecnologico.com\/inicio\/wp-content\/uploads\/tecnologia-para-ninos-Minecraft-Batalla-174x120.jpg 174w, https:\/\/camptecnologico.com\/inicio\/wp-content\/uploads\/tecnologia-para-ninos-Minecraft-Batalla-113x78.jpg 113w, https:\/\/camptecnologico.com\/inicio\/wp-content\/uploads\/tecnologia-para-ninos-Minecraft-Batalla-302x208.jpg 302w\" sizes=\"auto, (max-width: 334px) 100vw, 334px\" \/>\r\n<\/br>\r\n<h4> Fechas<\/h4>\r\n<p>Viernes de 18:00 a 20:00<\/p>\r\n\r\n<h4> Precio<\/h4>\r\n<p> 20\u20ac  | Tarjeta AZ:10%dto.  |  Antiguo Alumno: 25%dto. <\/p>\r\n\r\n<p><a class=\"button centre\" href=\"https:\/\/camptecnologico.com\/inicio\/inscripcion\/\" rel=\"nofollow\">Ap\u00fantale<\/a><\/p>\r\n\r\n<br\/><br\/><br\/><br\/><br\/>\r\n<!------------------------------------->\r\n<h3> Espada laser, que la fuerza te acompa\u00f1e (9-13 a\u00f1os)<\/h3>\r\n<h4>Construir\u00e1 su propia espada laser con luz y sonidos<\/h4>\r\n<p>Con algunos viejos tubos de cart\u00f3n y papel, podr\u00e1n hacer su propio sable de luz ecol\u00f3gico y programar a cualquier color y sonido que les guste a trav\u00e9s de una placa Micro:bit. Usar\u00e1n para las luces el Mover Kit.<\/p>\r\n\r\n<img loading=\"lazy\" decoding=\"async\" class=\"alignleft size-full wp-image-23749\" src=\"https:\/\/camptecnologico.com\/inicio\/wp-content\/uploads\/Mesa-de-trabajo-1-100.jpg\" alt=\"arnaval en bilbao, tecnologia &#96;para ni\u00f1os con Minecraft, talleres de 1 d\u00eda\" width=\"334\" height=\"230\" \/>\r\n<\/br>\r\n<h4> Fechas<\/h4>\r\n<p>Viernes de 18:00 a 20:00<\/p>\r\n\r\n<h4> Precio<\/h4>\r\n<p> 20\u20ac  | Tarjeta AZ:10%dto.  |  Antiguo Alumno: 25%dto. <\/p>\r\n\r\n<p><a class=\"button centre\" href=\"https:\/\/camptecnologico.com\/inicio\/inscripcion\/\" rel=\"nofollow\">Ap\u00fantale<\/a><\/p>\r\n\r\n<br\/><br\/><br\/><br\/><br\/>\r\n\r\n<!--\r\n<h3> Stikbot-Animaci\u00f3n y Cromas (7-13 a\u00f1os)<\/h3>\r\n<h4> Crea tus propias animaciones, inventa historias y da vida a estos peque\u00f1os personajes<\/h4>\r\n<p>Para todos aquellos a los que les guste la animaci\u00f3n, las pel\u00edculas, los cortometrajes... En este taller, los alumnos aprender\u00e1n a utilizar el set StikBot para animar a nuestros peque\u00f1os personajes en diferentes situaciones y lugares gracias al croma del set.<\/p>\r\n\r\n<img loading=\"lazy\" decoding=\"async\" src=\"https:\/\/camptecnologico.com\/inicio\/wp-content\/uploads\/tecnologia-para-ninos-StikBot.jpg\" \r\n     alt=\"tecnologia para ni\u00f1os con stikbot\" width=\"334\" height=\"230\" class=\"alignleft size-full wp-image-23750\" srcset=\"https:\/\/camptecnologico.com\/inicio\/wp-content\/uploads\/tecnologia-para-ninos-StikBot.jpg 334w, https:\/\/camptecnologico.com\/inicio\/wp-content\/uploads\/tecnologia-para-ninos-StikBot-150x103.jpg 150w, https:\/\/camptecnologico.com\/inicio\/wp-content\/uploads\/tecnologia-para-ninos-StikBot-224x154.jpg 224w, https:\/\/camptecnologico.com\/inicio\/wp-content\/uploads\/tecnologia-para-ninos-StikBot-318x219.jpg 318w, https:\/\/camptecnologico.com\/inicio\/wp-content\/uploads\/tecnologia-para-ninos-StikBot-174x120.jpg 174w, https:\/\/camptecnologico.com\/inicio\/wp-content\/uploads\/tecnologia-para-ninos-StikBot-113x78.jpg 113w, https:\/\/camptecnologico.com\/inicio\/wp-content\/uploads\/tecnologia-para-ninos-StikBot-302x208.jpg 302w\" sizes=\"auto, (max-width: 334px) 100vw, 334px\" \/>\r\n<\/br>\r\n<h4> Fechas<\/h4>\r\n<p>Viernes de 18:00 a 20:00<\/p>\r\n\r\n<h4> Precio<\/h4>\r\n<p> 20\u20ac  | Tarjeta AZ:10%dto.  |  Antiguo Alumno: 25%dto. <\/p>\r\n\r\n<p><a class=\"button centre\" href=\"https:\/\/camptecnologico.com\/inicio\/inscripcion\/\" rel=\"nofollow\">Ap\u00fantale<\/a><\/p>\r\n\r\n<br\/><br\/><br\/><br\/><br\/>\r\n-->\r\n<!------------------------------------->\r\n<!--\r\n<h3>Kids&Tech (4 a 6 a\u00f1os)<\/h3>\r\n<h4>Utilizar\u00e1n muchas y diferentes herramientas, por lo que no habr\u00e1 sitio para el aburrimiento.<\/h4>\r\n<p>Tendr\u00e1n que programar peque\u00f1as \u00f3rdenes para realizar una secuencia de movimientos a una abeja, controlar\u00e1n con tablets el robot educativo Dash & Dot, sus primeros pasos en rob\u00f3tica con Kibo.<\/p>\r\n\r\n<img loading=\"lazy\" decoding=\"async\" src=\"https:\/\/camptecnologico.com\/inicio\/wp-content\/uploads\/talleres-tecnologicos-kids.jpg\" \r\n     alt=\"talleres bilbao\" width=\"334\" height=\"230\" class=\"alignleft size-full wp-image-22639\" \/>\r\n<\/br>\r\n<h4> Fechas<\/h4>\r\n<p>S\u00e1bado de 12:15 a 14:15<\/p>\r\n\r\n<h4> Precio<\/h4>\r\n<p> 15\u20ac  | Tarjeta AZ:10%dto.  |  Antiguo Alumno: 25%dto. <\/p>\r\n\r\n<p><a class=\"button centre\" href=\"https:\/\/camptecnologico.com\/inicio\/inscripcion\/\" rel=\"nofollow\">Ap\u00fantale<\/a><\/p>\r\n\r\n<br\/><br\/><br\/><br\/><br\/>\r\n-->\r\n<!------------------------------------->\r\n<h3>Minecraft-Mapa de Aventuras (7-13 a\u00f1os) <\/h3>\r\n<h4> Vive una fant\u00e1stica aventura junto a tus amigos y amigas \u00bfLlegar\u00e9is a completarla?<\/h4>\r\n<p>Para los amantes de las aventuras y de <strong>Minecraft<\/strong>, en este taller se har\u00e1n equipos que deber\u00e1n trabajar coordinados para conseguir llegar a superar el mapa de aventuras que les traemos esta semana.<\/p>\r\n\r\n<img loading=\"lazy\" decoding=\"async\" src=\"https:\/\/camptecnologico.com\/inicio\/wp-content\/uploads\/tecnologia-para-ninos-Minecraft-Aventura.jpg\" \r\n     alt=\"tecnologia para ni\u00f1os, Minecraft mapa de aventuras\" width=\"334\" height=\"230\" class=\"alignleft size-full wp-image-23751\" srcset=\"https:\/\/camptecnologico.com\/inicio\/wp-content\/uploads\/tecnologia-para-ninos-Minecraft-Aventura.jpg 334w, https:\/\/camptecnologico.com\/inicio\/wp-content\/uploads\/tecnologia-para-ninos-Minecraft-Aventura-150x103.jpg 150w, https:\/\/camptecnologico.com\/inicio\/wp-content\/uploads\/tecnologia-para-ninos-Minecraft-Aventura-224x154.jpg 224w, https:\/\/camptecnologico.com\/inicio\/wp-content\/uploads\/tecnologia-para-ninos-Minecraft-Aventura-318x219.jpg 318w, https:\/\/camptecnologico.com\/inicio\/wp-content\/uploads\/tecnologia-para-ninos-Minecraft-Aventura-174x120.jpg 174w, https:\/\/camptecnologico.com\/inicio\/wp-content\/uploads\/tecnologia-para-ninos-Minecraft-Aventura-113x78.jpg 113w, https:\/\/camptecnologico.com\/inicio\/wp-content\/uploads\/tecnologia-para-ninos-Minecraft-Aventura-302x208.jpg 302w\" sizes=\"auto, (max-width: 334px) 100vw, 334px\" \/>\r\n<\/br>\r\n<h4> Fechas<\/h4>\r\n<p>S\u00e1bado de 12:15 a 14:15<\/p>\r\n\r\n<h4> Precio<\/h4>\r\n<p> 20\u20ac  | Tarjeta AZ:10%dto.  |  Antiguo Alumno: 25%dto. <\/p>\r\n\r\n<p><a class=\"button centre\" href=\"https:\/\/camptecnologico.com\/inicio\/inscripcion\/\" rel=\"nofollow\">Ap\u00fantale<\/a><\/p>\r\n\r\n<br\/><br\/><br\/><br\/><br\/>\r\n<!------------------------------------->\r\n<h3>Nano Robots (7 a 13 a\u00f1os)<\/h3>\r\n<h4>Un taller en el que podr\u00e1n crear su propio personaje de la forma m\u00e1s creativa con el <a href=\"http:\/\/www.kamibot.com\/default.php\" rel=\"nofollow\" target=\"_blank\">robot Kamibot<\/a>. <\/h4>\r\n\r\n<p> Un<strong> robot<\/strong> con el que podr\u00e1n dise\u00f1ar sus movimientos, controlar su rotaci\u00f3n e incluso cambiar la tonalidad de su iluminaci\u00f3n, gracias a sus luces LEDs integradas.<\/p>\r\n\r\n<img loading=\"lazy\" decoding=\"async\" src=\"https:\/\/camptecnologico.com\/inicio\/wp-content\/uploads\/2016\/11\/semana-de-la-ciencia-camp-tecnologico-kamibot.jpg\" \r\n     alt=\"talleres bilbao\" width=\"334\" height=\"230\" class=\"alignleft size-full wp-image-22639\" srcset=\"https:\/\/camptecnologico.com\/inicio\/wp-content\/uploads\/2016\/11\/semana-de-la-ciencia-camp-tecnologico-kamibot.jpg 334w, https:\/\/camptecnologico.com\/inicio\/wp-content\/uploads\/2016\/11\/semana-de-la-ciencia-camp-tecnologico-kamibot-150x103.jpg 150w, https:\/\/camptecnologico.com\/inicio\/wp-content\/uploads\/2016\/11\/semana-de-la-ciencia-camp-tecnologico-kamibot-224x154.jpg 224w, https:\/\/camptecnologico.com\/inicio\/wp-content\/uploads\/2016\/11\/semana-de-la-ciencia-camp-tecnologico-kamibot-318x219.jpg 318w, https:\/\/camptecnologico.com\/inicio\/wp-content\/uploads\/2016\/11\/semana-de-la-ciencia-camp-tecnologico-kamibot-174x120.jpg 174w, https:\/\/camptecnologico.com\/inicio\/wp-content\/uploads\/2016\/11\/semana-de-la-ciencia-camp-tecnologico-kamibot-113x78.jpg 113w, https:\/\/camptecnologico.com\/inicio\/wp-content\/uploads\/2016\/11\/semana-de-la-ciencia-camp-tecnologico-kamibot-302x208.jpg 302w\" sizes=\"auto, (max-width: 334px) 100vw, 334px\" \/>\r\n<br\/>\r\n<h4> Fechas<\/h4>\r\n<p>S\u00e1bado de 12:15 a 14:15<\/p>\r\n\r\n<h4> Precio<\/h4>\r\n<p> 20\u20ac  | Tarjeta AZ:10%dto.  |  Antiguo Alumno: 25%dto. <\/p>\r\n\r\n<p><a class=\"button centre\" href=\"https:\/\/camptecnologico.com\/inicio\/inscripcion\/\" rel=\"nofollow\">Ap\u00fantale<\/a><\/p>\r\n\r\n<br\/><br\/><br\/><br\/><br\/>\r\n<!------------------------------------->\r\n<!--\r\n<h3> Scratch-Programa tu Videojuego (7 a 9 a\u00f1os) <\/h3>\r\n<h4> Descubre qu\u00e9 es lo que hay detr\u00e1s de un videojuego y aprende a crear el tuyo propio <\/h4>\r\n\r\n<p>Para todos aquellos interesados en la rob\u00f3tica y la programaci\u00f3n, en este taller, los ni\u00f1os y ni\u00f1as aprender\u00e1n a utilizar Scratch, un software de programaci\u00f3n simplificado para que empiecen a adquirir nociones b\u00e1sicas de programaci\u00f3n. Con ello, aprender\u00e1n a crear sus pr\u00f3pios videojuegos desde cero. Un taller muy recomendado para aquellos ni\u00f1os y ni\u00f1as que quieren tener su primer contacto con la rob\u00f3tica y la programaci\u00f3n.<\/p>\r\n\r\n<img loading=\"lazy\" decoding=\"async\" src=\"https:\/\/camptecnologico.com\/inicio\/wp-content\/uploads\/tecnologia-para-ninos-Scratch.jpg\" \r\n     alt=\"tecnologia para ni\u00f1os con Scracht\" width=\"334\" height=\"230\" class=\"alignleft size-full wp-image-23752\" srcset=\"https:\/\/camptecnologico.com\/inicio\/wp-content\/uploads\/tecnologia-para-ninos-Scratch.jpg 334w, https:\/\/camptecnologico.com\/inicio\/wp-content\/uploads\/tecnologia-para-ninos-Scratch-150x103.jpg 150w, https:\/\/camptecnologico.com\/inicio\/wp-content\/uploads\/tecnologia-para-ninos-Scratch-224x154.jpg 224w, https:\/\/camptecnologico.com\/inicio\/wp-content\/uploads\/tecnologia-para-ninos-Scratch-318x219.jpg 318w, https:\/\/camptecnologico.com\/inicio\/wp-content\/uploads\/tecnologia-para-ninos-Scratch-174x120.jpg 174w, https:\/\/camptecnologico.com\/inicio\/wp-content\/uploads\/tecnologia-para-ninos-Scratch-113x78.jpg 113w, https:\/\/camptecnologico.com\/inicio\/wp-content\/uploads\/tecnologia-para-ninos-Scratch-302x208.jpg 302w\" sizes=\"auto, (max-width: 334px) 100vw, 334px\" \/>\r\n<\/br>\r\n<h4> Fechas<\/h4>\r\n<p>Domingo de 11:00 a 13:00<\/p>\r\n\r\n<h4> Precio<\/h4>\r\n<p> 20\u20ac  | Tarjeta AZ:10%dto.  |  Antiguo Alumno: 25%dto. <\/p>\r\n\r\n<p><a class=\"button centre\" href=\"https:\/\/camptecnologico.com\/inicio\/inscripcion\/\" rel=\"nofollow\">Ap\u00fantale<\/a><\/p>\r\n\r\n<br\/><br\/><br\/><br\/><br\/>\r\n-->\r\n<!------------------------------------->\r\n\r\n\r\n\r\n<p> La <strong>tecnolog\u00eda para ni\u00f1os<\/strong> y ni\u00f1as que buscas la encontrar\u00e1s en estos creativos talleres monogr\u00e1ficos, 1 d\u00eda para que conozcan de cerca la tecnolog\u00eda y profundicen en conceptos complejos adaptados a su edad.<\/p>\r\n\r\n<p>La mejor forma de que lo prueben \u00a1Les va a encantar!<\/p>\r\n<\/br>\r\n<h4> D\u00f3nde <\/h4>\r\n<p> Azkuna Zentroa<\/p>\r\n<p> Arriqu\u00edbar Plaza, 4,<\/p>\r\n<p> 48010, Bizkaia <\/p>\r\n","protected":false},"excerpt":{"rendered":"Los fines de semana en Bilbao ya podr\u00e1n disfrutar de talleres sueltos, talleres de un d\u00eda de lo m\u00e1s divertidos. Talleres de tecnolog\u00eda para ni\u00f1os, ni\u00f1as y j\u00f3venes que se impartir\u00e1n todas las semanas, se trata de talleres de 2 horas de duraci\u00f3n los viernes de 18:00 a 20:00h y s\u00e1bados de 12:15 a 14:15h [&hellip;]","protected":false},"author":27,"featured_media":23056,"parent":0,"menu_order":0,"comment_status":"closed","ping_status":"closed","template":"template-right.php","meta":{"footnotes":"","_links_to":"","_links_to_target":""},"class_list":["post-23149","page","type-page","status-publish","has-post-thumbnail","hentry"],"yoast_head":"<!-- This site is optimized with the Yoast SEO plugin v22.6 - https:\/\/yoast.com\/wordpress\/plugins\/seo\/ -->\n<title>Talleres Tecnol\u00f3gicos de 1 d\u00eda | Camp Tecnologico<\/title>\n<meta name=\"description\" content=\"Descubre la tecnolog\u00eda para ni\u00f1os, ni\u00f1as y j\u00f3venes con los talleres de 1 d\u00eda. 2 horas de duraci\u00f3n y todas las semanas \u00a1Elige el tuyo!\" \/>\n<meta name=\"robots\" content=\"noindex, follow\" \/>\n<meta property=\"og:locale\" content=\"es_ES\" \/>\n<meta property=\"og:type\" content=\"article\" \/>\n<meta property=\"og:title\" content=\"Talleres Tecnol\u00f3gicos de 1 d\u00eda | Camp Tecnologico\" \/>\n<meta property=\"og:description\" content=\"Descubre la tecnolog\u00eda para ni\u00f1os, ni\u00f1as y j\u00f3venes con los talleres de 1 d\u00eda. 2 horas de duraci\u00f3n y todas las semanas \u00a1Elige el tuyo!\" \/>\n<meta property=\"og:url\" content=\"https:\/\/camptecnologico.com\/inicio\/programacion-robotica-ninos-jovenes\/\" \/>\n<meta property=\"og:site_name\" content=\"Camp Tecnologico\" \/>\n<meta property=\"article:publisher\" content=\"https:\/\/www.facebook.com\/camptecnologico\/\" \/>\n<meta property=\"article:modified_time\" content=\"2017-02-27T13:14:43+00:00\" \/>\n<meta property=\"og:image\" content=\"https:\/\/camptecnologico.com\/inicio\/wp-content\/uploads\/tecnologia-para-ninos-camp-tecnologico.jpg\" \/>\n\t<meta property=\"og:image:width\" content=\"733\" \/>\n\t<meta property=\"og:image:height\" content=\"382\" \/>\n\t<meta property=\"og:image:type\" content=\"image\/jpeg\" \/>\n<meta name=\"twitter:card\" content=\"summary_large_image\" \/>\n<meta name=\"twitter:site\" content=\"@CampTecnologico\" \/>\n<meta name=\"twitter:label1\" content=\"Tiempo de lectura\" \/>\n\t<meta name=\"twitter:data1\" content=\"2 minutos\" \/>\n<!-- \/ Yoast SEO plugin. -->","yoast_head_json":{"title":"Talleres Tecnol\u00f3gicos de 1 d\u00eda | Camp Tecnologico","description":"Descubre la tecnolog\u00eda para ni\u00f1os, ni\u00f1as y j\u00f3venes con los talleres de 1 d\u00eda. 2 horas de duraci\u00f3n y todas las semanas \u00a1Elige el tuyo!","robots":{"index":"noindex","follow":"follow"},"og_locale":"es_ES","og_type":"article","og_title":"Talleres Tecnol\u00f3gicos de 1 d\u00eda | Camp Tecnologico","og_description":"Descubre la tecnolog\u00eda para ni\u00f1os, ni\u00f1as y j\u00f3venes con los talleres de 1 d\u00eda. 2 horas de duraci\u00f3n y todas las semanas \u00a1Elige el tuyo!","og_url":"https:\/\/camptecnologico.com\/inicio\/programacion-robotica-ninos-jovenes\/","og_site_name":"Camp Tecnologico","article_publisher":"https:\/\/www.facebook.com\/camptecnologico\/","article_modified_time":"2017-02-27T13:14:43+00:00","og_image":[{"width":733,"height":382,"url":"https:\/\/camptecnologico.com\/inicio\/wp-content\/uploads\/tecnologia-para-ninos-camp-tecnologico.jpg","type":"image\/jpeg"}],"twitter_card":"summary_large_image","twitter_site":"@CampTecnologico","twitter_misc":{"Tiempo de lectura":"2 minutos"},"schema":{"@context":"https:\/\/schema.org","@graph":[{"@type":"WebPage","@id":"https:\/\/camptecnologico.com\/inicio\/programacion-robotica-ninos-jovenes\/","url":"https:\/\/camptecnologico.com\/inicio\/programacion-robotica-ninos-jovenes\/","name":"Talleres Tecnol\u00f3gicos de 1 d\u00eda | Camp Tecnologico","isPartOf":{"@id":"https:\/\/camptecnologico.com\/inicio\/#website"},"primaryImageOfPage":{"@id":"https:\/\/camptecnologico.com\/inicio\/programacion-robotica-ninos-jovenes\/#primaryimage"},"image":{"@id":"https:\/\/camptecnologico.com\/inicio\/programacion-robotica-ninos-jovenes\/#primaryimage"},"thumbnailUrl":"https:\/\/camptecnologico.com\/inicio\/wp-content\/uploads\/tecnologia-para-ninos-camp-tecnologico.jpg","datePublished":"2016-11-28T13:08:27+00:00","dateModified":"2017-02-27T13:14:43+00:00","description":"Descubre la tecnolog\u00eda para ni\u00f1os, ni\u00f1as y j\u00f3venes con los talleres de 1 d\u00eda. 2 horas de duraci\u00f3n y todas las semanas \u00a1Elige el tuyo!","breadcrumb":{"@id":"https:\/\/camptecnologico.com\/inicio\/programacion-robotica-ninos-jovenes\/#breadcrumb"},"inLanguage":"es","potentialAction":[{"@type":"ReadAction","target":["https:\/\/camptecnologico.com\/inicio\/programacion-robotica-ninos-jovenes\/"]}]},{"@type":"ImageObject","inLanguage":"es","@id":"https:\/\/camptecnologico.com\/inicio\/programacion-robotica-ninos-jovenes\/#primaryimage","url":"https:\/\/camptecnologico.com\/inicio\/wp-content\/uploads\/tecnologia-para-ninos-camp-tecnologico.jpg","contentUrl":"https:\/\/camptecnologico.com\/inicio\/wp-content\/uploads\/tecnologia-para-ninos-camp-tecnologico.jpg","width":733,"height":382,"caption":"tecnolog\u00eda para ni\u00f1os en Bilbao"},{"@type":"BreadcrumbList","@id":"https:\/\/camptecnologico.com\/inicio\/programacion-robotica-ninos-jovenes\/#breadcrumb","itemListElement":[{"@type":"ListItem","position":1,"name":"Home","item":"https:\/\/camptecnologico.com\/"},{"@type":"ListItem","position":2,"name":"Talleres Tecnol\u00f3gicos de 1 d\u00eda"}]},{"@type":"WebSite","@id":"https:\/\/camptecnologico.com\/inicio\/#website","url":"https:\/\/camptecnologico.com\/inicio\/","name":"Camp Tecnologico","description":"Campamento tecnol\u00f3gico para ni\u00f1os y j\u00f3venes. Tecnolog\u00eda para ni\u00f1os. Minecraft.","publisher":{"@id":"https:\/\/camptecnologico.com\/inicio\/#organization"},"potentialAction":[{"@type":"SearchAction","target":{"@type":"EntryPoint","urlTemplate":"https:\/\/camptecnologico.com\/inicio\/?s={search_term_string}"},"query-input":"required name=search_term_string"}],"inLanguage":"es"},{"@type":"Organization","@id":"https:\/\/camptecnologico.com\/inicio\/#organization","name":"Camp Tecnol\u00f3gico","url":"https:\/\/camptecnologico.com\/inicio\/","logo":{"@type":"ImageObject","inLanguage":"es","@id":"https:\/\/camptecnologico.com\/inicio\/#\/schema\/logo\/image\/","url":"https:\/\/camptecnologico.com\/inicio\/wp-content\/uploads\/logo1.jpg","contentUrl":"https:\/\/camptecnologico.com\/inicio\/wp-content\/uploads\/logo1.jpg","width":120,"height":120,"caption":"Camp Tecnol\u00f3gico"},"image":{"@id":"https:\/\/camptecnologico.com\/inicio\/#\/schema\/logo\/image\/"},"sameAs":["https:\/\/www.facebook.com\/camptecnologico\/","https:\/\/x.com\/CampTecnologico","https:\/\/www.instagram.com\/camptecnologico\/","https:\/\/www.linkedin.com\/company\/camptecnol-gico","https:\/\/www.youtube.com\/user\/CampTecologico"]}]}},"_links":{"self":[{"href":"https:\/\/camptecnologico.com\/inicio\/wp-json\/wp\/v2\/pages\/23149","targetHints":{"allow":["GET"]}}],"collection":[{"href":"https:\/\/camptecnologico.com\/inicio\/wp-json\/wp\/v2\/pages"}],"about":[{"href":"https:\/\/camptecnologico.com\/inicio\/wp-json\/wp\/v2\/types\/page"}],"author":[{"embeddable":true,"href":"https:\/\/camptecnologico.com\/inicio\/wp-json\/wp\/v2\/users\/27"}],"replies":[{"embeddable":true,"href":"https:\/\/camptecnologico.com\/inicio\/wp-json\/wp\/v2\/comments?post=23149"}],"version-history":[{"count":5,"href":"https:\/\/camptecnologico.com\/inicio\/wp-json\/wp\/v2\/pages\/23149\/revisions"}],"predecessor-version":[{"id":24229,"href":"https:\/\/camptecnologico.com\/inicio\/wp-json\/wp\/v2\/pages\/23149\/revisions\/24229"}],"wp:featuredmedia":[{"embeddable":true,"href":"https:\/\/camptecnologico.com\/inicio\/wp-json\/wp\/v2\/media\/23056"}],"wp:attachment":[{"href":"https:\/\/camptecnologico.com\/inicio\/wp-json\/wp\/v2\/media?parent=23149"}],"curies":[{"name":"wp","href":"https:\/\/api.w.org\/{rel}","templated":true}]}}