




{"id":22874,"date":"2016-11-15T11:53:57","date_gmt":"2016-11-15T10:53:57","guid":{"rendered":"https:\/\/camptecnologico.com\/inicio\/?page_id=22874"},"modified":"2019-01-23T11:42:04","modified_gmt":"2019-01-23T10:42:04","slug":"creacion-de-videojuegos","status":"publish","type":"page","link":"https:\/\/camptecnologico.com\/inicio\/creacion-de-videojuegos\/","title":{"rendered":"Curso de creaci\u00f3n de videojuegos"},"content":{"rendered":"<div class=\"row\" style=\"margin-left:50px\">\r\n\r\n<img loading=\"lazy\" decoding=\"async\" src=\"https:\/\/camptecnologico.com\/inicio\/wp-content\/uploads\/2015\/12\/programacion-videojuegos-tynker1.jpg\" alt=\"creaci\u00f3n de videojuegos\" width=\"738\" height=\"268\" class=\"alignleft size-full wp-image-16446\" srcset=\"https:\/\/camptecnologico.com\/inicio\/wp-content\/uploads\/2015\/12\/programacion-videojuegos-tynker1.jpg 738w, https:\/\/camptecnologico.com\/inicio\/wp-content\/uploads\/2015\/12\/programacion-videojuegos-tynker1-150x54.jpg 150w, https:\/\/camptecnologico.com\/inicio\/wp-content\/uploads\/2015\/12\/programacion-videojuegos-tynker1-224x81.jpg 224w, https:\/\/camptecnologico.com\/inicio\/wp-content\/uploads\/2015\/12\/programacion-videojuegos-tynker1-350x127.jpg 350w, https:\/\/camptecnologico.com\/inicio\/wp-content\/uploads\/2015\/12\/programacion-videojuegos-tynker1-318x115.jpg 318w, https:\/\/camptecnologico.com\/inicio\/wp-content\/uploads\/2015\/12\/programacion-videojuegos-tynker1-200x73.jpg 200w, https:\/\/camptecnologico.com\/inicio\/wp-content\/uploads\/2015\/12\/programacion-videojuegos-tynker1-113x41.jpg 113w, https:\/\/camptecnologico.com\/inicio\/wp-content\/uploads\/2015\/12\/programacion-videojuegos-tynker1-302x110.jpg 302w, https:\/\/camptecnologico.com\/inicio\/wp-content\/uploads\/2015\/12\/programacion-videojuegos-tynker1-368x134.jpg 368w, https:\/\/camptecnologico.com\/inicio\/wp-content\/uploads\/2015\/12\/programacion-videojuegos-tynker1-420x153.jpg 420w\" sizes=\"auto, (max-width: 738px) 100vw, 738px\" \/>\r\n\r\n<h3>Programaci\u00f3n con bloques l\u00f3gicos<\/h3>\r\n\r\n<p>No hay requisitos previos para este taller de creaci\u00f3n de videojuegos, s\u00f3lo se necesita el gusto por las nuevas tecnolog\u00edas y por los <strong>Videojuegos<\/strong> en particular. Por eso, puedes elegir esta actividad tanto si ya conoces <a href=\"https:\/\/camptecnologico.com\/inicio\/programacion-videojuegos-scratch\/\" target=\"_blank\">SCRATCH<\/a>, como si es su primer contacto con la programaci\u00f3n.<\/p>\r\n\r\n<h4>\u00bfQu\u00e9 es Tynker?<\/h4>\r\n<img loading=\"lazy\" decoding=\"async\" src=\"https:\/\/camptecnologico.com\/inicio\/wp-content\/uploads\/2015\/12\/programacion-videojuegos.jpg\" alt=\"creaci\u00f3n de videojuegos\" width=\"300\" height=\"211\" class=\"alignleft size-full wp-image-16423\" srcset=\"https:\/\/camptecnologico.com\/inicio\/wp-content\/uploads\/2015\/12\/programacion-videojuegos.jpg 300w, https:\/\/camptecnologico.com\/inicio\/wp-content\/uploads\/2015\/12\/programacion-videojuegos-150x106.jpg 150w, https:\/\/camptecnologico.com\/inicio\/wp-content\/uploads\/2015\/12\/programacion-videojuegos-224x158.jpg 224w, https:\/\/camptecnologico.com\/inicio\/wp-content\/uploads\/2015\/12\/programacion-videojuegos-171x120.jpg 171w, https:\/\/camptecnologico.com\/inicio\/wp-content\/uploads\/2015\/12\/programacion-videojuegos-113x79.jpg 113w\" sizes=\"auto, (max-width: 300px) 100vw, 300px\" \/>\r\n<p>&nbsp;<\/p>\r\n<p>La programaci\u00f3n con esta herramienta es tan f\u00e1cil como ensamblar las piezas de Lego, en definitiva se trata de bloques que se arrastran para formar las sentencias l\u00f3gicas.<\/p>\r\n<p>Con la llegada de la revoluci\u00f3n tecnol\u00f3gica, la programaci\u00f3n se ha convertido en una habilidad <strong>\u00fatil en cualquier sector<\/strong>, sea el inform\u00e1tico o no. Por ello, se han desarrollado plataformas para ense\u00f1ar programaci\u00f3n a los m\u00e1s j\u00f3venes de una forma sencilla y sobre todo divertida.<\/p>\r\n<p>&nbsp;<\/p>\r\n<p>Desde la herramienta Tynker y de forma gratuita a trav\u00e9s de un navegador web, la programaci\u00f3n nunca fue tan f\u00e1cil. Utilizando un sistema de bloques y con una galer\u00eda de personajes y entornos ampl\u00edsima, los j\u00f3venes ya no tienen que esperar a ser mayores para poder adentrarse en el mundo de <strong>creaci\u00f3n de videojuegos<\/strong>.<\/p>\r\n\r\n<h4>\u00bfA qui\u00e9n va dirigido?<\/h4>\r\n<p>A chicas\/os a desde los 8 a\u00f1os de edad y hasta los 12, con inter\u00e9s por la tecnolog\u00eda y la creaci\u00f3n de videojuegos.<\/p>\r\n<h4>\u00bfQu\u00e9 se hace durante el curso?<\/h4>\r\n<p>Tynker sigue un modelo de ense\u00f1anza mediante ejemplos y una dificultad incremental. En cada sesi\u00f3n los estudiantes desarrollar\u00e1n un Videojuego, utilizando al principio conceptos b\u00e1sicos de programaci\u00f3n y evolucionando en conceptos m\u00e1s complejos cada vez.<\/p>\r\n\r\n<p>La variedad de juegos que se realizan durante el curso hace que los alumnos exploren diversas mec\u00e1nicas de jugabilidad y c\u00f3mo implementarlas, adquiriendo, mientras tanto, una <strong>mentalidad de programaci\u00f3n y de l\u00f3gica<\/strong>.<\/p>\r\n\r\n<iframe loading=\"lazy\" width=\"560\" height=\"315\" src=\"https:\/\/www.youtube.com\/embed\/poMgEi8Yhvg\" frameborder=\"0\" allowfullscreen><\/iframe>\r\n\r\n<\/div>","protected":false},"excerpt":{"rendered":"Programaci\u00f3n con bloques l\u00f3gicos No hay requisitos previos para este taller de creaci\u00f3n de videojuegos, s\u00f3lo se necesita el gusto por las nuevas tecnolog\u00edas y por los Videojuegos en particular. Por eso, puedes elegir esta actividad tanto si ya conoces SCRATCH, como si es su primer contacto con la programaci\u00f3n. \u00bfQu\u00e9 es Tynker? &nbsp; La [&hellip;]","protected":false},"author":27,"featured_media":49704,"parent":0,"menu_order":0,"comment_status":"open","ping_status":"closed","template":"","meta":{"footnotes":"","_links_to":"","_links_to_target":""},"class_list":["post-22874","page","type-page","status-publish","has-post-thumbnail","hentry"],"yoast_head":"<!-- This site is optimized with the Yoast SEO plugin v22.6 - https:\/\/yoast.com\/wordpress\/plugins\/seo\/ -->\n<title>Curso de creaci\u00f3n de videojuegos | Camp Tecnol\u00f3gico<\/title>\n<meta name=\"description\" content=\"Cursos de creaci\u00f3n de videojuegos con Tynker durante los campamentos y fines de semana. Aprender\u00e1n a manejar la plataforma y crear\u00e1n su propio videojuego.\" \/>\n<meta name=\"robots\" content=\"noindex, follow, max-snippet:-1, max-image-preview:large, max-video-preview:-1\" \/>\n<meta property=\"og:locale\" content=\"es_ES\" \/>\n<meta property=\"og:type\" content=\"article\" \/>\n<meta property=\"og:title\" content=\"Curso de creaci\u00f3n de videojuegos | Camp Tecnol\u00f3gico\" \/>\n<meta property=\"og:description\" content=\"Cursos de creaci\u00f3n de videojuegos con Tynker durante los campamentos y fines de semana. Aprender\u00e1n a manejar la plataforma y crear\u00e1n su propio videojuego.\" \/>\n<meta property=\"og:url\" content=\"https:\/\/camptecnologico.com\/inicio\/creacion-de-videojuegos\/\" \/>\n<meta property=\"og:site_name\" content=\"Camp Tecnologico\" \/>\n<meta property=\"article:publisher\" content=\"https:\/\/www.facebook.com\/camptecnologico\/\" \/>\n<meta property=\"article:modified_time\" content=\"2019-01-23T10:42:04+00:00\" \/>\n<meta property=\"og:image\" content=\"https:\/\/camptecnologico.com\/inicio\/wp-content\/uploads\/industry-4.0camptec-1.jpg\" \/>\n\t<meta property=\"og:image:width\" content=\"400\" \/>\n\t<meta property=\"og:image:height\" content=\"235\" \/>\n\t<meta property=\"og:image:type\" content=\"image\/jpeg\" \/>\n<meta name=\"twitter:card\" content=\"summary_large_image\" \/>\n<meta name=\"twitter:site\" content=\"@CampTecnologico\" \/>\n<meta name=\"twitter:label1\" content=\"Tiempo de lectura\" \/>\n\t<meta name=\"twitter:data1\" content=\"2 minutos\" \/>\n<!-- \/ Yoast SEO plugin. -->","yoast_head_json":{"title":"Curso de creaci\u00f3n de videojuegos | Camp Tecnol\u00f3gico","description":"Cursos de creaci\u00f3n de videojuegos con Tynker durante los campamentos y fines de semana. Aprender\u00e1n a manejar la plataforma y crear\u00e1n su propio videojuego.","robots":{"index":"noindex","follow":"follow","max-snippet":"max-snippet:-1","max-image-preview":"max-image-preview:large","max-video-preview":"max-video-preview:-1"},"og_locale":"es_ES","og_type":"article","og_title":"Curso de creaci\u00f3n de videojuegos | Camp Tecnol\u00f3gico","og_description":"Cursos de creaci\u00f3n de videojuegos con Tynker durante los campamentos y fines de semana. Aprender\u00e1n a manejar la plataforma y crear\u00e1n su propio videojuego.","og_url":"https:\/\/camptecnologico.com\/inicio\/creacion-de-videojuegos\/","og_site_name":"Camp Tecnologico","article_publisher":"https:\/\/www.facebook.com\/camptecnologico\/","article_modified_time":"2019-01-23T10:42:04+00:00","og_image":[{"width":400,"height":235,"url":"https:\/\/camptecnologico.com\/inicio\/wp-content\/uploads\/industry-4.0camptec-1.jpg","type":"image\/jpeg"}],"twitter_card":"summary_large_image","twitter_site":"@CampTecnologico","twitter_misc":{"Tiempo de lectura":"2 minutos"},"schema":{"@context":"https:\/\/schema.org","@graph":[{"@type":"WebPage","@id":"https:\/\/camptecnologico.com\/inicio\/creacion-de-videojuegos\/","url":"https:\/\/camptecnologico.com\/inicio\/creacion-de-videojuegos\/","name":"Curso de creaci\u00f3n de videojuegos | Camp Tecnol\u00f3gico","isPartOf":{"@id":"https:\/\/camptecnologico.com\/inicio\/#website"},"primaryImageOfPage":{"@id":"https:\/\/camptecnologico.com\/inicio\/creacion-de-videojuegos\/#primaryimage"},"image":{"@id":"https:\/\/camptecnologico.com\/inicio\/creacion-de-videojuegos\/#primaryimage"},"thumbnailUrl":"https:\/\/camptecnologico.com\/inicio\/wp-content\/uploads\/industry-4.0camptec-1.jpg","datePublished":"2016-11-15T10:53:57+00:00","dateModified":"2019-01-23T10:42:04+00:00","description":"Cursos de creaci\u00f3n de videojuegos con Tynker durante los campamentos y fines de semana. Aprender\u00e1n a manejar la plataforma y crear\u00e1n su propio videojuego.","breadcrumb":{"@id":"https:\/\/camptecnologico.com\/inicio\/creacion-de-videojuegos\/#breadcrumb"},"inLanguage":"es","potentialAction":[{"@type":"ReadAction","target":["https:\/\/camptecnologico.com\/inicio\/creacion-de-videojuegos\/"]}]},{"@type":"ImageObject","inLanguage":"es","@id":"https:\/\/camptecnologico.com\/inicio\/creacion-de-videojuegos\/#primaryimage","url":"https:\/\/camptecnologico.com\/inicio\/wp-content\/uploads\/industry-4.0camptec-1.jpg","contentUrl":"https:\/\/camptecnologico.com\/inicio\/wp-content\/uploads\/industry-4.0camptec-1.jpg","width":400,"height":235},{"@type":"BreadcrumbList","@id":"https:\/\/camptecnologico.com\/inicio\/creacion-de-videojuegos\/#breadcrumb","itemListElement":[{"@type":"ListItem","position":1,"name":"Home","item":"https:\/\/camptecnologico.com\/"},{"@type":"ListItem","position":2,"name":"Curso de creaci\u00f3n de videojuegos"}]},{"@type":"WebSite","@id":"https:\/\/camptecnologico.com\/inicio\/#website","url":"https:\/\/camptecnologico.com\/inicio\/","name":"Camp Tecnologico","description":"Campamento tecnol\u00f3gico para ni\u00f1os y j\u00f3venes. Tecnolog\u00eda para ni\u00f1os. Minecraft.","publisher":{"@id":"https:\/\/camptecnologico.com\/inicio\/#organization"},"potentialAction":[{"@type":"SearchAction","target":{"@type":"EntryPoint","urlTemplate":"https:\/\/camptecnologico.com\/inicio\/?s={search_term_string}"},"query-input":"required name=search_term_string"}],"inLanguage":"es"},{"@type":"Organization","@id":"https:\/\/camptecnologico.com\/inicio\/#organization","name":"Camp Tecnol\u00f3gico","url":"https:\/\/camptecnologico.com\/inicio\/","logo":{"@type":"ImageObject","inLanguage":"es","@id":"https:\/\/camptecnologico.com\/inicio\/#\/schema\/logo\/image\/","url":"https:\/\/camptecnologico.com\/inicio\/wp-content\/uploads\/logo1.jpg","contentUrl":"https:\/\/camptecnologico.com\/inicio\/wp-content\/uploads\/logo1.jpg","width":120,"height":120,"caption":"Camp Tecnol\u00f3gico"},"image":{"@id":"https:\/\/camptecnologico.com\/inicio\/#\/schema\/logo\/image\/"},"sameAs":["https:\/\/www.facebook.com\/camptecnologico\/","https:\/\/x.com\/CampTecnologico","https:\/\/www.instagram.com\/camptecnologico\/","https:\/\/www.linkedin.com\/company\/camptecnol-gico","https:\/\/www.youtube.com\/user\/CampTecologico"]}]}},"_links":{"self":[{"href":"https:\/\/camptecnologico.com\/inicio\/wp-json\/wp\/v2\/pages\/22874","targetHints":{"allow":["GET"]}}],"collection":[{"href":"https:\/\/camptecnologico.com\/inicio\/wp-json\/wp\/v2\/pages"}],"about":[{"href":"https:\/\/camptecnologico.com\/inicio\/wp-json\/wp\/v2\/types\/page"}],"author":[{"embeddable":true,"href":"https:\/\/camptecnologico.com\/inicio\/wp-json\/wp\/v2\/users\/27"}],"replies":[{"embeddable":true,"href":"https:\/\/camptecnologico.com\/inicio\/wp-json\/wp\/v2\/comments?post=22874"}],"version-history":[{"count":4,"href":"https:\/\/camptecnologico.com\/inicio\/wp-json\/wp\/v2\/pages\/22874\/revisions"}],"predecessor-version":[{"id":36360,"href":"https:\/\/camptecnologico.com\/inicio\/wp-json\/wp\/v2\/pages\/22874\/revisions\/36360"}],"wp:featuredmedia":[{"embeddable":true,"href":"https:\/\/camptecnologico.com\/inicio\/wp-json\/wp\/v2\/media\/49704"}],"wp:attachment":[{"href":"https:\/\/camptecnologico.com\/inicio\/wp-json\/wp\/v2\/media?parent=22874"}],"curies":[{"name":"wp","href":"https:\/\/api.w.org\/{rel}","templated":true}]}}