




{"id":22869,"date":"2016-11-15T11:09:14","date_gmt":"2016-11-15T10:09:14","guid":{"rendered":"https:\/\/camptecnologico.com\/inicio\/?page_id=22869"},"modified":"2019-01-23T11:28:31","modified_gmt":"2019-01-23T10:28:31","slug":"mi-primer-robot","status":"publish","type":"page","link":"https:\/\/camptecnologico.com\/inicio\/mi-primer-robot\/","title":{"rendered":"Mi Primer Robot"},"content":{"rendered":"<style>\r\n  .inscripciones { text-transform: uppercase; margin-top: 40px; text-align: center; }\r\n    .inscripciones h2 { font-size: 24px; }\r\n<\/style>\r\n\r\n<div class=\"row\" style=\"margin-left:50px\">\r\n\r\n&nbsp;\r\n<h2>La aventura de dise\u00f1ar, construir y programar un Robot<\/h2>\r\n&nbsp;\r\n<table width=\"650\" border=\"0\">\r\n<tbody>\r\n<tr>\r\n<th><img loading=\"lazy\" decoding=\"async\" class=\"size-full wp-image-1747\" title=\"Midstorm\" alt=\"\" src=\"https:\/\/camptecnologico.com\/inicio\/wp-content\/uploads\/2013\/02\/pic6A7505DFD979943B4001466DC3F5B9CF.jpg\" width=\"425\" height=\"200\" \/><\/th>\r\n<th><img loading=\"lazy\" decoding=\"async\" class=\"size-full wp-image-1747\" title=\"Midstorm\" alt=\"\" src=\"https:\/\/camptecnologico.com\/inicio\/wp-content\/uploads\/2013\/02\/minstorm.png\" width=\"225\" height=\"200\" \/><\/th>\r\n<\/tr>\r\n<\/tbody>\r\n<\/table>\r\n<br \/>\r\n<p style=\"text-align:justify;\">En el taller de Mi primer Robot apostamos por la exitosa plataforma de rob\u00f3tica educativa <span style=\"color:#000000;\"><strong>Lego Mindstorm NXT<\/strong><\/span>. Los participantes construyen sus primeros robots vali\u00e9ndose de piezas de LEGO, motores, una placa que hace las funciones de \u201ccerebro\u201d y sensores de luz, sonido, ultrasonido y tacto.<\/p>\r\n\r\n<p style=\"text-align:justify;\">A continuaci\u00f3n, programan sus robots con un software sencillo, que les permite transmitir a los robots las pautas que \u00e9stos deben seguir como si se tratara de un puzzle.<\/p>\r\n\r\n<p style=\"text-align:justify;\">Cada d\u00eda, los chicos persiguen una serie de retos que los monitores les plantean. Disponemos de talleres de diferentes niveles de dificultad, seg\u00fan edad y conocimientos previos.<\/p>\r\n<br \/>\r\n\r\n\r\n\r\n<div>\r\n<p style=\"text-align:justify; font-size:large; color:#000000;\"><strong>Mira este video para ver lo que se puede hacer con Mindstorms:<\/strong><\/p>\r\n\r\n<iframe loading=\"lazy\" width=\"560\" height=\"315\" src=\"https:\/\/www.youtube.com\/embed\/CUAitjAuNFI\" frameborder=\"0\" allow=\"accelerometer; autoplay; encrypted-media; gyroscope; picture-in-picture\" allowfullscreen><\/iframe>\r\n\r\n\r\n<\/div>\r\n\r\n\r\n<\/div>","protected":false},"excerpt":{"rendered":"&nbsp; La aventura de dise\u00f1ar, construir y programar un Robot &nbsp; En el taller de Mi primer Robot apostamos por la exitosa plataforma de rob\u00f3tica educativa Lego Mindstorm NXT. Los participantes construyen sus primeros robots vali\u00e9ndose de piezas de LEGO, motores, una placa que hace las funciones de \u201ccerebro\u201d y sensores de luz, sonido, ultrasonido [&hellip;]","protected":false},"author":27,"featured_media":49704,"parent":0,"menu_order":0,"comment_status":"open","ping_status":"closed","template":"template-right.php","meta":{"footnotes":"","_links_to":"","_links_to_target":""},"class_list":["post-22869","page","type-page","status-publish","has-post-thumbnail","hentry"],"yoast_head":"<!-- This site is optimized with the Yoast SEO plugin v22.6 - https:\/\/yoast.com\/wordpress\/plugins\/seo\/ -->\n<title>Mi Primer Robot | Camp Tecnologico<\/title>\n<meta name=\"description\" content=\"El taller de mi primer robot est\u00e1 pensado para j\u00f3venes de 10 a\u00f1os en adelante para que aprendan a construir y programar su propio robot.\" \/>\n<meta name=\"robots\" content=\"noindex, follow\" \/>\n<meta property=\"og:locale\" content=\"es_ES\" \/>\n<meta property=\"og:type\" content=\"article\" \/>\n<meta property=\"og:title\" content=\"Mi Primer Robot | Camp Tecnologico\" \/>\n<meta property=\"og:description\" content=\"El taller de mi primer robot est\u00e1 pensado para j\u00f3venes de 10 a\u00f1os en adelante para que aprendan a construir y programar su propio robot.\" \/>\n<meta property=\"og:url\" content=\"https:\/\/camptecnologico.com\/inicio\/mi-primer-robot\/\" \/>\n<meta property=\"og:site_name\" content=\"Camp Tecnologico\" \/>\n<meta property=\"article:publisher\" content=\"https:\/\/www.facebook.com\/camptecnologico\/\" \/>\n<meta property=\"article:modified_time\" content=\"2019-01-23T10:28:31+00:00\" \/>\n<meta property=\"og:image\" content=\"https:\/\/camptecnologico.com\/inicio\/wp-content\/uploads\/industry-4.0camptec-1.jpg\" \/>\n\t<meta property=\"og:image:width\" content=\"400\" \/>\n\t<meta property=\"og:image:height\" content=\"235\" \/>\n\t<meta property=\"og:image:type\" content=\"image\/jpeg\" \/>\n<meta name=\"twitter:card\" content=\"summary_large_image\" \/>\n<meta name=\"twitter:site\" content=\"@CampTecnologico\" \/>\n<meta name=\"twitter:label1\" content=\"Tiempo de lectura\" \/>\n\t<meta name=\"twitter:data1\" content=\"1 minuto\" \/>\n<!-- \/ Yoast SEO plugin. -->","yoast_head_json":{"title":"Mi Primer Robot | Camp Tecnologico","description":"El taller de mi primer robot est\u00e1 pensado para j\u00f3venes de 10 a\u00f1os en adelante para que aprendan a construir y programar su propio robot.","robots":{"index":"noindex","follow":"follow"},"og_locale":"es_ES","og_type":"article","og_title":"Mi Primer Robot | Camp Tecnologico","og_description":"El taller de mi primer robot est\u00e1 pensado para j\u00f3venes de 10 a\u00f1os en adelante para que aprendan a construir y programar su propio robot.","og_url":"https:\/\/camptecnologico.com\/inicio\/mi-primer-robot\/","og_site_name":"Camp Tecnologico","article_publisher":"https:\/\/www.facebook.com\/camptecnologico\/","article_modified_time":"2019-01-23T10:28:31+00:00","og_image":[{"width":400,"height":235,"url":"https:\/\/camptecnologico.com\/inicio\/wp-content\/uploads\/industry-4.0camptec-1.jpg","type":"image\/jpeg"}],"twitter_card":"summary_large_image","twitter_site":"@CampTecnologico","twitter_misc":{"Tiempo de lectura":"1 minuto"},"schema":{"@context":"https:\/\/schema.org","@graph":[{"@type":"WebPage","@id":"https:\/\/camptecnologico.com\/inicio\/mi-primer-robot\/","url":"https:\/\/camptecnologico.com\/inicio\/mi-primer-robot\/","name":"Mi Primer Robot | Camp Tecnologico","isPartOf":{"@id":"https:\/\/camptecnologico.com\/inicio\/#website"},"primaryImageOfPage":{"@id":"https:\/\/camptecnologico.com\/inicio\/mi-primer-robot\/#primaryimage"},"image":{"@id":"https:\/\/camptecnologico.com\/inicio\/mi-primer-robot\/#primaryimage"},"thumbnailUrl":"https:\/\/camptecnologico.com\/inicio\/wp-content\/uploads\/industry-4.0camptec-1.jpg","datePublished":"2016-11-15T10:09:14+00:00","dateModified":"2019-01-23T10:28:31+00:00","description":"El taller de mi primer robot est\u00e1 pensado para j\u00f3venes de 10 a\u00f1os en adelante para que aprendan a construir y programar su propio robot.","breadcrumb":{"@id":"https:\/\/camptecnologico.com\/inicio\/mi-primer-robot\/#breadcrumb"},"inLanguage":"es","potentialAction":[{"@type":"ReadAction","target":["https:\/\/camptecnologico.com\/inicio\/mi-primer-robot\/"]}]},{"@type":"ImageObject","inLanguage":"es","@id":"https:\/\/camptecnologico.com\/inicio\/mi-primer-robot\/#primaryimage","url":"https:\/\/camptecnologico.com\/inicio\/wp-content\/uploads\/industry-4.0camptec-1.jpg","contentUrl":"https:\/\/camptecnologico.com\/inicio\/wp-content\/uploads\/industry-4.0camptec-1.jpg","width":400,"height":235},{"@type":"BreadcrumbList","@id":"https:\/\/camptecnologico.com\/inicio\/mi-primer-robot\/#breadcrumb","itemListElement":[{"@type":"ListItem","position":1,"name":"Home","item":"https:\/\/camptecnologico.com\/"},{"@type":"ListItem","position":2,"name":"Mi Primer Robot"}]},{"@type":"WebSite","@id":"https:\/\/camptecnologico.com\/inicio\/#website","url":"https:\/\/camptecnologico.com\/inicio\/","name":"Camp Tecnologico","description":"Campamento tecnol\u00f3gico para ni\u00f1os y j\u00f3venes. Tecnolog\u00eda para ni\u00f1os. Minecraft.","publisher":{"@id":"https:\/\/camptecnologico.com\/inicio\/#organization"},"potentialAction":[{"@type":"SearchAction","target":{"@type":"EntryPoint","urlTemplate":"https:\/\/camptecnologico.com\/inicio\/?s={search_term_string}"},"query-input":"required name=search_term_string"}],"inLanguage":"es"},{"@type":"Organization","@id":"https:\/\/camptecnologico.com\/inicio\/#organization","name":"Camp Tecnol\u00f3gico","url":"https:\/\/camptecnologico.com\/inicio\/","logo":{"@type":"ImageObject","inLanguage":"es","@id":"https:\/\/camptecnologico.com\/inicio\/#\/schema\/logo\/image\/","url":"https:\/\/camptecnologico.com\/inicio\/wp-content\/uploads\/logo1.jpg","contentUrl":"https:\/\/camptecnologico.com\/inicio\/wp-content\/uploads\/logo1.jpg","width":120,"height":120,"caption":"Camp Tecnol\u00f3gico"},"image":{"@id":"https:\/\/camptecnologico.com\/inicio\/#\/schema\/logo\/image\/"},"sameAs":["https:\/\/www.facebook.com\/camptecnologico\/","https:\/\/x.com\/CampTecnologico","https:\/\/www.instagram.com\/camptecnologico\/","https:\/\/www.linkedin.com\/company\/camptecnol-gico","https:\/\/www.youtube.com\/user\/CampTecologico"]}]}},"_links":{"self":[{"href":"https:\/\/camptecnologico.com\/inicio\/wp-json\/wp\/v2\/pages\/22869","targetHints":{"allow":["GET"]}}],"collection":[{"href":"https:\/\/camptecnologico.com\/inicio\/wp-json\/wp\/v2\/pages"}],"about":[{"href":"https:\/\/camptecnologico.com\/inicio\/wp-json\/wp\/v2\/types\/page"}],"author":[{"embeddable":true,"href":"https:\/\/camptecnologico.com\/inicio\/wp-json\/wp\/v2\/users\/27"}],"replies":[{"embeddable":true,"href":"https:\/\/camptecnologico.com\/inicio\/wp-json\/wp\/v2\/comments?post=22869"}],"version-history":[{"count":6,"href":"https:\/\/camptecnologico.com\/inicio\/wp-json\/wp\/v2\/pages\/22869\/revisions"}],"predecessor-version":[{"id":36337,"href":"https:\/\/camptecnologico.com\/inicio\/wp-json\/wp\/v2\/pages\/22869\/revisions\/36337"}],"wp:featuredmedia":[{"embeddable":true,"href":"https:\/\/camptecnologico.com\/inicio\/wp-json\/wp\/v2\/media\/49704"}],"wp:attachment":[{"href":"https:\/\/camptecnologico.com\/inicio\/wp-json\/wp\/v2\/media?parent=22869"}],"curies":[{"name":"wp","href":"https:\/\/api.w.org\/{rel}","templated":true}]}}