




{"id":22621,"date":"2016-11-11T14:30:47","date_gmt":"2016-11-11T13:30:47","guid":{"rendered":"https:\/\/camptecnologico.com\/inicio\/?page_id=22621"},"modified":"2019-11-25T11:12:39","modified_gmt":"2019-11-25T10:12:39","slug":"gabonetako-kanpamentuak-arrasate","status":"publish","type":"page","link":"https:\/\/camptecnologico.eus\/inicio\/gabonetako-kanpamentuak-arrasate\/","title":{"rendered":"Gabonetako Kanpamentuak &#8211; Arrasate"},"content":{"rendered":"<script>\r\n    sessionStorage.campus=5615;\r\n<\/script>\r\n\r\n<!-- NO TOCAR, SE DESMONTA LA PARTE DE INFORMACION GENERAL -->\r\n<style type=\"text\/css\">\r\n#descripcion {\r\n    margin-top: 50px;\r\n}\r\n#descripcion .fourcol.column {\r\n    float: left;\r\n    display: block;\r\n}\r\n.column {  \r\n    margin-right: 2.6%;\r\n    display: inline-grid;float: none;}\r\n<\/style>\r\n<!----------------------------------------------------------->\r\n\r\n<div class=\"row\">\r\n    <center style=\"font-size: 1.8em;\">Arizmendi ikastolako ikasleak ikastolako webgunetik izena eman behar dute (Alexia): <br \/>\r\n        <a href=\"http:\/\/alexia.arizmendi.eus\" target=\"_blanc\" rel=\"nofollow noopener noreferrer\">Alexian sartu<\/a><\/center>\r\n    <p>&nbsp;<\/p>\r\n\r\n    <!-- informaci\u00f3n general -->\r\n    <h3 class=\"tituloSeccion\">Informazio orokorra<\/h3>\r\n\r\n    <div id=\"info\">\r\n        <div>\r\n            <h3>Non<\/h3>\r\n            <p>Kanpamentuak Mondragon unibertsitatean burutuko dira (POLO GARAIAKO KANPUSA: 11.eraikina)&nbsp;\r\n            <a href=\" https:\/\/www.google.com\/maps\/dir\/\/43.063182,-2.505612000000042\" target=\"_blanc\" rel=\"nofollow noopener noreferrer\">Kokapen mapa ikusi<\/a><\/p> \r\n        <\/div>\r\n        <div class=\"clear\"><\/div>\r\n\r\n        <div class=\"fourcol column\">\r\n            <h3>Datak<\/h3>\r\n            <p>Tailerrak ikastolako oporretako bi asteetan.<\/p>\r\n            <ul>\r\n               <li>Abenduak 23-24-26-27 (4 egun).<\/li>\r\n               <li>Abenduak 30-31 eta urtarrilak 2-3 (4 egun).<\/li>\r\n            <\/ul>\r\n            <h3>Ordutegia<\/h3>\r\n            <p><strong>9.00etatik 14.00ak arte (5 ordu eguneko).<\/strong><\/p>            \r\n            <p>Nota: Oharra: kanpamentuaren azken egunean ate irekiko jardunaldia egongo da (13:00etatik 14:00etara), bertan parte-hartzaileen lana ikusteko aukera izango da.<\/p>\r\n        <\/div>\r\n\r\n        <div class=\"fourcol column\">\r\n           <h3>Prezioak<\/h3>\r\n            <ul>\r\n               <li>Kid&#038;Tech tailerra 4 egun: <span style=\"font-size: 1.4em;\"> <strong>140\u20ac<\/strong><\/span><\/li>\r\n               <li>Gainontzeko tailerrak 4 egun: <span style=\"font-size: 1.4em;\"> <strong>165\u20ac<\/strong><\/span><\/li>\r\n            <\/ul>\r\n<br \/><br \/>\r\n            <p><center><a href=\"https:\/\/camptecnologico.com\/inicio\/inscripcion\/\"  class=\"button large primary\" rel=\"nofollow\">\r\n                       <i class=\"fa fa-location-arrow\" aria-hidden=\"true\"><\/i> Izena eman orain<\/a>\r\n               <\/center><\/p>\r\n        <\/div>\r\n\r\n        <div class=\"fourcol column last\">\r\n            <h3>Deskontuak<\/h3>\r\n            <ul>\r\n             <li>Camptecnologico-ko ikasle ohiak: <span style=\"font-size: 1.2em;\"> <strong>-10%<\/strong><\/span><\/li>\r\n             <li>Mondragon Unibertsitateko langileak eta Arizmendi ikastolako ikasleak: <span style=\"font-size: 1.2em;\"> <strong>-20\u20ac<\/strong><\/span><br \/>\r\n                   (deskontu kodearen bidez)<\/li>\r\n            <\/ul>\r\n        <\/div>\r\n        <div class=\"clear\"><\/div>\r\n    <\/div>\r\n\r\n    <div class=\"taller\" id=\"fichaclubconborde\">\t \t \r\n        <div class=\"threecol column\">\r\n            <p class=\"segmento_kid\" style=\"text-align: center;font-size: 1.5em;\">LH1<\/p>\r\n\t \r\n            <img decoding=\"async\" src=\"https:\/\/camptecnologico.com\/inicio\/wp-content\/uploads\/taller-de-tobotica-kids-350x270.jpg\" alt=\"Kids\" width=\"250\" class=\"alignleft size-full wp-image-16592\" \/> \r\n        <\/div>\r\n        <div class=\"ninecol column last\">\t \t \t \t \r\n            <h2 style=\"margin-top:10px;margin-bottom:10px;\">Kids&#038;Tech<\/h2>\t \t \r\n            <p><i class=\"fa fa-calendar\"><\/i> <strong>LH1eko<\/strong> ikasleentzako tailerra<\/p>\t \t \r\n \t \t \r\n            <p style=\"padding-right:20px;\">Teknologiaren mundua era dibertigarri batetan arakatuko dute. Komandoen eta jarraibideen bitartez, programazio sekuentzialean beraien \r\n               lehenengo urratsak emango dituzte, Beebot, Dash&#038;Dot, eMouse, Botley\u2026 bezalako robot dibertigarriak erabiliz. Robotak oztopoak gaindituz, lerroak jarraituz edo eta \r\n               irudi geometrikoak marraztuz helmugara iritsi beharko dira.<\/p>\r\n\r\n            <p style=\"text-align:justify; font-size:large; color:#000000;\">\r\n               <strong>Ikusi bideo hau tailerrari buruz gehiago ezagutzeko:<\/strong> <a href=\"https:\/\/www.youtube.com\/watch?v=V9OTuZWfFO4\" \r\n                       rel=\"noopener noreferrer\" target=\"_blank\">kids&#038;tech bideoa<\/a>\r\n            <\/p>\r\n        <\/div>\r\n    <\/div>\t \t \r\n\r\n    <div class=\"taller\" id=\"fichaclubconborde\">\r\n        <div class=\"threecol column\">\r\n            <p class=\"segmento_junior\" style=\"text-align: center;font-size: 1.5em;\">LH2-LH4<\/p>\r\n\t \r\n            <img decoding=\"async\" src=\"https:\/\/camptecnologico.com\/inicio\/wp-content\/uploads\/InventorLab-Especial-Navidad.jpg\" alt=\"\" width=\"250\" class=\"alignleft size-full wp-image-16592\" \/>\t \t \r\n        <\/div>\r\n        <div class=\"ninecol column last\">\t \t \r\n            <h2 style=\"margin-top:10px;margin-bottom:10px;\">Inventor lab: eguberri berezia<\/h2>\t \t \r\n            <p><i class=\"fa fa-calendar\"><\/i> <strong>LH2-LH4<\/strong> ikasleentzako tailerra<\/p> \t \t \r\n\r\n            <p style=\"padding-right:20px;\">Lego wedo-rekin gabonetako robot ezberdinak eraiki eta programatuko dituzte erronka dibertigarriak burutu ahal izateko.  \r\n             Gainera, scratch edo kodu-rekin bideojokoen programazioan ere arituko dira, elkar eragiten duten pertsonaiak eta munduak garatuz.<\/p>\r\n            <p style=\"padding-right:20px;\">Eguberri berezian, gai Nagusia gabonak izango dira.<\/p>\r\n            <p style=\"color:red;padding-right:20px;padding-left:20px;\">OHARRA: aurreko urteetan LEGO Wedorekin tailerren bat burutu duten LH4ko ikasleak, inventorLab: \r\n             ibilgailu autonomoa tailerrean apuntatu daitezke<\/p> \r\n\r\n            <p style=\"text-align:justify; font-size:large; color:#000000;\">\r\n               <strong>Ikusi bideo hau tailerrari buruz gehiago ezagutzeko:<\/strong> <a href=\"https:\/\/youtu.be\/0FKkEi0Ksjg\" \r\n                    rel=\"noopener noreferrer\" target=\"_blank\">Inventorlab bideo<\/a>\r\n            <\/p>\r\n        <\/div>\r\n    <\/div>\r\n\r\n    <div class=\"taller\" id=\"fichaclubconborde\">\t \t \r\n        <div class=\"threecol column\">\r\n            <p class=\"segmento_genius\" style=\"text-align: center;font-size: 1.5em;\">LH5-DBH4<\/p>\r\n\t \r\n            <img loading=\"lazy\" decoding=\"async\" src=\"https:\/\/camptecnologico.com\/inicio\/wp-content\/uploads\/Inventor-Lab-coche-autonomo.jpg\" alt=\"\" width=\"250\" height=\"190\" class=\"alignleft size-full wp-image-16592\" \/>\r\n        <\/div>\r\n        <div class=\"ninecol column last\">\r\n            <h2 style=\"margin-top:10px;margin-bottom:10px;\">InventorLab: Veh\u00edculo Aut\u00f3nomo<\/h2>\t \t \r\n            <p><i class=\"fa fa-calendar\"><\/i> <strong>LH5-DBH4<\/strong> ikasleentzako tailerra<\/p>\t \t \r\n\r\n            <p style=\"padding-right:20px;\">Lego Midstormekin ibilgailu bat muntatuko dute. Ibilgailu autonomoekin lasterketan lehiatuko dira. Helmugara lehenengoa iristeko, \r\n             azkarrak eta abilak izan beharko dira, robotak oztopoz beteriko zirkuitu bat gainditu beharko baitu. Crumble edo Micro:bit plaka elektroniko bat programatuko dute,  \r\n             ibilgailuen bueltak zenbatzeko eta kronometratzeko. Horrez gain, blokeen bitarteko bideo jokoen programazioan barneratuko dira Tynkerrekin.<\/p>\r\n\r\n            <p style=\"text-align:justify; font-size:large; color:#000000;\">\r\n                <strong>Ikusi bideo hau tailerrari buruz gehiago ezagutzeko:<\/strong> <a href=\"https:\/\/www.youtube.com\/watch?v=vqi6XQnjkhc\" \r\n                        rel=\"noopener noreferrer\" target=\"_blank\">Inventorlab bideo<\/a>\r\n            <\/p>\r\n        <\/div>\t \t \r\n    <\/div>\r\n\r\n    <div class=\"taller\" id=\"fichaclubconborde\">\t\t \r\n        <div class=\"threecol column\">\r\n            <p class=\"segmento_genius\" style=\"text-align: center;font-size: 1.5em;\">LH5-DBH4<\/p>\r\n\t \r\n            <img decoding=\"async\" src=\"https:\/\/camptecnologico.com\/inicio\/wp-content\/uploads\/Impresi\u00f3n-3D-Hovercraft.jpg\" alt=\"\" width=\"250\"  \/>\r\n        <\/div>\r\n        <div class=\"ninecol column last\">\r\n            <h2 style=\"margin-top:10px;margin-bottom:10px;\">Dron txiki bat Hovercraft baten transformatu<\/h2>\t \t \r\n            <p><i class=\"fa fa-calendar\"><\/i> <strong>LH5-DBH4<\/strong> ikasleentzako tailerra<\/p>\t \t \r\n\r\n            <p style=\"padding-right:20px;\">Tailer honetan ikasleak minidron bat hovercraft batetan eraldatzearen ezaugarri guztiak ezagutuko dituzte, \r\n             beharrezko teknologia ezarriz urrutiko kontrolarekin manipulatu ahal izateko.<\/p>\r\n            <p style=\"padding-right:20px;\">Tailerrean ikasiko dute: hovercraft bat muntatzen eta bere osagaien funtzionamendua ulertuko dute: motoreak, kontrolatzailea, azeleragailua,\u2026 \r\n             txasisa diseinatu eta inprimatuko dute. Simulagailu baten bitartez, arriskurik gabe ibilgailu eta dron-ak maneiatzen ikasiko dituzte, azken pausua heman baino lehen, \r\n             hovercraft-a maneiatu.<\/p>\r\n            <p style=\"padding-right:20px;\">Gure aktibitateak gai baten inguruan erlazionatzen ditugu eta honek tailerraren aria jarraitzen laguntzen digu; elektronika, 3D inpresio, \r\n             arauak,\u2026 bezalako arloak erlazionatzen ditugu<\/p>\r\n\r\n            <p style=\"text-align:justify; font-size:large; color:#000000;\">\r\n                <strong>Ikusi bideo hau tailerrari buruz gehiago ezagutzeko:<\/strong> \r\n                        <a href=\"https:\/\/www.youtube.com\/watch?v=e0CwWyeIpIc\" rel=\"noopener noreferrer\" target=\"_blank\">video 1<\/a> \/ \r\n                       \r\n            <\/p>\r\n        <\/div>\t \t \r\n    <\/div>\r\n<\/div>","protected":false},"excerpt":{"rendered":"Arizmendi ikastolako ikasleak ikastolako webgunetik izena eman behar dute (Alexia): Alexian sartu &nbsp; Informazio orokorra Non Kanpamentuak Mondragon unibertsitatean burutuko dira (POLO GARAIAKO KANPUSA: 11.eraikina)&nbsp; Kokapen mapa ikusi Datak Tailerrak ikastolako oporretako bi asteetan. Abenduak 23-24-26-27 (4 egun). Abenduak 30-31 eta urtarrilak 2-3 (4 egun). Ordutegia 9.00etatik 14.00ak arte (5 ordu eguneko). Nota: Oharra: kanpamentuaren [&hellip;]","protected":false},"author":27,"featured_media":49704,"parent":0,"menu_order":0,"comment_status":"closed","ping_status":"closed","template":"","meta":{"footnotes":"","_links_to":"","_links_to_target":""},"class_list":["post-22621","page","type-page","status-publish","has-post-thumbnail","hentry"],"yoast_head":"<!-- This site is optimized with the Yoast SEO plugin v22.6 - https:\/\/yoast.com\/wordpress\/plugins\/seo\/ -->\n<title>Gabonetako Kanpamentuak - Arrasate | Camp Tecnol\u00f3gico<\/title>\n<meta name=\"description\" content=\"Estas vacaciones de Navidad en Arrasate-Mondrag\u00f3n pueden ser productivas en algo que le gusta. \u00a1Ap\u00fantale al campamento tecnol\u00f3gico de Navidad! De 4 a 17 a\u00f1os.\" \/>\n<meta name=\"robots\" content=\"noindex, follow\" \/>\n<meta property=\"og:locale\" content=\"es_ES\" \/>\n<meta property=\"og:type\" content=\"article\" \/>\n<meta property=\"og:title\" content=\"Gabonetako Kanpamentuak - Arrasate | Camp Tecnol\u00f3gico\" \/>\n<meta property=\"og:description\" content=\"Estas vacaciones de Navidad en Arrasate-Mondrag\u00f3n pueden ser productivas en algo que le gusta. \u00a1Ap\u00fantale al campamento tecnol\u00f3gico de Navidad! De 4 a 17 a\u00f1os.\" \/>\n<meta property=\"og:url\" content=\"https:\/\/camptecnologico.eus\/inicio\/gabonetako-kanpamentuak-arrasate\/\" \/>\n<meta property=\"og:site_name\" content=\"Camp Tecnologico\" \/>\n<meta property=\"article:publisher\" content=\"https:\/\/www.facebook.com\/camptecnologico\/\" \/>\n<meta property=\"article:modified_time\" content=\"2019-11-25T10:12:39+00:00\" \/>\n<meta property=\"og:image\" content=\"https:\/\/camptecnologico.eus\/inicio\/wp-content\/uploads\/industry-4.0camptec-1.jpg\" \/>\n\t<meta property=\"og:image:width\" content=\"400\" \/>\n\t<meta property=\"og:image:height\" content=\"235\" \/>\n\t<meta property=\"og:image:type\" content=\"image\/jpeg\" \/>\n<meta name=\"twitter:card\" content=\"summary_large_image\" \/>\n<meta name=\"twitter:site\" content=\"@CampTecnologico\" \/>\n<meta name=\"twitter:label1\" content=\"Tiempo de lectura\" \/>\n\t<meta name=\"twitter:data1\" content=\"2 minutos\" \/>\n<!-- \/ Yoast SEO plugin. -->","yoast_head_json":{"title":"Gabonetako Kanpamentuak - Arrasate | Camp Tecnol\u00f3gico","description":"Estas vacaciones de Navidad en Arrasate-Mondrag\u00f3n pueden ser productivas en algo que le gusta. \u00a1Ap\u00fantale al campamento tecnol\u00f3gico de Navidad! De 4 a 17 a\u00f1os.","robots":{"index":"noindex","follow":"follow"},"og_locale":"es_ES","og_type":"article","og_title":"Gabonetako Kanpamentuak - Arrasate | Camp Tecnol\u00f3gico","og_description":"Estas vacaciones de Navidad en Arrasate-Mondrag\u00f3n pueden ser productivas en algo que le gusta. \u00a1Ap\u00fantale al campamento tecnol\u00f3gico de Navidad! De 4 a 17 a\u00f1os.","og_url":"https:\/\/camptecnologico.eus\/inicio\/gabonetako-kanpamentuak-arrasate\/","og_site_name":"Camp Tecnologico","article_publisher":"https:\/\/www.facebook.com\/camptecnologico\/","article_modified_time":"2019-11-25T10:12:39+00:00","og_image":[{"width":400,"height":235,"url":"https:\/\/camptecnologico.eus\/inicio\/wp-content\/uploads\/industry-4.0camptec-1.jpg","type":"image\/jpeg"}],"twitter_card":"summary_large_image","twitter_site":"@CampTecnologico","twitter_misc":{"Tiempo de lectura":"2 minutos"},"schema":{"@context":"https:\/\/schema.org","@graph":[{"@type":"WebPage","@id":"https:\/\/camptecnologico.eus\/inicio\/gabonetako-kanpamentuak-arrasate\/","url":"https:\/\/camptecnologico.eus\/inicio\/gabonetako-kanpamentuak-arrasate\/","name":"Gabonetako Kanpamentuak - Arrasate | Camp Tecnol\u00f3gico","isPartOf":{"@id":"https:\/\/camptecnologico.com\/inicio\/#website"},"primaryImageOfPage":{"@id":"https:\/\/camptecnologico.eus\/inicio\/gabonetako-kanpamentuak-arrasate\/#primaryimage"},"image":{"@id":"https:\/\/camptecnologico.eus\/inicio\/gabonetako-kanpamentuak-arrasate\/#primaryimage"},"thumbnailUrl":"https:\/\/camptecnologico.com\/inicio\/wp-content\/uploads\/industry-4.0camptec-1.jpg","datePublished":"2016-11-11T13:30:47+00:00","dateModified":"2019-11-25T10:12:39+00:00","description":"Estas vacaciones de Navidad en Arrasate-Mondrag\u00f3n pueden ser productivas en algo que le gusta. \u00a1Ap\u00fantale al campamento tecnol\u00f3gico de Navidad! De 4 a 17 a\u00f1os.","breadcrumb":{"@id":"https:\/\/camptecnologico.eus\/inicio\/gabonetako-kanpamentuak-arrasate\/#breadcrumb"},"inLanguage":"es","potentialAction":[{"@type":"ReadAction","target":["https:\/\/camptecnologico.eus\/inicio\/gabonetako-kanpamentuak-arrasate\/"]}]},{"@type":"ImageObject","inLanguage":"es","@id":"https:\/\/camptecnologico.eus\/inicio\/gabonetako-kanpamentuak-arrasate\/#primaryimage","url":"https:\/\/camptecnologico.com\/inicio\/wp-content\/uploads\/industry-4.0camptec-1.jpg","contentUrl":"https:\/\/camptecnologico.com\/inicio\/wp-content\/uploads\/industry-4.0camptec-1.jpg","width":400,"height":235},{"@type":"BreadcrumbList","@id":"https:\/\/camptecnologico.eus\/inicio\/gabonetako-kanpamentuak-arrasate\/#breadcrumb","itemListElement":[{"@type":"ListItem","position":1,"name":"Home","item":"https:\/\/camptecnologico.com\/"},{"@type":"ListItem","position":2,"name":"Gabonetako Kanpamentuak &#8211; Arrasate"}]},{"@type":"WebSite","@id":"https:\/\/camptecnologico.com\/inicio\/#website","url":"https:\/\/camptecnologico.com\/inicio\/","name":"Camp Tecnologico","description":"Campamento tecnol\u00f3gico para ni\u00f1os y j\u00f3venes. Tecnolog\u00eda para ni\u00f1os. Minecraft.","publisher":{"@id":"https:\/\/camptecnologico.com\/inicio\/#organization"},"potentialAction":[{"@type":"SearchAction","target":{"@type":"EntryPoint","urlTemplate":"https:\/\/camptecnologico.com\/inicio\/?s={search_term_string}"},"query-input":"required name=search_term_string"}],"inLanguage":"es"},{"@type":"Organization","@id":"https:\/\/camptecnologico.com\/inicio\/#organization","name":"Camp Tecnol\u00f3gico","url":"https:\/\/camptecnologico.com\/inicio\/","logo":{"@type":"ImageObject","inLanguage":"es","@id":"https:\/\/camptecnologico.com\/inicio\/#\/schema\/logo\/image\/","url":"https:\/\/camptecnologico.com\/inicio\/wp-content\/uploads\/logo1.jpg","contentUrl":"https:\/\/camptecnologico.com\/inicio\/wp-content\/uploads\/logo1.jpg","width":120,"height":120,"caption":"Camp Tecnol\u00f3gico"},"image":{"@id":"https:\/\/camptecnologico.com\/inicio\/#\/schema\/logo\/image\/"},"sameAs":["https:\/\/www.facebook.com\/camptecnologico\/","https:\/\/x.com\/CampTecnologico","https:\/\/www.instagram.com\/camptecnologico\/","https:\/\/www.linkedin.com\/company\/camptecnol-gico","https:\/\/www.youtube.com\/user\/CampTecologico"]}]}},"_links":{"self":[{"href":"https:\/\/camptecnologico.com\/inicio\/wp-json\/wp\/v2\/pages\/22621","targetHints":{"allow":["GET"]}}],"collection":[{"href":"https:\/\/camptecnologico.com\/inicio\/wp-json\/wp\/v2\/pages"}],"about":[{"href":"https:\/\/camptecnologico.com\/inicio\/wp-json\/wp\/v2\/types\/page"}],"author":[{"embeddable":true,"href":"https:\/\/camptecnologico.com\/inicio\/wp-json\/wp\/v2\/users\/27"}],"replies":[{"embeddable":true,"href":"https:\/\/camptecnologico.com\/inicio\/wp-json\/wp\/v2\/comments?post=22621"}],"version-history":[{"count":36,"href":"https:\/\/camptecnologico.com\/inicio\/wp-json\/wp\/v2\/pages\/22621\/revisions"}],"predecessor-version":[{"id":43402,"href":"https:\/\/camptecnologico.com\/inicio\/wp-json\/wp\/v2\/pages\/22621\/revisions\/43402"}],"wp:featuredmedia":[{"embeddable":true,"href":"https:\/\/camptecnologico.com\/inicio\/wp-json\/wp\/v2\/media\/49704"}],"wp:attachment":[{"href":"https:\/\/camptecnologico.com\/inicio\/wp-json\/wp\/v2\/media?parent=22621"}],"curies":[{"name":"wp","href":"https:\/\/api.w.org\/{rel}","templated":true}]}}