




{"id":22374,"date":"2016-10-18T12:19:09","date_gmt":"2016-10-18T11:19:09","guid":{"rendered":"https:\/\/camptecnologico.com\/inicio\/?page_id=22374"},"modified":"2019-09-13T09:48:40","modified_gmt":"2019-09-13T08:48:40","slug":"inscripciones-extraescolares","status":"publish","type":"page","link":"https:\/\/camptecnologico.com\/inicio\/inscripciones-extraescolares\/","title":{"rendered":"Alta extraescolares"},"content":{"rendered":"<div class=\"row\">\r\n\r\n    <center>\r\n        <a class=\"button large primary\" href=\"https:\/\/camptecnologico.com\/inicio\/wp-content\/uploads\/EXTRAESCOLARES-ROBOTICA-2019-2020-CARMELITAS-SANTURTZI.pdf\" \r\n           title=\"\" target=\"_blank\" rel=\"noopener noreferrer\"><i class=\"fa fa-file-pdf-o\" aria-hidden=\"true\"><\/i> Descargar PDF EXTRAESCOLARES ROB\u00f3TICA 2019-2020 CARMELITAS SANTURTZI<\/a>\r\n    <\/center>\r\n\r\n    <script type=\"text\/javascript\">var gform;gform||(document.addEventListener(\"gform_main_scripts_loaded\",function(){gform.scriptsLoaded=!0}),window.addEventListener(\"DOMContentLoaded\",function(){gform.domLoaded=!0}),gform={domLoaded:!1,scriptsLoaded:!1,initializeOnLoaded:function(o){gform.domLoaded&&gform.scriptsLoaded?o():!gform.domLoaded&&gform.scriptsLoaded?window.addEventListener(\"DOMContentLoaded\",o):document.addEventListener(\"gform_main_scripts_loaded\",o)},hooks:{action:{},filter:{}},addAction:function(o,n,r,t){gform.addHook(\"action\",o,n,r,t)},addFilter:function(o,n,r,t){gform.addHook(\"filter\",o,n,r,t)},doAction:function(o){gform.doHook(\"action\",o,arguments)},applyFilters:function(o){return gform.doHook(\"filter\",o,arguments)},removeAction:function(o,n){gform.removeHook(\"action\",o,n)},removeFilter:function(o,n,r){gform.removeHook(\"filter\",o,n,r)},addHook:function(o,n,r,t,i){null==gform.hooks[o][n]&&(gform.hooks[o][n]=[]);var e=gform.hooks[o][n];null==i&&(i=n+\"_\"+e.length),gform.hooks[o][n].push({tag:i,callable:r,priority:t=null==t?10:t})},doHook:function(n,o,r){var t;if(r=Array.prototype.slice.call(r,1),null!=gform.hooks[n][o]&&((o=gform.hooks[n][o]).sort(function(o,n){return o.priority-n.priority}),o.forEach(function(o){\"function\"!=typeof(t=o.callable)&&(t=window[t]),\"action\"==n?t.apply(null,r):r[0]=t.apply(null,r)})),\"filter\"==n)return r[0]},removeHook:function(o,n,t,i){var r;null!=gform.hooks[o][n]&&(r=(r=gform.hooks[o][n]).filter(function(o,n,r){return!!(null!=i&&i!=o.tag||null!=t&&t!=o.priority)}),gform.hooks[o][n]=r)}});<\/script>\n                <div class='gf_browser_gecko gform_wrapper gform_legacy_markup_wrapper' id='gform_wrapper_181' style='display:none'><div id='gf_181' class='gform_anchor' tabindex='-1'><\/div><form method='post' enctype='multipart\/form-data' target='gform_ajax_frame_181' id='gform_181'  action='\/inicio\/wp-json\/wp\/v2\/pages\/22374#gf_181' >\n                        <div class='gform_body gform-body'><ul id='gform_fields_181' class='gform_fields top_label form_sublabel_above description_above'><li id=\"field_181_1\"  class=\"gfield field_admin_only field_sublabel_above field_description_above gfield_visibility_administrative\"  data-js-reload=\"field_181_1\"><input name='input_1' id='input_181_1' class='gform_hidden' type='hidden' value='19\/04\/2026 - 16:00'\/><\/li><li id=\"field_181_127\"  class=\"gfield gfield_html gfield_html_formatted gfield_no_follows_desc field_sublabel_above field_description_above gfield_visibility_visible\"  data-js-reload=\"field_181_127\"><p>Pueden realizar la reserva de plaza para la extraescolares de rob\u00f3tica en este formulario.\nGracias.<\/p>\n<p>Si tiene alg\u00fan problema para realizar la inscripci\u00f3n desde este formulario, puede hacerlo tambi\u00e9n por tel\u00e9fono en el 94 694 13 90 o en el 686 510 900<br\/><br\/>\nPara cualquier duda, en los mismos tel\u00e9fonos te podremos ayudar<br\/>\n=================================<br\/>\nEn caso de superarse el n\u00famero m\u00e1ximo de alumnos, la adjudicaci\u00f3n se har\u00e1 por orden de inscripci\u00f3n<\/p><\/li><li id=\"field_181_11\"  class=\"gfield gsection field_sublabel_above field_description_above gfield_visibility_visible\"  data-js-reload=\"field_181_11\"><h2 class=\"gsection_title\">Actividad<\/h2><\/li><li id=\"field_181_130\"  class=\"gfield gf_left_half gfield_contains_required field_sublabel_above field_description_above gfield_visibility_visible\"  data-js-reload=\"field_181_130\"><label class='gfield_label' for='input_181_130' >Colegio<span class=\"gfield_required\"><span class=\"gfield_required gfield_required_asterisk\">*<\/span><\/span><\/label><div class='ginput_container ginput_container_select'><select name='input_130' id='input_181_130' class='medium gfield_select' tabindex='49'   aria-required=\"true\" aria-invalid=\"false\" ><option value='' ><\/option><option value='Sant Antoni Maria Claret' >Sant Antoni Maria Claret<\/option><\/select><\/div><\/li><li id=\"field_181_142\"  class=\"gfield gf_right_half gfield_contains_required field_sublabel_above field_description_above gfield_visibility_visible\"  data-js-reload=\"field_181_142\"><label class='gfield_label' for='input_181_142' >Grupo<span class=\"gfield_required\"><span class=\"gfield_required gfield_required_asterisk\">*<\/span><\/span><\/label><div class='ginput_container ginput_container_select'><select name='input_142' id='input_181_142' class='medium gfield_select' tabindex='50'   aria-required=\"true\" aria-invalid=\"false\" ><option value='' ><\/option><option value='LUNES 3\u00ba a 4\u00ba primaria 14:00-15:00' >LUNES 3\u00ba a 4\u00ba primaria 14:00-15:00<\/option><option value='MARTES 5\u00ba a 6\u00ba primaria 14:00-15:00' >MARTES 5\u00ba a 6\u00ba primaria 14:00-15:00<\/option><option value='MI\u00c9RCOLES 1\u00ba a 2\u00ba primaria 14:00-15:00' >MI\u00c9RCOLES 1\u00ba a 2\u00ba primaria 14:00-15:00<\/option><option value='MI\u00c9RCOLES 1\u00ba a 4\u00ba secundaria 15:30-16:30' >MI\u00c9RCOLES 1\u00ba a 4\u00ba secundaria 15:30-16:30<\/option><\/select><\/div><\/li><li id=\"field_181_140\"  class=\"gfield gf_right_half gfield_contains_required field_sublabel_above field_description_above gfield_visibility_visible\"  data-js-reload=\"field_181_140\"><label class='gfield_label' for='input_181_140' >Grupo..<span class=\"gfield_required\"><span class=\"gfield_required gfield_required_asterisk\">*<\/span><\/span><\/label><div class='ginput_container ginput_container_select'><select name='input_140' id='input_181_140' class='medium gfield_select' tabindex='51'   aria-required=\"true\" aria-invalid=\"false\" ><option value='' ><\/option><option value='5\u00ba y 6\u00ba EP los Lunes 13:30-14:30' >5\u00ba y 6\u00ba EP los Lunes 13:30-14:30<\/option><option value='1\u00ba y 2\u00ba EP los Martes 13:30-14:30' >1\u00ba y 2\u00ba EP los Martes 13:30-14:30<\/option><option value='3\u00ba y 4\u00ba EP los Jueves 13:30-14:30' >3\u00ba y 4\u00ba EP los Jueves 13:30-14:30<\/option><\/select><\/div><\/li><li id=\"field_181_141\"  class=\"gfield gf_right_half gfield_contains_required field_sublabel_above field_description_above gfield_visibility_visible\"  data-js-reload=\"field_181_141\"><label class='gfield_label' for='input_181_141' >Grupo&#039;&#039;<span class=\"gfield_required\"><span class=\"gfield_required gfield_required_asterisk\">*<\/span><\/span><\/label><div class='ginput_container ginput_container_select'><select name='input_141' id='input_181_141' class='medium gfield_select' tabindex='52'   aria-required=\"true\" aria-invalid=\"false\" ><option value='' ><\/option><option value='3\u00ba EP - Jueves 12:30-13:30 PM' >3\u00ba EP - Jueves 12:30-13:30 PM<\/option><option value='2\u00ba EP - Jueves 13:30-14:30 PM' >2\u00ba EP - Jueves 13:30-14:30 PM<\/option><\/select><\/div><\/li><li id=\"field_181_136\"  class=\"gfield gfield_contains_required field_sublabel_above field_description_above gfield_visibility_visible\"  data-js-reload=\"field_181_136\"><label class='gfield_label'  >Experiencia<span class=\"gfield_required\"><span class=\"gfield_required gfield_required_asterisk\">*<\/span><\/span><\/label><div class='gfield_description' id='gfield_description_181_136'>Ha participado el ni\u00f1o o ni\u00f1a en alguna actividad de rob\u00f3tica o programaci\u00f3n (campamento de verano, extraescolar, taller,...)<\/div><div class='ginput_container ginput_container_radio'><ul class='gfield_radio' id='input_181_136'>\n\t\t\t<li class='gchoice gchoice_181_136_0'>\n\t\t\t\t<input name='input_136' type='radio' value='Si'  id='choice_181_136_0' tabindex='53'   \/>\n\t\t\t\t<label for='choice_181_136_0' id='label_181_136_0'>Si<\/label>\n\t\t\t<\/li>\n\t\t\t<li class='gchoice gchoice_181_136_1'>\n\t\t\t\t<input name='input_136' type='radio' value='No'  id='choice_181_136_1' tabindex='54'   \/>\n\t\t\t\t<label for='choice_181_136_1' id='label_181_136_1'>No<\/label>\n\t\t\t<\/li><\/ul><\/div><\/li><li id=\"field_181_128\"  class=\"gfield gsection field_sublabel_above field_description_above gfield_visibility_visible\"  data-js-reload=\"field_181_128\"><h2 class=\"gsection_title\">Asistente<\/h2><\/li><li id=\"field_181_28\"  class=\"gfield gf_left_third gfield_contains_required field_sublabel_above field_description_above gfield_visibility_visible\"  data-js-reload=\"field_181_28\"><label class='gfield_label' for='input_181_28' >Nombre Asistente<span class=\"gfield_required\"><span class=\"gfield_required gfield_required_asterisk\">*<\/span><\/span><\/label><div class='ginput_container ginput_container_text'><input name='input_28' id='input_181_28' type='text' value='' class='medium'   tabindex='55'  aria-required=\"true\" aria-invalid=\"false\"   \/> <\/div><\/li><li id=\"field_181_122\"  class=\"gfield gf_middle_third gfield_contains_required field_sublabel_above field_description_above gfield_visibility_visible\"  data-js-reload=\"field_181_122\"><label class='gfield_label' for='input_181_122' >Apellidos Asistente<span class=\"gfield_required\"><span class=\"gfield_required gfield_required_asterisk\">*<\/span><\/span><\/label><div class='ginput_container ginput_container_text'><input name='input_122' id='input_181_122' type='text' value='' class='medium'   tabindex='56'  aria-required=\"true\" aria-invalid=\"false\"   \/> <\/div><\/li><li id=\"field_181_129\"  class=\"gfield gf_right_third gfield_contains_required field_sublabel_above field_description_above gfield_visibility_visible\"  data-js-reload=\"field_181_129\"><label class='gfield_label' for='input_181_129' >Curso<span class=\"gfield_required\"><span class=\"gfield_required gfield_required_asterisk\">*<\/span><\/span><\/label><div class='gfield_description' id='gfield_description_181_129'>en el 2020-2021<\/div><div class='ginput_container ginput_container_select'><select name='input_129' id='input_181_129' class='medium gfield_select' tabindex='57' aria-describedby=\"gfield_description_181_129\"  aria-required=\"true\" aria-invalid=\"false\" ><option value='' ><\/option><option value='Infantil' >Infantil<\/option><option value='1\u00ba Primaria' >1\u00ba Primaria<\/option><option value='2\u00ba Primaria' >2\u00ba Primaria<\/option><option value='3\u00ba Primaria' >3\u00ba Primaria<\/option><option value='4\u00ba Primaria' >4\u00ba Primaria<\/option><option value='5\u00ba Primaria' >5\u00ba Primaria<\/option><option value='6\u00ba Primaria' >6\u00ba Primaria<\/option><option value='1\u00ba Secundaria' >1\u00ba Secundaria<\/option><option value='2\u00ba Secundaria' >2\u00ba Secundaria<\/option><option value='3\u00ba Secundaria' >3\u00ba Secundaria<\/option><option value='4\u00ba Secundaria' >4\u00ba Secundaria<\/option><\/select><\/div><\/li><li id=\"field_181_2\"  class=\"gfield gf_left_half gfield_contains_required field_sublabel_above field_description_above gfield_visibility_visible\"  data-js-reload=\"field_181_2\"><label class='gfield_label' for='input_181_2' >Nombre Padre\/Madre<span class=\"gfield_required\"><span class=\"gfield_required gfield_required_asterisk\">*<\/span><\/span><\/label><div class='ginput_container ginput_container_text'><input name='input_2' id='input_181_2' type='text' value='' class='medium'   tabindex='58'  aria-required=\"true\" aria-invalid=\"false\"   \/> <\/div><\/li><li id=\"field_181_123\"  class=\"gfield gf_right_half gfield_contains_required field_sublabel_above field_description_above gfield_visibility_visible\"  data-js-reload=\"field_181_123\"><label class='gfield_label' for='input_181_123' >Apellidos Padre\/Madre<span class=\"gfield_required\"><span class=\"gfield_required gfield_required_asterisk\">*<\/span><\/span><\/label><div class='ginput_container ginput_container_text'><input name='input_123' id='input_181_123' type='text' value='' class='medium'   tabindex='59'  aria-required=\"true\" aria-invalid=\"false\"   \/> <\/div><\/li><li id=\"field_181_6\"  class=\"gfield gf_left_half gfield_contains_required field_sublabel_above field_description_below gfield_visibility_visible\"  data-js-reload=\"field_181_6\"><label class='gfield_label' for='input_181_6' >Email<span class=\"gfield_required\"><span class=\"gfield_required gfield_required_asterisk\">*<\/span><\/span><\/label><div class='ginput_container ginput_container_email'>\n                            <input name='input_6' id='input_181_6' type='text' value='' class='medium' tabindex='60'   aria-required=\"true\" aria-invalid=\"false\"  \/>\n                        <\/div><\/li><li id=\"field_181_126\"  class=\"gfield gf_right_half gfield_contains_required field_sublabel_above field_description_above gfield_visibility_visible\"  data-js-reload=\"field_181_126\"><label class='gfield_label' for='input_181_126' >Tfno<span class=\"gfield_required\"><span class=\"gfield_required gfield_required_asterisk\">*<\/span><\/span><\/label><div class='ginput_container ginput_container_text'><input name='input_126' id='input_181_126' type='text' value='' class='medium'   tabindex='61'  aria-required=\"true\" aria-invalid=\"false\"   \/> <\/div><\/li><li id=\"field_181_133\"  class=\"gfield gsection field_sublabel_above field_description_above gfield_visibility_visible\"  data-js-reload=\"field_181_133\"><h2 class=\"gsection_title\">Pol\u00edtica de Privacidad<\/h2><\/li><li id=\"field_181_135\"  class=\"gfield gfield_checkbox gfield_contains_required field_sublabel_above field_description_above gfield_visibility_visible\"  data-js-reload=\"field_181_135\"><label class='gfield_label gfield_label_before_complex'  >Acepto la Condiciones Generales y la Pol\u00edtica de Privacidad<span class=\"gfield_required\"><span class=\"gfield_required gfield_required_asterisk\">*<\/span><\/span><\/label><div class='ginput_container ginput_container_checkbox'><ul class='gfield_checkbox' id='input_181_135'><li class='gchoice gchoice_181_135_1'>\n\t\t\t\t\t\t\t\t<input class='gfield-choice-input' name='input_135.1' type='checkbox'  value='Si'  id='choice_181_135_1' tabindex='62'  \/>\n\t\t\t\t\t\t\t\t<label for='choice_181_135_1' id='label_181_135_1'>Si, Acepto <a href=\"https:\/\/camptecnologico.com\/inicio\/condiciones-generales\/\" title=\"Condiciones Generales y P\u00f3litica de Privacidad\" target=\"_blank\">Condiciones Generales<\/a>  y Pol\u00edtica de Privacidad<\/label>\n\t\t\t\t\t\t\t<\/li><\/ul><\/div><\/li><\/ul><\/div>\n        <div class='gform_footer top_label'> <input type='submit' id='gform_submit_button_181' class='gform_button button' value='Enviar' tabindex='63' onclick='if(window[\"gf_submitting_181\"]){return false;}  window[\"gf_submitting_181\"]=true;  ' onkeypress='if( event.keyCode == 13 ){ if(window[\"gf_submitting_181\"]){return false;} window[\"gf_submitting_181\"]=true;  jQuery(\"#gform_181\").trigger(\"submit\",[true]); }' \/> <input type='hidden' name='gform_ajax' value='form_id=181&amp;title=&amp;description=&amp;tabindex=49' \/>\n            <input type='hidden' class='gform_hidden' name='is_submit_181' value='1' \/>\n            <input type='hidden' class='gform_hidden' name='gform_submit' value='181' \/>\n            \n            <input type='hidden' class='gform_hidden' name='gform_unique_id' value='' \/>\n            <input type='hidden' class='gform_hidden' name='state_181' value='WyJbXSIsIjQxMjljMmNmMzkzNGViN2Y5ZDJmNDU1NjAzNmU3YTM0Il0=' \/>\n            <input type='hidden' class='gform_hidden' name='gform_target_page_number_181' id='gform_target_page_number_181' value='0' \/>\n            <input type='hidden' class='gform_hidden' name='gform_source_page_number_181' id='gform_source_page_number_181' value='1' \/>\n            <input type='hidden' name='gform_field_values' value='' \/>\n            \n        <\/div>\n                        <p style=\"display: none !important;\" class=\"akismet-fields-container\" data-prefix=\"ak_\"><label>&#916;<textarea name=\"ak_hp_textarea\" cols=\"45\" rows=\"8\" maxlength=\"100\"><\/textarea><\/label><input type=\"hidden\" id=\"ak_js_1\" name=\"ak_js\" value=\"171\"\/><script>document.getElementById( \"ak_js_1\" ).setAttribute( \"value\", ( new Date() ).getTime() );<\/script><\/p><\/form>\n                        <\/div>\n                <iframe style='display:none;width:0px;height:0px;' src='about:blank' name='gform_ajax_frame_181' id='gform_ajax_frame_181' title='Este iframe contiene la l\u00f3gica necesaria para gestionar formularios con ajax activado.'><\/iframe>\n                <script type=\"text\/javascript\">\n\/* <![CDATA[ *\/\n gform.initializeOnLoaded( function() {gformInitSpinner( 181, 'https:\/\/camptecnologico.com\/inicio\/wp-content\/plugins\/gravityforms\/images\/spinner.svg' );jQuery('#gform_ajax_frame_181').on('load',function(){var contents = jQuery(this).contents().find('*').html();var is_postback = contents.indexOf('GF_AJAX_POSTBACK') >= 0;if(!is_postback){return;}var form_content = jQuery(this).contents().find('#gform_wrapper_181');var is_confirmation = jQuery(this).contents().find('#gform_confirmation_wrapper_181').length > 0;var is_redirect = contents.indexOf('gformRedirect(){') >= 0;var is_form = form_content.length > 0 && ! is_redirect && ! is_confirmation;var mt = parseInt(jQuery('html').css('margin-top'), 10) + parseInt(jQuery('body').css('margin-top'), 10) + 100;if(is_form){jQuery('#gform_wrapper_181').html(form_content.html());if(form_content.hasClass('gform_validation_error')){jQuery('#gform_wrapper_181').addClass('gform_validation_error');} else {jQuery('#gform_wrapper_181').removeClass('gform_validation_error');}setTimeout( function() { \/* delay the scroll by 50 milliseconds to fix a bug in chrome *\/ jQuery(document).scrollTop(jQuery('#gform_wrapper_181').offset().top - mt); }, 50 );if(window['gformInitDatepicker']) {gformInitDatepicker();}if(window['gformInitPriceFields']) {gformInitPriceFields();}var current_page = jQuery('#gform_source_page_number_181').val();gformInitSpinner( 181, 'https:\/\/camptecnologico.com\/inicio\/wp-content\/plugins\/gravityforms\/images\/spinner.svg' );jQuery(document).trigger('gform_page_loaded', [181, current_page]);window['gf_submitting_181'] = false;}else if(!is_redirect){var confirmation_content = jQuery(this).contents().find('.GF_AJAX_POSTBACK').html();if(!confirmation_content){confirmation_content = contents;}setTimeout(function(){jQuery('#gform_wrapper_181').replaceWith(confirmation_content);jQuery(document).scrollTop(jQuery('#gf_181').offset().top - mt);jQuery(document).trigger('gform_confirmation_loaded', [181]);window['gf_submitting_181'] = false;wp.a11y.speak(jQuery('#gform_confirmation_message_181').text());}, 50);}else{jQuery('#gform_181').append(contents);if(window['gformRedirect']) {gformRedirect();}}jQuery(document).trigger('gform_post_render', [181, current_page]);} );} ); \n\/* ]]> *\/\n<\/script>\n\r\n\r\n<\/div>","protected":false},"excerpt":{"rendered":"Descargar PDF EXTRAESCOLARES ROB\u00f3TICA 2019-2020 CARMELITAS SANTURTZI","protected":false},"author":21,"featured_media":49704,"parent":0,"menu_order":0,"comment_status":"closed","ping_status":"open","template":"","meta":{"footnotes":"","_links_to":"","_links_to_target":""},"class_list":["post-22374","page","type-page","status-publish","has-post-thumbnail","hentry"],"yoast_head":"<!-- This site is optimized with the Yoast SEO plugin v22.6 - https:\/\/yoast.com\/wordpress\/plugins\/seo\/ -->\n<title>Inscripciones de extraescolares curso 2019-20 | Camp Tecnol\u00f3gico<\/title>\n<meta name=\"description\" content=\"Camp Tecnol\u00f3gico es un Proyecto Educativo con el objetivo de despertar el inter\u00e9s de los j\u00f3venes por la Ciencia, Tecnolog\u00eda, Ingenier\u00eda y las Matem\u00e1ticas.\" \/>\n<meta name=\"robots\" content=\"noindex, nofollow\" \/>\n<meta property=\"og:locale\" content=\"es_ES\" \/>\n<meta property=\"og:type\" content=\"article\" \/>\n<meta property=\"og:title\" content=\"Inscripciones de extraescolares curso 2019-20 | Camp Tecnol\u00f3gico\" \/>\n<meta property=\"og:description\" content=\"Camp Tecnol\u00f3gico es un Proyecto Educativo con el objetivo de despertar el inter\u00e9s de los j\u00f3venes por la Ciencia, Tecnolog\u00eda, Ingenier\u00eda y las Matem\u00e1ticas.\" \/>\n<meta property=\"og:url\" content=\"https:\/\/camptecnologico.com\/inicio\/inscripciones-extraescolares\/\" \/>\n<meta property=\"og:site_name\" content=\"Camp Tecnologico\" \/>\n<meta property=\"article:publisher\" content=\"https:\/\/www.facebook.com\/camptecnologico\/\" \/>\n<meta property=\"article:modified_time\" content=\"2019-09-13T08:48:40+00:00\" \/>\n<meta name=\"twitter:card\" content=\"summary_large_image\" \/>\n<meta name=\"twitter:site\" content=\"@CampTecnologico\" \/>\n<!-- \/ Yoast SEO plugin. -->","yoast_head_json":{"title":"Inscripciones de extraescolares curso 2019-20 | Camp Tecnol\u00f3gico","description":"Camp Tecnol\u00f3gico es un Proyecto Educativo con el objetivo de despertar el inter\u00e9s de los j\u00f3venes por la Ciencia, Tecnolog\u00eda, Ingenier\u00eda y las Matem\u00e1ticas.","robots":{"index":"noindex","follow":"nofollow"},"og_locale":"es_ES","og_type":"article","og_title":"Inscripciones de extraescolares curso 2019-20 | Camp Tecnol\u00f3gico","og_description":"Camp Tecnol\u00f3gico es un Proyecto Educativo con el objetivo de despertar el inter\u00e9s de los j\u00f3venes por la Ciencia, Tecnolog\u00eda, Ingenier\u00eda y las Matem\u00e1ticas.","og_url":"https:\/\/camptecnologico.com\/inicio\/inscripciones-extraescolares\/","og_site_name":"Camp Tecnologico","article_publisher":"https:\/\/www.facebook.com\/camptecnologico\/","article_modified_time":"2019-09-13T08:48:40+00:00","twitter_card":"summary_large_image","twitter_site":"@CampTecnologico","schema":{"@context":"https:\/\/schema.org","@graph":[{"@type":"WebPage","@id":"https:\/\/camptecnologico.com\/inicio\/inscripciones-extraescolares\/","url":"https:\/\/camptecnologico.com\/inicio\/inscripciones-extraescolares\/","name":"Inscripciones de extraescolares curso 2019-20 | Camp Tecnol\u00f3gico","isPartOf":{"@id":"https:\/\/camptecnologico.com\/inicio\/#website"},"primaryImageOfPage":{"@id":"https:\/\/camptecnologico.com\/inicio\/inscripciones-extraescolares\/#primaryimage"},"image":{"@id":"https:\/\/camptecnologico.com\/inicio\/inscripciones-extraescolares\/#primaryimage"},"thumbnailUrl":"https:\/\/camptecnologico.com\/inicio\/wp-content\/uploads\/industry-4.0camptec-1.jpg","datePublished":"2016-10-18T11:19:09+00:00","dateModified":"2019-09-13T08:48:40+00:00","description":"Camp Tecnol\u00f3gico es un Proyecto Educativo con el objetivo de despertar el inter\u00e9s de los j\u00f3venes por la Ciencia, Tecnolog\u00eda, Ingenier\u00eda y las Matem\u00e1ticas.","breadcrumb":{"@id":"https:\/\/camptecnologico.com\/inicio\/inscripciones-extraescolares\/#breadcrumb"},"inLanguage":"es","potentialAction":[{"@type":"ReadAction","target":["https:\/\/camptecnologico.com\/inicio\/inscripciones-extraescolares\/"]}]},{"@type":"ImageObject","inLanguage":"es","@id":"https:\/\/camptecnologico.com\/inicio\/inscripciones-extraescolares\/#primaryimage","url":"https:\/\/camptecnologico.com\/inicio\/wp-content\/uploads\/industry-4.0camptec-1.jpg","contentUrl":"https:\/\/camptecnologico.com\/inicio\/wp-content\/uploads\/industry-4.0camptec-1.jpg","width":400,"height":235},{"@type":"BreadcrumbList","@id":"https:\/\/camptecnologico.com\/inicio\/inscripciones-extraescolares\/#breadcrumb","itemListElement":[{"@type":"ListItem","position":1,"name":"Home","item":"https:\/\/camptecnologico.com\/"},{"@type":"ListItem","position":2,"name":"Alta extraescolares"}]},{"@type":"WebSite","@id":"https:\/\/camptecnologico.com\/inicio\/#website","url":"https:\/\/camptecnologico.com\/inicio\/","name":"Camp Tecnologico","description":"Campamento tecnol\u00f3gico para ni\u00f1os y j\u00f3venes. Tecnolog\u00eda para ni\u00f1os. Minecraft.","publisher":{"@id":"https:\/\/camptecnologico.com\/inicio\/#organization"},"potentialAction":[{"@type":"SearchAction","target":{"@type":"EntryPoint","urlTemplate":"https:\/\/camptecnologico.com\/inicio\/?s={search_term_string}"},"query-input":"required name=search_term_string"}],"inLanguage":"es"},{"@type":"Organization","@id":"https:\/\/camptecnologico.com\/inicio\/#organization","name":"Camp Tecnol\u00f3gico","url":"https:\/\/camptecnologico.com\/inicio\/","logo":{"@type":"ImageObject","inLanguage":"es","@id":"https:\/\/camptecnologico.com\/inicio\/#\/schema\/logo\/image\/","url":"https:\/\/camptecnologico.com\/inicio\/wp-content\/uploads\/logo1.jpg","contentUrl":"https:\/\/camptecnologico.com\/inicio\/wp-content\/uploads\/logo1.jpg","width":120,"height":120,"caption":"Camp Tecnol\u00f3gico"},"image":{"@id":"https:\/\/camptecnologico.com\/inicio\/#\/schema\/logo\/image\/"},"sameAs":["https:\/\/www.facebook.com\/camptecnologico\/","https:\/\/x.com\/CampTecnologico","https:\/\/www.instagram.com\/camptecnologico\/","https:\/\/www.linkedin.com\/company\/camptecnol-gico","https:\/\/www.youtube.com\/user\/CampTecologico"]}]}},"_links":{"self":[{"href":"https:\/\/camptecnologico.com\/inicio\/wp-json\/wp\/v2\/pages\/22374","targetHints":{"allow":["GET"]}}],"collection":[{"href":"https:\/\/camptecnologico.com\/inicio\/wp-json\/wp\/v2\/pages"}],"about":[{"href":"https:\/\/camptecnologico.com\/inicio\/wp-json\/wp\/v2\/types\/page"}],"author":[{"embeddable":true,"href":"https:\/\/camptecnologico.com\/inicio\/wp-json\/wp\/v2\/users\/21"}],"replies":[{"embeddable":true,"href":"https:\/\/camptecnologico.com\/inicio\/wp-json\/wp\/v2\/comments?post=22374"}],"version-history":[{"count":3,"href":"https:\/\/camptecnologico.com\/inicio\/wp-json\/wp\/v2\/pages\/22374\/revisions"}],"predecessor-version":[{"id":42411,"href":"https:\/\/camptecnologico.com\/inicio\/wp-json\/wp\/v2\/pages\/22374\/revisions\/42411"}],"wp:featuredmedia":[{"embeddable":true,"href":"https:\/\/camptecnologico.com\/inicio\/wp-json\/wp\/v2\/media\/49704"}],"wp:attachment":[{"href":"https:\/\/camptecnologico.com\/inicio\/wp-json\/wp\/v2\/media?parent=22374"}],"curies":[{"name":"wp","href":"https:\/\/api.w.org\/{rel}","templated":true}]}}