




{"id":22282,"date":"2016-10-10T16:05:28","date_gmt":"2016-10-10T15:05:28","guid":{"rendered":"https:\/\/camptecnologico.com\/inicio\/?page_id=22282"},"modified":"2020-02-20T19:25:38","modified_gmt":"2020-02-20T18:25:38","slug":"mungia","status":"publish","type":"page","link":"https:\/\/camptecnologico.com\/inicio\/club-fin-de-semana\/mungia\/","title":{"rendered":"Club Tecnol\u00f3gico Fin de Semana en Mungia &#8211; Curso 2019-20"},"content":{"rendered":"<script>\r\n    sessionStorage.campus=5240;\r\n<\/script>\r\n\r\n<div class=\"row\">\r\n    <p style=\"color: #FF2200; font-weight: bold; font-size: 200%;text-align:center;margin-top:20px\">\r\n        <a href=\"#infor_general\">Informaci\u00f3n de Fechas, Horarios, Precios y Descuentos<\/a>\r\n    <\/p>\r\n\r\n    [wpv-view name=\u00bbclubs-munguia\u00bb]\r\n\r\n    <p id=\"infor_general\" style=\"margin-top:0px; padding-top:0px; font-size:10%\">&nbsp;<\/p>\r\n<br \/><br \/><br \/><br \/><br \/><br \/><br \/>\r\n    <div id=\"descripcion\">\r\n        <div>\r\n            <h3 class=\"tituloSeccion\">Informaci\u00f3n General<\/h3>\r\n            <p>Los alumnos que ya hayan estado en los clubs del fin de semana o en campamentos el a\u00f1o anterior, realizar\u00e1n proyectos y actividades espec\u00edficas a su nivel.<\/p>\r\n        <\/div>\r\n\r\n        <div class=\"clear\" style=\"height: 20px;\"><\/div>\r\n\r\n        <div>\r\n            <h3><i class=\"fa fa-map-marker\"><\/i> D\u00f3nde<\/h3>\r\n            <p>El <strong>Club Fin de Semana<\/strong> en Mungia se imparte en \r\n               <a href=\"https:\/\/www.google.es\/maps\/place\/Elaia+Akademia\/@43.3542365,-2.8514453,17z\/data=!3m1!4b1!4m5!3m4!1s0xd4e46a2e17a0995:0xbececac6bae4bd04!8m2!\r\n                  3d43.3542326!4d-2.8492566?hl=es&#038;authuser=0\" target=\"_blanc\" rel=\"nofollow noopener noreferrer\">Elaia Akademia<\/a> \r\n               (Errekatxu Kalea, 9, 48100 Mungia, Bizkaia) &nbsp;\r\n               <img loading=\"lazy\" decoding=\"async\" src=\"https:\/\/camptecnologico.com\/inicio\/wp-content\/uploads\/2016\/10\/logo-elaia.jpg\" width=\"100\" height=\"100\" \/>\r\n        <\/p><\/div>\r\n\r\n        <div class=\"fourcol column\">\r\n            <h3><i class=\"fa fa-money\" aria-hidden=\"true\"><\/i> Precios<\/h3>\r\n            <p>Descuento campa\u00f1a 10\u00ba aniversario<\/p>\r\n            <ul>\r\n    \t        <li><span class=\"tachaprecio\">47\u20ac\/mes<\/span> <span style=\"font-size: 1.7em;\"> <strong>42\u20ac\/mes<\/strong><\/span><\/li>\r\n            <\/ul>\r\n            <p style=\"font-size: 1.5em;color:#0000FF;\">Cuota fija durante todo el curso.<\/p>\r\n        <\/div>\r\n        <div class=\"fourcol column\">\r\n            <h3><i class=\"fa fa-money\" aria-hidden=\"true\"><\/i> Descuentos adicionales<\/h3>\r\n            <ul>\r\n     \t        <li>Plan Gaztedi-Kutxabank: <strong>-10%<\/strong><\/li>\r\n \t        <li>Antiguos alumnos: <strong>-10%<\/strong><\/li>\r\n            <\/ul>\r\n        <\/div>\r\n        <div class=\"fourcol column last\">\r\n            <h3><i class=\"fa fa-university\" aria-hidden=\"true\"><\/i> Forma de pago<\/h3>\r\n            <p>Domiciliaci\u00f3n bancaria (d\u00eda 10 de cada mes)<\/p>\r\n            <ul>\r\n               <li>1\u00ba trimestre curso 2019-20,<br \/>&nbsp;&nbsp;&nbsp;&nbsp;&nbsp;<strong>3 recibos de Octubre a Diciembre<\/strong><\/li>\r\n               <li>2\u00ba y 3\u00ba trimestre curso 2019-20,<br \/>&nbsp;&nbsp;&nbsp;&nbsp;&nbsp;<strong>6 recibos de Enero a Junio<\/strong><\/li>\r\n            <\/ul>\r\n        <\/div>\r\n        <div class=\"clear\"><\/div>\r\n\r\n<hr \/>\r\n\r\n        <div class=\"eightcol column\" style=\"text-align:center;\">\r\n            <h3><i class=\"fa fa-calendar\"><\/i> Fechas<\/h3>\r\n                <img loading=\"lazy\" decoding=\"async\" src=\"https:\/\/camptecnologico.com\/inicio\/wp-content\/uploads\/Calendario_Mungia.jpg\" alt=\"\" width=\"878\" height=\"492\" \/>\r\n        <\/div>\r\n\r\n        <div class=\"fourcol column last\">\r\n            <h3><i class=\"fa fa-clock-o\" aria-hidden=\"true\"><\/i> Horario<\/h3>\r\n            <ul>\r\n \t        <li>S\u00e1bado tarde: de 17:00 a 18:30h<\/li>\r\n            <\/ul>\r\n            <p style=\"margin-top: 40px; text-align:center;\">\r\n                <a class=\"button large primary\" href=\"https:\/\/camptecnologico.com\/inicio\/inscripcion-clubs\/\" title=\"Incripci\u00f3n Club Tecnol\u00f3gico Basauri\">\r\n                  <i class=\"fa fa-location-arrow\" aria-hidden=\"true\"><\/i> Inscripci\u00f3n Club<\/a>\r\n            <\/p>\r\n        <\/div>\r\n        <div class=\"clear\"><\/div>\r\n\r\n<hr \/>\r\n\r\n        <spam style=\"color:#CC0000;font-weight: bold; font-size: 2.0em;\">AVISO:<\/spam>\r\n        <spam style=\"font-size: 1.7em;\">La realizaci\u00f3n de los clubs esta sujeta a alcanzar un grupo m\u00ednimo de asistentes al turno elegido. \r\n            En caso de no ser factible, desde la organizaci\u00f3n les ofreceremos las alternativas existentes.<\/spam>\r\n    <\/div>\r\n<\/div>","protected":false},"excerpt":{"rendered":"Informaci\u00f3n de Fechas, Horarios, Precios y Descuentos [wpv-view name=\u00bbclubs-munguia\u00bb] &nbsp; Informaci\u00f3n General Los alumnos que ya hayan estado en los clubs del fin de semana o en campamentos el a\u00f1o anterior, realizar\u00e1n proyectos y actividades espec\u00edficas a su nivel. D\u00f3nde El Club Fin de Semana en Mungia se imparte en Elaia Akademia (Errekatxu Kalea, 9, [&hellip;]","protected":false},"author":21,"featured_media":22336,"parent":34222,"menu_order":0,"comment_status":"open","ping_status":"open","template":"","meta":{"footnotes":"","_links_to":"","_links_to_target":""},"class_list":["post-22282","page","type-page","status-publish","has-post-thumbnail","hentry"],"yoast_head":"<!-- This site is optimized with the Yoast SEO plugin v22.6 - https:\/\/yoast.com\/wordpress\/plugins\/seo\/ -->\n<title>Club Tecnol\u00f3gico Fin de Semana en Mungia - Curso 2019-20<\/title>\n<meta name=\"description\" content=\"Los fines de semana del curso escolar 2017\/2018 ven al Club Tecnol\u00f3gico de Fin de Semana en Mungia. De 9 a 12 a\u00f1os. Diversi\u00f3n pedag\u00f3gica. \u00a1Ap\u00fantales!\" \/>\n<meta name=\"robots\" content=\"noindex, follow, max-snippet:-1, max-image-preview:large, max-video-preview:-1\" \/>\n<meta property=\"og:locale\" content=\"es_ES\" \/>\n<meta property=\"og:type\" content=\"article\" \/>\n<meta property=\"og:title\" content=\"Club Tecnol\u00f3gico Fin de Semana en Mungia - Curso 2019-20\" \/>\n<meta property=\"og:description\" content=\"Los fines de semana del curso escolar 2017\/2018 ven al Club Tecnol\u00f3gico de Fin de Semana en Mungia. De 9 a 12 a\u00f1os. Diversi\u00f3n pedag\u00f3gica. \u00a1Ap\u00fantales!\" \/>\n<meta property=\"og:url\" content=\"https:\/\/camptecnologico.com\/inicio\/club-fin-de-semana\/mungia\/\" \/>\n<meta property=\"og:site_name\" content=\"Camp Tecnologico\" \/>\n<meta property=\"article:publisher\" content=\"https:\/\/www.facebook.com\/camptecnologico\/\" \/>\n<meta property=\"article:modified_time\" content=\"2020-02-20T18:25:38+00:00\" \/>\n<meta property=\"og:image\" content=\"https:\/\/camptecnologico.com\/inicio\/wp-content\/uploads\/2016\/10\/robotica-mungia-tecnologia.jpg\" \/>\n\t<meta property=\"og:image:width\" content=\"800\" \/>\n\t<meta property=\"og:image:height\" content=\"417\" \/>\n\t<meta property=\"og:image:type\" content=\"image\/jpeg\" \/>\n<meta name=\"twitter:card\" content=\"summary_large_image\" \/>\n<meta name=\"twitter:site\" content=\"@CampTecnologico\" \/>\n<meta name=\"twitter:label1\" content=\"Tiempo de lectura\" \/>\n\t<meta name=\"twitter:data1\" content=\"1 minuto\" \/>\n<!-- \/ Yoast SEO plugin. -->","yoast_head_json":{"title":"Club Tecnol\u00f3gico Fin de Semana en Mungia - Curso 2019-20","description":"Los fines de semana del curso escolar 2017\/2018 ven al Club Tecnol\u00f3gico de Fin de Semana en Mungia. De 9 a 12 a\u00f1os. Diversi\u00f3n pedag\u00f3gica. \u00a1Ap\u00fantales!","robots":{"index":"noindex","follow":"follow","max-snippet":"max-snippet:-1","max-image-preview":"max-image-preview:large","max-video-preview":"max-video-preview:-1"},"og_locale":"es_ES","og_type":"article","og_title":"Club Tecnol\u00f3gico Fin de Semana en Mungia - Curso 2019-20","og_description":"Los fines de semana del curso escolar 2017\/2018 ven al Club Tecnol\u00f3gico de Fin de Semana en Mungia. De 9 a 12 a\u00f1os. Diversi\u00f3n pedag\u00f3gica. \u00a1Ap\u00fantales!","og_url":"https:\/\/camptecnologico.com\/inicio\/club-fin-de-semana\/mungia\/","og_site_name":"Camp Tecnologico","article_publisher":"https:\/\/www.facebook.com\/camptecnologico\/","article_modified_time":"2020-02-20T18:25:38+00:00","og_image":[{"width":800,"height":417,"url":"https:\/\/camptecnologico.com\/inicio\/wp-content\/uploads\/2016\/10\/robotica-mungia-tecnologia.jpg","type":"image\/jpeg"}],"twitter_card":"summary_large_image","twitter_site":"@CampTecnologico","twitter_misc":{"Tiempo de lectura":"1 minuto"},"schema":{"@context":"https:\/\/schema.org","@graph":[{"@type":"WebPage","@id":"https:\/\/camptecnologico.com\/inicio\/club-fin-de-semana\/mungia\/","url":"https:\/\/camptecnologico.com\/inicio\/club-fin-de-semana\/mungia\/","name":"Club Tecnol\u00f3gico Fin de Semana en Mungia - Curso 2019-20","isPartOf":{"@id":"https:\/\/camptecnologico.com\/inicio\/#website"},"primaryImageOfPage":{"@id":"https:\/\/camptecnologico.com\/inicio\/club-fin-de-semana\/mungia\/#primaryimage"},"image":{"@id":"https:\/\/camptecnologico.com\/inicio\/club-fin-de-semana\/mungia\/#primaryimage"},"thumbnailUrl":"https:\/\/camptecnologico.com\/inicio\/wp-content\/uploads\/2016\/10\/robotica-mungia-tecnologia.jpg","datePublished":"2016-10-10T15:05:28+00:00","dateModified":"2020-02-20T18:25:38+00:00","description":"Los fines de semana del curso escolar 2017\/2018 ven al Club Tecnol\u00f3gico de Fin de Semana en Mungia. De 9 a 12 a\u00f1os. Diversi\u00f3n pedag\u00f3gica. \u00a1Ap\u00fantales!","breadcrumb":{"@id":"https:\/\/camptecnologico.com\/inicio\/club-fin-de-semana\/mungia\/#breadcrumb"},"inLanguage":"es","potentialAction":[{"@type":"ReadAction","target":["https:\/\/camptecnologico.com\/inicio\/club-fin-de-semana\/mungia\/"]}]},{"@type":"ImageObject","inLanguage":"es","@id":"https:\/\/camptecnologico.com\/inicio\/club-fin-de-semana\/mungia\/#primaryimage","url":"https:\/\/camptecnologico.com\/inicio\/wp-content\/uploads\/2016\/10\/robotica-mungia-tecnologia.jpg","contentUrl":"https:\/\/camptecnologico.com\/inicio\/wp-content\/uploads\/2016\/10\/robotica-mungia-tecnologia.jpg","width":800,"height":417,"caption":"Tecnolog\u00eda, rob\u00f3tica, club tecnol\u00f3gico, Mungia"},{"@type":"BreadcrumbList","@id":"https:\/\/camptecnologico.com\/inicio\/club-fin-de-semana\/mungia\/#breadcrumb","itemListElement":[{"@type":"ListItem","position":1,"name":"Home","item":"https:\/\/camptecnologico.com\/"},{"@type":"ListItem","position":2,"name":"Club Tecnol\u00f3gico Fin de Semana Curso 2020-21","item":"https:\/\/camptecnologico.com\/inicio\/club-fin-de-semana\/"},{"@type":"ListItem","position":3,"name":"Club Tecnol\u00f3gico Fin de Semana en Mungia &#8211; Curso 2019-20"}]},{"@type":"WebSite","@id":"https:\/\/camptecnologico.com\/inicio\/#website","url":"https:\/\/camptecnologico.com\/inicio\/","name":"Camp Tecnologico","description":"Campamento tecnol\u00f3gico para ni\u00f1os y j\u00f3venes. Tecnolog\u00eda para ni\u00f1os. Minecraft.","publisher":{"@id":"https:\/\/camptecnologico.com\/inicio\/#organization"},"potentialAction":[{"@type":"SearchAction","target":{"@type":"EntryPoint","urlTemplate":"https:\/\/camptecnologico.com\/inicio\/?s={search_term_string}"},"query-input":"required name=search_term_string"}],"inLanguage":"es"},{"@type":"Organization","@id":"https:\/\/camptecnologico.com\/inicio\/#organization","name":"Camp Tecnol\u00f3gico","url":"https:\/\/camptecnologico.com\/inicio\/","logo":{"@type":"ImageObject","inLanguage":"es","@id":"https:\/\/camptecnologico.com\/inicio\/#\/schema\/logo\/image\/","url":"https:\/\/camptecnologico.com\/inicio\/wp-content\/uploads\/logo1.jpg","contentUrl":"https:\/\/camptecnologico.com\/inicio\/wp-content\/uploads\/logo1.jpg","width":120,"height":120,"caption":"Camp Tecnol\u00f3gico"},"image":{"@id":"https:\/\/camptecnologico.com\/inicio\/#\/schema\/logo\/image\/"},"sameAs":["https:\/\/www.facebook.com\/camptecnologico\/","https:\/\/x.com\/CampTecnologico","https:\/\/www.instagram.com\/camptecnologico\/","https:\/\/www.linkedin.com\/company\/camptecnol-gico","https:\/\/www.youtube.com\/user\/CampTecologico"]}]}},"_links":{"self":[{"href":"https:\/\/camptecnologico.com\/inicio\/wp-json\/wp\/v2\/pages\/22282","targetHints":{"allow":["GET"]}}],"collection":[{"href":"https:\/\/camptecnologico.com\/inicio\/wp-json\/wp\/v2\/pages"}],"about":[{"href":"https:\/\/camptecnologico.com\/inicio\/wp-json\/wp\/v2\/types\/page"}],"author":[{"embeddable":true,"href":"https:\/\/camptecnologico.com\/inicio\/wp-json\/wp\/v2\/users\/21"}],"replies":[{"embeddable":true,"href":"https:\/\/camptecnologico.com\/inicio\/wp-json\/wp\/v2\/comments?post=22282"}],"version-history":[{"count":60,"href":"https:\/\/camptecnologico.com\/inicio\/wp-json\/wp\/v2\/pages\/22282\/revisions"}],"predecessor-version":[{"id":36011,"href":"https:\/\/camptecnologico.com\/inicio\/wp-json\/wp\/v2\/pages\/22282\/revisions\/36011"}],"up":[{"embeddable":true,"href":"https:\/\/camptecnologico.com\/inicio\/wp-json\/wp\/v2\/pages\/34222"}],"wp:featuredmedia":[{"embeddable":true,"href":"https:\/\/camptecnologico.com\/inicio\/wp-json\/wp\/v2\/media\/22336"}],"wp:attachment":[{"href":"https:\/\/camptecnologico.com\/inicio\/wp-json\/wp\/v2\/media?parent=22282"}],"curies":[{"name":"wp","href":"https:\/\/api.w.org\/{rel}","templated":true}]}}