




{"id":21219,"date":"2016-08-23T13:13:39","date_gmt":"2016-08-23T12:13:39","guid":{"rendered":"https:\/\/camptecnologico.com\/inicio\/?page_id=21219"},"modified":"2018-10-11T11:59:06","modified_gmt":"2018-10-11T10:59:06","slug":"extraescolares-tecnologia-robotica-educativa","status":"publish","type":"page","link":"https:\/\/camptecnologico.com\/inicio\/extraescolares-tecnologia-robotica-educativa\/","title":{"rendered":"Extraescolares de Tecnolog\u00eda"},"content":{"rendered":"<h2>La mejor Extraescolar a la que le puedes apuntar<\/h2>\r\n\r\n<p>Si en tu centro escolar no se ofrecen <strong>Extraescolares de Rob\u00f3tica<\/strong>, <strong>Programaci\u00f3n<\/strong> Temprana y <strong>Electr\u00f3nica<\/strong> Divertida, puedes apuntarle a nuestras sedes de Bilbao y Barcelona (a partir de 12 a\u00f1os) de para acudir entre semana durante una hora en el horario que prefieras de lunes a viernes.<br \/><br \/>Los grupos est\u00e1n formados por edades y conocimientos. \u00a1S\u00f3lo tienes que elegir el d\u00eda de la semana y la hora!<\/p>\r\n\r\n<p>\r\n    <center>\r\n        <a class=\"button medium\" href=\"https:\/\/camptecnologico.com\/inicio\/talleres-tecnologicos-para-ninos\/\">Informaci\u00f3n Bilbao<\/a>\r\n\r\n        &nbsp;&nbsp;&nbsp;\r\n        <a class=\"button medium\" href=\"https:\/\/camptecnologico.com\/inicio\/extraescolares-barcelona\">Informaci\u00f3n Barcelona \r\n   <\/a><\/center>\r\n<\/p>\r\n\r\n<div id=\"talleres\">\r\n    <div class=\"talleres-fila\">\r\n\t<div id=\"fichaclubconborde\">\r\n\t    <img loading=\"lazy\" decoding=\"async\" src=\"https:\/\/camptecnologico.com\/inicio\/wp-content\/uploads\/2016\/08\/Extraescolares_club_2016-17.jpg\" alt=\"extraescolares_club_2016-17\" width=\"758\" height=\"212\" \r\n                     class=\"alignleft size-full wp-image-21809\" \/>\r\n            <br \/>\r\n        \r\n            <br \/>\r\n\t    <h2>Extraescolares de Rob\u00f3tica y Programaci\u00f3n<\/h2>\r\n<!--        <p><i class=\"fa fa-map-marker\" aria-hidden=\"true\"><\/i> <a href=\"https:\/\/camptecnologico.com\/inicio\/extraescolares-barcelona\/\">Barcelona-L'Eixample<\/a>-->\r\n            <p><i class=\"fa fa-map-marker\" aria-hidden=\"true\"><\/i> <a href=\"https:\/\/camptecnologico.com\/inicio\/talleres-tecnologicos-para-ninos\/\">Bilbao &#8211; Azkuna Zentroa (Alh\u00f3ndiga)<\/a><\/p> \r\n\r\n\t    <p><i class=\"fa fa-birthday-cake\"><\/i> Niveles: Infantil y Primaria (4-6 a\u00f1os)| 2\u00ba-3\u00ba-4\u00ba (7-9 a\u00f1os)| 5\u00ba-6\u00ba y 1\u00baESO (10-12 a\u00f1os) | 2\u00baESO (A partir de 13 a\u00f1os)<\/p>\r\n\t    <p><i class=\"fa fa-calendar\"><\/i> De Octubre a Mayo | Sesiones semanales<\/p>\r\n\t\t\r\n\t    <p><strong>Descripci\u00f3n<\/strong>: Las <strong>Extraescolares de Rob\u00f3tica<\/strong>, <strong>Programaci\u00f3n<\/strong> y <strong>Electr\u00f3nica<\/strong> permite a sus participantes recorrer durante un curso escolar diversas tecnolog\u00edas del mundo de la rob\u00f3tica, la programaci\u00f3n y la tecnolog\u00eda. El itinerario contin\u00faa con aprendizajes de mayor complejidad y la introducci\u00f3n de nuevas tecnolog\u00edas. La actividad en su nivel avanzado est\u00e1 orientada al aprendizaje de programaci\u00f3n, la electr\u00f3nica y tecnolog\u00edas varias que son clave para la creaci\u00f3n de proyectos reales de rob\u00f3tica.<\/p>\r\n            <p><strong>Recomendado<\/strong>: Ni\u00f1as\/os a partir de 4 a\u00f1os que no tienen este tipo de extraescolares ofertado en su Centro Educativo y los tutores son conscientes de la importancia de adquirir estas habilidades completando el sistema curricular actual.<\/p>\r\n\t\t\t\t\r\n\t<\/div>\r\n    <\/div>\r\n<\/div>","protected":false},"excerpt":{"rendered":"La mejor Extraescolar a la que le puedes apuntar Si en tu centro escolar no se ofrecen Extraescolares de Rob\u00f3tica, Programaci\u00f3n Temprana y Electr\u00f3nica Divertida, puedes apuntarle a nuestras sedes de Bilbao y Barcelona (a partir de 12 a\u00f1os) de para acudir entre semana durante una hora en el horario que prefieras de lunes a [&hellip;]","protected":false},"author":27,"featured_media":35199,"parent":0,"menu_order":1,"comment_status":"open","ping_status":"closed","template":"template-right.php","meta":{"footnotes":"","_links_to":"","_links_to_target":""},"class_list":["post-21219","page","type-page","status-publish","has-post-thumbnail","hentry"],"yoast_head":"<!-- This site is optimized with the Yoast SEO plugin v22.6 - https:\/\/yoast.com\/wordpress\/plugins\/seo\/ -->\n<title>Extraescolares de Rob\u00f3tica y Programaci\u00f3n | A partir de 4 a\u00f1os<\/title>\n<meta name=\"description\" content=\"Extraescolares de Rob\u00f3tica y Programaci\u00f3n (curso 2018\/2019). Bilbao, Donostia, Vitoria, Madrid, Barcelona. Aprender Tecnolog\u00eda de forma divertida \u00a1Ap\u00fantale!\" \/>\n<meta name=\"robots\" content=\"noindex, follow, max-snippet:-1, max-image-preview:large, max-video-preview:-1\" \/>\n<meta property=\"og:locale\" content=\"es_ES\" \/>\n<meta property=\"og:type\" content=\"article\" \/>\n<meta property=\"og:title\" content=\"Extraescolares de Rob\u00f3tica y Programaci\u00f3n | A partir de 4 a\u00f1os\" \/>\n<meta property=\"og:description\" content=\"Extraescolares de Rob\u00f3tica y Programaci\u00f3n (curso 2018\/2019). Bilbao, Donostia, Vitoria, Madrid, Barcelona. Aprender Tecnolog\u00eda de forma divertida \u00a1Ap\u00fantale!\" \/>\n<meta property=\"og:url\" content=\"https:\/\/camptecnologico.com\/inicio\/extraescolares-tecnologia-robotica-educativa\/\" \/>\n<meta property=\"og:site_name\" content=\"Camp Tecnologico\" \/>\n<meta property=\"article:publisher\" content=\"https:\/\/www.facebook.com\/camptecnologico\/\" \/>\n<meta property=\"article:modified_time\" content=\"2018-10-11T10:59:06+00:00\" \/>\n<meta property=\"og:image\" content=\"https:\/\/camptecnologico.com\/inicio\/wp-content\/uploads\/Extraescolares_club_2018-19.jpg\" \/>\n\t<meta property=\"og:image:width\" content=\"400\" \/>\n\t<meta property=\"og:image:height\" content=\"235\" \/>\n\t<meta property=\"og:image:type\" content=\"image\/jpeg\" \/>\n<meta name=\"twitter:card\" content=\"summary_large_image\" \/>\n<meta name=\"twitter:site\" content=\"@CampTecnologico\" \/>\n<meta name=\"twitter:label1\" content=\"Tiempo de lectura\" \/>\n\t<meta name=\"twitter:data1\" content=\"1 minuto\" \/>\n<!-- \/ Yoast SEO plugin. -->","yoast_head_json":{"title":"Extraescolares de Rob\u00f3tica y Programaci\u00f3n | A partir de 4 a\u00f1os","description":"Extraescolares de Rob\u00f3tica y Programaci\u00f3n (curso 2018\/2019). Bilbao, Donostia, Vitoria, Madrid, Barcelona. Aprender Tecnolog\u00eda de forma divertida \u00a1Ap\u00fantale!","robots":{"index":"noindex","follow":"follow","max-snippet":"max-snippet:-1","max-image-preview":"max-image-preview:large","max-video-preview":"max-video-preview:-1"},"og_locale":"es_ES","og_type":"article","og_title":"Extraescolares de Rob\u00f3tica y Programaci\u00f3n | A partir de 4 a\u00f1os","og_description":"Extraescolares de Rob\u00f3tica y Programaci\u00f3n (curso 2018\/2019). Bilbao, Donostia, Vitoria, Madrid, Barcelona. Aprender Tecnolog\u00eda de forma divertida \u00a1Ap\u00fantale!","og_url":"https:\/\/camptecnologico.com\/inicio\/extraescolares-tecnologia-robotica-educativa\/","og_site_name":"Camp Tecnologico","article_publisher":"https:\/\/www.facebook.com\/camptecnologico\/","article_modified_time":"2018-10-11T10:59:06+00:00","og_image":[{"width":400,"height":235,"url":"https:\/\/camptecnologico.com\/inicio\/wp-content\/uploads\/Extraescolares_club_2018-19.jpg","type":"image\/jpeg"}],"twitter_card":"summary_large_image","twitter_site":"@CampTecnologico","twitter_misc":{"Tiempo de lectura":"1 minuto"},"schema":{"@context":"https:\/\/schema.org","@graph":[{"@type":"WebPage","@id":"https:\/\/camptecnologico.com\/inicio\/extraescolares-tecnologia-robotica-educativa\/","url":"https:\/\/camptecnologico.com\/inicio\/extraescolares-tecnologia-robotica-educativa\/","name":"Extraescolares de Rob\u00f3tica y Programaci\u00f3n | A partir de 4 a\u00f1os","isPartOf":{"@id":"https:\/\/camptecnologico.com\/inicio\/#website"},"primaryImageOfPage":{"@id":"https:\/\/camptecnologico.com\/inicio\/extraescolares-tecnologia-robotica-educativa\/#primaryimage"},"image":{"@id":"https:\/\/camptecnologico.com\/inicio\/extraescolares-tecnologia-robotica-educativa\/#primaryimage"},"thumbnailUrl":"https:\/\/camptecnologico.com\/inicio\/wp-content\/uploads\/Extraescolares_club_2018-19.jpg","datePublished":"2016-08-23T12:13:39+00:00","dateModified":"2018-10-11T10:59:06+00:00","description":"Extraescolares de Rob\u00f3tica y Programaci\u00f3n (curso 2018\/2019). Bilbao, Donostia, Vitoria, Madrid, Barcelona. Aprender Tecnolog\u00eda de forma divertida \u00a1Ap\u00fantale!","breadcrumb":{"@id":"https:\/\/camptecnologico.com\/inicio\/extraescolares-tecnologia-robotica-educativa\/#breadcrumb"},"inLanguage":"es","potentialAction":[{"@type":"ReadAction","target":["https:\/\/camptecnologico.com\/inicio\/extraescolares-tecnologia-robotica-educativa\/"]}]},{"@type":"ImageObject","inLanguage":"es","@id":"https:\/\/camptecnologico.com\/inicio\/extraescolares-tecnologia-robotica-educativa\/#primaryimage","url":"https:\/\/camptecnologico.com\/inicio\/wp-content\/uploads\/Extraescolares_club_2018-19.jpg","contentUrl":"https:\/\/camptecnologico.com\/inicio\/wp-content\/uploads\/Extraescolares_club_2018-19.jpg","width":400,"height":235},{"@type":"BreadcrumbList","@id":"https:\/\/camptecnologico.com\/inicio\/extraescolares-tecnologia-robotica-educativa\/#breadcrumb","itemListElement":[{"@type":"ListItem","position":1,"name":"Home","item":"https:\/\/camptecnologico.com\/"},{"@type":"ListItem","position":2,"name":"Extraescolares de Tecnolog\u00eda"}]},{"@type":"WebSite","@id":"https:\/\/camptecnologico.com\/inicio\/#website","url":"https:\/\/camptecnologico.com\/inicio\/","name":"Camp Tecnologico","description":"Campamento tecnol\u00f3gico para ni\u00f1os y j\u00f3venes. Tecnolog\u00eda para ni\u00f1os. Minecraft.","publisher":{"@id":"https:\/\/camptecnologico.com\/inicio\/#organization"},"potentialAction":[{"@type":"SearchAction","target":{"@type":"EntryPoint","urlTemplate":"https:\/\/camptecnologico.com\/inicio\/?s={search_term_string}"},"query-input":"required name=search_term_string"}],"inLanguage":"es"},{"@type":"Organization","@id":"https:\/\/camptecnologico.com\/inicio\/#organization","name":"Camp Tecnol\u00f3gico","url":"https:\/\/camptecnologico.com\/inicio\/","logo":{"@type":"ImageObject","inLanguage":"es","@id":"https:\/\/camptecnologico.com\/inicio\/#\/schema\/logo\/image\/","url":"https:\/\/camptecnologico.com\/inicio\/wp-content\/uploads\/logo1.jpg","contentUrl":"https:\/\/camptecnologico.com\/inicio\/wp-content\/uploads\/logo1.jpg","width":120,"height":120,"caption":"Camp Tecnol\u00f3gico"},"image":{"@id":"https:\/\/camptecnologico.com\/inicio\/#\/schema\/logo\/image\/"},"sameAs":["https:\/\/www.facebook.com\/camptecnologico\/","https:\/\/x.com\/CampTecnologico","https:\/\/www.instagram.com\/camptecnologico\/","https:\/\/www.linkedin.com\/company\/camptecnol-gico","https:\/\/www.youtube.com\/user\/CampTecologico"]}]}},"_links":{"self":[{"href":"https:\/\/camptecnologico.com\/inicio\/wp-json\/wp\/v2\/pages\/21219","targetHints":{"allow":["GET"]}}],"collection":[{"href":"https:\/\/camptecnologico.com\/inicio\/wp-json\/wp\/v2\/pages"}],"about":[{"href":"https:\/\/camptecnologico.com\/inicio\/wp-json\/wp\/v2\/types\/page"}],"author":[{"embeddable":true,"href":"https:\/\/camptecnologico.com\/inicio\/wp-json\/wp\/v2\/users\/27"}],"replies":[{"embeddable":true,"href":"https:\/\/camptecnologico.com\/inicio\/wp-json\/wp\/v2\/comments?post=21219"}],"version-history":[{"count":8,"href":"https:\/\/camptecnologico.com\/inicio\/wp-json\/wp\/v2\/pages\/21219\/revisions"}],"predecessor-version":[{"id":35202,"href":"https:\/\/camptecnologico.com\/inicio\/wp-json\/wp\/v2\/pages\/21219\/revisions\/35202"}],"wp:featuredmedia":[{"embeddable":true,"href":"https:\/\/camptecnologico.com\/inicio\/wp-json\/wp\/v2\/media\/35199"}],"wp:attachment":[{"href":"https:\/\/camptecnologico.com\/inicio\/wp-json\/wp\/v2\/media?parent=21219"}],"curies":[{"name":"wp","href":"https:\/\/api.w.org\/{rel}","templated":true}]}}