




{"id":21151,"date":"2016-08-18T11:39:44","date_gmt":"2016-08-18T10:39:44","guid":{"rendered":"https:\/\/camptecnologico.com\/inicio\/?page_id=21151"},"modified":"2018-06-19T17:14:58","modified_gmt":"2018-06-19T16:14:58","slug":"la-tecnologia-en-la-educacion","status":"publish","type":"page","link":"https:\/\/camptecnologico.com\/inicio\/la-tecnologia-en-la-educacion\/","title":{"rendered":"La Tecnolog\u00eda en la Educaci\u00f3n"},"content":{"rendered":"<div class=\"row\" style=\"margin-left: 50px;\">\r\n\r\n<h3>Implantaci\u00f3n Curricular, la tecnolog\u00eda en la educaci\u00f3n<\/h3>\r\n\r\n<p>Estamos todos\/as en el mismo barco, la implantaci\u00f3n de la tecnolog\u00eda educativa en secundaria es una compleja tarea, los profesionales que estamos en ello, tanto en centros educativos como en las empresas de servicio asociadas, lo sabemos.\r\nCamp Tecnol\u00f3gico est\u00e1 para, en coordinaci\u00f3n con jefes de estudios, direcci\u00f3n y profesorado  aportar conocimiento, experiencia y recursos materiales en preparar de forma espec\u00edfica contenidos y secuencia did\u00e1cticas homologables con los requerimientos del curr\u00edculo.\r\nMantenemos en la actualidad acuerdos con varios centros educativos de referencia para la implantaci\u00f3n curricular de la tecnolog\u00eda. De todos ellos  podemos darles referencia; Ll\u00e1manos y hablamos.<\/p>\r\n\r\n<br\/>\r\n\r\n<center><a class=\"button large primary\" href=\"https:\/\/camptecnologico.com\/inicio\/clases-extraescolares-colegio\/\" target=\"_blank\" title=\"Contacto Centro Escolar\">Informaci\u00f3n y Contacto para mi Centro Escolar<\/a><\/center>\r\n\r\n<\/div>","protected":false},"excerpt":{"rendered":"Implantaci\u00f3n Curricular, la tecnolog\u00eda en la educaci\u00f3n Estamos todos\/as en el mismo barco, la implantaci\u00f3n de la tecnolog\u00eda educativa en secundaria es una compleja tarea, los profesionales que estamos en ello, tanto en centros educativos como en las empresas de servicio asociadas, lo sabemos. Camp Tecnol\u00f3gico est\u00e1 para, en coordinaci\u00f3n con jefes de estudios, direcci\u00f3n [&hellip;]","protected":false},"author":27,"featured_media":49704,"parent":0,"menu_order":1,"comment_status":"open","ping_status":"closed","template":"template-right.php","meta":{"footnotes":"","_links_to":"","_links_to_target":""},"class_list":["post-21151","page","type-page","status-publish","has-post-thumbnail","hentry"],"yoast_head":"<!-- This site is optimized with the Yoast SEO plugin v22.6 - https:\/\/yoast.com\/wordpress\/plugins\/seo\/ -->\n<title>La Tecnolog\u00eda en la Educaci\u00f3n | Camp Tecnol\u00f3gico<\/title>\n<meta name=\"description\" content=\"La tecnolog\u00eda en la Educaci\u00f3n debe ser el foco de todo Centro Educativo. Os ofrecemos toda nuestra experiencia para la implantaci\u00f3n curricular. Contacta.\" \/>\n<meta name=\"robots\" content=\"noindex, follow\" \/>\n<meta property=\"og:locale\" content=\"es_ES\" \/>\n<meta property=\"og:type\" content=\"article\" \/>\n<meta property=\"og:title\" content=\"La Tecnolog\u00eda en la Educaci\u00f3n | Camp Tecnol\u00f3gico\" \/>\n<meta property=\"og:description\" content=\"La tecnolog\u00eda en la Educaci\u00f3n debe ser el foco de todo Centro Educativo. Os ofrecemos toda nuestra experiencia para la implantaci\u00f3n curricular. Contacta.\" \/>\n<meta property=\"og:url\" content=\"https:\/\/camptecnologico.com\/inicio\/la-tecnologia-en-la-educacion\/\" \/>\n<meta property=\"og:site_name\" content=\"Camp Tecnologico\" \/>\n<meta property=\"article:publisher\" content=\"https:\/\/www.facebook.com\/camptecnologico\/\" \/>\n<meta property=\"article:modified_time\" content=\"2018-06-19T16:14:58+00:00\" \/>\n<meta property=\"og:image\" content=\"https:\/\/camptecnologico.com\/inicio\/wp-content\/uploads\/industry-4.0camptec-1.jpg\" \/>\n\t<meta property=\"og:image:width\" content=\"400\" \/>\n\t<meta property=\"og:image:height\" content=\"235\" \/>\n\t<meta property=\"og:image:type\" content=\"image\/jpeg\" \/>\n<meta name=\"twitter:card\" content=\"summary_large_image\" \/>\n<meta name=\"twitter:site\" content=\"@CampTecnologico\" \/>\n<meta name=\"twitter:label1\" content=\"Tiempo de lectura\" \/>\n\t<meta name=\"twitter:data1\" content=\"1 minuto\" \/>\n<!-- \/ Yoast SEO plugin. -->","yoast_head_json":{"title":"La Tecnolog\u00eda en la Educaci\u00f3n | Camp Tecnol\u00f3gico","description":"La tecnolog\u00eda en la Educaci\u00f3n debe ser el foco de todo Centro Educativo. Os ofrecemos toda nuestra experiencia para la implantaci\u00f3n curricular. Contacta.","robots":{"index":"noindex","follow":"follow"},"og_locale":"es_ES","og_type":"article","og_title":"La Tecnolog\u00eda en la Educaci\u00f3n | Camp Tecnol\u00f3gico","og_description":"La tecnolog\u00eda en la Educaci\u00f3n debe ser el foco de todo Centro Educativo. Os ofrecemos toda nuestra experiencia para la implantaci\u00f3n curricular. Contacta.","og_url":"https:\/\/camptecnologico.com\/inicio\/la-tecnologia-en-la-educacion\/","og_site_name":"Camp Tecnologico","article_publisher":"https:\/\/www.facebook.com\/camptecnologico\/","article_modified_time":"2018-06-19T16:14:58+00:00","og_image":[{"width":400,"height":235,"url":"https:\/\/camptecnologico.com\/inicio\/wp-content\/uploads\/industry-4.0camptec-1.jpg","type":"image\/jpeg"}],"twitter_card":"summary_large_image","twitter_site":"@CampTecnologico","twitter_misc":{"Tiempo de lectura":"1 minuto"},"schema":{"@context":"https:\/\/schema.org","@graph":[{"@type":"WebPage","@id":"https:\/\/camptecnologico.com\/inicio\/la-tecnologia-en-la-educacion\/","url":"https:\/\/camptecnologico.com\/inicio\/la-tecnologia-en-la-educacion\/","name":"La Tecnolog\u00eda en la Educaci\u00f3n | Camp Tecnol\u00f3gico","isPartOf":{"@id":"https:\/\/camptecnologico.com\/inicio\/#website"},"primaryImageOfPage":{"@id":"https:\/\/camptecnologico.com\/inicio\/la-tecnologia-en-la-educacion\/#primaryimage"},"image":{"@id":"https:\/\/camptecnologico.com\/inicio\/la-tecnologia-en-la-educacion\/#primaryimage"},"thumbnailUrl":"https:\/\/camptecnologico.com\/inicio\/wp-content\/uploads\/industry-4.0camptec-1.jpg","datePublished":"2016-08-18T10:39:44+00:00","dateModified":"2018-06-19T16:14:58+00:00","description":"La tecnolog\u00eda en la Educaci\u00f3n debe ser el foco de todo Centro Educativo. Os ofrecemos toda nuestra experiencia para la implantaci\u00f3n curricular. Contacta.","breadcrumb":{"@id":"https:\/\/camptecnologico.com\/inicio\/la-tecnologia-en-la-educacion\/#breadcrumb"},"inLanguage":"es","potentialAction":[{"@type":"ReadAction","target":["https:\/\/camptecnologico.com\/inicio\/la-tecnologia-en-la-educacion\/"]}]},{"@type":"ImageObject","inLanguage":"es","@id":"https:\/\/camptecnologico.com\/inicio\/la-tecnologia-en-la-educacion\/#primaryimage","url":"https:\/\/camptecnologico.com\/inicio\/wp-content\/uploads\/industry-4.0camptec-1.jpg","contentUrl":"https:\/\/camptecnologico.com\/inicio\/wp-content\/uploads\/industry-4.0camptec-1.jpg","width":400,"height":235},{"@type":"BreadcrumbList","@id":"https:\/\/camptecnologico.com\/inicio\/la-tecnologia-en-la-educacion\/#breadcrumb","itemListElement":[{"@type":"ListItem","position":1,"name":"Home","item":"https:\/\/camptecnologico.com\/"},{"@type":"ListItem","position":2,"name":"La Tecnolog\u00eda en la Educaci\u00f3n"}]},{"@type":"WebSite","@id":"https:\/\/camptecnologico.com\/inicio\/#website","url":"https:\/\/camptecnologico.com\/inicio\/","name":"Camp Tecnologico","description":"Campamento tecnol\u00f3gico para ni\u00f1os y j\u00f3venes. Tecnolog\u00eda para ni\u00f1os. Minecraft.","publisher":{"@id":"https:\/\/camptecnologico.com\/inicio\/#organization"},"potentialAction":[{"@type":"SearchAction","target":{"@type":"EntryPoint","urlTemplate":"https:\/\/camptecnologico.com\/inicio\/?s={search_term_string}"},"query-input":"required name=search_term_string"}],"inLanguage":"es"},{"@type":"Organization","@id":"https:\/\/camptecnologico.com\/inicio\/#organization","name":"Camp Tecnol\u00f3gico","url":"https:\/\/camptecnologico.com\/inicio\/","logo":{"@type":"ImageObject","inLanguage":"es","@id":"https:\/\/camptecnologico.com\/inicio\/#\/schema\/logo\/image\/","url":"https:\/\/camptecnologico.com\/inicio\/wp-content\/uploads\/logo1.jpg","contentUrl":"https:\/\/camptecnologico.com\/inicio\/wp-content\/uploads\/logo1.jpg","width":120,"height":120,"caption":"Camp Tecnol\u00f3gico"},"image":{"@id":"https:\/\/camptecnologico.com\/inicio\/#\/schema\/logo\/image\/"},"sameAs":["https:\/\/www.facebook.com\/camptecnologico\/","https:\/\/x.com\/CampTecnologico","https:\/\/www.instagram.com\/camptecnologico\/","https:\/\/www.linkedin.com\/company\/camptecnol-gico","https:\/\/www.youtube.com\/user\/CampTecologico"]}]}},"_links":{"self":[{"href":"https:\/\/camptecnologico.com\/inicio\/wp-json\/wp\/v2\/pages\/21151","targetHints":{"allow":["GET"]}}],"collection":[{"href":"https:\/\/camptecnologico.com\/inicio\/wp-json\/wp\/v2\/pages"}],"about":[{"href":"https:\/\/camptecnologico.com\/inicio\/wp-json\/wp\/v2\/types\/page"}],"author":[{"embeddable":true,"href":"https:\/\/camptecnologico.com\/inicio\/wp-json\/wp\/v2\/users\/27"}],"replies":[{"embeddable":true,"href":"https:\/\/camptecnologico.com\/inicio\/wp-json\/wp\/v2\/comments?post=21151"}],"version-history":[{"count":5,"href":"https:\/\/camptecnologico.com\/inicio\/wp-json\/wp\/v2\/pages\/21151\/revisions"}],"predecessor-version":[{"id":33864,"href":"https:\/\/camptecnologico.com\/inicio\/wp-json\/wp\/v2\/pages\/21151\/revisions\/33864"}],"wp:featuredmedia":[{"embeddable":true,"href":"https:\/\/camptecnologico.com\/inicio\/wp-json\/wp\/v2\/media\/49704"}],"wp:attachment":[{"href":"https:\/\/camptecnologico.com\/inicio\/wp-json\/wp\/v2\/media?parent=21151"}],"curies":[{"name":"wp","href":"https:\/\/api.w.org\/{rel}","templated":true}]}}