




{"id":19419,"date":"2016-04-19T12:35:52","date_gmt":"2016-04-19T11:35:52","guid":{"rendered":"https:\/\/camptecnologico.com\/inicio\/?page_id=19419"},"modified":"2020-05-15T16:28:06","modified_gmt":"2020-05-15T15:28:06","slug":"durango","status":"publish","type":"page","link":"https:\/\/camptecnologico.com\/inicio\/campamentos-de-verano\/durango\/","title":{"rendered":"&#x2600;&#xfe0f;Campamentos de Rob\u00f3tica en Durango verano 2020"},"content":{"rendered":"<script>\r\n    sessionStorage.campus=5850;\r\n<\/script>\r\n\r\n<!----------------------------- NO TOCAR, SE DESMONTA LA PARTE DE INFORMACION GENERAL --------------------->\r\n<style type=\"text\/css\">\r\n#descripcion {\r\n    margin-top: 50px;\r\n}\r\n#descripcion .fourcol.column {\r\n    float: left;\r\n    display: block;\r\n}\r\n.column {  \r\n    margin-right: 2.6%;\r\n    display: inline-grid;float: none;\r\n}\r\n<\/style>\r\n<!-------------------------------------------------------------------------------------------------------\r\n\r\n<div class=\"row\" style=\"padding-bottom:10px;\">\r\n    <div style=\"text-align: center; margin: 0px 0px 20px 0px; \"\r\n        <p><spam style=\"color:#CC0000;font-weight: bold; font-size: 2.0em;\">ATENCI\u00d3N:<\/spam> \r\n        <spam style=\"font-size: 2.0em;\">Realiza la inscripci\u00f3n <strong>ahora<\/strong> con todas las promociones vigentes y <br \/><strong>\u00a1\u00a1\u00a1 no pagues hasta el 15 de mayo !!!<\/strong>.<\/spam>\r\n    <\/div>\r\n\r\n    <div class=\"fourcol column\" align=\"right\">\r\n        <strong>Nuestros talleres se segmentan en:<\/strong>\r\n    <\/div>\r\n    <div class=\"threecol column last\">\r\n        <ul>\r\n            <li> <span class=\"segmento_junior\">&nbsp;Junior: 1\u00ba-3\u00ba Primaria&nbsp;<\/span><\/li>\r\n            <li> <span class=\"segmento_genius\">&nbsp;Genius: 4\u00ba-6\u00ba Primaria y 1\u00ba-3\u00ba ESO&nbsp;<\/span><\/li>\r\n        <\/ul>  \r\n    <\/div>\r\n    <p style=\"margin-top:20px; text-align:center\";>\r\n        <span style=\"font-size: 1.2em;\"><strong>GRUPOS REDUCIDOS<\/strong><\/span>, 10 alumnos por monitor. Una metodolog\u00eda probada desde 2011 que nos diferencia de otras opciones del mercado.\r\n    <\/p>\r\n<\/div>\r\n\r\n<hr \/>\r\n\r\n<div class=\"row\">\r\n    <center>\r\n        [wpv-view name=\"talleres-durango-verano-microficha\"]\r\n       \r\n        <a href=\"https:\/\/camptecnologico.com\/inicio\/inscripcion\/\" class=\"button large primary\" rel=\"nofollow\">\r\n            <i class=\"fa fa-calendar\" aria-hidden=\"true\"><\/i> Calendario e <i class=\"fa fa-paper-plane\" aria-hidden=\"true\"><\/i> inscripci\u00f3n<\/a>\r\n    <\/center>\r\n<\/div>\r\n\r\n<hr \/>\r\n\r\n<div class=\"row\">\r\n    <h2>Informaci\u00f3n General<\/h2>\r\n    <div>\r\n        <h3><i class=\"fa fa-map-marker\" aria-hidden=\"true\"><\/i> D\u00f3nde<\/h3>\r\n        <p style=\"margin-bottom: 30px;\">\r\n            <strong>Los Campamentos se realizan en <spam style=\"font-weight: bold; font-size: 1.2em;\">Ibaizabal Ikastola<\/spam> \r\n                                         (Intxaurrondo kalea, 54 48200 Durango)&nbsp;\r\n            <a href=\"https:\/\/www.google.es\/maps\/place\/Durangaldeko+Ibaiz%C3%A1bal+Ikastola\/@43.1610371,-2.6326308,17z\/data=!3m1!4b1!4m5!3m4!1s0xd4e32bce4614b79:0x7ae2971c8b635573!\r\n                         8m2!3d43.1610332!4d-2.6304421?hl=es&authuser=0\" target=\"_blanc\" rel=\"nofollow noopener noreferrer\"> mapa<\/a><\/strong>\r\n        <\/p>\r\n    <\/div>\r\n    <div class=\"fourcol column\">\r\n        <h3><i class=\"fa fa-calendar\"><\/i> Fechas<\/h3>\r\n        <ul>\r\n \t    <li>29 de junio al 3 de julio<\/li>\r\n            <li>6 al 10 de julio<\/li>\r\n            <li>13 al 17 de julio<\/li>\r\n \t<\/ul>\r\n    <\/div>\r\n    <div class=\"fourcol column\">\r\n        <h3><i class=\"fa fa-clock-o\" aria-hidden=\"true\"><\/i> Horario<\/h3>\r\n        <ul>\r\n            <li>De 9.00 a 14.00 horas (5 horas \/d\u00eda).<\/li>\r\n        <\/ul>            \r\n        <em>Nota: El \u00faltimo d\u00eda, <strong>1 hora de puertas abiertas<\/strong> (12.00 a 13.00), con las familias que podr\u00e1n ver el trabajo realizado.<\/em>\r\n    <\/div>\r\n    <div class=\"fourcol column last\">\r\n        <p><br \/><br \/>\r\n            <a href=\"https:\/\/camptecnologico.com\/inicio\/inscripcion\/\" class=\"button large primary\" rel=\"nofollow\">\r\n                     <i class=\"fa fa-calendar\" aria-hidden=\"true\"><\/i> Calendario e <i class=\"fa fa-paper-plane\" aria-hidden=\"true\"><\/i> inscripci\u00f3n<\/a>\r\n        <\/p>\r\n    <\/div>\r\n    <div class=\"clear\"><\/div>\r\n<\/div>\r\n\r\n<hr \/>\r\n\r\n<div class=\"row\">\r\n    <h2>Precios y Descuentos<\/h2>\r\n    <div class=\"fourcol column\">\r\n        <h3 style=\"padding-top:10px;\"><i class=\"fa fa-plus-circle\" aria-hidden=\"true\"><\/i> Servicios Adicionales<\/h3>\r\n        <ul>\r\n            <li>Horario ampliado de 08.30 a 14.30: <span class=\"precio\">5\u20ac\/d\u00eda<\/span><\/li>\r\n        <\/ul>\r\n        <em>Nota: No hay posibilidad de d\u00edas sueltos.<\/em>\r\n    <\/div>\r\n\r\n    <div class=\"fourcol column\">\r\n        <h3><i class=\"fa fa-money\" aria-hidden=\"true\"><\/i> Precio<\/h3>\r\n        <p>Descuento Campa\u00f1a 10\u00ba aniversario.<\/p>\r\n        <h4>Talleres de 5 d\u00edas:<\/h4>\r\n        <ul>\r\n            <li style=\"margin-bottom:0px;\">Junior y Genius: <span class=\"tachaprecio\">167\u20ac<\/span> <span class=\"precio\">142\u20ac<\/span><\/li>\r\n        <\/ul> \r\n    <\/div>\r\n\r\n    <div class=\"fourcol column last\">\r\n        <h3><i class=\"fa fa-money\" aria-hidden=\"true\"><\/i> Descuentos adicionales<\/h3>\r\n        <ul>\r\n           <li style=\"margin-bottom:0px;\">Antig\u00fco Alumno de CampTecnol\u00f3gico: <span class=\"precio\">-10%<\/span><\/li>\r\n           <li style=\"margin-bottom:0px;\">Plan Gaztedi Kutxabank: <span class=\"precio\">-10%<\/span><\/li>\r\n        <\/ul>\r\n        <h3>y adem\u00e1s ...<\/h3>\r\n        <em>Adem\u00e1s puedes a\u00f1adir todos los que puedas:<\/em>\r\n        <ul>\r\n            <li style=\"margin-bottom:0px;\">La segunda semana contratada: <span class=\"precio\">-10%<\/span><\/li>\r\n            <li style=\"margin-bottom:0px;\">Viene con un hermano y\/o amigo: <span class=\"precio\">-5%<\/span><\/li>\r\n        <\/ul>\r\n    <\/div>\r\n    <div class=\"clear\"><\/div>\r\n<\/div>\t\r\n\r\n<hr \/>\r\n\r\n<div class=\"row\">\r\n    <p>\r\n        <spam style=\"color:#ff0000;font-weight: bold; font-size: 2.0em;\">AVISO:<\/spam> \r\n        <spam style=\"font-size: 1.7em;\">La realizaci\u00f3n de los talleres esta sujeta a alcanzar un grupo m\u00ednimo de asistentes al turno elegido. \r\n           En caso de no ser factible, desde la organizaci\u00f3n les ofreceremos las alternativas existentes.<\/spam>\r\n    <\/p>\r\n<\/div>\r\n-->","protected":false},"excerpt":{"rendered":"","protected":false},"author":21,"featured_media":49704,"parent":6591,"menu_order":0,"comment_status":"open","ping_status":"open","template":"","meta":{"footnotes":"","_links_to":"","_links_to_target":""},"class_list":["post-19419","page","type-page","status-publish","has-post-thumbnail","hentry"],"yoast_head":"<!-- This site is optimized with the Yoast SEO plugin v22.6 - https:\/\/yoast.com\/wordpress\/plugins\/seo\/ -->\n<title>&#x2600;&#xfe0f;Campamentos de Rob\u00f3tica en Durango verano 2020<\/title>\n<meta name=\"description\" content=\"Campamentos de verano Durango con gran variedad de talleres tecnol\u00f3gicos para ni\u00f1os de todas las edades: rob\u00f3tica, minecraft, programaci\u00f3n...\" \/>\n<meta name=\"robots\" content=\"noindex, follow, max-snippet:-1, max-image-preview:large, max-video-preview:-1\" \/>\n<meta property=\"og:locale\" content=\"es_ES\" \/>\n<meta property=\"og:type\" content=\"article\" \/>\n<meta property=\"og:title\" content=\"&#x2600;&#xfe0f;Campamentos de Rob\u00f3tica en Durango verano 2020\" \/>\n<meta property=\"og:description\" content=\"Campamentos de verano Durango con gran variedad de talleres tecnol\u00f3gicos para ni\u00f1os de todas las edades: rob\u00f3tica, minecraft, programaci\u00f3n...\" \/>\n<meta property=\"og:url\" content=\"https:\/\/camptecnologico.com\/inicio\/campamentos-de-verano\/durango\/\" \/>\n<meta property=\"og:site_name\" content=\"Camp Tecnologico\" \/>\n<meta property=\"article:publisher\" content=\"https:\/\/www.facebook.com\/camptecnologico\/\" \/>\n<meta property=\"article:modified_time\" content=\"2020-05-15T15:28:06+00:00\" \/>\n<meta property=\"og:image\" content=\"https:\/\/camptecnologico.com\/inicio\/wp-content\/uploads\/industry-4.0camptec-1.jpg\" \/>\n\t<meta property=\"og:image:width\" content=\"400\" \/>\n\t<meta property=\"og:image:height\" content=\"235\" \/>\n\t<meta property=\"og:image:type\" content=\"image\/jpeg\" \/>\n<meta name=\"twitter:card\" content=\"summary_large_image\" \/>\n<meta name=\"twitter:site\" content=\"@CampTecnologico\" \/>\n<!-- \/ Yoast SEO plugin. -->","yoast_head_json":{"title":"&#x2600;&#xfe0f;Campamentos de Rob\u00f3tica en Durango verano 2020","description":"Campamentos de verano Durango con gran variedad de talleres tecnol\u00f3gicos para ni\u00f1os de todas las edades: rob\u00f3tica, minecraft, programaci\u00f3n...","robots":{"index":"noindex","follow":"follow","max-snippet":"max-snippet:-1","max-image-preview":"max-image-preview:large","max-video-preview":"max-video-preview:-1"},"og_locale":"es_ES","og_type":"article","og_title":"&#x2600;&#xfe0f;Campamentos de Rob\u00f3tica en Durango verano 2020","og_description":"Campamentos de verano Durango con gran variedad de talleres tecnol\u00f3gicos para ni\u00f1os de todas las edades: rob\u00f3tica, minecraft, programaci\u00f3n...","og_url":"https:\/\/camptecnologico.com\/inicio\/campamentos-de-verano\/durango\/","og_site_name":"Camp Tecnologico","article_publisher":"https:\/\/www.facebook.com\/camptecnologico\/","article_modified_time":"2020-05-15T15:28:06+00:00","og_image":[{"width":400,"height":235,"url":"https:\/\/camptecnologico.com\/inicio\/wp-content\/uploads\/industry-4.0camptec-1.jpg","type":"image\/jpeg"}],"twitter_card":"summary_large_image","twitter_site":"@CampTecnologico","schema":{"@context":"https:\/\/schema.org","@graph":[{"@type":"WebPage","@id":"https:\/\/camptecnologico.com\/inicio\/campamentos-de-verano\/durango\/","url":"https:\/\/camptecnologico.com\/inicio\/campamentos-de-verano\/durango\/","name":"&#x2600;&#xfe0f;Campamentos de Rob\u00f3tica en Durango verano 2020","isPartOf":{"@id":"https:\/\/camptecnologico.com\/inicio\/#website"},"primaryImageOfPage":{"@id":"https:\/\/camptecnologico.com\/inicio\/campamentos-de-verano\/durango\/#primaryimage"},"image":{"@id":"https:\/\/camptecnologico.com\/inicio\/campamentos-de-verano\/durango\/#primaryimage"},"thumbnailUrl":"https:\/\/camptecnologico.com\/inicio\/wp-content\/uploads\/industry-4.0camptec-1.jpg","datePublished":"2016-04-19T11:35:52+00:00","dateModified":"2020-05-15T15:28:06+00:00","description":"Campamentos de verano Durango con gran variedad de talleres tecnol\u00f3gicos para ni\u00f1os de todas las edades: rob\u00f3tica, minecraft, programaci\u00f3n...","breadcrumb":{"@id":"https:\/\/camptecnologico.com\/inicio\/campamentos-de-verano\/durango\/#breadcrumb"},"inLanguage":"es","potentialAction":[{"@type":"ReadAction","target":["https:\/\/camptecnologico.com\/inicio\/campamentos-de-verano\/durango\/"]}]},{"@type":"ImageObject","inLanguage":"es","@id":"https:\/\/camptecnologico.com\/inicio\/campamentos-de-verano\/durango\/#primaryimage","url":"https:\/\/camptecnologico.com\/inicio\/wp-content\/uploads\/industry-4.0camptec-1.jpg","contentUrl":"https:\/\/camptecnologico.com\/inicio\/wp-content\/uploads\/industry-4.0camptec-1.jpg","width":400,"height":235},{"@type":"BreadcrumbList","@id":"https:\/\/camptecnologico.com\/inicio\/campamentos-de-verano\/durango\/#breadcrumb","itemListElement":[{"@type":"ListItem","position":1,"name":"Home","item":"https:\/\/camptecnologico.com\/"},{"@type":"ListItem","position":2,"name":"no vale &#8211; Campamentos de verano","item":"https:\/\/camptecnologico.com\/inicio\/campamentos-con-alojamiento\/"},{"@type":"ListItem","position":3,"name":"&#x2600;&#xfe0f;Campamentos de Rob\u00f3tica en Durango verano 2020"}]},{"@type":"WebSite","@id":"https:\/\/camptecnologico.com\/inicio\/#website","url":"https:\/\/camptecnologico.com\/inicio\/","name":"Camp Tecnologico","description":"Campamento tecnol\u00f3gico para ni\u00f1os y j\u00f3venes. Tecnolog\u00eda para ni\u00f1os. Minecraft.","publisher":{"@id":"https:\/\/camptecnologico.com\/inicio\/#organization"},"potentialAction":[{"@type":"SearchAction","target":{"@type":"EntryPoint","urlTemplate":"https:\/\/camptecnologico.com\/inicio\/?s={search_term_string}"},"query-input":"required name=search_term_string"}],"inLanguage":"es"},{"@type":"Organization","@id":"https:\/\/camptecnologico.com\/inicio\/#organization","name":"Camp Tecnol\u00f3gico","url":"https:\/\/camptecnologico.com\/inicio\/","logo":{"@type":"ImageObject","inLanguage":"es","@id":"https:\/\/camptecnologico.com\/inicio\/#\/schema\/logo\/image\/","url":"https:\/\/camptecnologico.com\/inicio\/wp-content\/uploads\/logo1.jpg","contentUrl":"https:\/\/camptecnologico.com\/inicio\/wp-content\/uploads\/logo1.jpg","width":120,"height":120,"caption":"Camp Tecnol\u00f3gico"},"image":{"@id":"https:\/\/camptecnologico.com\/inicio\/#\/schema\/logo\/image\/"},"sameAs":["https:\/\/www.facebook.com\/camptecnologico\/","https:\/\/x.com\/CampTecnologico","https:\/\/www.instagram.com\/camptecnologico\/","https:\/\/www.linkedin.com\/company\/camptecnol-gico","https:\/\/www.youtube.com\/user\/CampTecologico"]}]}},"_links":{"self":[{"href":"https:\/\/camptecnologico.com\/inicio\/wp-json\/wp\/v2\/pages\/19419","targetHints":{"allow":["GET"]}}],"collection":[{"href":"https:\/\/camptecnologico.com\/inicio\/wp-json\/wp\/v2\/pages"}],"about":[{"href":"https:\/\/camptecnologico.com\/inicio\/wp-json\/wp\/v2\/types\/page"}],"author":[{"embeddable":true,"href":"https:\/\/camptecnologico.com\/inicio\/wp-json\/wp\/v2\/users\/21"}],"replies":[{"embeddable":true,"href":"https:\/\/camptecnologico.com\/inicio\/wp-json\/wp\/v2\/comments?post=19419"}],"version-history":[{"count":72,"href":"https:\/\/camptecnologico.com\/inicio\/wp-json\/wp\/v2\/pages\/19419\/revisions"}],"predecessor-version":[{"id":46733,"href":"https:\/\/camptecnologico.com\/inicio\/wp-json\/wp\/v2\/pages\/19419\/revisions\/46733"}],"up":[{"embeddable":true,"href":"https:\/\/camptecnologico.com\/inicio\/wp-json\/wp\/v2\/pages\/6591"}],"wp:featuredmedia":[{"embeddable":true,"href":"https:\/\/camptecnologico.com\/inicio\/wp-json\/wp\/v2\/media\/49704"}],"wp:attachment":[{"href":"https:\/\/camptecnologico.com\/inicio\/wp-json\/wp\/v2\/media?parent=19419"}],"curies":[{"name":"wp","href":"https:\/\/api.w.org\/{rel}","templated":true}]}}