




{"id":18595,"date":"2016-04-01T13:08:01","date_gmt":"2016-04-01T12:08:01","guid":{"rendered":"https:\/\/camptecnologico.com\/inicio\/?page_id=18595"},"modified":"2016-07-06T15:00:16","modified_gmt":"2016-07-06T14:00:16","slug":"fines-de-semana","status":"publish","type":"page","link":"https:\/\/camptecnologico.com\/inicio\/fines-de-semana\/","title":{"rendered":"Talleres Express, talleres de 2 horas los fines de semana"},"content":{"rendered":"<p>Los Talleres Express son una nueva iniciativa para acercar la tecnolog\u00eda a peque\u00f1os y adolescentes, de 4 a\u00f1os en adelante, en forma de talleres de 1 d\u00eda y de <strong>dos horas de duraci\u00f3n<\/strong> durante los <strong>fines de semana<\/strong>, <strong>s\u00e1bados y domingos<\/strong>. Adem\u00e1s, los padres y madres podr\u00e1n disfrutar de la tecnolog\u00eda junto a los\/as peque\u00f1os\/as de la casa en los <strong>Talleres de tecnolog\u00eda en Familia<\/strong>. <\/p>\r\n<p> Y recuerda que siempre pueden participar en las <strong>Actividades Gratuitas de la Play Zone<\/strong> cada fin de semana. <\/p>\r\n<\/br>\r\n\r\n<p>Las tem\u00e1ticas ser\u00e1n:<\/p> \r\n<ul>\r\n   <li><strong>Rob\u00f3tica Educativa<\/strong><\/li>\r\n   <li>Desarrollo de aplicaciones m\u00f3viles (<strong>APPs<\/strong>)<\/li>\r\n   <li>Desarrollo de <strong>Videojuegos<\/strong><\/li>\r\n   <li><strong>Arte digital<\/strong><\/li>\r\n<\/ul>\r\n\r\n<p>Las actividades de los <strong>fines de semana<\/strong> las puedes consultar mes a mes en cada una de las ciudades.<\/p>\r\n\r\n<div id=\"ciudades\">\r\n\t<div class=\"fourcol column\">\r\n\t\t <a href=\"https:\/\/camptecnologico.com\/inicio\/talleres-tecnologicos-para-ninos\/\">\r\n                    <img loading=\"lazy\" decoding=\"async\" src=\"https:\/\/camptecnologico.com\/inicio\/wp-content\/uploads\/2016\/03\/bilbao-camp-tecnologico-azkuna-zentroa.jpg\" \r\n                         alt=\"campamentos, tecnologia, escuela, az, azkuna, azkuna zentroa, bilbao, bizkaia, talleres, tecnologia, robotica, robotica educativa, programacion, codigo, ni\u00f1os, adolescentes, talleres, videojuegos\" width=\"150\" height=\"150\" class=\"size-full wp-image-18458\" srcset=\"https:\/\/camptecnologico.com\/inicio\/wp-content\/uploads\/2016\/03\/bilbao-camp-tecnologico-azkuna-zentroa.jpg 150w, https:\/\/camptecnologico.com\/inicio\/wp-content\/uploads\/2016\/03\/bilbao-camp-tecnologico-azkuna-zentroa-100x100.jpg 100w, https:\/\/camptecnologico.com\/inicio\/wp-content\/uploads\/2016\/03\/bilbao-camp-tecnologico-azkuna-zentroa-120x120.jpg 120w, https:\/\/camptecnologico.com\/inicio\/wp-content\/uploads\/2016\/03\/bilbao-camp-tecnologico-azkuna-zentroa-113x113.jpg 113w, https:\/\/camptecnologico.com\/inicio\/wp-content\/uploads\/2016\/03\/bilbao-camp-tecnologico-azkuna-zentroa-90x90.jpg 90w\" sizes=\"auto, (max-width: 150px) 100vw, 150px\" \/><\/a>\r\n\t\t <h4> Bilbao &#8211; Azkuna Zentroa (Alh\u00f3ndiga)<\/h4>\r\n\t\t <p>\r\n                      <a href=\"https:\/\/camptecnologico.com\/inicio\/azkuna-zentroa\/\" \r\n                         class=\"button small primary\">Ver Programa de Actividades<\/a>\r\n                 <\/p>\r\n\t<\/div>\r\n<!--\r\n        <div class=\"fourcol column\">\r\n\t\t<a href=\"https:\/\/camptecnologico.com\/inicio\/tabakalera-talleres-tecnologia\/\">\r\n                   <img loading=\"lazy\" decoding=\"async\" src=\"https:\/\/camptecnologico.com\/inicio\/wp-content\/uploads\/2016\/02\/campamento-donostia-programacion.jpg\" \r\n                        alt=\"campamentos, tecnologia, tabakalera, kutxa, donostia, talleres, tecnologia, robotica, robotica educativa, programacion, codigo, ni\u00f1os, adolescentes, talleres, videojuegos\" width=\"150\" height=\"150\" class=\"size-full wp-image-17438\" srcset=\"https:\/\/camptecnologico.com\/inicio\/wp-content\/uploads\/2016\/02\/campamento-donostia-programacion.jpg 150w, https:\/\/camptecnologico.com\/inicio\/wp-content\/uploads\/2016\/02\/campamento-donostia-programacion-100x100.jpg 100w, https:\/\/camptecnologico.com\/inicio\/wp-content\/uploads\/2016\/02\/campamento-donostia-programacion-120x120.jpg 120w, https:\/\/camptecnologico.com\/inicio\/wp-content\/uploads\/2016\/02\/campamento-donostia-programacion-113x113.jpg 113w, https:\/\/camptecnologico.com\/inicio\/wp-content\/uploads\/2016\/02\/campamento-donostia-programacion-90x90.jpg 90w\" sizes=\"auto, (max-width: 150px) 100vw, 150px\" \/><\/a>\r\n\t\t<h4>Donostia - Kutxa Kultur<\/h4>\r\n\t\t<p>\r\n                      <a href=\"https:\/\/camptecnologico.com\/inicio\/tabakalera-talleres-tecnologia\/\" \r\n                         class=\"button small primary\">Ver Programa de Actividades<\/a><\/p>\r\n\t<\/div>\r\n\r\n        <div class=\"fourcol column last\">\r\n\t\t<a href=\"https:\/\/camptecnologico.com\/inicio\/artium-talleres-tecnologia\/\">\r\n                   <img loading=\"lazy\" decoding=\"async\" src=\"https:\/\/camptecnologico.com\/inicio\/wp-content\/uploads\/2016\/03\/vitoria-camp-tecnologico-150x150.jpg\" \r\n                        alt=\"campamentos, tecnologia, araba, vitoria, gasteiz, artium, talleres, tecnologia, robotica, robotica educativa, programacion, codigo, ni\u00f1os, adolescentes, talleres, videojuegos\" width=\"150\" height=\"150\" class=\"size-full wp-image-18633\" srcset=\"https:\/\/camptecnologico.com\/inicio\/wp-content\/uploads\/2016\/03\/vitoria-camp-tecnologico-150x150.jpg 150w, https:\/\/camptecnologico.com\/inicio\/wp-content\/uploads\/2016\/03\/vitoria-camp-tecnologico-150x150-100x100.jpg 100w, https:\/\/camptecnologico.com\/inicio\/wp-content\/uploads\/2016\/03\/vitoria-camp-tecnologico-150x150-120x120.jpg 120w, https:\/\/camptecnologico.com\/inicio\/wp-content\/uploads\/2016\/03\/vitoria-camp-tecnologico-150x150-113x113.jpg 113w, https:\/\/camptecnologico.com\/inicio\/wp-content\/uploads\/2016\/03\/vitoria-camp-tecnologico-150x150-90x90.jpg 90w\" sizes=\"auto, (max-width: 150px) 100vw, 150px\" \/><\/a>\r\n\t\t<h4> Vitoria-Gasteiz - Artium Centro-Museo<\/h4>\r\n\t\t<p>\r\n                    <a href=\"https:\/\/camptecnologico.com\/inicio\/artium-talleres-tecnologia\/\" \r\n                       class=\"button small primary\">Ver Programa de Actividades<\/a><\/p>\r\n\t<\/div>\r\n-->\r\n\r\n<\/div>\r\n","protected":false},"excerpt":{"rendered":"Los Talleres Express son una nueva iniciativa para acercar la tecnolog\u00eda a peque\u00f1os y adolescentes, de 4 a\u00f1os en adelante, en forma de talleres de 1 d\u00eda y de dos horas de duraci\u00f3n durante los fines de semana, s\u00e1bados y domingos. Adem\u00e1s, los padres y madres podr\u00e1n disfrutar de la tecnolog\u00eda junto a los\/as peque\u00f1os\/as [&hellip;]","protected":false},"author":55,"featured_media":49704,"parent":0,"menu_order":0,"comment_status":"closed","ping_status":"closed","template":"template-right.php","meta":{"footnotes":"","_links_to":"","_links_to_target":""},"class_list":["post-18595","page","type-page","status-publish","has-post-thumbnail","hentry"],"yoast_head":"<!-- This site is optimized with the Yoast SEO plugin v22.6 - https:\/\/yoast.com\/wordpress\/plugins\/seo\/ -->\n<title>Talleres Express, talleres de 2 horas los fines de semana<\/title>\n<meta name=\"description\" content=\"Talleres de 1 d\u00eda y de 2 horas de duraci\u00f3n durante los fines de semana, s\u00e1bados y domingos. Para acercar la tecnolog\u00eda a peque\u00f1as\/os y adolescentes.\" \/>\n<meta name=\"robots\" content=\"noindex, follow, max-snippet:-1, max-image-preview:large, max-video-preview:-1\" \/>\n<meta property=\"og:locale\" content=\"es_ES\" \/>\n<meta property=\"og:type\" content=\"article\" \/>\n<meta property=\"og:title\" content=\"Talleres Express, talleres de 2 horas los fines de semana\" \/>\n<meta property=\"og:description\" content=\"Talleres de 1 d\u00eda y de 2 horas de duraci\u00f3n durante los fines de semana, s\u00e1bados y domingos. Para acercar la tecnolog\u00eda a peque\u00f1as\/os y adolescentes.\" \/>\n<meta property=\"og:url\" content=\"https:\/\/camptecnologico.com\/inicio\/fines-de-semana\/\" \/>\n<meta property=\"og:site_name\" content=\"Camp Tecnologico\" \/>\n<meta property=\"article:publisher\" content=\"https:\/\/www.facebook.com\/camptecnologico\/\" \/>\n<meta property=\"article:modified_time\" content=\"2016-07-06T14:00:16+00:00\" \/>\n<meta property=\"og:image\" content=\"https:\/\/camptecnologico.com\/inicio\/wp-content\/uploads\/industry-4.0camptec-1.jpg\" \/>\n\t<meta property=\"og:image:width\" content=\"400\" \/>\n\t<meta property=\"og:image:height\" content=\"235\" \/>\n\t<meta property=\"og:image:type\" content=\"image\/jpeg\" \/>\n<meta name=\"twitter:card\" content=\"summary_large_image\" \/>\n<meta name=\"twitter:site\" content=\"@CampTecnologico\" \/>\n<meta name=\"twitter:label1\" content=\"Tiempo de lectura\" \/>\n\t<meta name=\"twitter:data1\" content=\"1 minuto\" \/>\n<!-- \/ Yoast SEO plugin. -->","yoast_head_json":{"title":"Talleres Express, talleres de 2 horas los fines de semana","description":"Talleres de 1 d\u00eda y de 2 horas de duraci\u00f3n durante los fines de semana, s\u00e1bados y domingos. Para acercar la tecnolog\u00eda a peque\u00f1as\/os y adolescentes.","robots":{"index":"noindex","follow":"follow","max-snippet":"max-snippet:-1","max-image-preview":"max-image-preview:large","max-video-preview":"max-video-preview:-1"},"og_locale":"es_ES","og_type":"article","og_title":"Talleres Express, talleres de 2 horas los fines de semana","og_description":"Talleres de 1 d\u00eda y de 2 horas de duraci\u00f3n durante los fines de semana, s\u00e1bados y domingos. Para acercar la tecnolog\u00eda a peque\u00f1as\/os y adolescentes.","og_url":"https:\/\/camptecnologico.com\/inicio\/fines-de-semana\/","og_site_name":"Camp Tecnologico","article_publisher":"https:\/\/www.facebook.com\/camptecnologico\/","article_modified_time":"2016-07-06T14:00:16+00:00","og_image":[{"width":400,"height":235,"url":"https:\/\/camptecnologico.com\/inicio\/wp-content\/uploads\/industry-4.0camptec-1.jpg","type":"image\/jpeg"}],"twitter_card":"summary_large_image","twitter_site":"@CampTecnologico","twitter_misc":{"Tiempo de lectura":"1 minuto"},"schema":{"@context":"https:\/\/schema.org","@graph":[{"@type":"WebPage","@id":"https:\/\/camptecnologico.com\/inicio\/fines-de-semana\/","url":"https:\/\/camptecnologico.com\/inicio\/fines-de-semana\/","name":"Talleres Express, talleres de 2 horas los fines de semana","isPartOf":{"@id":"https:\/\/camptecnologico.com\/inicio\/#website"},"primaryImageOfPage":{"@id":"https:\/\/camptecnologico.com\/inicio\/fines-de-semana\/#primaryimage"},"image":{"@id":"https:\/\/camptecnologico.com\/inicio\/fines-de-semana\/#primaryimage"},"thumbnailUrl":"https:\/\/camptecnologico.com\/inicio\/wp-content\/uploads\/industry-4.0camptec-1.jpg","datePublished":"2016-04-01T12:08:01+00:00","dateModified":"2016-07-06T14:00:16+00:00","description":"Talleres de 1 d\u00eda y de 2 horas de duraci\u00f3n durante los fines de semana, s\u00e1bados y domingos. Para acercar la tecnolog\u00eda a peque\u00f1as\/os y adolescentes.","breadcrumb":{"@id":"https:\/\/camptecnologico.com\/inicio\/fines-de-semana\/#breadcrumb"},"inLanguage":"es","potentialAction":[{"@type":"ReadAction","target":["https:\/\/camptecnologico.com\/inicio\/fines-de-semana\/"]}]},{"@type":"ImageObject","inLanguage":"es","@id":"https:\/\/camptecnologico.com\/inicio\/fines-de-semana\/#primaryimage","url":"https:\/\/camptecnologico.com\/inicio\/wp-content\/uploads\/industry-4.0camptec-1.jpg","contentUrl":"https:\/\/camptecnologico.com\/inicio\/wp-content\/uploads\/industry-4.0camptec-1.jpg","width":400,"height":235},{"@type":"BreadcrumbList","@id":"https:\/\/camptecnologico.com\/inicio\/fines-de-semana\/#breadcrumb","itemListElement":[{"@type":"ListItem","position":1,"name":"Home","item":"https:\/\/camptecnologico.com\/"},{"@type":"ListItem","position":2,"name":"Talleres Express, talleres de 2 horas los fines de semana"}]},{"@type":"WebSite","@id":"https:\/\/camptecnologico.com\/inicio\/#website","url":"https:\/\/camptecnologico.com\/inicio\/","name":"Camp Tecnologico","description":"Campamento tecnol\u00f3gico para ni\u00f1os y j\u00f3venes. Tecnolog\u00eda para ni\u00f1os. Minecraft.","publisher":{"@id":"https:\/\/camptecnologico.com\/inicio\/#organization"},"potentialAction":[{"@type":"SearchAction","target":{"@type":"EntryPoint","urlTemplate":"https:\/\/camptecnologico.com\/inicio\/?s={search_term_string}"},"query-input":"required name=search_term_string"}],"inLanguage":"es"},{"@type":"Organization","@id":"https:\/\/camptecnologico.com\/inicio\/#organization","name":"Camp Tecnol\u00f3gico","url":"https:\/\/camptecnologico.com\/inicio\/","logo":{"@type":"ImageObject","inLanguage":"es","@id":"https:\/\/camptecnologico.com\/inicio\/#\/schema\/logo\/image\/","url":"https:\/\/camptecnologico.com\/inicio\/wp-content\/uploads\/logo1.jpg","contentUrl":"https:\/\/camptecnologico.com\/inicio\/wp-content\/uploads\/logo1.jpg","width":120,"height":120,"caption":"Camp Tecnol\u00f3gico"},"image":{"@id":"https:\/\/camptecnologico.com\/inicio\/#\/schema\/logo\/image\/"},"sameAs":["https:\/\/www.facebook.com\/camptecnologico\/","https:\/\/x.com\/CampTecnologico","https:\/\/www.instagram.com\/camptecnologico\/","https:\/\/www.linkedin.com\/company\/camptecnol-gico","https:\/\/www.youtube.com\/user\/CampTecologico"]}]}},"_links":{"self":[{"href":"https:\/\/camptecnologico.com\/inicio\/wp-json\/wp\/v2\/pages\/18595","targetHints":{"allow":["GET"]}}],"collection":[{"href":"https:\/\/camptecnologico.com\/inicio\/wp-json\/wp\/v2\/pages"}],"about":[{"href":"https:\/\/camptecnologico.com\/inicio\/wp-json\/wp\/v2\/types\/page"}],"author":[{"embeddable":true,"href":"https:\/\/camptecnologico.com\/inicio\/wp-json\/wp\/v2\/users\/55"}],"replies":[{"embeddable":true,"href":"https:\/\/camptecnologico.com\/inicio\/wp-json\/wp\/v2\/comments?post=18595"}],"version-history":[{"count":5,"href":"https:\/\/camptecnologico.com\/inicio\/wp-json\/wp\/v2\/pages\/18595\/revisions"}],"predecessor-version":[{"id":20208,"href":"https:\/\/camptecnologico.com\/inicio\/wp-json\/wp\/v2\/pages\/18595\/revisions\/20208"}],"wp:featuredmedia":[{"embeddable":true,"href":"https:\/\/camptecnologico.com\/inicio\/wp-json\/wp\/v2\/media\/49704"}],"wp:attachment":[{"href":"https:\/\/camptecnologico.com\/inicio\/wp-json\/wp\/v2\/media?parent=18595"}],"curies":[{"name":"wp","href":"https:\/\/api.w.org\/{rel}","templated":true}]}}