




{"id":18271,"date":"2016-03-15T12:34:08","date_gmt":"2016-03-15T11:34:08","guid":{"rendered":"https:\/\/camptecnologico.com\/inicio\/?page_id=18271"},"modified":"2020-05-18T09:23:45","modified_gmt":"2020-05-18T08:23:45","slug":"campamentos-con-alojamiento","status":"publish","type":"page","link":"https:\/\/camptecnologico.com\/inicio\/campamentos-con-alojamiento\/","title":{"rendered":"Campamentos con alojamiento de Verano 2020"},"content":{"rendered":"<div class=\"row\">\r\n    <div style=\"text-align: center; margin: 0px 0px 40px 0px; \"\r\n        <p><spam style=\"color:#CC0000;font-weight: bold; font-size: 2.0em;\">ATENCI\u00d3N:<\/spam> \r\n        <spam style=\"font-size: 2.0em;\">Realiza la inscripci\u00f3n <strong>ahora<\/strong> con todas las promociones vigentes y <br \/><strong>\u00a1\u00a1\u00a1 no pagues hasta el 1 de junio !!!<\/strong>.<\/spam>\r\n    <\/div>\r\n\r\n    <center><h3>Los mejores Campamentos a los que les puedes enviar. Tecnolog\u00eda y deporte. \u00a1No le des m\u00e1s vueltas!<\/h3><\/center>\r\n\r\n    <p>Un campamento de verano sobre Tecnolog\u00eda durante los meses de junio y julio para ni\u00f1as\/os y adolescentes, en entornos naturales \u00fanicos y actividades deportivas, por aquello de <strong>\u00abMens sana in corpore sano\u00bb<\/strong>. Son campamentos tecnol\u00f3gicos con alojamiento <strong>\u00fanicos en su formato<\/strong>. Disfrutan de la Tecnolog\u00eda, que tanto les gusta, y realizan actividades deportivas \u00fanicas de verano en las mejores instalaciones.<\/p>\r\n\r\n    <p>Novedades en el \u00e1rea de Rob\u00f3tica, nuevos materiales y talleres innovadores en formaci\u00f3n sobre <strong>Tecnolog\u00eda Educativa<\/strong>, como Drones, Dise\u00f1o e impresi\u00f3n 3D, Python, IA, &#8230; . Los j\u00f3venes programadores del mundo de los Videojuegos aprenden a programar en un entorno de ocio y diversi\u00f3n <strong>\u00a1que para eso es verano!<\/strong>.<\/p>\r\n\r\n    <center>\r\n        <a class=\"button large primary\" href=\"https:\/\/camptecnologico.com\/inicio\/wp-content\/uploads\/Catalogo-CampTecnologico-Verano-alojamiento.pdf\" title=\"Campamento Tecnol\u00f3gico con alojamiento\" target=\"_blank\" rel=\"noopener noreferrer\">\r\n           <i class=\"fa fa-file-pdf-o\" aria-hidden=\"true\"><\/i> Folleto campamentos con alojamiento<\/a>\r\n    <\/center>\r\n\r\n    <div id=\"ciudades\">\r\n        <div style=\"text-align: center; margin: 0px 0px 0px 0px; \" class=\"sixcol column\">\r\n\t        <a href=\"https:\/\/camptecnologico.com\/inicio\/campamentos-de-verano\/bilbao-alojamiento\/\">\r\n                    <img loading=\"lazy\" decoding=\"async\" src=\"https:\/\/camptecnologico.com\/inicio\/wp-content\/uploads\/campamento-alojamiento-bilbao.jpg\" \r\n                         alt=\"campamentos, tecnologia, bilbao, talleres, tecnologia, robotica, robotica educativa, programacion, codigo, ni\u00f1os, adolescentes, talleres, videojuegos\" \r\n                         width=\"300\" height=\"300\" class=\"alignnone size-full wp-image-17438\" \/>\r\n                <\/a>\r\n\t\t<h4>Bilbao \/ Sopelana &#038; Club Pukas Surf<\/h4>\r\n\t\t<h5><i class=\"fa fa-bed\"><\/i> Surf Camp, rob\u00f3tica y videojuegos<\/h5>\r\n                <p style=\"text-align: center;\"><i class=\"fa fa-calendar-o\"><\/i> Junio y julio<\/p>\r\n\r\n\t\t<a href=\"https:\/\/camptecnologico.com\/inicio\/campamentos-de-verano\/bilbao-alojamiento\/\" class=\"button small primary\">Ver Informaci\u00f3n<\/a>\r\n        <\/div>\r\n\r\n        <div style=\"text-align: center; margin: 0px 0px 0px 0px;\" class=\"sixcol column last\">\r\n\t\t<a href=\" https:\/\/camptecnologico.com\/inicio\/campamentos-de-verano\/les-alojamiento\/\">\r\n                   <img loading=\"lazy\" decoding=\"async\" src=\"https:\/\/camptecnologico.com\/inicio\/wp-content\/uploads\/campamento-alojamiento-les2.jpg\" \r\n                        alt=\"campamento, lleida, les,  naturaleza, tecnologia, robotica educativa, camping, cursos, talleres, ninos, adolescentes\" \r\n                        width=\"300\" height=\"300\" class=\"alignnone size-full wp-image-43421\" srcset=\"https:\/\/camptecnologico.com\/inicio\/wp-content\/uploads\/campamento-alojamiento-les2.jpg 300w, https:\/\/camptecnologico.com\/inicio\/wp-content\/uploads\/campamento-alojamiento-les2-270x270.jpg 270w, https:\/\/camptecnologico.com\/inicio\/wp-content\/uploads\/campamento-alojamiento-les2-120x120.jpg 120w, https:\/\/camptecnologico.com\/inicio\/wp-content\/uploads\/campamento-alojamiento-les2-113x113.jpg 113w, https:\/\/camptecnologico.com\/inicio\/wp-content\/uploads\/campamento-alojamiento-les2-230x230.jpg 230w, https:\/\/camptecnologico.com\/inicio\/wp-content\/uploads\/campamento-alojamiento-les2-150x150.jpg 150w\" sizes=\"auto, (max-width: 300px) 100vw, 300px\" \/>\r\n                <\/a>    \r\n\t\t<h4>Pirineos &#8211; Valle de Ar\u00e1n &#8211; L\u00c9S<\/h4>\r\n                <h5><i class=\"fa fa-bed\"><\/i> Naturaran \/ Deportur, aventura y tecnolog\u00eda<\/h5>\r\n                <p style=\"text-align: center;\"><i class=\"fa fa-calendar-o\"><\/i> Junio y Julio<\/p>\r\n                \r\n\t\t<a href=\"https:\/\/camptecnologico.com\/inicio\/campamentos-de-verano\/les-alojamiento\/\" class=\"button small primary\">Ver Informaci\u00f3n<\/a>\r\n        <\/div>\r\n    <\/div>\r\n<!--\r\n    <center>\r\n        <a class=\"button large primary\" href=\"https:\/\/camptecnologico.com\/inicio\/wp-content\/uploads\/Campamento-Alojamiento-verano-2020.pdf\" title=\"Campamento verano 2020\" target=\"_blank\" rel=\"noopener noreferrer\"><i class=\"fa fa-file-pdf-o\" aria-hidden=\"true\"><\/i> Descargar PDF Informaci\u00f3n<\/a>\r\n    <\/center>\r\n\r\n<hr \/>\r\n    <center><h2>Haz tu preinscripci\u00f3n<\/h2><\/center>\r\n\r\n    [gravityform id=226 title=false description=false ajax=true tabindex=49]\r\n-->\r\n<\/div>\r\n\r\n","protected":false},"excerpt":{"rendered":"","protected":false},"author":27,"featured_media":49704,"parent":0,"menu_order":0,"comment_status":"closed","ping_status":"closed","template":"","meta":{"footnotes":"","_links_to":"","_links_to_target":""},"class_list":["post-18271","page","type-page","status-publish","has-post-thumbnail","hentry"],"yoast_head":"<!-- This site is optimized with the Yoast SEO plugin v22.6 - https:\/\/yoast.com\/wordpress\/plugins\/seo\/ -->\n<title>Campamentos con alojamiento de Verano 2020<\/title>\n<meta name=\"description\" content=\"El verano 2020 existen varios campamentos Tecnol\u00f3gicos con alojamiento. Entornos naturales incomparables y deporte para desarrollar proyectos innovadores.\" \/>\n<meta name=\"robots\" content=\"noindex, follow, max-snippet:-1, max-image-preview:large, max-video-preview:-1\" \/>\n<meta property=\"og:locale\" content=\"es_ES\" \/>\n<meta property=\"og:type\" content=\"article\" \/>\n<meta property=\"og:title\" content=\"Campamentos con alojamiento de Verano 2020\" \/>\n<meta property=\"og:description\" content=\"El verano 2020 existen varios campamentos Tecnol\u00f3gicos con alojamiento. Entornos naturales incomparables y deporte para desarrollar proyectos innovadores.\" \/>\n<meta property=\"og:url\" content=\"https:\/\/camptecnologico.com\/inicio\/campamentos-con-alojamiento\/\" \/>\n<meta property=\"og:site_name\" content=\"Camp Tecnologico\" \/>\n<meta property=\"article:publisher\" content=\"https:\/\/www.facebook.com\/camptecnologico\/\" \/>\n<meta property=\"article:modified_time\" content=\"2020-05-18T08:23:45+00:00\" \/>\n<meta property=\"og:image\" content=\"https:\/\/camptecnologico.com\/inicio\/wp-content\/uploads\/campamento-alojamiento-bilbao.jpg\" \/>\n<meta name=\"twitter:card\" content=\"summary_large_image\" \/>\n<meta name=\"twitter:site\" content=\"@CampTecnologico\" \/>\n<!-- \/ Yoast SEO plugin. -->","yoast_head_json":{"title":"Campamentos con alojamiento de Verano 2020","description":"El verano 2020 existen varios campamentos Tecnol\u00f3gicos con alojamiento. Entornos naturales incomparables y deporte para desarrollar proyectos innovadores.","robots":{"index":"noindex","follow":"follow","max-snippet":"max-snippet:-1","max-image-preview":"max-image-preview:large","max-video-preview":"max-video-preview:-1"},"og_locale":"es_ES","og_type":"article","og_title":"Campamentos con alojamiento de Verano 2020","og_description":"El verano 2020 existen varios campamentos Tecnol\u00f3gicos con alojamiento. Entornos naturales incomparables y deporte para desarrollar proyectos innovadores.","og_url":"https:\/\/camptecnologico.com\/inicio\/campamentos-con-alojamiento\/","og_site_name":"Camp Tecnologico","article_publisher":"https:\/\/www.facebook.com\/camptecnologico\/","article_modified_time":"2020-05-18T08:23:45+00:00","og_image":[{"url":"https:\/\/camptecnologico.com\/inicio\/wp-content\/uploads\/campamento-alojamiento-bilbao.jpg"}],"twitter_card":"summary_large_image","twitter_site":"@CampTecnologico","schema":{"@context":"https:\/\/schema.org","@graph":[{"@type":"WebPage","@id":"https:\/\/camptecnologico.com\/inicio\/campamentos-con-alojamiento\/","url":"https:\/\/camptecnologico.com\/inicio\/campamentos-con-alojamiento\/","name":"Campamentos con alojamiento de Verano 2020","isPartOf":{"@id":"https:\/\/camptecnologico.com\/inicio\/#website"},"primaryImageOfPage":{"@id":"https:\/\/camptecnologico.com\/inicio\/campamentos-con-alojamiento\/#primaryimage"},"image":{"@id":"https:\/\/camptecnologico.com\/inicio\/campamentos-con-alojamiento\/#primaryimage"},"thumbnailUrl":"https:\/\/camptecnologico.com\/inicio\/wp-content\/uploads\/industry-4.0camptec-1.jpg","datePublished":"2016-03-15T11:34:08+00:00","dateModified":"2020-05-18T08:23:45+00:00","description":"El verano 2020 existen varios campamentos Tecnol\u00f3gicos con alojamiento. Entornos naturales incomparables y deporte para desarrollar proyectos innovadores.","breadcrumb":{"@id":"https:\/\/camptecnologico.com\/inicio\/campamentos-con-alojamiento\/#breadcrumb"},"inLanguage":"es","potentialAction":[{"@type":"ReadAction","target":["https:\/\/camptecnologico.com\/inicio\/campamentos-con-alojamiento\/"]}]},{"@type":"ImageObject","inLanguage":"es","@id":"https:\/\/camptecnologico.com\/inicio\/campamentos-con-alojamiento\/#primaryimage","url":"https:\/\/camptecnologico.com\/inicio\/wp-content\/uploads\/industry-4.0camptec-1.jpg","contentUrl":"https:\/\/camptecnologico.com\/inicio\/wp-content\/uploads\/industry-4.0camptec-1.jpg","width":400,"height":235},{"@type":"BreadcrumbList","@id":"https:\/\/camptecnologico.com\/inicio\/campamentos-con-alojamiento\/#breadcrumb","itemListElement":[{"@type":"ListItem","position":1,"name":"Home","item":"https:\/\/camptecnologico.com\/"},{"@type":"ListItem","position":2,"name":"Campamentos con alojamiento de Verano 2020"}]},{"@type":"WebSite","@id":"https:\/\/camptecnologico.com\/inicio\/#website","url":"https:\/\/camptecnologico.com\/inicio\/","name":"Camp Tecnologico","description":"Campamento tecnol\u00f3gico para ni\u00f1os y j\u00f3venes. Tecnolog\u00eda para ni\u00f1os. Minecraft.","publisher":{"@id":"https:\/\/camptecnologico.com\/inicio\/#organization"},"potentialAction":[{"@type":"SearchAction","target":{"@type":"EntryPoint","urlTemplate":"https:\/\/camptecnologico.com\/inicio\/?s={search_term_string}"},"query-input":"required name=search_term_string"}],"inLanguage":"es"},{"@type":"Organization","@id":"https:\/\/camptecnologico.com\/inicio\/#organization","name":"Camp Tecnol\u00f3gico","url":"https:\/\/camptecnologico.com\/inicio\/","logo":{"@type":"ImageObject","inLanguage":"es","@id":"https:\/\/camptecnologico.com\/inicio\/#\/schema\/logo\/image\/","url":"https:\/\/camptecnologico.com\/inicio\/wp-content\/uploads\/logo1.jpg","contentUrl":"https:\/\/camptecnologico.com\/inicio\/wp-content\/uploads\/logo1.jpg","width":120,"height":120,"caption":"Camp Tecnol\u00f3gico"},"image":{"@id":"https:\/\/camptecnologico.com\/inicio\/#\/schema\/logo\/image\/"},"sameAs":["https:\/\/www.facebook.com\/camptecnologico\/","https:\/\/x.com\/CampTecnologico","https:\/\/www.instagram.com\/camptecnologico\/","https:\/\/www.linkedin.com\/company\/camptecnol-gico","https:\/\/www.youtube.com\/user\/CampTecologico"]}]}},"_links":{"self":[{"href":"https:\/\/camptecnologico.com\/inicio\/wp-json\/wp\/v2\/pages\/18271","targetHints":{"allow":["GET"]}}],"collection":[{"href":"https:\/\/camptecnologico.com\/inicio\/wp-json\/wp\/v2\/pages"}],"about":[{"href":"https:\/\/camptecnologico.com\/inicio\/wp-json\/wp\/v2\/types\/page"}],"author":[{"embeddable":true,"href":"https:\/\/camptecnologico.com\/inicio\/wp-json\/wp\/v2\/users\/27"}],"replies":[{"embeddable":true,"href":"https:\/\/camptecnologico.com\/inicio\/wp-json\/wp\/v2\/comments?post=18271"}],"version-history":[{"count":37,"href":"https:\/\/camptecnologico.com\/inicio\/wp-json\/wp\/v2\/pages\/18271\/revisions"}],"predecessor-version":[{"id":19450,"href":"https:\/\/camptecnologico.com\/inicio\/wp-json\/wp\/v2\/pages\/18271\/revisions\/19450"}],"wp:featuredmedia":[{"embeddable":true,"href":"https:\/\/camptecnologico.com\/inicio\/wp-json\/wp\/v2\/media\/49704"}],"wp:attachment":[{"href":"https:\/\/camptecnologico.com\/inicio\/wp-json\/wp\/v2\/media?parent=18271"}],"curies":[{"name":"wp","href":"https:\/\/api.w.org\/{rel}","templated":true}]}}