




{"id":17004,"date":"2016-02-04T20:09:52","date_gmt":"2016-02-04T19:09:52","guid":{"rendered":"https:\/\/camptecnologico.com\/inicio\/?page_id=17004"},"modified":"2019-07-11T13:34:04","modified_gmt":"2019-07-11T12:34:04","slug":"inscripcion","status":"publish","type":"page","link":"https:\/\/camptecnologico.com\/inicio\/inscripcion\/","title":{"rendered":"Inscripci\u00f3n Campamento"},"content":{"rendered":"<div class=\"row\">\r\n\r\n<p><center>\r\n<!--\r\n<span style=\"font-weight:bold;\">\u00a1Atenci\u00f3n! Formulario optimizado para Windows y Android, recomendable utilizar Google Chrome.<br \/>\r\n-->\r\nCualquier incidencia, hacemos la inscripci\u00f3n por ti. Ll\u00e1manos: <a style=\"text-decoration:none;\" href=\"tel:+34686510900\">686 510 900<\/a>\r\n<\/center><\/p>\r\n\r\n<form method=\"post\" name=\"frmInscribir\" id=\"frmInscribir\">\r\n    <div id=\"secActiva\">\r\n       <div id=\"secActividad\" class=\"tituloSeccion\">Datos Actividad<\/div>\r\n       <div id=\"secDescu\" class=\"tituloSeccion\">Descuentos<\/div>\r\n       <div id=\"secPerso\" class=\"tituloSeccion\">Datos Personales<\/div>\r\n       <div id=\"secOtros\" class=\"tituloSeccion\">Otros Datos<\/div>\r\n       <div id=\"secResumen\" class=\"tituloSeccion\">Resumen<\/div>\r\n       <div id=\"modal\"><div id=\"enviando\"><div class=\"titulo\">Camp Tecnol\u00f3gico<\/div><p style=\"text-align: center;\">Procesando su solicitud<\/p><\/div><\/div>\r\n       <div style=\"clear: both;\"><\/div>\r\n    <\/div>\r\n    <div id=\"datosSem\" class=\"datosSem\">\r\n       <div id=\"gridActiv\"><\/div>\r\n       <div id=\"datoPreIns\"><\/div>\r\n       <div id=\"listaServDescu\"><\/div>\r\n       <div id=\"btnSemSig\" class=\"divBotonInscripcionCentrar\"><\/div>\r\n    <\/div>\r\n    \r\n    <div id=\"descuGen\"><\/div>\r\n    <div id=\"datosPerso\"><\/div>\r\n    <div id=\"datosOtros\"><\/div>\r\n    <div id=\"resumen\"><\/div>\r\n    <div id=\"precio\"><\/div>\r\n\r\n<div id=\"sedeSinAct\">\r\n<\/div>\r\n<div id=\"fin\">\r\n<\/div>\r\n<\/form>\r\n\r\n<!-- Facebook Pixel Code -->\r\n<script>\r\n  !function(f,b,e,v,n,t,s)\r\n  {if(f.fbq)return;n=f.fbq=function(){n.callMethod?\r\n  n.callMethod.apply(n,arguments):n.queue.push(arguments)};\r\n  if(!f._fbq)f._fbq=n;n.push=n;n.loaded=!0;n.version='2.0';\r\n  n.queue=[];t=b.createElement(e);t.async=!0;\r\n  t.src=v;s=b.getElementsByTagName(e)[0];\r\n  s.parentNode.insertBefore(t,s)}(window, document,'script',\r\n  'https:\/\/connect.facebook.net\/en_US\/fbevents.js');\r\n  fbq('init', '1151463368198676');\r\n  fbq('track', 'PageView');\r\n<\/script>\r\n<noscript><img loading=\"lazy\" decoding=\"async\" height=\"1\" width=\"1\" style=\"display:none\"\r\n  src=\"https:\/\/www.facebook.com\/tr?id=1151463368198676&#038;ev=PageView&#038;noscript=1\"\r\n\/><\/noscript>\r\n<!-- End Facebook Pixel Code -->\r\n\r\n\r\n\r\n<!--<div id=\"descuGen\" style=\"border-style: solid; border-width: 1px;\"><\/div>-->\r\n","protected":false},"excerpt":{"rendered":"Cualquier incidencia, hacemos la inscripci\u00f3n por ti. Ll\u00e1manos: 686 510 900 Datos Actividad Descuentos Datos Personales Otros Datos Resumen Camp Tecnol\u00f3gicoProcesando su solicitud","protected":false},"author":21,"featured_media":49704,"parent":0,"menu_order":0,"comment_status":"closed","ping_status":"closed","template":"","meta":{"footnotes":"","_links_to":"","_links_to_target":""},"class_list":["post-17004","page","type-page","status-publish","has-post-thumbnail","hentry"],"yoast_head":"<!-- This site is optimized with the Yoast SEO plugin v22.6 - https:\/\/yoast.com\/wordpress\/plugins\/seo\/ -->\n<title>Inscripci\u00f3n Campamentos<\/title>\n<meta name=\"description\" content=\"Cualquier incidencia, hacemos la inscripci\u00f3n por ti. Ll\u00e1manos: 686 510 900 Datos Actividad Descuentos Datos Personales Otros Datos Resumen Camp\" \/>\n<meta name=\"robots\" content=\"noindex, nofollow\" \/>\n<meta property=\"og:locale\" content=\"es_ES\" \/>\n<meta property=\"og:type\" content=\"article\" \/>\n<meta property=\"og:title\" content=\"Inscripci\u00f3n Campamentos\" \/>\n<meta property=\"og:description\" content=\"Cualquier incidencia, hacemos la inscripci\u00f3n por ti. Ll\u00e1manos: 686 510 900 Datos Actividad Descuentos Datos Personales Otros Datos Resumen Camp\" \/>\n<meta property=\"og:url\" content=\"https:\/\/camptecnologico.com\/inicio\/inscripcion\/\" \/>\n<meta property=\"og:site_name\" content=\"Camp Tecnologico\" \/>\n<meta property=\"article:publisher\" content=\"https:\/\/www.facebook.com\/camptecnologico\/\" \/>\n<meta property=\"article:modified_time\" content=\"2019-07-11T12:34:04+00:00\" \/>\n<meta property=\"og:image\" content=\"https:\/\/camptecnologico.com\/inicio\/wp-content\/uploads\/industry-4.0camptec-1.jpg\" \/>\n\t<meta property=\"og:image:width\" content=\"400\" \/>\n\t<meta property=\"og:image:height\" content=\"235\" \/>\n\t<meta property=\"og:image:type\" content=\"image\/jpeg\" \/>\n<meta name=\"twitter:card\" content=\"summary_large_image\" \/>\n<meta name=\"twitter:site\" content=\"@CampTecnologico\" \/>\n<!-- \/ Yoast SEO plugin. -->","yoast_head_json":{"title":"Inscripci\u00f3n Campamentos","description":"Cualquier incidencia, hacemos la inscripci\u00f3n por ti. Ll\u00e1manos: 686 510 900 Datos Actividad Descuentos Datos Personales Otros Datos Resumen Camp","robots":{"index":"noindex","follow":"nofollow"},"og_locale":"es_ES","og_type":"article","og_title":"Inscripci\u00f3n Campamentos","og_description":"Cualquier incidencia, hacemos la inscripci\u00f3n por ti. Ll\u00e1manos: 686 510 900 Datos Actividad Descuentos Datos Personales Otros Datos Resumen Camp","og_url":"https:\/\/camptecnologico.com\/inicio\/inscripcion\/","og_site_name":"Camp Tecnologico","article_publisher":"https:\/\/www.facebook.com\/camptecnologico\/","article_modified_time":"2019-07-11T12:34:04+00:00","og_image":[{"width":400,"height":235,"url":"https:\/\/camptecnologico.com\/inicio\/wp-content\/uploads\/industry-4.0camptec-1.jpg","type":"image\/jpeg"}],"twitter_card":"summary_large_image","twitter_site":"@CampTecnologico","schema":{"@context":"https:\/\/schema.org","@graph":[{"@type":"WebPage","@id":"https:\/\/camptecnologico.com\/inicio\/inscripcion\/","url":"https:\/\/camptecnologico.com\/inicio\/inscripcion\/","name":"Inscripci\u00f3n Campamentos","isPartOf":{"@id":"https:\/\/camptecnologico.com\/inicio\/#website"},"primaryImageOfPage":{"@id":"https:\/\/camptecnologico.com\/inicio\/inscripcion\/#primaryimage"},"image":{"@id":"https:\/\/camptecnologico.com\/inicio\/inscripcion\/#primaryimage"},"thumbnailUrl":"https:\/\/camptecnologico.com\/inicio\/wp-content\/uploads\/industry-4.0camptec-1.jpg","datePublished":"2016-02-04T19:09:52+00:00","dateModified":"2019-07-11T12:34:04+00:00","description":"Cualquier incidencia, hacemos la inscripci\u00f3n por ti. Ll\u00e1manos: 686 510 900 Datos Actividad Descuentos Datos Personales Otros Datos Resumen Camp","breadcrumb":{"@id":"https:\/\/camptecnologico.com\/inicio\/inscripcion\/#breadcrumb"},"inLanguage":"es","potentialAction":[{"@type":"ReadAction","target":["https:\/\/camptecnologico.com\/inicio\/inscripcion\/"]}]},{"@type":"ImageObject","inLanguage":"es","@id":"https:\/\/camptecnologico.com\/inicio\/inscripcion\/#primaryimage","url":"https:\/\/camptecnologico.com\/inicio\/wp-content\/uploads\/industry-4.0camptec-1.jpg","contentUrl":"https:\/\/camptecnologico.com\/inicio\/wp-content\/uploads\/industry-4.0camptec-1.jpg","width":400,"height":235},{"@type":"BreadcrumbList","@id":"https:\/\/camptecnologico.com\/inicio\/inscripcion\/#breadcrumb","itemListElement":[{"@type":"ListItem","position":1,"name":"Home","item":"https:\/\/camptecnologico.com\/"},{"@type":"ListItem","position":2,"name":"Inscripci\u00f3n Campamento"}]},{"@type":"WebSite","@id":"https:\/\/camptecnologico.com\/inicio\/#website","url":"https:\/\/camptecnologico.com\/inicio\/","name":"Camp Tecnologico","description":"Campamento tecnol\u00f3gico para ni\u00f1os y j\u00f3venes. Tecnolog\u00eda para ni\u00f1os. Minecraft.","publisher":{"@id":"https:\/\/camptecnologico.com\/inicio\/#organization"},"potentialAction":[{"@type":"SearchAction","target":{"@type":"EntryPoint","urlTemplate":"https:\/\/camptecnologico.com\/inicio\/?s={search_term_string}"},"query-input":"required name=search_term_string"}],"inLanguage":"es"},{"@type":"Organization","@id":"https:\/\/camptecnologico.com\/inicio\/#organization","name":"Camp Tecnol\u00f3gico","url":"https:\/\/camptecnologico.com\/inicio\/","logo":{"@type":"ImageObject","inLanguage":"es","@id":"https:\/\/camptecnologico.com\/inicio\/#\/schema\/logo\/image\/","url":"https:\/\/camptecnologico.com\/inicio\/wp-content\/uploads\/logo1.jpg","contentUrl":"https:\/\/camptecnologico.com\/inicio\/wp-content\/uploads\/logo1.jpg","width":120,"height":120,"caption":"Camp Tecnol\u00f3gico"},"image":{"@id":"https:\/\/camptecnologico.com\/inicio\/#\/schema\/logo\/image\/"},"sameAs":["https:\/\/www.facebook.com\/camptecnologico\/","https:\/\/x.com\/CampTecnologico","https:\/\/www.instagram.com\/camptecnologico\/","https:\/\/www.linkedin.com\/company\/camptecnol-gico","https:\/\/www.youtube.com\/user\/CampTecologico"]}]}},"_links":{"self":[{"href":"https:\/\/camptecnologico.com\/inicio\/wp-json\/wp\/v2\/pages\/17004","targetHints":{"allow":["GET"]}}],"collection":[{"href":"https:\/\/camptecnologico.com\/inicio\/wp-json\/wp\/v2\/pages"}],"about":[{"href":"https:\/\/camptecnologico.com\/inicio\/wp-json\/wp\/v2\/types\/page"}],"author":[{"embeddable":true,"href":"https:\/\/camptecnologico.com\/inicio\/wp-json\/wp\/v2\/users\/21"}],"replies":[{"embeddable":true,"href":"https:\/\/camptecnologico.com\/inicio\/wp-json\/wp\/v2\/comments?post=17004"}],"version-history":[{"count":16,"href":"https:\/\/camptecnologico.com\/inicio\/wp-json\/wp\/v2\/pages\/17004\/revisions"}],"predecessor-version":[{"id":41424,"href":"https:\/\/camptecnologico.com\/inicio\/wp-json\/wp\/v2\/pages\/17004\/revisions\/41424"}],"wp:featuredmedia":[{"embeddable":true,"href":"https:\/\/camptecnologico.com\/inicio\/wp-json\/wp\/v2\/media\/49704"}],"wp:attachment":[{"href":"https:\/\/camptecnologico.com\/inicio\/wp-json\/wp\/v2\/media?parent=17004"}],"curies":[{"name":"wp","href":"https:\/\/api.w.org\/{rel}","templated":true}]}}